{"id":9623,"date":"2024-02-11T01:34:38","date_gmt":"2024-02-11T01:34:38","guid":{"rendered":"https:\/\/canaryvip.com\/?post_type=product&#038;p=9623"},"modified":"2025-08-09T12:57:36","modified_gmt":"2025-08-09T11:57:36","slug":"tenerife-island-guided-bus-tour","status":"publish","type":"product","link":"https:\/\/canaryvip.com\/ro\/shop\/tenerife-island-guided-bus-tour\/","title":{"rendered":"Turul insulei Tenerife: Excursie ghidat\u0103 cu autobuzul"},"content":{"rendered":"<h2>\ud83d\ude8c <strong>Excursie cu autobuzul pe insula Tenerife<\/strong><\/h2>\n<p>Descoperi\u021bi inima insulei Tenerife cu <strong>CanaryVIP<\/strong> \u00eentr-o excursie de o zi \u00eentreag\u0103 cu autobuz ghidat care acoper\u0103 \u00eentreaga insul\u0103. De la impresionantul <a href=\"https:\/\/www.google.com\/maps\/place\/Acantilados+de+Los+Gigantes,+Santa+Cruz+de+Tenerife\/@28.244027,-16.8456497,15z\/data=!3m1!4b1!4m6!3m5!1s0xc6a8c153fdc6811:0xa0340f674cf6610!8m2!3d28.2408828!4d-16.8377834!16s%2Fm%2F026dqlb?entry=ttu\" target=\"_blank\" rel=\"noopener\">St\u00e2ncile Los Gigantes<\/a> pe str\u0103zile istorice din <a href=\"https:\/\/www.google.com\/maps\/place\/La+Orotava,+Santa+Cruz+de+Tenerife\/@28.3929248,-16.5287568,15z\/data=!3m1!4b1!4m6!3m5!1s0xc402aae32ddf575:0x27206a076b427988!8m2!3d28.3892926!4d-16.525264!16zL20vMDdrcmx5?entry=ttu\" target=\"_blank\" rel=\"noopener\">La Orotava<\/a>, aceast\u0103 c\u0103l\u0103torie promite o bogat\u0103 tapiserie a diverselor peisaje \u0219i comori culturale din Tenerife.<\/p>\n<h3><strong>Puncte de atrac\u021bie ale turului: O explorare a \u00eentregii insule<\/strong><\/h3>\n<ul>\n<li>\ud83c\udf04 <strong>St\u00e2ncile Los Gigantes<\/strong>: \u00cencepe\u021bi aventura cu o vizit\u0103 la uluitoarele st\u00e2nci Los Gigantes, unde m\u0103re\u021bia naturii este expus\u0103 \u00een \u00eentregime.<\/li>\n<li>\ud83d\udc40 <strong>Mirador de Garachico<\/strong>: Continua\u021bi p\u00e2n\u0103 la Mirador de Garachico, care ofer\u0103 priveli\u0219ti uimitoare care \u00eencapsuleaz\u0103 frumuse\u021bea coastei de nord a insulei Tenerife.<\/li>\n<li>\ud83c\udf33 <strong>Icod de los Vinos<\/strong>: Explora\u021bi Icod de los Vinos \u0219i r\u0103m\u00e2ne\u021bi \u00eenm\u0103rmuri\u021bi de Arborele Dragonului Milenar, un monument natural \u00eenc\u0103rcat de istorie.<\/li>\n<li>\ud83c\udfd8\ufe0f <strong>La Orotava<\/strong>: P\u0103trunde\u021bi \u00een farmecul ora\u0219ului La Orotava, vizit\u00e2nd faimoasa Casa de los Balcones, un simbol al arhitecturii \u0219i tradi\u021biei canare.<\/li>\n<li>\ud83d\udecd\ufe0f <strong>Puerto de la Cruz<\/strong>: Timp liber \u00een Puerto de la Cruz pentru cump\u0103r\u0103turi, vizitare a obiectivelor turistice \u0219i pr\u00e2nz (m\u00e2ncarea nu este inclus\u0103 \u00een excursie).<\/li>\n<li>\ud83d\ude4f <strong>Candelaria<\/strong>: Face\u021bi o ultim\u0103 oprire \u00een Candelaria pentru a aduce un omagiu Sf\u00e2ntului Patron al Insulelor Canare, \u00eencheind astfel o zi de explorare \u0219i descoperire.<\/li>\n<\/ul>\n<h3><strong>C\u0103l\u0103toria ta cu CanaryVIP include:<\/strong><\/h3>\n<ul>\n<li>\ud83d\ude8c A <strong>c\u0103l\u0103torie confortabil\u0103 \u0219i pitoreasc\u0103 cu autobuzul<\/strong> \u00een Tenerife, asigur\u00e2nd o c\u0103l\u0103torie la fel de pl\u0103cut\u0103 ca \u0219i destina\u021biile \u00een sine.<\/li>\n<li>\ud83c\udfe8 <strong>Serviciu convenabil de preluare \u0219i predare<\/strong> la hotelul dumneavoastr\u0103, pentru o experien\u021b\u0103 de c\u0103l\u0103torie f\u0103r\u0103 stres de la \u00eenceput p\u00e2n\u0103 la sf\u00e2r\u0219it.<\/li>\n<li>\ud83d\udde3\ufe0f <strong>\u00cendrumare interesant\u0103 din partea unor ghizi turistici multilingvi<\/strong>, \u00eembog\u0103\u021bindu-v\u0103 experien\u021ba cu informa\u021bii fascinante despre fiecare loca\u021bie.<\/li>\n<li>\ud83d\udd52 An <strong>tur de aproximativ 8 ore<\/strong>, concepute pentru a v\u0103 maximiza explorarea peisajelor uimitoare \u0219i a patrimoniului cultural din Tenerife.<\/li>\n<li>\ud83d\udcf8 Nenum\u0103rate <strong>oportunit\u0103\u021bi foto<\/strong> pe terenuri variate, asigur\u00e2nd amintiri care vor dura o via\u021b\u0103 \u00eentreag\u0103.<\/li>\n<li>\ud83d\udcb0 Promisiunea CanaryVIP a <strong>cel mai bun pre\u021b<\/strong>, completat\u0103 de o politic\u0103 de anulare flexibil\u0103 pentru confortul dumneavoastr\u0103.<\/li>\n<\/ul>\n<h3><strong>Detaliile esen\u021biale ale turului:<\/strong><\/h3>\n<ul>\n<li>\ud83c\udf9f\ufe0f P\u0103stra\u021bi biletul CanaryVIP \u00een format digital sau tip\u0103rit pentru o experien\u021b\u0103 de vizitare f\u0103r\u0103 \u00eentreruperi.<\/li>\n<li>\ud83e\udde5 \u00cembr\u0103ca\u021bi-v\u0103 confortabil \u0219i g\u00e2ndi\u021bi-v\u0103 la straturi, deoarece ve\u021bi \u00eent\u00e2lni o gam\u0103 variat\u0103 de clim\u0103 pe toat\u0103 insula.<\/li>\n<li>\ud83c\udf7d\ufe0f Lua\u021bi o pauz\u0103 de pr\u00e2nz \u00een Puerto de la Cruz, cu o varietate de op\u021biuni de luat masa din care pute\u021bi alege. (Pr\u00e2nzul nu este inclus \u00een pre\u021b)<\/li>\n<li>\ud83d\udccc Orele \u0219i loca\u021biile de preluare vor fi confirmate dup\u0103 efectuarea rezerv\u0103rii. Asigura\u021bi-v\u0103 c\u0103 detaliile de cazare sunt corecte pentru aranjamente de c\u0103l\u0103torie f\u0103r\u0103 probleme.<\/li>\n<\/ul>\n<h3><strong>Politica de anulare:<\/strong><\/h3>\n<ul>\n<li>\ud83d\udd04 <strong>Anulare adaptabil\u0103 pentru persoane fizice:<\/strong> Politica noastr\u0103 \u021bine cont de imprevizibilitatea vie\u021bii, permi\u021b\u00e2nd anul\u0103ri cu p\u00e2n\u0103 la 24 de ore \u00eenainte de turul programat pentru o rambursare complet\u0103. Aceast\u0103 flexibilitate v\u0103 asigur\u0103 c\u0103 v\u0103 pute\u021bi modifica itinerariul \u00een func\u021bie de necesit\u0103\u021bi, f\u0103r\u0103 nicio problem\u0103.<\/li>\n<li>\ud83d\udd52 <strong>Op\u021biuni de anulare pentru grupuri:<\/strong> Pentru cei care c\u0103l\u0103toresc \u00een grup, oferim condi\u021bii de anulare adaptate. Grupurile mici de 5-7 persoane pot anula f\u0103r\u0103 taxe cu p\u00e2n\u0103 la 48 de ore \u00eenainte de \u00eenceperea turului. Grupurile mijlocii de 8-14 au o fereastr\u0103 de anulare cu p\u00e2n\u0103 la 4 zile \u00eenainte de tur pentru o rambursare integral\u0103, \u00een timp ce grupurile mai mari de 15 sau mai multe persoane sunt rugate s\u0103 anuleze cu cel pu\u021bin 6 zile \u00eenainte pentru a evita orice taxe de anulare. Aceste orient\u0103ri sunt stabilite pentru a facilita planificarea mai u\u0219oar\u0103 pentru grupuri de toate dimensiunile.<\/li>\n<li>\ud83d\udca1 <strong>Procedura de anulare f\u0103r\u0103 efort:<\/strong> Anularea turului, fie c\u0103 este vorba de un tur solo sau de un grup, este foarte simpl\u0103. Pur \u0219i simplu contacta\u021bi-ne prin intermediul site-ului nostru, prin e-mail sau prin telefon. Asigur\u0103m un proces rapid de rambursare, ceea ce face ca experien\u021ba de anulare s\u0103 fie u\u0219oar\u0103 \u0219i f\u0103r\u0103 griji.<\/li>\n<li>\ud83d\udd0d <strong>Verificarea rezerv\u0103rilor:<\/strong> Este \u00een\u021belept s\u0103 verifica\u021bi de dou\u0103 ori detaliile rezerv\u0103rii cu mult \u00eenainte de data turneului. Acest lucru permite efectuarea oric\u0103ror ajust\u0103ri sau anul\u0103ri necesare \u00een perioadele specificate, ajut\u00e2nd astfel la evitarea oric\u0103ror taxe poten\u021biale.<\/li>\n<\/ul>\n<h4><strong>Asisten\u021b\u0103 \u0219i responsabilitate \u00een turneu:<\/strong><\/h4>\n<ul>\n<li>\u2714\ufe0f CanaryVIP este dedicat\u0103 asigur\u0103rii unei experien\u021be turistice memorabile \u0219i f\u0103r\u0103 cusur, de la rezervare p\u00e2n\u0103 la explorare.<\/li>\n<li>\ud83d\udde3\ufe0f <strong>Comunicarea direct\u0103:<\/strong> Ghizii no\u0219tri sunt la dispozi\u021bia dumneavoastr\u0103 pentru a v\u0103 ajuta cu orice \u00eentreb\u0103ri sau nevoi \u00een timpul turului.<\/li>\n<li>\ud83d\udcb0 <strong>Politica de rambursare transparent\u0103:<\/strong> Ne-am angajat s\u0103 avem o abordare centrat\u0103 pe client \u0219i s\u0103 rezolv\u0103m orice problem\u0103 rapid \u0219i corect.<\/li>\n<\/ul>\n<h4><strong>\ud83d\ude8c\ud83c\udf04\ud83c\udf04\ud83c\udfdb\ufe0f Rezerva\u021bi-v\u0103 acum aventura pe \u00eentreaga insul\u0103!<\/strong><\/h4>\n<p>Profita\u021bi de aceast\u0103 ocazie unic\u0103 de a explora frumuse\u021bea imens\u0103 \u0219i cultura bogat\u0103 a insulei Tenerife cu CanaryVIP. Rezerv\u0103-\u021bi locul pe insula Tenerife <a href=\"https:\/\/canaryvip.com\/ro\/tenerife\/guided-tours\/bus-tours\/\">Tur ghidat cu autobuzul<\/a> ast\u0103zi \u0219i porni\u021bi \u00eentr-o c\u0103l\u0103torie de neuitat prin cele mai emblematice obiective turistice \u0219i bijuterii ascunse ale insulei.<\/p>\n<p>Aventura ta te a\u0219teapt\u0103!<\/p>","protected":false},"excerpt":{"rendered":"<p><strong>\ud83d\udd0d Turul insulei Tenerife:<\/strong><br \/>\n\u2705 Plat\u0103 sigur\u0103.<br \/>\n\u26f0\ufe0f Vizita\u021bi st\u00e2nca Los Gigantes.<br \/>\n\ud83d\udc09 Explora\u021bi Arborele Dragonului de la Icod.<br \/>\n\ud83d\udca6 Descoper\u0103 Garachico.<br \/>\n\ud83d\udee4\ufe0f Vizita\u021bi La Orotava.<br \/>\n\ud83d\udecd\ufe0f Bucura\u021bi-v\u0103 de Puerto de la Cruz.<br \/>\n\u26ea\ufe0f Vizita\u021bi Candelaria.<br \/>\n\ud83d\udcc5 Mar\u021bi \u0219i s\u00e2mb\u0103t\u0103.<br \/>\n\u23f0 Durata \u00cen jur de 8h.<br \/>\n\ud83d\ude8c Pickup \u0219i drop-off la hotel.<br \/>\n\ud83d\udd04 Anulare gratuit\u0103 \u00een 24 de ore.<br \/>\n\ud83e\udd11 Cel mai bun pre\u021b garantat.<br \/>\n\ud83c\udf81 Reduceri de grup disponibile.<br \/>\n\ud83c\udf0d Ghid \u00een limba dvs.<br \/>\n\ud83c\udf1f Rezerva\u021bi acum \u0219i economisi\u021bi!<\/p>","protected":false},"featured_media":9624,"comment_status":"open","ping_status":"closed","template":"","meta":{"_acf_changed":false},"product_brand":[],"product_cat":[68,52],"product_tag":[],"class_list":{"0":"post-9623","1":"product","2":"type-product","3":"status-publish","4":"has-post-thumbnail","6":"product_cat-guided-tours","7":"product_cat-bus-tours","8":"wcpa_has_options","10":"first","11":"instock","12":"virtual","13":"purchasable","14":"product-type-simple"},"acf":[],"wcpa_form_fields":{"wcpaData":{"product":{"product_price":48,"price_html":"From&nbsp;<span class=\"woocommerce-Price-amount amount\"><bdi>48,00&nbsp;<span class=\"woocommerce-Price-currencySymbol\">&euro;<\/span><\/bdi><\/span>","original_product_price":48,"price_including_tax":48,"price_excluding_tax":48,"product_id":{"parent":9623,"variation":false},"is_variable":false,"stock_status":"instock","stock_quantity":null,"parent_sku":"CV9623","product_attributes":[],"custom_fields":[],"is_taxable":false,"product_name":"Tenerife Island Tour: Guided Bus Trip","hasImage":false},"fields":{"sec_265e50550df885":{"extra":{"key":"sec_265e50550df885","section_id":"sec_265e50550df885","name":"South Tenerife","status":1,"cl_rule":"show","enableCl":false,"relations":[{"operator":false,"rules":[{"operator":"AND","rules":{"cl_field":"radio-group_665df45fcbc30b","cl_relation":"is","cl_val":"Siam Park Regular Tickets"}}]}],"toggle":true,"title_tag":"h4","show_title":false,"showPrice":"default","form_id":10216,"form_rules":{"exclude_from_discount":true,"fee_label":"Fee","disp_hide_options_price":true,"disp_show_section_price":false,"disp_show_field_price":true,"layout_option":"standard","pric_use_as_fee":false,"process_fee_as":"woo_fee"},"layout_option":"standard"},"fields":[[{"label":"\ud83d\udcc5 Date","active":true,"required":true,"elementId":"date_365e50550df8bb","picker_type":"custom","picker_mode":"single","placeholder":"","description":"","tooltip":"","name":"date_365e50550df8bb","label_position":"default","desc_position":"default","enablePrice":false,"className":"","enableCl":false,"relations":[{"operator":"and","rules":[{"operator":"AND","rules":{"cl_field":"radio-group_665df45fcbc30b","cl_relation":"is","cl_val":"3 Hour Trip"}}]}],"date_pic_inline":true,"date_pic_inline_hide":true,"min_date":{"type":"days","val":"1"},"max_date":{"type":"days","val":"365"},"date_pic_conf":{"disabledWeeks":[0,1,3,4,5,6]},"price":"","cl_rule":"show","col":6,"type":"date","error":false,"enableDesign":false,"LabelColor":"","gt_translate_keys":["label","placeholder","description","tooltip"],"price_dependency":false,"cl_dependency":false,"value":""}],[{"elementId":"separator_665e50550df8cb","separatorType":"blank","className":"","height":"10","enableCl":false,"relations":false,"cl_rule":"show","col":6,"type":"separator","gt_translate_keys":[],"price_dependency":false,"cl_dependency":false,"value":""}],[{"active":true,"col":6,"relations":false,"cl_rule":"show","enableCl":false,"price":"","enablePrice":false,"className":"","label_position":"default","desc_position":"default","type":"content","required":false,"elementId":"content_565e50550df8e4","label":"People","name":"content_565e50550df8e4","contentType":"plain","value":"","error":false,"show_in_checkout":true,"inline":false,"gt_translate_keys":["label","value"],"price_dependency":false,"cl_dependency":false}],[{"active":true,"col":6,"relations":[{"operator":false,"rules":[{"operator":"AND","rules":{"cl_field":"","cl_relation":"","cl_val":""}}]}],"cl_rule":"show","enableCl":false,"price":"50","enablePrice":true,"className":"","label_position":"default","desc_position":"default","type":"radio-group","required":false,"elementId":"radio-group_665e50550df8f0","label":"","name":"radio-group_665e50550df8f0","values":[{"label":"\ud83d\udc64 Adult (50\u20ac)","value":"Adult","selected":true,"tempId":"aco_32","tooltip":"+12 Years","description":"","gt_translate_keys":["label","tooltip","description"]}],"layOut":"","error":false,"checkUi":"button","priceOptions":"fixed_for_all","pricingType":"fixed","enable_quantity":true,"quantity_label":"","min_quantity":"0","options_tooltip":true,"options_description":true,"isWeightTemplate":false,"isTemplate":false,"quantity_decimal":false,"quantity_step":"1","repeater_field_label":"{field_label}","repeater_bind":"","gt_translate_keys":["label","repeater_field_label","quantity_label"],"price_dependency":false,"cl_dependency":false,"value":""}],[{"label":"","active":true,"required":false,"elementId":"radio-group_665e50550df8fb","name":"radio-group_665e50550df8fb","label_position":"default","desc_position":"default","enablePrice":true,"className":"","enableCl":false,"relations":false,"enable_quantity":true,"quantity_label":"","min_quantity":"0","checkUi":"button","layOut":"","values":[{"label":"\ud83d\udc66 Child (31\u20ac)","value":"Child","selected":true,"tempId":"aco_32","tooltip":"2-11 Years","description":"","gt_translate_keys":["label","tooltip","description"]}],"priceOptions":"fixed_for_all","pricingType":"fixed","price":"31","cl_rule":"show","col":6,"type":"radio-group","error":false,"options_tooltip":true,"options_description":true,"gt_translate_keys":["label","quantity_label"],"price_dependency":false,"cl_dependency":false,"value":""}],[{"active":true,"col":6,"relations":false,"cl_rule":"show","enableCl":false,"price":"","enablePrice":false,"className":"","label_position":"default","desc_position":"default","type":"select","required":false,"elementId":"select_265e50550df905","label":"\ud83c\udf0e Language","name":"select_265e50550df905","values":[{"label":"English","value":"English","selected":false,"tempId":"aco_310","gt_translate_keys":["label"]},{"label":"Spanish","value":"Spanish","selected":false,"tempId":"aco_311","gt_translate_keys":["label"]},{"label":"French","value":"French","selected":false,"tempId":"aco_312","gt_translate_keys":["label"]}],"dropdown_type":"basic","error":false,"gt_translate_keys":["label"],"price_dependency":false,"cl_dependency":false,"value":""}],[{"active":true,"col":6,"relations":false,"cl_rule":"show","enableCl":false,"price":"","enablePrice":false,"className":"","label_position":"default","desc_position":"default","type":"separator","required":false,"elementId":"separator_665e50550df90f","label":"Separator Field","height":"7","separatorType":"blank","error":false,"gt_translate_keys":["label"],"price_dependency":false,"cl_dependency":false,"value":""}],[{"active":true,"col":6,"relations":false,"cl_rule":"show","enableCl":false,"price":"","enablePrice":false,"className":"","label_position":"default","desc_position":"default","type":"text","subtype":"text","required":false,"elementId":"text_565e50550df918","label":"\ud83d\ude8c Pickup Location","name":"text_565e50550df918","value":"","description":"Pick-up service in South Tenerife. Simply provide your address or hotel name.","error":false,"gt_translate_keys":["label","description","value"],"price_dependency":false,"cl_dependency":false}]]}},"config":{"price_override":"always","enable_recaptcha":false,"bind_quantity":false,"quantity_bind_formula":false,"disp_summ_show_option_price":true,"disp_summ_show_product_price":false,"disp_summ_show_total_price":true,"disp_summ_show_fee":true,"disp_summ_show_discount":true,"summary_title":"","options_total_label":"Options Price","total_label":"Total Amount","options_product_label":"Product Price","fee_label":"Fee","discount_label":"Discount","has_price":true,"has_quantity_formula":false},"mc_unit":1,"tax_rate":1,"tax_rate_real":1,"discount":{"percentage":0,"fixed":0},"design":{"conf":{"LabelPosition":"above","DescPosition":"above","UploadField":"custom_1","QuantityFieldStyle":"custom_1"},"css":{"LeftLabelWidth":"120px"}},"formulas":[],"lookuptables":[],"clones":false,"cartKey":false}},"_links":{"self":[{"href":"https:\/\/canaryvip.com\/ro\/wp-json\/wp\/v2\/product\/9623","targetHints":{"allow":["GET"]}}],"collection":[{"href":"https:\/\/canaryvip.com\/ro\/wp-json\/wp\/v2\/product"}],"about":[{"href":"https:\/\/canaryvip.com\/ro\/wp-json\/wp\/v2\/types\/product"}],"replies":[{"embeddable":true,"href":"https:\/\/canaryvip.com\/ro\/wp-json\/wp\/v2\/comments?post=9623"}],"wp:featuredmedia":[{"embeddable":true,"href":"https:\/\/canaryvip.com\/ro\/wp-json\/wp\/v2\/media\/9624"}],"wp:attachment":[{"href":"https:\/\/canaryvip.com\/ro\/wp-json\/wp\/v2\/media?parent=9623"}],"wp:term":[{"taxonomy":"product_brand","embeddable":true,"href":"https:\/\/canaryvip.com\/ro\/wp-json\/wp\/v2\/product_brand?post=9623"},{"taxonomy":"product_cat","embeddable":true,"href":"https:\/\/canaryvip.com\/ro\/wp-json\/wp\/v2\/product_cat?post=9623"},{"taxonomy":"product_tag","embeddable":true,"href":"https:\/\/canaryvip.com\/ro\/wp-json\/wp\/v2\/product_tag?post=9623"}],"curies":[{"name":"wp","href":"https:\/\/api.w.org\/{rel}","templated":true}]}}