{"id":9493,"date":"2024-02-05T22:56:26","date_gmt":"2024-02-05T22:56:26","guid":{"rendered":"https:\/\/canaryvip.com\/?post_type=product&#038;p=9493"},"modified":"2025-08-09T12:59:18","modified_gmt":"2025-08-09T11:59:18","slug":"jungle-park-tickets","status":"publish","type":"product","link":"https:\/\/canaryvip.com\/ro\/shop\/jungle-park-tickets\/","title":{"rendered":"Cumpara bilete Jungle Park"},"content":{"rendered":"<h2>\ud83e\udd85 <strong>Jungle Park Tenerife: O aventur\u0103 de safari \u0219i un paradis al vie\u021bii s\u0103lbatice<\/strong><\/h2>\n<p><strong>\u23f0 Exploreaz\u0103 \u00een fiecare zi:<\/strong> Aventura v\u0103 a\u0219teapt\u0103 \u00eentre orele 10:00 \u0219i 17:30, oferind o zi \u00eentreag\u0103 de explorare \u0219i descoperire.<\/p>\n<p>\ud83d\udccd <strong>Safari-ul v\u0103 a\u0219teapt\u0103:<\/strong> Descoperi\u021bi partea s\u0103lbatic\u0103 a insulei Tenerife \u00een Chayofa's Jungle Park, o experien\u021b\u0103 captivant\u0103 care \u00eembin\u0103 o gr\u0103din\u0103 zoologic\u0103 \u0219i o gr\u0103din\u0103 botanic\u0103 \u00eentr-un vast peisaj de jungl\u0103. Planifica\u021bi-v\u0103 vizita prin <a href=\"https:\/\/maps.app.goo.gl\/K7g47iUPFiKyfYdU9\" target=\"_blank\" rel=\"noopener\">g\u0103sirea parcului pe Google Maps<\/a>.<\/p>\n<p>\ud83c\udf92 <strong>Esen\u021bial pentru aventur\u0103:<\/strong> Preg\u0103ti\u021bi-v\u0103 pentru o zi \u00een jungl\u0103 cu crem\u0103 de protec\u021bie solar\u0103, pantofi confortabili \u0219i nu uita\u021bi aparatul foto pentru numeroasele oportunit\u0103\u021bi de a face fotografii printre animalele exotice \u0219i peisajele luxuriante.<\/p>\n<p>\ud83d\udca7 <strong>Re\u00eemprosp\u0103ta\u021bi-v\u0103 \u0219i realimenta\u021bi-v\u0103:<\/strong> \u00cen interiorul parcului, ve\u021bi g\u0103si diverse op\u021biuni pentru a v\u0103 hidrata \u0219i pentru a v\u0103 bucura de o mas\u0103, asigur\u00e2nd o zi confortabil\u0103 \u0219i pl\u0103cut\u0103 pentru toat\u0103 lumea.<\/p>\n<p>\ud83c\udfab <strong>Acces rapid:<\/strong> Evita\u021bi a\u0219teptarea cu bilete CanaryVIP preachizi\u021bionate, oferind o intrare mai rapid\u0103 pentru cei care vin preg\u0103ti\u021bi, \u00een compara\u021bie cu vizitatorii care cump\u0103r\u0103 bilete la sosire.<\/p>\n<p>\ud83d\ude8c <strong>Naveta spre jungl\u0103:<\/strong> Beneficia\u021bi de un serviciu de transfer gratuit care face tururi din sudul insulei Tenerife, asigur\u00e2nd o rut\u0103 direct\u0103 \u0219i convenabil\u0103 c\u0103tre Jungle Park.<\/p>\n<p>\ud83c\udf1f <strong>Exclusivit\u0103\u021bi CanaryVIP:<\/strong> Rezervarea cu CanaryVIP nu numai c\u0103 v\u0103 asigur\u0103 intrarea, dar v\u0103 ofer\u0103 \u0219i acces la reduceri speciale, intrare prioritar\u0103 \u0219i multe altele, \u00eembun\u0103t\u0103\u021bind astfel vizita la Jungle Park.<\/p>\n<ul>\n<li><strong>Economii imediate:<\/strong> Debloca\u021bi reducerile exclusive imediat dup\u0103 ce face\u021bi rezervarea cu noi.<\/li>\n<li><strong>Mai mult pentru mai pu\u021bin:<\/strong> Consulta\u021bi ofertele noastre de bilete combinate pentru economii \u0219i mai mari \u0219i distrac\u021bie dubl\u0103.<\/li>\n<li><strong>Planificare f\u0103r\u0103 griji:<\/strong> Bucura\u021bi-v\u0103 de lini\u0219te sufleteasc\u0103 prin op\u021biunea de a anula cu p\u00e2n\u0103 la 72 de ore \u00eenainte de vizita programat\u0103.<\/li>\n<\/ul>\n<p>\ud83d\udc3e <strong>Face\u021bi cuno\u0219tin\u021b\u0103 cu vedetele noastre animale:<\/strong> Jungle Park g\u0103zduie\u0219te o gam\u0103 variat\u0103 de animale s\u0103lbatice, de la jocurile juc\u0103u\u0219e ale urangutanilor, gibonilor \u0219i capucinilor din ad\u0103postul nostru de primate p\u00e2n\u0103 la leoparzii \u0219i jaguarii maiestuo\u0219i din sanctuarul nostru de feline mari. Nu rata\u021bi pinguinii, leii de mare, suricatele, ratonii \u0219i colec\u021bia noastr\u0103 impresionant\u0103 de reptile, cu \u0219erpi, broa\u0219te \u021bestoase, crocodili \u0219i caimani.<\/p>\n<p>\ud83e\udd9c <strong>Cele mai importante momente ale spectacolului:<\/strong> Spectacolul nostru zilnic cu lei de mare de la ora 13:30 este un strop de distrac\u021bie, \u00een timp ce spectacolul cu p\u0103s\u0103ri de prad\u0103 de la ora 12:30 prezint\u0103 agilitatea incredibil\u0103 a prietenilor no\u0219tri cu pene, inclusiv magnificul vultur ple\u0219uv. Aceste spectacole nu sunt doar distractive, ci \u0219i educative, oferind informa\u021bii despre via\u021ba acestor creaturi uimitoare.<\/p>\n<p>\ud83d\udc68\u200d\ud83d\udc69\u200d\ud83d\udc67\u200d\ud83d\udc66 <strong>O aventur\u0103 \u00een familie:<\/strong> Jungle Park ofer\u0103 safari palpitante, plimb\u0103ri lini\u0219tite \u00een natur\u0103 \u0219i \u00eent\u00e2lniri interactive cu animale, perfecte pentru vizitatori de toate v\u00e2rstele. Angaja\u021bi-v\u0103 \u00een excursii speciale \u00een interiorul parcului sau, pentru un plus de emo\u021bie, \u00eencerca\u021bi cursa noastr\u0103 de bob care \u0219erpuie\u0219te prin jungl\u0103.<\/p>\n<h3>\ud83d\ude8c Serviciu gratuit de preluare<\/h3>\n<p><strong>Conexiune f\u0103r\u0103 sudur\u0103 a navetei:<\/strong> Folosi\u021bi serviciul nostru gratuit de transfer pentru o c\u0103l\u0103torie f\u0103r\u0103 stres de la South Tenerife la Jungle Park. Asigura\u021bi-v\u0103 c\u0103 aventura dvs. \u00eencepe \u0219i se \u00eencheie f\u0103r\u0103 probleme.<\/p>\n<p><strong>Programul de transfer \u0219i retur:<\/strong> Bucura\u021bi-v\u0103 de prelu\u0103ri convenabile din Costa Adeje, Playa de Las Am\u00e9ricas \u0219i Los Cristianos, facilit\u00e2ndu-v\u0103 vizita la Jungle Park cu u\u0219urin\u021b\u0103. Serviciul nostru gratuit de autobuz zilnic v\u0103 conecteaz\u0103 f\u0103r\u0103 efort:<\/p>\n<ul>\n<li><a href=\"https:\/\/canaryvip.com\/ro\/shop\/aqualand-tickets\/\">Aqualand<\/a> Costa Adeje: 9:30 | 10:45<\/li>\n<li>H. Labranda Suites Costa Adeje: 9:35 | 10:50<\/li>\n<li>Centrul comercial The Duke Shops: 9:35 | 10:55<\/li>\n<li>Hotel Sunwing Fa\u00f1ab\u00e9: 9:40 | 11:00<\/li>\n<li>Hotel Allsun Hibiscos: 9:45 | 11:05<\/li>\n<li>Calle Llanos De Troya: 9:50 | 11:35<\/li>\n<li>Barul Leonardo's: 9:55 | 11:40<\/li>\n<li>Hotel Best Tenerife: 10:00 | 11:45<\/li>\n<li>Centrul comercial Pasarela Shopping Center \"La Pepa\": 10:10 | 11:50<\/li>\n<li>Hotel Sol Arona Tenerife: 10:15 | 11:55<\/li>\n<\/ul>\n<p><strong>Timpii de \u00eentoarcere<\/strong>: 16:30 | 17:30.<\/p>\n<p>V\u0103 rug\u0103m s\u0103 re\u021bine\u021bi c\u0103 locurile \u00een autobuz sunt limitate \u0219i sunt disponibile pe baza principiului \"primul venit, primul servit\", f\u0103r\u0103 rezervare prealabil\u0103.<\/p>\n<h3>\ud83d\udd25 <strong>Rezerva\u021bi acum pentru oferte exclusive Jungle Park<\/strong><\/h3>\n<p>Cufunda\u021bi-v\u0103 \u00een frumuse\u021bea s\u0103lbatic\u0103 a Parcului Junglei din Tenerife cu CanaryVIP. Asigur\u0103 cele mai bune oferte, bucur\u0103-te de acces f\u0103r\u0103 probleme \u0219i f\u0103-\u021bi amintiri de neuitat \u00een decorul luxuriant din Chayofa.<\/p>\n<p>Plonja\u021bi \u00eentr-o lume \u00een care via\u021ba s\u0103lbatic\u0103 \u0219i aventura se \u00eent\u00e2lnesc \u00een Parcul Jungle din Tenerife, unde fiecare drum duce la descoperire \u0219i fiecare \u00eent\u00e2lnire este o poveste care a\u0219teapt\u0103 s\u0103 fie spus\u0103. Rezerv\u0103-\u021bi ast\u0103zi c\u0103l\u0103toria \u0219i dezl\u0103n\u021buie exploratorul din tine!<\/p>","protected":false},"excerpt":{"rendered":"<p><strong>\ud83d\udd0d Jungle Park Highligts:<\/strong><br \/>\n\u2705 Plat\u0103 sigur\u0103.<br \/>\n\ud83d\ude80 Intrare rapid\u0103 pentru de\u021bin\u0103torii de permise.<br \/>\n\ud83e\udd85 Intrarea la toate spectacolele.<br \/>\n\ud83d\udd59 Deschis de la 10:00 la 17:30.<br \/>\n\ud83e\udd11 Cel mai bun pre\u021b garantat.<br \/>\n\ud83d\ude8d Autobuz de transfer gratuit.<br \/>\n\ud83d\udc6a Reduceri pentru rezerv\u0103ri de grup.<br \/>\n\ud83d\udd01 P\u00e2n\u0103 la 72h Anulare.<br \/>\n\ud83c\udf0d Suport \u00een mai multe limbi.<br \/>\n\ud83c\udf1f Rezerva\u021bi acum \u0219i economisi\u021bi!<br \/>\n\ud83d\udccd G\u0103si\u021bi <a href=\"https:\/\/maps.app.goo.gl\/K7g47iUPFiKyfYdU9\">Jungle Park pe h\u0103r\u021bi<\/a>.<\/p>","protected":false},"featured_media":9501,"comment_status":"open","ping_status":"closed","template":"","meta":{"_acf_changed":false},"product_brand":[],"product_cat":[54],"product_tag":[],"class_list":{"0":"post-9493","1":"product","2":"type-product","3":"status-publish","4":"has-post-thumbnail","6":"product_cat-theme-parks","7":"wcpa_has_options","9":"first","10":"instock","11":"virtual","12":"purchasable","13":"product-type-simple"},"acf":[],"wcpa_form_fields":{"wcpaData":{"product":{"product_price":35,"price_html":"From&nbsp;<span class=\"woocommerce-Price-amount amount\"><bdi>35,00&nbsp;<span class=\"woocommerce-Price-currencySymbol\">&euro;<\/span><\/bdi><\/span>","original_product_price":35,"price_including_tax":35,"price_excluding_tax":35,"product_id":{"parent":9493,"variation":false},"is_variable":false,"stock_status":"instock","stock_quantity":null,"parent_sku":"CV9493","product_attributes":[],"custom_fields":[],"is_taxable":false,"product_name":"Buy Jungle Park Tickets","hasImage":false},"fields":{"sec_065df48f68f816":{"extra":{"key":"sec_065df48f68f816","section_id":"sec_065df48f68f816","name":"Jungle Park Tickets","status":1,"cl_rule":"show","enableCl":false,"relations":[{"operator":false,"rules":[{"operator":"AND","rules":{"cl_field":"radio-group_665df45fcbc30b","cl_relation":"is","cl_val":"Siam Park Regular Tickets"}}]}],"toggle":true,"title_tag":"h4","show_title":false,"showPrice":"default","form_id":10144,"form_rules":{"exclude_from_discount":true,"fee_label":"Fee","disp_hide_options_price":true,"disp_show_section_price":false,"disp_show_field_price":true,"layout_option":"standard","pric_use_as_fee":false,"process_fee_as":"woo_fee"},"layout_option":"standard"},"fields":[[{"label":"\ud83d\udcc5 Date","active":true,"required":true,"elementId":"date_365df48f68f836","picker_type":"custom","picker_mode":"single","placeholder":"","description":"","tooltip":"","name":"date_365df48f68f836","label_position":"default","desc_position":"default","enablePrice":false,"className":"","enableCl":false,"relations":[{"operator":"and","rules":[{"operator":"AND","rules":{"cl_field":"radio-group_665df45fcbc30b","cl_relation":"is","cl_val":"3 Hour Trip"}}]}],"date_pic_inline":true,"date_pic_inline_hide":true,"min_date":{"type":"days","val":"0"},"max_date":{"type":"days","val":"365"},"date_pic_conf":{"disabledWeeks":[]},"price":"","cl_rule":"show","col":6,"type":"date","error":false,"enableDesign":false,"LabelColor":"","gt_translate_keys":["label","placeholder","description","tooltip"],"price_dependency":false,"cl_dependency":false,"value":""}],[{"elementId":"separator_765df48f68f845","separatorType":"blank","className":"","height":"10","enableCl":false,"relations":false,"cl_rule":"show","col":6,"type":"separator","gt_translate_keys":[],"price_dependency":false,"cl_dependency":false,"value":""}],[{"active":true,"col":6,"relations":false,"cl_rule":"show","enableCl":false,"price":"","enablePrice":false,"className":"","label_position":"default","desc_position":"default","type":"content","required":false,"elementId":"content_265df48f68f851","label":"People","name":"content_265df48f68f851","contentType":"plain","value":"","error":false,"show_in_checkout":true,"inline":false,"gt_translate_keys":["label","value"],"price_dependency":false,"cl_dependency":false}],[{"active":true,"col":6,"relations":[{"operator":false,"rules":[{"operator":"AND","rules":{"cl_field":"","cl_relation":"","cl_val":""}}]}],"cl_rule":"show","enableCl":true,"price":"35","enablePrice":true,"className":"","label_position":"default","desc_position":"default","type":"radio-group","required":false,"elementId":"radio-group_165df48f68f85d","label":"","name":"radio-group_165df48f68f85d","values":[{"label":"\ud83d\udc64 Adult (35\u20ac)","value":"Adult","selected":true,"tempId":"aco_32","tooltip":"+11 Years","description":"","gt_translate_keys":["label","tooltip","description"]}],"layOut":"","error":false,"checkUi":"button","priceOptions":"fixed_for_all","pricingType":"fixed","enable_quantity":true,"quantity_label":"","min_quantity":"0","options_tooltip":true,"options_description":true,"gt_translate_keys":["label","quantity_label"],"price_dependency":false,"cl_dependency":false,"value":""}],[{"label":"","active":true,"required":false,"elementId":"radio-group_265df48f68f868","name":"radio-group_265df48f68f868","label_position":"default","desc_position":"default","enablePrice":true,"className":"","enableCl":false,"relations":false,"enable_quantity":true,"quantity_label":"","min_quantity":"0","checkUi":"button","layOut":"","values":[{"label":"\ud83d\udc66 Child (29\u20ac)","value":"Child","selected":true,"tempId":"aco_32","tooltip":"5-10 Years","description":"","gt_translate_keys":["label","tooltip","description"]}],"priceOptions":"fixed_for_all","pricingType":"fixed","price":"29","cl_rule":"show","col":6,"type":"radio-group","error":false,"options_tooltip":true,"options_description":true,"gt_translate_keys":["label","quantity_label"],"price_dependency":false,"cl_dependency":false,"value":""}],[{"label":"","active":true,"required":false,"elementId":"radio-group_1065df48f68f873","name":"radio-group_1065df48f68f873","label_position":"default","desc_position":"default","enablePrice":true,"className":"","enableCl":false,"relations":false,"enable_quantity":true,"quantity_label":"","min_quantity":"0","checkUi":"button","layOut":"","values":[{"label":"\ud83d\udc76 Toddler (16\u20ac)","value":"Toddler","selected":true,"tempId":"aco_32","tooltip":"3-4 Years","gt_translate_keys":["label","tooltip"]}],"priceOptions":"fixed_for_all","pricingType":"fixed","price":"16","cl_rule":"show","col":6,"type":"radio-group","error":false,"options_tooltip":true,"gt_translate_keys":["label","quantity_label"],"price_dependency":false,"cl_dependency":false,"value":""}]]}},"config":{"price_override":"always","enable_recaptcha":false,"bind_quantity":false,"quantity_bind_formula":false,"disp_summ_show_option_price":true,"disp_summ_show_product_price":false,"disp_summ_show_total_price":true,"disp_summ_show_fee":true,"disp_summ_show_discount":true,"summary_title":"","options_total_label":"Options Price","total_label":"Total Amount","options_product_label":"Product Price","fee_label":"Fee","discount_label":"Discount","has_price":true,"has_quantity_formula":false},"mc_unit":1,"tax_rate":1,"tax_rate_real":1,"discount":{"percentage":0,"fixed":0},"design":{"conf":{"LabelPosition":"above","DescPosition":"above","UploadField":"custom_1","QuantityFieldStyle":"custom_1"},"css":{"LeftLabelWidth":"120px"}},"formulas":[],"lookuptables":[],"clones":false,"cartKey":false}},"_links":{"self":[{"href":"https:\/\/canaryvip.com\/ro\/wp-json\/wp\/v2\/product\/9493","targetHints":{"allow":["GET"]}}],"collection":[{"href":"https:\/\/canaryvip.com\/ro\/wp-json\/wp\/v2\/product"}],"about":[{"href":"https:\/\/canaryvip.com\/ro\/wp-json\/wp\/v2\/types\/product"}],"replies":[{"embeddable":true,"href":"https:\/\/canaryvip.com\/ro\/wp-json\/wp\/v2\/comments?post=9493"}],"wp:featuredmedia":[{"embeddable":true,"href":"https:\/\/canaryvip.com\/ro\/wp-json\/wp\/v2\/media\/9501"}],"wp:attachment":[{"href":"https:\/\/canaryvip.com\/ro\/wp-json\/wp\/v2\/media?parent=9493"}],"wp:term":[{"taxonomy":"product_brand","embeddable":true,"href":"https:\/\/canaryvip.com\/ro\/wp-json\/wp\/v2\/product_brand?post=9493"},{"taxonomy":"product_cat","embeddable":true,"href":"https:\/\/canaryvip.com\/ro\/wp-json\/wp\/v2\/product_cat?post=9493"},{"taxonomy":"product_tag","embeddable":true,"href":"https:\/\/canaryvip.com\/ro\/wp-json\/wp\/v2\/product_tag?post=9493"}],"curies":[{"name":"wp","href":"https:\/\/api.w.org\/{rel}","templated":true}]}}