{"id":9488,"date":"2024-02-05T21:54:37","date_gmt":"2024-02-05T21:54:37","guid":{"rendered":"https:\/\/canaryvip.com\/?post_type=product&#038;p=9488"},"modified":"2025-08-09T13:00:03","modified_gmt":"2025-08-09T12:00:03","slug":"aqualand-tickets","status":"publish","type":"product","link":"https:\/\/canaryvip.com\/ro\/shop\/aqualand-tickets\/","title":{"rendered":"Cump\u0103ra\u021bi bilete Aqualand"},"content":{"rendered":"<h2>\ud83c\udf0a <strong>Aqualand Costa Adeje: Scufund\u0103-te \u00een distrac\u021bie \u0219i aventur\u0103!<\/strong><\/h2>\n<ul>\n<li><strong>Deschis zilnic:<\/strong> Stropitul \u0219i joaca \u00eentre orele 10.00 \u0219i 17.00, asigur\u00e2nd o zi plin\u0103 de distrac\u021bie \u0219i emo\u021bie.<\/li>\n<li><strong>Amplasat convenabil:<\/strong> Situat \u00een zona vibrant\u0103 Costa Adeje, Aqualand promite o excursie de o zi u\u0219or accesibil\u0103 pentru toat\u0103 lumea.<\/li>\n<li><strong>Flexibilitatea biletelor:<\/strong> Aventura v\u0103 a\u0219teapt\u0103 cu bilete valabile timp de 90 de zile de la cump\u0103rare, oferindu-v\u0103 libertatea de a alege ziua perfect\u0103 pentru vizita dumneavoastr\u0103.<\/li>\n<\/ul>\n<p>\ud83d\udccd <strong>Locul principal:<\/strong> Aqualand este situat \u00een zona sta\u021biunii Costa Adeje, o destina\u021bie cheie pentru pasiona\u021bii de parcuri acvatice.<br \/>\nPentru direc\u021bii, f\u0103r\u0103 efort <a href=\"https:\/\/maps.app.goo.gl\/A5TcFcUtHUGD1ykJ7\" target=\"_blank\" rel=\"noopener\">g\u0103si\u021bi Aqualand pe Google Maps<\/a> \u0219i planifica\u021bi-v\u0103 din timp o zi de distrac\u021bie.<\/p>\n<p>\ud83c\udf92 <strong>Preg\u0103ti\u021bi-v\u0103 pentru aventur\u0103:<\/strong> Nu v\u0103 uita\u021bi crema de protec\u021bie solar\u0103, costumele de baie \u0219i prosopul pentru o zi de distrac\u021bie la soare. \u00cenchirierea de dulapuri este disponibil\u0103 pentru a v\u0103 p\u0103stra bunurile \u00een siguran\u021b\u0103.<\/p>\n<p>\ud83d\udca7 <strong>Sta\u021bie de hidratare:<\/strong> Aduce\u021bi ap\u0103 pentru a v\u0103 men\u021bine hidratat sub soare, iar \u00een interiorul parcului sunt disponibile op\u021biuni de m\u00e2ncare \u0219i b\u0103utur\u0103 pentru confortul dumneavoastr\u0103.<\/p>\n<p>\ud83c\udfab <strong>Intrare f\u0103r\u0103 cusur:<\/strong> Cu biletele CanaryVIP, ocoli\u021bi cozile pentru achizi\u021bionarea biletelor la fa\u021ba locului \u0219i beneficia\u021bi de acces mai rapid. Biletele preachizi\u021bionate v\u0103 permit s\u0103 v\u0103 \u00eencepe\u021bi aventura Aqualand cu u\u0219urin\u021b\u0103.<\/p>\n<p>\ud83d\ude8c <strong>Serviciu de transfer gratuit de la Aqualand:<\/strong> Beneficia\u021bi de serviciul exclusiv de transfer gratuit Aqualand pentru un transport u\u0219or din diverse puncte din sudul insulei Tenerife.<\/p>\n<p>\ud83c\udf1f <strong>Avantaje exclusive CanaryVIP:<\/strong> Bucura\u021bi-v\u0103 de reduceri \u0219i avantaje speciale atunci c\u00e2nd v\u0103 rezerva\u021bi biletele Aqualand cu noi! At\u00e2t adul\u021bii, c\u00e2t \u0219i copiii pot a\u0219tepta cu ner\u0103bdare o zi de distrac\u021bie de neegalat la pre\u021buri competitive.<\/p>\n<ul>\n<li><strong>Reduceri instantanee:<\/strong> Asigura\u021bi-v\u0103 bilete prin CanaryVIP \u0219i bucura\u021bi-v\u0103 de economii imediate.<\/li>\n<li><strong>Acces prioritar:<\/strong> Ocoli\u021bi cozile \u0219i intra\u021bi direct \u00een ac\u021biune.<\/li>\n<li><strong>Oferte de valoare:<\/strong> Fi\u021bi aten\u021bi la ofertele noastre combinate cu <a href=\"https:\/\/canaryvip.com\/ro\/shop\/aqualand-jungle-park-2park\/\">Aqualand \u0219i Jungle Park<\/a>, maximiz\u00e2ndu-v\u0103 distrac\u021bia \u0219i economisind \u00een acela\u0219i timp bani.<\/li>\n<li><strong>Anulare flexibil\u0103:<\/strong> Planurile s-au schimbat? Anula\u021bi cu p\u00e2n\u0103 la 72 de ore \u00eenainte de vizit\u0103 pentru o rambursare complet\u0103.<\/li>\n<\/ul>\n<p>\ud83d\udc2c <strong>Trebuie s\u0103 vede\u021bi un spectacol cu delfini:<\/strong> Nu rata\u021bi spectacolele fermec\u0103toare ale delfinilor de la ora 15:30 \u00een fiecare zi, incluse gratuit \u00een biletul de intrare \u00een parc.<\/p>\n<p>\ud83d\udc6a <strong>Distrac\u021bie pentru familii:<\/strong> Aqualand ofer\u0103 un amestec perfect de tobogane palpitante pentru cei care caut\u0103 adrenalina \u0219i zone de joac\u0103 bl\u00e2nde pentru cei mici, asigur\u00e2nd o zi memorabil\u0103 pentru \u00eentreaga familie.<\/p>\n<h2>\ud83d\ude8c Serviciu exclusiv de transfer Aqualand<\/h2>\n<p><strong>Experien\u021b\u0103 de transfer f\u0103r\u0103 \u00eentreruperi:<\/strong> \u00cembun\u0103t\u0103\u021bi\u021bi-v\u0103 vizita la Aqualand cu serviciul nostru de transfer gratuit, care v\u0103 ofer\u0103 o c\u0103l\u0103torie f\u0103r\u0103 stres c\u0103tre parc. Bucura\u021bi-v\u0103 de u\u0219urin\u021ba serviciului nostru de autobuz gratuit, care leag\u0103 f\u0103r\u0103 probleme Los Cristianos, Playa De las Am\u00e9ricas \u0219i Costa Adeje, pentru o zi pl\u0103cut\u0103 f\u0103r\u0103 efort.<\/p>\n<p><span style=\"text-decoration: underline;\"><strong>Program de transfer gratuit:<\/strong><\/span><\/p>\n<ul>\n<li><strong>Rute:<\/strong> Los Cristianos - Playa De las Am\u00e9ricas - Costa Adeje<\/li>\n<li><strong>Sta\u021bii \u0219i ore de autobuz:<\/strong>\n<ul>\n<li>Pasarela Shopping Center: 9:30 | 10:30 | 11:30<\/li>\n<li>Hotel Sol Arona Tenerife: 9:35 | 10:35 | 11:35<\/li>\n<li>Hotel Best Tenerife: 9:40 | 10:40 | 11:40<\/li>\n<li>Barul Leonardo's: 9:45 | 10:45 | 11:45<\/li>\n<li>Strada Llanos de Troya: 9:50 | 10:50 | 11:50<\/li>\n<li>H. Labranda Suites Costa Adeje: 10:05 | 11:05 | 12:05<\/li>\n<li>Centrul comercial The Duke Shops: 10:05 | 11:05 | 12:05<\/li>\n<li>Hotel Sunwing Fa\u00f1ab\u00e9: 10:10 | 11:10 | 12:10<\/li>\n<\/ul>\n<\/li>\n<\/ul>\n<p><strong>Timpii de \u00eentoarcere:<\/strong> 16:30 \u0219i 17:15.<\/p>\n<p>V\u0103 rug\u0103m s\u0103 re\u021bine\u021bi c\u0103 locurile \u00een fiecare curs\u0103 de transfer sunt limitate \u0219i sunt ocupate pe baza principiului \"primul venit, primul servit\", f\u0103r\u0103 rezervare prealabil\u0103. Asigur\u0103-\u021bi un \u00eenceput \u0219i un sf\u00e2r\u0219it f\u0103r\u0103 probleme al aventurii tale la Aqualand, ajung\u00e2nd devreme la punctul de preluare desemnat.<\/p>\n<h3>\ud83d\udd25 <strong>Nu rata\u021bi: Oferte exclusive la CanaryVIP.com<\/strong><\/h3>\n<p>Sunte\u021bi gata pentru o zi de distrac\u021bie la Aqualand Costa Adeje?<\/p>\n<p>Carte cu <strong>CanaryVIP<\/strong> pentru cele mai bune pre\u021buri \u0219i o experien\u021b\u0103 f\u0103r\u0103 probleme, cu oferte speciale \u0219i o politic\u0103 de anulare prietenoas\u0103. Face\u021bi un strop \u0219i crea\u021bi amintiri de neuitat!<\/p>","protected":false},"excerpt":{"rendered":"<p><strong>\ud83d\udd0d Bilete de intrare la Aqualand:<\/strong><br \/>\n\u2705 Plat\u0103 sigur\u0103.<br \/>\n\ud83d\ude80 Intrare rapid\u0103 pentru de\u021bin\u0103torii de permise.<br \/>\n\ud83c\udf0a Acces la toate cursele interesante.<br \/>\n\ud83d\udc2c Inclus Dolphin Show.<br \/>\n\ud83d\udd59 Deschis de la 10:00 la 17:00.<br \/>\n\ud83e\udd11 Cel mai bun pre\u021b garantat.<br \/>\n\ud83d\ude8d Autobuz de transfer gratuit.<br \/>\n\ud83d\udc6a Reduceri pentru rezerv\u0103ri de grup.<br \/>\n\ud83d\udd01 P\u00e2n\u0103 la 72h Anulare.<br \/>\n\ud83c\udf0d Suport \u00een mai multe limbi.<br \/>\n\ud83c\udf1f Rezerva\u021bi acum \u0219i economisi\u021bi!<br \/>\n\ud83d\udccd G\u0103si\u021bi <a href=\"https:\/\/maps.app.goo.gl\/A5TcFcUtHUGD1ykJ7\">Aqualand pe h\u0103r\u021bi<\/a>.<\/p>","protected":false},"featured_media":9492,"comment_status":"open","ping_status":"closed","template":"","meta":{"_acf_changed":false},"product_brand":[],"product_cat":[54],"product_tag":[],"class_list":{"0":"post-9488","1":"product","2":"type-product","3":"status-publish","4":"has-post-thumbnail","6":"product_cat-theme-parks","7":"wcpa_has_options","9":"first","10":"instock","11":"virtual","12":"purchasable","13":"product-type-simple"},"acf":[],"wcpa_form_fields":{"wcpaData":{"product":{"product_price":36,"price_html":"From&nbsp;<span class=\"woocommerce-Price-amount amount\"><bdi>36,00&nbsp;<span class=\"woocommerce-Price-currencySymbol\">&euro;<\/span><\/bdi><\/span>","original_product_price":36,"price_including_tax":36,"price_excluding_tax":36,"product_id":{"parent":9488,"variation":false},"is_variable":false,"stock_status":"instock","stock_quantity":null,"parent_sku":"CV9488","product_attributes":[],"custom_fields":[],"is_taxable":false,"product_name":"Buy Aqualand Tickets","hasImage":false},"fields":{"sec_665df45fcbc30e":{"extra":{"key":"sec_665df45fcbc30e","section_id":"sec_665df45fcbc30e","name":"Aqualand Tickets","status":1,"cl_rule":"show","enableCl":false,"relations":[{"operator":false,"rules":[{"operator":"AND","rules":{"cl_field":"radio-group_665df45fcbc30b","cl_relation":"is","cl_val":"Siam Park Regular Tickets"}}]}],"toggle":true,"title_tag":"h4","show_title":false,"showPrice":"default","form_id":10143,"form_rules":{"exclude_from_discount":true,"fee_label":"Fee","disp_hide_options_price":true,"disp_show_section_price":false,"disp_show_field_price":true,"layout_option":"standard","pric_use_as_fee":false,"process_fee_as":"woo_fee"},"layout_option":"standard"},"fields":[[{"label":"\ud83d\udcc5 Date","active":true,"required":true,"elementId":"date_365df45fcbc347","picker_type":"custom","picker_mode":"single","placeholder":"","description":"","tooltip":"","name":"date_365df45fcbc347","label_position":"default","desc_position":"default","enablePrice":false,"className":"","enableCl":false,"relations":[{"operator":"and","rules":[{"operator":"AND","rules":{"cl_field":"radio-group_665df45fcbc30b","cl_relation":"is","cl_val":"3 Hour Trip"}}]}],"date_pic_inline":true,"date_pic_inline_hide":true,"min_date":{"type":"days","val":"0"},"max_date":{"type":"days","val":"365"},"date_pic_conf":{"disabledWeeks":[]},"price":"","cl_rule":"show","col":6,"type":"date","error":false,"enableDesign":false,"LabelColor":"","gt_translate_keys":["label","placeholder","description","tooltip"],"price_dependency":false,"cl_dependency":false,"value":""}],[{"elementId":"separator_865df45fcbc360","separatorType":"blank","className":"","height":"10","enableCl":false,"relations":false,"cl_rule":"show","col":6,"type":"separator","gt_translate_keys":[],"price_dependency":false,"cl_dependency":false,"value":""}],[{"active":true,"col":6,"relations":false,"cl_rule":"show","enableCl":false,"price":"","enablePrice":false,"className":"","label_position":"default","desc_position":"default","type":"content","required":false,"elementId":"content_265df45fcbc377","label":"People","name":"content_265df45fcbc377","contentType":"plain","value":"","error":false,"show_in_checkout":true,"inline":false,"gt_translate_keys":["label","value"],"price_dependency":false,"cl_dependency":false}],[{"active":true,"col":6,"relations":[{"operator":false,"rules":[{"operator":"AND","rules":{"cl_field":"","cl_relation":"","cl_val":""}}]}],"cl_rule":"show","enableCl":true,"price":"36","enablePrice":true,"className":"","label_position":"default","desc_position":"default","type":"radio-group","required":false,"elementId":"radio-group_365df45fcbc390","label":"","name":"radio-group_365df45fcbc390","values":[{"label":"\ud83d\udc64 Adult (36\u20ac)","value":"Adult","selected":true,"tempId":"aco_32","tooltip":"+11 Years","description":"","gt_translate_keys":["label","tooltip","description"]}],"layOut":"","error":false,"checkUi":"button","priceOptions":"fixed_for_all","pricingType":"fixed","enable_quantity":true,"quantity_label":"","min_quantity":"0","options_tooltip":true,"options_description":true,"gt_translate_keys":["label","quantity_label"],"price_dependency":false,"cl_dependency":false,"value":""}],[{"label":"","active":true,"required":false,"elementId":"radio-group_565df45fcbc3a8","name":"radio-group_565df45fcbc3a8","label_position":"default","desc_position":"default","enablePrice":true,"className":"","enableCl":false,"relations":false,"enable_quantity":true,"quantity_label":"","min_quantity":"0","checkUi":"button","layOut":"","values":[{"label":"\ud83d\udc66 Child (29\u20ac)","value":"Child","selected":true,"tempId":"aco_32","tooltip":"5-10 Years","description":"","gt_translate_keys":["label","tooltip","description"]}],"priceOptions":"fixed_for_all","pricingType":"fixed","price":"29","cl_rule":"show","col":6,"type":"radio-group","error":false,"options_tooltip":true,"options_description":true,"gt_translate_keys":["label","quantity_label"],"price_dependency":false,"cl_dependency":false,"value":""}],[{"label":"","active":true,"required":false,"elementId":"radio-group_865df45fcbc3bf","name":"radio-group_865df45fcbc3bf","label_position":"default","desc_position":"default","enablePrice":true,"className":"","enableCl":false,"relations":false,"enable_quantity":true,"quantity_label":"","min_quantity":"0","checkUi":"button","layOut":"","values":[{"label":"\ud83d\udc76 Toddler (16\u20ac)","value":"Toddler","selected":true,"tempId":"aco_32","tooltip":"3-4 Years","gt_translate_keys":["label","tooltip"]}],"priceOptions":"fixed_for_all","pricingType":"fixed","price":"16","cl_rule":"show","col":6,"type":"radio-group","error":false,"options_tooltip":true,"gt_translate_keys":["label","quantity_label"],"price_dependency":false,"cl_dependency":false,"value":""}]]}},"config":{"price_override":"always","enable_recaptcha":false,"bind_quantity":false,"quantity_bind_formula":false,"disp_summ_show_option_price":true,"disp_summ_show_product_price":false,"disp_summ_show_total_price":true,"disp_summ_show_fee":true,"disp_summ_show_discount":true,"summary_title":"","options_total_label":"Options Price","total_label":"Total Amount","options_product_label":"Product Price","fee_label":"Fee","discount_label":"Discount","has_price":true,"has_quantity_formula":false},"mc_unit":1,"tax_rate":1,"tax_rate_real":1,"discount":{"percentage":0,"fixed":0},"design":{"conf":{"LabelPosition":"above","DescPosition":"above","UploadField":"custom_1","QuantityFieldStyle":"custom_1"},"css":{"LeftLabelWidth":"120px"}},"formulas":[],"lookuptables":[],"clones":false,"cartKey":false}},"_links":{"self":[{"href":"https:\/\/canaryvip.com\/ro\/wp-json\/wp\/v2\/product\/9488","targetHints":{"allow":["GET"]}}],"collection":[{"href":"https:\/\/canaryvip.com\/ro\/wp-json\/wp\/v2\/product"}],"about":[{"href":"https:\/\/canaryvip.com\/ro\/wp-json\/wp\/v2\/types\/product"}],"replies":[{"embeddable":true,"href":"https:\/\/canaryvip.com\/ro\/wp-json\/wp\/v2\/comments?post=9488"}],"wp:featuredmedia":[{"embeddable":true,"href":"https:\/\/canaryvip.com\/ro\/wp-json\/wp\/v2\/media\/9492"}],"wp:attachment":[{"href":"https:\/\/canaryvip.com\/ro\/wp-json\/wp\/v2\/media?parent=9488"}],"wp:term":[{"taxonomy":"product_brand","embeddable":true,"href":"https:\/\/canaryvip.com\/ro\/wp-json\/wp\/v2\/product_brand?post=9488"},{"taxonomy":"product_cat","embeddable":true,"href":"https:\/\/canaryvip.com\/ro\/wp-json\/wp\/v2\/product_cat?post=9488"},{"taxonomy":"product_tag","embeddable":true,"href":"https:\/\/canaryvip.com\/ro\/wp-json\/wp\/v2\/product_tag?post=9488"}],"curies":[{"name":"wp","href":"https:\/\/api.w.org\/{rel}","templated":true}]}}