{"id":9435,"date":"2024-02-05T14:39:59","date_gmt":"2024-02-05T14:39:59","guid":{"rendered":"https:\/\/canaryvip.com\/?post_type=product&#038;p=9435"},"modified":"2025-08-09T13:00:56","modified_gmt":"2025-08-09T12:00:56","slug":"tenerife-north-guided-bus-tour","status":"publish","type":"product","link":"https:\/\/canaryvip.com\/ro\/shop\/tenerife-north-guided-bus-tour\/","title":{"rendered":"Turul ghidat cu autobuzul \u00een Tenerife Nord"},"content":{"rendered":"<h2>\ud83d\ude8c <strong>Tenerife Nord Turul cu autobuzul: Santa Cruz + Taganana + La Laguna<\/strong><\/h2>\n<p>Porni\u021bi \u00eentr-o c\u0103l\u0103torie captivant\u0103 cu <strong>CanaryVIP<\/strong> pentru a explora comorile nordice ale insulei Tenerife. Acest tur de o zi \u00eentreag\u0103 cu ghid v\u0103 duce din capitala vibrant\u0103 Santa Cruz p\u00e2n\u0103 \u00een fermec\u0103torul sat Taganana \u0219i p\u00e2n\u0103 la La Laguna, sit aflat \u00een patrimoniul mondial UNESCO. Plonja\u021bi \u00een inima culturii, istoriei \u0219i peisajelor uluitoare din Tenerife.<\/p>\n<h3><strong>Puncte de atrac\u021bie ale turului: O tapiserie a comorilor din Tenerife<\/strong><\/h3>\n<ul>\n<li>\ud83c\udfd9\ufe0f <a href=\"https:\/\/www.google.com\/maps\/place\/Santa+Cruz+de+Tenerife\/@28.4670039,-16.2853105,13z\/data=!4m6!3m5!1s0xc41cceccc254171:0x43111473d277e52e!8m2!3d28.4636296!4d-16.2518467!16zL20vMDFyc2pz?entry=ttu\" target=\"_blank\" rel=\"noopener\"><strong>Santa Cruz<\/strong><\/a>: Porni\u021bi \u00een aventura dumneavoastr\u0103 \u00een nordul insulei Tenerife, p\u0103trunz\u00e2nd \u00een ora\u0219ul vechi istoric al capitalei, scufund\u00e2ndu-v\u0103 pe str\u0103zile sale fermec\u0103toare \u0219i descoperind bogatul patrimoniu cultural pe care acest ora\u0219 plin de via\u021b\u0103 \u00eel are de oferit.<\/li>\n<li>\ud83c\udf0a <strong><a href=\"https:\/\/www.google.com\/maps\/place\/Playa+de+Las+Teresitas+(Santa+Cruz+de+Tenerife)\/@28.5080068,-16.1869497,17z\/data=!3m1!4b1!4m6!3m5!1s0xc41ca38d1d9c17f:0x5694f9ae1bd14e6b!8m2!3d28.5097119!4d-16.1847441!16s%2Fm%2F0c416zk?entry=ttu\" target=\"_blank\" rel=\"noopener\">Playa de las Teresitas<\/a>:<\/strong> C\u0103l\u0103tori\u021bi pe l\u00e2ng\u0103 nisipul auriu din Las Teresitas (f\u0103r\u0103 oprire), pentru a surprinde una dintre cele mai frumoase plaje de pe insul\u0103.<\/li>\n<li>\ud83c\udf7d\ufe0f <strong><a href=\"https:\/\/www.google.com\/maps\/place\/Taganana,+Santa+Cruz+de+Tenerife\/@28.5555629,-16.2355488,14z\/data=!3m1!4b1!4m6!3m5!1s0xc41c91b2021132f:0xbc8e645ff453ea87!8m2!3d28.5605853!4d-16.2181647!16s%2Fg%2F121pw4ll?entry=ttu\" target=\"_blank\" rel=\"noopener\">Satul Taganana<\/a>:<\/strong> Savura\u021bi buc\u0103t\u0103ria local\u0103 \u00een acest sat pitoresc din Insulele Canare, unde esen\u021ba tradi\u021biei \u0219i a spiritului r\u0103m\u00e2ne neatins\u0103. (Masa nu este inclus\u0103 \u00een pre\u021b)<\/li>\n<li>\ud83c\udf32 <strong><a href=\"https:\/\/www.google.com\/maps\/place\/Monte+de+las+Mercedes\/@28.5383325,-16.3344664,15z\/data=!3m1!4b1!4m6!3m5!1s0xc41ce3f4722ad77:0x4e14fd9dc5ce9ff!8m2!3d28.5383333!4d-16.3241667!16s%2Fg%2F11cn5qs82s?entry=ttu\" target=\"_blank\" rel=\"noopener\">Monte de las Mercedes<\/a>:<\/strong> Traverseaz\u0103 peisaje spectaculoase, unde frumuse\u021bea naturii se dezv\u0103luie \u00een inima insulei Tenerife.<\/li>\n<li>\ud83c\udfdb\ufe0f <strong><a href=\"https:\/\/www.google.com\/maps\/place\/La+Laguna,+Santa+Cruz+de+Tenerife\/@28.4697954,-16.3289548,14z\/data=!3m1!4b1!4m6!3m5!1s0xc41cdeccdcfeaf5:0x54a9fe4642667870!8m2!3d28.4874009!4d-16.3159061!16zL20vMDZ3Znh6?entry=ttu\" target=\"_blank\" rel=\"noopener\">La Laguna<\/a>:<\/strong> \u00cencheia\u021bi-v\u0103 c\u0103l\u0103toria \u00een istoricul \u0219i pitorescul ora\u0219 universitar, un sit al Patrimoniului Mondial UNESCO renumit pentru frumuse\u021bea sa unic\u0103.<\/li>\n<\/ul>\n<h3><strong>C\u0103l\u0103toria ta cu CanaryVIP include:<\/strong><\/h3>\n<ul>\n<li>\ud83d\ude8c Un loc pitoresc \u0219i <strong>c\u0103l\u0103torie confortabil\u0103 cu autobuzul,<\/strong>\u00a0, asigur\u00e2nd o c\u0103l\u0103torie pl\u0103cut\u0103 prin peisajele nordice ale insulei Tenerife.<\/li>\n<li>\ud83c\udfe8 Convenabil <strong>serviciu de preluare \u0219i predare<\/strong> de la hotelul dumneavoastr\u0103, oferind o experien\u021b\u0103 f\u0103r\u0103 probleme.<\/li>\n<li>\ud83d\udde3\ufe0f <strong>\u00eendrumare din partea unor ghizi turistici multilingvi,<\/strong>\u00a0, \u00eembog\u0103\u021bindu-v\u0103 turul cu pove\u0219ti \u0219i fapte fascinante.<\/li>\n<li>\ud83d\udd52 An <strong>Tur de 8 ore<\/strong> plin de oportunit\u0103\u021bi ample de a explora, de a lua masa \u0219i de a surprinde esen\u021ba insulei Tenerife.<\/li>\n<li>\ud83d\udcf8 <strong>Momente perfecte<\/strong> la fiecare pas, asigur\u00e2ndu-v\u0103 c\u0103 ve\u021bi lua acas\u0103 amintiri care vor dura o via\u021b\u0103 \u00eentreag\u0103.<\/li>\n<li>\ud83d\udcb0 Promisiunea CanaryVIP a <strong>cel mai bun pre\u021b,<\/strong>\u00a0, \u00eempreun\u0103 cu o politic\u0103 de anulare flexibil\u0103 pentru lini\u0219tea dumneavoastr\u0103.<\/li>\n<\/ul>\n<h3><strong>Detaliile esen\u021biale ale turului:<\/strong><\/h3>\n<ul>\n<li>\ud83c\udf9f\ufe0f P\u0103stra\u021bi la \u00eendem\u00e2n\u0103 biletul CanaryVIP, \u00een format digital sau tip\u0103rit, pentru o experien\u021b\u0103 de vizitare f\u0103r\u0103 probleme.<\/li>\n<li>\ud83e\udde5 \u00cembr\u0103ca\u021bi-v\u0103 \u00een straturi; peisajele variate din Tenerife \u00eenseamn\u0103 condi\u021bii meteo schimb\u0103toare.<\/li>\n<li>\ud83c\udf7d\ufe0f Bucura\u021bi-v\u0103 de o pauz\u0103 de pr\u00e2nz \u00een Taganana, cu libertatea de a alege din localurile locale. (Pr\u00e2nzul nu este inclus \u00een pre\u021b)<\/li>\n<li>\ud83d\udccc Orele specifice de preluare, adaptate la hotelul sau la locul de preluare, vor fi confirmate dup\u0103 rezervare. Asigura\u021bi-v\u0103 c\u0103 detaliile de cazare sunt precise pentru aranjamente de c\u0103l\u0103torie f\u0103r\u0103 probleme.<\/li>\n<\/ul>\n<h3><strong>Politica de anulare:<\/strong><\/h3>\n<ul>\n<li>\ud83d\udd04 <strong>Anul\u0103ri individuale flexibile:<\/strong> \u00cen\u021belege\u021bi imprevizibilitatea vie\u021bii cu politica noastr\u0103 de anulare direct\u0103. Anula\u021bi cu p\u00e2n\u0103 la 24 de ore \u00eenainte de turul dvs. pentru a primi o rambursare integral\u0103, oferindu-v\u0103 libertatea de a v\u0103 ajusta planurile cu u\u0219urin\u021b\u0103.<\/li>\n<li>\ud83d\udd52 <strong>Flexibilitatea de anulare a grupului:<\/strong> C\u0103l\u0103tori\u021bi \u00een grup? Avem tot ce v\u0103 trebuie. Pentru grupurile de 5-7 persoane, pute\u021bi anula gratuit cu p\u00e2n\u0103 la 48 de ore \u00eenainte de tur. Grupurile de 8-14 persoane trebuie s\u0103 anuleze cu cel pu\u021bin 4 zile \u00eenainte pentru o rambursare integral\u0103, iar grupurile de 15 sau mai multe persoane trebuie s\u0103 anun\u021be cu 6 zile \u00eenainte de tur pentru a evita taxele de anulare. Ace\u0219ti termeni sunt concepu\u021bi pentru a se adapta la grupuri mai mari, f\u0103c\u00e2nd planificarea c\u0103l\u0103toriei mai u\u0219oar\u0103 pentru to\u021bi cei implica\u021bi.<\/li>\n<li>\ud83d\udca1 <strong>Proces de anulare simplu:<\/strong> Indiferent dac\u0103 v\u0103 anula\u021bi individual sau \u00een grup, procesul este simplu. Contacta\u021bi-ne prin intermediul site-ului nostru, prin e-mail sau prin telefon. Ne vom ocupa cu promptitudine de rambursarea dvs., asigur\u00e2ndu-v\u0103 o experien\u021b\u0103 f\u0103r\u0103 probleme.<\/li>\n<li>\ud83d\udd0d <strong>Verifica\u021bi rezervarea:<\/strong> V\u0103 \u00eencuraj\u0103m s\u0103 v\u0103 revizui\u021bi detaliile rezerv\u0103rii din timp. Acest pas proactiv asigur\u0103 c\u0103 orice modific\u0103ri sau anul\u0103ri pot fi f\u0103cute \u00een termenul stabilit, evit\u00e2ndu-se astfel taxe inutile.<\/li>\n<\/ul>\n<h4><strong>Asisten\u021b\u0103 \u0219i responsabilitate \u00een turneu:<\/strong><\/h4>\n<ul>\n<li>\u2714\ufe0f CanaryVIP este dedicat\u0103 oferirii unei experien\u021be turistice memorabile \u0219i f\u0103r\u0103 probleme, de la rezervare la explorare.<\/li>\n<li>\ud83d\udde3\ufe0f <strong>Comunicarea direct\u0103:<\/strong> Ave\u021bi \u00eentreb\u0103ri sau nevoi \u00een timpul turului? Ghizii no\u0219tri sunt acolo pentru a v\u0103 ajuta la fiecare pas.<\/li>\n<li>\ud83d\udcb0 <strong>Politica de rambursare clar\u0103:<\/strong> \u00cen cazul \u00een care apar probleme, ne angaj\u0103m s\u0103 le rezolv\u0103m \u00een conformitate cu politica noastr\u0103 care acord\u0103 prioritate clien\u021bilor.<\/li>\n<\/ul>\n<h4><strong>\ud83c\udfd9\ufe0f \ud83c\udf7d\ufe0f \ud83c\udf7d\ufe0f \ud83c\udfdb\ufe0f Rezerva\u021bi-v\u0103 acum aventura nordic\u0103!<\/strong><\/h4>\n<p>Nu l\u0103sa\u021bi s\u0103 v\u0103 scape aceast\u0103 ocazie unic\u0103 de a explora bijuteriile nordice ale insulei Tenerife. Rezerv\u0103-\u021bi locul pe Tenerife Nord <a href=\"https:\/\/canaryvip.com\/ro\/tenerife\/guided-tours\/bus-tours\/?swcfpc=1\">Tur ghidat cu autobuzul<\/a> cu CanaryVIP ast\u0103zi \u0219i preg\u0103ti\u021bi-v\u0103 pentru o explorare de neuitat a culturii, istoriei \u0219i frumuse\u021bii naturale. Aventura ta prin Santa Cruz, Taganana \u0219i La Laguna te a\u0219teapt\u0103!<\/p>","protected":false},"excerpt":{"rendered":"<p><strong>\ud83d\udd0d Tenerife Nord Tour:<\/strong><br \/>\n\u2705 Plat\u0103 sigur\u0103.<br \/>\n\ud83d\ude80 Bucura\u021bi-v\u0103 de un tur ghidat.<br \/>\n\ud83c\udfe2 Descoper\u0103 Santa Cruz.<br \/>\n\ud83c\udf33 Descoper\u0103 Parcul Anaga din Taganana.<br \/>\n\ud83c\udff0 Descoper\u0103 La Laguna.<br \/>\n\ud83d\udcc5 Luni \u0219i joi.<br \/>\n\ud83d\udd59 8h Aventura.<br \/>\n\u23f0 \u00cencepe \u00een jurul orei 8:00.<br \/>\n\ud83e\udd11 Cel mai bun pre\u021b garantat.<br \/>\n\ud83d\ude8d Pickup &amp; Drop-off la hotel.<br \/>\n\ud83d\udc6a Reduceri pentru rezerv\u0103ri de grup.<br \/>\n\ud83d\udd01 Anulare gratuit\u0103 p\u00e2n\u0103 la 24 de ore.<br \/>\n\ud83c\udf0d Ghid \u00een limba dvs.<br \/>\n\ud83c\udf1f Rezerva\u021bi acum \u0219i economisi\u021bi!<\/p>","protected":false},"featured_media":9439,"comment_status":"open","ping_status":"closed","template":"","meta":{"_acf_changed":false},"product_brand":[],"product_cat":[68,52],"product_tag":[],"class_list":{"0":"post-9435","1":"product","2":"type-product","3":"status-publish","4":"has-post-thumbnail","6":"product_cat-guided-tours","7":"product_cat-bus-tours","8":"wcpa_has_options","10":"first","11":"instock","12":"virtual","13":"purchasable","14":"product-type-simple"},"acf":[],"wcpa_form_fields":{"wcpaData":{"product":{"product_price":46,"price_html":"From&nbsp;<span class=\"woocommerce-Price-amount amount\"><bdi>46,00&nbsp;<span class=\"woocommerce-Price-currencySymbol\">&euro;<\/span><\/bdi><\/span>","original_product_price":46,"price_including_tax":46,"price_excluding_tax":46,"product_id":{"parent":9435,"variation":false},"is_variable":false,"stock_status":"instock","stock_quantity":null,"parent_sku":"CV9435","product_attributes":[],"custom_fields":[],"is_taxable":false,"product_name":"North Tenerife Guided Bus Tour","hasImage":false},"fields":{"sec_hf2n2q14254":{"extra":{"key":"sec_hf2n2q14254","section_id":"sec_hf2n2q14254","name":"\ud83d\ude8c Pick-up Location","status":1,"cl_rule":"show","enableCl":false,"relations":[],"toggle":true,"title_tag":"h4","show_title":false,"showPrice":"default","form_id":10215,"form_rules":{"exclude_from_discount":true,"fee_label":"Fee","disp_hide_options_price":true,"disp_show_section_price":false,"disp_show_field_price":true,"layout_option":"standard","pric_use_as_fee":false,"process_fee_as":"woo_fee"},"layout_option":"standard"},"fields":[[{"active":true,"col":6,"relations":false,"cl_rule":"show","enableCl":false,"price":"","enablePrice":false,"className":"","label_position":"default","desc_position":"default","type":"radio-group","required":false,"elementId":"radio_9884051252","label":"\ud83d\ude8c Pick-up Location","name":"radio_9884051252","values":[{"label":"Pickup from South Tenerife (48\u20ac)","value":"Pickup from South Tenerife","selected":false,"tempId":"aco_343","description":"Available Mondays and Thursdays.","gt_translate_keys":["label","description"]},{"label":"Pickup from Puerto de la Cruz (48\u20ac)","value":"Pickup from North Tenerife","selected":false,"tempId":"aco_344","description":"Available Daily.","gt_translate_keys":["label","description"]}],"layOut":"","error":false,"checkUi":"toggle","description":"\u00bfAre you staying in South Tenerife or Puerto de la Cruz?","options_description":true,"isWeightTemplate":false,"isTemplate":false,"min_quantity":"1","quantity_decimal":false,"quantity_step":"1","quantity_label":"Quantity","repeater_field_label":"{field_label}","repeater_bind":"","gt_translate_keys":["label","description","repeater_field_label","quantity_label"],"price_dependency":false,"cl_dependency":[false,false],"value":""}]]},"sec_265e4c5e6ca654":{"extra":{"key":"sec_265e4c5e6ca654","section_id":"sec_265e4c5e6ca654","name":"South Tenerife","status":1,"cl_rule":"show","enableCl":true,"relations":[{"operator":false,"rules":[{"operator":"AND","rules":{"cl_field":"radio_9884051252","cl_relation":"is","cl_val":"Pickup from South Tenerife"}}]}],"toggle":true,"title_tag":"h4","show_title":false,"showPrice":"default","form_id":10215,"form_rules":{"exclude_from_discount":true,"fee_label":"Fee","disp_hide_options_price":true,"disp_show_section_price":false,"disp_show_field_price":true,"layout_option":"standard","pric_use_as_fee":false,"process_fee_as":"woo_fee"},"layout_option":"standard"},"fields":[[{"label":"\ud83d\udcc5 Date","active":true,"required":true,"elementId":"date_065e4c5e6ca673","picker_type":"custom","picker_mode":"single","placeholder":"","description":"","tooltip":"","name":"date_065e4c5e6ca673","label_position":"default","desc_position":"default","enablePrice":false,"className":"","enableCl":false,"relations":[{"operator":"and","rules":[{"operator":"AND","rules":{"cl_field":"radio-group_665df45fcbc30b","cl_relation":"is","cl_val":"3 Hour Trip"}}]}],"date_pic_inline":true,"date_pic_inline_hide":true,"min_date":{"type":"days","val":"1"},"max_date":{"type":"days","val":"365"},"date_pic_conf":{"disabledWeeks":[0,2,3,5,6]},"price":"","cl_rule":"show","col":6,"type":"date","error":false,"enableDesign":false,"LabelColor":"","isWeightTemplate":false,"isTemplate":false,"min_quantity":"1","quantity_decimal":false,"quantity_step":"1","quantity_label":"Quantity","repeater_field_label":"{field_label}","repeater_bind":"","gt_translate_keys":["label","placeholder","description","tooltip","repeater_field_label","quantity_label"],"price_dependency":false,"cl_dependency":false,"value":""}],[{"elementId":"separator_965e4c5e6ca683","separatorType":"blank","className":"","height":"10","enableCl":false,"relations":false,"cl_rule":"show","col":6,"type":"separator","gt_translate_keys":[],"price_dependency":false,"cl_dependency":false,"value":""}],[{"active":true,"col":6,"relations":false,"cl_rule":"show","enableCl":false,"price":"","enablePrice":false,"className":"","label_position":"default","desc_position":"default","type":"content","required":false,"elementId":"content_165e4c5e6ca690","label":"People","name":"content_165e4c5e6ca690","contentType":"plain","value":"","error":false,"show_in_checkout":true,"inline":false,"gt_translate_keys":["label","value"],"price_dependency":false,"cl_dependency":false}],[{"active":true,"col":6,"relations":[{"operator":false,"rules":[{"operator":"AND","rules":{"cl_field":"","cl_relation":"","cl_val":""}}]}],"cl_rule":"show","enableCl":true,"price":"48","enablePrice":true,"className":"","label_position":"default","desc_position":"default","type":"radio-group","required":false,"elementId":"radio-group_265e4c5e6ca69d","label":"","name":"radio-group_265e4c5e6ca69d","values":[{"label":"\ud83d\udc64 Adult (48\u20ac)","value":"Adult (48\u20ac)","selected":true,"tempId":"aco_32","tooltip":"+12 Years","description":"","gt_translate_keys":["label","tooltip","description"]}],"layOut":"","error":false,"checkUi":"button","priceOptions":"fixed_for_all","pricingType":"fixed","enable_quantity":true,"quantity_label":"","min_quantity":"0","options_tooltip":true,"options_description":true,"gt_translate_keys":["label","quantity_label"],"price_dependency":false,"cl_dependency":false,"value":""}],[{"label":"","active":true,"required":false,"elementId":"radio-group_965e4c5e6ca6a9","name":"radio-group_965e4c5e6ca6a9","label_position":"default","desc_position":"default","enablePrice":true,"className":"","enableCl":false,"relations":false,"enable_quantity":true,"quantity_label":"","min_quantity":"0","checkUi":"button","layOut":"","values":[{"label":"\ud83d\udc66 Child (30\u20ac)","value":"Child (30\u20ac)","selected":true,"tempId":"aco_32","tooltip":"2-11 Years","description":"","gt_translate_keys":["label","tooltip","description"]}],"priceOptions":"fixed_for_all","pricingType":"fixed","price":"30","cl_rule":"show","col":6,"type":"radio-group","error":false,"options_tooltip":true,"options_description":true,"gt_translate_keys":["label","quantity_label"],"price_dependency":false,"cl_dependency":false,"value":""}],[{"active":true,"col":6,"relations":false,"cl_rule":"show","enableCl":false,"price":"","enablePrice":false,"className":"","label_position":"default","desc_position":"default","type":"select","required":false,"elementId":"select_165e4c5e6ca6b3","label":"\ud83c\udf0e Language","name":"select_165e4c5e6ca6b3","values":[{"label":"English (Mon, Thu)","value":"English","selected":false,"tempId":"aco_596","gt_translate_keys":["label"]},{"label":"Spanish (Mon, Thu)","value":"Spanish","selected":false,"tempId":"aco_597","gt_translate_keys":["label"]},{"label":"German (Thu)","value":"German","selected":false,"tempId":"aco_598","gt_translate_keys":["label"]},{"label":"French (Mon)","value":"French","selected":false,"tempId":"aco_145","gt_translate_keys":["label"]}],"dropdown_type":"basic","error":false,"gt_translate_keys":["label"],"price_dependency":false,"cl_dependency":false,"value":""}],[{"active":true,"col":6,"relations":false,"cl_rule":"show","enableCl":false,"price":"","enablePrice":false,"className":"","label_position":"default","desc_position":"default","type":"separator","required":false,"elementId":"separator_1065e4c5e6ca6be","label":"Separator Field","height":"7","separatorType":"blank","error":false,"gt_translate_keys":["label"],"price_dependency":false,"cl_dependency":false,"value":""}],[{"active":true,"col":6,"relations":false,"cl_rule":"show","enableCl":false,"price":"","enablePrice":false,"className":"","label_position":"default","desc_position":"default","type":"text","subtype":"text","required":false,"elementId":"text_465e4c5e6ca6c8","label":"\ud83d\ude8c Pickup Location","name":"text_465e4c5e6ca6c8","value":"","description":"Pick-up service in South Tenerife. Simply provide your address or hotel name.","error":false,"gt_translate_keys":["label","description","value"],"price_dependency":false,"cl_dependency":false}]]},"sec_hf2o0212l0":{"extra":{"key":"sec_hf2o0212l0","section_id":"sec_hf2o0212l0","name":"North Tenerife","status":1,"cl_rule":"show","enableCl":true,"relations":[{"operator":false,"rules":[{"operator":"AND","rules":{"cl_field":"radio_9884051252","cl_relation":"is","cl_val":"Pickup from North Tenerife"}}]}],"toggle":true,"title_tag":"h4","show_title":false,"showPrice":"default","form_id":10215,"form_rules":{"exclude_from_discount":true,"fee_label":"Fee","disp_hide_options_price":true,"disp_show_section_price":false,"disp_show_field_price":true,"layout_option":"standard","pric_use_as_fee":false,"process_fee_as":"woo_fee"},"layout_option":"standard"},"fields":[[{"label":"\ud83d\udcc5 Date","active":true,"required":true,"elementId":"date-0739311162","picker_type":"custom","picker_mode":"single","placeholder":"","description":"","tooltip":"","name":"date-0739311162","label_position":"default","desc_position":"default","enablePrice":false,"className":"","enableCl":false,"relations":[{"operator":"and","rules":[{"operator":"AND","rules":{"cl_field":"radio-group_665df45fcbc30b","cl_relation":"is","cl_val":"3 Hour Trip"}}]}],"enableDesign":false,"LabelColor":"","date_pic_inline":true,"date_pic_inline_hide":true,"min_date":{"type":"days","val":"2"},"max_date":{"type":"days","val":"365"},"date_pic_conf":{"disabledWeeks":[]},"price":"","cl_rule":"show","col":6,"type":"date","error":false,"gt_translate_keys":["label","placeholder","description","tooltip"],"price_dependency":false,"cl_dependency":false,"value":""}],[{"elementId":"separator-0739321163","separatorType":"blank","className":"","height":"10","enableCl":false,"relations":false,"cl_rule":"show","col":6,"type":"separator","gt_translate_keys":[],"price_dependency":false,"cl_dependency":false,"value":""}],[{"contentType":"plain","active":true,"label":"People","elementId":"content-0739321164","value":"","inline":false,"show_in_checkout":true,"name":"content-0739321164","enablePrice":false,"className":"","enableCl":false,"relations":false,"price":"","cl_rule":"show","col":6,"type":"content","gt_translate_keys":["label","value"],"price_dependency":false,"cl_dependency":false}],[{"label":"","active":true,"required":false,"elementId":"radio-group-0739321165","name":"radio-group-0739321165","label_position":"default","desc_position":"default","enablePrice":true,"className":"","enableCl":true,"relations":[{"operator":false,"rules":[{"operator":"AND","rules":{"cl_field":"","cl_relation":"","cl_val":""}}]}],"enable_quantity":true,"quantity_label":"","min_quantity":"0","checkUi":"button","layOut":"","options_tooltip":true,"options_description":true,"values":[{"label":"\ud83d\udc64 Adult (48\u20ac)","value":"Adult (48\u20ac)","selected":true,"tempId":"aco_32","tooltip":"+12 Years","description":"","gt_translate_keys":["label","tooltip","description"]}],"priceOptions":"fixed_for_all","pricingType":"fixed","price":"48","cl_rule":"show","col":6,"type":"radio-group","gt_translate_keys":["label","quantity_label"],"price_dependency":false,"cl_dependency":false,"value":""}],[{"label":"","active":true,"required":false,"elementId":"radio-group-0739331166","name":"radio-group-0739331166","label_position":"default","desc_position":"default","enablePrice":true,"className":"","enableCl":false,"relations":false,"enable_quantity":true,"quantity_label":"","min_quantity":"0","checkUi":"button","layOut":"","options_tooltip":true,"options_description":true,"values":[{"label":"\ud83d\udc66 Child (24,50\u20ac)","value":"Child","selected":true,"tempId":"aco_32","tooltip":"2-11 Years","description":"","gt_translate_keys":["label","tooltip","description"]}],"priceOptions":"fixed_for_all","pricingType":"fixed","price":"24,50","cl_rule":"show","col":6,"type":"radio-group","error":false,"gt_translate_keys":["label","quantity_label"],"price_dependency":false,"cl_dependency":false,"value":""}],[{"label":"\ud83c\udf0e Language","active":true,"required":false,"elementId":"select-0739351167","dropdown_type":"basic","name":"select-0739351167","label_position":"default","desc_position":"default","enablePrice":false,"className":"","enableCl":false,"relations":false,"values":[{"label":"English","value":"English","selected":false,"tempId":"aco_596","gt_translate_keys":["label"]},{"label":"Spanish","value":"Spanish","selected":false,"tempId":"aco_597","gt_translate_keys":["label"]},{"label":"German","value":"German","selected":false,"tempId":"aco_598","gt_translate_keys":["label"]},{"label":"French","value":"French","selected":false,"tempId":"aco_145","gt_translate_keys":["label"]}],"price":"","cl_rule":"show","col":6,"type":"select","error":false,"gt_translate_keys":["label"],"price_dependency":false,"cl_dependency":false,"value":""}],[{"elementId":"separator-0739351168","separatorType":"blank","className":"","height":"7","enableCl":false,"relations":false,"cl_rule":"show","col":6,"type":"separator","gt_translate_keys":[],"price_dependency":false,"cl_dependency":false,"value":""}],[{"label":"\ud83d\ude8c Pickup Location","active":true,"required":false,"elementId":"text-0739351169","value":"","description":"Pick-up service in North Tenerife. Simply provide your address or hotel name.","name":"text-0739351169","label_position":"default","desc_position":"default","enablePrice":false,"className":"","enableCl":false,"relations":false,"subtype":"text","price":"","cl_rule":"show","col":6,"type":"text","error":false,"gt_translate_keys":["label","description","value"],"price_dependency":false,"cl_dependency":false}]]}},"config":{"price_override":"always","enable_recaptcha":false,"bind_quantity":false,"quantity_bind_formula":false,"disp_summ_show_option_price":true,"disp_summ_show_product_price":false,"disp_summ_show_total_price":true,"disp_summ_show_fee":true,"disp_summ_show_discount":true,"summary_title":"","options_total_label":"Options Price","total_label":"Total Amount","options_product_label":"Product Price","fee_label":"Fee","discount_label":"Discount","has_price":true,"has_quantity_formula":false},"mc_unit":1,"tax_rate":1,"tax_rate_real":1,"discount":{"percentage":0,"fixed":0},"design":{"conf":{"LabelPosition":"above","DescPosition":"above","UploadField":"custom_1","QuantityFieldStyle":"custom_1"},"css":{"LeftLabelWidth":"120px"}},"formulas":[],"lookuptables":[],"clones":false,"cartKey":false}},"_links":{"self":[{"href":"https:\/\/canaryvip.com\/ro\/wp-json\/wp\/v2\/product\/9435","targetHints":{"allow":["GET"]}}],"collection":[{"href":"https:\/\/canaryvip.com\/ro\/wp-json\/wp\/v2\/product"}],"about":[{"href":"https:\/\/canaryvip.com\/ro\/wp-json\/wp\/v2\/types\/product"}],"replies":[{"embeddable":true,"href":"https:\/\/canaryvip.com\/ro\/wp-json\/wp\/v2\/comments?post=9435"}],"wp:featuredmedia":[{"embeddable":true,"href":"https:\/\/canaryvip.com\/ro\/wp-json\/wp\/v2\/media\/9439"}],"wp:attachment":[{"href":"https:\/\/canaryvip.com\/ro\/wp-json\/wp\/v2\/media?parent=9435"}],"wp:term":[{"taxonomy":"product_brand","embeddable":true,"href":"https:\/\/canaryvip.com\/ro\/wp-json\/wp\/v2\/product_brand?post=9435"},{"taxonomy":"product_cat","embeddable":true,"href":"https:\/\/canaryvip.com\/ro\/wp-json\/wp\/v2\/product_cat?post=9435"},{"taxonomy":"product_tag","embeddable":true,"href":"https:\/\/canaryvip.com\/ro\/wp-json\/wp\/v2\/product_tag?post=9435"}],"curies":[{"name":"wp","href":"https:\/\/api.w.org\/{rel}","templated":true}]}}