{"id":9428,"date":"2024-02-05T13:40:56","date_gmt":"2024-02-05T13:40:56","guid":{"rendered":"https:\/\/canaryvip.com\/?post_type=product&#038;p=9428"},"modified":"2025-08-09T13:01:57","modified_gmt":"2025-08-09T12:01:57","slug":"gran-canaria-experience-with-poema-del-mar","status":"publish","type":"product","link":"https:\/\/canaryvip.com\/ro\/shop\/gran-canaria-experience-with-poema-del-mar\/","title":{"rendered":"Tur ghidat \u00een Gran Canaria cu Poema del Mar din Tenerife"},"content":{"rendered":"<h2>\ud83d\udc20 <strong>Experien\u021ba Gran Canaria: O zi \u00eentreag\u0103 de explorare<\/strong><\/h2>\n<ul>\n<li><strong>\ud83c\udfe8 Pickup \u0219i drop-off la hotel:<\/strong> \u00cencepe\u021bi \u0219i \u00eencheia\u021bi ziua cu confort. Serviciul nostru include transportul de la hotel la feribot \u0219i \u00eenapoi.<\/li>\n<li><strong>\ud83d\udea2 C\u0103l\u0103torie cu feribotul:<\/strong> C\u0103l\u0103tori\u021bi confortabil cu Fred Olsen de la Santa Cruz de Tenerife la <a href=\"https:\/\/www.google.com\/maps\/place\/Fred.+Olsen\/@28.0998592,-15.708991,15.51z\/data=!4m15!1m8!3m7!1s0xc408b65894cde91:0x2a021e37bef00582!2sAgaete,+Las+Palmas!3b1!8m2!3d28.1002592!4d-15.6996738!16zL20vMDNtczVu!3m5!1s0xc4095471a4e3083:0x7763d59b2d7b3eaf!8m2!3d28.0994937!4d-15.7121943!16s%2Fg%2F1q5bmfyx3?entry=ttu\" target=\"_blank\" rel=\"noopener\">Agaete<\/a>, experiment\u00e2nd frumuse\u021bea m\u0103rii.<\/li>\n<li><strong>\ud83c\udf79 Descoper\u0103 Distileria Arehucas:<\/strong> Descoperi\u021bi secretele produc\u021biei de rom rafinat, vizit\u00e2nd una dintre cele mai vechi pivni\u021be de rom din Europa \u0219i bucura\u021bi-v\u0103 de o experien\u021b\u0103 de degustare \u00eenc\u00e2nt\u0103toare.<\/li>\n<li><strong>\ud83d\udc20 Scufund\u0103-te \u00een Poema del Mar:<\/strong> Explora\u021bi vasta via\u021b\u0103 marin\u0103 \u00eentr-un acvariu de ultim\u0103 genera\u021bie, cu cel mai mare panou de vizionare curbat din lume, amplasat \u00een vibrantul Las Palmas.<\/li>\n<\/ul>\n<p>\ud83d\udccd <strong>Locuri de vizitat:<\/strong> C\u0103l\u0103tori\u021bi de la bogatul patrimoniu din Arehucas p\u00e2n\u0103 la minunile acvatice din Poema del Mar, fiecare dintre acestea oferind o perspectiv\u0103 unic\u0103 asupra culturii \u0219i frumuse\u021bii naturale din Gran Canaria.<\/p>\n<p>\ud83c\udf92 <strong>Esen\u021bial pentru aventur\u0103:<\/strong> Aduce\u021bi-v\u0103 cu dumneavoastr\u0103 un sim\u021b al minunii, pantofi comozi pentru mersul pe jos \u0219i nu uita\u021bi aparatul foto pentru a surprinde momentele memorabile ale zilei.<\/p>\n<p>\ud83d\udca1 <strong>Perspective culturale:<\/strong> Afla\u021bi informa\u021bii fascinante despre arta fabric\u0103rii romului \u0219i admira\u021bi biodiversitatea din cadrul expozi\u021biilor moderne de la Poema del Mar.<\/p>\n<p>\ud83c\udfab <strong>Aventur\u0103 cu totul inclus:<\/strong> Aceast\u0103 excursie de o zi \u00eentreag\u0103 include preluarea \u0219i l\u0103sarea la hotel, c\u0103l\u0103toria cu feribotul Fred Olsen, intrarea la Poema del Mar \u0219i un tur pietonal ghidat al ora\u0219ului. <a href=\"https:\/\/www.google.com\/maps\/place\/Vegueta,+35001+Las+Palmas+de+Gran+Canaria,+Las+Palmas\/@28.0980197,-15.4181459,17z\/data=!3m1!4b1!4m6!3m5!1s0xc40958cfffd3b6f:0x14a4665fe84d3b40!8m2!3d28.0980197!4d-15.415571!16s%2Fg%2F11bzq2sgf3?entry=ttu\" target=\"_blank\" rel=\"noopener\">Cartierul istoric al ora\u0219ului Vegueta<\/a>. <span style=\"text-decoration: underline;\">V\u0103 rug\u0103m s\u0103 re\u021bine\u021bi c\u0103 mesele nu sunt incluse, ceea ce v\u0103 ofer\u0103 flexibilitatea de a lua masa dup\u0103 bunul plac.<\/span><\/p>\n<p>\ud83d\udeb6\u200d\u2642\ufe0f<strong>Vegueta istoric\u0103 pe jos:<\/strong> \u00cencheia\u021bi ziua cu o plimbare ghidat\u0103 pe str\u0103zile fermec\u0103toare din Vegueta, cufund\u00e2ndu-v\u0103 \u00een istoria bogat\u0103 \u0219i \u00een arhitectura uimitoare a ora\u0219ului vechi din Gran Canaria.<\/p>\n<p>\ud83d\udd57 <strong>Orele de \u00eenceput \u0219i de sf\u00e2r\u0219it:<\/strong> Aventura ta de o zi \u00eentreag\u0103 \u00eencepe cu o preluare de la hotelul t\u0103u \u00een jurul orei 8:00 AM - cu c\u00e2teva minute mai mult sau mai pu\u021bin, \u00een func\u021bie de hotelul t\u0103u sau de locul de preluare. Ziua se \u00eencheie cu o predare \u00een jurul orei 20:30, din nou, variind u\u0219or \u00een func\u021bie de hotelul dumneavoastr\u0103. V\u0103 asigur\u0103m o zi \u00eentreag\u0103 de explorare \u0219i pl\u0103cere, gestion\u00e2nd toate detaliile astfel \u00eenc\u00e2t s\u0103 v\u0103 pute\u021bi cufunda \u00een experien\u021b\u0103 f\u0103r\u0103 griji.<\/p>\n<p>\ud83c\udf1f <strong>Beneficii exclusive CanaryVIP:<\/strong> Bucura\u021bi-v\u0103 de o zi plin\u0103 de descoperiri la un pre\u021b competitiv, cu toate experien\u021bele esen\u021biale incluse. Conta\u021bi pe noi pentru o experien\u021b\u0103 f\u0103r\u0103 cusur, oferind asisten\u021b\u0103 atent\u0103 de la \u00eenceput p\u00e2n\u0103 la sf\u00e2r\u0219it<\/p>\n<p><strong>\ud83d\udd17 Gata pentru o aventur\u0103?<\/strong> Nu rata\u021bi acest eveniment cuprinz\u0103tor <a href=\"https:\/\/canaryvip.com\/ro\/tenerife\/guided-tours\/bus-tours\/?swcfpc=1\">tur ghidat cu autobuzul<\/a> din Gran Canaria, de la ad\u00e2ncurile istorice ale distileriei Arehucas la splendoarea natural\u0103 a Poema del Mar. Asigura\u021bi-v\u0103 un loc acum pentru o zi plin\u0103 de explorare \u0219i \u00eenc\u00e2ntare!<\/p>","protected":false},"excerpt":{"rendered":"<p><strong>\ud83d\udd0d Experien\u021ba Gran Canaria:<\/strong><br \/>\n\u2705 Plat\u0103 sigur\u0103.<br \/>\n\ud83d\udcc5 \u00cen fiecare vineri.<br \/>\n\ud83d\udef3\ufe0f Plecare din Tenerife.<br \/>\n\ud83d\ude80 Bucura\u021bi-v\u0103 de un tur ghidat.<br \/>\n\ud83d\udc20 Descoper\u0103 Poema del Mar.<br \/>\n\ud83e\udd43 Experimenta\u021bi Distileria Arehucas.<br \/>\n\ud83c\udff0 Explora\u021bi ora\u0219ul istoric Vegueta.<br \/>\n\ud83d\udd59 12h Aventur\u0103 de o zi \u00eentreag\u0103.<br \/>\n\ud83e\udd11 Cel mai bun pre\u021b garantat.<br \/>\n\ud83d\ude8c Pickup \u0219i drop-off la hotel.<br \/>\n\ud83d\udc6a Reduceri pentru rezerv\u0103ri de grup.<br \/>\n\ud83d\udd01 Anulare gratuit\u0103 p\u00e2n\u0103 la 72 de ore.<br \/>\n\ud83c\udf0d Suport multilingv.<br \/>\n\ud83c\udf1f Rezerva\u021bi acum \u0219i economisi\u021bi!<br \/>\n\ud83d\udccd G\u0103si\u021bi <a href=\"https:\/\/maps.app.goo.gl\/FMkYHCdfK35bQLag9\">Poema del Mar \u00een h\u0103r\u021bi<\/a>!<\/p>","protected":false},"featured_media":9433,"comment_status":"open","ping_status":"closed","template":"","meta":{"_acf_changed":false},"product_brand":[],"product_cat":[52,68],"product_tag":[],"class_list":{"0":"post-9428","1":"product","2":"type-product","3":"status-publish","4":"has-post-thumbnail","6":"product_cat-bus-tours","7":"product_cat-guided-tours","8":"wcpa_has_options","10":"first","11":"instock","12":"virtual","13":"purchasable","14":"product-type-simple"},"acf":[],"wcpa_form_fields":{"wcpaData":{"product":{"product_price":125,"price_html":"From&nbsp;<span class=\"woocommerce-Price-amount amount\"><bdi>125,00&nbsp;<span class=\"woocommerce-Price-currencySymbol\">&euro;<\/span><\/bdi><\/span>","original_product_price":125,"price_including_tax":125,"price_excluding_tax":125,"product_id":{"parent":9428,"variation":false},"is_variable":false,"stock_status":"instock","stock_quantity":null,"parent_sku":"CV9428","product_attributes":[],"custom_fields":[],"is_taxable":false,"product_name":"Gran Canaria Guided Tour with Poema del Mar from Tenerife","hasImage":false},"fields":{"sec_465e4c52d01ea2":{"extra":{"key":"sec_465e4c52d01ea2","section_id":"sec_465e4c52d01ea2","name":"Tickets","status":1,"cl_rule":"show","enableCl":false,"relations":[{"operator":false,"rules":[{"operator":"AND","rules":{"cl_field":"radio-group_665df45fcbc30b","cl_relation":"is","cl_val":"Siam Park Regular Tickets"}}]}],"toggle":true,"title_tag":"h4","show_title":false,"showPrice":"default","form_id":10213,"form_rules":{"exclude_from_discount":true,"fee_label":"Fee","disp_hide_options_price":true,"disp_show_section_price":false,"disp_show_field_price":true,"layout_option":"standard","pric_use_as_fee":false,"process_fee_as":"woo_fee"},"layout_option":"standard"},"fields":[[{"label":"\ud83d\udcc5 Date","active":true,"required":true,"elementId":"date_865e4c52d01ec0","picker_type":"custom","picker_mode":"single","placeholder":"","description":"","tooltip":"","name":"date_865e4c52d01ec0","label_position":"default","desc_position":"default","enablePrice":false,"className":"","enableCl":false,"relations":[{"operator":"and","rules":[{"operator":"AND","rules":{"cl_field":"radio-group_665df45fcbc30b","cl_relation":"is","cl_val":"3 Hour Trip"}}]}],"date_pic_inline":true,"date_pic_inline_hide":true,"min_date":{"type":"days","val":"2"},"max_date":{"type":"days","val":"365"},"date_pic_conf":{"disabledWeeks":[0,1,2,3,4,6]},"price":"","cl_rule":"show","col":6,"type":"date","error":false,"enableDesign":false,"LabelColor":"","gt_translate_keys":["label","placeholder","description","tooltip"],"price_dependency":false,"cl_dependency":false,"value":""}],[{"elementId":"separator_665e4c52d01ece","separatorType":"blank","className":"","height":"10","enableCl":false,"relations":false,"cl_rule":"show","col":6,"type":"separator","gt_translate_keys":[],"price_dependency":false,"cl_dependency":false,"value":""}],[{"active":true,"col":6,"relations":false,"cl_rule":"show","enableCl":false,"price":"","enablePrice":false,"className":"","label_position":"default","desc_position":"default","type":"content","required":false,"elementId":"content_765e4c52d01eda","label":"People","name":"content_765e4c52d01eda","contentType":"plain","value":"","error":false,"show_in_checkout":true,"inline":false,"gt_translate_keys":["label","value"],"price_dependency":false,"cl_dependency":false}],[{"active":true,"col":6,"relations":[{"operator":false,"rules":[{"operator":"AND","rules":{"cl_field":"","cl_relation":"","cl_val":""}}]}],"cl_rule":"show","enableCl":true,"price":"130","enablePrice":true,"className":"","label_position":"default","desc_position":"default","type":"radio-group","required":false,"elementId":"radio-group_065e4c52d01ee6","label":"","name":"radio-group_065e4c52d01ee6","values":[{"label":"\ud83d\udc64 Adult (130\u20ac)","value":"Adult","selected":true,"tempId":"aco_32","tooltip":"+12 Years","description":"","gt_translate_keys":["label","tooltip","description"]}],"layOut":"","error":false,"checkUi":"button","priceOptions":"fixed_for_all","pricingType":"fixed","enable_quantity":true,"quantity_label":"","min_quantity":"0","options_tooltip":true,"options_description":true,"gt_translate_keys":["label","quantity_label"],"price_dependency":false,"cl_dependency":false,"value":""}],[{"label":"","active":true,"required":false,"elementId":"radio-group_665e4c52d01ef1","name":"radio-group_665e4c52d01ef1","label_position":"default","desc_position":"default","enablePrice":true,"className":"","enableCl":false,"relations":false,"enable_quantity":true,"quantity_label":"","min_quantity":"0","checkUi":"button","layOut":"","values":[{"label":"\ud83d\udc66 Child (30\u20ac)","value":"Child","selected":true,"tempId":"aco_32","tooltip":"3-11 Years","description":"","gt_translate_keys":["label","tooltip","description"]}],"priceOptions":"fixed_for_all","pricingType":"fixed","price":"30","cl_rule":"show","col":6,"type":"radio-group","error":false,"options_tooltip":true,"options_description":true,"gt_translate_keys":["label","quantity_label"],"price_dependency":false,"cl_dependency":false,"value":""}],[{"label":"","active":true,"required":false,"elementId":"radio-group_1065e4c52d01efb","name":"radio-group_1065e4c52d01efb","label_position":"default","desc_position":"default","enablePrice":true,"className":"","enableCl":false,"relations":false,"enable_quantity":true,"quantity_label":"","min_quantity":"0","checkUi":"button","layOut":"","options_tooltip":true,"options_description":true,"values":[{"label":"\ud83d\udc76 Toddler (20\u20ac)","value":"Toddler","selected":true,"tempId":"aco_32","tooltip":"0-2 Years","description":"","gt_translate_keys":["label","tooltip","description"]}],"priceOptions":"fixed_for_all","pricingType":"fixed","price":"20","cl_rule":"show","col":6,"type":"radio-group","error":false,"gt_translate_keys":["label","quantity_label"],"price_dependency":false,"cl_dependency":false,"value":""}],[{"active":true,"col":6,"relations":false,"cl_rule":"show","enableCl":false,"price":"","enablePrice":false,"className":"","label_position":"default","desc_position":"default","type":"select","required":false,"elementId":"select_565e4c52d01f05","label":"\ud83c\udf0e Language","name":"select_565e4c52d01f05","values":[{"label":"English","value":"English","selected":false,"tempId":"aco_1213","gt_translate_keys":["label"]},{"label":"German","value":"German","selected":false,"tempId":"aco_302","gt_translate_keys":["label"]},{"label":"Spanish","value":"Spanish","selected":false,"tempId":"aco_312","gt_translate_keys":["label"]}],"dropdown_type":"basic","error":false,"gt_translate_keys":["label"],"price_dependency":false,"cl_dependency":false,"value":""}],[{"active":true,"col":6,"relations":false,"cl_rule":"show","enableCl":false,"price":"","enablePrice":false,"className":"","label_position":"default","desc_position":"default","type":"separator","required":false,"elementId":"separator_865e4c52d01f0f","label":"Separator Field","height":"7","separatorType":"blank","error":false,"gt_translate_keys":["label"],"price_dependency":false,"cl_dependency":false,"value":""}],[{"active":true,"col":6,"relations":false,"cl_rule":"show","enableCl":false,"price":"","enablePrice":false,"className":"","label_position":"default","desc_position":"default","type":"text","subtype":"text","required":false,"elementId":"text_865e4c52d01f18","label":"\ud83d\ude8c Pickup Location","name":"text_865e4c52d01f18","value":"","description":"Free pick-up service in North Tenerife and South Tenerife. Simply provide your address or hotel name.","error":false,"gt_translate_keys":["label","description","value"],"price_dependency":false,"cl_dependency":false}]]}},"config":{"price_override":"always","enable_recaptcha":false,"bind_quantity":false,"quantity_bind_formula":false,"disp_summ_show_option_price":true,"disp_summ_show_product_price":false,"disp_summ_show_total_price":true,"disp_summ_show_fee":true,"disp_summ_show_discount":true,"summary_title":"","options_total_label":"Options Price","total_label":"Total Amount","options_product_label":"Product Price","fee_label":"Fee","discount_label":"Discount","has_price":true,"has_quantity_formula":false},"mc_unit":1,"tax_rate":1,"tax_rate_real":1,"discount":{"percentage":0,"fixed":0},"design":{"conf":{"LabelPosition":"above","DescPosition":"above","UploadField":"custom_1","QuantityFieldStyle":"custom_1"},"css":{"LeftLabelWidth":"120px"}},"formulas":[],"lookuptables":[],"clones":false,"cartKey":false}},"_links":{"self":[{"href":"https:\/\/canaryvip.com\/ro\/wp-json\/wp\/v2\/product\/9428","targetHints":{"allow":["GET"]}}],"collection":[{"href":"https:\/\/canaryvip.com\/ro\/wp-json\/wp\/v2\/product"}],"about":[{"href":"https:\/\/canaryvip.com\/ro\/wp-json\/wp\/v2\/types\/product"}],"replies":[{"embeddable":true,"href":"https:\/\/canaryvip.com\/ro\/wp-json\/wp\/v2\/comments?post=9428"}],"wp:featuredmedia":[{"embeddable":true,"href":"https:\/\/canaryvip.com\/ro\/wp-json\/wp\/v2\/media\/9433"}],"wp:attachment":[{"href":"https:\/\/canaryvip.com\/ro\/wp-json\/wp\/v2\/media?parent=9428"}],"wp:term":[{"taxonomy":"product_brand","embeddable":true,"href":"https:\/\/canaryvip.com\/ro\/wp-json\/wp\/v2\/product_brand?post=9428"},{"taxonomy":"product_cat","embeddable":true,"href":"https:\/\/canaryvip.com\/ro\/wp-json\/wp\/v2\/product_cat?post=9428"},{"taxonomy":"product_tag","embeddable":true,"href":"https:\/\/canaryvip.com\/ro\/wp-json\/wp\/v2\/product_tag?post=9428"}],"curies":[{"name":"wp","href":"https:\/\/api.w.org\/{rel}","templated":true}]}}