{"id":8824,"date":"2024-01-15T13:42:01","date_gmt":"2024-01-15T13:42:01","guid":{"rendered":"https:\/\/canaryvip.com\/?post_type=product&#038;p=8824"},"modified":"2025-09-19T12:00:53","modified_gmt":"2025-09-19T11:00:53","slug":"siam-park-vip-villa","status":"publish","type":"product","link":"https:\/\/canaryvip.com\/ro\/shop\/siam-park-vip-villa\/","title":{"rendered":"Vila VIP Siam Park"},"content":{"rendered":"<section class=\"l-section wpb_row height_medium\"><div class=\"l-section-h i-cf\"><div class=\"g-cols vc_row via_flex valign_top type_default stacking_default\"><div class=\"vc_col-sm-12 wpb_column vc_column_container\"><div class=\"vc_column-inner\"><div class=\"wpb_wrapper\"><div class=\"wpb_text_column\"><div class=\"wpb_wrapper\"><h2>\ud83c\udf34 <strong>Siam Park VIP Villa Experience cu CanaryVIP<\/strong><\/h2>\n<p>Bine a\u021bi venit \u00een culmea luxului la Siam Park din Tenerife. Ca o oaz\u0103 pentru pasiona\u021bii de ap\u0103, <strong>Parcul Siam<\/strong> este renumit pentru plimb\u0103rile sale palpitante \u0219i pentru peisajele sale pitore\u0219ti. De la cursele de adrenalin\u0103 <strong>Turnul de putere<\/strong> la senin\u0103tatea <strong>R\u00e2ul Mai Thai,<\/strong>\u00a0ne adres\u0103m oric\u0103rui tip de aventurier. Ridica\u021bi-v\u0103 vizita cu aceast\u0103 experien\u021b\u0103 exclusivist\u0103 VIP Villa, unde sofisticarea \u0219i emo\u021bia se \u00eent\u00e2lnesc.<\/p>\n<h3><strong>\ud83c\udf1f Facilit\u0103\u021bi de lux pentru vila VIP<\/strong><\/h3>\n<ul>\n<li><strong>Elegan\u021b\u0103 inspirat\u0103 din Thailanda:<\/strong> Vila VIP, \u00eempodobit\u0103 cu elegan\u021b\u0103 thailandez\u0103, ofer\u0103 un refugiu lini\u0219tit \u0219i luxos.<\/li>\n<li><strong>Confort suprem:<\/strong> V\u0103 pute\u021bi relaxa \u00een mod extravagant, cu canapele de plu\u0219, du\u0219uri pe teras\u0103 privat\u0103 \u0219i \u0219ezlonguri.<\/li>\n<li><strong>Prosoape \u0219i du\u0219 privat:<\/strong> Sunt furnizate prosoape proaspete, precum \u0219i un du\u0219 privat pentru confortul dumneavoastr\u0103.<\/li>\n<li><strong>Controlul climatiz\u0103rii:<\/strong> Ventilatoare de ultim\u0103 genera\u021bie pentru a men\u021bine o atmosfer\u0103 confortabil\u0103.<\/li>\n<li><strong>Depozitare securizat\u0103 a obiectelor de valoare:<\/strong> Pentru siguran\u021ba bunurilor dvs. este disponibil un seif.<\/li>\n<li><strong>Teras\u0103 privat\u0103 cu \u0219ezlonguri:<\/strong> Bucura\u021bi-v\u0103 de plaj\u0103 sau relaxa\u021bi-v\u0103 la umbr\u0103 pe terasa exclusiv\u0103.<\/li>\n<li><strong>Jacuzzi personal:<\/strong> Cufunda\u021bi-v\u0103 \u00een relaxare cu propriul jacuzzi privat, un simbol al luxului suprem.<\/li>\n<\/ul>\n<h3><strong>\ud83c\udfa5 Vila Divertisment \u0219i confort<\/strong><\/h3>\n<ul>\n<li><strong>TV \u0219i zon\u0103 de lounge:<\/strong> Un lounge confortabil cu un televizor pentru a v\u0103 bucura de emisiunile preferate.<\/li>\n<li><strong>Minibar bine aprovizionat:<\/strong> \u00cen minibar este disponibil\u0103 o gam\u0103 larg\u0103 de b\u0103uturi pentru a satisface orice sete.<\/li>\n<li><strong>M\u00e2ncare all inclusive:<\/strong> Bucura\u021bi-v\u0103 de o selec\u021bie divers\u0103 de delicii culinare la restaurantele noastre premium.<\/li>\n<li><strong>B\u0103uturi \u0219i \u00eenghe\u021bat\u0103:<\/strong> Acces nelimitat la b\u0103uturi r\u0103coritoare, bere, ap\u0103 \u0219i \u00eenghe\u021bat\u0103.<\/li>\n<\/ul>\n<h3><strong>\ud83c\udfa2 Acces prioritar la atrac\u021bii cu VIP Fast Pass:<\/strong><\/h3>\n<ul>\n<li><strong>All-Day Fast Pass:<\/strong> Ocoli\u021bi cozile pentru a avea acces instantaneu la toate atrac\u021biile \u0219i pentru a v\u0103 bucura la maximum de distrac\u021bie.<\/li>\n<\/ul>\n<h3><strong>\ud83c\udf74 Mese all-inclusive \u0219i op\u021biuni nelimitate de b\u0103uturi:<\/strong><\/h3>\n<ul>\n<li><strong>Selec\u021bii culinare nelimitate:<\/strong> Bucura\u021bi-v\u0103 de o experien\u021b\u0103 culinar\u0103 all-inclusive, cu o mare varietate de op\u021biuni disponibile \u00een tot parcul.<\/li>\n<li><strong>B\u0103uturi nelimitate:<\/strong> Bucura\u021bi-v\u0103 de acces nelimitat la o gam\u0103 variat\u0103 de b\u0103uturi gratuite, pentru a v\u0103 asigura c\u0103 v\u0103 ve\u021bi men\u021bine revigorat pe toat\u0103 durata vizitei.<\/li>\n<\/ul>\n<h3><strong>\ud83d\udcb0 Pre\u021buri \u0219i valoare excep\u021bionale<\/strong><\/h3>\n<ul>\n<li><strong>Tariful inclus:<\/strong> Vila VIP este disponibil\u0103 la pre\u021bul de 1215 \u20ac \u0219i poate g\u0103zdui p\u00e2n\u0103 la 8 persoane, asigur\u00e2nd intimitate \u0219i exclusivitate at\u00e2t pentru grupuri mici, c\u00e2t \u0219i pentru grupuri mai mari.<\/li>\n<li><strong>Cazare suplimentar\u0103 pentru oaspe\u021bi:<\/strong> Vila poate g\u0103zdui p\u00e2n\u0103 la 12 oaspe\u021bi, cu o tax\u0103 suplimentar\u0103 de 151 \u20ac pe persoan\u0103 \u00een plus fa\u021b\u0103 de num\u0103rul ini\u021bial de opt.<\/li>\n<\/ul>\n<h3><strong>\ud83d\ude8c Transport convenabil \u0219i gratuit<\/strong><\/h3>\n<ul>\n<li><strong>C\u0103l\u0103torii f\u0103r\u0103 stres:<\/strong> Utiliza\u021bi serviciul gratuit de autobuz Siam Park Bus Service pentru un transport u\u0219or \u0219i convenabil.<\/li>\n<li><strong>Puncte de preluare extinse:<\/strong> Mai multe loca\u021bii de preluare \u00een Tenerife pentru un acces f\u0103r\u0103 efort.<\/li>\n<\/ul>\n<h3><strong>\u23f0 Planific\u0103-\u021bi vizita final\u0103<\/strong><\/h3>\n<ul>\n<li><strong>Disponibilitate pe tot parcursul anului:<\/strong> Deschis vara (10.00-18.00) \u0219i iarna (10.00-17.00).<\/li>\n<li><strong>Loca\u021bie excelent\u0103:<\/strong> Situat \u00een zona vibrant\u0103 Costa Adeje, oferind priveli\u0219ti uimitoare \u0219i acces u\u0219or.<\/li>\n<\/ul>\n<h3><b>\u274c Condi\u021bii de anulare<\/b><\/h3>\n<ul>\n<li style=\"font-weight: 400;\" aria-level=\"1\"><span style=\"font-weight: 400;\">Oaspe\u021bii care anuleaz\u0103 <\/span><b>cu cel pu\u021bin o lun\u0103 \u00eenainte de service-ul programat<\/b><span style=\"font-weight: 400;\"> va primi un <\/span><b>rambursare integral\u0103<\/b><span style=\"font-weight: 400;\">.<\/span>&nbsp;<\/li>\n<li style=\"font-weight: 400;\" aria-level=\"1\"><span style=\"font-weight: 400;\">Anul\u0103ri transmise <\/span><b>de la o lun\u0103 p\u00e2n\u0103 la 7 zile \u00eenainte<\/b><span style=\"font-weight: 400;\"> la serviciu sunt supuse unei <\/span><b>60% tax\u0103 de anulare<\/b><span style=\"font-weight: 400;\">.<\/span>&nbsp;<\/li>\n<li style=\"font-weight: 400;\" aria-level=\"1\"><span style=\"font-weight: 400;\">Anul\u0103ri efectuate <\/span><b>\u00een termen de 7 zile de la data programat\u0103<\/b><span style=\"font-weight: 400;\"> sunt <\/span><b>nerambursabil<\/b><span style=\"font-weight: 400;\">.<\/span><\/li>\n<\/ul>\n<h3><strong>\ud83d\udd14 Experien\u021ba ta Deluxe CanaryVIP<\/strong><\/h3>\n<ul>\n<li><strong>P\u0103\u0219e\u0219te \u00een lux:<\/strong> \u00cembun\u0103t\u0103\u021bi\u021bi-v\u0103 vizita la Siam Park cu un sejur \u00een Vila VIP.<\/li>\n<li><strong>Crea\u021bi momente memorabile:<\/strong> Rezerva\u021bi acum pentru o experien\u021b\u0103 plin\u0103 de m\u0103re\u021bie, emo\u021bie \u0219i amintiri de neuitat.<\/li>\n<\/ul>\n<p>Fie c\u0103 s\u0103rb\u0103tori\u021bi o etap\u0103 important\u0103 sau organiza\u021bi un eveniment special, cei de la <strong>Vil\u0103 VIP la Siam Park Tenerife<\/strong> ofer\u0103 un amestec de lux \u0219i exclusivitate de neegalat. Perfect pentru grupuri mari, acesta combin\u0103 atrac\u021biile palpitante cu relaxarea senin\u0103.<\/p>\n<p>Rezerva\u021bi acum cu CanaryVIP pentru o aventur\u0103 somptuoas\u0103 \u0219i de neuitat la vila VIP Siam Park!<\/p>\n<\/div><\/div><\/div><\/div><\/div><\/div><\/div><\/section>","protected":false},"excerpt":{"rendered":"<p><strong>\ud83d\udd0d Siam Park Villa:<\/strong><br \/>\n\u2705 Plat\u0103 sigur\u0103.<br \/>\n\ud83d\ude80 Permis rapid VIP pentru toat\u0103 ziua.<br \/>\n\ud83d\udc68\u200d\ud83d\udc69\u200d\ud83d\udc66 Pre\u021buri pentru 8 persoane.<br \/>\n\ud83d\udc65 Se potrive\u0219te p\u00e2n\u0103 la 12 persoane.<br \/>\n\ud83d\udca6 Jacuzzi pe teras\u0103.<br \/>\n\ud83d\udd10 Dulap \u0219i prosoape incluse.<br \/>\n\ud83c\udf54 Alimente nelimitate.<br \/>\n\ud83c\udf7a B\u0103uturi r\u0103coritoare \u0219i bere nelimitate.<br \/>\n\ud83e\udd11 Cel mai bun pre\u021b garantat.<br \/>\n\ud83d\ude8d Autobuz de transfer gratuit.<br \/>\n\ud83c\udf0d Suport \u00een mai multe limbi.<br \/>\n\ud83c\udf1f Rezerva\u021bi acum \u0219i economisi\u021bi!<br \/>\n\ud83d\udc32 Descoper\u0103 <a href=\"https:\/\/canaryvip.com\/ro\/product-category\/tenerife\/theme-parks-tenerife\/siam-park-tickets\/\">toate biletele Siam Park aici<\/a>!<br \/>\n\ud83d\udccd G\u0103si\u021bi <a href=\"https:\/\/maps.app.goo.gl\/UfftQG3CrqW5R81r9\">Siam Park pe Google Maps<\/a>!<\/p>","protected":false},"featured_media":8825,"comment_status":"open","ping_status":"closed","template":"","meta":{"_acf_changed":false},"product_brand":[],"product_cat":[54,55],"product_tag":[],"class_list":{"0":"post-8824","1":"product","2":"type-product","3":"status-publish","4":"has-post-thumbnail","6":"product_cat-theme-parks","7":"product_cat-siam-park-tickets","8":"wcpa_has_options","10":"first","11":"instock","12":"virtual","13":"purchasable","14":"product-type-simple"},"acf":[],"wcpa_form_fields":{"wcpaData":{"product":{"product_price":1320,"price_html":"From&nbsp;<span class=\"woocommerce-Price-amount amount\"><bdi>1.320,00&nbsp;<span class=\"woocommerce-Price-currencySymbol\">&euro;<\/span><\/bdi><\/span>","original_product_price":1320,"price_including_tax":1320,"price_excluding_tax":1320,"product_id":{"parent":8824,"variation":false},"is_variable":false,"stock_status":"instock","stock_quantity":null,"parent_sku":"CV8824","product_attributes":[],"custom_fields":[],"is_taxable":false,"product_name":"Siam Park VIP Villa","hasImage":false},"fields":{"sec_165dcc0a3c8397":{"extra":{"key":"sec_165dcc0a3c8397","section_id":"sec_165dcc0a3c8397","name":"Default","status":1,"cl_rule":"show","enableCl":false,"relations":[],"toggle":true,"title_tag":"h3","show_title":false,"showPrice":"default","form_id":10124,"form_rules":{"exclude_from_discount":true,"fee_label":"Fee","disp_hide_options_price":true,"disp_show_section_price":false,"disp_show_field_price":true,"layout_option":"standard","pric_use_as_fee":false,"process_fee_as":"woo_fee"},"layout_option":"standard"},"fields":[[{"active":true,"col":6,"relations":false,"cl_rule":"show","enableCl":false,"price":"","enablePrice":false,"className":"","label_position":"default","desc_position":"default","type":"date","required":false,"elementId":"date_1065dcc0a3c83b7","name":"date_1065dcc0a3c83b7","label":"\ud83d\udcc5 Date","picker_type":"custom","picker_mode":"single","error":false,"date_pic_inline":true,"date_pic_inline_hide":true,"min_date":{"type":"days","val":"3"},"max_date":{"type":"days_from_min","val":"500"},"date_pic_conf":{"disabledDates":["2025-05-26 to 2025-05-27","2025-06-01 to 2025-06-04","2025-06-12 to 2025-06-17","2025-06-18 to 2025-06-19","2025-06-20","2025-06-21","2025-06-22","2025-06-23","2025-06-24","2025-06-25","2025-06-26 to 2025-06-27","2025-06-28 to 2025-06-29","2025-07-01 to 2025-07-02","2025-07-03","2025-07-04","2025-07-05","2025-07-06","2025-07-07","2025-07-08","2025-07-09","2025-07-10","2025-07-11","2025-07-12","2025-07-13","2025-07-14","2025-07-15","2025-07-16","2025-07-17","2025-07-18 to 2025-07-25","2025-07-26","2025-07-27","2025-07-28","2025-07-29","2025-07-30","2025-07-31","2025-08-01","2025-08-02","2025-08-03","2025-08-04","2025-08-05 to 2025-08-07","2025-08-08","2025-08-09 to 2025-08-10","2025-08-11 to 2025-08-14","2025-08-15 to 2025-08-16","2025-08-17","2025-08-18","2025-08-21","2025-08-22","2025-08-23","2025-08-24 to 2025-08-26","2025-08-27","2025-08-28 to 2025-08-30","2025-08-31","2025-08-19 to 2025-08-20"]},"isWeightTemplate":false,"isTemplate":false,"min_quantity":"1","quantity_decimal":false,"quantity_step":"1","quantity_label":"Quantity","repeater_field_label":"{field_label}","repeater_bind":"","gt_translate_keys":["label","repeater_field_label","quantity_label"],"price_dependency":false,"cl_dependency":false,"value":""}],[{"active":true,"col":6,"relations":false,"cl_rule":"show","enableCl":false,"price":"","enablePrice":true,"className":"","label_position":"default","desc_position":"default","type":"select","required":false,"elementId":"select_1065dcc0a3c83c4","label":"\ud83d\udc64 Group Size","name":"select_1065dcc0a3c83c4","values":[{"label":"1 Person (1.320\u20ac)","value":"1 Person","selected":false,"tempId":"aco_670","price":"1320","gt_translate_keys":["label"]},{"label":"2 People (1.320\u20ac)","value":"2 People","selected":false,"tempId":"aco_671","price":"1320","gt_translate_keys":["label"]},{"label":"3 People (1.320\u20ac)","value":"3 People","selected":false,"tempId":"aco_672","price":"1320","gt_translate_keys":["label"]},{"label":"4 People (1.320\u20ac)","value":"4 People","selected":false,"tempId":"aco_898","price":"1320","gt_translate_keys":["label"]},{"label":"5 People (1.320\u20ac)","value":"5 People","selected":false,"tempId":"aco_908","price":"1320","gt_translate_keys":["label"]},{"label":"6 People (1.320\u20ac)","value":"6 People","selected":false,"tempId":"aco_1062","price":"1320","gt_translate_keys":["label"]},{"label":"7 People (1.320\u20ac)","value":"7 People","selected":false,"tempId":"aco_2967","price":"1320","gt_translate_keys":["label"]},{"label":"8 People (1.320\u20ac)","value":"8 People","selected":false,"tempId":"aco_3049","price":"1320","gt_translate_keys":["label"]},{"label":"\u2500 Beyond 8 people, each extra person costs \u20ac165 \u2500","value":"\u2500 Beyond 8 people, each extra person costs \u20ac165 \u2500","selected":false,"tempId":"aco_1784","price":"1320","gt_translate_keys":["label"]},{"label":"9 People (1.485\u20ac)","value":"9 People","selected":false,"tempId":"aco_3131","price":"1485","gt_translate_keys":["label"]},{"label":"10 People (1.650\u20ac)","value":"10 People","selected":false,"tempId":"aco_3213","price":"1650","gt_translate_keys":["label"]},{"label":"11 People (1.815\u20ac)","value":"11 People","selected":false,"tempId":"aco_3722","price":"1815","gt_translate_keys":["label"]},{"label":"12 People (1.980\u20ac)","value":"12 People","selected":false,"tempId":"aco_3732","price":"1980","gt_translate_keys":["label"]}],"dropdown_type":"basic","error":false,"placeholder":"None","priceOptions":"different_for_all","pricingType":"fixed","gt_translate_keys":["label","placeholder"],"price_dependency":false,"cl_dependency":false,"value":""}]]}},"config":{"price_override":"always","enable_recaptcha":false,"bind_quantity":false,"quantity_bind_formula":false,"disp_summ_show_option_price":false,"disp_summ_show_product_price":false,"disp_summ_show_total_price":true,"disp_summ_show_fee":false,"disp_summ_show_discount":false,"summary_title":"","options_total_label":"Options Price","total_label":"Total","options_product_label":"Product Price","fee_label":"Fee","discount_label":"Discount","has_price":true,"has_quantity_formula":false},"mc_unit":1,"tax_rate":1,"tax_rate_real":1,"discount":{"percentage":0,"fixed":0},"design":{"conf":{"LabelPosition":"above","DescPosition":"above","UploadField":"custom_1","QuantityFieldStyle":"custom_1"},"css":{"LeftLabelWidth":"120px"}},"formulas":[],"lookuptables":[],"clones":false,"cartKey":false}},"_links":{"self":[{"href":"https:\/\/canaryvip.com\/ro\/wp-json\/wp\/v2\/product\/8824","targetHints":{"allow":["GET"]}}],"collection":[{"href":"https:\/\/canaryvip.com\/ro\/wp-json\/wp\/v2\/product"}],"about":[{"href":"https:\/\/canaryvip.com\/ro\/wp-json\/wp\/v2\/types\/product"}],"replies":[{"embeddable":true,"href":"https:\/\/canaryvip.com\/ro\/wp-json\/wp\/v2\/comments?post=8824"}],"wp:featuredmedia":[{"embeddable":true,"href":"https:\/\/canaryvip.com\/ro\/wp-json\/wp\/v2\/media\/8825"}],"wp:attachment":[{"href":"https:\/\/canaryvip.com\/ro\/wp-json\/wp\/v2\/media?parent=8824"}],"wp:term":[{"taxonomy":"product_brand","embeddable":true,"href":"https:\/\/canaryvip.com\/ro\/wp-json\/wp\/v2\/product_brand?post=8824"},{"taxonomy":"product_cat","embeddable":true,"href":"https:\/\/canaryvip.com\/ro\/wp-json\/wp\/v2\/product_cat?post=8824"},{"taxonomy":"product_tag","embeddable":true,"href":"https:\/\/canaryvip.com\/ro\/wp-json\/wp\/v2\/product_tag?post=8824"}],"curies":[{"name":"wp","href":"https:\/\/api.w.org\/{rel}","templated":true}]}}