{"id":8821,"date":"2024-01-15T13:32:07","date_gmt":"2024-01-15T13:32:07","guid":{"rendered":"https:\/\/canaryvip.com\/?post_type=product&#038;p=8821"},"modified":"2025-09-19T12:00:06","modified_gmt":"2025-09-19T11:00:06","slug":"siam-park-vip-house","status":"publish","type":"product","link":"https:\/\/canaryvip.com\/ro\/shop\/siam-park-vip-house\/","title":{"rendered":"Casa VIP Siam Park"},"content":{"rendered":"<section class=\"l-section wpb_row height_medium\"><div class=\"l-section-h i-cf\"><div class=\"g-cols vc_row via_flex valign_top type_default stacking_default\"><div class=\"vc_col-sm-12 wpb_column vc_column_container\"><div class=\"vc_column-inner\"><div class=\"wpb_wrapper\"><div class=\"wpb_text_column\"><div class=\"wpb_wrapper\"><p>\ud83c\udfdd\ufe0f <strong>Siam Park VIP House Experience cu CanaryVIP<\/strong><\/p>\n<div class=\"min-h-&#091;20px&#093; text-message flex flex-col items-start gap-3 whitespace-pre-wrap break-words &#091;.text-message+&amp;&#093;:mt-5 overflow-x-auto\" data-message-author-role=\"assistant\" data-message-id=\"8a8a1897-a3c1-4569-9988-c0ed1c1bc6da\">\n<div class=\"markdown prose w-full break-words dark:prose-invert light\">\n<p>Bine a\u021bi venit la Siam Park, un paradis pentru pasiona\u021bii de ap\u0103 din Tenerife. Renumit pentru atrac\u021biile sale palpitante \u0219i peisajele pitore\u0219ti, parcul ofer\u0103 o aventur\u0103 f\u0103r\u0103 egal. De la antrenantele <strong>Turnul de putere<\/strong> la lini\u0219tea <strong>R\u00e2ul Mai Thai,<\/strong>\u00a0, exist\u0103 o experien\u021b\u0103 pentru fiecare tip de iubitor de senza\u021bii tari. Acum, ridica\u021bi nivelul vizitei dvs. cu <strong>Experien\u021ba exclusiv\u0103 VIP House a CanaryVIP,<\/strong>\u00a0unde luxul \u00eent\u00e2lne\u0219te aventura.<\/p>\n<h3>\ud83c\udf1f <strong>Facilit\u0103\u021bile Casei Premium VIP<\/strong><\/h3>\n<ul>\n<li><strong>Elegan\u021b\u0103 thailandez\u0103<\/strong>: Inspirat\u0103 de estetica thailandez\u0103, Casa VIP ofer\u0103 o oaz\u0103 de calm \u0219i lux.<\/li>\n<li><strong>Confort superior<\/strong>: V\u0103 pute\u021bi relaxa \u00een stil cu canapele de plu\u0219, du\u0219uri pe teras\u0103 privat\u0103 \u0219i \u0219ezlonguri.<\/li>\n<li><strong>Prosoape \u0219i du\u0219<\/strong>: V\u0103 a\u0219teapt\u0103 prosoape proaspete, iar fiecare cas\u0103 are propriul du\u0219 privat pentru un confort maxim.<\/li>\n<li><strong>Controlul climei<\/strong>: P\u0103stra\u021bi-v\u0103 r\u0103coarea cu ventilatoarele noastre de ultim\u0103 genera\u021bie.<\/li>\n<li><strong>Securitatea obiectelor de valoare<\/strong>: P\u0103stra\u021bi-v\u0103 bunurile \u00een siguran\u021b\u0103 \u00een cutia de valori pus\u0103 la dispozi\u021bie.<\/li>\n<li><strong>Teras\u0103 cu \u0219ezlonguri<\/strong>: Bucura\u021bi-v\u0103 de soare sau de umbr\u0103 pe terasa dvs. privat\u0103, dotat\u0103 cu \u0219ezlonguri confortabile.<\/li>\n<li><strong>Teras\u0103 privat\u0103 Jacuzzi<\/strong>: Bucura\u021bi-v\u0103 de relaxare maxim\u0103 \u00een jacuzzi-ul exclusiv, bijuteria coroanei confortului.<\/li>\n<\/ul>\n<h3>\ud83c\udfa5 <strong>Divertisment \u0219i relaxare \u00een incint\u0103<\/strong><\/h3>\n<ul>\n<li><strong>TV \u0219i Lounge<\/strong>: V\u0103 pute\u021bi relaxa cu emisiunile preferate pe televizorul nostru \u0219i v\u0103 pute\u021bi relaxa pe canapeaua confortabil\u0103.<\/li>\n<li><strong>Minibar<\/strong>: Un minibar dotat cu o varietate de b\u0103uturi pentru a potoli orice sete.<\/li>\n<li><strong>Serviciu all-inclusive<\/strong>: Savura\u021bi o gam\u0103 larg\u0103 de delicii culinare la restaurantele noastre.<\/li>\n<li><strong>B\u0103uturi \u0219i \u00eenghe\u021bat\u0103<\/strong>: Bucura\u021bi-v\u0103 de b\u0103uturi r\u0103coritoare, bere, ap\u0103 \u0219i \u00eenghe\u021bat\u0103 nelimitate.<\/li>\n<\/ul>\n<h3>\ud83c\udfa2 <strong>Acces exclusiv cu VIP Fast Pass<\/strong><\/h3>\n<ul>\n<li><strong>Permis rapid pentru toat\u0103 ziua<\/strong>: Experimenta\u021bi accesul imediat la toate atrac\u021biile f\u0103r\u0103 a a\u0219tepta la coad\u0103, sporindu-v\u0103 distrac\u021bia.<\/li>\n<\/ul>\n<h3>\ud83c\udf74 <strong>M\u00e2ncare \u0219i b\u0103uturi all-inclusive<\/strong><\/h3>\n<ul>\n<li><strong>Op\u021biuni culinare vaste<\/strong>: \u00cen cadrul parcului exist\u0103 o multitudine de op\u021biuni de servire a mesei pentru toate gusturile.<\/li>\n<li><strong>B\u0103uturi nelimitate<\/strong>: R\u0103m\u00e2ne\u021bi revigorat cu o serie de b\u0103uturi gratuite.<\/li>\n<\/ul>\n<h3>\ud83d\udcb0 <strong>Pre\u021buri \u0219i valoare excep\u021bionale<\/strong><\/h3>\n<\/div>\n<\/div>\n<div class=\"min-h-&#091;20px&#093; text-message flex flex-col items-start gap-3 whitespace-pre-wrap break-words &#091;.text-message+&amp;&#093;:mt-5 overflow-x-auto\" data-message-author-role=\"assistant\" data-message-id=\"cc56ef15-39ff-4986-80a9-f3d468fc7369\">\n<div class=\"markdown prose w-full break-words dark:prose-invert light\">\n<ul>\n<li><strong>Rata inclus\u0103<\/strong>: Casa VIP are un pre\u021b de 910 \u20ac, put\u00e2nd g\u0103zdui p\u00e2n\u0103 la 6 persoane. Pre\u021bul asigur\u0103 exclusivitate \u0219i intimitate at\u00e2t pentru grupuri mici, c\u00e2t \u0219i pentru grupuri mai mari.<\/li>\n<li><strong>Flexibilitate suplimentar\u0103 pentru oaspe\u021bi<\/strong>: Casa poate g\u0103zdui p\u00e2n\u0103 la 10 persoane. Se percepe o tax\u0103 suplimentar\u0103 de 151 \u20ac pe persoan\u0103 pentru fiecare oaspete peste num\u0103rul ini\u021bial de \u0219ase.<\/li>\n<\/ul>\n<h3>\ud83d\ude8c <strong>Transport convenabil \u0219i gratuit<\/strong><\/h3>\n<ul>\n<li><strong>Tranzit f\u0103r\u0103 stres<\/strong>: Profita\u021bi de serviciul gratuit de autobuz Siam Park pentru un transport u\u0219or.<\/li>\n<li><strong>Acoperire extins\u0103<\/strong>: Mai multe puncte de preluare \u00een Tenerife pentru un acces convenabil.<\/li>\n<\/ul>\n<h3>\u23f0 <strong>Planifica\u021bi-v\u0103 experien\u021ba suprem\u0103<\/strong><\/h3>\n<ul>\n<li><strong>Disponibilitate pe tot parcursul anului<\/strong>: Deschis at\u00e2t vara (10.00 - 18.00), c\u00e2t \u0219i iarna (10.00 - 17.00).<\/li>\n<li><strong>Loca\u021bie privilegiat\u0103<\/strong>: Situat \u00een zona vibrant\u0103 Costa Adeje, oferind priveli\u0219ti uimitoare \u0219i acces u\u0219or.<\/li>\n<\/ul>\n<h3><b>\u274c Politica de anulare<\/b><\/h3>\n<ul>\n<li style=\"font-weight: 400;\" aria-level=\"1\"><span style=\"font-weight: 400;\">Anul\u0103ri efectuate <\/span><b>cu 30 de zile sau mai mult \u00eenainte de data activit\u0103\u021bii<\/b><span style=\"font-weight: 400;\"> nu va suporta nicio penalizare.<\/span>&nbsp;<\/li>\n<li style=\"font-weight: 400;\" aria-level=\"1\"><span style=\"font-weight: 400;\">Anul\u0103ri efectuate <\/span><b>\u00eentre 30 de zile \u0219i 7 zile \u00eenainte de data programat\u0103<\/b><span style=\"font-weight: 400;\"> va duce la o <\/span><b>60% tax\u0103<\/b><span style=\"font-weight: 400;\"> din valoarea rezerv\u0103rii.<\/span>&nbsp;<\/li>\n<li style=\"font-weight: 400;\" aria-level=\"1\"><span style=\"font-weight: 400;\">Anul\u0103ri efectuate <\/span><b>cu mai pu\u021bin de 7 zile \u00eenainte de activitate<\/b><span style=\"font-weight: 400;\"> va duce la o <\/span><b>100% tax\u0103<\/b><span style=\"font-weight: 400;\"> din valoarea rezerv\u0103rii.<\/span><\/li>\n<\/ul>\n<h4>\ud83d\udd14 <strong>Aventura ta de lux cu CanaryVIP<\/strong><\/h4>\n<ul>\n<li><strong>P\u0103\u0219e\u0219te \u00een Opulen\u021b\u0103<\/strong>: \u00cembun\u0103t\u0103\u021bi\u021bi-v\u0103 vizita la Siam Park cu un sejur \u00een Casa VIP.<\/li>\n<li><strong>Crea\u021bi amintiri de durat\u0103<\/strong>: Rezerva\u021bi acum pentru o c\u0103l\u0103torie plin\u0103 de lux, emo\u021bie \u0219i momente de neuitat.<\/li>\n<\/ul>\n<\/div>\n<\/div>\n<\/div><\/div><\/div><\/div><\/div><\/div><\/div><\/section>","protected":false},"excerpt":{"rendered":"<p><strong>\ud83d\udd0d Siam Park House:<\/strong><br \/>\n\u2705 Plat\u0103 sigur\u0103.<br \/>\n\ud83d\ude80 Permis rapid VIP pentru toat\u0103 ziua.<br \/>\n\ud83d\udc68\u200d\ud83d\udc69\u200d\ud83d\udc66 Pre\u021buri pentru 6 persoane.<br \/>\n\ud83d\udc65 Se potrive\u0219te p\u00e2n\u0103 la 10 persoane.<br \/>\n\ud83d\udca6 Teras\u0103 privat\u0103 cu jacuzzi.<br \/>\n\ud83d\udd10 Dulap \u0219i prosoape incluse.<br \/>\n\ud83c\udf54 Alimente nelimitate.<br \/>\n\ud83c\udf7a B\u0103uturi r\u0103coritoare \u0219i bere nelimitate.<br \/>\n\ud83c\udfe0 Mai mult spa\u021biu? <a href=\"https:\/\/canaryvip.com\/ro\/shop\/siam-park-vip-villa\/\">Check out Siam Park Villa<\/a>.<br \/>\n\ud83e\udd11 Cel mai bun pre\u021b garantat.<br \/>\n\ud83d\ude8d Autobuz de transfer gratuit.<br \/>\n\ud83c\udf0d Suport \u00een mai multe limbi.<br \/>\n\ud83c\udf1f Rezerva\u021bi acum \u0219i economisi\u021bi!<br \/>\n\ud83d\udc32 Descoper\u0103 <a href=\"https:\/\/canaryvip.com\/ro\/product-category\/tenerife\/theme-parks-tenerife\/siam-park-tickets\/\">toate biletele Siam Park aici<\/a>!<br \/>\n\ud83d\udccd G\u0103si\u021bi <a href=\"https:\/\/maps.app.goo.gl\/UfftQG3CrqW5R81r9\">Siam Park pe Google Maps<\/a>!<\/p>","protected":false},"featured_media":8827,"comment_status":"open","ping_status":"closed","template":"","meta":{"_acf_changed":false},"product_brand":[],"product_cat":[54,55],"product_tag":[],"class_list":{"0":"post-8821","1":"product","2":"type-product","3":"status-publish","4":"has-post-thumbnail","6":"product_cat-theme-parks","7":"product_cat-siam-park-tickets","8":"wcpa_has_options","10":"first","11":"instock","12":"virtual","13":"purchasable","14":"product-type-simple"},"acf":[],"wcpa_form_fields":{"wcpaData":{"product":{"product_price":990,"price_html":"From&nbsp;<span class=\"woocommerce-Price-amount amount\"><bdi>990,00&nbsp;<span class=\"woocommerce-Price-currencySymbol\">&euro;<\/span><\/bdi><\/span>","original_product_price":990,"price_including_tax":990,"price_excluding_tax":990,"product_id":{"parent":8821,"variation":false},"is_variable":false,"stock_status":"instock","stock_quantity":null,"parent_sku":"CV8821","product_attributes":[],"custom_fields":[],"is_taxable":false,"product_name":"Siam Park VIP House","hasImage":false},"fields":{"sec_865dcbfa9364bf":{"extra":{"key":"sec_865dcbfa9364bf","section_id":"sec_865dcbfa9364bf","name":"Default","status":1,"cl_rule":"show","enableCl":false,"relations":[],"toggle":true,"title_tag":"h3","show_title":false,"showPrice":"default","form_id":10123,"form_rules":{"exclude_from_discount":true,"fee_label":"Fee","disp_hide_options_price":true,"disp_show_section_price":false,"disp_show_field_price":true,"layout_option":"standard","pric_use_as_fee":false,"process_fee_as":"woo_fee"},"layout_option":"standard"},"fields":[[{"active":true,"col":6,"relations":false,"cl_rule":"show","enableCl":false,"price":"","enablePrice":false,"className":"","label_position":"default","desc_position":"default","type":"date","required":false,"elementId":"date_565dcbfa9364dd","name":"date_565dcbfa9364dd","label":"\ud83d\udcc5 Date","picker_type":"custom","picker_mode":"single","error":false,"date_pic_inline":true,"date_pic_inline_hide":true,"min_date":{"type":"days","val":"3"},"max_date":{"type":"days_from_min","val":"500"},"date_pic_conf":{"disabledDates":["2024-06-18 to 2024-06-30","2024-07-01 to 2024-08-15","2024-08-16 to 2024-08-20","2024-08-21","2024-08-22 to 2024-08-23","2024-08-24","2024-08-25 to 2024-08-29","2024-08-30","2025-05-26 to 2025-05-29","2025-06-02","2025-06-20","2025-06-21 to 2025-06-24","2025-06-25","2025-06-26 to 2025-06-27","2025-06-30","2025-07-01","2025-07-03","2025-07-04","2025-07-06","2025-07-07 to 2025-07-08","2025-07-09","2025-07-10 to 2025-07-13","2025-07-14 to 2025-07-15","2025-07-16 to 2025-07-17","2025-07-18","2025-07-19","2025-07-20","2025-07-21","2025-07-22","2025-07-23","2025-07-24","2025-07-25","2025-07-26","2025-07-27","2025-07-28 to 2025-07-31","2025-08-01","2025-08-02","2025-08-03","2025-08-04","2025-08-05","2025-08-06","2025-08-07","2025-08-08 to 2025-08-09","2025-08-10","2025-08-11 to 2025-08-12","2025-08-13","2025-08-14","2025-08-15","2025-08-16 to 2025-08-18","2025-08-19","2025-08-20","2025-08-21","2025-08-22","2025-08-23","2025-08-24","2025-08-25","2025-08-26","2025-08-27","2025-08-28 to 2025-08-31","2026-03-31 to 2026-04-11"]},"isWeightTemplate":false,"isTemplate":false,"min_quantity":"1","quantity_decimal":false,"quantity_step":"1","quantity_label":"Quantity","repeater_field_label":"{field_label}","repeater_bind":"","gt_translate_keys":["label","repeater_field_label","quantity_label"],"price_dependency":false,"cl_dependency":false,"value":""}],[{"active":true,"col":6,"relations":false,"cl_rule":"show","enableCl":false,"price":"","enablePrice":true,"className":"","label_position":"default","desc_position":"default","type":"select","required":false,"elementId":"select_965dcbfa9364eb","label":"\ud83d\udc64 Group Size","name":"select_965dcbfa9364eb","values":[{"label":"1 Person (990\u20ac)","value":"1 Person","selected":false,"tempId":"aco_670","price":"990","gt_translate_keys":["label"]},{"label":"2 People (990\u20ac)","value":"2 People","selected":false,"tempId":"aco_671","price":"990","gt_translate_keys":["label"]},{"label":"3 People (990\u20ac)","value":"3 People","selected":false,"tempId":"aco_672","price":"990","gt_translate_keys":["label"]},{"label":"4 People (990\u20ac)","value":"4 People","selected":false,"tempId":"aco_898","price":"990","gt_translate_keys":["label"]},{"label":"5 People (990\u20ac)","value":"5 People","selected":false,"tempId":"aco_908","price":"990","gt_translate_keys":["label"]},{"label":"6 People (990\u20ac)","value":"6 People","selected":false,"tempId":"aco_1062","price":"990","gt_translate_keys":["label"]},{"label":"\u2500 Beyond 6 people, each extra person costs \u20ac165 \u2500","value":"\u2500 Beyond 6 people, each extra person costs \u20ac165 \u2500","selected":false,"tempId":"aco_1784","price":"990","gt_translate_keys":["label"]},{"label":"7 People (1.155\u20ac)","value":"7 People","selected":false,"tempId":"aco_2967","price":"1155","gt_translate_keys":["label"]},{"label":"8 People (1.320\u20ac)","value":"8 People","selected":false,"tempId":"aco_3049","price":"1320","gt_translate_keys":["label"]},{"label":"9 People (1.485\u20ac)","value":"9 People","selected":false,"tempId":"aco_3131","price":"1485","gt_translate_keys":["label"]},{"label":"10 People (1.650\u20ac)","value":"10 People","selected":false,"tempId":"aco_3213","price":"1650","gt_translate_keys":["label"]}],"dropdown_type":"basic","error":false,"placeholder":"None","priceOptions":"different_for_all","pricingType":"fixed","gt_translate_keys":["label","placeholder"],"price_dependency":false,"cl_dependency":false,"value":""}]]}},"config":{"price_override":"always","enable_recaptcha":false,"bind_quantity":false,"quantity_bind_formula":false,"disp_summ_show_option_price":false,"disp_summ_show_product_price":false,"disp_summ_show_total_price":true,"disp_summ_show_fee":false,"disp_summ_show_discount":false,"summary_title":"","options_total_label":"Options Price","total_label":"Total","options_product_label":"Product Price","fee_label":"Fee","discount_label":"Discount","has_price":true,"has_quantity_formula":false},"mc_unit":1,"tax_rate":1,"tax_rate_real":1,"discount":{"percentage":0,"fixed":0},"design":{"conf":{"LabelPosition":"above","DescPosition":"above","UploadField":"custom_1","QuantityFieldStyle":"custom_1"},"css":{"LeftLabelWidth":"120px"}},"formulas":[],"lookuptables":[],"clones":false,"cartKey":false}},"_links":{"self":[{"href":"https:\/\/canaryvip.com\/ro\/wp-json\/wp\/v2\/product\/8821","targetHints":{"allow":["GET"]}}],"collection":[{"href":"https:\/\/canaryvip.com\/ro\/wp-json\/wp\/v2\/product"}],"about":[{"href":"https:\/\/canaryvip.com\/ro\/wp-json\/wp\/v2\/types\/product"}],"replies":[{"embeddable":true,"href":"https:\/\/canaryvip.com\/ro\/wp-json\/wp\/v2\/comments?post=8821"}],"wp:featuredmedia":[{"embeddable":true,"href":"https:\/\/canaryvip.com\/ro\/wp-json\/wp\/v2\/media\/8827"}],"wp:attachment":[{"href":"https:\/\/canaryvip.com\/ro\/wp-json\/wp\/v2\/media?parent=8821"}],"wp:term":[{"taxonomy":"product_brand","embeddable":true,"href":"https:\/\/canaryvip.com\/ro\/wp-json\/wp\/v2\/product_brand?post=8821"},{"taxonomy":"product_cat","embeddable":true,"href":"https:\/\/canaryvip.com\/ro\/wp-json\/wp\/v2\/product_cat?post=8821"},{"taxonomy":"product_tag","embeddable":true,"href":"https:\/\/canaryvip.com\/ro\/wp-json\/wp\/v2\/product_tag?post=8821"}],"curies":[{"name":"wp","href":"https:\/\/api.w.org\/{rel}","templated":true}]}}