{"id":8817,"date":"2024-01-15T12:16:37","date_gmt":"2024-01-15T12:16:37","guid":{"rendered":"https:\/\/canaryvip.com\/?post_type=product&#038;p=8817"},"modified":"2025-09-19T12:01:26","modified_gmt":"2025-09-19T11:01:26","slug":"siam-park-vip-cabin","status":"publish","type":"product","link":"https:\/\/canaryvip.com\/ro\/shop\/siam-park-vip-cabin\/","title":{"rendered":"Cabina VIP Siam Park"},"content":{"rendered":"<section class=\"l-section wpb_row height_medium\"><div class=\"l-section-h i-cf\"><div class=\"g-cols vc_row via_flex valign_top type_default stacking_default\"><div class=\"vc_col-sm-12 wpb_column vc_column_container\"><div class=\"vc_column-inner\"><div class=\"wpb_wrapper\"><div class=\"wpb_text_column\"><div class=\"wpb_wrapper\"><h2><strong>\ud83c\udfdd\ufe0f Siam Park VIP Cabana Experience cu CanaryVIP<\/strong><\/h2>\n<p>Bine a\u021bi venit la Siam Park, primul regat acvatic din Tenerife, renumit pentru atrac\u021biile sale palpitante, peisajele uimitoare \u0219i aventura acvatic\u0103 suprem\u0103. De la adrenalina <strong>Turnul de putere<\/strong> la relaxarea <strong>R\u00e2ul Mai Thai,<\/strong>\u00a0exist\u0103 ceva pentru toat\u0103 lumea. Cufunda\u021bi-v\u0103 \u00eentr-o lume \u00een care emo\u021biile se \u00eent\u00e2lnesc cu relaxarea \u0219i face\u021bi ca vizita dvs. s\u0103 fie cu adev\u0103rat de neuitat cu <strong>Experien\u021ba VIP Cabana. <\/strong><\/p>\n<p>Descoperi\u021bi de ce Siam Park este destina\u021bia suprem\u0103 pentru distrac\u021bie \u00een familie, relaxare \u0219i aventur\u0103 \u00eentr-un paradis tropical. Experimenta\u021bi cel mai bun divertisment acvatic \u0219i crea\u021bi amintiri care vor dura o via\u021b\u0103 \u00eentreag\u0103.<\/p>\n<h3><strong>\ud83c\udf1f Selec\u021bie exclusiv\u0103 de cabane<\/strong><\/h3>\n<ul>\n<li><strong>Teme inspirate din Thailanda<\/strong>: Alege\u021bi dintre Cabana Phuket, Chiang Mai sau Rataburi, fiecare dintre acestea fiind un sanctuar lini\u0219tit de inspira\u021bie thailandez\u0103.<\/li>\n<li><strong>Confort de neegalat<\/strong>: Bucura\u021bi-v\u0103 de canapele de plu\u0219, du\u0219uri private pe teras\u0103 \u0219i \u0219ezlonguri pentru relaxare \u0219i lux suprem.<\/li>\n<li><strong>Prosoape incluse<\/strong>: Nu trebuie s\u0103 v\u0103 face\u021bi griji cu privire la \u00eempachetarea prosoapelor; acestea sunt puse la dispozi\u021bie pentru confortul dumneavoastr\u0103.<\/li>\n<li><strong>Ventilator pentru confort<\/strong>: R\u0103m\u00e2ne\u021bi la r\u0103coare cu ventilatorul inclus.<\/li>\n<li><strong>Asigura\u021bi-v\u0103 bunurile<\/strong>: Utiliza\u021bi cutia de valori pentru lini\u0219tea dumneavoastr\u0103.<\/li>\n<\/ul>\n<h3><strong>\ud83c\udfa5 Divertisment \u0219i confort \u00een caban\u0103<\/strong><\/h3>\n<ul>\n<li><strong>TV \u0219i DVD Player<\/strong>: Fiecare caban\u0103 este dotat\u0103 cu un TV \u0219i un DVD player pentru nevoile dumneavoastr\u0103 de divertisment.<\/li>\n<li><strong>R\u0103coritoare la \u00eendem\u00e2n\u0103<\/strong>: Un minibar dotat cu o varietate de b\u0103uturi pentru a v\u0103 satisface preferin\u021bele.<\/li>\n<\/ul>\n<h3><strong>\ud83c\udfa2 Acces prioritar cu VIP Fast Pass<\/strong><\/h3>\n<ul>\n<li><strong>Intrare instantanee de atrac\u021bie<\/strong>: Cu br\u0103\u021b\u0103rile speciale pentru oaspe\u021bii VIP, bucura\u021bi-v\u0103 de acces imediat la toate atrac\u021biile, ocolind cozile \u0219i maximiz\u00e2nd timpul de distrac\u021bie.<\/li>\n<\/ul>\n<h3>\ud83c\udf74 <strong>M\u00e2ncare \u0219i b\u0103uturi all-inclusive<\/strong><\/h3>\n<ul>\n<li><strong>Diverse op\u021biuni de luat masa<\/strong>: R\u0103sf\u0103\u021ba\u021bi-v\u0103 cu o serie de op\u021biuni culinare \u00een cadrul parcului, pentru toate gusturile.<\/li>\n<li><strong>B\u0103uturi nelimitate<\/strong>: Bucura\u021bi-v\u0103 de b\u0103uturi r\u0103coritoare, bere, ap\u0103 \u0219i \u00eenghe\u021bat\u0103 gratuite, asigur\u00e2ndu-v\u0103 hidratarea \u0219i satisfac\u021bia.<\/li>\n<\/ul>\n<h3><strong>\ud83d\udcb0 Pre\u021buri \u0219i valoare excep\u021bionale<\/strong><\/h3>\n<ul>\n<li><strong>Rata cuprinz\u0103toare<\/strong>: Cabana VIP are un pre\u021b de 610 \u20ac \u0219i poate g\u0103zdui \u00eentre 1 \u0219i 4 persoane. Fie c\u0103 este vorba de o aventur\u0103 solo sau de un grup de patru persoane, pre\u021bul r\u0103m\u00e2ne acela\u0219i, asigur\u00e2nd exclusivitate \u0219i intimitate.<\/li>\n<li><strong>Flexibilitate suplimentar\u0103 pentru oaspe\u021bi<\/strong>: Dac\u0103 grupul dvs. are mai mult de patru persoane, ave\u021bi op\u021biunea de a ad\u0103uga p\u00e2n\u0103 la 2 persoane suplimentare pentru 151 \u20ac fiecare, ceea ce \u00eel face versatil pentru grupuri de diferite dimensiuni.<\/li>\n<li><strong>Tarife speciale de var\u0103:<\/strong> Bloca\u021bi aceste tarife chiar \u0219i \u00een timpul lunilor aglomerate de var\u0103, iulie \u0219i august.<\/li>\n<li><strong>Avantajul rezerv\u0103rii timpurii:<\/strong> Evita\u021bi cre\u0219terile de pre\u021buri rezerv\u00e2nd acum - asigura\u021bi-v\u0103 tariful de ast\u0103zi pentru o viitoare vizit\u0103!<\/li>\n<\/ul>\n<h3><strong>\ud83d\ude8c Transport convenabil \u0219i gratuit<\/strong><\/h3>\n<ul>\n<li><strong>C\u0103l\u0103torii f\u0103r\u0103 stres<\/strong>: Beneficia\u021bi de serviciul gratuit de autobuz Siam Park Bus Service, care ofer\u0103 transport regulat \u0219i convenabil.<\/li>\n<li><strong>Acoperire larg\u0103<\/strong>: Mai multe puncte de preluare \u00een Tenerife pentru un acces u\u0219or c\u0103tre \u0219i dinspre parc.<\/li>\n<\/ul>\n<h3><strong>\u23f0 Planific\u0103-\u021bi experien\u021ba suprem\u0103<\/strong><\/h3>\n<ul>\n<li><strong>Deschis tot anul<\/strong>: Vara (10.00 - 18.00), iarna (10.00 - 17.00).<\/li>\n<li><strong>Accesibil \u0219i pitoresc<\/strong>: Situat \u00een zona vibrant\u0103 Costa Adeje, \u00eembin\u00e2nd priveli\u0219tile frumoase cu accesibilitatea u\u0219oar\u0103.<\/li>\n<\/ul>\n<h3><strong>\ud83d\udd14 Aventura ta luxoas\u0103 te a\u0219teapt\u0103 cu CanaryVIP<\/strong><\/h3>\n<ul>\n<li><strong>P\u0103\u0219e\u0219te \u00een lux<\/strong>: Ridica\u021bi vizita \u00een Siam Park cu un sejur \u00eentr-o caban\u0103 VIP.<\/li>\n<li><strong>Crea\u021bi amintiri de neuitat<\/strong>: Rezerva\u021bi ast\u0103zi \u0219i porni\u021bi \u00eentr-o c\u0103l\u0103torie de lux, emo\u021bie \u0219i momente de neuitat.<\/li>\n<\/ul>\n<h3><b>\u274c Condi\u021bii de anulare<\/b><\/h3>\n<ul>\n<li style=\"font-weight: 400;\" aria-level=\"1\"><span style=\"font-weight: 400;\">Rezerv\u0103ri anulate <\/span><b>cu o lun\u0103 sau mai mult \u00eenainte de data activit\u0103\u021bii<\/b><span style=\"font-weight: 400;\"> nu vor fi taxate.<\/span>&nbsp;<\/li>\n<li style=\"font-weight: 400;\" aria-level=\"1\"><span style=\"font-weight: 400;\">Rezerv\u0103ri anulate <\/span><b>\u00eentre o lun\u0103 \u0219i 7 zile \u00eenainte<\/b><span style=\"font-weight: 400;\"> va fi taxat <\/span><b>60% din suma total\u0103<\/b><span style=\"font-weight: 400;\">.<\/span>&nbsp;<\/li>\n<li style=\"font-weight: 400;\" aria-level=\"1\"><span style=\"font-weight: 400;\">Rezerv\u0103ri anulate <\/span><b>cu mai pu\u021bin de 7 zile \u00een avans<\/b><span style=\"font-weight: 400;\"> va fi taxat <\/span><b>suma total\u0103 (100%)<\/b><span style=\"font-weight: 400;\">.<\/span><\/li>\n<\/ul>\n<h3>\ud83c\udf1f Ridic\u0103-\u021bi aventura cu CanaryVIP<\/h3>\n<p>Rezerva\u021bi-v\u0103 ast\u0103zi experien\u021ba VIP Cabana cu CanaryVIP \u0219i asigura\u021bi-v\u0103 c\u0103 vizita dumneavoastr\u0103 la Siam Park este una de lux \u0219i de neuitat. Bucura\u021bi-v\u0103 de beneficii exclusive, acces prioritar \u0219i confort excep\u021bional, f\u0103c\u00e2nd ca fiecare moment al aventurii dvs. s\u0103 fie cu adev\u0103rat special.<\/p>\n<p>Nu rata\u021bi aceast\u0103 ocazie de a v\u0103 crea amintiri de durat\u0103 \u00een primul regat acvatic din Tenerife. Asigura\u021bi-v\u0103 Cabana VIP acum \u0219i porni\u021bi \u00een cea mai bun\u0103 c\u0103l\u0103torie de relaxare, emo\u021bie \u0219i lux!<\/p>\n<\/div><\/div><\/div><\/div><\/div><\/div><\/div><\/section>","protected":false},"excerpt":{"rendered":"<p><strong>\ud83d\udd0d Siam Park Cabana:<\/strong><br \/>\n\u2705 Plat\u0103 sigur\u0103.<br \/>\n\ud83d\ude80 Permis rapid VIP pentru toat\u0103 ziua.<br \/>\n\ud83d\udc68\u200d\ud83d\udc69\u200d\ud83d\udc66 Pre\u021buri pentru 4 persoane.<br \/>\n\ud83d\udc65 Se potrive\u0219te p\u00e2n\u0103 la 6 persoane.<br \/>\n\ud83d\udd10 Dulap \u0219i prosoape incluse.<br \/>\n\ud83c\udf54 Alimente nelimitate.<br \/>\n\ud83c\udf7a B\u0103uturi r\u0103coritoare \u0219i bere nelimitate.<br \/>\n\ud83c\udfe0 Mai mult spa\u021biu? Consulta\u021bi <a href=\"https:\/\/canaryvip.com\/ro\/shop\/siam-park-vip-house\/\">Casa Siam Park<\/a>.<br \/>\n\ud83e\udd11 Cel mai bun pre\u021b garantat.<br \/>\n\ud83d\ude8d Autobuz de transfer gratuit.<br \/>\n\ud83c\udf0d Suport \u00een mai multe limbi.<br \/>\n\ud83c\udf1f Rezerva\u021bi acum \u0219i economisi\u021bi!<br \/>\n\ud83d\udc32 Descoper\u0103 <a href=\"https:\/\/canaryvip.com\/ro\/product-category\/tenerife\/theme-parks-tenerife\/siam-park-tickets\/\">toate biletele Siam Park aici<\/a>!<br \/>\n\ud83d\udccd G\u0103si\u021bi <a href=\"https:\/\/maps.app.goo.gl\/UfftQG3CrqW5R81r9\">Siam Park pe Google Maps<\/a>!<\/p>","protected":false},"featured_media":8819,"comment_status":"open","ping_status":"closed","template":"","meta":{"_acf_changed":false},"product_brand":[],"product_cat":[54,55],"product_tag":[],"class_list":{"0":"post-8817","1":"product","2":"type-product","3":"status-publish","4":"has-post-thumbnail","6":"product_cat-theme-parks","7":"product_cat-siam-park-tickets","8":"wcpa_has_options","10":"first","11":"instock","12":"virtual","13":"purchasable","14":"product-type-simple"},"acf":[],"wcpa_form_fields":{"wcpaData":{"product":{"product_price":660,"price_html":"From&nbsp;<span class=\"woocommerce-Price-amount amount\"><bdi>660,00&nbsp;<span class=\"woocommerce-Price-currencySymbol\">&euro;<\/span><\/bdi><\/span>","original_product_price":660,"price_including_tax":660,"price_excluding_tax":660,"product_id":{"parent":8817,"variation":false},"is_variable":false,"stock_status":"instock","stock_quantity":null,"parent_sku":"CV8817","product_attributes":[],"custom_fields":[],"is_taxable":false,"product_name":"Siam Park VIP Cabin","hasImage":false},"fields":{"sec_765dcbaa6daedc":{"extra":{"key":"sec_765dcbaa6daedc","section_id":"sec_765dcbaa6daedc","name":"Default","status":1,"cl_rule":"show","enableCl":false,"relations":[],"toggle":true,"title_tag":"h3","show_title":false,"showPrice":"default","form_id":10122,"form_rules":{"exclude_from_discount":true,"fee_label":"Fee","disp_hide_options_price":true,"disp_show_section_price":false,"disp_show_field_price":true,"layout_option":"standard","pric_use_as_fee":false,"process_fee_as":"woo_fee"},"layout_option":"standard"},"fields":[[{"active":true,"col":6,"relations":false,"cl_rule":"show","enableCl":false,"price":"","enablePrice":false,"className":"","label_position":"default","desc_position":"default","type":"date","required":false,"elementId":"date_9651671511","name":"date_9651671511","label":"\ud83d\udcc5 Date","picker_type":"custom","picker_mode":"single","error":false,"date_pic_inline":true,"date_pic_inline_hide":true,"min_date":{"type":"days","val":"3"},"max_date":{"type":"days_from_min","val":"700"},"date_pic_conf":{"disabledDates":["2025-07-01 to 2025-08-31","2025-10-01 to 2025-11-01","2026-04-01","2026-04-02 to 2026-04-07","2026-04-08"],"enabledDates":[]},"isWeightTemplate":false,"isTemplate":false,"min_quantity":"1","quantity_decimal":false,"quantity_step":"1","quantity_label":"Quantity","repeater_field_label":"{field_label}","repeater_bind":"","gt_translate_keys":["label","repeater_field_label","quantity_label"],"price_dependency":false,"cl_dependency":false,"value":""}],[{"active":true,"col":6,"relations":false,"cl_rule":"show","enableCl":false,"price":"","enablePrice":true,"className":"","label_position":"default","desc_position":"default","type":"select","required":false,"elementId":"select_5229375457","label":"\ud83d\udc64 Group Size","name":"select_5229375457","values":[{"label":"1 Person (660\u20ac)","value":"1 Person","selected":false,"tempId":"aco_670","price":"660","gt_translate_keys":["label"]},{"label":"2 People (660\u20ac)","value":"2 People","selected":false,"tempId":"aco_671","price":"660","gt_translate_keys":["label"]},{"label":"3 People (660\u20ac)","value":"3 People","selected":false,"tempId":"aco_672","price":"660","gt_translate_keys":["label"]},{"label":"4 People (660\u20ac)","value":"4 People","selected":false,"tempId":"aco_898","price":"660","gt_translate_keys":["label"]},{"label":"\u2500 Beyond 4 people, each extra person costs \u20ac165 \u2500","value":"\u2500 Beyond 4 people, each extra person costs \u20ac165 \u2500","selected":false,"tempId":"aco_1784","price":"660","gt_translate_keys":["label"]},{"label":"5 People (825\u20ac)","value":"5 People","selected":false,"tempId":"aco_908","price":"825","gt_translate_keys":["label"]},{"label":"6 People (990\u20ac)","value":"6 People","selected":false,"tempId":"aco_1062","price":"990","gt_translate_keys":["label"]}],"dropdown_type":"basic","error":false,"placeholder":"None","priceOptions":"different_for_all","pricingType":"fixed","gt_translate_keys":["label","placeholder"],"price_dependency":false,"cl_dependency":false,"value":""}]]}},"config":{"price_override":"always","enable_recaptcha":false,"bind_quantity":false,"quantity_bind_formula":false,"disp_summ_show_option_price":false,"disp_summ_show_product_price":false,"disp_summ_show_total_price":true,"disp_summ_show_fee":false,"disp_summ_show_discount":false,"summary_title":"","options_total_label":"Options Price","total_label":"Total","options_product_label":"Product Price","fee_label":"Fee","discount_label":"Discount","has_price":true,"has_quantity_formula":false},"mc_unit":1,"tax_rate":1,"tax_rate_real":1,"discount":{"percentage":0,"fixed":0},"design":{"conf":{"LabelPosition":"above","DescPosition":"above","UploadField":"custom_1","QuantityFieldStyle":"custom_1"},"css":{"LeftLabelWidth":"120px"}},"formulas":[],"lookuptables":[],"clones":false,"cartKey":false}},"_links":{"self":[{"href":"https:\/\/canaryvip.com\/ro\/wp-json\/wp\/v2\/product\/8817","targetHints":{"allow":["GET"]}}],"collection":[{"href":"https:\/\/canaryvip.com\/ro\/wp-json\/wp\/v2\/product"}],"about":[{"href":"https:\/\/canaryvip.com\/ro\/wp-json\/wp\/v2\/types\/product"}],"replies":[{"embeddable":true,"href":"https:\/\/canaryvip.com\/ro\/wp-json\/wp\/v2\/comments?post=8817"}],"wp:featuredmedia":[{"embeddable":true,"href":"https:\/\/canaryvip.com\/ro\/wp-json\/wp\/v2\/media\/8819"}],"wp:attachment":[{"href":"https:\/\/canaryvip.com\/ro\/wp-json\/wp\/v2\/media?parent=8817"}],"wp:term":[{"taxonomy":"product_brand","embeddable":true,"href":"https:\/\/canaryvip.com\/ro\/wp-json\/wp\/v2\/product_brand?post=8817"},{"taxonomy":"product_cat","embeddable":true,"href":"https:\/\/canaryvip.com\/ro\/wp-json\/wp\/v2\/product_cat?post=8817"},{"taxonomy":"product_tag","embeddable":true,"href":"https:\/\/canaryvip.com\/ro\/wp-json\/wp\/v2\/product_tag?post=8817"}],"curies":[{"name":"wp","href":"https:\/\/api.w.org\/{rel}","templated":true}]}}