{"id":16199,"date":"2025-12-09T15:19:55","date_gmt":"2025-12-09T15:19:55","guid":{"rendered":"https:\/\/canaryvip.com\/?post_type=product&#038;p=16199"},"modified":"2025-12-09T15:35:17","modified_gmt":"2025-12-09T15:35:17","slug":"fast-boat-tour-from-los-cristianos-to-los-gigantes","status":"publish","type":"product","link":"https:\/\/canaryvip.com\/ro\/shop\/fast-boat-tour-from-los-cristianos-to-los-gigantes\/","title":{"rendered":"Tur cu barca rapid\u0103 de la Los Cristianos la Los Gigantes"},"content":{"rendered":"<h3>\ud83d\udea4 Experimenta\u021bi o excursie unic\u0103 cu barca rapid\u0103 de la Los Cristianos la Los Gigantes<\/h3>\n<p>Al\u0103tura\u021bi-v\u0103 CanaryVIP \u00eentr-o aventur\u0103 palpitant\u0103 de-a lungul coastei de sud-vest a insulei Tenerife, la bordul unei ambarca\u021biuni moderne cu 32 de locuri. Aceast\u0103 exclusivitate <strong>excursie cu barca la Los Gigantes<\/strong> este singurul care pleac\u0103 direct din <strong>Portul Los Cristianos<\/strong>, combin\u00e2nd emo\u021bia, confortul \u0219i peisajele uluitoare \u00eentr-o c\u0103l\u0103torie de 3 ore pe care nu o ve\u021bi uita niciodat\u0103.<\/p>\n<p>Pe m\u0103sur\u0103 ce navig\u0103m de-a lungul coastei, ve\u021bi fi \u00eenconjura\u021bi de peisaje vulcanice \u0219i ape turcoaz, \u00eendrept\u00e2ndu-v\u0103 spre impun\u0103torul <strong>St\u00e2ncile din Los Gigantes<\/strong> care se ridic\u0103 la peste 600 de metri deasupra Oceanului Atlantic.<\/p>\n<h3>\ud83c\udf0a Momente importante ale experien\u021bei<\/h3>\n<ul>\n<li><strong>Barc\u0103 rapid\u0103 \u0219i confortabil\u0103<\/strong>: O barc\u0103 cu motor puternic\u0103, conceput\u0103 pentru o navigare lin\u0103 \u0219i confortabil\u0103, cu locuri pentru p\u00e2n\u0103 la 32 de pasageri.<\/li>\n<li><strong>Priveli\u0219ti impresionante<\/strong>: Bucura\u021bi-v\u0103 de priveli\u0219ti panoramice ale coastei s\u0103lbatice a insulei Tenerife \u0219i ale majestuoaselor st\u00e2nci Los Gigantes.<\/li>\n<li><strong>Oprire pentru \u00eenot \u00een golful Masca<\/strong>: Face\u021bi o baie r\u0103coritoare \u00een apele cristaline ale acestei golfuri ascunse \u0219i fermec\u0103toare.<\/li>\n<li><strong>Catering u\u0219or inclus<\/strong>: Sandvi\u0219uri \u0219i ap\u0103 \u00eembuteliat\u0103 sunt servite la bord pentru a v\u0103 face c\u0103l\u0103toria \u0219i mai pl\u0103cut\u0103.<\/li>\n<li><strong>Ghid local<\/strong>: Afla\u021bi pove\u0219ti \u0219i curiozit\u0103\u021bi despre coasta de sud a insulei Tenerife de la ghidul nostru prietenos \u0219i bilingv.<\/li>\n<\/ul>\n<h3>\ud83d\udee5\ufe0f Barca rapid\u0103 spre Los Gigantes<\/h3>\n<ul>\n<li><strong>Durata<\/strong>: Aproximativ 3 ore (dus-\u00eentors).<\/li>\n<li><strong>Program<\/strong>: Plec\u0103ri \u00een fiecare luni, miercuri, vineri, s\u00e2mb\u0103t\u0103 \u0219i duminic\u0103 la ora 10:00.<\/li>\n<li><strong>Punctul de plecare<\/strong>: <a href=\"https:\/\/www.google.com\/maps\/place\/Puerto+de+Los+Cristianos\/\" target=\"_blank\" rel=\"noopener\">Portul Los Cristianos<\/a>. V\u0103 rug\u0103m s\u0103 ajunge\u021bi cu 15 minute \u00eenainte de plecare.<\/li>\n<\/ul>\n<h3>\ud83d\udc2c Excursie cu barca \u00een Golful Masca: un paradis ascuns<\/h3>\n<p>Ca parte a acestui <strong>Excursie cu barca \u00een Golful Masca<\/strong>, vom ancora \u00eentr-una dintre cele mai pitore\u0219ti golfuri din Tenerife. \u00cenconjurat\u0103 de st\u00e2nci \u0219i ape turcoaz, este locul perfect pentru \u00eenot, snorkeling sau pur \u0219i simplu pentru relaxare la bord, bucur\u00e2ndu-v\u0103 de atmosfera lini\u0219tit\u0103 a Atlanticului.<\/p>\n<p>Echipamentul pentru snorkeling nu este inclus, dar \u00eel pute\u021bi \u00eenchiria la bord pentru doar 15 \u20ac de persoan\u0103.<\/p>\n<h3>\ud83c\udf74 Ce este inclus<\/h3>\n<ul>\n<li>3 ore <strong>excursie cu barca de la Los Cristianos la Los Gigantes<\/strong>.<\/li>\n<li>Scaune confortabile pentru p\u00e2n\u0103 la 32 de pasageri.<\/li>\n<li>Sandvi\u0219uri \u0219i ap\u0103 \u00eembuteliat\u0103 (op\u021biuni vegetariene disponibile la cerere).<\/li>\n<li>Ghid local bilingv (spaniol\u0103 \u0219i englez\u0103).<\/li>\n<li>Opri\u021bi-v\u0103 pentru \u00eenot \u0219i snorkeling \u00een Golful Masca.<\/li>\n<li>Asigurare de c\u0103l\u0103torie \u0219i echipament complet de siguran\u021b\u0103 la bord.<\/li>\n<\/ul>\n<h3>\u274c Nu este inclus<\/h3>\n<ul>\n<li>\u00cenchiriere echipament de snorkeling (disponibil la bord pentru 15 \u20ac de persoan\u0103).<\/li>\n<li>B\u0103uturi sau gust\u0103ri suplimentare.<\/li>\n<li>Transfer de la \u0219i c\u0103tre hotel (transfer op\u021bional disponibil la un cost suplimentar).<\/li>\n<li>Prosoape \u0219i articole personale.<\/li>\n<\/ul>\n<h3>\ud83d\udcf8 Informa\u021bii utile<\/h3>\n<ul>\n<li><strong>Capacitate<\/strong>: Limitat la 32 de pasageri pentru o experien\u021b\u0103 confortabil\u0103 \u0219i personalizat\u0103.<\/li>\n<li><strong>Recomand\u0103ri<\/strong>: Aduce\u021bi costume de baie, prosoape, ochelari de soare, lo\u021biune de protec\u021bie solar\u0103 \u0219i aparatul foto pentru a imortaliza priveli\u0219tile uimitoare.<\/li>\n<li><strong>Restric\u021bii<\/strong>: Fumatul este interzis la bord. Copiii sub 18 ani trebuie s\u0103 fie \u00eenso\u021bi\u021bi de un adult.<\/li>\n<\/ul>\n<h3>\ud83d\udcbc Rezerva\u021bi u\u0219or cu CanaryVIP<\/h3>\n<ul>\n<li><strong>Rezervare simpl\u0103<\/strong>: Rezerva\u021bi-v\u0103 locurile online \u0219i asigura\u021bi-v\u0103 locul instantaneu.<\/li>\n<li><strong>Cerere mare<\/strong>: Acest <strong>barc\u0103 rapid\u0103 spre Los Gigantes<\/strong> se umple repede, a\u0219a c\u0103 v\u0103 recomand\u0103m s\u0103 rezerva\u021bi din timp.<\/li>\n<li><strong>Pl\u0103\u021bi flexibile<\/strong>: Mai multe metode de plat\u0103 sigure disponibile pentru confortul dumneavoastr\u0103.<\/li>\n<\/ul>\n<h3>\ud83d\udd52 Politica de anulare<\/h3>\n<p>\u0218tim c\u0103 planurile se pot schimba, a\u0219a c\u0103 oferim o politic\u0103 de anulare flexibil\u0103 pentru aceast\u0103 excursie cu barca \u00een Tenerife.<\/p>\n<ul>\n<li><strong>Anulare gratuit\u0103 cu p\u00e2n\u0103 la 48 de ore \u00eenainte de plecare<\/strong>: Ob\u021bine\u021bi o rambursare integral\u0103 dac\u0103 anula\u021bi cu cel pu\u021bin 48 de ore \u00eenainte de \u00eenceperea turului.<\/li>\n<li><strong>Cu mai pu\u021bin de 48 de ore \u00eenainte de plecare<\/strong>: Din p\u0103cate, nu se pot acorda ramburs\u0103ri pentru anul\u0103rile de ultim moment.<\/li>\n<li><strong>For\u021ba major\u0103<\/strong>: \u00cen cazurile rare de vreme nefavorabil\u0103, mare agitat\u0103 sau probleme opera\u021bionale, v\u0103 vom oferi o nou\u0103 dat\u0103 sau o rambursare integral\u0103.<\/li>\n<\/ul>\n<h3>\ud83c\udf34 De ce s\u0103 rezerva\u021bi cu CanaryVIP?<\/h3>\n<p>La CanaryVIP, colabor\u0103m numai cu operatori de \u00eencredere \u0219i certifica\u021bi pentru a ne asigura c\u0103 fiecare <strong>tur cu barca \u00een Tenerife<\/strong> \u00eendepline\u0219te standardele noastre de calitate. Suntem aici pentru a v\u0103 ajuta s\u0103 alege\u021bi cea mai bun\u0103 experien\u021b\u0103 pentru sejurul dvs. \u0219i pentru a v\u0103 oferi asisten\u021b\u0103 \u00eenainte, \u00een timpul \u0219i dup\u0103 efectuarea rezerv\u0103rii.<\/p>\n<p>Fie c\u0103 sunte\u021bi \u00een c\u0103utarea aventurii, a peisajelor uluitoare sau pur \u0219i simplu a unei dimine\u021bi relaxante pe mare, acest <strong>excursie cu barca la Los Gigantes<\/strong> este una dintre cele mai memorabile modalit\u0103\u021bi de a explora coasta sudic\u0103 a insulei Tenerife.<\/p>\n<p>Rezerva\u021bi-v\u0103 locul ast\u0103zi \u0219i bucura\u021bi-v\u0103 de o zi de neuitat pe ocean!<\/p>","protected":false},"excerpt":{"rendered":"<p><strong>\ud83d\udd0d Tur cu FastBoat:<br \/>\n<\/strong>\ud83d\udea4 Barc\u0103 rapid\u0103 c\u0103tre Los Gigantes.<br \/>\n<span>\u2705 Plat\u0103 sigur\u0103.<\/span><br \/>\n<span>\ud83d\udc65 Tururi \u00een comun disponibile.<\/span><br \/>\n<span>\ud83d\udd10 Tururi private disponibile.<\/span><br \/>\n<span>\ud83d\udc0b Observare de balene \u0219i delfini.<\/span><br \/>\n<span>\ud83d\ude80 Tururi de 3 ore.<\/span><br \/>\n<span>\ud83d\udd59 Zilnic la ora 10:00.<\/span><br \/>\n<span>\ud83e\uddc3 Sandvi\u0219 \u0219i ap\u0103 incluse.<br \/>\n<\/span>\ud83d\udd75\ud83c\udffc\u200d\u2642\ufe0f Ghid expert local.<br \/>\n<span>\ud83d\udc65 P\u00e2n\u0103 la 32 de persoane.<\/span><br \/>\n<span>\ud83e\udd3f Echipament de snorkeling de \u00eenchiriat.<\/span><br \/>\n<span>\ud83e\udd11 Cel mai bun pre\u021b garantat.<\/span><br \/>\n<span>\ud83d\udc6a Reduceri activate.<\/span><br \/>\n<span>\ud83d\udd01 P\u00e2n\u0103 la 48 de ore Anulare.<\/span><br \/>\n<span>\ud83c\udf0d Ghiduri multilingve.<\/span><br \/>\n<span>\ud83c\udf1f Rezerva\u021bi acum \u0219i economisi\u021bi!<\/span><br \/>\n<span>\ud83d\udccd Plecare din <a href=\"https:\/\/maps.app.goo.gl\/h1kp26zsNCk2tWjZA\">Los Cristianos<\/a>.<\/span><\/p>","protected":false},"featured_media":16353,"comment_status":"open","ping_status":"closed","template":"","meta":{"_acf_changed":false},"product_brand":[],"product_cat":[46],"product_tag":[],"class_list":{"0":"post-16199","1":"product","2":"type-product","3":"status-publish","4":"has-post-thumbnail","6":"product_cat-boat-excursions","7":"wcpa_has_options","9":"first","10":"instock","11":"virtual","12":"purchasable","13":"product-type-simple"},"acf":[],"wcpa_form_fields":{"wcpaData":{"product":{"product_price":39,"price_html":"From&nbsp;<span class=\"woocommerce-Price-amount amount\"><bdi>39,00&nbsp;<span class=\"woocommerce-Price-currencySymbol\">&euro;<\/span><\/bdi><\/span>","original_product_price":39,"price_including_tax":39,"price_excluding_tax":39,"product_id":{"parent":16199,"variation":false},"is_variable":false,"stock_status":"instock","stock_quantity":null,"parent_sku":"CV16199","product_attributes":[],"custom_fields":[],"is_taxable":false,"product_name":"Fast Boat Tour from Los Cristianos to Los Gigantes","hasImage":false},"fields":{"sec_36938408c284bc":{"extra":{"key":"sec_36938408c284bc","section_id":"sec_36938408c284bc","name":"3H Shared Trip","status":1,"cl_rule":"show","enableCl":false,"relations":[{"operator":false,"rules":[{"operator":"AND","rules":{"cl_field":"radio-group_26938408c284ba","cl_relation":"is","cl_val":"3 Hour Trip"}}]}],"toggle":true,"title_tag":"h4","show_title":false,"showPrice":"default","repeater_section_field_label":"{field_label}","repeater_section_label":"{section_name}","repeater_bind":"","form_id":16357,"form_rules":{"exclude_from_discount":true,"fee_label":"Fee","disp_hide_options_price":true,"disp_show_section_price":false,"disp_show_field_price":true,"layout_option":"standard","pric_use_as_fee":false,"process_fee_as":"woo_fee"},"layout_option":"standard"},"fields":[[{"active":true,"col":6,"relations":false,"cl_rule":"show","enableCl":false,"price":"","enablePrice":false,"className":"","label_position":"default","desc_position":"default","type":"content","required":false,"elementId":"content_4254462101","label":"3 Hour Shared Tour","name":"content_4254462101","contentType":"rich","value":"<p>Whale and dolphin sightings. Includes a sandwich and water. Daily at 10:00.<\/p>","isTemplate":false,"error":false,"gt_translate_keys":["label","value"],"price_dependency":false,"cl_dependency":false}],[{"label":"\ud83d\udcc5 Date","active":true,"required":true,"elementId":"date_66938408c284ca","picker_type":"custom","picker_mode":"single","placeholder":"","description":"","tooltip":"","name":"date_66938408c284ca","label_position":"default","desc_position":"default","enablePrice":false,"className":"","enableCl":false,"relations":[{"operator":"and","rules":[{"operator":"AND","rules":{"cl_field":"radio-group_26938408c284ba","cl_relation":"is","cl_val":"3 Hour Trip"}}]}],"enableDesign":false,"LabelColor":"","date_pic_inline":true,"date_pic_inline_hide":true,"min_date":{"type":"days","val":"1"},"max_date":{"type":"days","val":"365"},"date_pic_conf":{"disabledWeeks":[],"disabledDates":[]},"price":"","cl_rule":"show","col":6,"type":"date","error":false,"date_conf_custom":{},"isWeightTemplate":false,"isTemplate":false,"min_quantity":"1","quantity_decimal":false,"quantity_step":"1","quantity_label":"Quantity","repeater_field_label":"{field_label}","repeater_bind":"","gt_translate_keys":["label","placeholder","description","tooltip","repeater_field_label","quantity_label"],"price_dependency":false,"cl_dependency":false,"value":""}],[{"label":"\u23f0 Departure","active":true,"required":true,"elementId":"select_16938408c284d6","dropdown_type":"basic","name":"select_16938408c284d6","label_position":"default","desc_position":"default","enablePrice":false,"className":"","enableCl":false,"relations":[{"operator":false,"rules":[{"operator":"AND","rules":{"cl_field":"date_66938408c284ca","cl_relation":"week_day_is","cl_val":[1]}}]}],"values":[{"label":"10:00","value":"10:00","selected":true,"tempId":"aco_2695","options_cl":false,"relations":[{"operator":false,"rules":[{"operator":"AND","rules":{"cl_field":"date_66938408c284ca","cl_relation":"week_day_is","cl_val":[5]}}]}],"cl_rule":"show","gt_translate_keys":["label"]}],"price":"","cl_rule":"show","col":6,"type":"select","error":false,"placeholder":"","isWeightTemplate":false,"isTemplate":false,"min_quantity":"1","quantity_decimal":false,"quantity_step":"1","quantity_label":"Quantity","repeater_field_label":"{field_label}","repeater_bind":"","gt_translate_keys":["label","placeholder","repeater_field_label","quantity_label"],"price_dependency":false,"cl_dependency":false,"value":""}],[{"active":true,"col":6,"relations":false,"cl_rule":"show","enableCl":false,"price":"","enablePrice":false,"className":"","label_position":"default","desc_position":"default","type":"content","required":false,"elementId":"content_26938408c284f4","label":"People","name":"content_26938408c284f4","contentType":"plain","value":"","error":false,"show_in_checkout":true,"inline":false,"isTemplate":false,"gt_translate_keys":["label","value"],"price_dependency":false,"cl_dependency":false}],[{"active":true,"col":6,"relations":[{"operator":false,"rules":[{"operator":"AND","rules":{"cl_field":"","cl_relation":"","cl_val":""}}]}],"cl_rule":"show","enableCl":false,"price":"39","enablePrice":true,"className":"","label_position":"default","desc_position":"default","type":"radio-group","required":false,"elementId":"radio-group_66938408c28500","label":"","name":"radio-group_66938408c28500","values":[{"label":"\ud83d\udc64 Adult (39\u20ac)","value":"Adult","selected":true,"tempId":"aco_32","tooltip":"+12 Years","description":"","gt_translate_keys":["label","tooltip","description"]}],"layOut":"","error":false,"checkUi":"button","priceOptions":"fixed_for_all","pricingType":"fixed","enable_quantity":true,"quantity_label":"","min_quantity":"0","options_tooltip":true,"options_description":true,"is_show_price":false,"isWeightTemplate":false,"isTemplate":false,"quantity_decimal":false,"quantity_step":"1","repeater_field_label":"{field_label}","repeater_bind":"","gt_translate_keys":["label","repeater_field_label","quantity_label"],"price_dependency":false,"cl_dependency":false,"value":""}],[{"label":"","active":true,"required":false,"elementId":"radio-group_96938408c2850b","name":"radio-group_96938408c2850b","label_position":"default","desc_position":"default","enablePrice":true,"className":"","enableCl":false,"relations":false,"enable_quantity":true,"quantity_label":"","min_quantity":"0","checkUi":"button","layOut":"","values":[{"label":"\ud83d\udc66 Child (21\u20ac)","value":"Child","selected":true,"tempId":"aco_32","tooltip":"3-11 Years","description":"","gt_translate_keys":["label","tooltip","description"]}],"priceOptions":"fixed_for_all","pricingType":"fixed","price":"21","cl_rule":"show","col":6,"type":"radio-group","error":false,"options_tooltip":true,"options_description":true,"is_show_price":false,"isWeightTemplate":false,"isTemplate":false,"quantity_decimal":false,"quantity_step":"1","repeater_field_label":"{field_label}","repeater_bind":"","gt_translate_keys":["label","repeater_field_label","quantity_label"],"price_dependency":false,"cl_dependency":false,"value":""}]]}},"config":{"price_override":"always","enable_recaptcha":false,"bind_quantity":false,"quantity_bind_formula":false,"disp_summ_show_option_price":true,"disp_summ_show_product_price":false,"disp_summ_show_total_price":true,"disp_summ_show_fee":true,"disp_summ_show_discount":true,"summary_title":"","options_total_label":"Options Price","total_label":"Total Amount Now","options_product_label":"Product Price","fee_label":"Fee","discount_label":"Discount","has_price":true,"has_quantity_formula":false},"mc_unit":1,"tax_rate":1,"tax_rate_real":1,"discount":{"percentage":0,"fixed":0},"design":{"conf":{"LabelPosition":"above","DescPosition":"above","UploadField":"custom_1","QuantityFieldStyle":"custom_1"},"css":{"LeftLabelWidth":"120px"}},"formulas":{"fmla_1708364241278155361":"(({field.select_16938408c2853d.value}>=8)?(335.50):(({field.select_16938408c2853d.value}>=6)?(269):(({field.select_16938408c2853d.value}>=5)?(252.50):(({field.select_16938408c2853d.value}>=4)?(282.50):(({field.select_16938408c2853d.value}>=3)?(193.50):(0))))))","fmla_1741607919311571987":"(({field.select_16938408c2853d.value}>=8)?(1334.50):(({field.select_16938408c2853d.value}>=6)?(1071):(({field.select_16938408c2853d.value}>=5)?(977.50):(({field.select_16938408c2853d.value}>=4)?(807.50):(({field.select_16938408c2853d.value}>=3)?(756.50):(0))))))"},"lookuptables":[],"clones":false,"cartKey":false}},"_links":{"self":[{"href":"https:\/\/canaryvip.com\/ro\/wp-json\/wp\/v2\/product\/16199","targetHints":{"allow":["GET"]}}],"collection":[{"href":"https:\/\/canaryvip.com\/ro\/wp-json\/wp\/v2\/product"}],"about":[{"href":"https:\/\/canaryvip.com\/ro\/wp-json\/wp\/v2\/types\/product"}],"replies":[{"embeddable":true,"href":"https:\/\/canaryvip.com\/ro\/wp-json\/wp\/v2\/comments?post=16199"}],"wp:featuredmedia":[{"embeddable":true,"href":"https:\/\/canaryvip.com\/ro\/wp-json\/wp\/v2\/media\/16353"}],"wp:attachment":[{"href":"https:\/\/canaryvip.com\/ro\/wp-json\/wp\/v2\/media?parent=16199"}],"wp:term":[{"taxonomy":"product_brand","embeddable":true,"href":"https:\/\/canaryvip.com\/ro\/wp-json\/wp\/v2\/product_brand?post=16199"},{"taxonomy":"product_cat","embeddable":true,"href":"https:\/\/canaryvip.com\/ro\/wp-json\/wp\/v2\/product_cat?post=16199"},{"taxonomy":"product_tag","embeddable":true,"href":"https:\/\/canaryvip.com\/ro\/wp-json\/wp\/v2\/product_tag?post=16199"}],"curies":[{"name":"wp","href":"https:\/\/api.w.org\/{rel}","templated":true}]}}