{"id":15796,"date":"2025-09-01T21:32:54","date_gmt":"2025-09-01T20:32:54","guid":{"rendered":"https:\/\/canaryvip.com\/?post_type=product&#038;p=15796"},"modified":"2025-12-09T16:40:27","modified_gmt":"2025-12-09T16:40:27","slug":"royal-ocean-private-yacht-tenerife","status":"publish","type":"product","link":"https:\/\/canaryvip.com\/ro\/shop\/royal-ocean-private-yacht-tenerife\/","title":{"rendered":"Royal Ocean Private Yacht Tenerife"},"content":{"rendered":"<h2><strong>\ud83c\udf0a Royal Ocean Private Yacht Charter \u00een Tenerife<\/strong><\/h2>\n<p>Urca\u021bi la bordul <strong>Oceanul regal<\/strong>, un elegant <strong>Princess 440 Flybridge iaht<\/strong> de 14 metri, \u0219i a pornit pe un spectaculos <a href=\"https:\/\/canaryvip.com\/ro\/tenerife\/boat-hire-tenerife\/\">yacht charter \u00een Tenerife<\/a>. Aceast\u0103 experien\u021b\u0103 premium combin\u0103 elegan\u021ba, confortul \u0219i aventura, fiind alegerea perfect\u0103 pentru o escapad\u0103 romantic\u0103, o excursie \u00een familie sau o petrecere cu prietenii.<\/p>\n<p>Navig\u00e2nd de-a lungul coastei de sud a insulei Tenerife, protejat\u0103 de v\u00e2nturi de mun\u021bii maiestuo\u0219i, v\u0103 ve\u021bi bucura de m\u0103ri calme, soare aproape tot timpul anului \u0219i de unele dintre cele mai bune activit\u0103\u021bi de observare a vie\u021bii marine din Insulele Canare.<\/p>\n<h3>\u2b50\ufe0f <strong>Confort de neegalat \u0219i experien\u021b\u0103 gastronomic\u0103<\/strong><\/h3>\n<p><span style=\"text-decoration: underline;\"><strong>De ce aceast\u0103 \u00eenchiriere de iahturi \u00een Tenerife este cu adev\u0103rat special\u0103:<\/strong><\/span><\/p>\n<ul>\n<li>Spa\u021bioase <strong>Princess 440 Flybridge<\/strong> cu 14 metri lungime, lounge interior, Flybridge \u0219i zone de plaj\u0103 pentru p\u00e2n\u0103 la 10 persoane.<\/li>\n<li>Experien\u021b\u0103 culinar\u0103 premium: m\u00e2nc\u0103ruri preg\u0103tite de buc\u0103tari, specialit\u0103\u021bi canare \u0219i delicatese proaspete.<\/li>\n<li>B\u0103uturi nelimitate, inclusiv cava, cocktailuri \u0219i b\u0103uturi r\u0103coritoare.<\/li>\n<li>Transferuri de lux disponibile cu un microbuz Mercedes pentru p\u00e2n\u0103 la 8 pasageri.<\/li>\n<\/ul>\n<h3>\ud83d\udd52 <strong>Op\u021biuni flexibile de charter privat<\/strong><\/h3>\n<p>Alege\u021bi itinerariul \u0219i durata care se potrivesc cel mai bine planurilor dvs:<\/p>\n<ul>\n<li><strong>3-4 ore Los Cristianos Itinerar<\/strong>: Observa\u021bi balene \u0219i delfini \u00eenainte de a v\u0103 \u00eendrepta de-a lungul coastei de sud. Ancorarea \u00eentr-un golf ascuns l\u00e2ng\u0103 Los Cristianos sau Yellow Mountain pentru \u00eenot, snorkeling \u0219i paddleboarding, cu tapas, fructe proaspete \u0219i b\u0103uturi la bord.<\/li>\n<li><strong>5-6 ore Puertito Itinerar<\/strong>: Extinde\u021bi-v\u0103 aventura cu mai mult timp pe mare. Dup\u0103 observarea vie\u021bii marine, savura\u021bi aperitive gourmet cu jam\u00f3n, br\u00e2nzeturi \u0219i somon pe drumul spre Puertito Bay. \u00cenota\u021bi, face\u021bi snorkeling sau relaxa\u021bi-v\u0103 \u00eenainte de a explora un alt golfule\u021b izolat.<\/li>\n<li><strong>7-8 ore Itinerar Los Gigantes<\/strong>: Cea mai bun\u0103 op\u021biune de yacht charter Tenerife. Naviga\u021bi spre st\u00e2ncile impun\u0103toare Los Gigantes, ancora\u021bi \u00een Golful Masca \u0219i bucura\u021bi-v\u0103 de snorkeling, paddleboarding \u0219i un meniu complet pentru pr\u00e2nz. De-a lungul drumului, admira\u021bi pe\u0219teri, plaje ascunse \u0219i vederi uluitoare ale Teide.<\/li>\n<li><strong>Croazier\u0103 privat\u0103 la apus de soare<\/strong>: O experien\u021b\u0103 romantic\u0103 de sear\u0103. Asista\u021bi la apusul soarelui peste Atlantic \u00een timp ce savura\u021bi cava, cocktailuri \u0219i gust\u0103ri preg\u0103tite de buc\u0103tar. Perfect pentru cereri \u00een c\u0103s\u0103torie, anivers\u0103ri sau pur \u0219i simplu pentru a v\u0103 bucura de cele mai magice priveli\u0219ti din Tenerife.<\/li>\n<\/ul>\n<h4>\ud83d\udc2c <strong>Observarea balenelor sub steagul Barco Azul<\/strong><\/h4>\n<p>The <strong>Oceanul regal<\/strong> navigheaz\u0103 cu m\u00e2ndrie sub oficialul <em>Barco Azul<\/em> asigur\u00e2nd o observare etic\u0103 \u0219i durabil\u0103 a balenelor \u0219i delfinilor. Cu o rat\u0103 de succes de 99%, ve\u021bi \u00eent\u00e2lni probabil balene pilot \u0219i delfini cu g\u00e2t mare pe tot parcursul anului, \u00eempreun\u0103 cu specii migratoare \u00een anumite perioade ale anului.<\/p>\n<h3>\u2705 <strong>Puncte forte ale \u00eenchirierii unui iaht privat \u00een Tenerife<\/strong><\/h3>\n<ul>\n<li>Rute personalizate \u0219i programe flexibile concepute \u00een func\u021bie de preferin\u021bele dvs.<\/li>\n<li>Facilit\u0103\u021bi de prim\u0103 clas\u0103 la bord, inclusiv pl\u0103ci SUP, echipament de snorkeling \u0219i zone spa\u021bioase de relaxare.<\/li>\n<li>Echipaj profesionist care asigur\u0103 siguran\u021b\u0103, confort \u0219i servicii atente pe tot parcursul c\u0103l\u0103toriei.<\/li>\n<li>Vederi de neuitat la Teide, st\u00e2ncile Los Cristianos, golful Masca \u0219i coasta de sud a insulei Tenerife.<\/li>\n<\/ul>\n<h4>\ud83c\udf89 <strong>Perfect pentru evenimente \u0219i s\u0103rb\u0103tori speciale<\/strong><\/h4>\n<p>Carta <strong>Oceanul regal<\/strong> nu \u00eenseamn\u0103 doar naviga\u021bie, ci \u0219i o modalitate extraordinar\u0103 de a s\u0103rb\u0103tori cele mai importante momente ale vie\u021bii. Fie c\u0103 este vorba de o aniversare, o cerere \u00een c\u0103s\u0103torie, o lun\u0103 de miere, o petrecere a burlacilor sau a burl\u0103ci\u021belor sau o aniversare, aceast\u0103 op\u021biune de \u00eenchiriere a unui iaht \u00een Tenerife creeaz\u0103 amintiri care dureaz\u0103 o via\u021b\u0103 \u00eentreag\u0103. Oaspe\u021bii se pot bucura de mese de calitate, b\u0103uturi de lux \u0219i de fundalul uimitor al Oceanului Atlantic.<\/p>\n<p>Prin aranjament, un fotograf profesionist poate fi, de asemenea, invitat la bord pentru a surprinde fiecare moment.<\/p>\n<h4>\ud83d\ude90 <strong>Transferuri f\u0103r\u0103 sudur\u0103<\/strong><\/h4>\n<p>Pentru un confort sporit, Royal Ocean ofer\u0103 un serviciu de transfer de lux cu un microbuz Mercedes pentru grupuri de p\u00e2n\u0103 la 8 persoane, care v\u0103 duce direct la port.<\/p>\n<h4>\ud83d\udcdc <strong>Politica de rezervare \u0219i anulare<\/strong><\/h4>\n<ul>\n<li><strong>Anul\u0103ri flexibile:<\/strong> Anulare gratuit\u0103 cu p\u00e2n\u0103 la 4 zile \u00eenainte de cursele scurte (3-4 ore). Pentru cursele charter mai lungi (5-8 ore), anul\u0103rile cu p\u00e2n\u0103 la 6 zile \u00eenainte sunt gratuite. Anun\u021burile de neprezentare nu sunt rambursabile.<\/li>\n<li>Anun\u021ba\u021bi-ne cu privire la cerin\u021bele dietetice cu cel pu\u021bin 48 de ore \u00eenainte de plecare, astfel \u00eenc\u00e2t s\u0103 putem preg\u0103ti un meniu adaptat.<\/li>\n<\/ul>\n<h4>\ud83d\udd53 <strong>\u00cembarcare u\u0219oar\u0103<\/strong><\/h4>\n<ul>\n<li>Plecare din Marina del Sur, Las Galletas.<\/li>\n<li>V\u0103 rug\u0103m s\u0103 v\u0103 prezenta\u021bi la punctul de \u00eent\u00e2lnire cu 15 minute \u00eenainte de plecare pentru un proces de \u00eembarcare f\u0103r\u0103 probleme.<\/li>\n<\/ul>\n<p>La CanaryVIP, simplific\u0103m \u00eenchirierea unei ambarca\u021biuni \u00een Tenerife \u0219i v\u0103 oferim cele mai exclusiviste experien\u021be de pe insul\u0103. Cu Royal Ocean, ve\u021bi descoperi de ce \u00eenchirierea de iahturi Tenerife este una dintre cele mai de neuitat modalit\u0103\u021bi de a explora Oceanul Atlantic.<\/p>\n<p>\ud83c\udf1f Rezerva\u021bi-v\u0103 <strong>Royal Ocean Private Yacht Carta<\/strong> ast\u0103zi \u0219i transforma\u021bi-v\u0103 vacan\u021ba \u00een Tenerife \u00eentr-o aventur\u0103 de lux pe mare.<\/p>","protected":false},"excerpt":{"rendered":"<p><span>\ud83d\udd0d <\/span><strong>Royal Ocean Yacht:<\/strong><br \/>\n<span>\u2705 Plat\u0103 sigur\u0103.<br \/>\n<\/span>\ud83d\udc65 Tururi partajate.<br \/>\n<span>\ud83d\udd10 Tururi private.<\/span><br \/>\n<span>\ud83d\udee5\ufe0f 14 metru Yacht.<\/span><br \/>\n<span>\u23f3 Tururi zilnice de 3-8h.<\/span><br \/>\n<span>\ud83d\udd59 Orele de plecare personalizabile.<\/span><br \/>\n<span>\ud83c\udf74 Mese \u0219i b\u0103uturi incluse.<\/span><br \/>\n<span>\ud83d\udc65 P\u00e2n\u0103 la 10 persoane.<\/span><br \/>\n<span>\ud83c\udfc4\u200d\u2640\ufe0f Paddle Board inclus.<\/span><br \/>\n<span>\ud83e\udd3f Se ofer\u0103 echipament de snorkel.<\/span><br \/>\n<span>\ud83d\udd0a Red\u0103-\u021bi muzica.<\/span><br \/>\n<span>\ud83d\ude97 Serviciu de transport inclus.<\/span><br \/>\n<span>\ud83e\udd11 Cel mai bun pre\u021b garantat.<\/span><br \/>\n<span>\ud83d\udc6a Reduceri activate.<\/span><br \/>\n<span>\ud83d\udd01 Anulare de p\u00e2n\u0103 la 4 zile.<\/span><br \/>\n<span>\ud83c\udf0d Multilingual Crew.<\/span><br \/>\n<span>\ud83c\udf1f Rezerva\u021bi din timp \u0219i economisi\u021bi!<\/span><br \/>\n<span>\ud83d\udccd Plecare din\u00a0<\/span><a href=\"https:\/\/www.google.com\/maps\/place\/Marina+del+Sur+Tenerife.+Puerto+de+Las+Galletas.\/@28.0069667,-16.6636839,16z\/data=!3m1!4b1!4m6!3m5!1s0xc6aa271048d957b:0x66913daf70f663b3!8m2!3d28.006962!4d-16.661109!16s%2Fg%2F1tfzyr98?entry=tts\">Las Galletas<\/a><span>.<\/span><\/p>","protected":false},"featured_media":15937,"comment_status":"open","ping_status":"closed","template":"","meta":{"_acf_changed":false},"product_brand":[],"product_cat":[46,47],"product_tag":[],"class_list":{"0":"post-15796","1":"product","2":"type-product","3":"status-publish","4":"has-post-thumbnail","6":"product_cat-boat-excursions","7":"product_cat-boat-hire-tenerife","8":"wcpa_has_options","10":"first","11":"instock","12":"virtual","13":"purchasable","14":"product-type-simple"},"acf":[],"wcpa_form_fields":{"wcpaData":{"product":{"product_price":750,"price_html":"From&nbsp;<span class=\"woocommerce-Price-amount amount\"><bdi>750,00&nbsp;<span class=\"woocommerce-Price-currencySymbol\">&euro;<\/span><\/bdi><\/span>","original_product_price":750,"price_including_tax":750,"price_excluding_tax":750,"product_id":{"parent":15796,"variation":false},"is_variable":false,"stock_status":"instock","stock_quantity":null,"parent_sku":"CV15796","product_attributes":[],"custom_fields":[],"is_taxable":false,"product_name":"Royal Ocean Private Yacht Tenerife","hasImage":false},"fields":{"sec_868cd7750f2713":{"extra":{"key":"sec_868cd7750f2713","section_id":"sec_868cd7750f2713","name":"Default","status":1,"cl_rule":"show","enableCl":false,"relations":[],"toggle":true,"title_tag":"h3","show_title":false,"showPrice":"default","form_id":15949,"form_rules":{"exclude_from_discount":true,"fee_label":"Fee","disp_hide_options_price":true,"disp_show_section_price":false,"disp_show_field_price":true,"layout_option":"standard","pric_use_as_fee":false,"process_fee_as":"woo_fee"},"layout_option":"standard"},"fields":[[{"active":true,"col":6,"relations":[{"operator":false,"rules":[{"operator":"AND","rules":{"cl_field":"","cl_relation":"","cl_val":""}}]}],"cl_rule":"show","enableCl":false,"price":"","enablePrice":false,"className":"","label_position":"default","desc_position":"default","type":"radio-group","required":true,"elementId":"radio-group_1068cd7750f2744","label":"\u231b\ufe0f Trip Duration","name":"radio-group_1068cd7750f2744","values":[{"label":"3 Hour Shared Trip (86\u20ac)","value":"3 Hour Trip","selected":false,"tempId":"aco_32","description":"Whale and dolphin sightings. Includes food and drinks. Daily at Different Hours.","gt_translate_keys":["label","description"]},{"label":"Private Charter (From 750\u20ac)","value":"Private Charter (From 670\u20ac)","selected":false,"tempId":"aco_33","description":"Explore Tenerife\u2019s coast on a luxury yacht. Private charters include drinks, tapas, swim stops, whale watching and flexible routes from 3\u20138 hours.","gt_translate_keys":["label","description"]}],"layOut":"","error":false,"checkUi":"toggle","enableDesign":false,"scrollBar":false,"description":"","other":false,"options_description":true,"show_selected_option":false,"isWeightTemplate":false,"isTemplate":false,"min_quantity":"1","quantity_decimal":false,"quantity_step":"1","quantity_label":"Quantity","repeater_field_label":"{field_label}","repeater_bind":"","gt_translate_keys":["label","description","repeater_field_label","quantity_label"],"price_dependency":false,"cl_dependency":[false,false],"value":""}]]},"sec_468cd7750f2746":{"extra":{"key":"sec_468cd7750f2746","section_id":"sec_468cd7750f2746","name":"3H Shared Trip","status":1,"cl_rule":"show","enableCl":true,"relations":[{"operator":false,"rules":[{"operator":"AND","rules":{"cl_field":"radio-group_1068cd7750f2744","cl_relation":"is","cl_val":"3 Hour Trip"}}]}],"toggle":true,"title_tag":"h4","show_title":false,"showPrice":"default","form_id":15949,"form_rules":{"exclude_from_discount":true,"fee_label":"Fee","disp_hide_options_price":true,"disp_show_section_price":false,"disp_show_field_price":true,"layout_option":"standard","pric_use_as_fee":false,"process_fee_as":"woo_fee"},"layout_option":"standard"},"fields":[[{"label":"\ud83d\udcc5 Date","active":true,"required":true,"elementId":"date_268cd7750f2754","picker_type":"custom","picker_mode":"single","placeholder":"","description":"","tooltip":"","name":"date_268cd7750f2754","label_position":"default","desc_position":"default","enablePrice":false,"className":"","enableCl":false,"relations":[{"operator":"and","rules":[{"operator":"AND","rules":{"cl_field":"radio-group_1068cd7750f2744","cl_relation":"is","cl_val":"3 Hour Trip"}}]}],"enableDesign":false,"LabelColor":"","date_pic_inline":true,"date_pic_inline_hide":true,"min_date":{"type":"days","val":"2"},"max_date":{"type":"days","val":"365"},"date_pic_conf":{"disabledWeeks":[],"disabledDates":["2025-09-19","2025-09-21","2025-09-23","2025-09-29","2025-10-07","2025-10-12","2025-10-13","2025-10-19","2025-10-20"]},"price":"","cl_rule":"show","col":6,"type":"date","error":false,"date_conf_custom":{},"isWeightTemplate":false,"isTemplate":false,"min_quantity":"1","quantity_decimal":false,"quantity_step":"1","quantity_label":"Quantity","repeater_field_label":"{field_label}","repeater_bind":"","gt_translate_keys":["label","placeholder","description","tooltip","repeater_field_label","quantity_label"],"price_dependency":false,"cl_dependency":false,"value":""}],[{"label":"\u23f0 Departure","active":true,"required":true,"elementId":"select_1068cd7750f275f","dropdown_type":"basic","name":"select_1068cd7750f275f","label_position":"default","desc_position":"default","enablePrice":false,"className":"","enableCl":false,"relations":[{"operator":false,"rules":[{"operator":"AND","rules":{"cl_field":"date_268cd7750f2754","cl_relation":"week_day_is","cl_val":[1]}}]}],"values":[{"label":"10:00","value":"10:00","selected":false,"tempId":"aco_2695","options_cl":true,"relations":[],"cl_rule":"show","gt_translate_keys":["label"]},{"label":"14:00","value":"14:00","selected":false,"tempId":"aco_2696","options_cl":true,"relations":[],"cl_rule":"show","gt_translate_keys":["label"]}],"price":"","cl_rule":"show","col":6,"type":"select","error":false,"placeholder":"Select Departure Time","isWeightTemplate":false,"isTemplate":false,"min_quantity":"1","quantity_decimal":false,"quantity_step":"1","quantity_label":"Quantity","repeater_field_label":"{field_label}","repeater_bind":"","gt_translate_keys":["label","placeholder","repeater_field_label","quantity_label"],"price_dependency":false,"cl_dependency":false,"value":""}],[{"active":true,"col":6,"relations":false,"cl_rule":"show","enableCl":false,"price":"","enablePrice":false,"className":"","label_position":"default","desc_position":"default","type":"content","required":false,"elementId":"content_268cd7750f277e","label":"People","name":"content_268cd7750f277e","contentType":"plain","value":"","error":false,"show_in_checkout":true,"inline":false,"gt_translate_keys":["label","value"],"price_dependency":false,"cl_dependency":false}],[{"active":true,"col":6,"relations":[{"operator":false,"rules":[{"operator":"AND","rules":{"cl_field":"","cl_relation":"","cl_val":""}}]}],"cl_rule":"show","enableCl":false,"price":"89","enablePrice":true,"className":"","label_position":"default","desc_position":"default","type":"radio-group","required":false,"elementId":"radio-group_868cd7750f2789","label":"","name":"radio-group_868cd7750f2789","values":[{"label":"\ud83d\udc64 Adult (89\u20ac)","value":"Adult","selected":true,"tempId":"aco_32","tooltip":"+12 Years","description":"","gt_translate_keys":["label","tooltip","description"]}],"layOut":"","error":false,"checkUi":"button","priceOptions":"fixed_for_all","pricingType":"fixed","enable_quantity":true,"quantity_label":"","min_quantity":"0","options_tooltip":true,"options_description":true,"is_show_price":false,"isWeightTemplate":false,"isTemplate":false,"quantity_decimal":false,"quantity_step":"1","repeater_field_label":"{field_label}","repeater_bind":"","gt_translate_keys":["label","repeater_field_label","quantity_label"],"price_dependency":false,"cl_dependency":false,"value":""}],[{"label":"","active":true,"required":false,"elementId":"radio-group_568cd7750f2794","name":"radio-group_568cd7750f2794","label_position":"default","desc_position":"default","enablePrice":true,"className":"","enableCl":false,"relations":false,"enable_quantity":true,"quantity_label":"","min_quantity":"0","checkUi":"button","layOut":"","values":[{"label":"\ud83d\udc66 Child (66\u20ac)","value":"Child","selected":true,"tempId":"aco_32","tooltip":"3-11 Years","description":"","gt_translate_keys":["label","tooltip","description"]}],"priceOptions":"fixed_for_all","pricingType":"fixed","price":"66","cl_rule":"show","col":6,"type":"radio-group","error":false,"options_tooltip":true,"options_description":true,"is_show_price":false,"isWeightTemplate":false,"isTemplate":false,"quantity_decimal":false,"quantity_step":"1","repeater_field_label":"{field_label}","repeater_bind":"","gt_translate_keys":["label","repeater_field_label","quantity_label"],"price_dependency":false,"cl_dependency":false,"value":""}]]},"sec_1068cd7750f27a0":{"extra":{"key":"sec_1068cd7750f27a0","section_id":"sec_1068cd7750f27a0","name":"Private Charter","status":1,"cl_rule":"show","enableCl":true,"relations":[{"operator":false,"rules":[{"operator":"AND","rules":{"cl_field":"radio-group_1068cd7750f2744","cl_relation":"is","cl_val":"Private Charter (From 670\u20ac)"}}]}],"toggle":true,"title_tag":"h4","show_title":false,"showPrice":"default","form_id":15949,"form_rules":{"exclude_from_discount":true,"fee_label":"Fee","disp_hide_options_price":true,"disp_show_section_price":false,"disp_show_field_price":true,"layout_option":"standard","pric_use_as_fee":false,"process_fee_as":"woo_fee"},"layout_option":"standard"},"fields":[[{"label":"\ud83d\udcc5 Date","active":true,"required":true,"elementId":"date-4966732090","picker_type":"custom","picker_mode":"single","placeholder":"","description":"","tooltip":"","name":"date-4966732090","label_position":"default","desc_position":"default","enablePrice":false,"className":"","enableCl":false,"relations":[{"operator":"and","rules":[{"operator":"AND","rules":{"cl_field":"radio-group_1068cd7750f2744","cl_relation":"is","cl_val":"3 Hour Trip"}}]}],"repeater_bind":"","repeater_field_label":"{field_label}","enableDesign":false,"LabelColor":"","quantity_label":"Quantity","quantity_step":"1","quantity_decimal":false,"min_quantity":"1","date_pic_inline":true,"date_pic_inline_hide":true,"min_date":{"type":"days","val":"1"},"max_date":{"type":"days","val":"365"},"date_pic_conf":{"disabledWeeks":[],"disabledDates":["2025-09-19","2025-09-21","2025-09-23","2025-09-29","2025-10-07","2025-10-12","2025-10-13","2025-10-19","2025-10-20"]},"date_conf_custom":{},"isTemplate":false,"price":"","isWeightTemplate":false,"cl_rule":"show","col":6,"type":"date","error":false,"gt_translate_keys":["label","placeholder","description","tooltip","repeater_field_label","quantity_label"],"price_dependency":false,"cl_dependency":false,"value":""}],[{"label":"\u23f0 Departure","active":true,"required":true,"elementId":"select_068cd7750f27b3","dropdown_type":"basic","placeholder":"Select Departure Time","name":"select_068cd7750f27b3","label_position":"default","desc_position":"default","enablePrice":false,"className":"","enableCl":false,"relations":[{"operator":false,"rules":[{"operator":"AND","rules":{"cl_field":"date_268cd7750f2754","cl_relation":"week_day_is","cl_val":[1]}}]}],"values":[{"label":"10:00","value":"10:00","selected":false,"tempId":"aco_2696","gt_translate_keys":["label"]},{"label":"14:00","value":"14:00","selected":false,"tempId":"aco_2457","gt_translate_keys":["label"]},{"label":"18:00","value":"18:00","selected":false,"tempId":"aco_91","gt_translate_keys":["label"]}],"price":"","cl_rule":"show","col":6,"type":"select","error":false,"isWeightTemplate":false,"isTemplate":false,"min_quantity":"1","quantity_decimal":false,"quantity_step":"1","quantity_label":"Quantity","repeater_field_label":"{field_label}","repeater_bind":"","gt_translate_keys":["label","placeholder","repeater_field_label","quantity_label"],"price_dependency":false,"cl_dependency":false,"value":""}],[{"label":"\ud83d\udc65 Amount of People","active":true,"required":true,"elementId":"select_1068cd7750f27bc","dropdown_type":"basic","placeholder":"Select Departure Time","name":"select_1068cd7750f27bc","label_position":"default","desc_position":"default","enablePrice":false,"className":"","enableCl":false,"relations":[{"operator":false,"rules":[{"operator":"AND","rules":{"cl_field":"date_268cd7750f2754","cl_relation":"week_day_is","cl_val":[1]}}]}],"values":[{"label":"1 Person","value":"1 Person","selected":false,"tempId":"aco_2695","gt_translate_keys":["label"]},{"label":"2 People","value":"2 People","selected":false,"tempId":"aco_2696","gt_translate_keys":["label"]},{"label":"3 People","value":"3 People","selected":false,"tempId":"aco_3399","gt_translate_keys":["label"]},{"label":"4 People","value":"4 People","selected":false,"tempId":"aco_3409","gt_translate_keys":["label"]},{"label":"5 People","value":"5 People","selected":false,"tempId":"aco_3519","gt_translate_keys":["label"]},{"label":"6 People","value":"6 People","selected":false,"tempId":"aco_3529","gt_translate_keys":["label"]},{"label":"7 People","value":"7 People","selected":false,"tempId":"aco_3557","gt_translate_keys":["label"]},{"label":"8 People","value":"8 People","selected":false,"tempId":"aco_3594","gt_translate_keys":["label"]},{"label":"9 People","value":"9 People","selected":false,"tempId":"aco_3604","gt_translate_keys":["label"]},{"label":"10 People","value":"10 People","selected":false,"tempId":"aco_3722","gt_translate_keys":["label"]}],"price":"","cl_rule":"show","col":6,"type":"select","error":false,"isWeightTemplate":false,"isTemplate":false,"min_quantity":"1","quantity_decimal":false,"quantity_step":"1","quantity_label":"Quantity","repeater_field_label":"{field_label}","repeater_bind":"","gt_translate_keys":["label","placeholder","repeater_field_label","quantity_label"],"price_dependency":false,"cl_dependency":false,"value":""}],[{"active":true,"col":6,"relations":false,"cl_rule":"show","enableCl":false,"price":"","enablePrice":true,"className":"","label_position":"default","desc_position":"default","type":"select","required":false,"elementId":"select_668cd7750f27c5","label":"\u231b\ufe0f Charter Duration (From 750\u20ac)","name":"select_668cd7750f27c5","values":[{"label":"3 Hours (750\u20ac)","value":"3","selected":false,"tempId":"aco_3241","price":"750","gt_translate_keys":["label"]},{"label":"4 Hours (880\u20ac)","value":"4","selected":false,"tempId":"aco_349","price":"880","gt_translate_keys":["label"]},{"label":"5 Hours (1.050\u20ac)","value":"5","selected":false,"tempId":"aco_2139","price":"1050","gt_translate_keys":["label"]},{"label":"6 Hours (1.230\u20ac)","value":"6","selected":false,"tempId":"aco_2149","price":"1230","gt_translate_keys":["label"]},{"label":"7 Hours (1.400\u20ac)","value":"7","selected":false,"tempId":"aco_1706","price":"1400","gt_translate_keys":["label"]},{"label":"8 Hours (1.570\u20ac)","value":"8","selected":false,"tempId":"aco_2393","price":"1570","gt_translate_keys":["label"]}],"dropdown_type":"basic","error":false,"placeholder":"Select Duration Time","priceOptions":"different_for_all","pricingType":"fixed","is_show_price":false,"isWeightTemplate":false,"isTemplate":false,"min_quantity":"1","quantity_decimal":false,"quantity_step":"1","quantity_label":"Quantity","repeater_field_label":"{field_label}","repeater_bind":"","gt_translate_keys":["label","placeholder","repeater_field_label","quantity_label"],"price_dependency":false,"cl_dependency":false,"value":""}],[{"active":true,"col":6,"relations":false,"cl_rule":"show","enableCl":false,"price":"","enablePrice":false,"className":"","label_position":"default","desc_position":"default","type":"separator","required":false,"elementId":"separator_768cd7750f27d0","label":"Separator Field","height":"3","separatorType":"blank","error":false,"gt_translate_keys":["label"],"price_dependency":false,"cl_dependency":false,"value":""}]]}},"config":{"price_override":"always","enable_recaptcha":false,"bind_quantity":false,"quantity_bind_formula":false,"disp_summ_show_option_price":true,"disp_summ_show_product_price":false,"disp_summ_show_total_price":true,"disp_summ_show_fee":true,"disp_summ_show_discount":true,"summary_title":"","options_total_label":"Options Price","total_label":"Total Amount Now","options_product_label":"Product Price","fee_label":"Fee","discount_label":"Discount","has_price":true,"has_quantity_formula":false},"mc_unit":1,"tax_rate":1,"tax_rate_real":1,"discount":{"percentage":0,"fixed":0},"design":{"conf":{"LabelPosition":"above","DescPosition":"above","UploadField":"custom_1","QuantityFieldStyle":"custom_1"},"css":{"LeftLabelWidth":"120px"}},"formulas":{"fmla_1708364241278155361":"(({field.select_668cd7750f27c5.value}>=8)?(335.50):(({field.select_668cd7750f27c5.value}>=6)?(269):(({field.select_668cd7750f27c5.value}>=5)?(252.50):(({field.select_668cd7750f27c5.value}>=4)?(282.50):(({field.select_668cd7750f27c5.value}>=3)?(193.50):(0))))))","fmla_1741607919311571987":"(({field.select_668cd7750f27c5.value}>=8)?(1334.50):(({field.select_668cd7750f27c5.value}>=6)?(1071):(({field.select_668cd7750f27c5.value}>=5)?(977.50):(({field.select_668cd7750f27c5.value}>=4)?(807.50):(({field.select_668cd7750f27c5.value}>=3)?(756.50):(0))))))"},"lookuptables":[],"clones":false,"cartKey":false}},"_links":{"self":[{"href":"https:\/\/canaryvip.com\/ro\/wp-json\/wp\/v2\/product\/15796","targetHints":{"allow":["GET"]}}],"collection":[{"href":"https:\/\/canaryvip.com\/ro\/wp-json\/wp\/v2\/product"}],"about":[{"href":"https:\/\/canaryvip.com\/ro\/wp-json\/wp\/v2\/types\/product"}],"replies":[{"embeddable":true,"href":"https:\/\/canaryvip.com\/ro\/wp-json\/wp\/v2\/comments?post=15796"}],"wp:featuredmedia":[{"embeddable":true,"href":"https:\/\/canaryvip.com\/ro\/wp-json\/wp\/v2\/media\/15937"}],"wp:attachment":[{"href":"https:\/\/canaryvip.com\/ro\/wp-json\/wp\/v2\/media?parent=15796"}],"wp:term":[{"taxonomy":"product_brand","embeddable":true,"href":"https:\/\/canaryvip.com\/ro\/wp-json\/wp\/v2\/product_brand?post=15796"},{"taxonomy":"product_cat","embeddable":true,"href":"https:\/\/canaryvip.com\/ro\/wp-json\/wp\/v2\/product_cat?post=15796"},{"taxonomy":"product_tag","embeddable":true,"href":"https:\/\/canaryvip.com\/ro\/wp-json\/wp\/v2\/product_tag?post=15796"}],"curies":[{"name":"wp","href":"https:\/\/api.w.org\/{rel}","templated":true}]}}