{"id":15724,"date":"2025-08-24T11:35:32","date_gmt":"2025-08-24T10:35:32","guid":{"rendered":"https:\/\/canaryvip.com\/?post_type=product&#038;p=15724"},"modified":"2025-09-06T09:56:39","modified_gmt":"2025-09-06T08:56:39","slug":"neptuno-yacht-charter-tenerife","status":"publish","type":"product","link":"https:\/\/canaryvip.com\/ro\/shop\/neptuno-yacht-charter-tenerife\/","title":{"rendered":"Neptuno Yacht Carta Tenerife"},"content":{"rendered":"<h2>\ud83d\udee5\ufe0f Neptuno Yacht Carta Tenerife<\/h2>\n<p>La <strong>CanaryVIP<\/strong> v\u0103 oferim \u0219ansa de a v\u0103 bucura de o aventur\u0103 exclusiv\u0103 la bordul <strong>Neptuno Yacht,<\/strong> unul dintre pu\u021binele iahturi private din Tenerife licen\u021biat pentru <strong>observarea balenelor \u0219i a delfinilor.<\/strong> Cu o capacitate de p\u00e2n\u0103 la <strong>22 de pasageri,<\/strong> acest iaht este o op\u021biune rar\u0103 \u00een Tenerife, unde majoritatea b\u0103rcilor private sunt limitate la 12 persoane. Este alegerea perfect\u0103 pentru grupuri mai mari care doresc s\u0103 \u00eemp\u0103rt\u0103\u0219easc\u0103 o zi de neuitat pe mare.<\/p>\n<p>Caracteristicile iaht <strong>dou\u0103 pun\u021bi deschise,<\/strong> un mic lounge interior \u0219i o toalet\u0103 pentru confortul dumneavoastr\u0103. Construit ini\u021bial \u00een 1973 \u0219i complet renovat \u00een 2018, Neptuno combin\u0103 designul atemporal cu actualiz\u0103rile moderne pentru o atmosfer\u0103 unic\u0103 \u0219i relaxat\u0103.<\/p>\n<h3>\ud83c\udf0a Chartere private de la 3 la 8 ore<\/h3>\n<p>Alege\u021bi durata charterului dvs. privat pentru a se potrivi planurilor dvs:<\/p>\n<ul>\n<li><strong>3 ore:<\/strong> O experien\u021b\u0103 scurt\u0103, dar complet\u0103, cu observarea balenelor \u0219i a delfinilor, \u00eenot \u0219i snorkeling \u00een golfuri frumoase.<\/li>\n<li><strong>4-5 ore:<\/strong> Mai mult timp pentru a v\u0103 relaxa, a face plaj\u0103 \u0219i a explora coasta sudic\u0103, beneficiind \u00een acela\u0219i timp de oportunit\u0103\u021bi extinse de observare a vie\u021bii s\u0103lbatice.<\/li>\n<li><strong>6-7 ore:<\/strong> O aventur\u0103 de o zi \u00eentreag\u0103 cu opriri mai lungi, perfect\u0103 pentru s\u0103rb\u0103torirea ocaziilor speciale cu familia sau prietenii.<\/li>\n<li><strong>8 ore:<\/strong> Cel mai bun yacht privat charter Tenerife, care ofer\u0103 o experien\u021b\u0103 de o zi \u00eentreag\u0103 pentru a descoperi golfule\u021be ascunse \u0219i a v\u0103 bucura de ocean \u00een propriul ritm.<\/li>\n<\/ul>\n<h3>\ud83d\udc2c Observarea balenelor \u0219i a delfinilor<\/h3>\n<p>Unul dintre punctele forte ale Neptuno Yacht este licen\u021ba sa oficial\u0103 pentru observarea balenelor \u0219i a delfinilor. Cu plecare din <strong>Puerto de Los Cristianos<\/strong> (cheiul pentru excursii, zona B), iahtul v\u0103 duce \u00een zonele \u00een care tr\u0103iesc pe tot parcursul anului balene pilot rezidente \u0219i delfini cu g\u00e2t mare. Tenerife este considerat\u0103 una dintre cele mai bune destina\u021bii din lume pentru aceast\u0103 activitate, iar experimentarea acesteia pe un iaht privat o face \u0219i mai special\u0103.<\/p>\n<h3>\ud83c\udf7d\ufe0f M\u00e2ncare \u0219i b\u0103uturi la bord<\/h3>\n<p>Bucura\u021bi-v\u0103 de mese proasp\u0103t preparate, fructe \u0219i o selec\u021bie de b\u0103uturi, inclusiv ap\u0103, b\u0103uturi r\u0103coritoare, bere, vin \u0219i cava.<\/p>\n<p>R\u0103coritoarele sunt disponibile pe tot parcursul c\u0103l\u0103toriei, asigur\u00e2nd confortul tuturor \u00een timpul croazierei.<\/p>\n<h3>\ud83c\udfa3 Activit\u0103\u021bi \u0219i servicii suplimentare<\/h3>\n<ul>\n<li>Echipament de snorkeling furnizat pentru opririle de \u00eenot.<\/li>\n<li>La cerere, sunt disponibile undi\u021be de pescuit recreativ.<\/li>\n<li>O mul\u021bime de spa\u021biu pe punte pentru a face plaj\u0103, a v\u0103 relaxa \u0219i a s\u0103rb\u0103tori la bord.<\/li>\n<\/ul>\n<h3>\ud83d\udccd Neptuno Yacht Detalii<\/h3>\n<ul>\n<li><strong>Lungime:<\/strong> 13 metri<\/li>\n<li><strong>Capacitate maxim\u0103:<\/strong> 22 de pasageri<\/li>\n<\/ul>\n<h3>\ud83d\udcbc Ce trebuie s\u0103 aduce\u021bi<\/h3>\n<ul>\n<li>Protec\u021bie solar\u0103, ochelari de soare, prosop \u0219i un aparat foto pentru a surprinde animalele s\u0103lbatice \u0219i peisajele.<\/li>\n<li>O jachet\u0103 u\u0219oar\u0103 este recomandat\u0103 \u00een lunile mai reci.<\/li>\n<\/ul>\n<h3>\ud83d\udccb Politica de anulare<\/h3>\n<p>\u00cen\u021belegem c\u0103 planurile se pot schimba. Aici sunt condi\u021biile de anulare pentru Neptuno Yacht:<\/p>\n<ul>\n<li><strong>Chartere private:<\/strong> Anula\u021bi cu mai mult de 7 zile \u00eenainte de plecare pentru o rambursare integral\u0103. Nu exist\u0103 ramburs\u0103ri pentru anul\u0103ri \u00een termen de 7 zile sau neprezent\u0103ri.<\/li>\n<li><strong>Vreme rea:<\/strong> \u00cen cazul \u00een care c\u0103pitanul consider\u0103 condi\u021biile nesigure, vi se va oferi s\u0103 reprograma\u021bi sau s\u0103 primi\u021bi o rambursare complet\u0103.<\/li>\n<li><strong>Reveniri timpurii:<\/strong> Excursiile scurtate la cererea clien\u021bilor (de exemplu, r\u0103u de mare) nu sunt rambursabile.<\/li>\n<\/ul>\n<h3>\ud83c\udf89 De ce s\u0103 rezerva\u021bi Neptuno Yacht cu CanaryVIP<\/h3>\n<ul>\n<li><strong>Permis de observare a balenelor \u0219i delfinilor:<\/strong> Unul dintre pu\u021binele iahturi private din Tenerife c\u0103rora li se permite s\u0103 se apropie de aceste animale uimitoare.<\/li>\n<li><strong>Spa\u021biu pentru grupuri mari:<\/strong> Licen\u021biat pentru p\u00e2n\u0103 la 22 de persoane, perfect pentru zile de na\u0219tere, evenimente corporative sau \u00eent\u00e2lniri de familie.<\/li>\n<li><strong>Valoare excelent\u0103:<\/strong> Un confortabil <a href=\"https:\/\/canaryvip.com\/ro\/tenerife\/yacht-tenerife\/\">iaht Tenerife<\/a> op\u021biune cu m\u00e2ncare, b\u0103uturi \u0219i un echipaj local cu experien\u021b\u0103.<\/li>\n<\/ul>\n<h3>\ud83d\udccc G\u00e2nduri finale<\/h3>\n<p>The <strong>Neptuno Yacht Carta Tenerife<\/strong> este mai mult dec\u00e2t o simpl\u0103 \u00eenchiriere de b\u0103rci. Este poarta dvs. de intrare pentru observarea balenelor, \u00eent\u00e2lniri cu delfinii, \u00eenot \u0219i relaxare cu prietenii sau familia \u00een deplin\u0103 intimitate. Cu chartere de la 3 la 8 ore, catering flexibil \u0219i capacitate pentru 22 de persoane, este una dintre cele mai bune modalit\u0103\u021bi de a <a href=\"https:\/\/canaryvip.com\/ro\/tenerife\/rent-a-boat-tenerife\/\">\u00eenchiria o barc\u0103 \u00een Tenerife<\/a> cu \u00eencredere \u0219i stil.<\/p>\n<p>Rezerva\u021bi ast\u0103zi cu <strong>CanaryVIP<\/strong> \u0219i bucura\u021bi-v\u0103 de o experien\u021b\u0103 cu adev\u0103rat unic\u0103 cu un iaht privat pe Oceanul Atlantic.<\/p>","protected":false},"excerpt":{"rendered":"<p><strong>\ud83d\udd0d Neptuno Yacht Tenerife:<\/strong><br \/>\n\u2705 Plat\u0103 sigur\u0103.<br \/>\n\ud83d\udd10 Tururi private disponibile<br \/>\n\ud83d\udc0b Observare de balene \u0219i delfini.<br \/>\n\ud83d\ude80 Tururi zilnice<br \/>\n\ud83c\udf05 Sunt disponibile tururi la apus de soare.<br \/>\n\ud83e\uddc3 M\u00e2ncare \u0219i b\u0103uturi incluse.<br \/>\n\ud83d\udc65 P\u00e2n\u0103 la 22 de persoane.<br \/>\n\ud83d\udebd Toalet\u0103 la bord.<br \/>\n\ud83e\udd3f Echipament de snorkel furnizat.<br \/>\n\ud83e\udd11 Cel mai bun pre\u021b garantat.<br \/>\n\ud83d\udc6a Reduceri activate.<br \/>\n\ud83d\udd01 Anulare de p\u00e2n\u0103 la 5 zile.<br \/>\n\ud83c\udf0d Ghiduri multilingve.<br \/>\n\ud83c\udf1f Rezerva\u021bi acum \u0219i economisi\u021bi!<br \/>\n\ud83d\udccd Plecare din <a href=\"https:\/\/maps.app.goo.gl\/HatmLZkFA7oLCfX57\">Los Cristianos<\/a>.<\/p>","protected":false},"featured_media":15725,"comment_status":"open","ping_status":"closed","template":"","meta":{"_acf_changed":false},"product_brand":[],"product_cat":[47],"product_tag":[],"class_list":{"0":"post-15724","1":"product","2":"type-product","3":"status-publish","4":"has-post-thumbnail","6":"product_cat-boat-hire-tenerife","7":"wcpa_has_options","9":"first","10":"instock","11":"sale","12":"virtual","13":"purchasable","14":"product-type-simple"},"acf":[],"wcpa_form_fields":{"wcpaData":{"product":{"product_price":765,"price_html":"From&nbsp;<del aria-hidden=\"true\"><span class=\"woocommerce-Price-amount amount\"><bdi>900,00&nbsp;<span class=\"woocommerce-Price-currencySymbol\">&euro;<\/span><\/bdi><\/span><\/del> <span class=\"screen-reader-text\">Pre\u021bul ini\u021bial a fost: 900,00&nbsp;&euro;.<\/span><ins aria-hidden=\"true\"><span class=\"woocommerce-Price-amount amount\"><bdi>765,00&nbsp;<span class=\"woocommerce-Price-currencySymbol\">&euro;<\/span><\/bdi><\/span><\/ins><span class=\"screen-reader-text\">Pre\u021bul curent este: 765,00&nbsp;&euro;.<\/span>","original_product_price":900,"price_including_tax":765,"price_excluding_tax":765,"product_id":{"parent":15724,"variation":false},"is_variable":false,"stock_status":"instock","stock_quantity":null,"parent_sku":"CV15724","product_attributes":[],"custom_fields":[],"is_taxable":false,"product_name":"Neptuno Yacht Charter Tenerife","hasImage":false},"fields":{"sec_068b85c6eaafb2":{"extra":{"key":"sec_068b85c6eaafb2","section_id":"sec_068b85c6eaafb2","name":"Private Charter","status":1,"cl_rule":"show","enableCl":false,"relations":[{"operator":false,"rules":[{"operator":"AND","rules":{"cl_field":"radio-group_768b85c6eaaf46","cl_relation":"is","cl_val":"Private Charter"}}]}],"toggle":true,"title_tag":"h4","show_title":false,"showPrice":"default","repeater_section_field_label":"{field_label}","repeater_section_label":"{section_name}","repeater_bind":"","form_id":15819,"form_rules":{"exclude_from_discount":true,"fee_label":"Fee","disp_hide_options_price":true,"disp_show_section_price":false,"disp_show_field_price":true,"layout_option":"standard","pric_use_as_fee":false,"process_fee_as":"woo_fee"},"layout_option":"standard"},"fields":[[{"label":"\ud83d\udcc5 Date","active":true,"required":true,"elementId":"date_368b85c6eaafbc","picker_type":"custom","picker_mode":"single","placeholder":"","description":"","tooltip":"","name":"date_368b85c6eaafbc","label_position":"default","desc_position":"default","enablePrice":false,"className":"","enableCl":false,"relations":[{"operator":"and","rules":[{"operator":"AND","rules":{"cl_field":"radio-group_367e16bf8dd4f5","cl_relation":"is","cl_val":"3 Hour Trip"}}]}],"enableDesign":false,"LabelColor":"","date_pic_inline":true,"date_pic_inline_hide":true,"min_date":{"type":"days","val":"2"},"max_date":{"type":"days","val":"365"},"date_pic_conf":{"disabledWeeks":[]},"price":"","cl_rule":"show","col":6,"type":"date","error":false,"isWeightTemplate":false,"isTemplate":false,"min_quantity":"1","quantity_decimal":false,"quantity_step":"1","quantity_label":"Quantity","repeater_field_label":"{field_label}","repeater_bind":"","gt_translate_keys":["label","placeholder","description","tooltip","repeater_field_label","quantity_label"],"price_dependency":false,"cl_dependency":false,"value":""}],[{"active":true,"col":6,"relations":false,"cl_rule":"show","enableCl":false,"price":"","enablePrice":true,"className":"","label_position":"default","desc_position":"default","type":"select","required":false,"elementId":"select_668b85c6eaafc6","label":"\u231b\ufe0f Charter Duration (From 765\u20ac)","name":"select_668b85c6eaafc6","values":[{"label":"3 Hours (From 765\u20ac)","value":"3","selected":false,"tempId":"aco_3241","price":"765","options_cl":false,"relations":[{"operator":false,"rules":[{"operator":"AND","rules":{"cl_field":"","cl_relation":"","cl_val":""}}]}],"cl_rule":"show","gt_translate_keys":["label"]},{"label":"4 Hours (From 985\u20ac)","value":"4","selected":false,"tempId":"aco_2149","price":"985","gt_translate_keys":["label"]},{"label":"5 Hours (From 1.225\u20ac)","value":"5","selected":false,"tempId":"aco_468","price":"1225","gt_translate_keys":["label"]},{"label":"6 Hours (From 1.465\u20ac)","value":"6","selected":false,"tempId":"aco_505","price":"1465","gt_translate_keys":["label"]},{"label":"7 Hours (From 1.700\u20ac)","value":"7","selected":false,"tempId":"aco_542","price":"1700","gt_translate_keys":["label"]},{"label":"8 Hours (From 1.960\u20ac)","value":"8","selected":false,"tempId":"aco_579","price":"1960","gt_translate_keys":["label"]}],"dropdown_type":"basic","error":false,"placeholder":"Select Duration Time","priceOptions":"different_for_all","pricingType":"fixed","is_show_price":false,"isWeightTemplate":false,"isTemplate":false,"min_quantity":"1","quantity_decimal":false,"quantity_step":"1","quantity_label":"Quantity","repeater_field_label":"{field_label}","repeater_bind":"","gt_translate_keys":["label","placeholder","repeater_field_label","quantity_label"],"price_dependency":false,"cl_dependency":false,"value":""}],[{"label":"\u23f0 Departure","active":true,"required":true,"elementId":"select_468b85c6eaafd0","dropdown_type":"basic","placeholder":"Select Departure Time","name":"select_468b85c6eaafd0","label_position":"default","desc_position":"default","enablePrice":true,"className":"","enableCl":false,"relations":[{"operator":false,"rules":[{"operator":"AND","rules":{"cl_field":"date_367e16bf8dd504","cl_relation":"week_day_is","cl_val":[1]}}]}],"values":[{"label":"9:30","value":"9:30","selected":false,"tempId":"aco_2695","price":"0","gt_translate_keys":["label"]},{"label":"12:30","value":"12:30","selected":false,"tempId":"aco_2329","price":"0","gt_translate_keys":["label"]},{"label":"15:30","value":"15:30","selected":false,"tempId":"aco_2457","price":"0","gt_translate_keys":["label"]},{"label":"17:00","value":"17:00","selected":false,"tempId":"aco_19","price":"100","gt_translate_keys":["label"]}],"price":"","cl_rule":"show","col":6,"type":"select","error":false,"priceOptions":"different_for_all","pricingType":"fixed","is_show_price":true,"isWeightTemplate":false,"isTemplate":false,"min_quantity":"1","quantity_decimal":false,"quantity_step":"1","quantity_label":"Quantity","repeater_field_label":"{field_label}","repeater_bind":"","gt_translate_keys":["label","placeholder","repeater_field_label","quantity_label"],"price_dependency":false,"cl_dependency":false,"value":""}],[{"active":true,"col":6,"relations":false,"cl_rule":"show","enableCl":false,"price":"","enablePrice":true,"className":"","label_position":"default","desc_position":"default","type":"select","required":false,"elementId":"select_3142719928","label":"\ud83d\udc65 Amount of People","name":"select_3142719928","values":[{"label":"1 Person","value":"1 Person","selected":false,"tempId":"aco_1169","options_cl":false,"relations":[{"operator":false,"rules":[{"operator":"AND","rules":{"cl_field":"","cl_relation":"","cl_val":""}}]}],"cl_rule":"show","gt_translate_keys":["label"]},{"label":"2 People","value":"2 People","selected":false,"tempId":"aco_1170","gt_translate_keys":["label"]},{"label":"3 People","value":"3 People","selected":false,"tempId":"aco_1171","gt_translate_keys":["label"]},{"label":"4 People","value":"4 People","selected":false,"tempId":"aco_1397","gt_translate_keys":["label"]},{"label":"5 People (+20\u20ac)","value":"5 People","selected":false,"tempId":"aco_2351","price":"20","gt_translate_keys":["label"]},{"label":"6 People (+30\u20ac)","value":"6 People","selected":false,"tempId":"aco_1461","price":"30","gt_translate_keys":["label"]},{"label":"7 People (+40\u20ac)","value":"7 People","selected":false,"tempId":"aco_1507","price":"40","gt_translate_keys":["label"]},{"label":"8 People (+50\u20ac)","value":"8 People","selected":false,"tempId":"aco_1553","price":"50","gt_translate_keys":["label"]},{"label":"9 People (+60\u20ac)","value":"9 People","selected":false,"tempId":"aco_1563","price":"60","gt_translate_keys":["label"]},{"label":"10 People (+70\u20ac)","value":"10 People","selected":false,"tempId":"aco_1573","price":"70","gt_translate_keys":["label"]},{"label":"11 People (+80\u20ac)","value":"11 People","selected":false,"tempId":"aco_1583","price":"80","gt_translate_keys":["label"]},{"label":"12 People (+90\u20ac)","value":"12 People","selected":false,"tempId":"aco_1746","price":"90","gt_translate_keys":["label"]},{"label":"13 People (+100\u20ac)","value":"13 People","selected":false,"tempId":"aco_1756","price":"100","gt_translate_keys":["label"]},{"label":"14 People (+110\u20ac)","value":"14 People","selected":false,"tempId":"aco_1766","price":"110","gt_translate_keys":["label"]},{"label":"15 People (+120\u20ac)","value":"15 People","selected":false,"tempId":"aco_1911","price":"120","gt_translate_keys":["label"]},{"label":"16 People (+130\u20ac)","value":"16 People","selected":false,"tempId":"aco_1957","price":"130","gt_translate_keys":["label"]},{"label":"17 People (+140\u20ac)","value":"17 People","selected":false,"tempId":"aco_2003","price":"140","gt_translate_keys":["label"]},{"label":"18 People (+150\u20ac)","value":"18 People","selected":false,"tempId":"aco_2049","price":"150","gt_translate_keys":["label"]},{"label":"19 People (+160\u20ac)","value":"19 People","selected":false,"tempId":"aco_2113","price":"160","gt_translate_keys":["label"]},{"label":"20 People (+170\u20ac)","value":"20 People","selected":false,"tempId":"aco_2159","price":"170","gt_translate_keys":["label"]},{"label":"21 People (+180\u20ac)","value":"21 People","selected":false,"tempId":"aco_2205","price":"180","gt_translate_keys":["label"]},{"label":"22 People (+190\u20ac)","value":"22 People","selected":false,"tempId":"aco_2269","price":"190","gt_translate_keys":["label"]}],"isWeightTemplate":false,"error":false,"isTemplate":false,"min_quantity":"1","quantity_decimal":false,"quantity_step":"1","quantity_label":"Quantity","repeater_field_label":"{field_label}","repeater_bind":"","dropdown_type":"basic","priceOptions":"different_for_all","pricingType":"fixed","is_show_price":false,"gt_translate_keys":["label","repeater_field_label","quantity_label"],"price_dependency":false,"cl_dependency":false,"value":""}],[{"active":true,"col":6,"relations":false,"cl_rule":"show","enableCl":false,"price":"","enablePrice":false,"className":"","label_position":"default","desc_position":"default","type":"separator","required":false,"elementId":"separator_368b85c6eaafe4","label":"Separator Field","height":"3","separatorType":"blank","error":false,"gt_translate_keys":["label"],"price_dependency":false,"cl_dependency":false,"value":""}],[{"active":true,"col":6,"relations":[{"operator":false,"rules":[{"operator":"AND","rules":{"cl_field":"","cl_relation":"","cl_val":""}}]}],"cl_rule":"show","enableCl":false,"price":"","enablePrice":false,"className":"","label_position":"default","desc_position":"default","type":"content","required":false,"elementId":"content_1542895609","label":"","name":"content_1542895609","contentType":"rich","value":"<p>Please note that any tour that remains on the water after 17:00 will have an additional cost of \u20ac100, to be paid directly on the boat.<\/p>","isTemplate":false,"error":false,"enableDesign":true,"DescColor":"#0042ff","show_in_checkout":true,"gt_translate_keys":["label","value"],"price_dependency":false,"cl_dependency":false}]]}},"config":{"price_override":"always","enable_recaptcha":false,"bind_quantity":false,"quantity_bind_formula":false,"disp_summ_show_option_price":true,"disp_summ_show_product_price":false,"disp_summ_show_total_price":true,"disp_summ_show_fee":true,"disp_summ_show_discount":true,"summary_title":"","options_total_label":"Options Price","total_label":"Total Amount Now","options_product_label":"Product Price","fee_label":"Fee","discount_label":"Discount","has_price":true,"has_quantity_formula":false},"mc_unit":1,"tax_rate":1,"tax_rate_real":1,"discount":{"percentage":0,"fixed":0},"design":{"conf":{"LabelPosition":"above","DescPosition":"above","UploadField":"custom_1","QuantityFieldStyle":"custom_1"},"css":{"LeftLabelWidth":"120px"}},"formulas":{"fmla_1708364241278155361":"(({field.select_668b85c6eaafc6.value}>=4)?(150+({field.number_268b85c6eaafd9.value}*5)):(({field.select_668b85c6eaafc6.value}>=3)?(100+({field.number_268b85c6eaafd9.value}*5)):(0)))","fmla_1742826688120818082":"(({field.select_668b85c6eaafc6.value}>=4)?(1500+{field.select_468b85c6eaafd0.price}):(({field.select_668b85c6eaafc6.value}>=3)?(750+{field.select_468b85c6eaafd0.price}):(0)))"},"lookuptables":[],"clones":false,"cartKey":false}},"_links":{"self":[{"href":"https:\/\/canaryvip.com\/ro\/wp-json\/wp\/v2\/product\/15724","targetHints":{"allow":["GET"]}}],"collection":[{"href":"https:\/\/canaryvip.com\/ro\/wp-json\/wp\/v2\/product"}],"about":[{"href":"https:\/\/canaryvip.com\/ro\/wp-json\/wp\/v2\/types\/product"}],"replies":[{"embeddable":true,"href":"https:\/\/canaryvip.com\/ro\/wp-json\/wp\/v2\/comments?post=15724"}],"wp:featuredmedia":[{"embeddable":true,"href":"https:\/\/canaryvip.com\/ro\/wp-json\/wp\/v2\/media\/15725"}],"wp:attachment":[{"href":"https:\/\/canaryvip.com\/ro\/wp-json\/wp\/v2\/media?parent=15724"}],"wp:term":[{"taxonomy":"product_brand","embeddable":true,"href":"https:\/\/canaryvip.com\/ro\/wp-json\/wp\/v2\/product_brand?post=15724"},{"taxonomy":"product_cat","embeddable":true,"href":"https:\/\/canaryvip.com\/ro\/wp-json\/wp\/v2\/product_cat?post=15724"},{"taxonomy":"product_tag","embeddable":true,"href":"https:\/\/canaryvip.com\/ro\/wp-json\/wp\/v2\/product_tag?post=15724"}],"curies":[{"name":"wp","href":"https:\/\/api.w.org\/{rel}","templated":true}]}}