{"id":15386,"date":"2025-08-07T14:09:56","date_gmt":"2025-08-07T13:09:56","guid":{"rendered":"https:\/\/canaryvip.com\/?post_type=product&#038;p=15386"},"modified":"2025-08-09T13:45:20","modified_gmt":"2025-08-09T12:45:20","slug":"crazy-ufo-twister-tenerife","status":"publish","type":"product","link":"https:\/\/canaryvip.com\/ro\/shop\/crazy-ufo-twister-tenerife\/","title":{"rendered":"OZN nebun &amp; Twister Tenerife"},"content":{"rendered":"<h2><strong>\ud83d\ude80 OZN nebun Tenerife - distrac\u021bie la vitez\u0103 mare pe ap\u0103<\/strong><\/h2>\n<p>C\u0103uta\u021bi o plimbare s\u0103lbatic\u0103? Urca\u021bi pe <strong>OZN nebun Tenerife<\/strong> \u0219i preg\u0103ti\u021bi-v\u0103 pentru un amestec intens de vitez\u0103, stropi \u0219i adrenalin\u0103 pur\u0103. Aceasta este una dintre cele mai interesante <strong>sporturi nautice \u00een Tenerife<\/strong>, perfect pentru familii, cupluri sau grupuri de prieteni care caut\u0103 ceva de neuitat de f\u0103cut \u00een Costa Adeje.<\/p>\n<h3><strong>\ud83c\udf0a Plecare din Puerto Col\u00f3n<\/strong><\/h3>\n<ul>\n<li><strong>Acces u\u0219or:<\/strong> Aventura ta \u00eencepe de la <a href=\"https:\/\/maps.app.goo.gl\/bkqEhAxsobcjz9wG9\" target=\"_blank\" rel=\"noopener\">Puerto Col\u00f3n<\/a>, unul dintre cele mai populare porturi din sudul insulei Tenerife. Este u\u0219or de ajuns \u0219i este \u00eenconjurat de o atmosfer\u0103 de plaj\u0103 grozav\u0103.<\/li>\n<li><strong>Briefing rapid:<\/strong> \u00cenainte de plimbare, ve\u021bi primi un instructaj de siguran\u021b\u0103 de la echipajul experimentat pentru a v\u0103 asigura c\u0103 totul este preg\u0103tit pentru o experien\u021b\u0103 sigur\u0103 \u0219i distractiv\u0103.<\/li>\n<\/ul>\n<h3><strong>\u2728 De ce s\u0103 alegi plimbarea nebun\u0103 cu OZN-ul \u00een Tenerife?<\/strong><\/h3>\n<ul>\n<li><strong>Adrenalin\u0103 intens\u0103:<\/strong> Aceasta nu este doar o plimbare gonflabil\u0103 obi\u0219nuit\u0103. Crazy UFO se \u00eenv\u00e2rte, alunec\u0103 \u0219i sare peste valuri \u00eentr-un mod care v\u0103 va face s\u0103 r\u00e2de\u021bi \u0219i s\u0103 \u021bipa\u021bi \u00een acela\u0219i timp.<\/li>\n<li><strong>Perfect pentru toat\u0103 lumea:<\/strong> Nu trebuie s\u0103 fii profesionist. Fie c\u0103 este prima dvs. activitate acvatic\u0103 sau a zecea, aceast\u0103 plimbare este sigur\u0103 \u0219i distractiv\u0103 pentru toate nivelurile de \u00eendem\u00e2nare - de la \u00eencep\u0103tori la cei care caut\u0103 senza\u021bii tari.<\/li>\n<li><strong>Vederi uimitoare:<\/strong> \u00cen timp ce zbura\u021bi peste ocean, lua\u021bi o secund\u0103 pentru a admira frumoasa linie de coast\u0103 a Playa de las Am\u00e9ricas \u0219i apele str\u0103lucitoare ale Atlanticului.<\/li>\n<\/ul>\n<h3><strong>\ud83d\udcb6 Valoare mare pentru o plimbare scurt\u0103, dar intens\u0103<\/strong><\/h3>\n<ul>\n<li><strong>Durata:<\/strong> O curs\u0103 de 15 minute plin\u0103 de ac\u021biune.<\/li>\n<li><strong>Pre\u021b accesibil:<\/strong> O op\u021biune distractiv\u0103 \u0219i accesibil\u0103 pentru cei care doresc s\u0103 \u00eencerce <strong>activit\u0103\u021bi nautice \u00een Tenerife<\/strong> f\u0103r\u0103 a cheltui o avere.<\/li>\n<li><strong>Fotografii disponibile:<\/strong> Nu uita\u021bi s\u0103 verifica\u021bi fotografiile cursei dvs. disponibile pentru cump\u0103rare - ve\u021bi dori o dovad\u0103 a acestor fe\u021be s\u0103lbatice!<\/li>\n<\/ul>\n<h3><strong>\u2696\ufe0f Rezervare \u0219i anulare flexibile<\/strong><\/h3>\n<ul>\n<li><strong>U\u0219or de rezervat:<\/strong> La CanaryVIP, facem ca rezervarea cursei Crazy UFO s\u0103 fie u\u0219oar\u0103 \u0219i rapid\u0103. Doar alege data \u0219i asigur\u0103-\u021bi locul.<\/li>\n<li><strong>Anulare gratuit\u0103:<\/strong> Planuri schimbate? Nicio problem\u0103. V\u0103 pute\u021bi anula rezervarea cu p\u00e2n\u0103 la 24 de ore \u00eenainte de activitate pentru o rambursare complet\u0103. F\u0103r\u0103 stres, f\u0103r\u0103 griji.<\/li>\n<\/ul>\n<h3><strong>\u2705 Ce este inclus \u00een plimbarea nebun\u0103 cu OZN-ul \u00een Tenerife?<\/strong><\/h3>\n<ul>\n<li>Veste de salvare \u0219i echipament de siguran\u021b\u0103 pentru to\u021bi participan\u021bii.<\/li>\n<li>15 minute de ac\u021biune de mare vitez\u0103 pe gonflabilul Crazy UFO.<\/li>\n<li>Personal profesionist \u0219i prietenos pentru a asigura un timp sigur \u0219i distractiv.<\/li>\n<li>Fotografii op\u021bionale ale cursei dvs. pentru a p\u0103stra amintirile vii.<\/li>\n<\/ul>\n<h3><strong>\ud83c\udfaf De ce s\u0103 rezerva\u021bi cu CanaryVIP?<\/strong><\/h3>\n<ul>\n<li>Lucr\u0103m cu cele mai bine cotate companii de sporturi nautice din Tenerife pentru a oferi doar cele mai bune \u0219i mai sigure experien\u021be.<\/li>\n<li>Suntem stabili\u021bi \u00een Tenerife \u0219i suntem disponibili pentru a v\u0103 ajuta cu sfaturi locale, \u00eenainte \u0219i dup\u0103 rezervare.<\/li>\n<li>Pute\u021bi combina acest lucru cu alte <strong>activit\u0103\u021bi nautice \u00een Tenerife<\/strong> ca <a href=\"https:\/\/canaryvip.com\/ro\/shop\/jetski-tenerife\/\">plimb\u0103ri cu jet ski<\/a>, <a href=\"https:\/\/canaryvip.com\/ro\/shop\/parasailing-tenerife\/\">parasailing<\/a> sau <a href=\"https:\/\/canaryvip.com\/ro\/tenerife\/boat-excursions\/\">excursii cu barca<\/a>-toate \u00een aceea\u0219i zon\u0103!<\/li>\n<\/ul>\n<h3><strong>\ud83c\udf92 Ce trebuie s\u0103 aduce\u021bi<\/strong><\/h3>\n<ul>\n<li><strong>Costume de baie:<\/strong> Te vei uda! Vino \u00eembr\u0103cat pentru ap\u0103 \u0219i preg\u0103tit s\u0103 te distrezi.<\/li>\n<li><strong>Protec\u021bie solar\u0103:<\/strong> Aduce\u021bi protec\u021bie solar\u0103, \u00een special \u00een zilele \u00eensorite.<\/li>\n<li><strong>L\u0103sa\u021bi obiectele de valoare \u00een urm\u0103:<\/strong> \u00cen port exist\u0103 zone de depozitare securizate unde v\u0103 pute\u021bi l\u0103sa lucrurile \u00een timpul c\u0103l\u0103toriei.<\/li>\n<\/ul>\n<h3>\u2753 <strong>\u00centreb\u0103ri frecvente<\/strong><\/h3>\n<ul>\n<li><strong>Este OZN-ul nebun \u00een siguran\u021b\u0103?<\/strong> Categoric. Siguran\u021ba este o prioritate absolut\u0103. Plimbarea este supravegheat\u0103 de profesioni\u0219ti instrui\u021bi \u0219i to\u021bi participan\u021bii poart\u0103 veste de salvare.<\/li>\n<li><strong>Trebuie s\u0103 \u0219tiu s\u0103 \u00eenot?<\/strong> Nu este necesar\u0103 experien\u021b\u0103 \u00een \u00eenot. Ve\u021bi purta o vest\u0103 de salvare tot timpul.<\/li>\n<li><strong>Care este v\u00e2rsta minim\u0103?<\/strong> Copiii cu v\u00e2rste \u00eencep\u00e2nd de la 10 ani pot s\u0103 c\u0103l\u0103reasc\u0103 de obicei, dar dac\u0103 nu sunte\u021bi sigur, cel mai bine este s\u0103 ne \u00eentreba\u021bi \u00eenainte de rezervare.<\/li>\n<\/ul>\n<h4><strong>\ud83c\udf1e Preg\u0103ti\u021bi-v\u0103 s\u0103 \u021bipa\u021bi, s\u0103 r\u00e2de\u021bi \u0219i s\u0103 v\u0103 stropi\u021bi!<\/strong><\/h4>\n<p>Nu rata\u021bi una dintre cele mai distractive <strong>sporturi nautice \u00een Tenerife<\/strong>. Rezerva\u021bi-v\u0103 <strong>OZN nebun Tenerife<\/strong> c\u0103l\u0103re\u0219te ast\u0103zi cu CanaryVIP \u0219i experimenteaz\u0103 senza\u021bia de a zbura peste valuri \u00eentr-una dintre cele mai interesante activit\u0103\u021bi acvatice pe care le ofer\u0103 insula.<\/p>","protected":false},"excerpt":{"rendered":"<p>\ud83d\udd0d<strong> OZN nebun &amp; Twister Tenerife:<br \/>\n<\/strong>\u2705 Plat\u0103 sigur\u0103.<br \/>\n\ud83d\udc65 P\u00e2n\u0103 la 8 c\u0103l\u0103re\u021bi pe curs\u0103.<br \/>\n\ud83d\ude80 Cursele dureaz\u0103 15 minute.<br \/>\n\ud83c\udfde\ufe0f Curse de mare vitez\u0103.<br \/>\n\ud83d\udd59 Pe parcursul zilei.<br \/>\n\ud83d\udcc5 Disponibil zilnic.<br \/>\n\ud83e\udd11 Cel mai bun pre\u021b garantat.<br \/>\n\ud83d\udc6a Reduceri pentru grupuri.<br \/>\n\ud83d\udd01 Politic\u0103 de anulare \u00een 24 de ore.<br \/>\n\ud83c\udf0d Suport pentru mai multe limbi.<br \/>\n\ud83c\udf1f Rezerva\u021bi \u00een avans pentru a economisi.<br \/>\n\ud83d\udccd Plecare din <a href=\"https:\/\/maps.app.goo.gl\/bkqEhAxsobcjz9wG9\">Puerto Col\u00f3n<\/a>.<\/p>","protected":false},"featured_media":15388,"comment_status":"open","ping_status":"closed","template":"","meta":{"_acf_changed":false},"product_brand":[],"product_cat":[53],"product_tag":[],"class_list":{"0":"post-15386","1":"product","2":"type-product","3":"status-publish","4":"has-post-thumbnail","6":"product_cat-water-sports","7":"wcpa_has_options","9":"first","10":"instock","11":"virtual","12":"purchasable","13":"product-type-simple"},"acf":[],"wcpa_form_fields":{"wcpaData":{"product":{"product_price":18,"price_html":"From&nbsp;<span class=\"woocommerce-Price-amount amount\"><bdi>18,00&nbsp;<span class=\"woocommerce-Price-currencySymbol\">&euro;<\/span><\/bdi><\/span>","original_product_price":18,"price_including_tax":18,"price_excluding_tax":18,"product_id":{"parent":15386,"variation":false},"is_variable":false,"stock_status":"instock","stock_quantity":null,"parent_sku":"CV15386","product_attributes":[],"custom_fields":[],"is_taxable":false,"product_name":"Crazy UFO & Twister Tenerife","hasImage":false},"fields":{"sec_16894ab7dd6246":{"extra":{"key":"sec_16894ab7dd6246","section_id":"sec_16894ab7dd6246","name":"Default","status":1,"cl_rule":"show","enableCl":false,"relations":[],"toggle":true,"title_tag":"h3","show_title":false,"showPrice":"default","form_id":15391,"form_rules":{"exclude_from_discount":true,"fee_label":"Fee","disp_hide_options_price":true,"disp_show_section_price":false,"disp_show_field_price":true,"layout_option":"standard","pric_use_as_fee":false,"process_fee_as":"woo_fee"},"layout_option":"standard"},"fields":[[{"label":"\ud83d\udcc5 Date","active":true,"required":true,"elementId":"date_26894ab7dd6265","picker_type":"custom","picker_mode":"single","placeholder":"","description":"","tooltip":"","name":"date_26894ab7dd6265","label_position":"default","desc_position":"default","enablePrice":false,"className":"","enableCl":false,"relations":[{"operator":"and","rules":[{"operator":"AND","rules":{"cl_field":"radio-group_5661bc90f5e8f5","cl_relation":"is_not_empty","cl_val":"3 Hour Trip"}}]}],"date_pic_inline":true,"date_pic_inline_hide":true,"min_date":{"type":"days","val":"1"},"max_date":{"type":"days","val":"365"},"date_pic_conf":{"disabledWeeks":[]},"price":"","cl_rule":"show","col":6,"type":"date","error":false,"enableDesign":false,"LabelColor":"","isWeightTemplate":false,"isTemplate":false,"min_quantity":"1","quantity_decimal":false,"quantity_step":"1","quantity_label":"Quantity","repeater_field_label":"{field_label}","repeater_bind":"","gt_translate_keys":["label","placeholder","description","tooltip","repeater_field_label","quantity_label"],"price_dependency":false,"cl_dependency":false,"value":""}],[{"active":true,"col":6,"relations":false,"cl_rule":"show","enableCl":false,"price":"","enablePrice":false,"className":"","label_position":"default","desc_position":"default","type":"select","required":true,"elementId":"select_66894ab7dd6273","label":"\u23f0 Departure Time","name":"select_66894ab7dd6273","values":[{"label":"Whichever Time is Best","value":"Whichever Time is Best","selected":false,"tempId":"aco_312","gt_translate_keys":["label"]},{"label":"10:00","value":"10:00","selected":false,"tempId":"aco_313","gt_translate_keys":["label"]},{"label":"11:00","value":"11:00","selected":false,"tempId":"aco_314","gt_translate_keys":["label"]},{"label":"12:00","value":"12:00","selected":false,"tempId":"aco_711","gt_translate_keys":["label"]},{"label":"13:00","value":"13:00","selected":false,"tempId":"aco_721","gt_translate_keys":["label"]},{"label":"14:00","value":"14:00","selected":false,"tempId":"aco_983","gt_translate_keys":["label"]},{"label":"15:00","value":"15:00","selected":false,"tempId":"aco_993","gt_translate_keys":["label"]},{"label":"16:00","value":"16:00","selected":false,"tempId":"aco_1183","gt_translate_keys":["label"]}],"dropdown_type":"basic","error":false,"multiple":false,"placeholder":"None","isWeightTemplate":false,"isTemplate":false,"min_quantity":"1","quantity_decimal":false,"quantity_step":"1","quantity_label":"Quantity","repeater_field_label":"{field_label}","repeater_bind":"","gt_translate_keys":["label","placeholder","repeater_field_label","quantity_label"],"price_dependency":false,"cl_dependency":false,"value":""}],[{"active":true,"col":6,"relations":[{"operator":false,"rules":[{"operator":"AND","rules":{"cl_field":"","cl_relation":"","cl_val":""}}]}],"cl_rule":"show","enableCl":true,"price":"18","enablePrice":true,"className":"","label_position":"default","desc_position":"default","type":"radio-group","required":false,"elementId":"radio-group_76894ab7dd6281","label":"","name":"radio-group_76894ab7dd6281","values":[{"label":"\ud83d\udc64 People (18\u20ac)","value":"People","selected":true,"tempId":"aco_32","tooltip":"","description":"","gt_translate_keys":["label","tooltip","description"]}],"layOut":"","error":false,"checkUi":"button","priceOptions":"fixed_for_all","pricingType":"fixed","enable_quantity":true,"quantity_label":"","min_quantity":"0","options_tooltip":true,"options_description":true,"is_show_price":true,"isWeightTemplate":false,"isTemplate":false,"quantity_decimal":false,"quantity_step":"1","repeater_field_label":"{field_label}","repeater_bind":"","gt_translate_keys":["label","repeater_field_label","quantity_label"],"price_dependency":false,"cl_dependency":false,"value":""}],[{"active":true,"col":6,"relations":false,"cl_rule":"show","enableCl":false,"price":"","enablePrice":false,"className":"","label_position":"default","desc_position":"default","type":"separator","required":false,"elementId":"separator_16894ab7dd628d","label":"Separator Field","height":"6","separatorType":"fill","error":false,"separatorColor":"#66a5b6","gt_translate_keys":["label"],"price_dependency":false,"cl_dependency":false,"value":""}],[{"active":true,"col":6,"relations":false,"cl_rule":"show","enableCl":false,"price":"{field.radio-group_76894ab7dd6281.quantity}*6","enablePrice":true,"className":"","label_position":"default","desc_position":"default","type":"content","required":false,"elementId":"content_66894ab7dd6297","label":"Deposit Now","name":"content_66894ab7dd6297","contentType":"plain","value":"","error":false,"subtype":"div","inline":true,"show_in_checkout":true,"pricingType":"custom","isTemplate":false,"gt_translate_keys":["label","value"],"price_dependency":false,"cl_dependency":false}],[{"contentType":"plain","active":true,"label":"Payment at Arrival","elementId":"content_96894ab7dd62a1","value":"","inline":true,"show_in_checkout":true,"name":"content_96894ab7dd62a1","enablePrice":true,"className":"","subtype":"div","enableCl":false,"relations":false,"pricingType":"custom","isTemplate":false,"price":"{field.radio-group_76894ab7dd6281.quantity}*12","is_show_price":true,"cl_rule":"show","col":6,"type":"content","error":false,"gt_translate_keys":["label","value"],"price_dependency":false,"cl_dependency":false}],[{"contentType":"plain","active":true,"label":"Total Price","elementId":"content_76894ab7dd62ab","value":"","inline":true,"show_in_checkout":true,"name":"content_76894ab7dd62ab","enablePrice":true,"className":"","subtype":"div","enableCl":false,"relations":false,"pricingType":"custom","isTemplate":false,"price":"{field.radio-group_76894ab7dd6281.quantity}*18","is_show_price":true,"cl_rule":"show","col":6,"type":"content","error":false,"gt_translate_keys":["label","value"],"price_dependency":false,"cl_dependency":false}]]}},"config":{"price_override":"always","enable_recaptcha":false,"bind_quantity":false,"quantity_bind_formula":false,"disp_summ_show_option_price":true,"disp_summ_show_product_price":false,"disp_summ_show_total_price":true,"disp_summ_show_fee":true,"disp_summ_show_discount":true,"summary_title":"","options_total_label":"Options Price","total_label":"Total Amount","options_product_label":"Product Price","fee_label":"Fee","discount_label":"Discount","has_price":true,"has_quantity_formula":false},"mc_unit":1,"tax_rate":1,"tax_rate_real":1,"discount":{"percentage":0,"fixed":0},"design":{"conf":{"LabelPosition":"above","DescPosition":"above","UploadField":"custom_1","QuantityFieldStyle":"custom_1"},"css":{"LeftLabelWidth":"120px"}},"formulas":[],"lookuptables":[],"clones":false,"cartKey":false}},"_links":{"self":[{"href":"https:\/\/canaryvip.com\/ro\/wp-json\/wp\/v2\/product\/15386","targetHints":{"allow":["GET"]}}],"collection":[{"href":"https:\/\/canaryvip.com\/ro\/wp-json\/wp\/v2\/product"}],"about":[{"href":"https:\/\/canaryvip.com\/ro\/wp-json\/wp\/v2\/types\/product"}],"replies":[{"embeddable":true,"href":"https:\/\/canaryvip.com\/ro\/wp-json\/wp\/v2\/comments?post=15386"}],"wp:featuredmedia":[{"embeddable":true,"href":"https:\/\/canaryvip.com\/ro\/wp-json\/wp\/v2\/media\/15388"}],"wp:attachment":[{"href":"https:\/\/canaryvip.com\/ro\/wp-json\/wp\/v2\/media?parent=15386"}],"wp:term":[{"taxonomy":"product_brand","embeddable":true,"href":"https:\/\/canaryvip.com\/ro\/wp-json\/wp\/v2\/product_brand?post=15386"},{"taxonomy":"product_cat","embeddable":true,"href":"https:\/\/canaryvip.com\/ro\/wp-json\/wp\/v2\/product_cat?post=15386"},{"taxonomy":"product_tag","embeddable":true,"href":"https:\/\/canaryvip.com\/ro\/wp-json\/wp\/v2\/product_tag?post=15386"}],"curies":[{"name":"wp","href":"https:\/\/api.w.org\/{rel}","templated":true}]}}