{"id":15373,"date":"2025-08-07T12:36:55","date_gmt":"2025-08-07T11:36:55","guid":{"rendered":"https:\/\/canaryvip.com\/?post_type=product&#038;p=15373"},"modified":"2025-10-23T10:52:49","modified_gmt":"2025-10-23T09:52:49","slug":"bellini-luxury-yacht-tenerife","status":"publish","type":"product","link":"https:\/\/canaryvip.com\/ro\/shop\/bellini-luxury-yacht-tenerife\/","title":{"rendered":"Bellini Yacht de lux Tenerife"},"content":{"rendered":"<h2><strong>\ud83d\udee5\ufe0f Bellini Yacht charter de lux \u00een Tenerife<\/strong><\/h2>\n<p class=\"translation-block\">Experimenta\u021bi una dintre cele mai exclusiviste aventuri de \u00eenchiriere de b\u0103rci de pe insul\u0103 cu <strong>Bellini Luxury Yacht Tenerife<\/strong>. Plec\u00e2nd din portul pitoresc <a href=\"https:\/\/maps.app.goo.gl\/Xq4LkTRqPjHQzRBE8\" target=\"_blank\" rel=\"noopener\">Puerto de Los Gigantes<\/a>, acest charter privat ofer\u0103 acces direct la unele dintre cele mai impresionante peisaje din Tenerife, inclusiv st\u00e2ncile impun\u0103toare din Los Gigantes \u0219i coasta virgin\u0103 din Masca.<\/p>\n<p class=\"translation-block\">Fie c\u0103 s\u0103rb\u0103tori\u021bi o ocazie special\u0103 sau pur \u0219i simplu dori\u021bi s\u0103 <strong>\u00eenchiria\u021bi un iaht \u00een Tenerife<\/strong> pentru o escapad\u0103 de lux, Bellini este alegerea perfect\u0103 pentru elegan\u021b\u0103, confort \u0219i vederi de neuitat.<\/p>\n<h3>\u2b50\ufe0f <strong>De ce Bellini este unul dintre cele mai bune iahturi de lux din Tenerife<\/strong><\/h3>\n<p><span style=\"text-decoration: underline;\"><strong>Ce diferen\u021biaz\u0103 Bellini:<\/strong><\/span><\/p>\n<p><strong>Bun venit exclusiv:<\/strong> Fiecare charter \u00eencepe cu o primire c\u0103lduroas\u0103, cu o selec\u021bie de fructe tropicale proasp\u0103t servite \u0219i \u0219unc\u0103 iberic\u0103 premium 5J, d\u00e2nd tonul unei experien\u021be de navigare de \u00eenalt\u0103 calitate.<\/p>\n<p><strong>Bar deschis:<\/strong> Bucura\u021bi-v\u0103 de b\u0103uturi nelimitate, inclusiv vin, bere, ap\u0103, sucuri, b\u0103uturi r\u0103coritoare \u0219i cava.<\/p>\n<p><strong>Acces privat la plaje ascunse:<\/strong> Datorit\u0103 serviciului s\u0103u de dinghy, Bellini permite oaspe\u021bilor s\u0103 ajung\u0103 la golfule\u021be \u0219i plaje ascunse pentru o oprire cu adev\u0103rat exclusivist\u0103 de-a lungul coastei.<\/p>\n<h4>\ud83c\udf0a <strong>Activit\u0103\u021bi incluse la bord<\/strong><\/h4>\n<p class=\"translation-block\">Acest <strong> iaht de lux \u00een Tenerife<\/strong> este mai mult dec\u00e2t navigarea, este vorba despre crearea de amintiri:<\/p>\n<ul>\n<li><strong>\ud83c\udfc4 Paddle Surf:<\/strong> Distreaz\u0103-te pe ap\u0103 cu stand-up paddle boards, u\u0219or pentru \u00eencep\u0103tori \u0219i relaxant pentru toat\u0103 lumea.<\/li>\n<li><strong>\ud83e\udd3f Echipament de snorkeling:<\/strong> Scufunda\u021bi-v\u0103 \u0219i descoperi\u021bi lumea subacvatic\u0103 a insulei Tenerife, plin\u0103 de via\u021b\u0103 marin\u0103 \u0219i ape albastre limpezi.<\/li>\n<li><strong>\ud83d\udcf8 GoPro &amp; Polaroid:<\/strong> Folosi\u021bi camerele noastre de bord pentru a surprinde fiecare moment important al experien\u021bei dvs., at\u00e2t deasupra, c\u00e2t \u0219i sub ap\u0103.<\/li>\n<\/ul>\n<h4>\ud83c\udf7d\ufe0f <strong>Paella Gourmet de la 5th Hour<\/strong><\/h4>\n<p>Pentru cursele charter care dureaz\u0103 cinci ore sau mai mult, este inclus\u0103 o paella proasp\u0103t preparat\u0103. Alege\u021bi \u00eentre carne, pui, vegetarian sau fructe de mare, preg\u0103tite dup\u0103 gustul dvs. \u0219i servite proaspete la bord.<\/p>\n<h3>\ud83d\udc8e <strong>Extrasuri premium op\u021bionale pentru a v\u0103 personaliza experien\u021ba<\/strong><\/h3>\n<p class=\"translation-block\">Duce\u021bi <strong>\u00eenchirierea iahtului dvs. \u00een Tenerife<\/strong> la un alt nivel cu aceste extra exclusive (disponibile la cerere \u0219i \u00een func\u021bie de disponibilitate):<\/p>\n<ul>\n<li><strong>Chef privat:<\/strong> Un buc\u0103tar profesionist g\u0103te\u0219te live la bord, adapt\u00e2nd meniul la preferin\u021bele dvs.<\/li>\n<li><strong>Buc\u0103tar japonez Experien\u021b\u0103:<\/strong> Savura\u021bi sushi proasp\u0103t preparat \u0219i alte m\u00e2nc\u0103ruri japoneze cu ingrediente de calitate superioar\u0103 \u0219i tehnic\u0103 de specialitate.<\/li>\n<li><strong>Chef cu stele Michelin:<\/strong> Bucura\u021bi-v\u0103 de buc\u0103t\u0103ria haute cuisine a unui buc\u0103tar asociat cu Ghidul Michelin - servit\u0103 direct la bord.<\/li>\n<li><strong>Degustare de \u0219ampanie \u0219i caviar:<\/strong> \u0218ampanie premium combinat\u0103 perfect cu o selec\u021bie curat\u0103 de caviar high-end.<\/li>\n<li><strong>Asocierea vinului \u0219i a conservelor gourmet:<\/strong> Degustare elegant\u0103 de vinuri asociate cu conserve de top, precum midii, scoici sau burt\u0103 de ton.<\/li>\n<li><strong>\u00cenchiriere jet ski:<\/strong> Disponibil \u00een timpul ancor\u0103rii l\u00e2ng\u0103 La Caleta, Masca sau Arme\u00f1ime.<\/li>\n<li><strong>Experien\u021b\u0103 Flyboard:<\/strong> Zbura\u021bi deasupra oceanului \u00een deplin\u0103 siguran\u021b\u0103 \u0219i sub supraveghere.<\/li>\n<li><strong>Juc\u0103rii gonflabile de ap\u0103:<\/strong> Distrac\u021bie \u00een grup cu b\u0103rci cu banane \u0219i multe altele, remorcate de barca de sprijin.<\/li>\n<li><strong>Scufund\u0103ri:<\/strong> Scufundare de descoperire cu instructor (nu este necesar\u0103 experien\u021b\u0103) sau scufundare certificat\u0103 cu ghid local.<\/li>\n<li><strong>Pescuit sportiv:<\/strong> Toate echipamentele necesare pentru pescuitul la mare ad\u00e2ncime cu asisten\u021b\u0103 la bord.<\/li>\n<\/ul>\n<h3>\ud83d\udea4 <strong>Alege\u021bi durata care vi se potrive\u0219te cel mai bine<\/strong><\/h3>\n<p>Bellini ofer\u0103 mai multe op\u021biuni, astfel \u00eenc\u00e2t s\u0103 pute\u021bi proiecta perfect <strong>\u00eenchiriere de b\u0103rci \u00een Tenerife<\/strong>:<\/p>\n<ul>\n<li><strong>Charter de 3 ore:<\/strong> O scurt\u0103 escapad\u0103 de lux cu vederi spectaculoase, b\u0103uturi \u0219i gust\u0103ri la bord.<\/li>\n<li><strong>Carta de 5 ore:<\/strong> Include toate elementele esen\u021biale plus paella \u0219i timp suplimentar pentru a v\u0103 bucura de ap\u0103 \u0219i de coast\u0103.<\/li>\n<li><strong>Carta de 8 ore:<\/strong> O zi \u00eentreag\u0103 pe mare pentru a explora Los Gigantes, Masca \u0219i multe altele! Ideal pentru cei care doresc experien\u021ba Bellini complet\u0103.<\/li>\n<\/ul>\n<h3>\u2705 <strong>Ce este inclus \u00een Carta dvs.<\/strong><\/h3>\n<ul>\n<li>Platou de bun venit cu fructe proaspete<\/li>\n<li>5J \u0218unc\u0103 iberic\u0103 \u0219i mezeluri premium<\/li>\n<li>Open bar: cava, vin, bere, ap\u0103, sucuri \u0219i b\u0103uturi r\u0103coritoare<\/li>\n<li>Toast de bun venit cu Chandon Spritz.<\/li>\n<li>Paddle surf, snorkel, GoPro &amp; Polaroid utilizare<\/li>\n<li>Paella gourmet (inclus\u0103 de la ora 5)<\/li>\n<li>Acces cu barca pneumatic\u0103 la plaj\u0103<\/li>\n<li>B\u0103i de soare \u0219i zone umbrite la bord<\/li>\n<li>Echipaj experimentat, multilingv<\/li>\n<\/ul>\n<h3>\ud83d\udccd <strong>Plecare din Puerto de Los Gigantes<\/strong><\/h3>\n<p class=\"translation-block\">Bellini pleac\u0103 de pe coasta de vest a insulei Tenerife, \u00een special din <a href=\"https:\/\/maps.app.goo.gl\/Xq4LkTRqPjHQzRBE8\" target=\"_blank\" rel=\"noopener\">Puerto de Los Gigantes<\/a>. Aceast\u0103 loca\u021bie ofer\u0103 acces \u00een primul r\u00e2nd la st\u00e2ncile maiestuoase din Los Gigantes \u0219i la coasta uimitoare Masca, unele dintre cele mai emblematice \u0219i \u00eendep\u0103rtate p\u0103r\u021bi ale insulei. Portul este u\u0219or accesibil cu ma\u0219ina \u0219i v\u0103 recomand\u0103m s\u0103 ajunge\u021bi cu 15 minute \u00eenainte de plecare.<\/p>\n<h4>\ud83d\udcdc <strong>Rezervare simpl\u0103 \u0219i politic\u0103 de anulare flexibil\u0103<\/strong><\/h4>\n<p>La CanaryVIP, ne dorim ca experien\u021ba dvs. s\u0103 fie u\u0219oar\u0103 \u00eenc\u0103 de la \u00eenceput. Condi\u021biile noastre de anulare sunt clare \u0219i corecte:<\/p>\n<ul>\n<li><strong>Garan\u021bia meteo:<\/strong> \u00cen cazul \u00een care condi\u021biile de pe mare nu sunt sigure, pute\u021bi reprograma sau solicita o rambursare complet\u0103.<\/li>\n<li><strong>Anul\u0103ri gratuite:<\/strong> Anula\u021bi sau reprograma\u021bi gratuit cu p\u00e2n\u0103 la 4 zile \u00eenainte de c\u0103l\u0103torie. Depozitele nu sunt rambursabile pentru anul\u0103rile efectuate cu mai pu\u021bin de 4 zile \u00eenainte de plecare.<\/li>\n<\/ul>\n<h3>\ud83d\udd52 <strong>Op\u021biuni disponibile pentru o noapte \u0219i mai multe zile<\/strong><\/h3>\n<p>Bellini nu este doar pentru charterele de o zi - face\u021bi-v\u0103 evadarea \u0219i mai special\u0103:<\/p>\n<ul>\n<li>Petrece\u021bi noaptea la bord \u0219i trezi\u021bi-v\u0103 la sunetul oceanului.<\/li>\n<li>Crea\u021bi-v\u0103 itinerariul personalizat pentru escapade romantice, s\u0103rb\u0103tori sau aventuri de navigatie de mai multe zile.<\/li>\n<\/ul>\n<h3>\ud83d\udc68\u200d\u2708\ufe0f <strong>\u00cenainte de \u00eembarcare - Sfaturi rapide<\/strong><\/h3>\n<p>Pentru a profita la maximum de c\u0103l\u0103toria dumneavoastr\u0103:<\/p>\n<ul>\n<li>Ave\u021bi confirmarea CanaryVIP preg\u0103tit\u0103 (tip\u0103rit\u0103 sau digital\u0103).<\/li>\n<li>Aduce\u021bi costum de baie, prosop \u0219i crem\u0103 de protec\u021bie solar\u0103.<\/li>\n<li>M\u0103n\u00e2nc\u0103 ceva u\u0219or \u0219i evit\u0103 alcoolul \u00een prealabil pentru a preveni r\u0103ul de mare.<\/li>\n<li>Alege-\u021bi locul preferat - soare sau umbr\u0103 - \u0219i preg\u0103te\u0219te-te s\u0103 te relaxezi.<\/li>\n<\/ul>\n<h3>\ud83d\udcac <strong>Rezerva\u021bi acum cu CanaryVIP<\/strong><\/h3>\n<p>La CanaryVIP, punem \u00een leg\u0103tur\u0103 c\u0103l\u0103torii cu experien\u021be de top din Tenerife. Dac\u0103 dori\u021bi s\u0103 <strong>\u00eenchiria\u021bi un iaht de lux \u00een Tenerife<\/strong> \u0219i s\u0103 descoperi\u021bi Los Gigantes sau Masca \u00een stil propriu, Bellini este una dintre cele mai bune op\u021biuni disponibile.<br \/>\n\ud83d\udc49 <a href=\"https:\/\/canaryvip.com\/ro\/tenerife\/boat-hire-tenerife\/\">Verifica\u021bi disponibilitatea \u0219i rezerva\u021bi yacht charter acum<\/a> - aventura dvs. de lux este la doar c\u00e2teva clicuri distan\u021b\u0103.<\/p>","protected":false},"excerpt":{"rendered":"<p><strong>\ud83d\udd0d Bellini Yacht Charter:<\/strong><br \/>\n\u2705 Plat\u0103 sigur\u0103.<br \/>\n\ud83d\udee5\ufe0f 14m Yacht Confort Yacht.<br \/>\n\u23f3 Tururi zilnice de 3-8h.<br \/>\n\ud83d\udd59 Orele de plecare personalizabile.<br \/>\n\ud83c\udf74 Mese \u0219i b\u0103uturi incluse.<br \/>\n\ud83d\udc65 P\u00e2n\u0103 la 10 persoane.<br \/>\n\ud83c\udfc4\u200d\u2640\ufe0f Pl\u0103ci cu v\u00e2sle incluse.<br \/>\n\ud83e\udd3f Se ofer\u0103 echipament de snorkel.<br \/>\n\ud83e\udd11 Cel mai bun pre\u021b garantat.<br \/>\n\ud83d\udc6a Reduceri activate.<br \/>\n\ud83d\udd01 Anulare de p\u00e2n\u0103 la 4 zile.<br \/>\n\ud83c\udf0d Multilingual Crew.<br \/>\n\ud83c\udf1f Rezerva\u021bi din timp \u0219i economisi\u021bi!<br \/>\n\ud83d\udccd Plecare din <a href=\"https:\/\/maps.app.goo.gl\/Xq4LkTRqPjHQzRBE8\">Los Gigantes<\/a>.<\/p>","protected":false},"featured_media":15376,"comment_status":"open","ping_status":"closed","template":"","meta":{"_acf_changed":false},"product_brand":[],"product_cat":[47],"product_tag":[],"class_list":{"0":"post-15373","1":"product","2":"type-product","3":"status-publish","4":"has-post-thumbnail","6":"product_cat-boat-hire-tenerife","7":"wcpa_has_options","9":"first","10":"instock","11":"virtual","12":"purchasable","13":"product-type-simple"},"acf":[],"wcpa_form_fields":{"wcpaData":{"product":{"product_price":1060,"price_html":"From&nbsp;<span class=\"woocommerce-Price-amount amount\"><bdi>1.060,00&nbsp;<span class=\"woocommerce-Price-currencySymbol\">&euro;<\/span><\/bdi><\/span>","original_product_price":1060,"price_including_tax":1060,"price_excluding_tax":1060,"product_id":{"parent":15373,"variation":false},"is_variable":false,"stock_status":"instock","stock_quantity":null,"parent_sku":"CV15373","product_attributes":[],"custom_fields":[],"is_taxable":false,"product_name":"Bellini Luxury Yacht Tenerife","hasImage":false},"fields":{"sec_968949ba2884ff":{"extra":{"key":"sec_968949ba2884ff","section_id":"sec_968949ba2884ff","name":"Default","status":1,"cl_rule":"show","enableCl":false,"relations":[],"toggle":true,"title_tag":"h3","show_title":false,"showPrice":"default","form_id":15383,"form_rules":{"exclude_from_discount":true,"fee_label":"Fee","disp_hide_options_price":true,"disp_show_section_price":false,"disp_show_field_price":true,"layout_option":"standard","pric_use_as_fee":false,"process_fee_as":"woo_fee"},"layout_option":"standard"},"fields":[[{"label":"\ud83d\udcc5 Date","active":true,"required":true,"elementId":"date_868949ba288522","picker_type":"custom","picker_mode":"single","placeholder":"","description":"","tooltip":"","name":"date_868949ba288522","label_position":"default","desc_position":"default","enablePrice":false,"className":"","enableCl":false,"relations":[{"operator":"and","rules":[{"operator":"AND","rules":{"cl_field":"radio-group_565c78ffa81208","cl_relation":"is","cl_val":"3 Hour Trip"}}]}],"date_pic_inline":true,"date_pic_inline_hide":true,"min_date":{"type":"days","val":"1"},"max_date":{"type":"days","val":"365"},"date_pic_conf":{"disabledWeeks":[],"disabledDates":["2025-04-18 to 2025-04-24"]},"price":"","cl_rule":"show","col":6,"type":"date","error":false,"enableDesign":false,"LabelColor":"","isWeightTemplate":false,"isTemplate":false,"min_quantity":"1","quantity_decimal":false,"quantity_step":"1","quantity_label":"Quantity","repeater_field_label":"{field_label}","repeater_bind":"","gt_translate_keys":["label","placeholder","description","tooltip","repeater_field_label","quantity_label"],"price_dependency":false,"cl_dependency":false,"value":""}],[{"elementId":"separator_268949ba28853d","separatorType":"blank","className":"","height":"3","enableCl":false,"relations":false,"cl_rule":"show","col":6,"type":"separator","error":false,"gt_translate_keys":[],"price_dependency":false,"cl_dependency":false,"value":""}],[{"active":true,"col":6,"relations":[{"operator":false,"rules":[{"operator":"AND","rules":{"cl_field":"radio-group_565c78ffa81208","cl_relation":"is","cl_val":"3 Hour Trip"}}]}],"cl_rule":"show","enableCl":false,"price":"","enablePrice":false,"className":"","label_position":"default","desc_position":"default","type":"select","required":false,"elementId":"select_468949ba288577","label":"\u23f0 Departure Time","name":"select_468949ba288577","values":[{"label":"09:00","value":"09:00","selected":false,"tempId":"aco_1471","gt_translate_keys":["label"]},{"label":"10:00","value":"10:00","selected":false,"tempId":"aco_1472","gt_translate_keys":["label"]},{"label":"11:00","value":"11:00","selected":false,"tempId":"aco_1500","gt_translate_keys":["label"]},{"label":"12:00","value":"12:00","selected":false,"tempId":"aco_1510","gt_translate_keys":["label"]},{"label":"13:00 (1:00 PM)","value":"13:00","selected":false,"tempId":"aco_1520","gt_translate_keys":["label"]},{"label":"14:00 (2:00 PM)","value":"14:00","selected":false,"tempId":"aco_1728","gt_translate_keys":["label"]},{"label":"15:00 (3:00 PM)","value":"15:00","selected":false,"tempId":"aco_1738","gt_translate_keys":["label"]}],"dropdown_type":"basic","error":false,"placeholder":"Whichever Time is Best","isWeightTemplate":false,"isTemplate":false,"min_quantity":"1","quantity_decimal":false,"quantity_step":"1","quantity_label":"Quantity","repeater_field_label":"{field_label}","repeater_bind":"","gt_translate_keys":["label","placeholder","repeater_field_label","quantity_label"],"price_dependency":false,"cl_dependency":false,"value":""}],[{"active":true,"col":6,"relations":false,"cl_rule":"show","enableCl":false,"price":"","enablePrice":true,"className":"","label_position":"default","desc_position":"default","type":"select","required":true,"elementId":"select_1068949ba288548","label":"\u23f3 Trip Duration","name":"select_1068949ba288548","values":[{"label":"3 Hours (1.060\u20ac)","value":"3h","selected":false,"tempId":"aco_556","price":"1060","gt_translate_keys":["label"]},{"label":"4 Hours (1.275\u20ac)","value":"4H","selected":false,"tempId":"aco_181","price":"1275","gt_translate_keys":["label"]},{"label":"5 Hours (1.490\u20ac)","value":"5h","selected":false,"tempId":"aco_281","price":"1490","gt_translate_keys":["label"]},{"label":"6 Hours (1.700\u20ac)","value":"6h","selected":false,"tempId":"aco_605","price":"1700","gt_translate_keys":["label"]},{"label":"7 Hours (1.915\u20ac)","value":"7h","selected":false,"tempId":"aco_381","price":"1915","gt_translate_keys":["label"]},{"label":"8 Hours (2.130\u20ac)","value":"8h","selected":false,"tempId":"aco_724","price":"2130","gt_translate_keys":["label"]}],"dropdown_type":"basic","error":false,"placeholder":"Select Trip Duration","priceOptions":"different_for_all","pricingType":"fixed","is_show_price":false,"isWeightTemplate":false,"isTemplate":false,"min_quantity":"1","quantity_decimal":false,"quantity_step":"1","quantity_label":"Quantity","repeater_field_label":"{field_label}","repeater_bind":"","gt_translate_keys":["label","placeholder","repeater_field_label","quantity_label"],"price_dependency":false,"cl_dependency":false,"value":""}],[{"label":"\u2705 Number of People","active":true,"required":true,"elementId":"select_168949ba28858b","dropdown_type":"basic","placeholder":"Select Number of People","name":"select_168949ba28858b","label_position":"default","desc_position":"default","enablePrice":true,"className":"","enableCl":false,"relations":[{"operator":false,"rules":[{"operator":"AND","rules":{"cl_field":"radio-group_565c78ffa81208","cl_relation":"is","cl_val":"3 Hour Trip"}}]}],"values":[{"label":"1 person","value":"1","selected":false,"tempId":"aco_1471","price":"0","gt_translate_keys":["label"]},{"label":"2 people","value":"2","selected":false,"tempId":"aco_1472","price":"0","gt_translate_keys":["label"]},{"label":"3 people","value":"3","selected":false,"tempId":"aco_1500","price":"0","gt_translate_keys":["label"]},{"label":"4 people","value":"4","selected":false,"tempId":"aco_1510","price":"0","gt_translate_keys":["label"]},{"label":"5 people","value":"5","selected":false,"tempId":"aco_1520","price":"0","gt_translate_keys":["label"]},{"label":"6 people (+120\u20ac)","value":"6","selected":false,"tempId":"aco_1728","price":"120","gt_translate_keys":["label"]},{"label":"7 people (+240\u20ac)","value":"7","selected":false,"tempId":"aco_1738","price":"240","gt_translate_keys":["label"]},{"label":"8 people (+360\u20ac)","value":"8","selected":false,"tempId":"aco_1922","price":"360","gt_translate_keys":["label"]},{"label":"9 People (+480\u20ac)","value":"9","selected":false,"tempId":"aco_220","price":"480","gt_translate_keys":["label"]},{"label":"10 People (+600\u20ac)","value":"10","selected":false,"tempId":"aco_311","price":"600","gt_translate_keys":["label"]}],"price":"","cl_rule":"show","col":6,"type":"select","error":false,"isWeightTemplate":false,"isTemplate":false,"min_quantity":"1","quantity_decimal":false,"quantity_step":"1","quantity_label":"Quantity","repeater_field_label":"{field_label}","repeater_bind":"","priceOptions":"different_for_all","pricingType":"fixed","gt_translate_keys":["label","placeholder","repeater_field_label","quantity_label"],"price_dependency":false,"cl_dependency":false,"value":""}],[{"active":true,"col":6,"relations":false,"cl_rule":"show","enableCl":false,"price":"","enablePrice":true,"className":"","label_position":"default","desc_position":"default","type":"select","required":false,"elementId":"select_368949ba288551","label":"\ud83d\udca6 Add jet-skis?","name":"select_368949ba288551","values":[{"label":"1 JetSki for 1 Hour (345\u20ac)","value":"1 x Jetski for 1 Hour","selected":false,"tempId":"aco_2501","price":"345","gt_translate_keys":["label"]},{"label":"2 JetSkis for 1 Hour (690\u20ac)","value":"2 x JetSki for 1 Hour","selected":false,"tempId":"aco_2502","price":"690","gt_translate_keys":["label"]}],"dropdown_type":"basic","error":false,"description":"Private JetSki tour from the boat with a JetSki instructor.","placeholder":"None","priceOptions":"different_for_all","pricingType":"fixed","is_show_price":false,"isWeightTemplate":false,"isTemplate":false,"min_quantity":"1","quantity_decimal":false,"quantity_step":"1","quantity_label":"Quantity","repeater_field_label":"{field_label}","repeater_bind":"","gt_translate_keys":["label","placeholder","description","repeater_field_label","quantity_label"],"price_dependency":false,"cl_dependency":false,"value":""}]]}},"config":{"price_override":"always","enable_recaptcha":false,"bind_quantity":false,"quantity_bind_formula":false,"disp_summ_show_option_price":true,"disp_summ_show_product_price":false,"disp_summ_show_total_price":true,"disp_summ_show_fee":true,"disp_summ_show_discount":true,"summary_title":"","options_total_label":"Options Price","total_label":"Total Amount","options_product_label":"Product Price","fee_label":"Fee","discount_label":"Discount","has_price":true,"has_quantity_formula":false},"mc_unit":1,"tax_rate":1,"tax_rate_real":1,"discount":{"percentage":0,"fixed":0},"design":{"conf":{"LabelPosition":"above","DescPosition":"above","UploadField":"custom_1","QuantityFieldStyle":"custom_1"},"css":{"LeftLabelWidth":"120px"}},"formulas":{"fmla_1708360988969136756":"(({field.select_56638eb5b235ae.value}>=3)?(1200):(({field.select_56638eb5b235ae.value}>=2)?(850):(({field.select_56638eb5b235ae.value}>=1)?(540):(0))))","fmla_1708364241278155361":"(({field.select_5841412719.value}>=8)?({field.select_5841412719.price}):(({field.select_5841412719.value}>=5)?({field.select_5841412719.price}):(({field.select_5841412719.value}>=3)?({field.select_5841412719.price}):(0))))"},"lookuptables":[],"clones":false,"cartKey":false}},"_links":{"self":[{"href":"https:\/\/canaryvip.com\/ro\/wp-json\/wp\/v2\/product\/15373","targetHints":{"allow":["GET"]}}],"collection":[{"href":"https:\/\/canaryvip.com\/ro\/wp-json\/wp\/v2\/product"}],"about":[{"href":"https:\/\/canaryvip.com\/ro\/wp-json\/wp\/v2\/types\/product"}],"replies":[{"embeddable":true,"href":"https:\/\/canaryvip.com\/ro\/wp-json\/wp\/v2\/comments?post=15373"}],"wp:featuredmedia":[{"embeddable":true,"href":"https:\/\/canaryvip.com\/ro\/wp-json\/wp\/v2\/media\/15376"}],"wp:attachment":[{"href":"https:\/\/canaryvip.com\/ro\/wp-json\/wp\/v2\/media?parent=15373"}],"wp:term":[{"taxonomy":"product_brand","embeddable":true,"href":"https:\/\/canaryvip.com\/ro\/wp-json\/wp\/v2\/product_brand?post=15373"},{"taxonomy":"product_cat","embeddable":true,"href":"https:\/\/canaryvip.com\/ro\/wp-json\/wp\/v2\/product_cat?post=15373"},{"taxonomy":"product_tag","embeddable":true,"href":"https:\/\/canaryvip.com\/ro\/wp-json\/wp\/v2\/product_tag?post=15373"}],"curies":[{"name":"wp","href":"https:\/\/api.w.org\/{rel}","templated":true}]}}