{"id":14642,"date":"2025-05-26T18:12:56","date_gmt":"2025-05-26T17:12:56","guid":{"rendered":"https:\/\/canaryvip.com\/?post_type=product&#038;p=14642"},"modified":"2025-10-02T11:19:56","modified_gmt":"2025-10-02T10:19:56","slug":"skyline-boat-charter-tenerife","status":"publish","type":"product","link":"https:\/\/canaryvip.com\/ro\/shop\/skyline-boat-charter-tenerife\/","title":{"rendered":"Skyline Boat Charter Tenerife"},"content":{"rendered":"<h2>\ud83d\udea4 \u00cenchiriere iaht Tenerife: Experien\u021ba Skyline Boat<\/h2>\n<p class=\"translation-block\"><strong>Skyline Cruiser<\/strong> este un exclusiv <strong>yacht \u00een Tenerife,<\/strong> oferind o experien\u021b\u0103 luxoas\u0103 la bordul unui iaht cu motor Fairline de 42 de picioare. Cu spa\u021biu pentru p\u00e2n\u0103 la 12 persoane, este o alegere ideal\u0103 pentru grupurile mici care caut\u0103 intimitate, confort \u0219i o atmosfer\u0103 relaxat\u0103 pe Atlantic.<\/p>\n<p class=\"translation-block\">Cu plecare din Puerto Col\u00f3n, acest charter <strong>Skyline boat Tenerife<\/strong> este perfect pentru cei care doresc s\u0103 se relaxeze, s\u0103 exploreze coasta sudic\u0103 a insulei sau s\u0103 se bucure de observarea delfinilor \u0219i balenelor \u00een habitatul lor natural. Este una dintre cele mai elegante modalit\u0103\u021bi de a <strong>\u00eenchiria o barc\u0103 \u00een Tenerife<\/strong> \u0219i de a descoperi insula de pe mare.<\/p>\n<h3>\ud83c\udf05 Alege\u021bi ora de plecare<\/h3>\n<p class=\"translation-block\"><strong>Trei plec\u0103ri zilnice<\/strong> sunt disponibile pentru a se potrivi diferitelor programe:<\/p>\n<ul>\n<li>\ud83d\udd58 9:45<\/li>\n<li>\ud83d\udd50 13:15<\/li>\n<li>\ud83d\udd5f 16:20<\/li>\n<\/ul>\n<p class=\"translation-block\">\u00cembarcarea are loc la <a href=\"https:\/\/maps.app.goo.gl\/f5R77mRQ2HgpADy77\" target=\"_blank\" rel=\"noopener\">Puerto Col\u00f3n Marina \u00een Costa Adeje.<\/a><\/p>\n<h3>\ud83c\udf0a La ce s\u0103 v\u0103 a\u0219tepta\u021bi la bord<\/h3>\n<ul>\n<li class=\"translation-block\"><strong>Vizionarea vie\u021bii s\u0103lbatice:<\/strong> Barca navigheaz\u0103 la 3 mile de coast\u0103 pentru a observa delfini, balene \u0219i alte vie\u021bi marine \u00een largul oceanului.<\/li>\n<li class=\"translation-block\"><strong>Croazier\u0103 relaxat\u0103:<\/strong> Oaspe\u021bii se pot relaxa \u00een zona de lounge umbrit\u0103 sau pot face plaj\u0103 la prova \u00een timp ce se bucur\u0103 de vedere panoramic\u0103 la mare.<\/li>\n<li class=\"translation-block\"><strong>Swim stop:<\/strong> O oprire lini\u0219tit\u0103 \u00een golf permite timp pentru \u00eenot, snorkeling sau pur \u0219i simplu relaxare \u00een ap\u0103.<\/li>\n<li class=\"translation-block\"><strong>\u00centoarcerea pe coast\u0103:<\/strong> Traseul de \u00eentoarcere ofer\u0103 vederi ale unor locuri iconice, cum ar fi pe\u0219terile hippie \u0219i st\u00e2ncile vulcanice de pe coasta de sud.<\/li>\n<\/ul>\n<h3>\ud83c\udf74 M\u00e2ncare \u0219i b\u0103uturi incluse<\/h3>\n<p class=\"translation-block\">Aceast\u0103 <strong>\u00eenchiriere iaht Tenerife<\/strong> include o varietate de gust\u0103ri, cum ar fi omlet\u0103 spaniol\u0103, pizza, c\u00e2rna\u021bi, br\u00e2nz\u0103, ro\u0219ii cherry cu ulei de m\u0103sline \u0219i oregano, nuci \u0219i fructe proaspete de sezon. B\u0103uturile includ ap\u0103, b\u0103uturi r\u0103coritoare, bere, vin \u0219i cava.<\/p>\n<p>Se pot aranja meniuri alternative pentru oaspe\u021bii cu restric\u021bii sau preferin\u021be dietetice, cu notificare prealabil\u0103.<\/p>\n<h3>\ud83e\udd3f Snorkeling \u0219i relaxare<\/h3>\n<ul>\n<li class=\"translation-block\"><strong>Unelte de snorkeling \u0219i prosoape:<\/strong> Furnizate la bord, astfel \u00eenc\u00e2t oaspe\u021bii s\u0103 se poat\u0103 bucura de ap\u0103 confortabil \u0219i f\u0103r\u0103 probleme.<\/li>\n<li class=\"translation-block\"><strong>Hidden coves:<\/strong> Opririle se fac \u00een locuri calme, lini\u0219tite, perfecte pentru \u00eenot \u0219i snorkeling departe de aglomera\u021bie.<\/li>\n<\/ul>\n<h3>\ud83d\udccd Plecare din Puerto Col\u00f3n<\/h3>\n<ul>\n<li><strong>Punctul de \u00eent\u00e2lnire:<\/strong> Puerto Col\u00f3n Marina, Costa Adeje. <a href=\"https:\/\/maps.app.goo.gl\/f5R77mRQ2HgpADy77\" target=\"_blank\" rel=\"noopener\">Vizualiza\u021bi pe Google Maps<\/a><\/li>\n<li><strong>Ora sosirii:<\/strong> Oaspe\u021bii sunt ruga\u021bi s\u0103 soseasc\u0103 cu 30 de minute \u00eenainte de plecare pentru a asigura un proces de check-in f\u0103r\u0103 probleme.<\/li>\n<\/ul>\n<h3>\ud83d\udccb Ce este inclus \u0219i ce trebuie s\u0103 aduce\u021bi<\/h3>\n<ul>\n<li><strong>Inclus:<\/strong> C\u0103pitan \u0219i echipaj, gust\u0103ri, b\u0103uturi, prosoape, echipament de snorkeling \u0219i asigurare.<\/li>\n<li><strong>Recomandat s\u0103 aduce\u021bi:<\/strong> Costum de baie, prosop, crem\u0103 de protec\u021bie solar\u0103, ochelari de soare \u0219i o jachet\u0103 u\u0219oar\u0103 pentru zilele mai r\u0103coroase.<\/li>\n<\/ul>\n<h3>\ud83d\udcb3 Detalii privind rezervarea \u0219i plata<\/h3>\n<ul>\n<li><strong>Procesul de rezervare:<\/strong> Plata integral\u0103 este necesar\u0103 la momentul rezerv\u0103rii.<\/li>\n<li><strong>Asisten\u021b\u0103 pentru clien\u021bi:<\/strong> CanaryVIP ofer\u0103 asisten\u021b\u0103 \u00eenainte \u0219i dup\u0103 rezervare pentru a asigura o experien\u021b\u0103 pl\u0103cut\u0103.<\/li>\n<\/ul>\n<h3>\u2757 Politica de anulare<\/h3>\n<p>Condi\u021biile de anulare pentru Skyline Boat Tenerife sunt dup\u0103 cum urmeaz\u0103:<\/p>\n<ul>\n<li><strong>Cu mai mult de 5 zile \u00eenainte de plecare:<\/strong> Rambursare integral\u0103.<\/li>\n<li><strong>3 p\u00e2n\u0103 la 5 zile \u00eenainte:<\/strong> 50% din depozitul rambursat.<\/li>\n<li><strong>Cu mai pu\u021bin de 72 de ore \u00eenainte:<\/strong> Depozitul devine nerambursabil.<\/li>\n<li><strong>Neprezentare sau sosire cu \u00eent\u00e2rziere:<\/strong> F\u0103r\u0103 rambursare.<\/li>\n<li><strong>Anul\u0103ri legate de vreme:<\/strong> \u00cen cazul \u00een care c\u0103pitanul consider\u0103 condi\u021biile nesigure, se va oferi o rambursare integral\u0103 sau o reprogramare.<\/li>\n<\/ul>\n<h3>\u2728 De ce s\u0103 rezerva\u021bi Skyline Boat Tenerife cu CanaryVIP?<\/h3>\n<ul>\n<li><strong>Experien\u021b\u0103 de iaht high-end:<\/strong> O barc\u0103 de lux cu capacitate limitat\u0103 pentru o excursie mai personal\u0103 \u0219i mai confortabil\u0103.<\/li>\n<li><strong>Ofert\u0103 all-inclusive:<\/strong> Snack-urile, b\u0103uturile, echipamentul de snorkeling \u0219i prosoapele sunt toate incluse \u00een pre\u021b.<\/li>\n<li><strong>Perfect pentru ocazii speciale:<\/strong> Excelent pentru zile de na\u0219tere, anivers\u0103ri, escapade romantice sau o zi premium pe mare.<\/li>\n<\/ul>\n<h3>\ud83d\udccc G\u00e2nduri finale<\/h3>\n<p class=\"translation-block\">Pentru c\u0103l\u0103torii care doresc s\u0103 <strong>\u00eenchirieze o barc\u0103 \u00een Tenerife<\/strong> \u0219i s\u0103 se bucure de o experien\u021b\u0103 relaxant\u0103 de \u00eenalt\u0103 calitate pe ocean, <strong>Skyline Boat Tenerife<\/strong> este una dintre cele mai bune alegeri disponibile. Cu plec\u0103ri zilnice, servicii all-inclusive \u0219i priveli\u0219ti uimitoare, acest <a href=\"https:\/\/canaryvip.com\/ro\/tenerife\/boat-hire-tenerife\/\" target=\"_self\"><strong> tur privat cu barca Tenerife<\/strong><\/a> ofer\u0103 confort, frumuse\u021be \u0219i amintiri de neuitat.<\/p>\n<p class=\"translation-block\">Rezerv\u0103rile pot fi f\u0103cute cu u\u0219urin\u021b\u0103 prin intermediul <strong>CanaryVIP<\/strong>, partenerul dvs. de \u00eencredere pentru excursii premium \u00een Insulele Canare.<\/p>","protected":false},"excerpt":{"rendered":"<p><strong>\ud83d\udd0d Skyline Boat Tenerife:<\/strong><br \/>\n<span>\u2705 Plat\u0103 sigur\u0103.<\/span><br \/>\n<span>\ud83d\udc65 Tururi \u00een comun disponibile.<br \/>\n\ud83d\udd10 Tururi private disponibile.<\/span><br \/>\n<span>\ud83d\udc0b Observare de balene \u0219i delfini.<\/span><br \/>\n<span>\ud83d\ude80 Tururi de 3h.<\/span><br \/>\n<span>\ud83d\udd59 9:45, 13:15, 16:20.<br \/>\n<\/span>\ud83c\udf05 Sunt disponibile tururi la apus de soare.<br \/>\n<span>\ud83e\uddc3 Gust\u0103ri \u0219i b\u0103uturi incluse.<\/span><br \/>\n<span>\ud83d\udc65 P\u00e2n\u0103 la 12 persoane.<\/span><br \/>\n<span>\ud83e\udd3f Echipament de snorkel furnizat.<\/span><br \/>\n<span>\ud83e\udd11 Cel mai bun pre\u021b garantat.<\/span><br \/>\n<span>\ud83d\udc6a Reduceri activate.<\/span><br \/>\n<span>\ud83d\udd01 Anulare de p\u00e2n\u0103 la 5 zile.<\/span><br \/>\n<span>\ud83c\udf0d Ghiduri multilingve.<\/span><br \/>\n<span>\ud83c\udf1f Rezerva\u021bi acum \u0219i economisi\u021bi!<\/span><br \/>\n<span>\ud83d\udccd Plecare din\u00a0<\/span><a href=\"https:\/\/www.google.com\/maps\/place\/Puerto+Col%C3%B3n\/@28.0783432,-16.7368735,18.52z\/data=!4m6!3m5!1s0xc6a9743509c9ebf:0xd62345524f768247!8m2!3d28.0789928!4d-16.7359737!16s%2Fg%2F11c6cqryw_?entry=tts\">Puerto Colon<\/a><span>.<\/span><\/p>","protected":false},"featured_media":14645,"comment_status":"open","ping_status":"closed","template":"","meta":{"_acf_changed":false},"product_brand":[],"product_cat":[47,46],"product_tag":[],"class_list":{"0":"post-14642","1":"product","2":"type-product","3":"status-publish","4":"has-post-thumbnail","6":"product_cat-boat-hire-tenerife","7":"product_cat-boat-excursions","8":"wcpa_has_options","10":"first","11":"instock","12":"virtual","13":"purchasable","14":"product-type-simple"},"acf":[],"wcpa_form_fields":{"wcpaData":{"product":{"product_price":65,"price_html":"From&nbsp;<span class=\"woocommerce-Price-amount amount\"><bdi>65,00&nbsp;<span class=\"woocommerce-Price-currencySymbol\">&euro;<\/span><\/bdi><\/span>","original_product_price":65,"price_including_tax":65,"price_excluding_tax":65,"product_id":{"parent":14642,"variation":false},"is_variable":false,"stock_status":"instock","stock_quantity":null,"parent_sku":"CV14642","product_attributes":[],"custom_fields":[],"is_taxable":false,"product_name":"Skyline Boat Charter Tenerife","hasImage":false},"fields":{"sec_56836ef2832367":{"extra":{"key":"sec_56836ef2832367","section_id":"sec_56836ef2832367","name":"Trip Duration","status":1,"cl_rule":"show","enableCl":false,"relations":[],"toggle":true,"title_tag":"h4","show_title":false,"showPrice":"default","form_id":14657,"form_rules":{"exclude_from_discount":true,"fee_label":"Fee","disp_hide_options_price":true,"disp_show_section_price":false,"disp_show_field_price":true,"layout_option":"standard","pric_use_as_fee":false,"process_fee_as":"woo_fee"},"layout_option":"standard"},"fields":[[{"active":true,"col":6,"relations":false,"cl_rule":"show","enableCl":false,"price":"","enablePrice":false,"className":"","label_position":"default","desc_position":"default","type":"radio-group","required":false,"elementId":"radio-group_26836ef2832388","label":"\u231b\ufe0f Trip Duration","name":"radio-group_26836ef2832388","values":[{"label":"3 Hour Shared Trip (65\u20ac)","value":"Shared 3H","selected":false,"tempId":"aco_148","description":"Whale and dolphin sightings. Includes snacks, drinks, and snorkeling. Daily at 9:45.","gt_translate_keys":["label","description"]},{"label":"Private Charter (650\u20ac)","value":"Private Charter","selected":false,"tempId":"aco_149","description":"Sail Tenerife\u2019s coast on a private yacht. Spot dolphins and whales, Includes Spanish snacks, drinks, and snorkeling. 3 hour charters.","gt_translate_keys":["label","description"]}],"layOut":"","error":false,"checkUi":"toggle","options_description":true,"gt_translate_keys":["label"],"price_dependency":false,"cl_dependency":[false,false],"value":""}]]},"sec_36836ef2832389":{"extra":{"key":"sec_36836ef2832389","section_id":"sec_36836ef2832389","name":"Shared Trip","status":1,"cl_rule":"show","enableCl":true,"relations":[{"operator":false,"rules":[{"operator":"AND","rules":{"cl_field":"radio-group_26836ef2832388","cl_relation":"is","cl_val":"Shared 3H"}}]}],"toggle":true,"title_tag":"h4","show_title":false,"showPrice":"default","form_id":14657,"form_rules":{"exclude_from_discount":true,"fee_label":"Fee","disp_hide_options_price":true,"disp_show_section_price":false,"disp_show_field_price":true,"layout_option":"standard","pric_use_as_fee":false,"process_fee_as":"woo_fee"},"layout_option":"standard"},"fields":[[{"label":"\ud83d\udcc5 Date","active":true,"required":true,"elementId":"date_46836ef2832396","picker_type":"custom","picker_mode":"single","placeholder":"","description":"","tooltip":"","name":"date_46836ef2832396","label_position":"default","desc_position":"default","enablePrice":false,"className":"","enableCl":false,"relations":[{"operator":"and","rules":[{"operator":"AND","rules":{"cl_field":"radio-group_367e16bf8dd4f5","cl_relation":"is","cl_val":"3 Hour Trip"}}]}],"enableDesign":false,"LabelColor":"","date_pic_inline":true,"date_pic_inline_hide":true,"min_date":{"type":"days","val":""},"max_date":{"type":"days","val":"365"},"date_pic_conf":{"disabledWeeks":[],"disabledDates":["2025-12-01 to 2025-12-14"]},"price":"","cl_rule":"show","col":6,"type":"date","error":false,"isWeightTemplate":false,"isTemplate":false,"min_quantity":"1","quantity_decimal":false,"quantity_step":"1","quantity_label":"Quantity","repeater_field_label":"{field_label}","repeater_bind":"","date_conf_custom":{"minDate":"let d = new Date();\nif (d.getHours() >= 18) {\n  d.setDate(d.getDate() + 2);\n} else {\n  d.setDate(d.getDate() + 1);\n}\nreturn d;"},"gt_translate_keys":["label","placeholder","description","tooltip","repeater_field_label","quantity_label"],"price_dependency":false,"cl_dependency":false,"value":""}],[{"label":"\u23f0 Departure","active":true,"required":true,"elementId":"select_96836ef28323a1","dropdown_type":"basic","placeholder":"Select Departure Time","name":"select_96836ef28323a1","label_position":"default","desc_position":"default","enablePrice":false,"className":"","enableCl":false,"relations":[{"operator":false,"rules":[{"operator":"AND","rules":{"cl_field":"date_367e16bf8dd504","cl_relation":"week_day_is","cl_val":[1]}}]}],"values":[{"label":"9:45","value":"9:45","selected":true,"tempId":"aco_2695","gt_translate_keys":["label"]}],"price":"","cl_rule":"show","col":6,"type":"select","error":false,"gt_translate_keys":["label","placeholder"],"price_dependency":false,"cl_dependency":false,"value":""}],[{"active":true,"col":6,"relations":false,"cl_rule":"show","enableCl":false,"price":"","enablePrice":false,"className":"","label_position":"default","desc_position":"default","type":"separator","required":false,"elementId":"separator_106836ef28323ac","label":"Separator Field","height":"4","separatorType":"blank","error":false,"gt_translate_keys":["label"],"price_dependency":false,"cl_dependency":false,"value":""}],[{"active":true,"col":6,"relations":false,"cl_rule":"show","enableCl":false,"price":"65","enablePrice":true,"className":"","label_position":"default","desc_position":"default","type":"radio-group","required":false,"elementId":"radio-group_76836ef28323b7","label":"","name":"radio-group_76836ef28323b7","values":[{"label":"\ud83d\udc64 Adult (65\u20ac)","value":"Adult","selected":true,"tempId":"aco_2419","tooltip":"+12 Years","price":"50","gt_translate_keys":["label","tooltip"]}],"layOut":"","error":false,"checkUi":"button","options_description":true,"options_tooltip":true,"priceOptions":"fixed_for_all","pricingType":"fixed","is_show_price":false,"enable_quantity":true,"quantity_decimal":false,"quantity_step":"1","quantity_label":"","min_quantity":"0","max_quantity":"22","gt_translate_keys":["label","quantity_label"],"price_dependency":false,"cl_dependency":false,"value":""}],[{"label":"","active":true,"required":false,"elementId":"radio-group_26836ef28323c2","name":"radio-group_26836ef28323c2","label_position":"default","desc_position":"default","enablePrice":true,"className":"","enableCl":false,"relations":false,"enable_quantity":true,"quantity_label":"","quantity_step":"1","quantity_decimal":false,"min_quantity":"0","checkUi":"button","layOut":"","options_tooltip":true,"options_description":true,"values":[{"label":"\ud83d\udc66 Child (45\u20ac)","value":"Child","selected":true,"tempId":"aco_2419","tooltip":"2-12 Years","price":"40","gt_translate_keys":["label","tooltip"]}],"priceOptions":"fixed_for_all","pricingType":"fixed","price":"45","is_show_price":false,"cl_rule":"show","col":6,"type":"radio-group","error":false,"max_quantity":"22","gt_translate_keys":["label","quantity_label"],"price_dependency":false,"cl_dependency":false,"value":""}]]},"sec_06836ef28323e8":{"extra":{"key":"sec_06836ef28323e8","section_id":"sec_06836ef28323e8","name":"Private Charter","status":1,"cl_rule":"show","enableCl":true,"relations":[{"operator":false,"rules":[{"operator":"AND","rules":{"cl_field":"radio-group_26836ef2832388","cl_relation":"is","cl_val":"Private Charter"}}]}],"toggle":true,"title_tag":"h4","show_title":false,"showPrice":"default","form_id":14657,"form_rules":{"exclude_from_discount":true,"fee_label":"Fee","disp_hide_options_price":true,"disp_show_section_price":false,"disp_show_field_price":true,"layout_option":"standard","pric_use_as_fee":false,"process_fee_as":"woo_fee"},"layout_option":"standard"},"fields":[[{"label":"\ud83d\udcc5 Date","active":true,"required":true,"elementId":"date_36836ef28323f1","picker_type":"custom","picker_mode":"single","placeholder":"","description":"","tooltip":"","name":"date_36836ef28323f1","label_position":"default","desc_position":"default","enablePrice":false,"className":"","enableCl":false,"relations":[{"operator":"and","rules":[{"operator":"AND","rules":{"cl_field":"radio-group_367e16bf8dd4f5","cl_relation":"is","cl_val":"3 Hour Trip"}}]}],"enableDesign":false,"LabelColor":"","date_pic_inline":true,"date_pic_inline_hide":true,"min_date":"","max_date":{"type":"days","val":"365"},"date_pic_conf":{"disabledWeeks":[],"disabledDates":["2025-12-01 to 2025-12-14"]},"price":"","cl_rule":"show","col":6,"type":"date","error":false,"isWeightTemplate":false,"isTemplate":false,"min_quantity":"1","quantity_decimal":false,"quantity_step":"1","quantity_label":"Quantity","repeater_field_label":"{field_label}","repeater_bind":"","date_conf_custom":{"minDate":"let d = new Date();\nif (d.getHours() >= 18) {\n  d.setDate(d.getDate() + 2);\n} else {\n  d.setDate(d.getDate() + 1);\n}\nreturn d;"},"gt_translate_keys":["label","placeholder","description","tooltip","repeater_field_label","quantity_label"],"price_dependency":false,"cl_dependency":false,"value":""}],[{"label":"\u23f0 Departure","active":true,"required":true,"elementId":"select_86836ef28323fa","dropdown_type":"basic","placeholder":"Select Departure Time","name":"select_86836ef28323fa","label_position":"default","desc_position":"default","enablePrice":false,"className":"","enableCl":false,"relations":[{"operator":false,"rules":[{"operator":"AND","rules":{"cl_field":"date_367e16bf8dd504","cl_relation":"week_day_is","cl_val":[1]}}]}],"values":[{"label":"9:45","value":"9:45","selected":false,"tempId":"aco_2695","gt_translate_keys":["label"]},{"label":"13:15","value":"13:15","selected":false,"tempId":"aco_2329","gt_translate_keys":["label"]},{"label":"16:20","value":"16:20","selected":false,"tempId":"aco_2457","gt_translate_keys":["label"]}],"price":"","cl_rule":"show","col":6,"type":"select","error":false,"gt_translate_keys":["label","placeholder"],"price_dependency":false,"cl_dependency":false,"value":""}],[{"active":true,"col":6,"relations":false,"cl_rule":"show","enableCl":false,"price":"5","enablePrice":false,"className":"","label_position":"default","desc_position":"default","type":"number","required":false,"elementId":"number_26836ef2832403","label":"\ud83d\udc65 Amount of People","name":"number_26836ef2832403","value":"","error":false,"pricingType":"multiply","enable_quantity":false,"quantity_decimal":false,"quantity_step":"1","quantity_label":"Quantity","min":"1","max":"12","placeholder":"Up to 12 People","is_show_price":true,"gt_translate_keys":["label","placeholder","value","quantity_label"],"price_dependency":false,"cl_dependency":false}],[{"active":true,"col":6,"relations":false,"cl_rule":"show","enableCl":false,"price":"","enablePrice":true,"className":"","label_position":"default","desc_position":"default","type":"select","required":false,"elementId":"select_86836ef283240b","label":"\u231b\ufe0f Charter Duration (From 650\u20ac)","name":"select_86836ef283240b","values":[{"label":"3 Hours (650\u20ac)","value":"1","selected":true,"tempId":"aco_3241","price":"650","gt_translate_keys":["label"]}],"dropdown_type":"basic","error":false,"placeholder":"Select Duration Time","priceOptions":"different_for_all","pricingType":"fixed","is_show_price":false,"gt_translate_keys":["label","placeholder"],"price_dependency":false,"cl_dependency":false,"value":""}]]}},"config":{"price_override":"always","enable_recaptcha":false,"bind_quantity":false,"quantity_bind_formula":false,"disp_summ_show_option_price":true,"disp_summ_show_product_price":false,"disp_summ_show_total_price":true,"disp_summ_show_fee":true,"disp_summ_show_discount":true,"summary_title":"","options_total_label":"Options Price","total_label":"Total Amount Now","options_product_label":"Product Price","fee_label":"Fee","discount_label":"Discount","has_price":true,"has_quantity_formula":false},"mc_unit":1,"tax_rate":1,"tax_rate_real":1,"discount":{"percentage":0,"fixed":0},"design":{"conf":{"LabelPosition":"above","DescPosition":"above","UploadField":"custom_1","QuantityFieldStyle":"custom_1"},"css":{"LeftLabelWidth":"120px"}},"formulas":{"fmla_1708364241278155361":"(({field.select_267e16bf8dd55e.value}>=4)?(200+({field.number_8810219193.value}*5)):(({field.select_267e16bf8dd55e.value}>=3)?(100+({field.number_8810219193.value}*5)):(0)))","fmla_1742826688120818082":"(({field.select_267e16bf8dd55e.value}>=4)?(1250):(({field.select_267e16bf8dd55e.value}>=3)?(650):(0)))"},"lookuptables":[],"clones":false,"cartKey":false}},"_links":{"self":[{"href":"https:\/\/canaryvip.com\/ro\/wp-json\/wp\/v2\/product\/14642","targetHints":{"allow":["GET"]}}],"collection":[{"href":"https:\/\/canaryvip.com\/ro\/wp-json\/wp\/v2\/product"}],"about":[{"href":"https:\/\/canaryvip.com\/ro\/wp-json\/wp\/v2\/types\/product"}],"replies":[{"embeddable":true,"href":"https:\/\/canaryvip.com\/ro\/wp-json\/wp\/v2\/comments?post=14642"}],"wp:featuredmedia":[{"embeddable":true,"href":"https:\/\/canaryvip.com\/ro\/wp-json\/wp\/v2\/media\/14645"}],"wp:attachment":[{"href":"https:\/\/canaryvip.com\/ro\/wp-json\/wp\/v2\/media?parent=14642"}],"wp:term":[{"taxonomy":"product_brand","embeddable":true,"href":"https:\/\/canaryvip.com\/ro\/wp-json\/wp\/v2\/product_brand?post=14642"},{"taxonomy":"product_cat","embeddable":true,"href":"https:\/\/canaryvip.com\/ro\/wp-json\/wp\/v2\/product_cat?post=14642"},{"taxonomy":"product_tag","embeddable":true,"href":"https:\/\/canaryvip.com\/ro\/wp-json\/wp\/v2\/product_tag?post=14642"}],"curies":[{"name":"wp","href":"https:\/\/api.w.org\/{rel}","templated":true}]}}