{"id":14185,"date":"2025-04-11T10:44:51","date_gmt":"2025-04-11T09:44:51","guid":{"rendered":"https:\/\/canaryvip.com\/?post_type=product&#038;p=14185"},"modified":"2025-08-09T13:53:28","modified_gmt":"2025-08-09T12:53:28","slug":"jetski-circuit-tenerife","status":"publish","type":"product","link":"https:\/\/canaryvip.com\/ro\/shop\/jetski-circuit-tenerife\/","title":{"rendered":"Circuit JetSki Tenerife"},"content":{"rendered":"<h2>\ud83d\udea4 20 de minute Jetski Circuit Tenerife<\/h2>\n<p>C\u0103uta\u021bi o activitate rapid\u0103 \u0219i interesant\u0103 pentru a v\u0103 face vacan\u021ba \u00een Tenerife \u0219i mai de neuitat? Activitatea <strong>Circuit Jetski Tenerife<\/strong> este alegerea perfect\u0103 dac\u0103 dori\u021bi vitez\u0103, mare \u0219i adrenalin\u0103 f\u0103r\u0103 s\u0103 petrece\u021bi ore \u00eentregi \u00eentr-un tur. Este o experien\u021b\u0103 de 20 de minute care v\u0103 ofer\u0103 libertatea de a conduce un jet ski \u00een ritmul dvs. propriu, \u00eentr-un cadru sigur \u0219i controlat, chiar \u00een ocean, l\u00e2ng\u0103 Playa Fa\u00f1ab\u00e9.<\/p>\n<h3>\ud83c\udf0a Ce este circuitul Jetski?<\/h3>\n<p>Aceasta nu este o <a href=\"https:\/\/canaryvip.com\/ro\/shop\/jetski-tenerife\/\">Tur de coast\u0103 ghidat cu JetSki<\/a> sau safari. Circuitul de jetski este o bucl\u0103 marcat\u0103 cu geamanduri \u00een largul m\u0103rii, aproape de \u021b\u0103rmul dintre Puerto Col\u00f3n \u0219i Playa Fa\u00f1ab\u00e9. Ve\u021bi merge \u00een jurul acestui circuit de c\u00e2te ori dori\u021bi \u00een timpul sesiunii de 20 de minute. Zona este supravegheat\u0103 de instructori, astfel \u00eenc\u00e2t v\u0103 pute\u021bi bucura de senza\u021bii tari \u00een deplin\u0103 lini\u0219te.<\/p>\n<p>Este modalitatea ideal\u0103 de a \u00eencerca jet ski-ul dac\u0103 nu ave\u021bi timp sau dac\u0103 dori\u021bi doar o distrac\u021bie rapid\u0103. Fie c\u0103 o face\u021bi singur, cu prietenii sau \u00een cuplu, acesta este un impuls energetic garantat \u00een timpul zilei de plaj\u0103.<\/p>\n<h3>\ud83d\udccd Unde se \u00eent\u00e2mpl\u0103 \u0219i cum s\u0103 ajungi acolo<\/h3>\n<p>Activitatea are loc \u00een ocean, chiar \u00een largul <a href=\"https:\/\/maps.app.goo.gl\/n9D5BT5K5VsxNcbH7\" target=\"_blank\" rel=\"noopener\"><strong>Puerto Col\u00f3n,<\/strong><\/a> , unul dintre principalele porturi maritime din Costa Adeje. Pute\u021bi ajunge u\u0219or acolo pe jos sau cu taxiul, dar dac\u0103 sunte\u021bi la plaj\u0103, v\u0103 facem \u0219i mai u\u0219or - oferim un <strong>preluare gratuit\u0103 a b\u0103rcii<\/strong> serviciu de la mai multe plaje din apropiere:<\/p>\n<ul>\n<li>\ud83c\udfd6\ufe0f Playa de Troya<\/li>\n<li>\ud83c\udfd6\ufe0f Playa Fa\u00f1ab\u00e9<\/li>\n<li>\ud83c\udfd6\ufe0f Playa Torviscas<\/li>\n<li>\ud83c\udfd6\ufe0f Playa del Duque<\/li>\n<li>\u26f5 Puerto Col\u00f3n \u00een sine<\/li>\n<\/ul>\n<p>Trebuie doar s\u0103 ne anun\u021ba\u021bi plaja de preluare preferat\u0103 \u00een momentul rezerv\u0103rii, iar unul dintre membrii echipei va veni cu barca pentru a v\u0103 aduce la punctul de plecare. Este rapid, u\u0219or \u0219i face parte din experien\u021b\u0103.<\/p>\n<h3>\u2699\ufe0f Ce este inclus<\/h3>\n<p>Este inclus tot ce ai nevoie pentru o plimbare distractiv\u0103 \u0219i sigur\u0103:<\/p>\n<ul>\n<li>\u2705 20 de minute de jet ski \u00eentr-un circuit marcat \u00een ape deschise<\/li>\n<li>\u2705 Jet ski-uri Yamaha moderne, u\u0219or de manevrat \u0219i foarte stabile<\/li>\n<li>\u2705 Veste de salvare pentru to\u021bi participan\u021bii.<\/li>\n<li>\u2705 Briefing de siguran\u021b\u0103 \u0219i supraveghere de c\u0103tre instructori califica\u021bi<\/li>\n<\/ul>\n<p>Nu este nevoie de experien\u021b\u0103 anterioar\u0103. \u00cenainte de a \u00eencepe, echipa noastr\u0103 v\u0103 va explica cum func\u021bioneaz\u0103 totul, astfel \u00eenc\u00e2t s\u0103 v\u0103 sim\u021bi\u021bi \u00eencrez\u0103tori \u0219i preg\u0103ti\u021bi s\u0103 v\u0103 bucura\u021bi de experien\u021b\u0103 \u00eenc\u0103 din prima secund\u0103.<\/p>\n<h3>\ud83d\udc65 Cine se poate \u00eenscrie?<\/h3>\n<p>Aceast\u0103 activitate este potrivit\u0103 pentru aproape toat\u0103 lumea, at\u00e2ta timp c\u00e2t v\u0103 sim\u021bi\u021bi confortabil \u00een ap\u0103. Este o op\u021biune excelent\u0103 pentru persoanele care doresc un pic de aventur\u0103 f\u0103r\u0103 a se angaja \u00eentr-un plan de o zi \u00eentreag\u0103.<\/p>\n<ul>\n<li>\u2714\ufe0f \u0218oferii trebuie s\u0103 aib\u0103 cel pu\u021bin 16 ani \u0219i acordul scris al p\u0103rin\u021bilor<\/li>\n<li>\u2714\ufe0f Participan\u021bii mai tineri se pot al\u0103tura ca pasageri cu un adult<\/li>\n<li>\ud83d\udeab Nu este potrivit pentru oaspe\u021bii gravide.<\/li>\n<\/ul>\n<h3>\ud83d\udccb Bine de \u0219tiut \u00eenainte de a pleca<\/h3>\n<ul>\n<li>\ud83d\udd52 V\u0103 rug\u0103m s\u0103 sosi\u021bi cu 30 de minute \u00eenainte de ora rezervat\u0103<\/li>\n<li>\ud83c\udf7d\ufe0f Evita\u021bi s\u0103 m\u00e2nca\u021bi mese grele \u00eenainte de activitate pentru a preveni disconfortul<\/li>\n<li>\ud83d\udc59 Aduce\u021bi costume de baie, un prosop \u0219i crem\u0103 de protec\u021bie solar\u0103.<\/li>\n<li>\ud83d\udc63 Pantofii \u0219i obiectele personale vor fi depozitate \u00een siguran\u021b\u0103 \u00een timpul cursei<\/li>\n<\/ul>\n<h3>\ud83d\udcac De ce s\u0103 alege\u021bi Jetski Circuit Tenerife?<\/h3>\n<p>Aceast\u0103 experien\u021b\u0103 este rapid\u0103, accesibil\u0103 \u0219i plin\u0103 de emo\u021bie. Este perfect\u0103 dac\u0103 dori\u021bi s\u0103 experimenta\u021bi jet ski-ul f\u0103r\u0103 s\u0103 v\u0103 petrece\u021bi jum\u0103tate de zi pe ap\u0103. Circuitul este aproape de coast\u0103, u\u0219or de accesat \u0219i ideal pentru \u00eencep\u0103tori sau pentru oricine dore\u0219te doar pu\u021bin\u0103 ac\u021biune \u00een vacan\u021b\u0103.<\/p>\n<p>Ve\u021bi ob\u021bine acelea\u0219i senza\u021bii tari ca \u00eentr-un tur mai lung, dar \u00eentr-o sesiune scurt\u0103 \u0219i concentrat\u0103, care se potrive\u0219te perfect \u00een planurile dvs. Fie c\u0103 sta\u021bi \u00een apropiere sau vizita\u021bi pentru o zi, aceasta este una dintre cele mai bune aventuri rapide din Costa Adeje.<\/p>\n<h3>\u2696\ufe0f Politica de Anulare<\/h3>\n<p>\u00cen\u021belegem c\u0103 planurile se pot schimba, mai ales \u00een vacan\u021b\u0103. De aceea, oferim o politic\u0103 de anulare flexibil\u0103 pentru Circuitul Jetski:<\/p>\n<ul>\n<li>\u2705 Anulare gratuit\u0103 cu p\u00e2n\u0103 la 24 de ore \u00eenainte de sesiunea programat\u0103.<\/li>\n<li>\u2705 Rambursare integral\u0103 \u00een cazul \u00een care activitatea este anulat\u0103 din cauza condi\u021biilor meteorologice sau de siguran\u021b\u0103.<\/li>\n<li>\u274c Anul\u0103rile efectuate cu mai pu\u021bin de 24 de ore \u00eenainte de activitate nu vor fi rambursate.<\/li>\n<li>\u274c Neprezent\u0103rile nu sunt rambursabile \u00een nicio situa\u021bie.<\/li>\n<\/ul>\n<p>Dac\u0103 trebuie s\u0103 anula\u021bi sau s\u0103 reprograma\u021bi, contacta\u021bi-ne c\u00e2t mai cur\u00e2nd posibil pentru a v\u0103 putea ajuta. Suntem aici pentru a v\u0103 ajuta s\u0103 v\u0103 bucura\u021bi de experien\u021ba dvs. cu lini\u0219te sufleteasc\u0103.<\/p>\n<h3>\ud83c\udf1e Rezerv\u0103-\u021bi acum circuitul Jetski<\/h3>\n<p>Nu rata\u021bi \u0219ansa de a face valuri \u00een unul dintre cele mai frumoase locuri din Tenerife. Fie c\u0103 veni\u021bi singuri sau \u00eenso\u021bi\u021bi, <strong>Circuit Jetski Tenerife<\/strong> este modul perfect de a ad\u0103uga adrenalin\u0103 \u0219i distrac\u021bie timpului petrecut pe insul\u0103.<\/p>\n<p><strong>Rezerva\u021bi-v\u0103 locul ast\u0103zi<\/strong> \u0219i preg\u0103ti\u021bi-v\u0103 pentru 20 de minute de ac\u021biune non-stop \u00een apele din Puerto Col\u00f3n.<\/p>","protected":false},"excerpt":{"rendered":"<p><strong>\ud83d\udd0d Circuitul JetSki Tenerife:<\/strong><br \/>\n<span>\u2705 Plat\u0103 sigur\u0103.<\/span><br \/>\n<span>\ud83c\udf1f Experien\u021b\u0103 de neuitat.<\/span><br \/>\n<span>\ud83d\ude80 Circuit de 20 de minute.<\/span><br \/>\n<span>\ud83d\udcc6 Disponibil zilnic.<\/span><br \/>\n<span>\ud83d\udd59 Cadre temporale multiple.<\/span><br \/>\n<span>\ud83d\udc66 +7 Ani se poate \u00eenscrie.<\/span><br \/>\n<span>\ud83d\udc64 +16 Ani pot merge.<\/span><br \/>\n<span>\ud83e\udd11 Cel mai bun pre\u021b garantat.<\/span><br \/>\n<span>\ud83d\udc6a Reduceri activate.<\/span><br \/>\n<span>\ud83d\udd01 P\u00e2n\u0103 la 24 de ore Anulare.<\/span><br \/>\n<span>\ud83c\udf1f Rezerva\u021bi acum \u0219i economisi\u021bi!<\/span><span><br \/>\n\ud83d\udea4 Mai multe puncte de preluare.<br \/>\n\ud83d\udccd Loca\u021bie: Puerto Col\u00f3n.<br \/>\n<\/span><\/p>","protected":false},"featured_media":14189,"comment_status":"open","ping_status":"closed","template":"","meta":{"_acf_changed":false},"product_brand":[],"product_cat":[53],"product_tag":[],"class_list":{"0":"post-14185","1":"product","2":"type-product","3":"status-publish","4":"has-post-thumbnail","6":"product_cat-water-sports","7":"wcpa_has_options","9":"first","10":"instock","11":"virtual","12":"purchasable","13":"product-type-simple"},"acf":[],"wcpa_form_fields":{"wcpaData":{"product":{"product_price":60,"price_html":"From&nbsp;<span class=\"woocommerce-Price-amount amount\"><bdi>60,00&nbsp;<span class=\"woocommerce-Price-currencySymbol\">&euro;<\/span><\/bdi><\/span>","original_product_price":60,"price_including_tax":60,"price_excluding_tax":60,"product_id":{"parent":14185,"variation":false},"is_variable":false,"stock_status":"instock","stock_quantity":null,"parent_sku":"CV14185","product_attributes":[],"custom_fields":[],"is_taxable":false,"product_name":"JetSki Circuit Tenerife","hasImage":false},"fields":{"sec_867f8e4dbaf8ed":{"extra":{"key":"sec_867f8e4dbaf8ed","section_id":"sec_867f8e4dbaf8ed","name":"Default","status":1,"cl_rule":"show","enableCl":false,"relations":[],"toggle":true,"title_tag":"h3","show_title":false,"showPrice":"default","form_id":14187,"form_rules":{"exclude_from_discount":true,"fee_label":"Fee","disp_hide_options_price":true,"disp_show_section_price":false,"disp_show_field_price":true,"layout_option":"standard","pric_use_as_fee":false,"process_fee_as":"woo_fee"},"layout_option":"standard"},"fields":[[{"label":"\ud83d\udcc5 Date","active":true,"required":true,"elementId":"date_1067f8e4dbaf91a","picker_type":"custom","picker_mode":"single","placeholder":"","description":"","tooltip":"","name":"date_1067f8e4dbaf91a","label_position":"default","desc_position":"default","enablePrice":false,"className":"","enableCl":false,"relations":[{"operator":"and","rules":[{"operator":"AND","rules":{"cl_field":"radio-group_667e15d3bd15b0","cl_relation":"is","cl_val":"3 Hour Trip"}}]}],"date_pic_inline":true,"date_pic_inline_hide":true,"min_date":{"type":"days","val":"0"},"max_date":{"type":"days","val":"365"},"date_pic_conf":{"disabledWeeks":[]},"price":"","cl_rule":"show","col":6,"type":"date","error":false,"enableDesign":false,"LabelColor":"","gt_translate_keys":["label","placeholder","description","tooltip"],"price_dependency":false,"cl_dependency":false,"value":""}],[{"active":true,"col":6,"relations":false,"cl_rule":"show","enableCl":false,"price":"","enablePrice":false,"className":"","label_position":"default","desc_position":"default","type":"select","required":false,"elementId":"select_067f8e4dbaf935","label":"\ud83d\udccd Departure Point","name":"select_067f8e4dbaf935","values":[{"label":"Puerto Col\u00f3n","value":"Puerto Col\u00f3n","selected":true,"tempId":"aco_841","gt_translate_keys":["label"]},{"label":"Troya Beach","value":"Troya Beach","selected":false,"tempId":"aco_481","gt_translate_keys":["label"]},{"label":"Fa\u00f1ab\u00e9 Beach","value":"Fa\u00f1ab\u00e9 Beach","selected":false,"tempId":"aco_482","gt_translate_keys":["label"]},{"label":"Torviscas Beach","value":"Torviscas Beach","selected":false,"tempId":"aco_515","gt_translate_keys":["label"]},{"label":"El Duque Beach","value":"El Duque Beach","selected":false,"tempId":"aco_678","gt_translate_keys":["label"]}],"dropdown_type":"basic","error":false,"gt_translate_keys":["label"],"price_dependency":false,"cl_dependency":false,"value":""}],[{"active":true,"col":6,"relations":[{"operator":false,"rules":[{"operator":"AND","rules":{"cl_field":"radio-group_667e15d3bd15b0","cl_relation":"is","cl_val":"3 Hour Trip"}}]}],"cl_rule":"show","enableCl":false,"price":"","enablePrice":false,"className":"","label_position":"default","desc_position":"default","type":"select","required":true,"elementId":"select_067f8e4dbaf94d","label":"\u23f0 Departure Time","name":"select_067f8e4dbaf94d","values":[{"label":"11:00","value":"11:00","selected":false,"tempId":"aco_281","gt_translate_keys":["label"]},{"label":"12:00","value":"12:00","selected":false,"tempId":"aco_381","gt_translate_keys":["label"]},{"label":"13:00","value":"13:00","selected":false,"tempId":"aco_1058","gt_translate_keys":["label"]},{"label":"15:00","value":"15:00","selected":false,"tempId":"aco_444","gt_translate_keys":["label"]},{"label":"16:00","value":"16:00","selected":false,"tempId":"aco_454","gt_translate_keys":["label"]}],"dropdown_type":"basic","error":false,"placeholder":"Select Departure Time","priceOptions":"different_for_all","pricingType":"custom","isTemplate":false,"is_show_price":true,"gt_translate_keys":["label","placeholder"],"price_dependency":false,"cl_dependency":false,"value":""}]]},"sec_767f8e4dbaf94e":{"extra":{"key":"sec_767f8e4dbaf94e","section_id":"sec_767f8e4dbaf94e","name":"20 min Circuit Puerto Col\u00f3n","status":1,"cl_rule":"show","enableCl":false,"relations":[{"operator":false,"rules":[{"operator":"AND","rules":{"cl_field":"radio-group_667e15d3bd15b0","cl_relation":"is","cl_val":"1 Hour Trip"}}]}],"toggle":true,"title_tag":"h4","show_title":false,"showPrice":"default","form_id":14187,"form_rules":{"exclude_from_discount":true,"fee_label":"Fee","disp_hide_options_price":true,"disp_show_section_price":false,"disp_show_field_price":true,"layout_option":"standard","pric_use_as_fee":false,"process_fee_as":"woo_fee"},"layout_option":"standard"},"fields":[[{"contentType":"rich","active":true,"label":"","elementId":"content_667f8e4dbaf968","value":"<p>\ud83c\udf9f\ufe0f <strong>Reservation<\/strong>: Pay only a deposit now to reserve; the rest is due on the day of the activity upon arrival.<\/p>","inline":true,"name":"content_667f8e4dbaf968","enablePrice":false,"className":"","subtype":"div","enableCl":false,"relations":false,"price":"","cl_rule":"show","col":6,"type":"content","error":false,"show_in_checkout":true,"enableDesign":true,"LabelSize":"14px","DescSize":"14px","gt_translate_keys":["label","value"],"price_dependency":false,"cl_dependency":false}],[{"active":true,"col":6,"relations":false,"cl_rule":"show","enableCl":false,"price":"","enablePrice":false,"className":"","label_position":"default","desc_position":"default","type":"content","required":false,"elementId":"content_567f8e4dbaf980","label":"Number of Jet Skis","name":"content_567f8e4dbaf980","contentType":"plain","value":"","error":false,"show_in_checkout":true,"inline":false,"gt_translate_keys":["label","value"],"price_dependency":false,"cl_dependency":false}],[{"active":true,"col":6,"relations":[{"operator":false,"rules":[{"operator":"AND","rules":{"cl_field":"","cl_relation":"","cl_val":""}}]}],"cl_rule":"show","enableCl":false,"price":"60","enablePrice":true,"className":"","label_position":"default","desc_position":"default","type":"radio-group","required":false,"elementId":"radio-group_667f8e4dbaf99e","label":"","name":"radio-group_667f8e4dbaf99e","values":[{"label":"\ud83d\udc64 Single JetSki (60\u20ac)","value":"Single JetSki","selected":true,"tempId":"aco_32","tooltip":"1 Person on the JetSki.","description":"","gt_translate_keys":["label","tooltip","description"]}],"layOut":"","error":false,"checkUi":"button","priceOptions":"fixed_for_all","pricingType":"fixed","enable_quantity":true,"quantity_label":"","min_quantity":"0","options_tooltip":true,"options_description":true,"is_show_price":true,"gt_translate_keys":["label","quantity_label"],"price_dependency":["content_467f8e4dbaf9f8","content_067f8e4dbafa11","content_467f8e4dbafa29"],"cl_dependency":false,"value":""}],[{"label":"","active":true,"required":false,"elementId":"radio-group_367f8e4dbaf9bb","name":"radio-group_367f8e4dbaf9bb","label_position":"default","desc_position":"default","enablePrice":true,"className":"","enableCl":false,"relations":false,"enable_quantity":true,"quantity_label":"","min_quantity":"0","checkUi":"button","layOut":"","values":[{"label":"\ud83d\udc65 Double JetSki (70\u20ac)","value":"Double JetSki","selected":true,"tempId":"aco_32","tooltip":"2 People on the same JetSki.","description":"","gt_translate_keys":["label","tooltip","description"]}],"priceOptions":"fixed_for_all","pricingType":"fixed","price":"70","cl_rule":"show","col":6,"type":"radio-group","error":false,"options_tooltip":true,"options_description":true,"is_show_price":true,"quantity_decimal":false,"quantity_step":"1","gt_translate_keys":["label","quantity_label"],"price_dependency":["content_467f8e4dbaf9f8","content_067f8e4dbafa11","content_467f8e4dbafa29"],"cl_dependency":false,"value":""}],[{"elementId":"separator_367f8e4dbaf9d6","separatorType":"fill","separatorColor":"#66a6b6","className":"","height":"3","enableCl":false,"relations":false,"cl_rule":"show","col":6,"type":"separator","gt_translate_keys":[],"price_dependency":false,"cl_dependency":false,"value":""}],[{"active":true,"col":6,"relations":false,"cl_rule":"show","enableCl":false,"price":"({field.radio-group_667f8e4dbaf99e.price}*0.30) + ({field.radio-group_367f8e4dbaf9bb.price}*0.30)","enablePrice":true,"className":"","label_position":"default","desc_position":"default","type":"content","required":false,"elementId":"content_467f8e4dbaf9f8","label":"Deposit Now","name":"content_467f8e4dbaf9f8","contentType":"plain","value":"","error":false,"pricingType":"custom","isTemplate":false,"is_show_price":false,"enableDesign":true,"scrollBar":false,"use_as_fee":false,"fee_label":"","inline":true,"show_in_checkout":true,"subtype":"div","LabelSize":"14px","LabelColor":"","gt_translate_keys":["label","value"],"price_dependency":false,"cl_dependency":false}],[{"contentType":"plain","active":true,"label":"Payment at Arrival","elementId":"content_067f8e4dbafa11","value":"","inline":true,"show_in_checkout":true,"name":"content_067f8e4dbafa11","enablePrice":true,"className":"","fee_label":"","subtype":"div","enableCl":false,"relations":[{"operator":false,"rules":[{"operator":"AND","rules":{"cl_field":"content_467f8e4dbaf9f8","cl_relation":"is_not_empty","cl_val":""}}]}],"scrollBar":false,"enableDesign":true,"pricingType":"custom","isTemplate":false,"price":"({field.radio-group_667f8e4dbaf99e.price}*0.70) + ({field.radio-group_367f8e4dbaf9bb.price}*0.70)","use_as_fee":false,"is_show_price":true,"cl_rule":"disable","col":6,"type":"content","error":false,"LabelSize":"14px","LabelColor":"","gt_translate_keys":["label","value"],"price_dependency":false,"cl_dependency":false}],[{"contentType":"plain","active":true,"label":"Total Amount","elementId":"content_467f8e4dbafa29","value":"","inline":true,"show_in_checkout":true,"name":"content_467f8e4dbafa29","enablePrice":true,"className":"","fee_label":"","subtype":"div","enableCl":false,"relations":[{"operator":false,"rules":[{"operator":"AND","rules":{"cl_field":"content_467f8e4dbaf9f8","cl_relation":"is_not_empty","cl_val":""}}]}],"scrollBar":false,"enableDesign":true,"LabelColor":"","LabelSize":"14px","pricingType":"custom","isTemplate":false,"price":"({field.radio-group_667f8e4dbaf99e.price}) + ({field.radio-group_367f8e4dbaf9bb.price})","use_as_fee":false,"is_show_price":true,"cl_rule":"disable","col":6,"type":"content","error":false,"gt_translate_keys":["label","value"],"price_dependency":false,"cl_dependency":false}]]},"sec_367f8e4dbafa2b":{"extra":{"key":"sec_367f8e4dbafa2b","section_id":"sec_367f8e4dbafa2b","name":"Pickup Location","status":1,"cl_rule":"show","enableCl":true,"relations":[{"operator":false,"rules":[{"operator":"AND","rules":{"cl_field":"radio-group_667e15d3bd15b0","cl_relation":"is_not","cl_val":"2.5 Hour Trip"}}]}],"toggle":true,"title_tag":"h4","show_title":false,"showPrice":"default","form_id":14187,"form_rules":{"exclude_from_discount":true,"fee_label":"Fee","disp_hide_options_price":true,"disp_show_section_price":false,"disp_show_field_price":true,"layout_option":"standard","pric_use_as_fee":false,"process_fee_as":"woo_fee"},"layout_option":"standard"},"fields":[[{"active":true,"col":6,"relations":false,"cl_rule":"show","enableCl":false,"price":"","enablePrice":false,"className":"","label_position":"default","desc_position":"default","type":"separator","required":false,"elementId":"separator_367f8e4dbafa53","label":"Separator Field","height":"1","separatorType":"blank","error":false,"gt_translate_keys":["label"],"price_dependency":false,"cl_dependency":false,"value":""}],[{"active":true,"col":6,"relations":[{"operator":false,"rules":[{"operator":false,"rules":{"cl_field":"radio-group_667e15d3bd15b0","cl_relation":"is_not","cl_val":"4.5 Hour Trip from North Tenerife"}}]}],"cl_rule":"show","enableCl":false,"price":"","enablePrice":false,"className":"","label_position":"default","desc_position":"default","type":"text","subtype":"text","required":false,"elementId":"text_867f8e4dbafa67","label":"\ud83d\ude8c Pickup Location","name":"text_867f8e4dbafa67","value":"","error":false,"description":"Pick-up service in some locations. Simply provide your address or hotel name. (+2\u20ac\/person paid at pickup to the driver)","repeater":false,"repeater_field_label":"{field_label}","repeater_bind":"","gt_translate_keys":["label","description","value","repeater_field_label"],"price_dependency":false,"cl_dependency":false}]]}},"config":{"price_override":"always","enable_recaptcha":false,"bind_quantity":false,"quantity_bind_formula":false,"disp_summ_show_option_price":true,"disp_summ_show_product_price":false,"disp_summ_show_total_price":false,"disp_summ_show_fee":true,"disp_summ_show_discount":true,"summary_title":"","options_total_label":"Options Price","total_label":"Deposit Amount","options_product_label":"Product Price","fee_label":"Fee","discount_label":"Discount","has_price":true,"has_quantity_formula":false},"mc_unit":1,"tax_rate":1,"tax_rate_real":1,"discount":{"percentage":0,"fixed":0},"design":{"conf":{"LabelPosition":"above","DescPosition":"above","UploadField":"custom_1","QuantityFieldStyle":"custom_1"},"css":{"LeftLabelWidth":"120px"}},"formulas":[],"lookuptables":[],"clones":false,"cartKey":false}},"_links":{"self":[{"href":"https:\/\/canaryvip.com\/ro\/wp-json\/wp\/v2\/product\/14185","targetHints":{"allow":["GET"]}}],"collection":[{"href":"https:\/\/canaryvip.com\/ro\/wp-json\/wp\/v2\/product"}],"about":[{"href":"https:\/\/canaryvip.com\/ro\/wp-json\/wp\/v2\/types\/product"}],"replies":[{"embeddable":true,"href":"https:\/\/canaryvip.com\/ro\/wp-json\/wp\/v2\/comments?post=14185"}],"wp:featuredmedia":[{"embeddable":true,"href":"https:\/\/canaryvip.com\/ro\/wp-json\/wp\/v2\/media\/14189"}],"wp:attachment":[{"href":"https:\/\/canaryvip.com\/ro\/wp-json\/wp\/v2\/media?parent=14185"}],"wp:term":[{"taxonomy":"product_brand","embeddable":true,"href":"https:\/\/canaryvip.com\/ro\/wp-json\/wp\/v2\/product_brand?post=14185"},{"taxonomy":"product_cat","embeddable":true,"href":"https:\/\/canaryvip.com\/ro\/wp-json\/wp\/v2\/product_cat?post=14185"},{"taxonomy":"product_tag","embeddable":true,"href":"https:\/\/canaryvip.com\/ro\/wp-json\/wp\/v2\/product_tag?post=14185"}],"curies":[{"name":"wp","href":"https:\/\/api.w.org\/{rel}","templated":true}]}}