{"id":14051,"date":"2025-03-24T11:55:25","date_gmt":"2025-03-24T11:55:25","guid":{"rendered":"https:\/\/canaryvip.com\/?post_type=product&#038;p=14051"},"modified":"2025-08-09T13:55:58","modified_gmt":"2025-08-09T12:55:58","slug":"jetski-gran-canaria-tour","status":"publish","type":"product","link":"https:\/\/canaryvip.com\/ro\/shop\/jetski-gran-canaria-tour\/","title":{"rendered":"JetSki Gran Canaria Tour"},"content":{"rendered":"<h2>\ud83c\udf0a JetSki Gran Canaria Safari Tour<\/h2>\n<p>Preg\u0103ti\u021bi-v\u0103 pentru o aventur\u0103 oceanic\u0103 unic\u0103, cu excitantul nostru <strong>jetski Gran Canaria<\/strong> experien\u021b\u0103. Acest tur ghidat de 1 or\u0103 pleac\u0103 de la <a href=\"https:\/\/maps.app.goo.gl\/wvmuLbrgqyykEXRA9\" target=\"_blank\" rel=\"noopener\">Playa de Mog\u00e1n<\/a> sau <a href=\"https:\/\/maps.app.goo.gl\/qQX9BVijLLwy2Ldn9\" target=\"_blank\" rel=\"noopener\">Playa de Taurito<\/a> \u0219i v\u0103 duce de-a lungul unora dintre cele mai spectaculoase peisaje de coast\u0103 din sudul insulei. Nu este nevoie de experien\u021b\u0103 anterioar\u0103 - aduce\u021bi-v\u0103 doar energia, iar noi ne ocup\u0103m de restul!<\/p>\n<h3>\u23f1\ufe0f Jetski Safari de 1 or\u0103: Vitez\u0103, natur\u0103 \u0219i priveli\u0219ti de neuitat<\/h3>\n<ul>\n<li><strong>Traseu pitoresc:<\/strong> Plimba\u021bi-v\u0103 cu propriul jetski de-a lungul st\u00e2ncilor vulcanice impun\u0103toare \u0219i explora\u021bi pe\u0219teri marine naturale precum cele din Tasartico (dac\u0103 condi\u021biile m\u0103rii permit), merg\u00e2nd p\u00e2n\u0103 la plaja Tasarte.<\/li>\n<li><strong>Observarea vie\u021bii marine:<\/strong> \u021aestoasele, pe\u0219tii zbur\u0103tori \u0219i chiar delfinii sunt v\u0103zu\u021bi frecvent pe acest traseu - ceea ce \u00eel face mai mult dec\u00e2t o simpl\u0103 plimbare palpitant\u0103.<\/li>\n<li><strong>Distrac\u021bie \u0219i siguran\u021b\u0103 pentru to\u021bi:<\/strong> Nu este nevoie de permis sau experien\u021b\u0103. C\u0103l\u0103re\u021bii trebuie s\u0103 aib\u0103 peste 16 ani pentru a conduce singuri. \u0218oferii cu v\u00e2rsta cuprins\u0103 \u00eentre 16 \u0219i 17 ani au nevoie de un consim\u021b\u0103m\u00e2nt parental semnat \u0219i de un act de identitate valabil.<\/li>\n<\/ul>\n<h3>\ud83d\udcf8 Amintiri foto de p\u0103strat pentru totdeauna<\/h3>\n<p>Ghidul dvs. va face fotografii de ac\u021biune \u00een timpul plimb\u0103rii. Dac\u0103 dori\u021bi, le pute\u021bi achizi\u021biona dup\u0103 tur - o modalitate perfect\u0103 de a v\u0103 aminti <strong>jetski safari Gran Canaria<\/strong>.<\/p>\n<h3>\u2705 Ce este inclus \u00een experien\u021ba Jetski Gran Canaria<\/h3>\n<ul>\n<li>1 or\u0103 <strong>jetski safari Gran Canaria<\/strong> cu un ghid profesionist<\/li>\n<li>Instruc\u021biuni simple privind siguran\u021ba \u0219i func\u021bionarea jetski-ului<\/li>\n<li>Jet ski-uri de calitate superioar\u0103 \u0219i veste de salvare<\/li>\n<li>Asigurare complet\u0103 inclus\u0103<\/li>\n<li>Utilizarea gratuit\u0103 a dulapurilor pentru obiectele personale<\/li>\n<li>Serviciu foto profesional op\u021bional (disponibil pentru achizi\u021bionare dup\u0103 activitate)<\/li>\n<\/ul>\n<h3>\ud83c\udf26\ufe0f Important: Condi\u021bii meteorologice<\/h3>\n<p>Activitatea este supus\u0103 condi\u021biilor maritime \u0219i meteorologice. \u00cen caz de mare agitat\u0103 sau vreme rea, turul poate fi reprogramat pentru siguran\u021ba dumneavoastr\u0103.<\/p>\n<h3>\u2696\ufe0f Politica de Anulare<\/h3>\n<p>Planurile se schimb\u0103 - \u00een\u021belegem. De aceea, oferim o politic\u0103 de anulare corect\u0103 \u0219i transparent\u0103:<\/p>\n<ul>\n<li><strong>Cu mai mult de 48 de ore \u00een avans:<\/strong> Rambursarea integral\u0103 a pl\u0103\u021bii efectuate.<\/li>\n<li><strong>\u00centre 24 \u0219i 48 de ore \u00eenainte de activitate:<\/strong> 30% tax\u0103 de anulare.<\/li>\n<li><strong>Mai pu\u021bin de 24 de ore sau neprezentare:<\/strong> Nu va fi acordat\u0103 nicio rambursare.<\/li>\n<\/ul>\n<p>V\u0103 recomand\u0103m s\u0103 rezerva\u021bi din timp \u0219i s\u0103 ne anun\u021ba\u021bi c\u00e2t mai cur\u00e2nd posibil dac\u0103 trebuie s\u0103 face\u021bi modific\u0103ri la rezervare.<\/p>\n<h3>\ud83e\uddf3 Ce trebuie s\u0103 aduce\u021bi \u0219i s\u0103 \u0219ti\u021bi \u00eenainte de plecare<\/h3>\n<ul>\n<li><strong>Aduce\u021bi cu dvs:<\/strong> Costumul de baie, prosopul \u0219i crema de protec\u021bie solar\u0103 sunt obligatorii. Un aparat foto rezistent la ap\u0103 este excelent dac\u0103 dori\u021bi s\u0103 v\u0103 face\u021bi propriile fotografii!<\/li>\n<li><strong>Op\u021biuni de confort:<\/strong> Costumele de neoprenare sunt disponibile dac\u0103 dori\u021bi protec\u021bie suplimentar\u0103, sau nu ezita\u021bi s\u0103 c\u0103l\u0103tori\u021bi \u00een costum de baie.<\/li>\n<li><strong>\u00cenc\u0103l\u021b\u0103minte:<\/strong> V\u0103 vom depozita \u00een siguran\u021b\u0103 pantofii \u00een timp ce sunte\u021bi pe ap\u0103.<\/li>\n<\/ul>\n<h3>\ud83c\udf1f De ce s\u0103 rezerva\u021bi cu CanaryVIP?<\/h3>\n<p>La <strong>CanaryVIP,<\/strong>\u00a0lucr\u0103m cu cei mai de \u00eencredere \u0219i experimenta\u021bi parteneri locali din Insulele Canare pentru a v\u0103 oferi experien\u021be sigure, de \u00eenalt\u0103 calitate. Aceasta <strong>jetski Gran Canaria<\/strong> turul este operat de un furnizor local certificat, selectat cu aten\u021bie pentru a v\u0103 asigura c\u0103 ve\u021bi profita la maximum de aventura dumneavoastr\u0103.<\/p>\n<h3>\u26f5 C\u0103uta\u021bi o experien\u021b\u0103 maritim\u0103 mai exclusivist\u0103?<\/h3>\n<p>Dori\u021bi s\u0103 v\u0103 duce\u021bi ziua pe ocean la nivelul urm\u0103tor? Check out nostru <a href=\"https:\/\/canaryvip.com\/ro\/gran-canaria\/boat-hire-gran-canaria\/\" target=\"_blank\" rel=\"noopener\"><strong>\u00eenchiriere barc\u0103 privat\u0103 Gran Canaria<\/strong><\/a> \u0219i <strong>\u00eenchiriere iahturi<\/strong> op\u021biuni - ideale pentru cupluri, familii \u0219i grupuri care doresc ceva mai personal \u0219i luxos.<\/p>\n<ul>\n<li><strong>\u00cenchiriere de b\u0103rci private:<\/strong> Explora\u021bi plaje ascunse \u0219i \u00eenota\u021bi \u00een ape cristaline cu propria barc\u0103 \u0219i propriul skipper.<\/li>\n<li><strong>Yacht de lux Hire:<\/strong> Bucura\u021bi-v\u0103 de servicii premium la bord, b\u0103uturi, gust\u0103ri \u0219i relaxare total\u0103 \u00een stil.<\/li>\n<li><strong>Evenimente speciale:<\/strong> S\u0103rb\u0103tori\u021bi zile de na\u0219tere, cereri \u00een c\u0103s\u0103torie sau pur \u0219i simplu bucura\u021bi-v\u0103 de o zi unic\u0103 pe mare al\u0103turi de cei dragi.<\/li>\n<\/ul>\n<p>Oricare ar fi vibra\u021bia ta, <strong>CanaryVIP<\/strong> are barca perfect\u0103 pentru ziua dvs. de neuitat pe Atlantic.<\/p>\n<h3>\ud83c\udf1e E\u0219ti gata s\u0103 c\u0103l\u0103re\u0219ti?<\/h3>\n<p>Nu rata\u021bi \u0219ansa de a experimenta emo\u021bia <strong>jetski safari Gran Canaria<\/strong> \u0219i descoperi\u021bi coasta dintr-o perspectiv\u0103 complet nou\u0103. <strong>Rezerva\u021bi acum cu <a href=\"https:\/\/canaryvip.com\/ro\/\" target=\"_blank\" rel=\"noopener\">CanaryVIP<\/a><\/strong> \u0219i s\u0103 v\u0103 face\u021bi timpul petrecut \u00een Gran Canaria absolut de neuitat. \ud83c\udf0a\ud83d\udca8<\/p>","protected":false},"excerpt":{"rendered":"<p><strong>\ud83d\udd0d JetSki Gran Canaria:<\/strong><br \/>\n\u2705 Plat\u0103 sigur\u0103.<br \/>\n\ud83c\udf1f Experien\u021b\u0103 de neuitat.<br \/>\n\ud83d\ude80 Tururi de 1 or\u0103.<br \/>\n\ud83d\udcc6 Tururi zilnice.<br \/>\n\ud83d\udd59 Cadre temporale multiple.<br \/>\n\ud83d\udc66 +7 Ani se poate \u00eenscrie.<br \/>\n\ud83d\udc64 +16 Ani pot merge.<br \/>\n\ud83e\udd11 Cel mai bun pre\u021b garantat.<br \/>\n\ud83d\ude8d Serviciu de transfer disponibil.<br \/>\n\ud83d\udc6a Reduceri activate.<br \/>\n\ud83d\udd01 P\u00e2n\u0103 la 48 de ore Anulare.<br \/>\n\ud83c\udf0d Ghiduri multilingve.<br \/>\n\ud83c\udf1f Rezerva\u021bi acum \u0219i economisi\u021bi!<br \/>\n\ud83d\udccd De la Mog\u00e1n &amp; Taurito.<\/p>","protected":false},"featured_media":14054,"comment_status":"open","ping_status":"closed","template":"","meta":{"_acf_changed":false},"product_brand":[],"product_cat":[135],"product_tag":[],"class_list":{"0":"post-14051","1":"product","2":"type-product","3":"status-publish","4":"has-post-thumbnail","6":"product_cat-watersports","7":"wcpa_has_options","9":"first","10":"instock","11":"virtual","12":"purchasable","13":"product-type-simple"},"acf":[],"wcpa_form_fields":{"wcpaData":{"product":{"product_price":130,"price_html":"From&nbsp;<span class=\"woocommerce-Price-amount amount\"><bdi>130,00&nbsp;<span class=\"woocommerce-Price-currencySymbol\">&euro;<\/span><\/bdi><\/span>","original_product_price":130,"price_including_tax":130,"price_excluding_tax":130,"product_id":{"parent":14051,"variation":false},"is_variable":false,"stock_status":"instock","stock_quantity":null,"parent_sku":"CV14051","product_attributes":[],"custom_fields":[],"is_taxable":false,"product_name":"JetSki Gran Canaria Tour","hasImage":false},"fields":{"sec_1067e15d3bd1502":{"extra":{"key":"sec_1067e15d3bd1502","section_id":"sec_1067e15d3bd1502","name":"Default","status":1,"cl_rule":"show","enableCl":false,"relations":[],"toggle":true,"title_tag":"h3","show_title":false,"showPrice":"default","form_id":14059,"form_rules":{"exclude_from_discount":true,"fee_label":"Fee","disp_hide_options_price":true,"disp_show_section_price":false,"disp_show_field_price":true,"layout_option":"standard","pric_use_as_fee":false,"process_fee_as":"woo_fee"},"layout_option":"standard"},"fields":[[{"label":"\ud83d\udcc5 Date","active":true,"required":true,"elementId":"date_267e15d3bd1546","picker_type":"custom","picker_mode":"single","placeholder":"","description":"","tooltip":"","name":"date_267e15d3bd1546","label_position":"default","desc_position":"default","enablePrice":false,"className":"","enableCl":false,"relations":[{"operator":"and","rules":[{"operator":"AND","rules":{"cl_field":"radio-group_667e15d3bd15b0","cl_relation":"is","cl_val":"3 Hour Trip"}}]}],"date_pic_inline":true,"date_pic_inline_hide":true,"min_date":{"type":"days","val":"0"},"max_date":{"type":"days","val":"365"},"date_pic_conf":{"disabledWeeks":[]},"price":"","cl_rule":"show","col":6,"type":"date","error":false,"enableDesign":false,"LabelColor":"","gt_translate_keys":["label","placeholder","description","tooltip"],"price_dependency":false,"cl_dependency":false,"value":""}],[{"active":true,"col":6,"relations":false,"cl_rule":"show","enableCl":false,"price":"","enablePrice":false,"className":"","label_position":"default","desc_position":"default","type":"select","required":false,"elementId":"select_167e15d3bd155d","label":"\ud83d\udccd Departure Point","name":"select_167e15d3bd155d","values":[{"label":"Mog\u00e1n Beach","value":"Mogan","selected":false,"tempId":"aco_481","gt_translate_keys":["label"]},{"label":"Taurito Beach","value":"Taurito","selected":false,"tempId":"aco_482","gt_translate_keys":["label"]}],"dropdown_type":"basic","error":false,"gt_translate_keys":["label"],"price_dependency":false,"cl_dependency":false,"value":""}],[{"active":true,"col":6,"relations":[{"operator":false,"rules":[{"operator":"AND","rules":{"cl_field":"radio-group_667e15d3bd15b0","cl_relation":"is","cl_val":"3 Hour Trip"}}]}],"cl_rule":"show","enableCl":false,"price":"","enablePrice":false,"className":"","label_position":"default","desc_position":"default","type":"select","required":true,"elementId":"select_867e15d3bd1593","label":"\u23f0 Departure Time","name":"select_867e15d3bd1593","values":[{"label":"9:00","value":"9:00","selected":false,"tempId":"aco_1450","gt_translate_keys":["label"]},{"label":"10:00","value":"10:00","selected":false,"tempId":"aco_37","gt_translate_keys":["label"]},{"label":"11:00","value":"11:00","selected":false,"tempId":"aco_281","gt_translate_keys":["label"]},{"label":"12:00","value":"12:00","selected":false,"tempId":"aco_381","gt_translate_keys":["label"]},{"label":"15:00","value":"15:00","selected":false,"tempId":"aco_444","gt_translate_keys":["label"]},{"label":"16:15","value":"16:15","selected":false,"tempId":"aco_454","gt_translate_keys":["label"]}],"dropdown_type":"basic","error":false,"placeholder":"Select Departure Time","priceOptions":"different_for_all","pricingType":"custom","isTemplate":false,"is_show_price":true,"gt_translate_keys":["label","placeholder"],"price_dependency":false,"cl_dependency":false,"value":""}]]},"sec_367e15d3bd15b1":{"extra":{"key":"sec_367e15d3bd15b1","section_id":"sec_367e15d3bd15b1","name":"1H Tour Gran Canaria","status":1,"cl_rule":"show","enableCl":false,"relations":[{"operator":false,"rules":[{"operator":"AND","rules":{"cl_field":"radio-group_667e15d3bd15b0","cl_relation":"is","cl_val":"1 Hour Trip"}}]}],"toggle":true,"title_tag":"h4","show_title":false,"showPrice":"default","form_id":14059,"form_rules":{"exclude_from_discount":true,"fee_label":"Fee","disp_hide_options_price":true,"disp_show_section_price":false,"disp_show_field_price":true,"layout_option":"standard","pric_use_as_fee":false,"process_fee_as":"woo_fee"},"layout_option":"standard"},"fields":[[{"contentType":"rich","active":true,"label":"","elementId":"content_967e15d3bd15e4","value":"<p>\ud83c\udf9f\ufe0f <strong>Reservation<\/strong>: Pay only a deposit now to reserve; the rest is due on the day of the activity upon arrival.<\/p>","inline":true,"name":"content_967e15d3bd15e4","enablePrice":false,"className":"","subtype":"div","enableCl":false,"relations":false,"price":"","cl_rule":"show","col":6,"type":"content","error":false,"show_in_checkout":true,"enableDesign":true,"LabelSize":"14px","DescSize":"14px","gt_translate_keys":["label","value"],"price_dependency":false,"cl_dependency":false}],[{"active":true,"col":6,"relations":false,"cl_rule":"show","enableCl":false,"price":"","enablePrice":false,"className":"","label_position":"default","desc_position":"default","type":"content","required":false,"elementId":"content_167e15d3bd15fc","label":"Number of Jet Skis for 1 Hour","name":"content_167e15d3bd15fc","contentType":"plain","value":"","error":false,"show_in_checkout":true,"inline":false,"gt_translate_keys":["label","value"],"price_dependency":false,"cl_dependency":false}],[{"active":true,"col":6,"relations":[{"operator":false,"rules":[{"operator":"AND","rules":{"cl_field":"","cl_relation":"","cl_val":""}}]}],"cl_rule":"show","enableCl":false,"price":"130","enablePrice":true,"className":"","label_position":"default","desc_position":"default","type":"radio-group","required":false,"elementId":"radio-group_967e15d3bd1618","label":"","name":"radio-group_967e15d3bd1618","values":[{"label":"\ud83d\udc64 Single JetSki (130\u20ac)","value":"Single JetSki","selected":true,"tempId":"aco_32","tooltip":"1 Person on the JetSki.","description":"","gt_translate_keys":["label","tooltip","description"]}],"layOut":"","error":false,"checkUi":"button","priceOptions":"fixed_for_all","pricingType":"fixed","enable_quantity":true,"quantity_label":"","min_quantity":"0","options_tooltip":true,"options_description":true,"is_show_price":true,"gt_translate_keys":["label","quantity_label"],"price_dependency":["content_167e15d3bd1666","content_267e15d3bd167e","content_667e15d3bd1696"],"cl_dependency":false,"value":""}],[{"label":"","active":true,"required":false,"elementId":"radio-group_067e15d3bd1635","name":"radio-group_067e15d3bd1635","label_position":"default","desc_position":"default","enablePrice":true,"className":"","enableCl":false,"relations":false,"enable_quantity":true,"quantity_label":"","min_quantity":"0","checkUi":"button","layOut":"","values":[{"label":"\ud83d\udc65 Double JetSki (150\u20ac)","value":"Double JetSki","selected":true,"tempId":"aco_32","tooltip":"2 People on the same JetSki.","description":"","gt_translate_keys":["label","tooltip","description"]}],"priceOptions":"fixed_for_all","pricingType":"fixed","price":"150","cl_rule":"show","col":6,"type":"radio-group","error":false,"options_tooltip":true,"options_description":true,"is_show_price":true,"quantity_decimal":false,"quantity_step":"1","gt_translate_keys":["label","quantity_label"],"price_dependency":["content_167e15d3bd1666","content_267e15d3bd167e","content_667e15d3bd1696"],"cl_dependency":false,"value":""}],[{"elementId":"separator_767e15d3bd164f","separatorType":"fill","separatorColor":"#66a6b6","className":"","height":"3","enableCl":false,"relations":false,"cl_rule":"show","col":6,"type":"separator","gt_translate_keys":[],"price_dependency":false,"cl_dependency":false,"value":""}],[{"active":true,"col":6,"relations":false,"cl_rule":"show","enableCl":false,"price":"({field.radio-group_967e15d3bd1618.price}*0.30) + ({field.radio-group_067e15d3bd1635.price}*0.30)","enablePrice":true,"className":"","label_position":"default","desc_position":"default","type":"content","required":false,"elementId":"content_167e15d3bd1666","label":"Deposit Now","name":"content_167e15d3bd1666","contentType":"plain","value":"","error":false,"pricingType":"custom","isTemplate":false,"is_show_price":false,"enableDesign":true,"scrollBar":false,"use_as_fee":false,"fee_label":"","inline":true,"show_in_checkout":true,"subtype":"div","LabelSize":"14px","LabelColor":"","gt_translate_keys":["label","value"],"price_dependency":false,"cl_dependency":false}],[{"contentType":"plain","active":true,"label":"Payment at Arrival","elementId":"content_267e15d3bd167e","value":"","inline":true,"show_in_checkout":true,"name":"content_267e15d3bd167e","enablePrice":true,"className":"","fee_label":"","subtype":"div","enableCl":false,"relations":[{"operator":false,"rules":[{"operator":"AND","rules":{"cl_field":"content_167e15d3bd1666","cl_relation":"is_not_empty","cl_val":""}}]}],"scrollBar":false,"enableDesign":true,"pricingType":"custom","isTemplate":false,"price":"({field.radio-group_967e15d3bd1618.price}*0.70) + ({field.radio-group_067e15d3bd1635.price}*0.70)","use_as_fee":false,"is_show_price":true,"cl_rule":"disable","col":6,"type":"content","error":false,"LabelSize":"14px","LabelColor":"","gt_translate_keys":["label","value"],"price_dependency":false,"cl_dependency":false}],[{"contentType":"plain","active":true,"label":"Total Amount","elementId":"content_667e15d3bd1696","value":"","inline":true,"show_in_checkout":true,"name":"content_667e15d3bd1696","enablePrice":true,"className":"","fee_label":"","subtype":"div","enableCl":false,"relations":[{"operator":false,"rules":[{"operator":"AND","rules":{"cl_field":"content_167e15d3bd1666","cl_relation":"is_not_empty","cl_val":""}}]}],"scrollBar":false,"enableDesign":true,"LabelColor":"","LabelSize":"14px","pricingType":"custom","isTemplate":false,"price":"({field.radio-group_967e15d3bd1618.price}) + ({field.radio-group_067e15d3bd1635.price})","use_as_fee":false,"is_show_price":true,"cl_rule":"disable","col":6,"type":"content","error":false,"gt_translate_keys":["label","value"],"price_dependency":false,"cl_dependency":false}]]},"sec_567e15d3bd1860":{"extra":{"key":"sec_567e15d3bd1860","section_id":"sec_567e15d3bd1860","name":"Pickup Location","status":1,"cl_rule":"show","enableCl":true,"relations":[{"operator":false,"rules":[{"operator":"AND","rules":{"cl_field":"radio-group_667e15d3bd15b0","cl_relation":"is_not","cl_val":"2.5 Hour Trip"}}]}],"toggle":true,"title_tag":"h4","show_title":false,"showPrice":"default","form_id":14059,"form_rules":{"exclude_from_discount":true,"fee_label":"Fee","disp_hide_options_price":true,"disp_show_section_price":false,"disp_show_field_price":true,"layout_option":"standard","pric_use_as_fee":false,"process_fee_as":"woo_fee"},"layout_option":"standard"},"fields":[[{"active":true,"col":6,"relations":false,"cl_rule":"show","enableCl":false,"price":"","enablePrice":false,"className":"","label_position":"default","desc_position":"default","type":"separator","required":false,"elementId":"separator_267e15d3bd187a","label":"Separator Field","height":"1","separatorType":"blank","error":false,"gt_translate_keys":["label"],"price_dependency":false,"cl_dependency":false,"value":""}],[{"active":true,"col":6,"relations":[{"operator":false,"rules":[{"operator":false,"rules":{"cl_field":"radio-group_667e15d3bd15b0","cl_relation":"is_not","cl_val":"4.5 Hour Trip from North Tenerife"}}]}],"cl_rule":"show","enableCl":false,"price":"","enablePrice":false,"className":"","label_position":"default","desc_position":"default","type":"text","subtype":"text","required":false,"elementId":"text_967e15d3bd188f","label":"\ud83d\ude8c Pickup Location","name":"text_967e15d3bd188f","value":"","error":false,"description":"Pick-up service in some locations. Simply provide your address or hotel name. (+2\u20ac\/person paid at pickup to the driver)","repeater":false,"repeater_field_label":"{field_label}","repeater_bind":"","gt_translate_keys":["label","description","value","repeater_field_label"],"price_dependency":false,"cl_dependency":false}]]}},"config":{"price_override":"always","enable_recaptcha":false,"bind_quantity":false,"quantity_bind_formula":false,"disp_summ_show_option_price":true,"disp_summ_show_product_price":false,"disp_summ_show_total_price":false,"disp_summ_show_fee":true,"disp_summ_show_discount":true,"summary_title":"","options_total_label":"Options Price","total_label":"Deposit Amount","options_product_label":"Product Price","fee_label":"Fee","discount_label":"Discount","has_price":true,"has_quantity_formula":false},"mc_unit":1,"tax_rate":1,"tax_rate_real":1,"discount":{"percentage":0,"fixed":0},"design":{"conf":{"LabelPosition":"above","DescPosition":"above","UploadField":"custom_1","QuantityFieldStyle":"custom_1"},"css":{"LeftLabelWidth":"120px"}},"formulas":[],"lookuptables":[],"clones":false,"cartKey":false}},"_links":{"self":[{"href":"https:\/\/canaryvip.com\/ro\/wp-json\/wp\/v2\/product\/14051","targetHints":{"allow":["GET"]}}],"collection":[{"href":"https:\/\/canaryvip.com\/ro\/wp-json\/wp\/v2\/product"}],"about":[{"href":"https:\/\/canaryvip.com\/ro\/wp-json\/wp\/v2\/types\/product"}],"replies":[{"embeddable":true,"href":"https:\/\/canaryvip.com\/ro\/wp-json\/wp\/v2\/comments?post=14051"}],"wp:featuredmedia":[{"embeddable":true,"href":"https:\/\/canaryvip.com\/ro\/wp-json\/wp\/v2\/media\/14054"}],"wp:attachment":[{"href":"https:\/\/canaryvip.com\/ro\/wp-json\/wp\/v2\/media?parent=14051"}],"wp:term":[{"taxonomy":"product_brand","embeddable":true,"href":"https:\/\/canaryvip.com\/ro\/wp-json\/wp\/v2\/product_brand?post=14051"},{"taxonomy":"product_cat","embeddable":true,"href":"https:\/\/canaryvip.com\/ro\/wp-json\/wp\/v2\/product_cat?post=14051"},{"taxonomy":"product_tag","embeddable":true,"href":"https:\/\/canaryvip.com\/ro\/wp-json\/wp\/v2\/product_tag?post=14051"}],"curies":[{"name":"wp","href":"https:\/\/api.w.org\/{rel}","templated":true}]}}