{"id":13568,"date":"2025-01-14T17:37:29","date_gmt":"2025-01-14T17:37:29","guid":{"rendered":"https:\/\/canaryvip.com\/?post_type=product&#038;p=13568"},"modified":"2026-02-06T11:13:54","modified_gmt":"2026-02-06T11:13:54","slug":"peter-pan-pirate-ship-tenerife","status":"publish","type":"product","link":"https:\/\/canaryvip.com\/ro\/shop\/peter-pan-pirate-ship-tenerife\/","title":{"rendered":"Peter Pan nav\u0103 pirat Tenerife"},"content":{"rendered":"<section class=\"l-section wpb_row height_medium\"><div class=\"l-section-h i-cf\"><div class=\"g-cols vc_row via_flex valign_top type_default stacking_default\"><div class=\"vc_col-sm-12 wpb_column vc_column_container\"><div class=\"vc_column-inner\"><div class=\"wpb_wrapper\"><div class=\"wpb_text_column\"><div class=\"wpb_wrapper\"><h2>\ud83d\udea2 Descoperi\u021bi nava pirat Peter Pan<\/h2>\n<p class=\"translation-block\">C\u0103uta\u021bi un alt tip de <strong>excursie cu barca \u00een Tenerife<\/strong>? Urca\u021bi la bordul <strong>Peter Pan Pirate Ship<\/strong>, o goelet\u0103 portughez\u0103 autentic\u0103 plin\u0103 de farmec \u0219i aventur\u0103. Fie c\u0103 c\u0103l\u0103tori\u021bi cu familia, prietenii sau partenerul, aceast\u0103 experien\u021b\u0103 ofer\u0103 combina\u021bia perfect\u0103 de emo\u021bie, relaxare \u0219i priveli\u0219ti uimitoare ale coastei de sud a insulei Tenerife.<\/p>\n<p>Nava este complet echipat\u0103 cu dou\u0103 b\u0103i, o zon\u0103 de lounge umbrit\u0103, o mas\u0103 central\u0103 mare \u0219i o punte superioar\u0103 perfect\u0103 pentru plaj\u0103 \u00een timp ce naviga\u021bi de-a lungul Oceanului Atlantic.<\/p>\n<h3>\ud83d\udc2c Vede\u021bi balene \u0219i delfini \u00een s\u0103lb\u0103ticie<\/h3>\n<p class=\"translation-block\">Plec\u00e2nd din portul <strong>Los Cristianos<\/strong>, aceast\u0103 <strong>excursie cu barca \u00een Tenerife<\/strong> v\u0103 duce \u00eentr-unul dintre cele mai bune locuri din Insulele Canare pentru a vedea de aproape delfini s\u0103lbatici \u0219i balene pilot. Dup\u0103 safari marin, barca ancoreaz\u0103 \u00een apropierea frumoaselor rezerva\u021bii marine Palm-Mar sau La Caleta, unde ve\u021bi avea ocazia s\u0103 \u00eenota\u021bi \u00een ape cristaline.<\/p>\n<h3>\ud83d\udd52 Op\u021biuni de tur \u0219i disponibilitate<\/h3>\n<ul>\n<li><strong>Tur de 2 ore:<\/strong> O aventur\u0103 maritim\u0103 rapid\u0103 \u0219i distractiv\u0103 pentru a observa balenele pilot\/dolfinii. <em>M\u00e2ncarea \u0219i b\u0103uturile nu sunt incluse, dar le pute\u021bi cump\u0103ra la bord.<\/em><\/li>\n<li class=\"translation-block\"><strong>Tur de 3 ore:<\/strong> Include \u00eenot \u0219i un pr\u00e2nz complet cu b\u0103uturi. Plecare la ora 10:00. <strong>Aceast\u0103 versiune este disponibil\u0103 doar pentru o perioad\u0103 limitat\u0103 de timp.<\/strong> Verifica\u021bi calendarul de rezerv\u0103ri pentru datele disponibile.<\/li>\n<\/ul>\n<h3>\ud83c\udf7d\ufe0f Pr\u00e2nz \u0219i b\u0103uturi (incluse doar \u00een turul de 3 ore)<\/h3>\n<ul>\n<li><strong>Meniu de pr\u00e2nz:<\/strong> Orez cu legume, chiftelu\u021be, salat\u0103, p\u00e2ine \u0219i fructe proaspete.<\/li>\n<li><strong>B\u0103uturi:<\/strong> Ap\u0103 \u0219i b\u0103uturi r\u0103coritoare. Berea \u0219i vinul sunt servite \u00een timpul pr\u00e2nzului.<\/li>\n<\/ul>\n<h3>\ud83c\udf1f De ce s\u0103 alege\u021bi turul cu barca Peter Pan?<\/h3>\n<ul>\n<li>Nav\u0103 pirat pentru familii, cu mult spa\u021biu \u0219i locuri la umbr\u0103.<\/li>\n<li>Punte superioar\u0103 pentru iubitorii de soare \u0219i vederi imbatabile ale liniei de coast\u0103.<\/li>\n<li>Plec\u0103ri din Los Cristianos, o loca\u021bie convenabil\u0103 \u0219i central\u0103 \u00een sudul insulei Tenerife.<\/li>\n<\/ul>\n<h3>\ud83d\udcac Politica de rezervare \u0219i anulare<\/h3>\n<ul>\n<li><strong>Cu mai mult de 48 de ore \u00een avans:<\/strong> 90% restituire (10% p\u0103strat pentru prelucrare).<\/li>\n<li><strong>Mai pu\u021bin de 48 de ore sau neprezentare:<\/strong> F\u0103r\u0103 rambursare.<\/li>\n<li>Dac\u0103 turul este anulat din cauza vremii sau din alte motive, ve\u021bi primi o rambursare complet\u0103 sau o \u0219ans\u0103 de reprogramare.<\/li>\n<\/ul>\n<h3>\ud83d\udccd Locul plec\u0103rii<\/h3>\n<p class=\"translation-block\"><strong>Peter Pan Pirate Ship<\/strong> pleac\u0103 din <a href=\"https:\/\/maps.app.goo.gl\/zqPYNAARb6LiE5tZ7\" target=\"_blank\" rel=\"noopener\">Los Cristianos Harbor<\/a>. V\u0103 rug\u0103m s\u0103 sosi\u021bi cu cel pu\u021bin 30 de minute \u00eenainte de ora de plecare pentru a asigura \u00eembarcarea f\u0103r\u0103 probleme.<\/p>\n<h3>\ud83c\udf34 Rezerva\u021bi-v\u0103 excursia cu barca \u00een Tenerife cu CanaryVIP<\/h3>\n<p class=\"translation-block\">La CanaryVIP, suntem specializa\u021bi \u00een <strong>excursii cu barca de neuitat \u00een Tenerife<\/strong>. Nava pirat Peter Pan este una dintre cele mai populare alegeri ale noastre - un amestec de aventur\u0103, natur\u0103 \u0219i relaxare \u00een largul m\u0103rii.<\/p>\n<p>Fie c\u0103 vizita\u021bi Tenerife cu copii, prieteni sau \u00een cuplu, acesta este modul perfect de a v\u0103 bucura de coasta \u0219i via\u021ba marin\u0103 din Tenerife.<\/p>\n<p class=\"translation-block\">\ud83d\udc49 <strong>Nu rata\u021bi - rezerva\u021bi-v\u0103 locul acum!<\/strong> Turul de 3 ore cu pr\u00e2nz \u0219i b\u0103uturi este disponibil doar pentru o perioad\u0103 limitat\u0103.<\/p>\n<\/div><\/div><\/div><\/div><\/div><\/div><\/div><\/section>","protected":false},"excerpt":{"rendered":"<p><strong>\ud83d\udd0d Peter Pan Boat Tenerife:<\/strong><br \/>\n<span>\u2705 Plat\u0103 sigur\u0103.<\/span><br \/>\n<span>\ud83d\udc0b Observare de balene \u0219i delfini.<br \/>\n<\/span><span>\ud83d\ude80 2H Tours.<br \/>\n\ud83d\udd59 Zilnic la 10:00, 12:00 \u0219i 14:00.<br \/>\n<\/span><span>\ud83d\udc65 P\u00e2n\u0103 la 60 de persoane.<\/span><span><br \/>\n\ud83d\ude8c Ridicare din Tenerife de Sud.<br \/>\n<\/span>\ud83d\udebd Toalet\u0103 la bord.<br \/>\n<span>\ud83e\udd11 Cel mai bun pre\u021b garantat.<\/span><br \/>\n<span>\ud83d\udc6a Reduceri activate.<\/span><br \/>\n<span>\ud83d\udd01 P\u00e2n\u0103 la 48 de ore Anulare.<\/span><br \/>\n<span>\ud83c\udf0d Ghiduri multilingve.<\/span><br \/>\n<span>\ud83c\udf1f Rezerva\u021bi acum \u0219i economisi\u021bi!<\/span><br \/>\n<span>\ud83d\udccd Plecare din <a href=\"https:\/\/maps.app.goo.gl\/US7ie1SCwfu1Mhxm7\">Los Cristianos<\/a>.<\/span><\/p>","protected":false},"featured_media":13574,"comment_status":"open","ping_status":"closed","template":"","meta":{"_acf_changed":false},"product_brand":[],"product_cat":[46],"product_tag":[],"class_list":{"0":"post-13568","1":"product","2":"type-product","3":"status-publish","4":"has-post-thumbnail","6":"product_cat-boat-excursions","7":"wcpa_has_options","9":"first","10":"instock","11":"virtual","12":"purchasable","13":"product-type-simple"},"acf":[],"wcpa_form_fields":{"wcpaData":{"product":{"product_price":27,"price_html":"From&nbsp;<span class=\"woocommerce-Price-amount amount\"><bdi>27,00&nbsp;<span class=\"woocommerce-Price-currencySymbol\">&euro;<\/span><\/bdi><\/span>","original_product_price":27,"price_including_tax":27,"price_excluding_tax":27,"product_id":{"parent":13568,"variation":false},"is_variable":false,"stock_status":"instock","stock_quantity":null,"parent_sku":"CV13568","product_attributes":[],"custom_fields":[],"is_taxable":false,"product_name":"Peter Pan Pirate Ship Tenerife","hasImage":false},"fields":{"sec_h1a2har211":{"extra":{"key":"sec_h1a2har211","section_id":"sec_h1a2har211","name":"Tour Duration","status":1,"cl_rule":"show","enableCl":false,"relations":[],"toggle":true,"title_tag":"h4","show_title":false,"showPrice":"default","form_id":13569,"form_rules":{"exclude_from_discount":true,"fee_label":"Fee","disp_hide_options_price":true,"disp_show_section_price":false,"disp_show_field_price":true,"layout_option":"standard","pric_use_as_fee":false,"process_fee_as":"woo_fee"},"layout_option":"standard"},"fields":[[{"active":true,"col":6,"relations":false,"cl_rule":"show","enableCl":false,"price":"","enablePrice":false,"className":"","label_position":"default","desc_position":"default","type":"content","required":false,"elementId":"content_7231531275","label":"","name":"content_7231531275","contentType":"rich","value":"<p><strong>Free Pick-up available only at 12:00.<\/strong><\/p>","error":false,"gt_translate_keys":["label","value"],"price_dependency":false,"cl_dependency":false}],[{"active":true,"col":6,"relations":false,"cl_rule":"show","enableCl":false,"price":"","enablePrice":false,"className":"","label_position":"default","desc_position":"default","type":"radio-group","required":false,"elementId":"radio_0409611974","label":"\u2693\ufe0f Select Tour","name":"radio_0409611974","values":[{"label":"2 Hour Tour (27\u20ac)","value":"2H Tour","selected":true,"tempId":"aco_2005","gt_translate_keys":["label"]}],"layOut":"","error":false,"checkUi":"toggle","gt_translate_keys":["label"],"price_dependency":false,"cl_dependency":[false],"value":""}]]},"sec_06786a3ea7a85a":{"extra":{"key":"sec_06786a3ea7a85a","section_id":"sec_06786a3ea7a85a","name":"2H Tour","status":1,"cl_rule":"show","enableCl":true,"relations":[{"operator":false,"rules":[{"operator":"AND","rules":{"cl_field":"radio_0409611974","cl_relation":"is","cl_val":"2H Tour"}}]}],"toggle":true,"title_tag":"h4","show_title":false,"showPrice":"default","form_id":13569,"form_rules":{"exclude_from_discount":true,"fee_label":"Fee","disp_hide_options_price":true,"disp_show_section_price":false,"disp_show_field_price":true,"layout_option":"standard","pric_use_as_fee":false,"process_fee_as":"woo_fee"},"layout_option":"standard"},"fields":[[{"active":true,"col":6,"relations":false,"cl_rule":"show","enableCl":false,"price":"","enablePrice":false,"className":"","label_position":"default","desc_position":"default","type":"select","required":true,"elementId":"select_7343277180","label":"\u23f0 Departure","name":"select_7343277180","values":[{"label":"10:00","value":"10:00","selected":false,"tempId":"aco_842","gt_translate_keys":["label"]},{"label":"12:00","value":"12:00","selected":false,"tempId":"aco_843","gt_translate_keys":["label"]},{"label":"14:00","value":"14:00","selected":false,"tempId":"aco_844","gt_translate_keys":["label"]}],"dropdown_type":"basic","error":false,"tooltip":"","placeholder":"Select Departure Time","isWeightTemplate":false,"isTemplate":false,"min_quantity":"1","quantity_decimal":false,"quantity_step":"1","quantity_label":"Quantity","repeater_field_label":"{field_label}","repeater_bind":"","gt_translate_keys":["label","placeholder","tooltip","repeater_field_label","quantity_label"],"price_dependency":false,"cl_dependency":["date_86786a3ea7a859","date-4560181145","date-0582083876","text_16786a3ea7a89a"],"value":""}],[{"label":"\ud83d\udcc5 Date","active":true,"required":true,"elementId":"date_86786a3ea7a859","picker_type":"custom","picker_mode":"single","placeholder":"","description":"","tooltip":"","name":"date_86786a3ea7a859","label_position":"default","desc_position":"default","enablePrice":false,"className":"","enableCl":true,"relations":[{"operator":"and","rules":[{"operator":"AND","rules":{"cl_field":"select_7343277180","cl_relation":"is","cl_val":"10:00"}}]}],"enableDesign":false,"LabelColor":"","date_pic_inline":true,"date_pic_inline_hide":true,"min_date":{"type":"days","val":"0"},"max_date":{"type":"days","val":"180"},"date_pic_conf":{"disabledWeeks":[],"disabledDates":["2025-03-12 to 2025-03-30","2025-04-17 to 2025-04-24","2025-05-10","2025-05-15","2025-05-20","2025-05-29","2026-02-18"]},"price":"","cl_rule":"show","col":6,"type":"date","error":false,"isWeightTemplate":false,"isTemplate":false,"min_quantity":"1","quantity_decimal":false,"quantity_step":"1","quantity_label":"Quantity","repeater_field_label":"{field_label}","repeater_bind":"","gt_translate_keys":["label","placeholder","description","tooltip","repeater_field_label","quantity_label"],"price_dependency":false,"cl_dependency":false,"value":""}],[{"label":"\ud83d\udcc5 Date","active":true,"required":true,"elementId":"date-4560181145","picker_type":"custom","picker_mode":"single","placeholder":"","description":"","tooltip":"","name":"date-4560181145","label_position":"default","desc_position":"default","enablePrice":false,"className":"","enableCl":true,"relations":[{"operator":"and","rules":[{"operator":"AND","rules":{"cl_field":"select_7343277180","cl_relation":"is","cl_val":"12:00"}}]}],"enableDesign":false,"LabelColor":"","date_pic_inline":true,"date_pic_inline_hide":true,"min_date":{"type":"days","val":"0"},"max_date":{"type":"days","val":"180"},"date_pic_conf":{"disabledWeeks":[],"disabledDates":["2025-01-18","2025-01-30","2025-02-09","2025-03-12 to 2025-03-30","2025-04-17 to 2025-04-24","2025-05-10","2025-05-15","2025-05-20","2026-02-18"]},"price":"","cl_rule":"show","col":6,"type":"date","error":false,"isWeightTemplate":false,"isTemplate":false,"min_quantity":"1","quantity_decimal":false,"quantity_step":"1","quantity_label":"Quantity","repeater_field_label":"{field_label}","repeater_bind":"","gt_translate_keys":["label","placeholder","description","tooltip","repeater_field_label","quantity_label"],"price_dependency":false,"cl_dependency":false,"value":""}],[{"label":"\ud83d\udcc5 Date","active":true,"required":true,"elementId":"date-0582083876","picker_type":"custom","picker_mode":"single","placeholder":"","description":"","tooltip":"","name":"date-0582083876","label_position":"default","desc_position":"default","enablePrice":false,"className":"","enableCl":true,"relations":[{"operator":"and","rules":[{"operator":"AND","rules":{"cl_field":"select_7343277180","cl_relation":"is","cl_val":"14:00"}}]}],"enableDesign":false,"LabelColor":"","date_pic_inline":true,"date_pic_inline_hide":true,"min_date":{"type":"days","val":"0"},"max_date":{"type":"days","val":"180"},"date_pic_conf":{"disabledWeeks":[],"disabledDates":["2025-01-18","2025-01-30","2025-02-09","2025-03-12 to 2025-03-30","2025-04-17 to 2025-04-24","2025-05-08","2025-05-10","2025-05-15","2025-05-20","2026-02-18"]},"price":"","cl_rule":"show","col":6,"type":"date","error":false,"isWeightTemplate":false,"isTemplate":false,"min_quantity":"1","quantity_decimal":false,"quantity_step":"1","quantity_label":"Quantity","repeater_field_label":"{field_label}","repeater_bind":"","gt_translate_keys":["label","placeholder","description","tooltip","repeater_field_label","quantity_label"],"price_dependency":false,"cl_dependency":false,"value":""}],[{"contentType":"plain","active":true,"label":"People","elementId":"content_16786a3ea7a866","value":"","inline":false,"show_in_checkout":true,"name":"content_16786a3ea7a866","enablePrice":false,"className":"","enableCl":false,"relations":false,"price":"","cl_rule":"show","col":6,"type":"content","gt_translate_keys":["label","value"],"price_dependency":false,"cl_dependency":false}],[{"label":"","active":true,"required":false,"elementId":"radio-group_66786a3ea7a871","name":"radio-group_66786a3ea7a871","label_position":"default","desc_position":"default","enablePrice":true,"className":"","enableCl":false,"relations":[{"operator":false,"rules":[{"operator":"AND","rules":{"cl_field":"","cl_relation":"","cl_val":""}}]}],"enable_quantity":true,"quantity_label":"","min_quantity":"0","checkUi":"button","layOut":"","options_tooltip":true,"options_description":true,"values":[{"label":"\ud83d\udc64 Adult (27\u20ac)","value":"Adult","selected":true,"tempId":"aco_32","tooltip":"+12 Years","description":"","gt_translate_keys":["label","tooltip","description"]}],"priceOptions":"fixed_for_all","pricingType":"fixed","price":"27","cl_rule":"show","col":6,"type":"radio-group","error":false,"gt_translate_keys":["label","quantity_label"],"price_dependency":false,"cl_dependency":false,"value":""}],[{"label":"","active":true,"required":false,"elementId":"radio-group_06786a3ea7a87c","name":"radio-group_06786a3ea7a87c","label_position":"default","desc_position":"default","enablePrice":true,"className":"","enableCl":false,"relations":false,"enable_quantity":true,"quantity_label":"","min_quantity":"0","checkUi":"button","layOut":"","options_tooltip":true,"options_description":true,"values":[{"label":"\ud83d\udc66 Child (13\u20ac)","value":"Child","selected":true,"tempId":"aco_32","tooltip":"3-11 Years","description":"","gt_translate_keys":["label","tooltip","description"]}],"priceOptions":"fixed_for_all","pricingType":"fixed","price":"13","cl_rule":"show","col":6,"type":"radio-group","error":false,"gt_translate_keys":["label","quantity_label"],"price_dependency":false,"cl_dependency":false,"value":""}],[{"label":"","active":true,"required":false,"elementId":"radio-group_86786a3ea7a887","name":"radio-group_86786a3ea7a887","label_position":"default","desc_position":"default","enablePrice":true,"className":"","enableCl":false,"relations":false,"enable_quantity":true,"quantity_label":"","min_quantity":"0","checkUi":"button","layOut":"","options_tooltip":true,"options_description":true,"values":[{"label":"\ud83d\udc76 Infant (Free)","value":"Infant","selected":true,"tempId":"aco_32","tooltip":"0-2 Years","description":"","gt_translate_keys":["label","tooltip","description"]}],"priceOptions":"fixed_for_all","pricingType":"fixed","price":"0","cl_rule":"show","col":6,"type":"radio-group","error":false,"gt_translate_keys":["label","quantity_label"],"price_dependency":false,"cl_dependency":false,"value":""}],[{"elementId":"separator_96786a3ea7a891","separatorType":"blank","className":"","height":"7","enableCl":false,"relations":false,"cl_rule":"show","col":6,"type":"separator","gt_translate_keys":[],"price_dependency":false,"cl_dependency":false,"value":""}],[{"label":"\ud83d\ude8c Pickup Location","active":true,"required":false,"elementId":"text_16786a3ea7a89a","value":"","description":"Free pick-up service in South Tenerife. Simply provide your address or hotel name.","name":"text_16786a3ea7a89a","label_position":"default","desc_position":"default","enablePrice":false,"className":"","enableCl":true,"relations":[{"operator":false,"rules":[{"operator":"AND","rules":{"cl_field":"select_7343277180","cl_relation":"is","cl_val":"12:00"}}]}],"subtype":"text","price":"{field.radio-group_66786a3ea7a871.quantity}*4.5","cl_rule":"show","col":6,"type":"text","error":false,"pricingType":"custom","isTemplate":false,"gt_translate_keys":["label","description","value"],"price_dependency":false,"cl_dependency":false}]]}},"config":{"price_override":"always","enable_recaptcha":false,"bind_quantity":false,"quantity_bind_formula":false,"disp_summ_show_option_price":true,"disp_summ_show_product_price":false,"disp_summ_show_total_price":true,"disp_summ_show_fee":true,"disp_summ_show_discount":true,"summary_title":"","options_total_label":"Options Price","total_label":"Total Amount","options_product_label":"Product Price","fee_label":"Fee","discount_label":"Discount","has_price":true,"has_quantity_formula":false},"mc_unit":1,"tax_rate":1,"tax_rate_real":1,"discount":{"percentage":0,"fixed":0},"design":{"conf":{"LabelPosition":"above","DescPosition":"above","UploadField":"custom_1","QuantityFieldStyle":"custom_1"},"css":{"LeftLabelWidth":"120px"}},"formulas":[],"lookuptables":[],"clones":false,"cartKey":false}},"_links":{"self":[{"href":"https:\/\/canaryvip.com\/ro\/wp-json\/wp\/v2\/product\/13568","targetHints":{"allow":["GET"]}}],"collection":[{"href":"https:\/\/canaryvip.com\/ro\/wp-json\/wp\/v2\/product"}],"about":[{"href":"https:\/\/canaryvip.com\/ro\/wp-json\/wp\/v2\/types\/product"}],"replies":[{"embeddable":true,"href":"https:\/\/canaryvip.com\/ro\/wp-json\/wp\/v2\/comments?post=13568"}],"wp:featuredmedia":[{"embeddable":true,"href":"https:\/\/canaryvip.com\/ro\/wp-json\/wp\/v2\/media\/13574"}],"wp:attachment":[{"href":"https:\/\/canaryvip.com\/ro\/wp-json\/wp\/v2\/media?parent=13568"}],"wp:term":[{"taxonomy":"product_brand","embeddable":true,"href":"https:\/\/canaryvip.com\/ro\/wp-json\/wp\/v2\/product_brand?post=13568"},{"taxonomy":"product_cat","embeddable":true,"href":"https:\/\/canaryvip.com\/ro\/wp-json\/wp\/v2\/product_cat?post=13568"},{"taxonomy":"product_tag","embeddable":true,"href":"https:\/\/canaryvip.com\/ro\/wp-json\/wp\/v2\/product_tag?post=13568"}],"curies":[{"name":"wp","href":"https:\/\/api.w.org\/{rel}","templated":true}]}}