{"id":13561,"date":"2025-01-14T14:45:28","date_gmt":"2025-01-14T14:45:28","guid":{"rendered":"https:\/\/canaryvip.com\/?post_type=product&#038;p=13561"},"modified":"2025-09-18T12:18:23","modified_gmt":"2025-09-18T11:18:23","slug":"shogun-boat-tour-tenerife","status":"publish","type":"product","link":"https:\/\/canaryvip.com\/ro\/shop\/shogun-boat-tour-tenerife\/","title":{"rendered":"Excursie cu barca Shogun Tenerife"},"content":{"rendered":"<h2>\ud83d\udea2 \u00cembarca\u021bi-v\u0103 \u00een turul cu barca Shogun \u00een Tenerife<\/h2>\n<p class=\"translation-block\">Descoperi\u021bi magia turului cu barca <strong>Shogun,<\/strong> o c\u0103l\u0103torie de neuitat la bordul unui velier oriental autentic, proiectat ini\u021bial pentru uzul privat al unui \u0219eic arab. Realizat\u0103 \u00een \u00eentregime din lemn de esen\u021b\u0103 tare de tec, aceast\u0103 barc\u0103 cu p\u00e2nze de 26 de metri ofer\u0103 o experien\u021b\u0103 unic\u0103 \u0219i luxoas\u0103 pentru c\u0103l\u0103torii care caut\u0103 un <a href=\"https:\/\/canaryvip.com\/ro\/tenerife\/boat-excursions\/\" target=\"_self\"><strong>Tur cu barcaTenerife excep\u021bional.<\/strong><\/a><\/p>\n<p class=\"translation-block\"><strong>Shogun Boat Tenerife<\/strong> iese \u00een eviden\u021b\u0103 nu numai pentru designul s\u0103u uimitor, ci \u0219i pentru angajamentul s\u0103u fa\u021b\u0103 de conservarea vie\u021bii marine. Afi\u0219eaz\u0103 cu m\u00e2ndrie steagul galben cu o insign\u0103 albastr\u0103 a b\u0103rcii, garant\u00e2nd observarea etic\u0103 a balenelor \u0219i delfinilor, \u00een timp ce prioritizeaz\u0103 bun\u0103starea acestor creaturi magnifice.<\/p>\n<h3>\ud83d\udc0b Experimenta\u021bi via\u021ba marin\u0103 spectaculoas\u0103<\/h3>\n<p class=\"translation-block\">Apele de pe coasta de sud a insulei Tenerife sunt un paradis pentru via\u021ba marin\u0103, datorit\u0103 temperaturilor calde care variaz\u0103 \u00eentre 17-24\u00b0C pe tot parcursul anului. \u00cen aceast\u0103 <strong>excursie cu barca \u00een Tenerife,<\/strong> ve\u021bi avea \u0219ansa de a vedea specii rezidente, cum ar fi balenele pilot \u0219i delfinii cu g\u00e2t, precum \u0219i specii migratoare, cum ar fi balenele fin, balenele sperm\u0103 \u0219i delfinii comuni.<\/p>\n<p class=\"translation-block\">Excursia include o aventur\u0103 de 5 ore care pleac\u0103 din <strong>Puerto Col\u00f3n.<\/strong> V\u0103 ve\u021bi \u00eembarca \u00eentr-o c\u0103l\u0103torie pentru a observa aceste cetacee incredibile \u00een habitatul lor natural, petrec\u00e2nd p\u00e2n\u0103 la 30 de minute observ\u00e2ndu-le \u00eenainte de a v\u0103 \u00eendrepta spre st\u00e2ncile dramatice din Los Gigantes \u0219i golful senin Masca. Acolo, v\u0103 ve\u021bi ancora pentru a v\u0103 bucura de o baie r\u0103coritoare \u0219i de un pr\u00e2nz copios cu priveli\u0219ti uluitoare.<\/p>\n<h3>\ud83c\udf0a Repere ale turului cu barca Shogun<\/h3>\n<h4>\ud83d\udd52 Durat\u0103 \u0219i program<\/h4>\n<ul>\n<li><strong>Excursie de 5 ore:<\/strong>\u00a0Include observarea balenelor \u0219i a delfinilor, o vizit\u0103 la st\u00e2ncile Los Gigantes \u0219i o baie \u00een golful Masca.<\/li>\n<li class=\"translation-block\"><strong>Plec\u0103ri zilnice la 11:00 AM<\/strong> din <strong>Puerto Col\u00f3n, Pontoon 14.<\/strong><\/li>\n<\/ul>\n<h4>\ud83c\udf7d\ufe0f Mas\u0103 la bord<\/h4>\n<ul>\n<li><strong>Meniu de pr\u00e2nz:<\/strong>\u00a0Orez cu legume, tob\u0103 de pui pr\u0103jit\u0103, salat\u0103, p\u00e2ine \u0219i fructe proaspete.<\/li>\n<li><strong>B\u0103uturi: <\/strong>Apa, b\u0103uturile r\u0103coritoare, berea \u0219i vinul sunt incluse.<\/li>\n<\/ul>\n<h4>\ud83c\udf1f Caracteristici unice<\/h4>\n<ul>\n<li>Bar deschis pentru b\u0103uturi non-alcoolice.<\/li>\n<li>Scaune spa\u021bioase cu o mas\u0103 central\u0103 mare pentru luat masa.<\/li>\n<li>Trei b\u0103i la bord, dintre care una este complet accesibil\u0103 pentru pasagerii cu mobilitate redus\u0103.<\/li>\n<li>Serviciu gratuit de autobuz din zona Tenerife Sud pentru un confort sporit.<\/li>\n<\/ul>\n<h3>\ud83d\udee5\ufe0f Shogun Specifica\u021bii barca<\/h3>\n<ul>\n<li><strong>Lungime: <\/strong>26 de metri<\/li>\n<li><strong>L\u0103\u021bime:<\/strong>\u00a08 metri<\/li>\n<li><strong>Capacitate maxim\u0103:<\/strong>\u00a0135 de pasageri<\/li>\n<\/ul>\n<p>Cu dou\u0103 niveluri spa\u021bioase, zone umbrite ample \u0219i o estetic\u0103 oriental\u0103 autentic\u0103, Shogun ofer\u0103 confort \u0219i elegan\u021b\u0103 pentru un sejur memorabil <strong>Tur cu barca Tenerife.<\/strong><\/p>\n<h3>\ud83d\udcbc Politica de rezervare \u0219i anulare<\/h3>\n<p class=\"translation-block\">Facem rezervarea <strong>Turului cu barca Shogun<\/strong> simpl\u0103 \u0219i f\u0103r\u0103 complica\u021bii cu CanaryVIP. Cu toate acestea, este important s\u0103 examina\u021bi politica de anulare pentru a evita surprizele:<\/p>\n<ul>\n<li><strong>48+ ore \u00eenainte de plecare:<\/strong>\u00a0Primi\u021bi o rambursare 90% (10% re\u021binut\u0103 pentru taxele de procesare).<\/li>\n<li class=\"translation-block\"><strong>Cu mai pu\u021bin de 48 de ore \u00eenainte de plecare:<\/strong> Nu sunt disponibile ramburs\u0103ri.<\/li>\n<\/ul>\n<p>\u00cen cazul \u00een care turul este anulat din motive de for\u021b\u0103 major\u0103, cum ar fi condi\u021biile maritime precare, se va oferi o rambursare integral\u0103 sau o dat\u0103 alternativ\u0103.<\/p>\n<h3>\ud83d\udee0\ufe0f Informa\u021bii importante<\/h3>\n<ul>\n<li><strong>Ce trebuie s\u0103 aduce\u021bi:<\/strong>\u00a0Costum de baie, prosop, crem\u0103 de protec\u021bie solar\u0103 \u0219i un aparat foto pentru a surprinde peisajele incredibile.<\/li>\n<li><strong>Accesibilitate:<\/strong>\u00a0Shogun este echipat pentru a g\u0103zdui pasageri cu mobilitate redus\u0103.<\/li>\n<li><strong>Instruc\u021biuni de siguran\u021b\u0103:<\/strong>\u00a0Fumatul este permis doar \u00een zonele desemnate \u0219i recomand\u0103m evitarea consumului de alcool \u00eenainte de \u00eembarcare pentru a reduce la minimum r\u0103ul de mare.<\/li>\n<\/ul>\n<h3>\ud83d\udccd Locul plec\u0103rii<\/h3>\n<p>Shogunul porne\u0219te de la <a href=\"https:\/\/maps.app.goo.gl\/DkCVRrpDHuiqsvc56\" target=\"_blank\" rel=\"noopener\"><strong>Puerto Col\u00f3n,<\/strong><\/a>\u00a0situat convenabil \u00een Costa Adeje. Planifica\u021bi-v\u0103 s\u0103 ajunge\u021bi cu cel pu\u021bin 30 de minute \u00eenainte de plecare pentru a asigura un proces de \u00eembarcare f\u0103r\u0103 probleme.<\/p>\n<h3>\ud83c\udf34 Rezerva\u021bi-v\u0103 turul cu barca Shogun cu CanaryVIP<\/h3>\n<p class=\"translation-block\">La CanaryVIP, ne m\u00e2ndrim c\u0103 oferim cele mai bune <strong>Tenerife boat tours,<\/strong> iar experien\u021ba Shogun este una dintre cele mai emblematice excursii ale noastre. Fie c\u0103 sunte\u021bi captivat de via\u021ba marin\u0103, v\u0103 place s\u0103 explora\u021bi peisaje de coast\u0103 uimitoare sau pur \u0219i simplu dori\u021bi s\u0103 v\u0103 relaxa\u021bi la bordul unei luxoase b\u0103rci cu p\u00e2nze orientale, aceast\u0103 excursie are totul.<\/p>\n<p>Rezerva\u021bi-v\u0103 locul ast\u0103zi \u0219i crea\u021bi amintiri de neuitat cu Shogun Boat Tenerife!<\/p>","protected":false},"excerpt":{"rendered":"<p><strong>\ud83d\udd0d Shogun Boat Tenerife:<\/strong><br \/>\n<span>\u2705 Plat\u0103 sigur\u0103.<\/span><br \/>\n<span>\ud83d\udc0b Observare de balene \u0219i delfini.<br \/>\n\ud83d\ude80 5H Tururi la ora 11:00.<br \/>\n\ud83d\udd59 Luni, Miercuri, Joi, Vineri \u0219i Duminic\u0103.<br \/>\n<\/span>\ud83c\udfde\ufe0f Vizita\u021bi st\u00e2ncile Los Gigantes.<br \/>\n\ud83c\udf0a Oprire pentru \u00eenot la Masca Bay.<br \/>\n<span>\ud83e\uddc3 M\u00e2ncare \u0219i b\u0103uturi incluse.<\/span><br \/>\n<span>\ud83d\udc65 Max 135 de invita\u021bi.<br \/>\n\ud83d\ude8c Ridicare din Tenerife de Sud.<br \/>\n\ud83d\ude8e Ridicare din Puerto de la Cruz.<br \/>\n<\/span>\ud83d\udebd Toalet\u0103 la bord.<br \/>\n\u267f Mobilitate redus\u0103.<br \/>\n<span>\ud83e\udd11 Cel mai bun pre\u021b garantat.<\/span><br \/>\n<span>\ud83d\udc6a Reduceri activate.<\/span><br \/>\n<span>\ud83d\udd01 P\u00e2n\u0103 la 48 de ore Anulare.<\/span><br \/>\n<span>\ud83c\udf0d Ghiduri multilingve.<\/span><br \/>\n<span>\ud83c\udf1f Rezerva\u021bi acum \u0219i economisi\u021bi!<\/span><br \/>\n<span>\ud83d\udccd Plecare din\u00a0<\/span><a href=\"https:\/\/www.google.com\/maps\/place\/Puerto+Col%C3%B3n\/@28.0783432,-16.7368735,18.52z\/data=!4m6!3m5!1s0xc6a9743509c9ebf:0xd62345524f768247!8m2!3d28.0789928!4d-16.7359737!16s%2Fg%2F11c6cqryw_?entry=tts\">Puerto Colon<\/a><span>.<\/span><\/p>","protected":false},"featured_media":13564,"comment_status":"open","ping_status":"closed","template":"","meta":{"_acf_changed":false},"product_brand":[],"product_cat":[46],"product_tag":[],"class_list":{"0":"post-13561","1":"product","2":"type-product","3":"status-publish","4":"has-post-thumbnail","6":"product_cat-boat-excursions","7":"wcpa_has_options","9":"first","10":"instock","11":"virtual","12":"purchasable","13":"product-type-simple"},"acf":[],"wcpa_form_fields":{"wcpaData":{"product":{"product_price":61,"price_html":"From&nbsp;<span class=\"woocommerce-Price-amount amount\"><bdi>61,00&nbsp;<span class=\"woocommerce-Price-currencySymbol\">&euro;<\/span><\/bdi><\/span>","original_product_price":61,"price_including_tax":61,"price_excluding_tax":61,"product_id":{"parent":13561,"variation":false},"is_variable":false,"stock_status":"instock","stock_quantity":null,"parent_sku":"CV13561","product_attributes":[],"custom_fields":[],"is_taxable":false,"product_name":"Shogun Boat Tour Tenerife","hasImage":false},"fields":{"sec_567867dfb4552e":{"extra":{"key":"sec_567867dfb4552e","section_id":"sec_567867dfb4552e","name":"Pickup Location","status":1,"cl_rule":"show","enableCl":false,"relations":[],"toggle":true,"title_tag":"h4","show_title":false,"showPrice":"default","form_id":13563,"form_rules":{"exclude_from_discount":true,"fee_label":"Fee","disp_hide_options_price":true,"disp_show_section_price":false,"disp_show_field_price":true,"layout_option":"standard","pric_use_as_fee":false,"process_fee_as":"woo_fee"},"layout_option":"standard"},"fields":[[{"active":true,"col":6,"relations":false,"cl_rule":"show","enableCl":false,"price":"","enablePrice":false,"className":"","label_position":"default","desc_position":"default","type":"radio-group","required":false,"elementId":"radio-group_367867dfb4555f","label":"\u2693\ufe0f Select Tour","name":"radio-group_367867dfb4555f","values":[{"label":"5H Trip (61\u20ac)","value":"5h-south","selected":false,"tempId":"aco_2307","description":"Extended Shogun cruise with whale and dolphin sightings, Los Gigantes cliffs, swimming in Masca Bay, lunch, and drinks. Departs at 11:00 on Mondays, Wednesdays, Thursdays, Fridays & Sundays.","gt_translate_keys":["label","description"]},{"label":"5H Trip from North Tenerife (65\u20ac)","value":"5h-north","selected":false,"tempId":"aco_2308","description":"Pickup and drop-off in North Tenerife included. Extended Shogun cruise with whale and dolphin sightings, Los Gigantes cliffs, swimming in Masca Bay, lunch, and drinks. Departs at 11:00 on Mondays, Wednesdays, Thursdays, Fridays & Sundays.","gt_translate_keys":["label","description"]}],"layOut":"","error":false,"checkUi":"toggle","description":"","options_description":true,"gt_translate_keys":["label","description"],"price_dependency":false,"cl_dependency":[false,"date_367867dfb45579","select_8962103911",false,"select-1335554664","date-1329695634"],"value":""}]]},"sec_867867dfb45562":{"extra":{"key":"sec_867867dfb45562","section_id":"sec_867867dfb45562","name":"5H from South Tenerife","status":1,"cl_rule":"show","enableCl":true,"relations":[{"operator":false,"rules":[{"operator":"AND","rules":{"cl_field":"radio-group_367867dfb4555f","cl_relation":"is","cl_val":"5h-south"}}]}],"toggle":true,"title_tag":"h4","show_title":false,"showPrice":"default","form_id":13563,"form_rules":{"exclude_from_discount":true,"fee_label":"Fee","disp_hide_options_price":true,"disp_show_section_price":false,"disp_show_field_price":true,"layout_option":"standard","pric_use_as_fee":false,"process_fee_as":"woo_fee"},"layout_option":"standard"},"fields":[[{"label":"\ud83d\udcc5 Date","active":true,"required":true,"elementId":"date_367867dfb45579","picker_type":"custom","picker_mode":"single","placeholder":"","description":"","tooltip":"","name":"date_367867dfb45579","label_position":"default","desc_position":"default","enablePrice":false,"className":"","enableCl":true,"relations":[{"operator":"and","rules":[{"operator":"AND","rules":{"cl_field":"radio-group_367867dfb4555f","cl_relation":"is_not_empty","cl_val":"3 Hour Trip"}}]}],"enableDesign":false,"LabelColor":"","date_pic_inline":true,"date_pic_inline_hide":true,"min_date":{"type":"days","val":"1"},"max_date":{"type":"days","val":"365"},"date_pic_conf":{"disabledWeeks":[2,6,4],"disabledDates":["2025-10-20 to 2025-11-02"]},"price":"","cl_rule":"show","col":6,"type":"date","error":false,"date_conf_custom":{},"isWeightTemplate":false,"isTemplate":false,"min_quantity":"1","quantity_decimal":false,"quantity_step":"1","quantity_label":"Quantity","repeater_field_label":"{field_label}","repeater_bind":"","gt_translate_keys":["label","placeholder","description","tooltip","repeater_field_label","quantity_label"],"price_dependency":false,"cl_dependency":false,"value":""}],[{"active":true,"col":6,"relations":[{"operator":false,"rules":[{"operator":"AND","rules":{"cl_field":"radio-group_367867dfb4555f","cl_relation":"is_not_empty","cl_val":""}}]}],"cl_rule":"show","enableCl":true,"price":"","enablePrice":false,"className":"","label_position":"default","desc_position":"default","type":"select","required":false,"elementId":"select_8962103911","label":"\u23f0 Departure","name":"select_8962103911","values":[{"label":"12:00","value":"12:00","selected":true,"tempId":"aco_154","gt_translate_keys":["label"]}],"dropdown_type":"basic","error":false,"isWeightTemplate":false,"isTemplate":false,"min_quantity":"1","quantity_decimal":false,"quantity_step":"1","quantity_label":"Quantity","repeater_field_label":"{field_label}","repeater_bind":"","gt_translate_keys":["label","repeater_field_label","quantity_label"],"price_dependency":false,"cl_dependency":false,"value":""}],[{"contentType":"plain","active":true,"label":"People","elementId":"content_867867dfb455ae","value":"","inline":false,"show_in_checkout":true,"name":"content_867867dfb455ae","enablePrice":false,"className":"","enableCl":false,"relations":false,"price":"","cl_rule":"show","col":6,"type":"content","gt_translate_keys":["label","value"],"price_dependency":false,"cl_dependency":false}],[{"label":"","active":true,"required":false,"elementId":"radio-group_667867dfb455cc","name":"radio-group_667867dfb455cc","label_position":"default","desc_position":"default","enablePrice":true,"className":"","enableCl":false,"relations":[{"operator":false,"rules":[{"operator":"AND","rules":{"cl_field":"","cl_relation":"","cl_val":""}}]}],"enable_quantity":true,"quantity_label":"","min_quantity":"0","checkUi":"button","layOut":"","options_tooltip":true,"options_description":true,"values":[{"label":"\ud83d\udc64 Adult (61\u20ac)","value":"Adult","selected":true,"tempId":"aco_32","tooltip":"+12 Years","description":"","gt_translate_keys":["label","tooltip","description"]}],"priceOptions":"fixed_for_all","pricingType":"fixed","price":"61","cl_rule":"show","col":6,"type":"radio-group","error":false,"gt_translate_keys":["label","quantity_label"],"price_dependency":false,"cl_dependency":false,"value":""}],[{"label":"","active":true,"required":false,"elementId":"radio-group_667867dfb455e8","name":"radio-group_667867dfb455e8","label_position":"default","desc_position":"default","enablePrice":true,"className":"","enableCl":false,"relations":false,"enable_quantity":true,"quantity_label":"","min_quantity":"0","checkUi":"button","layOut":"","options_tooltip":true,"options_description":true,"values":[{"label":"\ud83d\udc66 Child (30\u20ac)","value":"Child","selected":true,"tempId":"aco_32","tooltip":"3-11 Years","description":"","gt_translate_keys":["label","tooltip","description"]}],"priceOptions":"fixed_for_all","pricingType":"fixed","price":"30","cl_rule":"show","col":6,"type":"radio-group","error":false,"gt_translate_keys":["label","quantity_label"],"price_dependency":false,"cl_dependency":false,"value":""}],[{"label":"","active":true,"required":false,"elementId":"radio-group-3115802518","name":"radio-group-3115802518","label_position":"default","desc_position":"default","enablePrice":true,"className":"","enableCl":false,"relations":false,"enable_quantity":true,"quantity_label":"","min_quantity":"0","checkUi":"button","layOut":"","options_tooltip":true,"options_description":true,"values":[{"label":"\ud83d\udc76 Infant (Free)","value":"Infant","selected":true,"tempId":"aco_32","tooltip":"0-2 Years","description":"","gt_translate_keys":["label","tooltip","description"]}],"priceOptions":"fixed_for_all","pricingType":"fixed","price":"0","cl_rule":"show","col":6,"type":"radio-group","error":false,"gt_translate_keys":["label","quantity_label"],"price_dependency":false,"cl_dependency":false,"value":""}],[{"elementId":"separator_567867dfb4561b","separatorType":"blank","className":"","height":"7","enableCl":false,"relations":false,"cl_rule":"show","col":6,"type":"separator","gt_translate_keys":[],"price_dependency":false,"cl_dependency":false,"value":""}],[{"label":"\ud83d\ude8c Pickup Location","active":true,"required":false,"elementId":"text_767867dfb45630","value":"","description":"Free pick-up service in South Tenerife. Simply provide your address or hotel name.","name":"text_767867dfb45630","label_position":"default","desc_position":"default","enablePrice":false,"className":"","enableCl":false,"relations":false,"subtype":"text","price":"","cl_rule":"show","col":6,"type":"text","error":false,"gt_translate_keys":["label","description","value"],"price_dependency":false,"cl_dependency":false}]]},"sec_1067867dfb45632":{"extra":{"key":"sec_1067867dfb45632","section_id":"sec_1067867dfb45632","name":"5H North Tenerife Pickup","status":1,"cl_rule":"show","enableCl":true,"relations":[{"operator":false,"rules":[{"operator":"AND","rules":{"cl_field":"radio-group_367867dfb4555f","cl_relation":"is","cl_val":"5h-north"}}]}],"toggle":true,"title_tag":"h4","show_title":false,"showPrice":"default","form_id":13563,"form_rules":{"exclude_from_discount":true,"fee_label":"Fee","disp_hide_options_price":true,"disp_show_section_price":false,"disp_show_field_price":true,"layout_option":"standard","pric_use_as_fee":false,"process_fee_as":"woo_fee"},"layout_option":"standard"},"fields":[[{"label":"\u23f0 Departure","active":true,"required":false,"elementId":"select-1335554664","dropdown_type":"basic","name":"select-1335554664","label_position":"default","desc_position":"default","enablePrice":false,"className":"","enableCl":true,"relations":[{"operator":false,"rules":[{"operator":"AND","rules":{"cl_field":"radio-group_367867dfb4555f","cl_relation":"is_not_empty","cl_val":""}}]}],"values":[{"label":"12:00","value":"12:00","selected":true,"tempId":"aco_154","gt_translate_keys":["label"]}],"price":"","cl_rule":"show","col":6,"type":"select","isWeightTemplate":false,"error":false,"isTemplate":false,"min_quantity":"1","quantity_decimal":false,"quantity_step":"1","quantity_label":"Quantity","repeater_field_label":"{field_label}","repeater_bind":"","gt_translate_keys":["label","repeater_field_label","quantity_label"],"price_dependency":false,"cl_dependency":false,"value":""}],[{"label":"\ud83d\udcc5 Date","active":true,"required":true,"elementId":"date-1329695634","picker_type":"custom","picker_mode":"single","placeholder":"","description":"","tooltip":"","name":"date-1329695634","label_position":"default","desc_position":"default","enablePrice":false,"className":"","enableCl":true,"relations":[{"operator":"and","rules":[{"operator":"AND","rules":{"cl_field":"radio-group_367867dfb4555f","cl_relation":"is_not_empty","cl_val":"3 Hour Trip"}}]}],"enableDesign":false,"LabelColor":"","date_pic_inline":true,"date_pic_inline_hide":true,"min_date":{"type":"days","val":"2"},"max_date":{"type":"days","val":"365"},"date_pic_conf":{"disabledWeeks":[2,6,4],"disabledDates":["2025-10-20 to 2025-11-01"]},"date_conf_custom":{},"price":"","cl_rule":"show","col":6,"type":"date","isWeightTemplate":false,"error":false,"isTemplate":false,"min_quantity":"1","quantity_decimal":false,"quantity_step":"1","quantity_label":"Quantity","repeater_field_label":"{field_label}","repeater_bind":"","gt_translate_keys":["label","placeholder","description","tooltip","repeater_field_label","quantity_label"],"price_dependency":false,"cl_dependency":false,"value":""}],[{"contentType":"plain","active":true,"label":"People","elementId":"content_067867dfb4567b","value":"","inline":false,"show_in_checkout":true,"name":"content_067867dfb4567b","enablePrice":false,"className":"","enableCl":false,"relations":false,"price":"","cl_rule":"show","col":6,"type":"content","gt_translate_keys":["label","value"],"price_dependency":false,"cl_dependency":false}],[{"label":"","active":true,"required":false,"elementId":"radio-group-3814002955","name":"radio-group-3814002955","label_position":"default","desc_position":"default","enablePrice":true,"className":"","enableCl":false,"relations":[{"operator":false,"rules":[{"operator":"AND","rules":{"cl_field":"","cl_relation":"","cl_val":""}}]}],"enable_quantity":true,"quantity_label":"","min_quantity":"0","checkUi":"button","layOut":"","options_tooltip":true,"options_description":true,"values":[{"label":"\ud83d\udc64 Adult (65\u20ac)","value":"Adult","selected":true,"tempId":"aco_32","tooltip":"+12 Years","description":"","gt_translate_keys":["label","tooltip","description"]}],"priceOptions":"fixed_for_all","pricingType":"fixed","price":"65","cl_rule":"show","col":6,"type":"radio-group","error":false,"gt_translate_keys":["label","quantity_label"],"price_dependency":false,"cl_dependency":false,"value":""}],[{"label":"","active":true,"required":false,"elementId":"radio-group-3909852983","name":"radio-group-3909852983","label_position":"default","desc_position":"default","enablePrice":true,"className":"","enableCl":false,"relations":false,"enable_quantity":true,"quantity_label":"","min_quantity":"0","checkUi":"button","layOut":"","options_tooltip":true,"options_description":true,"values":[{"label":"\ud83d\udc66 Child (32\u20ac)","value":"Child","selected":true,"tempId":"aco_32","tooltip":"3-11 Years","description":"","gt_translate_keys":["label","tooltip","description"]}],"priceOptions":"fixed_for_all","pricingType":"fixed","price":"32","cl_rule":"show","col":6,"type":"radio-group","error":false,"gt_translate_keys":["label","quantity_label"],"price_dependency":false,"cl_dependency":false,"value":""}],[{"label":"","active":true,"required":false,"elementId":"radio-group-3681862909","name":"radio-group-3681862909","label_position":"default","desc_position":"default","enablePrice":true,"className":"","enableCl":false,"relations":false,"enable_quantity":true,"quantity_label":"","min_quantity":"0","checkUi":"button","layOut":"","options_tooltip":true,"options_description":true,"values":[{"label":"\ud83d\udc76 Infant (Free)","value":"Infant","selected":true,"tempId":"aco_32","tooltip":"0-2 Years","description":"","gt_translate_keys":["label","tooltip","description"]}],"priceOptions":"fixed_for_all","pricingType":"fixed","price":"0","cl_rule":"show","col":6,"type":"radio-group","error":false,"gt_translate_keys":["label","quantity_label"],"price_dependency":false,"cl_dependency":false,"value":""}],[{"elementId":"separator_267867dfb456e7","separatorType":"blank","className":"","height":"7","enableCl":false,"relations":false,"cl_rule":"show","col":6,"type":"separator","gt_translate_keys":[],"price_dependency":false,"cl_dependency":false,"value":""}],[{"label":"\ud83d\ude8c Pickup Location","active":true,"required":true,"elementId":"text_967867dfb456fc","value":"","description":"Pick-up service from Puerto de la Cruz. Simply provide your address or hotel name.","name":"text_967867dfb456fc","label_position":"default","desc_position":"default","enablePrice":false,"className":"","enableCl":false,"relations":false,"subtype":"text","price":"","cl_rule":"show","col":6,"type":"text","error":false,"gt_translate_keys":["label","description","value"],"price_dependency":false,"cl_dependency":false}]]}},"config":{"price_override":"always","enable_recaptcha":false,"bind_quantity":false,"quantity_bind_formula":false,"disp_summ_show_option_price":true,"disp_summ_show_product_price":false,"disp_summ_show_total_price":true,"disp_summ_show_fee":true,"disp_summ_show_discount":true,"summary_title":"","options_total_label":"Options Price","total_label":"Total Amount","options_product_label":"Product Price","fee_label":"Fee","discount_label":"Discount","has_price":true,"has_quantity_formula":false},"mc_unit":1,"tax_rate":1,"tax_rate_real":1,"discount":{"percentage":0,"fixed":0},"design":{"conf":{"LabelPosition":"above","DescPosition":"above","UploadField":"custom_1","QuantityFieldStyle":"custom_1"},"css":{"LeftLabelWidth":"120px"}},"formulas":[],"lookuptables":[],"clones":false,"cartKey":false}},"_links":{"self":[{"href":"https:\/\/canaryvip.com\/ro\/wp-json\/wp\/v2\/product\/13561","targetHints":{"allow":["GET"]}}],"collection":[{"href":"https:\/\/canaryvip.com\/ro\/wp-json\/wp\/v2\/product"}],"about":[{"href":"https:\/\/canaryvip.com\/ro\/wp-json\/wp\/v2\/types\/product"}],"replies":[{"embeddable":true,"href":"https:\/\/canaryvip.com\/ro\/wp-json\/wp\/v2\/comments?post=13561"}],"wp:featuredmedia":[{"embeddable":true,"href":"https:\/\/canaryvip.com\/ro\/wp-json\/wp\/v2\/media\/13564"}],"wp:attachment":[{"href":"https:\/\/canaryvip.com\/ro\/wp-json\/wp\/v2\/media?parent=13561"}],"wp:term":[{"taxonomy":"product_brand","embeddable":true,"href":"https:\/\/canaryvip.com\/ro\/wp-json\/wp\/v2\/product_brand?post=13561"},{"taxonomy":"product_cat","embeddable":true,"href":"https:\/\/canaryvip.com\/ro\/wp-json\/wp\/v2\/product_cat?post=13561"},{"taxonomy":"product_tag","embeddable":true,"href":"https:\/\/canaryvip.com\/ro\/wp-json\/wp\/v2\/product_tag?post=13561"}],"curies":[{"name":"wp","href":"https:\/\/api.w.org\/{rel}","templated":true}]}}