{"id":12949,"date":"2024-08-19T12:56:56","date_gmt":"2024-08-19T11:56:56","guid":{"rendered":"https:\/\/canaryvip.com\/?post_type=product&#038;p=12949"},"modified":"2025-08-09T13:58:46","modified_gmt":"2025-08-09T12:58:46","slug":"sunkiss-boat-charter-gran-canaria","status":"publish","type":"product","link":"https:\/\/canaryvip.com\/ro\/shop\/sunkiss-boat-charter-gran-canaria\/","title":{"rendered":"Sunkiss Boat Charter<br\/>Gran Canaria"},"content":{"rendered":"<h2>\ud83d\udee5\ufe0f Sunkiss Boat Charter Gran Canaria<\/h2>\n<p>Descoperi\u021bi frumuse\u021bea Gran Canaria din confortul <strong>Sunkiss Boat Charter<\/strong>, un mod privat \u0219i luxos de a explora coasta sudic\u0103 uimitoare a insulei. Cu spa\u021biu pentru p\u00e2n\u0103 la 8 pasageri, acest <strong>\u00eenchiriere de b\u0103rci \u00een Gran Canaria<\/strong> este perfect pentru cupluri, familii sau grupuri mici care caut\u0103 o aventur\u0103 unic\u0103 \u0219i relaxant\u0103.<\/p>\n<p>La CanaryVIP, facem rezervarea dvs. <a href=\"https:\/\/canaryvip.com\/ro\/gran-canaria\/\"><strong>inchiria o barca Puerto Mog\u00e1n<\/strong><\/a> experien\u021b\u0103 u\u0219oar\u0103 \u0219i pl\u0103cut\u0103, asigur\u00e2ndu-ne c\u0103 fiecare detaliu este luat \u00een grij\u0103 pentru ziua dvs. perfect\u0103 pe ap\u0103.<\/p>\n<h3>\u2b50\ufe0f De ce s\u0103 alege\u021bi Sunkiss Boat Charter \u00een Gran Canaria<\/h3>\n<p>Iat\u0103 de ce <strong>Sunkiss Boat Charter<\/strong> este una dintre cele mai bune op\u021biuni pentru o zi privat\u0103 \u0219i de neuitat pe mare:<\/p>\n<h4><strong>Experien\u021b\u0103 privat\u0103 \u0219i intim\u0103<\/strong><\/h4>\n<p>Bucura\u021bi-v\u0103 de o c\u0103l\u0103torie exclusivist\u0103 doar cu grupul dvs. Cu o capacitate maxim\u0103 de 8 persoane, acest iaht privat ofer\u0103 un cadru personal \u0219i lini\u0219tit, ideal pentru ocazii speciale sau o escapad\u0103 relaxant\u0103.<\/p>\n<h4><strong>Confort elegant<\/strong><\/h4>\n<p>Naviga\u021bi la bordul unui iaht de 12 metri frumos \u00eentre\u021binut, cu scaune confortabile, zone umbrite \u0219i o punte spa\u021bioas\u0103 pentru plaj\u0103. Bucura\u021bi-v\u0103 de priveli\u0219tile panoramice uimitoare ale coastei Gran Canaria \u00een timp ce v\u0103 relaxa\u021bi cu stil.<\/p>\n<h4><strong>Aventura de snorkeling<\/strong><\/h4>\n<p>Ancora\u021bi \u00eentr-un golfule\u021b izolat pentru a \u00eenota \u00een apele cristaline \u0219i pentru a face snorkeling cu echipamentul furnizat. Descoperi\u021bi via\u021ba marin\u0103 vibrant\u0103 din Gran Canaria sau pur \u0219i simplu relaxa\u021bi-v\u0103 pe punte \u0219i bucura\u021bi-v\u0103 de atmosfera senin\u0103.<\/p>\n<h3>\ud83d\udea4 Op\u021biuni de excursie cu barca Sunkiss<\/h3>\n<p>Alege\u021bi durata c\u0103l\u0103toriei care se potrive\u0219te programului \u0219i dorin\u021belor dumneavoastr\u0103:<\/p>\n<ul>\n<li><strong>Charter privat de 3 ore:<\/strong> O scurt\u0103 escapad\u0103 perfect\u0103 pentru a explora coasta Gran Canaria \u0219i pentru a v\u0103 bucura de o baie r\u0103coritoare sau de snorkeling.<\/li>\n<li><strong>Charter privat de 6 ore:<\/strong> P\u0103trunde\u021bi mai ad\u00e2nc \u00een frumuse\u021bea natural\u0103 a insulei, av\u00e2nd mai mult timp pentru a v\u0103 relaxa \u0219i a explora locurile ascunse.<\/li>\n<li><strong>Charter privat de 8 ore:<\/strong> O aventur\u0103 de o zi \u00eentreag\u0103 care v\u0103 permite s\u0103 experimenta\u021bi cea mai bun\u0103 relaxare \u0219i explorare, cu timp suplimentar pentru a vizita mai multe golfule\u021be \u0219i a v\u0103 bucura de cele mai bune locuri din Gran Canaria.<\/li>\n<\/ul>\n<h3>\ud83e\udd42 Ce este inclus \u00een Carta dumneavoastr\u0103 Sunkiss<\/h3>\n<p>Your <strong>\u00eenchiriere de b\u0103rci \u00een Gran Canaria<\/strong> include:<\/p>\n<ul>\n<li>Gust\u0103ri, inclusiv chipsuri \u0219i nuci.<\/li>\n<li>B\u0103uturi precum bere, b\u0103uturi r\u0103coritoare \u0219i ap\u0103.<\/li>\n<li>Echipament de snorkeling (m\u0103\u0219ti \u0219i aripioare) pentru explorarea lumii subacvatice.<\/li>\n<li>Asigurare pentru o experien\u021b\u0103 f\u0103r\u0103 griji.<\/li>\n<li>Transport op\u021bional c\u0103tre \u0219i de la hotelurile din sudul Gran Canaria.<\/li>\n<li>Pr\u00e2nz op\u021bional (10 \u20ac de persoan\u0103, solicita\u021bi \u00een timpul rezerv\u0103rii).<\/li>\n<\/ul>\n<h3>\ud83d\udccd Detalii privind plecarea<\/h3>\n<ul>\n<li><strong>Loca\u021bie:<\/strong> <a href=\"https:\/\/maps.app.goo.gl\/Xhe545W98um3rx6W8\" target=\"_new\" rel=\"noopener\"><span>Puerto<\/span><span> Mog\u00e1n<\/span><span>, Gran<\/span><span> Canaria<\/span><\/a>.<\/li>\n<li><strong>Orele de plecare:<\/strong> 09:00, 12:00 \u0219i 15:00.<\/li>\n<li><strong>Transport:<\/strong> Serviciu de preluare disponibil pentru un plus de confort.<\/li>\n<\/ul>\n<p>V\u0103 recomand\u0103m s\u0103 sosi\u021bi cu cel pu\u021bin 15 minute \u00eenainte de plecare pentru a v\u0103 asigura un \u00eenceput u\u0219or al aventurii.<\/p>\n<h3>\u2705 Politic\u0103 de anulare transparent\u0103<\/h3>\n<p>Prioritatea noastr\u0103 este lini\u0219tea dumneavoastr\u0103 cu op\u021biuni de anulare clare \u0219i flexibile:<\/p>\n<ul>\n<li><strong>Garan\u021bia meteo:<\/strong> Reprograma\u021bi sau primi\u021bi o rambursare complet\u0103 \u00een caz de condi\u021bii meteorologice nesigure.<\/li>\n<li><strong>Anul\u0103ri flexibile:<\/strong> Anula\u021bi sau reprograma\u021bi gratuit cu p\u00e2n\u0103 la 8 zile \u00eenainte de c\u0103l\u0103torie. Depozitele nu sunt rambursabile pentru anul\u0103rile efectuate \u00een termen de 8 zile de la plecarea programat\u0103.<\/li>\n<\/ul>\n<h3>\ud83d\udc68\u200d\u2708\ufe0f Sfaturi pentru aventura dvs. cu barca Sunkiss<\/h3>\n<p>Profita\u021bi la maximum de ziua dvs. cu aceste sfaturi simple:<\/p>\n<ul>\n<li>Aduce\u021bi costume de baie, crem\u0103 de protec\u021bie solar\u0103 \u0219i un prosop.<\/li>\n<li>Purta\u021bi haine confortabile, potrivite pentru vreme.<\/li>\n<li>Preg\u0103ti\u021bi biletul CanaryVIP, fie pe telefon, fie tip\u0103rit.<\/li>\n<li>Lua\u021bi o mas\u0103 u\u0219oar\u0103 \u00een prealabil pentru a evita r\u0103ul de mare.<\/li>\n<\/ul>\n<h3>\ud83c\udf1f De ce s\u0103 rezerva\u021bi cu CanaryVIP<\/h3>\n<p>La CanaryVIP, ne specializ\u0103m \u00een oferirea celor mai bune <strong>inchiria o barca Puerto Mog\u00e1n<\/strong> \u0219i <strong>\u00eenchiriere iaht de lux \u00een Gran Canaria<\/strong>. De la chartere private precum Sunkiss la experien\u021be personalizate, ne asigur\u0103m c\u0103 fiecare moment pe ap\u0103 este de neuitat.<\/p>\n<p>Rezerva\u021bi-v\u0103 <strong>Sunkiss Boat Charter<\/strong> ast\u0103zi \u0219i bucura\u021bi-v\u0103 de o c\u0103l\u0103torie plin\u0103 de relaxare, aventur\u0103 \u0219i priveli\u0219ti uluitoare din Gran Canaria.<\/p>\n<p>\ud83d\udc49 <a href=\"https:\/\/canaryvip.com\/ro\/\" target=\"_new\" rel=\"noopener\"><span>Rezerv\u0103<\/span><span> Acum<\/span><\/a> \u0219i crea\u021bi amintiri care vor dura o via\u021b\u0103!<\/p>","protected":false},"excerpt":{"rendered":"<p><strong>\ud83d\udd0d Magic Island Gran Canaria:<\/strong><br \/>\n\u2705 Plat\u0103 sigur\u0103.<br \/>\n\ud83d\udd10 Tururi private.<br \/>\n\ud83d\udee5\ufe0f 12m Yacht Confort Yacht.<br \/>\n\u23f3 Tururi zilnice de 3H, 6H &amp; 8H.<br \/>\n\ud83d\udd59 Ore de plecare diferite.<br \/>\n\ud83d\udc65 P\u00e2n\u0103 la 8 persoane.<br \/>\n\ud83e\udd3f Se ofer\u0103 echipament de snorkel.<br \/>\n\ud83d\ude8c Preluare \u0219i predare.<br \/>\n\ud83e\udd11 Cel mai bun pre\u021b garantat.<br \/>\n\ud83d\udc6a Reduceri activate.<br \/>\n\ud83d\udd01 Anulare de p\u00e2n\u0103 la 8 zile.<br \/>\n\ud83c\udf0d Multilingual Crew.<br \/>\n\ud83c\udf1f Rezerva\u021bi din timp \u0219i economisi\u021bi!<br \/>\n\ud83d\udccd Plecare din <a href=\"https:\/\/maps.app.goo.gl\/4TJkgAg6UBpnsyhm9\">Puerto de Mog\u00e1n<\/a>.<\/p>","protected":false},"featured_media":12950,"comment_status":"open","ping_status":"closed","template":"","meta":{"_acf_changed":false},"product_brand":[],"product_cat":[132],"product_tag":[],"class_list":{"0":"post-12949","1":"product","2":"type-product","3":"status-publish","4":"has-post-thumbnail","6":"product_cat-boat-hire-gran-canaria","7":"wcpa_has_options","9":"first","10":"instock","11":"virtual","12":"purchasable","13":"product-type-simple"},"acf":[],"wcpa_form_fields":{"wcpaData":{"product":{"product_price":399,"price_html":"From&nbsp;<span class=\"woocommerce-Price-amount amount\"><bdi>399,00&nbsp;<span class=\"woocommerce-Price-currencySymbol\">&euro;<\/span><\/bdi><\/span>","original_product_price":399,"price_including_tax":399,"price_excluding_tax":399,"product_id":{"parent":12949,"variation":false},"is_variable":false,"stock_status":"instock","stock_quantity":null,"parent_sku":"CV12949","product_attributes":[],"custom_fields":[],"is_taxable":false,"product_name":"Sunkiss Boat Charter<br\/>Gran Canaria","hasImage":false},"fields":{"sec_667811df8760f9":{"extra":{"key":"sec_667811df8760f9","section_id":"sec_667811df8760f9","name":"Default","status":1,"cl_rule":"show","enableCl":false,"relations":[],"toggle":true,"title_tag":"h3","show_title":false,"showPrice":"default","form_id":13536,"form_rules":{"exclude_from_discount":true,"fee_label":"Fee","disp_hide_options_price":true,"disp_show_section_price":false,"disp_show_field_price":true,"layout_option":"standard","pric_use_as_fee":false,"process_fee_as":"woo_fee"},"layout_option":"standard"},"fields":[[{"label":"\ud83d\udcc5 Date","active":true,"required":true,"elementId":"date_567811df876119","picker_type":"custom","picker_mode":"single","placeholder":"","description":"","tooltip":"","name":"date_567811df876119","label_position":"default","desc_position":"default","enablePrice":false,"className":"","enableCl":false,"relations":[{"operator":"and","rules":[{"operator":"AND","rules":{"cl_field":"radio-group_565c78ffa81208","cl_relation":"is","cl_val":"3 Hour Trip"}}]}],"date_pic_inline":true,"date_pic_inline_hide":true,"min_date":{"type":"days","val":"2"},"max_date":{"type":"days","val":"365"},"date_pic_conf":{"disabledWeeks":[]},"price":"","cl_rule":"show","col":6,"type":"date","error":false,"enableDesign":false,"LabelColor":"","gt_translate_keys":["label","placeholder","description","tooltip"],"price_dependency":false,"cl_dependency":false,"value":""}],[{"elementId":"separator_267811df876128","separatorType":"blank","className":"","height":"3","enableCl":false,"relations":false,"cl_rule":"show","col":6,"type":"separator","error":false,"gt_translate_keys":[],"price_dependency":false,"cl_dependency":false,"value":""}],[{"active":true,"col":6,"relations":false,"cl_rule":"show","enableCl":false,"price":"","enablePrice":true,"className":"","label_position":"default","desc_position":"default","type":"select","required":true,"elementId":"select_267811df876133","label":"\u23f3 Trip Duration","name":"select_267811df876133","values":[{"label":"3 Hours (399\u20ac)","value":"3","selected":false,"tempId":"aco_556","price":"399","gt_translate_keys":["label"]},{"label":"6 Hours (700\u20ac)","value":"6","selected":false,"tempId":"aco_122","price":"700","gt_translate_keys":["label"]},{"label":"8 Hours (900\u20ac)","value":"8","selected":false,"tempId":"aco_41","price":"900","gt_translate_keys":["label"]}],"dropdown_type":"basic","error":false,"placeholder":"Select Trip Duration","priceOptions":"different_for_all","pricingType":"fixed","is_show_price":false,"gt_translate_keys":["label","placeholder"],"price_dependency":false,"cl_dependency":false,"value":""}],[{"label":"\u2705 Number of People","active":true,"required":true,"elementId":"select_667811df87613d","dropdown_type":"basic","placeholder":"Select Number of People","name":"select_667811df87613d","label_position":"default","desc_position":"default","enablePrice":false,"className":"","enableCl":false,"relations":[{"operator":false,"rules":[{"operator":"AND","rules":{"cl_field":"radio-group_565c78ffa81208","cl_relation":"is","cl_val":"3 Hour Trip"}}]}],"values":[{"label":"1 person","value":"1","selected":false,"tempId":"aco_1471","price":"0","gt_translate_keys":["label"]},{"label":"2 people","value":"2","selected":false,"tempId":"aco_1472","price":"0","gt_translate_keys":["label"]},{"label":"3 people","value":"3","selected":false,"tempId":"aco_1500","price":"0","gt_translate_keys":["label"]},{"label":"4 people","value":"4","selected":false,"tempId":"aco_1510","price":"0","gt_translate_keys":["label"]},{"label":"5 people","value":"5","selected":false,"tempId":"aco_1520","price":"0","gt_translate_keys":["label"]},{"label":"6 people","value":"6","selected":false,"tempId":"aco_1728","price":"0","gt_translate_keys":["label"]},{"label":"7 people","value":"7","selected":false,"tempId":"aco_1738","price":"0","gt_translate_keys":["label"]},{"label":"8 people","value":"8","selected":false,"tempId":"aco_1748","price":"0","gt_translate_keys":["label"]}],"price":"","cl_rule":"show","col":6,"type":"select","error":false,"priceOptions":"different_for_all","pricingType":"fixed","is_show_price":false,"gt_translate_keys":["label","placeholder"],"price_dependency":["select_067811df876146"],"cl_dependency":false,"value":""}],[{"active":true,"col":6,"relations":false,"cl_rule":"show","enableCl":false,"price":"","enablePrice":true,"className":"","label_position":"default","desc_position":"default","type":"select","required":false,"elementId":"select_067811df876146","label":"\ud83c\udf57 Meal (+10\u20ac\/person)","name":"select_067811df876146","values":[{"label":"No","value":"No","selected":false,"tempId":"aco_2562","price":"","gt_translate_keys":["label"]},{"label":"Yes (+10\u20ac\/person)","value":"Yes","selected":false,"tempId":"aco_2563","price":"{field.select_667811df87613d.value}*10","gt_translate_keys":["label"]}],"dropdown_type":"basic","error":false,"description":"Snacks and drinks are included. If you want an extra meal, please select this option. The meal is marinated chicken with mojo potatoes and coleslaw. Payment due at arrival the day of the tour.","priceOptions":"different_for_all","pricingType":"custom","isTemplate":false,"is_show_price":true,"gt_translate_keys":["label","description"],"price_dependency":false,"cl_dependency":false,"value":""}]]},"sec_167811df876147":{"extra":{"key":"sec_167811df876147","section_id":"sec_167811df876147","name":"Pickup Location","status":1,"cl_rule":"show","enableCl":false,"relations":[],"toggle":true,"title_tag":"h4","show_title":false,"showPrice":"default","form_id":13536,"form_rules":{"exclude_from_discount":true,"fee_label":"Fee","disp_hide_options_price":true,"disp_show_section_price":false,"disp_show_field_price":true,"layout_option":"standard","pric_use_as_fee":false,"process_fee_as":"woo_fee"},"layout_option":"standard"},"fields":[[{"elementId":"separator_1067811df876152","separatorType":"blank","className":"","height":"3","enableCl":false,"relations":false,"cl_rule":"show","col":6,"type":"separator","error":false,"gt_translate_keys":[],"price_dependency":false,"cl_dependency":false,"value":""}],[{"active":true,"col":6,"relations":[{"operator":false,"rules":[{"operator":"AND","rules":{"cl_field":"radio-group_565c78ffa81208","cl_relation":"is","cl_val":"3 Hour Trip"}}]}],"cl_rule":"show","enableCl":false,"price":"","enablePrice":false,"className":"","label_position":"default","desc_position":"default","type":"select","required":false,"elementId":"select_667811df87615b","label":"\u23f0 Departure","name":"select_667811df87615b","values":[{"label":"09:00","value":"09:00","selected":false,"tempId":"aco_1471","gt_translate_keys":["label"]},{"label":"12:00","value":"12:00","selected":false,"tempId":"aco_1510","gt_translate_keys":["label"]},{"label":"15:00","value":"15:00","selected":false,"tempId":"aco_1738","gt_translate_keys":["label"]}],"dropdown_type":"basic","error":false,"placeholder":"Whichever Time is Best","gt_translate_keys":["label","placeholder"],"price_dependency":false,"cl_dependency":false,"value":""}],[{"elementId":"separator_767811df876165","separatorType":"blank","className":"","height":"1","enableCl":false,"relations":false,"cl_rule":"show","col":6,"type":"separator","gt_translate_keys":[],"price_dependency":false,"cl_dependency":false,"value":""}],[{"elementId":"separator_967811df876170","separatorType":"blank","className":"","height":"1","enableCl":false,"relations":false,"cl_rule":"show","col":6,"type":"separator","error":false,"gt_translate_keys":[],"price_dependency":false,"cl_dependency":false,"value":""}],[{"active":true,"col":6,"relations":false,"cl_rule":"show","enableCl":false,"price":"","enablePrice":false,"className":"","label_position":"default","desc_position":"default","type":"text","subtype":"text","required":false,"elementId":"text_967811df876178","label":"\ud83d\ude8c Pickup Location","name":"text_967811df876178","value":"","error":false,"description":"Pick-up service in some locations. Simply provide your address or hotel name. (+2\u20ac\/person paid at pickup to the driver)","gt_translate_keys":["label","description","value"],"price_dependency":false,"cl_dependency":false}]]}},"config":{"price_override":"always","enable_recaptcha":false,"bind_quantity":false,"quantity_bind_formula":false,"disp_summ_show_option_price":true,"disp_summ_show_product_price":false,"disp_summ_show_total_price":true,"disp_summ_show_fee":true,"disp_summ_show_discount":true,"summary_title":"","options_total_label":"Options Price","total_label":"Total Amount","options_product_label":"Product Price","fee_label":"Fee","discount_label":"Discount","has_price":true,"has_quantity_formula":false},"mc_unit":1,"tax_rate":1,"tax_rate_real":1,"discount":{"percentage":0,"fixed":0},"design":{"conf":{"LabelPosition":"above","DescPosition":"above","UploadField":"custom_1","QuantityFieldStyle":"custom_1"},"css":{"LeftLabelWidth":"120px"}},"formulas":{"fmla_1708364241278155361":"(({field.select_3666b1eb2b11fe.value}>=8)?(1400):(({field.select_3666b1eb2b11fe.value}>=7)?(1225):(({field.select_3666b1eb2b11fe.value}>=6)?(1050):(({field.select_3666b1eb2b11fe.value}>=5)?(875):(({field.select_3666b1eb2b11fe.value}>=4)?(700):(({field.select_3666b1eb2b11fe.value}>=3)?(500):(0)))))))","fmla_1718295979528641619":"(({field.select_3666b1eb2b11fe.value}>=8)?(280):(({field.select_3666b1eb2b11fe.value}>=7)?(205):(({field.select_3666b1eb2b11fe.value}>=6)?(150):(({field.select_3666b1eb2b11fe.value}>=5)?(175):(({field.select_3666b1eb2b11fe.value}>=4)?(200):(({field.select_3666b1eb2b11fe.value}>=3)?(150):(0)))))))"},"lookuptables":[],"clones":false,"cartKey":false}},"_links":{"self":[{"href":"https:\/\/canaryvip.com\/ro\/wp-json\/wp\/v2\/product\/12949","targetHints":{"allow":["GET"]}}],"collection":[{"href":"https:\/\/canaryvip.com\/ro\/wp-json\/wp\/v2\/product"}],"about":[{"href":"https:\/\/canaryvip.com\/ro\/wp-json\/wp\/v2\/types\/product"}],"replies":[{"embeddable":true,"href":"https:\/\/canaryvip.com\/ro\/wp-json\/wp\/v2\/comments?post=12949"}],"wp:featuredmedia":[{"embeddable":true,"href":"https:\/\/canaryvip.com\/ro\/wp-json\/wp\/v2\/media\/12950"}],"wp:attachment":[{"href":"https:\/\/canaryvip.com\/ro\/wp-json\/wp\/v2\/media?parent=12949"}],"wp:term":[{"taxonomy":"product_brand","embeddable":true,"href":"https:\/\/canaryvip.com\/ro\/wp-json\/wp\/v2\/product_brand?post=12949"},{"taxonomy":"product_cat","embeddable":true,"href":"https:\/\/canaryvip.com\/ro\/wp-json\/wp\/v2\/product_cat?post=12949"},{"taxonomy":"product_tag","embeddable":true,"href":"https:\/\/canaryvip.com\/ro\/wp-json\/wp\/v2\/product_tag?post=12949"}],"curies":[{"name":"wp","href":"https:\/\/api.w.org\/{rel}","templated":true}]}}