{"id":12784,"date":"2024-08-05T16:50:08","date_gmt":"2024-08-05T15:50:08","guid":{"rendered":"https:\/\/canaryvip.com\/?post_type=product&#038;p=12784"},"modified":"2025-08-09T14:08:37","modified_gmt":"2025-08-09T13:08:37","slug":"self-drive-boat-hire-tenerife","status":"publish","type":"product","link":"https:\/\/canaryvip.com\/ro\/shop\/self-drive-boat-hire-tenerife\/","title":{"rendered":"\u00cenchiriere de b\u0103rci cu propulsie proprie Tenerife"},"content":{"rendered":"<h2>\ud83d\udea4 \u00cenchiria\u021bi o barc\u0103 f\u0103r\u0103 permis \u00een Tenerife<\/h2>\n<p>Porni\u021bi \u00een aventura dvs. acvatic\u0103 \u00eenchiriind o barc\u0103 cu propulsie autonom\u0103 \u00een <a href=\"https:\/\/canaryvip.com\/ro\/tenerife\/\">Tenerife<\/a>, perfect pentru cei care t\u00e2njesc dup\u0103 libertatea de a naviga singuri.<\/p>\n<p>Porni\u021bi de la pitoresc <a href=\"https:\/\/www.google.com\/maps\/place\/Puerto+Col%C3%B3n\/@28.078002,-16.7394902,1078m\/data=!3m2!1e3!4b1!4m6!3m5!1s0xc6a9743509c9ebf:0xd62345524f768247!8m2!3d28.078002!4d-16.7369153!16s%2Fg%2F11c6cqryw_?authuser=0&amp;entry=tts&amp;g_ep=EgoyMDI0MDgwNC4wKgBIAVAD\" target=\"_blank\" rel=\"noopener\">Puerto Col\u00f3n<\/a>, unde ve\u021bi avea ocazia s\u0103 descoperi\u021bi locuri izolate, s\u0103 v\u0103 bucura\u021bi de soare sau de un picnic pe ap\u0103, \u00eenconjura\u021bi de valurile cristaline ale Atlanticului.<\/p>\n<p>Imagina\u021bi-v\u0103 emo\u021bia de a prelua singur c\u00e2rma, navig\u00e2nd pe apele uimitoare din Tenerife. Sim\u021bi\u021bi v\u00e2ntul \u00een p\u0103r \u0219i soarele pe fa\u021b\u0103 \u00een timp ce v\u0103 stabili\u021bi propriul curs. Ambarca\u021biunile noastre pot g\u0103zdui p\u00e2n\u0103 la 5 pasageri, ceea ce le face perfecte pentru \u00eenchirieri de jum\u0103tate de zi sau aventuri de o zi \u00eentreag\u0103.<\/p>\n<h3>\ud83d\udea4 C\u0103l\u0103toria ta, comanda ta<\/h3>\n<ul>\n<li><strong>Design compact:<\/strong> Bucura\u021bi-v\u0103 de o naviga\u021bie elegant\u0103 \u0219i confortabil\u0103 cu b\u0103rcile noastre bine \u00eentre\u021binute.<\/li>\n<li><strong>Un peisaj impresionant:<\/strong> Naviga\u021bi aproape de frumoasa plaj\u0103 La Caleta sau Diego Hernandez din Tenerife, bucur\u00e2ndu-v\u0103 de via\u021ba marin\u0103 vibrant\u0103 din jurul dvs.<\/li>\n<li><strong style=\"letter-spacing: 0em;\">B\u0103i private:<\/strong><span style=\"letter-spacing: 0em;\"> Arunca\u021bi ancora \u00een golfule\u021be ascunse, ideale pentru \u00eenot, snorkeling sau plaj\u0103.<\/span><\/li>\n<li><strong>Gust\u0103ri pe mare:<\/strong> Libertatea de a aduce \u0219i de a v\u0103 bucura de propria m\u00e2ncare la bord \u00eembun\u0103t\u0103\u021be\u0219te aceast\u0103 experien\u021b\u0103 personal\u0103 de \u00eenchiriere de b\u0103rci cu autoturism \u00een Tenerife.<\/li>\n<li><strong>Manevrabilitate f\u0103r\u0103 efort:<\/strong> Cu un design u\u0219or de utilizat \u0219i capacit\u0103\u021bi de croazier\u0103 stabile, b\u0103rcile noastre fac ca naviga\u021bia s\u0103 fie accesibil\u0103 tuturor.<\/li>\n<\/ul>\n<h3>\u2728 Detaliile cheie ale \u00eenchirierii de b\u0103rci Self Drive<\/h3>\n<p><strong>Personalizat \u00een func\u021bie de preferin\u021bele dumneavoastr\u0103:<\/strong> Perfecte pentru o retragere \u00een cuplu sau o ie\u0219ire \u00een grup, b\u0103rcile noastre, potrivite pentru p\u00e2n\u0103 la 5 persoane, sunt preg\u0103tite pentru orice eveniment. Sunt furnizate instruc\u021biuni complete pentru a asigura o experien\u021b\u0103 sigur\u0103 \u0219i pl\u0103cut\u0103 pe ap\u0103.<\/p>\n<p><strong>O alegere versatil\u0103 pentru to\u021bi:<\/strong> Ideale pentru familii, prieteni sau exploratori solo, b\u0103rcile noastre f\u0103r\u0103 permis v\u0103 permit s\u0103 experimenta\u021bi un amestec de autonomie \u0219i lux pitoresc pe fundalul liniei de coast\u0103 din Tenerife.<\/p>\n<h3>\ud83d\udea4 Preg\u0103tirea pentru excursie<\/h3>\n<p>Preg\u0103ti\u021bi-v\u0103 pentru o zi de neuitat pe mare cu articole esen\u021biale, precum costume de baie \u0219i crem\u0103 de protec\u021bie solar\u0103. Toate instrumentele de naviga\u021bie necesare sunt furnizate de noi, astfel \u00eenc\u00e2t s\u0103 v\u0103 pute\u021bi concentra doar pe pl\u0103cerea de a descoperi.<\/p>\n<p>Nu uita\u021bi aparatul foto pentru a surprinde priveli\u0219tile uluitoare ale \u021b\u0103rmurilor din Tenerife \u0219i via\u021ba acvatic\u0103 care \u00eenflore\u0219te sub ele.<\/p>\n<h3>\ud83d\udcdc Anulare \u0219i politici la bord<\/h3>\n<p><strong>Charter privat cu barca:<\/strong> Anula\u021bi gratuit cu p\u00e2n\u0103 la 96 de ore \u00eenainte de plecare. Dac\u0103 anula\u021bi cu mai pu\u021bin de 72 de ore \u00eenainte, avansul nu va fi rambursat.<\/p>\n<p><strong>C\u0103l\u0103torie comun\u0103:<\/strong> Anulare gratuit\u0103 cu p\u00e2n\u0103 la 48 de ore \u00eenainte de plecarea programat\u0103. Dac\u0103 anula\u021bi mai t\u00e2rziu sau nu v\u0103 prezenta\u021bi, avansul va fi pierdut.<\/p>\n<p><strong>\ud83c\udf26\ufe0f Vremea \u0219i num\u0103rul minim de participan\u021bi:<\/strong> \u00cen caz de vreme nefavorabil\u0103 sau dac\u0103 nu sunt suficien\u021bi participan\u021bi, pute\u021bi opta pentru o rambursare complet\u0103 sau pentru reprogramarea excursiei la o alt\u0103 dat\u0103.<\/p>\n<p><strong>\ud83d\udea2 Reguli la bord:<\/strong> V\u0103 rug\u0103m s\u0103 sosi\u021bi la timp! Nu se acord\u0103 ramburs\u0103ri pentru sosiri \u00eent\u00e2rziate sau schimb\u0103ri de itinerar cauzate de r\u0103u de mare.<\/p>\n<h3>\ud83d\ude99 Punct de plecare \u0219i parcare<\/h3>\n<p><strong>\u00cencepe\u021bi la <a href=\"https:\/\/www.google.com\/maps\/place\/Puerto+Col%C3%B3n\/@28.078002,-16.7394902,1078m\/data=!3m2!1e3!4b1!4m6!3m5!1s0xc6a9743509c9ebf:0xd62345524f768247!8m2!3d28.078002!4d-16.7369153!16s%2Fg%2F11c6cqryw_?authuser=0&amp;entry=tts&amp;g_ep=EgoyMDI0MDgwNC4wKgBIAVAD\" target=\"_blank\" rel=\"noopener\">Puerto Col\u00f3n<\/a>:<\/strong> Aventura ta maritim\u0103 \u00eencepe la <strong>Puerto Col\u00f3n<\/strong>O parcare ampl\u0103 \u00een port v\u0103 permite s\u0103 v\u0103 \u00eencepe\u021bi ziua cu u\u0219urin\u021b\u0103. Ajunge\u021bi pu\u021bin mai devreme pentru a v\u0103 \u00eencepe c\u0103l\u0103toria f\u0103r\u0103 grab\u0103.<\/p>\n<h3>\ud83c\udf1f CanaryVIP's Pledge to You<\/h3>\n<p>La CanaryVIP, prioritiz\u0103m satisfac\u021bia dvs. mai presus de orice. Bucura\u021bi-v\u0103 de politici de anulare adaptabile, care ofer\u0103 siguran\u021b\u0103 atunci c\u00e2nd v\u0103 rezerva\u021bi \u00eenchirierea b\u0103rcii cu autoconducere. Ne angaj\u0103m s\u0103 oferim servicii remarcabile, cu accent pe siguran\u021b\u0103 \u0219i dorin\u021ba de a v\u0103 \u00eembun\u0103t\u0103\u021bi experien\u021ba \u00een apele maiestuoase din Tenerife.<\/p>\n<p>Porni\u021bi \u00eentr-o aventur\u0103 cu o barc\u0103 f\u0103r\u0103 permis, navig\u00e2nd pe m\u0103rile glorioase din Tenerife \u0219i descoperind bijuteriile ascunse de-a lungul coastei <strong>Puerto Col\u00f3n.<\/strong><\/p>\n<p>Rezerva\u021bi ast\u0103zi pentru o aventur\u0103 nautic\u0103 exclusivist\u0103 care \u00eembin\u0103 independen\u021ba, confortul \u0219i frumuse\u021bea imaculat\u0103 a Insulelor Canare. Rezerva\u021bi acum \u0219i crea\u021bi amintiri de neuitat pe mare!<\/p>","protected":false},"excerpt":{"rendered":"<p><strong>\ud83d\udd0d Barc\u0103 cu propulsie proprie:<\/strong><br \/>\n<span>\u2705 Plat\u0103 sigur\u0103.<\/span><br \/>\n<span>\ud83e\udeaa F\u0103r\u0103 permis de ambarca\u021biune.<\/span><br \/>\n<span>\ud83d\udee5\ufe0f 5 metri lungime.<\/span><br \/>\n<span>\u23f3 \u00cenchiriere zilnic\u0103 de 2-8 ore.<br \/>\n\u26fd Benzin\u0103 inclus\u0103<\/span><br \/>\n<span>\ud83d\udd59 Orele de plecare personalizabile.<\/span><br \/>\n<span>\ud83d\udc65 P\u00e2n\u0103 la 5 persoane.<\/span><br \/>\n<span>\ud83e\udd3f Echipament de snorkeling.<\/span><br \/>\n<span>\ud83e\udd11 Cel mai bun pre\u021b garantat.<\/span><br \/>\n<span>\ud83d\udc6a Reduceri activate.<\/span><br \/>\n<span>\ud83d\udd01 Anulare de p\u00e2n\u0103 la 4 zile.<\/span><br \/>\n<span>\ud83c\udf0d Suport multilingv.<\/span><br \/>\n<span>\ud83c\udf1f Rezerva\u021bi din timp \u0219i economisi\u021bi!<br \/>\n\ud83d\udccd Plecare din <a href=\"https:\/\/maps.app.goo.gl\/3EAT9KE3yNKvnqsz7\" target=\"_blank\" rel=\"noopener\">Puerto Col\u00f3n<\/a>.<br \/>\n<\/span><\/p>","protected":false},"featured_media":14654,"comment_status":"open","ping_status":"closed","template":"","meta":{"_acf_changed":false},"product_brand":[],"product_cat":[130],"product_tag":[],"class_list":{"0":"post-12784","1":"product","2":"type-product","3":"status-publish","4":"has-post-thumbnail","6":"product_cat-self-drive-boat-hire","7":"wcpa_has_options","9":"first","10":"instock","11":"sale","12":"virtual","13":"purchasable","14":"product-type-simple"},"acf":[],"wcpa_form_fields":{"wcpaData":{"product":{"product_price":180,"price_html":"From&nbsp;<del aria-hidden=\"true\"><span class=\"woocommerce-Price-amount amount\"><bdi>200,00&nbsp;<span class=\"woocommerce-Price-currencySymbol\">&euro;<\/span><\/bdi><\/span><\/del> <span class=\"screen-reader-text\">Pre\u021bul ini\u021bial a fost: 200,00&nbsp;&euro;.<\/span><ins aria-hidden=\"true\"><span class=\"woocommerce-Price-amount amount\"><bdi>180,00&nbsp;<span class=\"woocommerce-Price-currencySymbol\">&euro;<\/span><\/bdi><\/span><\/ins><span class=\"screen-reader-text\">Pre\u021bul curent este: 180,00&nbsp;&euro;.<\/span>","original_product_price":200,"price_including_tax":180,"price_excluding_tax":180,"product_id":{"parent":12784,"variation":false},"is_variable":false,"stock_status":"instock","stock_quantity":null,"parent_sku":"CV12784","product_attributes":[],"custom_fields":[],"is_taxable":false,"product_name":"Self Drive Boat Hire Tenerife","hasImage":false},"fields":{"sec_666b2beb820739":{"extra":{"key":"sec_666b2beb820739","section_id":"sec_666b2beb820739","name":"Default","status":1,"cl_rule":"show","enableCl":false,"relations":[],"toggle":true,"title_tag":"h3","show_title":false,"showPrice":"default","form_id":12811,"form_rules":{"exclude_from_discount":true,"fee_label":"Fee","disp_hide_options_price":true,"disp_show_section_price":false,"disp_show_field_price":true,"layout_option":"standard","pric_use_as_fee":false,"process_fee_as":"woo_fee"},"layout_option":"standard"},"fields":[[{"label":"\ud83d\udcc5 Date","active":true,"required":true,"elementId":"date_466b2beb820758","picker_type":"custom","picker_mode":"single","placeholder":"","description":"","tooltip":"","name":"date_466b2beb820758","label_position":"default","desc_position":"default","enablePrice":false,"className":"","enableCl":false,"relations":[{"operator":"and","rules":[{"operator":"AND","rules":{"cl_field":"radio-group_565c78ffa81208","cl_relation":"is","cl_val":"3 Hour Trip"}}]}],"date_pic_inline":true,"date_pic_inline_hide":true,"min_date":{"type":"days","val":"0"},"max_date":{"type":"days","val":"365"},"date_pic_conf":{"disabledWeeks":[],"disabledDates":[]},"price":"","cl_rule":"show","col":6,"type":"date","error":false,"enableDesign":false,"LabelColor":"","gt_translate_keys":["label","placeholder","description","tooltip"],"price_dependency":false,"cl_dependency":false,"value":""}],[{"contentType":"rich","active":true,"label":"","elementId":"content_466b2beb820766","value":"<p>\ud83c\udf9f\ufe0f <strong>Reservation<\/strong>: Pay only a deposit now to reserve; the rest is due on the day of the activity upon arrival.<\/p>","inline":false,"name":"content_466b2beb820766","enablePrice":false,"className":"","subtype":"p","enableCl":false,"relations":false,"price":"","cl_rule":"show","col":6,"type":"content","error":false,"pricingType":"custom","isTemplate":false,"is_show_price":true,"show_in_checkout":true,"gt_translate_keys":["label","value"],"price_dependency":false,"cl_dependency":false}],[{"active":true,"col":6,"relations":false,"cl_rule":"show","enableCl":false,"price":"","enablePrice":true,"className":"","label_position":"default","desc_position":"default","type":"select","required":true,"elementId":"select_366b2beb82077c","label":"\u23f3 Trip Duration","name":"select_366b2beb82077c","values":[{"label":"2 Hours (180\u20ac)","value":"2","selected":false,"tempId":"aco_85","price":"180","gt_translate_keys":["label"]},{"label":"3 Hours (250\u20ac)","value":"3","selected":false,"tempId":"aco_556","price":"250","gt_translate_keys":["label"]},{"label":"4 Hours (320\u20ac)","value":"4","selected":false,"tempId":"aco_605","price":"320","gt_translate_keys":["label"]},{"label":"5 Hours (390\u20ac)","value":"5","selected":false,"tempId":"aco_724","price":"390","gt_translate_keys":["label"]},{"label":"6 Hours (460\u20ac)","value":"6","selected":false,"tempId":"aco_401","price":"460","gt_translate_keys":["label"]}],"dropdown_type":"basic","error":false,"placeholder":"Select Trip Duration","priceOptions":"different_for_all","pricingType":"fixed","is_show_price":true,"gt_translate_keys":["label","placeholder"],"price_dependency":["content_266b2beb82078f","content_266b2beb820799"],"cl_dependency":false,"value":""}],[{"active":true,"col":6,"relations":false,"cl_rule":"show","enableCl":false,"price":"","enablePrice":false,"className":"","label_position":"default","desc_position":"default","type":"separator","required":false,"elementId":"separator_8240912106","label":"Separator Field","height":"3","separatorType":"fill","error":false,"separatorColor":"#66a5b6","gt_translate_keys":["label"],"price_dependency":false,"cl_dependency":false,"value":""}],[{"active":true,"col":6,"relations":false,"cl_rule":"show","enableCl":false,"price":"({field.select_366b2beb82077c.price}*0.2)+({field.select_166b2beb820786.price}*0.1)","enablePrice":true,"className":"","label_position":"default","desc_position":"default","type":"content","required":false,"elementId":"content_266b2beb82078f","label":"Deposit Payment","name":"content_266b2beb82078f","contentType":"plain","value":"","error":false,"pricingType":"custom","isTemplate":true,"is_show_price":false,"enableDesign":true,"scrollBar":false,"use_as_fee":false,"fee_label":"Payment Now","inline":true,"show_in_checkout":true,"subtype":"div","formulaId":"fmla_1708364241278155361","LabelSize":"14px","gt_translate_keys":["label","value"],"price_dependency":["content_466b2beb8207a2"],"cl_dependency":false}],[{"contentType":"plain","active":true,"label":"Payment at Arrival","elementId":"content_266b2beb820799","value":"","inline":true,"show_in_checkout":true,"name":"content_266b2beb820799","enablePrice":true,"className":"","fee_label":"Payment at Arrival","subtype":"div","enableCl":false,"relations":false,"scrollBar":false,"enableDesign":true,"pricingType":"custom","isTemplate":true,"price":"({field.select_366b2beb82077c.price}*0.8)+({field.select_166b2beb820786.price}*0.9)","use_as_fee":false,"is_show_price":true,"cl_rule":"show","col":6,"type":"content","error":false,"formulaId":"fmla_172299064258378161","LabelSize":"14px","gt_translate_keys":["label","value"],"price_dependency":["content_466b2beb8207a2"],"cl_dependency":false}],[{"contentType":"plain","active":true,"label":"Total Price","elementId":"content_466b2beb8207a2","value":"","inline":true,"show_in_checkout":true,"name":"content_466b2beb8207a2","enablePrice":true,"className":"","fee_label":"Payment at Arrival","subtype":"div","enableCl":false,"relations":false,"scrollBar":false,"enableDesign":true,"LabelSize":"14px","pricingType":"custom","isTemplate":false,"price":"({field.content_266b2beb82078f.price})+({field.content_266b2beb820799.price})","formulaId":"fmla_1708360988969136756","use_as_fee":false,"is_show_price":true,"cl_rule":"show","col":6,"type":"content","error":false,"gt_translate_keys":["label","value"],"price_dependency":false,"cl_dependency":false}],[{"elementId":"separator-8320172123","separatorType":"fill","separatorColor":"#66a5b6","className":"","height":"3","enableCl":false,"relations":false,"cl_rule":"show","col":6,"type":"separator","gt_translate_keys":[],"price_dependency":false,"cl_dependency":false,"value":""}],[{"active":true,"col":6,"relations":[{"operator":false,"rules":[{"operator":"AND","rules":{"cl_field":"radio-group_565c78ffa81208","cl_relation":"is","cl_val":"3 Hour Trip"}}]}],"cl_rule":"show","enableCl":false,"price":"","enablePrice":false,"className":"","label_position":"default","desc_position":"default","type":"select","required":false,"elementId":"select_866b2beb8207ab","label":"\u23f0 Departure Time","name":"select_866b2beb8207ab","values":[{"label":"9:30","value":"9:30","selected":false,"tempId":"aco_1471","gt_translate_keys":["label"]},{"label":"10:30","value":"10:30","selected":false,"tempId":"aco_1472","gt_translate_keys":["label"]},{"label":"11:30","value":"11:30","selected":false,"tempId":"aco_1500","gt_translate_keys":["label"]},{"label":"12:30","value":"12:30","selected":false,"tempId":"aco_1510","gt_translate_keys":["label"]},{"label":"13:30","value":"13:30","selected":false,"tempId":"aco_1520","gt_translate_keys":["label"]},{"label":"14:30","value":"14:30","selected":false,"tempId":"aco_1728","gt_translate_keys":["label"]},{"label":"15:30","value":"15:30","selected":false,"tempId":"aco_1738","gt_translate_keys":["label"]}],"dropdown_type":"basic","error":false,"placeholder":"Whichever Time is Best","gt_translate_keys":["label","placeholder"],"price_dependency":false,"cl_dependency":false,"value":""}],[{"elementId":"separator_266b2beb8207b5","separatorType":"blank","className":"","height":"1","enableCl":false,"relations":false,"cl_rule":"show","col":6,"type":"separator","gt_translate_keys":[],"price_dependency":false,"cl_dependency":false,"value":""}],[{"label":"\u2705 Number of People","active":true,"required":true,"elementId":"select_466b2beb8207be","dropdown_type":"basic","placeholder":"Select Number of People","name":"select_466b2beb8207be","label_position":"default","desc_position":"default","enablePrice":false,"className":"","enableCl":false,"relations":[{"operator":false,"rules":[{"operator":"AND","rules":{"cl_field":"radio-group_565c78ffa81208","cl_relation":"is","cl_val":"3 Hour Trip"}}]}],"values":[{"label":"1 person","value":"1","selected":false,"tempId":"aco_1471","gt_translate_keys":["label"]},{"label":"2 people","value":"2","selected":false,"tempId":"aco_1472","gt_translate_keys":["label"]},{"label":"3 people","value":"3","selected":false,"tempId":"aco_1500","gt_translate_keys":["label"]},{"label":"4 people","value":"4","selected":false,"tempId":"aco_1510","gt_translate_keys":["label"]},{"label":"5 people","value":"5","selected":false,"tempId":"aco_1520","gt_translate_keys":["label"]},{"label":"6 people","value":"6","selected":false,"tempId":"aco_2006","gt_translate_keys":["label"]}],"price":"","cl_rule":"show","col":6,"type":"select","error":false,"gt_translate_keys":["label","placeholder"],"price_dependency":false,"cl_dependency":false,"value":""}]]}},"config":{"price_override":"always","enable_recaptcha":false,"bind_quantity":false,"quantity_bind_formula":false,"disp_summ_show_option_price":true,"disp_summ_show_product_price":false,"disp_summ_show_total_price":false,"disp_summ_show_fee":true,"disp_summ_show_discount":true,"summary_title":"","options_total_label":"Options Price","total_label":"Total Amount","options_product_label":"Product Price","fee_label":"Fee","discount_label":"Discount","has_price":true,"has_quantity_formula":false},"mc_unit":1,"tax_rate":1,"tax_rate_real":1,"discount":{"percentage":0,"fixed":0},"design":{"conf":{"LabelPosition":"above","DescPosition":"above","UploadField":"custom_1","QuantityFieldStyle":"custom_1"},"css":{"LeftLabelWidth":"120px"}},"formulas":{"fmla_1708364241278155361":"(({field.select_366b2beb82077c.value}>=6)?(130):(({field.select_366b2beb82077c.value}>=5)?(110):(({field.select_366b2beb82077c.value}>=4)?(90):(({field.select_366b2beb82077c.value}>=3)?(70):(({field.select_366b2beb82077c.value}>=2)?(60):(0))))))","fmla_172299064258378161":"(({field.select_366b2beb82077c.value}>=6)?(330):(({field.select_366b2beb82077c.value}>=5)?(280):(({field.select_366b2beb82077c.value}>=4)?(230):(({field.select_366b2beb82077c.value}>=3)?(180):(({field.select_366b2beb82077c.value}>=2)?(120):(0))))))"},"lookuptables":[],"clones":false,"cartKey":false}},"_links":{"self":[{"href":"https:\/\/canaryvip.com\/ro\/wp-json\/wp\/v2\/product\/12784","targetHints":{"allow":["GET"]}}],"collection":[{"href":"https:\/\/canaryvip.com\/ro\/wp-json\/wp\/v2\/product"}],"about":[{"href":"https:\/\/canaryvip.com\/ro\/wp-json\/wp\/v2\/types\/product"}],"replies":[{"embeddable":true,"href":"https:\/\/canaryvip.com\/ro\/wp-json\/wp\/v2\/comments?post=12784"}],"wp:featuredmedia":[{"embeddable":true,"href":"https:\/\/canaryvip.com\/ro\/wp-json\/wp\/v2\/media\/14654"}],"wp:attachment":[{"href":"https:\/\/canaryvip.com\/ro\/wp-json\/wp\/v2\/media?parent=12784"}],"wp:term":[{"taxonomy":"product_brand","embeddable":true,"href":"https:\/\/canaryvip.com\/ro\/wp-json\/wp\/v2\/product_brand?post=12784"},{"taxonomy":"product_cat","embeddable":true,"href":"https:\/\/canaryvip.com\/ro\/wp-json\/wp\/v2\/product_cat?post=12784"},{"taxonomy":"product_tag","embeddable":true,"href":"https:\/\/canaryvip.com\/ro\/wp-json\/wp\/v2\/product_tag?post=12784"}],"curies":[{"name":"wp","href":"https:\/\/api.w.org\/{rel}","templated":true}]}}