{"id":12210,"date":"2024-07-03T15:52:34","date_gmt":"2024-07-03T14:52:34","guid":{"rendered":"https:\/\/canaryvip.com\/?post_type=product&#038;p=12210"},"modified":"2025-08-09T14:02:34","modified_gmt":"2025-08-09T13:02:34","slug":"magic-island-yacht-charter-gran-canaria","status":"publish","type":"product","link":"https:\/\/canaryvip.com\/ro\/shop\/magic-island-yacht-charter-gran-canaria\/","title":{"rendered":"Magic Island: \u00cenchiriere iahturi<br\/> Gran Canaria"},"content":{"rendered":"<h2>\ud83d\udee5\ufe0f Magic Island Yacht Hire Gran Canaria cu CanaryVIP<\/h2>\n<p>Descoperi\u021bi frumuse\u021bea Insulelor Canare din confortul unui <strong>iaht de lux<\/strong> cu nostru Magic Island Yacht Hire \u00een Gran Canaria. Aceasta <strong>excursie cu barca privat\u0103<\/strong> de-a lungul uluitoarei coaste de sud-vest a Gran Canaria este perfect\u0103 pentru familii, prieteni sau oricine caut\u0103 o aventur\u0103 VIP. La CanaryVIP, asigur\u0103m o experien\u021b\u0103 de rezervare f\u0103r\u0103 probleme pentru ziua dvs. de vis pe mare.<\/p>\n<h3>\u2b50\ufe0f De ce s\u0103 alege\u021bi Magic Island Yacht Hire \u00een Gran Canaria<\/h3>\n<p>Iat\u0103 ce face din iahtul Magic Island o alegere remarcabil\u0103 pentru urm\u0103toarea dvs. <strong>inchiriere barca in Gran Canaria<\/strong>:<\/p>\n<h4><strong>Experien\u021b\u0103 privat\u0103 exclusiv\u0103<\/strong><\/h4>\n<p>Bucura\u021bi-v\u0103 de apele cristaline ale Atlanticului \u00een deplin\u0103 intimitate. Cu spa\u021biu pentru p\u00e2n\u0103 la 12 persoane, iahtul Magic Island este ideal pentru s\u0103rb\u0103tori, excursii de familie sau chiar evenimente de afaceri.<\/p>\n<h4><strong>Confort \u0219i stil<\/strong><\/h4>\n<p>Relaxa\u021bi-v\u0103 \u00een interiorul confortabil \u0219i elegant, complet cu un dormitor mic, toalet\u0103, scaune confortabile \u0219i o zon\u0103 de luat masa. Bucura\u021bi-v\u0103 de soarele canarian pe terasa de sus sau relaxa\u021bi-v\u0103 \u00een zonele umbrite \u00een timp ce naviga\u021bi de-a lungul coastei vulcanice.<\/p>\n<h4><strong>Activit\u0103\u021bi acvatice incitante<\/strong><\/h4>\n<p>\u00cembun\u0103t\u0103\u021bi\u021bi-v\u0103 experien\u021ba cu activit\u0103\u021bile pline de distrac\u021bie incluse \u00een rezervarea dvs:<\/p>\n<ul>\n<li><strong>\ud83e\udd3f Echipament de snorkeling:<\/strong> Explora\u021bi lumea subacvatic\u0103 cu echipamentul furnizat la bord.<\/li>\n<li><strong>\ud83c\udf4c Plimbare cu barca banan\u0103:<\/strong> Ad\u0103uga\u021bi pu\u021bin\u0103 adrenalin\u0103 c\u0103l\u0103toriei dvs. cu aceast\u0103 activitate palpitant\u0103, inclus\u0103 f\u0103r\u0103 costuri suplimentare.<\/li>\n<\/ul>\n<h3>\ud83d\udea4 Magic Island Yacht Trip Op\u021biuni<\/h3>\n<p>Alege\u021bi din dou\u0103 durate de c\u0103l\u0103torie pentru a v\u0103 potrivi programul \u0219i preferin\u021bele:<\/p>\n<ul>\n<li><strong>Tur de 3 ore:<\/strong> Ideal pentru o scurt\u0103, dar pl\u0103cut\u0103 introducere \u00een frumuse\u021bea de coast\u0103 a Gran Canaria. \u00cenota\u021bi, face\u021bi snorkeling \u0219i bucura\u021bi-v\u0103 de soare.<\/li>\n<li><strong>Tur de 5 ore:<\/strong> Pentru o experien\u021b\u0103 mai captivant\u0103, nu v\u0103 gr\u0103bi\u021bi s\u0103 explora\u021bi coasta, s\u0103 v\u0103 bucura\u021bi de activit\u0103\u021bi nautice \u0219i s\u0103 v\u0103 relaxa\u021bi la bord cu gust\u0103ri \u0219i b\u0103uturi.<\/li>\n<\/ul>\n<h3>\ud83e\udd42 Ce este inclus \u00een Carta dvs. Yacht<\/h3>\n<p>Your <strong>inchiriere iaht \u00een Gran Canaria<\/strong> include:<\/p>\n<ul>\n<li>Gust\u0103ri precum chipsuri \u0219i nuci.<\/li>\n<li>B\u0103uturi de la un bar deschis, inclusiv bere, b\u0103uturi r\u0103coritoare, ap\u0103 \u0219i sucuri.<\/li>\n<li>Echipament de snorkeling \u0219i o plimbare distractiv\u0103 cu barca banana.<\/li>\n<li>Pr\u00e2nzul este disponibil la cerere (10 \u20ac de persoan\u0103, men\u021biona\u021bi \u00een timpul rezerv\u0103rii).<\/li>\n<li>Echipaj profesionist care vorbe\u0219te fluent limbile englez\u0103 \u0219i spaniol\u0103, asigur\u00e2ndu-v\u0103 confortul \u0219i siguran\u021ba pe tot parcursul c\u0103l\u0103toriei.<\/li>\n<\/ul>\n<h3>\ud83d\udccd Detalii privind plecarea<\/h3>\n<ul>\n<li><strong>Loca\u021bie:<\/strong> <a href=\"https:\/\/maps.app.goo.gl\/iZBybc3i384tdR816\" target=\"_blank\" rel=\"noopener\">Baza Puerto \u00een Puerto Rico<\/a>, Gran Canaria.<\/li>\n<li><strong>Times:<\/strong> Alege\u021bi \u00eentre plec\u0103rile de la ora 9:00 AM sau 14:00 PM.<\/li>\n<li><strong>Transport:<\/strong> Serviciu op\u021bional de preluare disponibil pentru doar 2 \u20ac pe persoan\u0103.<\/li>\n<\/ul>\n<p>V\u0103 recomand\u0103m s\u0103 sosi\u021bi cu cel pu\u021bin 15 minute \u00eenainte de plecare pentru a v\u0103 asigura un \u00eenceput u\u0219or al aventurii.<\/p>\n<h3>\u2705 Politic\u0103 de anulare transparent\u0103<\/h3>\n<p>\u00cen\u021belegem c\u0103 planurile se pot schimba, a\u0219a c\u0103 politicile noastre de anulare sunt concepute pentru a v\u0103 oferi lini\u0219te:<\/p>\n<ul>\n<li><strong>Garan\u021bia meteo:<\/strong> \u00cen cazul \u00een care condi\u021biile meteorologice sunt nesigure, ve\u021bi avea op\u021biunea de a reprograma sau de a primi o rambursare complet\u0103.<\/li>\n<li><strong>Anul\u0103ri flexibile:<\/strong> Anula\u021bi sau reprograma\u021bi gratuit cu p\u00e2n\u0103 la 8 zile \u00eenainte de c\u0103l\u0103torie. Depozitele nu sunt rambursabile pentru anul\u0103rile efectuate \u00een termen de 8 zile de la plecarea programat\u0103.<\/li>\n<\/ul>\n<h3>\ud83d\udc68\u200d\u2708\ufe0f Sfaturi pentru aventura ta Magic Island<\/h3>\n<p>Profita\u021bi la maximum de ziua dvs. cu aceste sfaturi simple:<\/p>\n<ul>\n<li>Aduce\u021bi costume de baie, un prosop \u0219i crem\u0103 de protec\u021bie solar\u0103.<\/li>\n<li>Purta\u021bi haine confortabile, potrivite pentru vreme.<\/li>\n<li>Ave\u021bi biletul CanaryVIP preg\u0103tit pe telefon sau tip\u0103rit.<\/li>\n<li>Lua\u021bi o mas\u0103 u\u0219oar\u0103 \u00een prealabil pentru a evita r\u0103ul de mare.<\/li>\n<\/ul>\n<h3>\ud83c\udf1f De ce s\u0103 rezerva\u021bi cu CanaryVIP<\/h3>\n<p>La CanaryVIP, ne specializ\u0103m \u00een furnizarea celor mai bune op\u021biuni pentru <a href=\"https:\/\/canaryvip.com\/ro\/gran-canaria\/\"><strong>\u00eenchiriere de b\u0103rci \u00een Gran Canaria<\/strong><\/a>. De la iahturi luxoase precum Magic Island la alte excursii personalizate, v\u0103 facilit\u0103m crearea unor amintiri de neuitat pe ap\u0103.<\/p>\n<p>Rezerva\u021bi-v\u0103 <strong>Magic Island Yacht Hire<\/strong> ast\u0103zi \u0219i porni\u021bi \u00eentr-o zi plin\u0103 de distrac\u021bie, relaxare \u0219i priveli\u0219ti uluitoare ale coastei uimitoare din Gran Canaria.<\/p>\n<p>\ud83d\udc49 <span>Rezerv\u0103<\/span><span> Acum<\/span> \u0219i \u00eembun\u0103t\u0103\u021bi\u021bi-v\u0103 experien\u021ba de vacan\u021b\u0103!<\/p>","protected":false},"excerpt":{"rendered":"<p><strong>\ud83d\udd0d Magic Island Gran Canaria:<\/strong><br \/>\n\u2705 Plat\u0103 sigur\u0103.<br \/>\n\ud83d\udd10 Tururi private.<br \/>\n\ud83d\udee5\ufe0f 18m Yacht Confort.<br \/>\n\u23f3 Tururi zilnice de 3H &amp; 5H.<br \/>\n\ud83d\udd59 Orele de plecare personalizabile.<br \/>\n\ud83d\udc65 P\u00e2n\u0103 la 12 persoane.<br \/>\n\ud83c\udfc4\u200d\u2640\ufe0f Pl\u0103ci cu v\u00e2sle incluse.<br \/>\n\ud83e\udd3f Se ofer\u0103 echipament de snorkel.<br \/>\n\ud83d\udd0a Red\u0103-\u021bi muzica.<br \/>\n\ud83d\ude8c Preluare \u0219i predare.<br \/>\n\ud83e\udd11 Cel mai bun pre\u021b garantat.<br \/>\n\ud83d\udc6a Reduceri activate.<br \/>\n\ud83d\udd01 Anulare de p\u00e2n\u0103 la 8 zile.<br \/>\n\ud83c\udf0d Multilingual Crew.<br \/>\n\ud83c\udf1f Rezerva\u021bi din timp \u0219i economisi\u021bi!<br \/>\n\ud83d\udccd Plecare din <a href=\"https:\/\/maps.app.goo.gl\/836RSsqAzbptb2Qy5\">Baza Puerto<\/a>.<\/p>","protected":false},"featured_media":12212,"comment_status":"open","ping_status":"closed","template":"","meta":{"_acf_changed":false},"product_brand":[],"product_cat":[132],"product_tag":[],"class_list":{"0":"post-12210","1":"product","2":"type-product","3":"status-publish","4":"has-post-thumbnail","6":"product_cat-boat-hire-gran-canaria","7":"wcpa_has_options","9":"first","10":"instock","11":"virtual","12":"purchasable","13":"product-type-simple"},"acf":[],"wcpa_form_fields":{"wcpaData":{"product":{"product_price":550,"price_html":"From&nbsp;<span class=\"woocommerce-Price-amount amount\"><bdi>550,00&nbsp;<span class=\"woocommerce-Price-currencySymbol\">&euro;<\/span><\/bdi><\/span>","original_product_price":550,"price_including_tax":550,"price_excluding_tax":550,"product_id":{"parent":12210,"variation":false},"is_variable":false,"stock_status":"instock","stock_quantity":null,"parent_sku":"CV12210","product_attributes":[],"custom_fields":[],"is_taxable":false,"product_name":"Magic Island: Yacht Hire<br\/> Gran Canaria","hasImage":false},"fields":{"sec_26686cb82841ff":{"extra":{"key":"sec_26686cb82841ff","section_id":"sec_26686cb82841ff","name":"Default","status":1,"cl_rule":"show","enableCl":false,"relations":[],"toggle":true,"title_tag":"h3","show_title":false,"showPrice":"default","form_id":12242,"form_rules":{"exclude_from_discount":true,"fee_label":"Fee","disp_hide_options_price":true,"disp_show_section_price":false,"disp_show_field_price":true,"layout_option":"standard","pric_use_as_fee":false,"process_fee_as":"woo_fee"},"layout_option":"standard"},"fields":[[{"label":"\ud83d\udcc5 Date","active":true,"required":true,"elementId":"date_56686cb8284220","picker_type":"custom","picker_mode":"single","placeholder":"","description":"","tooltip":"","name":"date_56686cb8284220","label_position":"default","desc_position":"default","enablePrice":false,"className":"","enableCl":false,"relations":[{"operator":"and","rules":[{"operator":"AND","rules":{"cl_field":"radio-group_565c78ffa81208","cl_relation":"is","cl_val":"3 Hour Trip"}}]}],"date_pic_inline":true,"date_pic_inline_hide":true,"min_date":{"type":"days","val":"2"},"max_date":{"type":"days","val":"365"},"date_pic_conf":{"disabledWeeks":[]},"price":"","cl_rule":"show","col":6,"type":"date","error":false,"enableDesign":false,"LabelColor":"","gt_translate_keys":["label","placeholder","description","tooltip"],"price_dependency":false,"cl_dependency":false,"value":""}],[{"elementId":"separator_26686cb828423c","separatorType":"blank","className":"","height":"3","enableCl":false,"relations":false,"cl_rule":"show","col":6,"type":"separator","error":false,"gt_translate_keys":[],"price_dependency":false,"cl_dependency":false,"value":""}],[{"active":true,"col":6,"relations":false,"cl_rule":"show","enableCl":false,"price":"","enablePrice":true,"className":"","label_position":"default","desc_position":"default","type":"select","required":true,"elementId":"select_36686cb8284247","label":"\u23f3 Trip Duration","name":"select_36686cb8284247","values":[{"label":"3 Hours (550\u20ac)","value":"3","selected":false,"tempId":"aco_556","price":"550","gt_translate_keys":["label"]},{"label":"5 Hours (995\u20ac)","value":"5","selected":false,"tempId":"aco_122","price":"995","gt_translate_keys":["label"]}],"dropdown_type":"basic","error":false,"placeholder":"Select Trip Duration","priceOptions":"different_for_all","pricingType":"fixed","is_show_price":false,"gt_translate_keys":["label","placeholder"],"price_dependency":false,"cl_dependency":false,"value":""}],[{"label":"\u2705 Number of People","active":true,"required":true,"elementId":"select_76686cb828429b","dropdown_type":"basic","placeholder":"Select Number of People","name":"select_76686cb828429b","label_position":"default","desc_position":"default","enablePrice":true,"className":"","enableCl":false,"relations":[{"operator":false,"rules":[{"operator":"AND","rules":{"cl_field":"radio-group_565c78ffa81208","cl_relation":"is","cl_val":"3 Hour Trip"}}]}],"values":[{"label":"1 person","value":"1","selected":false,"tempId":"aco_1471","price":"0","gt_translate_keys":["label"]},{"label":"2 people","value":"2","selected":false,"tempId":"aco_1472","price":"0","gt_translate_keys":["label"]},{"label":"3 people","value":"3","selected":false,"tempId":"aco_1500","price":"0","gt_translate_keys":["label"]},{"label":"4 people","value":"4","selected":false,"tempId":"aco_1510","price":"0","gt_translate_keys":["label"]},{"label":"5 people","value":"5","selected":false,"tempId":"aco_1520","price":"0","gt_translate_keys":["label"]},{"label":"6 people","value":"6","selected":false,"tempId":"aco_1728","price":"0","gt_translate_keys":["label"]},{"label":"7 people","value":"7","selected":false,"tempId":"aco_1738","price":"0","gt_translate_keys":["label"]},{"label":"8 people","value":"8","selected":false,"tempId":"aco_1748","price":"0","gt_translate_keys":["label"]},{"label":"9 people (+50\u20ac)","value":"9","selected":false,"tempId":"aco_1912","price":"50","gt_translate_keys":["label"]},{"label":"10 people (+100\u20ac)","value":"10","selected":false,"tempId":"aco_1922","price":"100","gt_translate_keys":["label"]},{"label":"11 people (+150\u20ac)","value":"11","selected":false,"tempId":"aco_84","price":"150","gt_translate_keys":["label"]},{"label":"12 people (+200\u20ac)","value":"12","selected":false,"tempId":"aco_94","price":"200","gt_translate_keys":["label"]}],"price":"","cl_rule":"show","col":6,"type":"select","error":false,"priceOptions":"different_for_all","pricingType":"fixed","is_show_price":false,"gt_translate_keys":["label","placeholder"],"price_dependency":["select_5959492541"],"cl_dependency":false,"value":""}],[{"active":true,"col":6,"relations":false,"cl_rule":"show","enableCl":false,"price":"","enablePrice":true,"className":"","label_position":"default","desc_position":"default","type":"select","required":false,"elementId":"select_5959492541","label":"\ud83c\udf57 Meal (+10\u20ac\/person)","name":"select_5959492541","values":[{"label":"No","value":"No","selected":false,"tempId":"aco_2562","price":"","gt_translate_keys":["label"]},{"label":"Yes (+10\u20ac\/person)","value":"Yes","selected":false,"tempId":"aco_2563","price":"{field.select_76686cb828429b.value}*10","gt_translate_keys":["label"]}],"dropdown_type":"basic","error":false,"description":"Snacks and drinks are included. For an extra meal, please select marinated chicken with mojo potatoes and coleslaw. Paella is available at a different price upon request. Meals are paid for on the day of the tour on the boat.","priceOptions":"different_for_all","pricingType":"custom","isTemplate":false,"is_show_price":true,"gt_translate_keys":["label","description"],"price_dependency":false,"cl_dependency":false,"value":""}]]},"sec_36686cb8284272":{"extra":{"key":"sec_36686cb8284272","section_id":"sec_36686cb8284272","name":"Pickup Location","status":1,"cl_rule":"show","enableCl":false,"relations":[],"toggle":true,"title_tag":"h4","show_title":false,"showPrice":"default","form_id":12242,"form_rules":{"exclude_from_discount":true,"fee_label":"Fee","disp_hide_options_price":true,"disp_show_section_price":false,"disp_show_field_price":true,"layout_option":"standard","pric_use_as_fee":false,"process_fee_as":"woo_fee"},"layout_option":"standard"},"fields":[[{"elementId":"separator_16686cb828427d","separatorType":"blank","className":"","height":"3","enableCl":false,"relations":false,"cl_rule":"show","col":6,"type":"separator","error":false,"gt_translate_keys":[],"price_dependency":false,"cl_dependency":false,"value":""}],[{"active":true,"col":6,"relations":[{"operator":false,"rules":[{"operator":"AND","rules":{"cl_field":"radio-group_565c78ffa81208","cl_relation":"is","cl_val":"3 Hour Trip"}}]}],"cl_rule":"show","enableCl":false,"price":"","enablePrice":false,"className":"","label_position":"default","desc_position":"default","type":"select","required":false,"elementId":"select_86686cb8284287","label":"\u23f0 Departure","name":"select_86686cb8284287","values":[{"label":"09:00","value":"09:00","selected":false,"tempId":"aco_1471","gt_translate_keys":["label"]},{"label":"12:00","value":"12:00","selected":false,"tempId":"aco_1510","gt_translate_keys":["label"]},{"label":"15:00","value":"15:00","selected":false,"tempId":"aco_1738","gt_translate_keys":["label"]}],"dropdown_type":"basic","error":false,"placeholder":"Whichever Time is Best","gt_translate_keys":["label","placeholder"],"price_dependency":false,"cl_dependency":false,"value":""}],[{"elementId":"separator_56686cb8284291","separatorType":"blank","className":"","height":"1","enableCl":false,"relations":false,"cl_rule":"show","col":6,"type":"separator","gt_translate_keys":[],"price_dependency":false,"cl_dependency":false,"value":""}],[{"elementId":"separator_76686cb82842a6","separatorType":"blank","className":"","height":"1","enableCl":false,"relations":false,"cl_rule":"show","col":6,"type":"separator","error":false,"gt_translate_keys":[],"price_dependency":false,"cl_dependency":false,"value":""}],[{"active":true,"col":6,"relations":false,"cl_rule":"show","enableCl":false,"price":"","enablePrice":false,"className":"","label_position":"default","desc_position":"default","type":"text","subtype":"text","required":false,"elementId":"text_06686cb82842af","label":"\ud83d\ude8c Pickup Location","name":"text_06686cb82842af","value":"","error":false,"description":"Pick-up service in some locations. Simply provide your address or hotel name. (+2\u20ac\/person paid at pickup to the driver)","gt_translate_keys":["label","description","value"],"price_dependency":false,"cl_dependency":false}]]}},"config":{"price_override":"always","enable_recaptcha":false,"bind_quantity":false,"quantity_bind_formula":false,"disp_summ_show_option_price":true,"disp_summ_show_product_price":false,"disp_summ_show_total_price":true,"disp_summ_show_fee":true,"disp_summ_show_discount":true,"summary_title":"","options_total_label":"Options Price","total_label":"Total Amount","options_product_label":"Product Price","fee_label":"Fee","discount_label":"Discount","has_price":true,"has_quantity_formula":false},"mc_unit":1,"tax_rate":1,"tax_rate_real":1,"discount":{"percentage":0,"fixed":0},"design":{"conf":{"LabelPosition":"above","DescPosition":"above","UploadField":"custom_1","QuantityFieldStyle":"custom_1"},"css":{"LeftLabelWidth":"120px"}},"formulas":{"fmla_1708364241278155361":"(({field.select_3666b1eb2b11fe.value}>=8)?(1400):(({field.select_3666b1eb2b11fe.value}>=7)?(1225):(({field.select_3666b1eb2b11fe.value}>=6)?(1050):(({field.select_3666b1eb2b11fe.value}>=5)?(875):(({field.select_3666b1eb2b11fe.value}>=4)?(700):(({field.select_3666b1eb2b11fe.value}>=3)?(500):(0)))))))","fmla_1718295979528641619":"(({field.select_3666b1eb2b11fe.value}>=8)?(280):(({field.select_3666b1eb2b11fe.value}>=7)?(205):(({field.select_3666b1eb2b11fe.value}>=6)?(150):(({field.select_3666b1eb2b11fe.value}>=5)?(175):(({field.select_3666b1eb2b11fe.value}>=4)?(200):(({field.select_3666b1eb2b11fe.value}>=3)?(150):(0)))))))"},"lookuptables":[],"clones":false,"cartKey":false}},"_links":{"self":[{"href":"https:\/\/canaryvip.com\/ro\/wp-json\/wp\/v2\/product\/12210","targetHints":{"allow":["GET"]}}],"collection":[{"href":"https:\/\/canaryvip.com\/ro\/wp-json\/wp\/v2\/product"}],"about":[{"href":"https:\/\/canaryvip.com\/ro\/wp-json\/wp\/v2\/types\/product"}],"replies":[{"embeddable":true,"href":"https:\/\/canaryvip.com\/ro\/wp-json\/wp\/v2\/comments?post=12210"}],"wp:featuredmedia":[{"embeddable":true,"href":"https:\/\/canaryvip.com\/ro\/wp-json\/wp\/v2\/media\/12212"}],"wp:attachment":[{"href":"https:\/\/canaryvip.com\/ro\/wp-json\/wp\/v2\/media?parent=12210"}],"wp:term":[{"taxonomy":"product_brand","embeddable":true,"href":"https:\/\/canaryvip.com\/ro\/wp-json\/wp\/v2\/product_brand?post=12210"},{"taxonomy":"product_cat","embeddable":true,"href":"https:\/\/canaryvip.com\/ro\/wp-json\/wp\/v2\/product_cat?post=12210"},{"taxonomy":"product_tag","embeddable":true,"href":"https:\/\/canaryvip.com\/ro\/wp-json\/wp\/v2\/product_tag?post=12210"}],"curies":[{"name":"wp","href":"https:\/\/api.w.org\/{rel}","templated":true}]}}