{"id":11971,"date":"2024-06-22T22:45:14","date_gmt":"2024-06-22T21:45:14","guid":{"rendered":"https:\/\/canaryvip.com\/?post_type=product&#038;p=11971"},"modified":"2025-08-09T14:04:29","modified_gmt":"2025-08-09T13:04:29","slug":"silvia-yacht-charter-gran-canaria","status":"publish","type":"product","link":"https:\/\/canaryvip.com\/ro\/shop\/silvia-yacht-charter-gran-canaria\/","title":{"rendered":"Silvia: Yacht Charter<br\/>Gran Canaria"},"content":{"rendered":"<h2>\ud83d\udee5\ufe0f Silvia Yacht Carta Gran Canaria cu CanaryVIP<\/h2>\n<p>Descoperi\u021bi magia Insulelor Canare la bordul <strong>Silvia Yacht Carta<\/strong>, un mod exclusivist \u0219i luxos de a explora coasta uimitoare a Gran Canaria. Cu spa\u021biu pentru p\u00e2n\u0103 la 8 persoane, acest elegant <strong>\u00eenchiriere de b\u0103rci private \u00een Gran Canaria<\/strong> ofer\u0103 evadarea perfect\u0103 pentru grupurile mici care caut\u0103 relaxare, aventur\u0103 \u0219i amintiri de neuitat.<\/p>\n<p>La CanaryVIP, v\u0103 facilit\u0103m s\u0103 v\u0103 bucura\u021bi de acest <strong>inchiriaza un iaht Gran Canaria<\/strong> cu un proces de rezervare f\u0103r\u0103 probleme \u0219i servicii excep\u021bionale.<\/p>\n<h3>\u2b50\ufe0f De ce s\u0103 alege\u021bi Silvia Yacht Charter \u00een Gran Canaria<\/h3>\n<p>Iat\u0103 de ce <strong>Silvia Yacht Carta<\/strong> este una dintre op\u021biunile de top pentru urm\u0103toarea ta aventur\u0103:<\/p>\n<h4><strong>Experien\u021b\u0103 privat\u0103 \u0219i exclusiv\u0103<\/strong><\/h4>\n<p>Cu o capacitate total\u0103 de 8 persoane, acest iaht privat este perfect pentru \u00eent\u00e2lniri intime, fie c\u0103 este vorba de o excursie de familie, o escapad\u0103 romantic\u0103 sau o s\u0103rb\u0103toare special\u0103.<\/p>\n<h4><strong>Confort \u0219i sofisticare<\/strong><\/h4>\n<p>Relaxa\u021bi-v\u0103 \u00een iahtul spa\u021bios de 13 metri, cu un interior bine \u00eentre\u021binut \u0219i elegant. Bucura\u021bi-v\u0103 de priveli\u0219tile panoramice din salon, relaxa\u021bi-v\u0103 pe punte sau bucura\u021bi-v\u0103 de soare \u00een timp ce sunte\u021bi \u00eenconjurat de frumuse\u021bea uluitoare a coastei Gran Canaria.<\/p>\n<h4><strong>Activit\u0103\u021bi acvatice incitante<\/strong><\/h4>\n<p>Your <strong>\u00eenchiriere de b\u0103rci \u00een Gran Canaria<\/strong> vine cu o mul\u021bime de op\u021biuni pentru a v\u0103 distra:<\/p>\n<ul>\n<li><strong>\ud83e\udd3f Echipament de snorkeling:<\/strong> Descoper\u0103 lumea subacvatic\u0103 cu masca \u0219i aripioarele incluse.<\/li>\n<li><strong>\ud83c\udf4c Plimbare cu barca banan\u0103:<\/strong> Ad\u0103uga\u021bi emo\u021bie zilei dvs. cu un tur gratuit cu barca cu banane.<\/li>\n<li><strong>\ud83c\udfc4\u200d\u2640\ufe0f Paddle Board Utilizare:<\/strong> \u00cencerca\u021bi stand-up paddleboarding pentru un mod distractiv \u0219i relaxant de a v\u0103 bucura de apele calme.<\/li>\n<li>De asemenea, sunt disponibile reduceri la alte sporturi nautice pentru o aventur\u0103 complet\u0103.<\/li>\n<\/ul>\n<h3>\ud83d\udea4 Silvia Yacht Op\u021biuni de c\u0103l\u0103torie<\/h3>\n<p>Alege\u021bi din dou\u0103 durate de c\u0103l\u0103torie pentru a v\u0103 potrivi programul \u0219i preferin\u021bele:<\/p>\n<ul>\n<li><strong>Charter privat de 3 ore:<\/strong> O escapad\u0103 scurt\u0103, dar luxoas\u0103, cu mult timp pentru \u00eenot, snorkeling \u0219i relaxare.\n<ul>\n<li>Orele de plecare: 09:00-12:00, 12:00-15:00, sau 15:00-18:00.<\/li>\n<\/ul>\n<\/li>\n<li><strong>Charter privat de 6 ore:<\/strong> O c\u0103l\u0103torie prelungit\u0103 pentru a v\u0103 scufunda complet \u00een frumuse\u021bea natural\u0103 a Gran Canaria.\n<ul>\n<li>Orele de plecare: 09:00-15:00, 12:00-18:00, sau 15:00-21:00 (numai \u00een sezonul de var\u0103).<\/li>\n<\/ul>\n<\/li>\n<\/ul>\n<h3>\ud83e\udd42 Ce este inclus \u00een Carta dvs. Yacht<\/h3>\n<p>Your <strong>inchiriaza un iaht Gran Canaria<\/strong> experien\u021ba include tot ce ave\u021bi nevoie pentru o zi memorabil\u0103 pe mare:<\/p>\n<ul>\n<li>Gust\u0103ri precum chipsuri \u0219i nuci.<\/li>\n<li>B\u0103uturi de la un bar deschis, inclusiv bere, b\u0103uturi r\u0103coritoare \u0219i ap\u0103.<\/li>\n<li>Echipament de snorkeling, paddleboard \u0219i o plimbare gratuit\u0103 cu banana boat.<\/li>\n<li>Transport la \u0219i de la hotelurile din sudul Gran Canaria (dac\u0103 se solicit\u0103).<\/li>\n<li>Asigurare pentru lini\u0219tea dumneavoastr\u0103.<\/li>\n<li>Pr\u00e2nz op\u021bional (10 \u20ac de persoan\u0103, solicita\u021bi \u00een timpul rezerv\u0103rii).<\/li>\n<\/ul>\n<h3>\ud83d\udccd Detalii privind plecarea<\/h3>\n<ul>\n<li><strong>Loca\u021bie:<\/strong> <a href=\"https:\/\/maps.app.goo.gl\/Xhe545W98um3rx6W8\" target=\"_blank\" rel=\"noopener\">Puerto de Mog\u00e1n<\/a>, Gran Canaria.<\/li>\n<li><strong>Transport:<\/strong> Serviciu op\u021bional de preluare disponibil pentru un confort sporit.<\/li>\n<li><strong>Times:<\/strong> Plec\u0103ri zilnice multiple pentru a se potrivi programului dvs.<\/li>\n<\/ul>\n<h3>\u2705 Politic\u0103 de anulare transparent\u0103<\/h3>\n<p>Prioritatea noastr\u0103 este lini\u0219tea dumneavoastr\u0103 cu politici de anulare clare \u0219i flexibile:<\/p>\n<ul>\n<li><strong>Garan\u021bia meteo:<\/strong> \u00cen caz de vreme nefavorabil\u0103, pute\u021bi reprograma sau primi o rambursare complet\u0103.<\/li>\n<li><strong>Anul\u0103ri flexibile:<\/strong> Anula\u021bi sau reprograma\u021bi gratuit cu p\u00e2n\u0103 la 8 zile \u00eenainte de c\u0103l\u0103torie. Depozitele nu sunt rambursabile pentru anul\u0103rile efectuate \u00een termen de 8 zile de la plecarea programat\u0103.<\/li>\n<\/ul>\n<h3>\ud83d\udc68\u200d\u2708\ufe0f Sfaturi pentru aventura dumneavoastr\u0103 pe iahtul Silvia<\/h3>\n<p>Maximiza\u021bi-v\u0103 ziua pe mare cu aceste sfaturi:<\/p>\n<ul>\n<li>Aduce\u021bi costume de baie, un prosop \u0219i crem\u0103 de protec\u021bie solar\u0103.<\/li>\n<li>Purta\u021bi haine confortabile, potrivite pentru vreme.<\/li>\n<li>Preg\u0103ti\u021bi biletul CanaryVIP, fie pe telefon, fie tip\u0103rit.<\/li>\n<li>Lua\u021bi o mas\u0103 u\u0219oar\u0103 \u00een prealabil pentru a evita r\u0103ul de mare.<\/li>\n<\/ul>\n<h3>\ud83c\udf1f De ce s\u0103 rezerva\u021bi cu CanaryVIP<\/h3>\n<p>La CanaryVIP, suntem pasiona\u021bi de crearea unor experien\u021be de neuitat pe ap\u0103. Fie c\u0103 sunte\u021bi \u00een c\u0103utarea unei <strong>iaht de lux \u00een Gran Canaria<\/strong> sau o aventur\u0103 plin\u0103 de distrac\u021bie, oferim cele mai bune <a href=\"https:\/\/canaryvip.com\/ro\/shop\/magic-island-yacht-charter-gran-canaria\/\"><strong>\u00eenchiriere de b\u0103rci \u00een Gran Canaria<\/strong><\/a> op\u021biuni, adaptate nevoilor dumneavoastr\u0103.<\/p>\n<p>Rezerva\u021bi-v\u0103 <strong>Silvia Yacht Carta<\/strong> ast\u0103zi \u0219i porni\u021bi \u00eentr-o c\u0103l\u0103torie de relaxare, aventur\u0103 \u0219i priveli\u0219ti uluitoare.<\/p>\n<p>\ud83d\udc49 <a href=\"https:\/\/canaryvip.com\/ro\/\" target=\"_new\" rel=\"noopener\"><span>Rezerv\u0103<\/span><span> Acum<\/span><\/a> \u0219i \u00eembun\u0103t\u0103\u021bi\u021bi-v\u0103 experien\u021ba de vacan\u021b\u0103!<\/p>","protected":false},"excerpt":{"rendered":"<p><strong>\ud83d\udd0d Magic Island Gran Canaria:<\/strong><br \/>\n\u2705 Plat\u0103 sigur\u0103.<br \/>\n\ud83d\udd10 Tururi private.<br \/>\n\ud83d\udee5\ufe0f 13m Yacht Confort.<br \/>\n\u23f3 Tururi zilnice de 3H &amp; 6H.<br \/>\n\ud83d\udd59 Ore de plecare diferite.<br \/>\n\ud83d\udc65 P\u00e2n\u0103 la 12 persoane.<br \/>\n\ud83e\udd3f Se ofer\u0103 echipament de snorkel.<br \/>\n\ud83d\ude8c Preluare \u0219i predare.<br \/>\n\ud83e\udd11 Cel mai bun pre\u021b garantat.<br \/>\n\ud83d\udc6a Reduceri activate.<br \/>\n\ud83d\udd01 Anulare de p\u00e2n\u0103 la 8 zile.<br \/>\n\ud83c\udf0d Multilingual Crew.<br \/>\n\ud83c\udf1f Rezerva\u021bi din timp \u0219i economisi\u021bi!<br \/>\n\ud83d\udccd Plecare din <a href=\"https:\/\/maps.app.goo.gl\/4TJkgAg6UBpnsyhm9\">Puerto de Mog\u00e1n<\/a>.<\/p>","protected":false},"featured_media":12219,"comment_status":"open","ping_status":"closed","template":"","meta":{"_acf_changed":false},"product_brand":[],"product_cat":[132],"product_tag":[],"class_list":{"0":"post-11971","1":"product","2":"type-product","3":"status-publish","4":"has-post-thumbnail","6":"product_cat-boat-hire-gran-canaria","7":"wcpa_has_options","9":"first","10":"instock","11":"virtual","12":"purchasable","13":"product-type-simple"},"acf":[],"wcpa_form_fields":{"wcpaData":{"product":{"product_price":450,"price_html":"From&nbsp;<span class=\"woocommerce-Price-amount amount\"><bdi>450,00&nbsp;<span class=\"woocommerce-Price-currencySymbol\">&euro;<\/span><\/bdi><\/span>","original_product_price":450,"price_including_tax":450,"price_excluding_tax":450,"product_id":{"parent":11971,"variation":false},"is_variable":false,"stock_status":"instock","stock_quantity":null,"parent_sku":"CV11971","product_attributes":[],"custom_fields":[],"is_taxable":false,"product_name":"Silvia: Yacht Charter<br\/>Gran Canaria","hasImage":false},"fields":{"sec_26687d4f04b1a4":{"extra":{"key":"sec_26687d4f04b1a4","section_id":"sec_26687d4f04b1a4","name":"Default","status":1,"cl_rule":"show","enableCl":false,"relations":[],"toggle":true,"title_tag":"h3","show_title":false,"showPrice":"default","form_id":12255,"form_rules":{"exclude_from_discount":true,"fee_label":"Fee","disp_hide_options_price":true,"disp_show_section_price":false,"disp_show_field_price":true,"layout_option":"standard","pric_use_as_fee":false,"process_fee_as":"woo_fee"},"layout_option":"standard"},"fields":[[{"label":"\ud83d\udcc5 Date","active":true,"required":true,"elementId":"date_106687d4f04b1c4","picker_type":"custom","picker_mode":"single","placeholder":"","description":"","tooltip":"","name":"date_106687d4f04b1c4","label_position":"default","desc_position":"default","enablePrice":false,"className":"","enableCl":false,"relations":[{"operator":"and","rules":[{"operator":"AND","rules":{"cl_field":"radio-group_565c78ffa81208","cl_relation":"is","cl_val":"3 Hour Trip"}}]}],"date_pic_inline":true,"date_pic_inline_hide":true,"min_date":{"type":"days","val":"2"},"max_date":{"type":"days","val":"365"},"date_pic_conf":{"disabledWeeks":[]},"price":"","cl_rule":"show","col":6,"type":"date","error":false,"enableDesign":false,"LabelColor":"","gt_translate_keys":["label","placeholder","description","tooltip"],"price_dependency":false,"cl_dependency":false,"value":""}],[{"elementId":"separator_76687d4f04b1e0","separatorType":"blank","className":"","height":"3","enableCl":false,"relations":false,"cl_rule":"show","col":6,"type":"separator","error":false,"gt_translate_keys":[],"price_dependency":false,"cl_dependency":false,"value":""}],[{"active":true,"col":6,"relations":false,"cl_rule":"show","enableCl":false,"price":"","enablePrice":true,"className":"","label_position":"default","desc_position":"default","type":"select","required":true,"elementId":"select_96687d4f04b1ea","label":"\u23f3 Trip Duration","name":"select_96687d4f04b1ea","values":[{"label":"3 Hours (450\u20ac)","value":"3","selected":false,"tempId":"aco_556","price":"450","gt_translate_keys":["label"]},{"label":"6 Hours (800\u20ac)","value":"6","selected":false,"tempId":"aco_122","price":"800","gt_translate_keys":["label"]}],"dropdown_type":"basic","error":false,"placeholder":"Select Trip Duration","priceOptions":"different_for_all","pricingType":"fixed","is_show_price":false,"gt_translate_keys":["label","placeholder"],"price_dependency":false,"cl_dependency":false,"value":""}],[{"label":"\u2705 Number of People","active":true,"required":true,"elementId":"select_86687d4f04b1f4","dropdown_type":"basic","placeholder":"Select Number of People","name":"select_86687d4f04b1f4","label_position":"default","desc_position":"default","enablePrice":false,"className":"","enableCl":false,"relations":[{"operator":false,"rules":[{"operator":"AND","rules":{"cl_field":"radio-group_565c78ffa81208","cl_relation":"is","cl_val":"3 Hour Trip"}}]}],"values":[{"label":"1 person","value":"1","selected":false,"tempId":"aco_1471","price":"0","gt_translate_keys":["label"]},{"label":"2 people","value":"2","selected":false,"tempId":"aco_1472","price":"0","gt_translate_keys":["label"]},{"label":"3 people","value":"3","selected":false,"tempId":"aco_1500","price":"0","gt_translate_keys":["label"]},{"label":"4 people","value":"4","selected":false,"tempId":"aco_1510","price":"0","gt_translate_keys":["label"]},{"label":"5 people","value":"5","selected":false,"tempId":"aco_1520","price":"0","gt_translate_keys":["label"]},{"label":"6 people","value":"6","selected":false,"tempId":"aco_1728","price":"0","gt_translate_keys":["label"]},{"label":"7 people","value":"7","selected":false,"tempId":"aco_1738","price":"0","gt_translate_keys":["label"]},{"label":"8 people","value":"8","selected":false,"tempId":"aco_1748","price":"0","gt_translate_keys":["label"]}],"price":"","cl_rule":"show","col":6,"type":"select","error":false,"priceOptions":"different_for_all","pricingType":"fixed","is_show_price":false,"gt_translate_keys":["label","placeholder"],"price_dependency":["select_86687d4f04b1fe"],"cl_dependency":false,"value":""}],[{"active":true,"col":6,"relations":false,"cl_rule":"show","enableCl":false,"price":"","enablePrice":true,"className":"","label_position":"default","desc_position":"default","type":"select","required":false,"elementId":"select_86687d4f04b1fe","label":"\ud83c\udf57 Meal (+10\u20ac\/person)","name":"select_86687d4f04b1fe","values":[{"label":"No","value":"No","selected":false,"tempId":"aco_2562","price":"","gt_translate_keys":["label"]},{"label":"Yes (+10\u20ac\/person)","value":"Yes","selected":false,"tempId":"aco_2563","price":"{field.select_86687d4f04b1f4.value}*10","gt_translate_keys":["label"]}],"dropdown_type":"basic","error":false,"description":"Snacks and drinks are included. If you want an extra meal, please select this option. The meal is marinated chicken with mojo potatoes and coleslaw.","priceOptions":"different_for_all","pricingType":"custom","isTemplate":false,"is_show_price":true,"gt_translate_keys":["label","description"],"price_dependency":false,"cl_dependency":false,"value":""}]]},"sec_106687d4f04b227":{"extra":{"key":"sec_106687d4f04b227","section_id":"sec_106687d4f04b227","name":"Pickup Location","status":1,"cl_rule":"show","enableCl":false,"relations":[],"toggle":true,"title_tag":"h4","show_title":false,"showPrice":"default","form_id":12255,"form_rules":{"exclude_from_discount":true,"fee_label":"Fee","disp_hide_options_price":true,"disp_show_section_price":false,"disp_show_field_price":true,"layout_option":"standard","pric_use_as_fee":false,"process_fee_as":"woo_fee"},"layout_option":"standard"},"fields":[[{"elementId":"separator_16687d4f04b232","separatorType":"blank","className":"","height":"3","enableCl":false,"relations":false,"cl_rule":"show","col":6,"type":"separator","error":false,"gt_translate_keys":[],"price_dependency":false,"cl_dependency":false,"value":""}],[{"active":true,"col":6,"relations":[{"operator":false,"rules":[{"operator":"AND","rules":{"cl_field":"radio-group_565c78ffa81208","cl_relation":"is","cl_val":"3 Hour Trip"}}]}],"cl_rule":"show","enableCl":false,"price":"","enablePrice":false,"className":"","label_position":"default","desc_position":"default","type":"select","required":false,"elementId":"select_66687d4f04b23c","label":"\u23f0 Departure","name":"select_66687d4f04b23c","values":[{"label":"09:00","value":"09:00","selected":false,"tempId":"aco_1471","gt_translate_keys":["label"]},{"label":"12:00","value":"12:00","selected":false,"tempId":"aco_1510","gt_translate_keys":["label"]},{"label":"15:00","value":"15:00","selected":false,"tempId":"aco_1738","gt_translate_keys":["label"]}],"dropdown_type":"basic","error":false,"placeholder":"Whichever Time is Best","gt_translate_keys":["label","placeholder"],"price_dependency":false,"cl_dependency":false,"value":""}],[{"elementId":"separator_86687d4f04b246","separatorType":"blank","className":"","height":"1","enableCl":false,"relations":false,"cl_rule":"show","col":6,"type":"separator","gt_translate_keys":[],"price_dependency":false,"cl_dependency":false,"value":""}],[{"elementId":"separator_86687d4f04b250","separatorType":"blank","className":"","height":"1","enableCl":false,"relations":false,"cl_rule":"show","col":6,"type":"separator","error":false,"gt_translate_keys":[],"price_dependency":false,"cl_dependency":false,"value":""}],[{"active":true,"col":6,"relations":false,"cl_rule":"show","enableCl":false,"price":"","enablePrice":false,"className":"","label_position":"default","desc_position":"default","type":"text","subtype":"text","required":false,"elementId":"text_66687d4f04b259","label":"\ud83d\ude8c Pickup Location","name":"text_66687d4f04b259","value":"","error":false,"description":"Pick-up service in some locations. Simply provide your address or hotel name. (+2\u20ac\/person paid at pickup to the driver)","gt_translate_keys":["label","description","value"],"price_dependency":false,"cl_dependency":false}]]}},"config":{"price_override":"always","enable_recaptcha":false,"bind_quantity":false,"quantity_bind_formula":false,"disp_summ_show_option_price":true,"disp_summ_show_product_price":false,"disp_summ_show_total_price":true,"disp_summ_show_fee":true,"disp_summ_show_discount":true,"summary_title":"","options_total_label":"Options Price","total_label":"Total Amount","options_product_label":"Product Price","fee_label":"Fee","discount_label":"Discount","has_price":true,"has_quantity_formula":false},"mc_unit":1,"tax_rate":1,"tax_rate_real":1,"discount":{"percentage":0,"fixed":0},"design":{"conf":{"LabelPosition":"above","DescPosition":"above","UploadField":"custom_1","QuantityFieldStyle":"custom_1"},"css":{"LeftLabelWidth":"120px"}},"formulas":{"fmla_1708364241278155361":"(({field.select_3666b1eb2b11fe.value}>=8)?(1400):(({field.select_3666b1eb2b11fe.value}>=7)?(1225):(({field.select_3666b1eb2b11fe.value}>=6)?(1050):(({field.select_3666b1eb2b11fe.value}>=5)?(875):(({field.select_3666b1eb2b11fe.value}>=4)?(700):(({field.select_3666b1eb2b11fe.value}>=3)?(500):(0)))))))","fmla_1718295979528641619":"(({field.select_3666b1eb2b11fe.value}>=8)?(280):(({field.select_3666b1eb2b11fe.value}>=7)?(205):(({field.select_3666b1eb2b11fe.value}>=6)?(150):(({field.select_3666b1eb2b11fe.value}>=5)?(175):(({field.select_3666b1eb2b11fe.value}>=4)?(200):(({field.select_3666b1eb2b11fe.value}>=3)?(150):(0)))))))"},"lookuptables":[],"clones":false,"cartKey":false}},"_links":{"self":[{"href":"https:\/\/canaryvip.com\/ro\/wp-json\/wp\/v2\/product\/11971","targetHints":{"allow":["GET"]}}],"collection":[{"href":"https:\/\/canaryvip.com\/ro\/wp-json\/wp\/v2\/product"}],"about":[{"href":"https:\/\/canaryvip.com\/ro\/wp-json\/wp\/v2\/types\/product"}],"replies":[{"embeddable":true,"href":"https:\/\/canaryvip.com\/ro\/wp-json\/wp\/v2\/comments?post=11971"}],"wp:featuredmedia":[{"embeddable":true,"href":"https:\/\/canaryvip.com\/ro\/wp-json\/wp\/v2\/media\/12219"}],"wp:attachment":[{"href":"https:\/\/canaryvip.com\/ro\/wp-json\/wp\/v2\/media?parent=11971"}],"wp:term":[{"taxonomy":"product_brand","embeddable":true,"href":"https:\/\/canaryvip.com\/ro\/wp-json\/wp\/v2\/product_brand?post=11971"},{"taxonomy":"product_cat","embeddable":true,"href":"https:\/\/canaryvip.com\/ro\/wp-json\/wp\/v2\/product_cat?post=11971"},{"taxonomy":"product_tag","embeddable":true,"href":"https:\/\/canaryvip.com\/ro\/wp-json\/wp\/v2\/product_tag?post=11971"}],"curies":[{"name":"wp","href":"https:\/\/api.w.org\/{rel}","templated":true}]}}