{"id":11626,"date":"2024-06-06T11:14:41","date_gmt":"2024-06-06T10:14:41","guid":{"rendered":"https:\/\/canaryvip.com\/?post_type=product&#038;p=11626"},"modified":"2026-04-10T14:33:12","modified_gmt":"2026-04-10T13:33:12","slug":"natural-pools-masca-los-gigantes-tour","status":"publish","type":"product","link":"https:\/\/canaryvip.com\/ro\/shop\/natural-pools-masca-los-gigantes-tour\/","title":{"rendered":"Turul piscinelor naturale, Masca &amp; Los Gigantes + Picnic"},"content":{"rendered":"<h2>\ud83c\udf0a Despre Masca, piscinele naturale \u0219i turul Los Gigantes<\/h2>\n<p>Descoperi\u021bi una dintre cele mai complete <strong>Tururi ghidate \u00een Tenerife<\/strong> cu aceast\u0103 experien\u021b\u0103 de neuitat care combin\u0103 natura, cultura local\u0103 \u0219i priveli\u0219ti uluitoare. La CanaryVIP, v\u0103 oferim \u0219ansa de a explora bijuteriile ascunse ale insulei pe aceast\u0103 <strong>Tur Masca cu ghid<\/strong>, inclusiv st\u00e2nci dramatice, sate tradi\u021bionale \u0219i faimoasa <strong>piscine naturale Tenerife<\/strong> este cunoscut pentru.<\/p>\n<p>Acest tur este conceput pentru c\u0103l\u0103torii care doresc s\u0103 vad\u0103 o alt\u0103 parte a insulei Tenerife \u00eentr-un grup mic, cu o atmosfer\u0103 mai personal\u0103 \u0219i mai relaxat\u0103.<\/p>\n<h3>Obiective turistice: Masca, Piscine naturale \u0219i Los Gigantes<\/h3>\n<ul>\n<li>\ud83c\udf04 <strong>Punct de vedere panoramic:<\/strong> Bucura\u021bi-v\u0103 de priveli\u0219ti uimitoare asupra V\u0103ii Masca, unul dintre cele mai impresionante peisaje din Tenerife.<\/li>\n<li>\ud83c\udfd8\ufe0f <strong>Satul Masca:<\/strong> Petrece\u021bi aproximativ 1 or\u0103 explor\u00e2nd acest fermec\u0103tor sat de munte. Plimba\u021bi-v\u0103 pe str\u0103du\u021bele sale \u00eenguste, descoperi\u021bi produse locale \u0219i admira\u021bi atmosfera unic\u0103.<\/li>\n<li>\ud83c\udfd4\ufe0f <strong>St\u00e2ncile Los Gigantes:<\/strong> Vizita\u021bi faimoasele st\u00e2nci care se ridic\u0103 p\u00e2n\u0103 la 600 de metri deasupra oceanului, unul dintre cele mai emblematice repere naturale de pe insul\u0103.<\/li>\n<li>\ud83c\udfca <strong>Piscine vulcanice naturale &amp; Picnic:<\/strong> R\u0103cori\u021bi-v\u0103 \u00een piscine vulcanice naturale de l\u00e2ng\u0103 mare \u0219i bucura\u021bi-v\u0103 de un picnic relaxant \u00eentr-un cadru de coast\u0103 frumos.<\/li>\n<\/ul>\n<h3>Ce este inclus \u00een experien\u021ba dvs.<\/h3>\n<ul>\n<li>\ud83e\uddd1\u200d\ud83c\udfeb Ghid local expert cu cuno\u0219tin\u021be aprofundate despre zon\u0103.<\/li>\n<li>\ud83d\udee0\ufe0f Toate echipamentele necesare pentru activitate.<\/li>\n<li>\ud83d\udee1\ufe0f Asigurare de activitate pentru lini\u0219tea dumneavoastr\u0103.<\/li>\n<li>\ud83d\ude90 Transport de la\/la punctul de \u00eent\u00e2lnire cu o dub\u0103 confortabil\u0103 cu 9 locuri.<\/li>\n<li>\ud83d\udcf8 Fotografii \u0219i videoclipuri ale experien\u021bei tale pentru a lua acas\u0103 amintiri de neuitat.<\/li>\n<\/ul>\n<h3>Detalii esen\u021biale ale turului<\/h3>\n<ul>\n<li>\ud83d\udd52 <strong>Ora de \u00eencepere:<\/strong> Iarna la ora 15:00 | Vara la ora 16:00.<\/li>\n<li>\u23f3 <strong>Durata:<\/strong> Aproximativ 5 ore.<\/li>\n<li>\ud83d\udc65 <strong>Experien\u021ba grupurilor mici:<\/strong> Locuri limitate disponibile pentru un tur mai personalizat.<\/li>\n<li>\ud83d\udccd <strong>Transport:<\/strong> C\u0103l\u0103tori\u021bi \u00eentr-o dub\u0103 confortabil\u0103 cu 9 locuri.<\/li>\n<li>\ud83e\udde5 <strong>Ce trebuie s\u0103 aduce\u021bi:<\/strong> Haine confortabile, costume de baie \u0219i un prosop pentru piscinele naturale.<\/li>\n<\/ul>\n<h3>Informa\u021bii \u0219i politici importante<\/h3>\n<ul>\n<li>\ud83d\udd04 <strong>Politica de anulare:<\/strong> Anularea gratuit\u0103 este disponibil\u0103 dac\u0103 este solicitat\u0103 cu cel pu\u021bin 72 de ore \u00een avans pentru rezerv\u0103rile de p\u00e2n\u0103 la 2 persoane. Pentru rezerv\u0103rile de la 3 la 7 persoane, este necesar un preaviz de cel pu\u021bin 5 zile. Pentru grupurile de peste 7 persoane, anul\u0103rile trebuie f\u0103cute cu cel pu\u021bin 10 zile \u00eenainte. Din cauza disponibilit\u0103\u021bii limitate \u0219i a num\u0103rului mic de grupuri, anul\u0103rile t\u00e2rzii sau neprezent\u0103rile pot face obiectul unor taxe integrale. V\u0103 recomand\u0103m \u00eentotdeauna s\u0103 v\u0103 confirma\u021bi planurile din timp.<\/li>\n<li>\ud83d\udd52 <strong>Punctualitate:<\/strong> V\u0103 rug\u0103m s\u0103 ajunge\u021bi la timp la punctul de \u00eent\u00e2lnire pentru a asigura un start f\u0103r\u0103 probleme pentru grup.<\/li>\n<li>\u26a0\ufe0f <strong>Disponibilitate limitat\u0103:<\/strong> Aceast\u0103 experien\u021b\u0103 se desf\u0103\u0219oar\u0103 cu grupuri mici, astfel \u00eenc\u00e2t locurile sunt foarte limitate \u0219i tind s\u0103 se v\u00e2nd\u0103 rapid.<\/li>\n<\/ul>\n<h4>Asisten\u021b\u0103 \u00een turneu<\/h4>\n<ul>\n<li>\u2714\ufe0f La CanaryVIP, select\u0103m cu aten\u021bie experien\u021bele pentru a asigura calitatea \u0219i siguran\u021ba.<\/li>\n<li>\ud83d\udde3\ufe0f \u00cen timpul turului, pute\u021bi vorbi \u00eentotdeauna direct cu ghidul pentru orice asisten\u021b\u0103.<\/li>\n<li>\ud83d\udcde Echipa noastr\u0103 este disponibil\u0103 \u00eenainte \u0219i dup\u0103 rezervarea dvs. dac\u0103 ave\u021bi nevoie de ajutor sau ave\u021bi \u00eentreb\u0103ri.<\/li>\n<\/ul>\n<h3>\ud83c\udf0a\ud83c\udfd4\ufe0f Rezerva\u021bi ast\u0103zi turul Masca \u0219i piscinele naturale<\/h3>\n<p>Dac\u0103 sunte\u021bi \u00een c\u0103utarea uneia dintre cele mai bune <strong>Tururi ghidate \u00een Tenerife<\/strong>, aceast\u0103 experien\u021b\u0103 combin\u0103 totul: mun\u021bi, ocean, cultur\u0103 \u0219i relaxare. De la farmecul unic al satului Masca p\u00e2n\u0103 la revigorantul <strong>piscine naturale Tenerife<\/strong> oferte, fiecare moment este conceput pentru a fi memorabil.<\/p>\n<p>La CanaryVIP, facem rezervarea simpl\u0103 \u0219i de \u00eencredere, astfel \u00eenc\u00e2t s\u0103 v\u0103 pute\u021bi concentra asupra pl\u0103cerii c\u0103l\u0103toriei. Fie c\u0103 vizita\u021bi Tenerife pentru prima dat\u0103 sau v\u0103 \u00eentoarce\u021bi pentru a explora mai mult, acest <strong>Tur Masca cu ghid<\/strong> este o experien\u021b\u0103 obligatorie.<\/p>\n<p>Asigura\u021bi-v\u0103 locul acum \u0219i descoperi\u021bi Tenerife \u00eentr-un mod diferit.<\/p>","protected":false},"excerpt":{"rendered":"<p><strong>\ud83d\udd0d Detalii despre tur:<\/strong><br \/>\n\u2705 Plat\u0103 sigur\u0103.<br \/>\n\ud83c\udf04 Explora\u021bi satul Masca.<br \/>\n\ud83d\udca6 Descoper\u0103 piscinele naturale.<br \/>\n\ud83c\udfd4\ufe0f Vizita\u021bi st\u00e2nca Los Gigantes.<br \/>\n\ud83e\udd6a Picnic inclus.<br \/>\n\ud83d\udcc5 \u00cen fiecare zi.<br \/>\n\u23f0 Durata \u00cen jur de 5h.<br \/>\n\ud83d\ude8c VAN p\u00e2n\u0103 la 9 persoane.<br \/>\n\ud83d\ude90 Ridicarea \u0219i l\u0103sarea la hotel.<br \/>\n\ud83d\udd04 Anulare gratuit\u0103 \u00een 72 de ore.<br \/>\n\ud83e\udd11 Cel mai bun pre\u021b garantat.<br \/>\n\ud83c\udf81 Reduceri de grup disponibile.<br \/>\n\ud83c\udf1f Rezerva\u021bi acum \u0219i economisi\u021bi!<\/p>","protected":false},"featured_media":16977,"comment_status":"open","ping_status":"closed","template":"","meta":{"_acf_changed":false},"product_brand":[],"product_cat":[52],"product_tag":[],"class_list":{"0":"post-11626","1":"product","2":"type-product","3":"status-publish","4":"has-post-thumbnail","6":"product_cat-bus-tours","7":"wcpa_has_options","9":"first","10":"instock","11":"sale","12":"virtual","13":"purchasable","14":"product-type-simple"},"acf":[],"wcpa_form_fields":{"wcpaData":{"product":{"product_price":85,"price_html":"From&nbsp;<del aria-hidden=\"true\"><span class=\"woocommerce-Price-amount amount\"><bdi>90,00&nbsp;<span class=\"woocommerce-Price-currencySymbol\">&euro;<\/span><\/bdi><\/span><\/del> <span class=\"screen-reader-text\">Pre\u021bul ini\u021bial a fost: 90,00&nbsp;&euro;.<\/span><ins aria-hidden=\"true\"><span class=\"woocommerce-Price-amount amount\"><bdi>85,00&nbsp;<span class=\"woocommerce-Price-currencySymbol\">&euro;<\/span><\/bdi><\/span><\/ins><span class=\"screen-reader-text\">Pre\u021bul curent este: 85,00&nbsp;&euro;.<\/span>","original_product_price":90,"price_including_tax":85,"price_excluding_tax":85,"product_id":{"parent":11626,"variation":false},"is_variable":false,"stock_status":"instock","stock_quantity":null,"parent_sku":"CV11626","product_attributes":[],"custom_fields":[],"is_taxable":false,"product_name":"Natural Pools, Masca & Los Gigantes Tour + Picnic","hasImage":false},"fields":{"sec_169cd3c7b1d53f":{"extra":{"key":"sec_169cd3c7b1d53f","section_id":"sec_169cd3c7b1d53f","name":"South Tenerife","status":1,"cl_rule":"show","enableCl":false,"relations":[{"operator":false,"rules":[{"operator":"AND","rules":{"cl_field":"radio-group_665df45fcbc30b","cl_relation":"is","cl_val":"Siam Park Regular Tickets"}}]}],"toggle":true,"title_tag":"h4","show_title":false,"showPrice":"default","form_id":16980,"form_rules":{"exclude_from_discount":true,"fee_label":"Fee","disp_hide_options_price":true,"disp_show_section_price":false,"disp_show_field_price":true,"layout_option":"standard","pric_use_as_fee":false,"process_fee_as":"woo_fee"},"layout_option":"standard"},"fields":[[{"label":"\ud83d\udcc5 Date","active":true,"required":true,"elementId":"date_869cd3c7b1d560","picker_type":"custom","picker_mode":"single","placeholder":"","description":"","tooltip":"","name":"date_869cd3c7b1d560","label_position":"default","desc_position":"default","enablePrice":false,"className":"","enableCl":false,"relations":[{"operator":"and","rules":[{"operator":"AND","rules":{"cl_field":"radio-group_665df45fcbc30b","cl_relation":"is","cl_val":"3 Hour Trip"}}]}],"date_pic_inline":true,"date_pic_inline_hide":true,"min_date":{"type":"days","val":"2"},"max_date":{"type":"days","val":"180"},"date_pic_conf":{"disabledWeeks":[],"enabledDates":[]},"price":"","cl_rule":"show","col":6,"type":"date","error":false,"enableDesign":false,"LabelColor":"","value":"2024-07-04","isWeightTemplate":false,"isTemplate":false,"min_quantity":"1","quantity_decimal":false,"quantity_step":"1","quantity_label":"Quantity","repeater_field_label":"{field_label}","repeater_bind":"","gt_translate_keys":["label","placeholder","description","value","tooltip","repeater_field_label","quantity_label"],"price_dependency":false,"cl_dependency":false}],[{"elementId":"separator_569cd3c7b1d57a","separatorType":"blank","className":"","height":"10","enableCl":false,"relations":false,"cl_rule":"show","col":6,"type":"separator","gt_translate_keys":[],"price_dependency":false,"cl_dependency":false,"value":""}],[{"active":true,"col":6,"relations":false,"cl_rule":"show","enableCl":false,"price":"","enablePrice":false,"className":"","label_position":"default","desc_position":"default","type":"content","required":false,"elementId":"content_369cd3c7b1d585","label":"People","name":"content_369cd3c7b1d585","contentType":"plain","value":"","error":false,"show_in_checkout":true,"inline":false,"gt_translate_keys":["label","value"],"price_dependency":false,"cl_dependency":false}],[{"active":true,"col":6,"relations":[{"operator":false,"rules":[{"operator":"AND","rules":{"cl_field":"","cl_relation":"","cl_val":""}}]}],"cl_rule":"show","enableCl":true,"price":"85","enablePrice":true,"className":"","label_position":"default","desc_position":"default","type":"radio-group","required":false,"elementId":"radio-group_969cd3c7b1d590","label":"","name":"radio-group_969cd3c7b1d590","values":[{"label":"\ud83d\udc64 People (85\u20ac)","value":"Adult","selected":true,"tempId":"aco_32","tooltip":"+12 Years","description":"","gt_translate_keys":["label","tooltip","description"]}],"layOut":"","error":false,"checkUi":"button","priceOptions":"fixed_for_all","pricingType":"fixed","enable_quantity":true,"quantity_label":"","min_quantity":"0","options_tooltip":true,"options_description":true,"isWeightTemplate":false,"isTemplate":false,"quantity_decimal":false,"quantity_step":"1","repeater_field_label":"{field_label}","repeater_bind":"","gt_translate_keys":["label","repeater_field_label","quantity_label"],"price_dependency":false,"cl_dependency":false,"value":""}],[{"active":true,"col":6,"relations":false,"cl_rule":"show","enableCl":false,"price":"","enablePrice":false,"className":"","label_position":"default","desc_position":"default","type":"separator","required":false,"elementId":"separator_269cd3c7b1d5af","label":"Separator Field","height":"7","separatorType":"blank","error":false,"gt_translate_keys":["label"],"price_dependency":false,"cl_dependency":false,"value":""}],[{"active":true,"col":6,"relations":false,"cl_rule":"show","enableCl":false,"price":"","enablePrice":false,"className":"","label_position":"default","desc_position":"default","type":"text","subtype":"text","required":false,"elementId":"text_369cd3c7b1d5b8","label":"\ud83d\ude8c Pickup Location","name":"text_369cd3c7b1d5b8","value":"","description":"Pick-up service in South Tenerife. Simply provide your address or hotel name.","error":false,"isWeightTemplate":false,"isTemplate":false,"min_quantity":"1","quantity_decimal":false,"quantity_step":"1","quantity_label":"Quantity","repeater_field_label":"{field_label}","repeater_bind":"","gt_translate_keys":["label","description","value","repeater_field_label","quantity_label"],"price_dependency":false,"cl_dependency":false}]]}},"config":{"price_override":"always","enable_recaptcha":false,"bind_quantity":false,"quantity_bind_formula":false,"disp_summ_show_option_price":true,"disp_summ_show_product_price":false,"disp_summ_show_total_price":true,"disp_summ_show_fee":true,"disp_summ_show_discount":true,"summary_title":"","options_total_label":"Options Price","total_label":"Total Amount","options_product_label":"Product Price","fee_label":"Fee","discount_label":"Discount","has_price":true,"has_quantity_formula":false},"mc_unit":1,"tax_rate":1,"tax_rate_real":1,"discount":{"percentage":0,"fixed":0},"design":{"conf":{"LabelPosition":"above","DescPosition":"above","UploadField":"custom_1","QuantityFieldStyle":"custom_1"},"css":{"LeftLabelWidth":"120px"}},"formulas":[],"lookuptables":[],"clones":false,"cartKey":false}},"_links":{"self":[{"href":"https:\/\/canaryvip.com\/ro\/wp-json\/wp\/v2\/product\/11626","targetHints":{"allow":["GET"]}}],"collection":[{"href":"https:\/\/canaryvip.com\/ro\/wp-json\/wp\/v2\/product"}],"about":[{"href":"https:\/\/canaryvip.com\/ro\/wp-json\/wp\/v2\/types\/product"}],"replies":[{"embeddable":true,"href":"https:\/\/canaryvip.com\/ro\/wp-json\/wp\/v2\/comments?post=11626"}],"wp:featuredmedia":[{"embeddable":true,"href":"https:\/\/canaryvip.com\/ro\/wp-json\/wp\/v2\/media\/16977"}],"wp:attachment":[{"href":"https:\/\/canaryvip.com\/ro\/wp-json\/wp\/v2\/media?parent=11626"}],"wp:term":[{"taxonomy":"product_brand","embeddable":true,"href":"https:\/\/canaryvip.com\/ro\/wp-json\/wp\/v2\/product_brand?post=11626"},{"taxonomy":"product_cat","embeddable":true,"href":"https:\/\/canaryvip.com\/ro\/wp-json\/wp\/v2\/product_cat?post=11626"},{"taxonomy":"product_tag","embeddable":true,"href":"https:\/\/canaryvip.com\/ro\/wp-json\/wp\/v2\/product_tag?post=11626"}],"curies":[{"name":"wp","href":"https:\/\/api.w.org\/{rel}","templated":true}]}}