{"id":11582,"date":"2024-06-03T16:40:35","date_gmt":"2024-06-03T15:40:35","guid":{"rendered":"https:\/\/canaryvip.com\/?post_type=product&#038;p=11582"},"modified":"2025-12-11T18:13:25","modified_gmt":"2025-12-11T18:13:25","slug":"stargazing-tenerife-teide-by-night","status":"publish","type":"product","link":"https:\/\/canaryvip.com\/ro\/shop\/stargazing-tenerife-teide-by-night\/","title":{"rendered":"Star Tour Tenerife:<br\/>Teide de noapte + cin\u0103"},"content":{"rendered":"<h2>\ud83d\ude8c Despre Stargazing Tenerife: Teide pe timp de noapte<\/h2>\n<p>The <strong>Teide pe timp de noapte<\/strong> Turul, disponibil prin CanaryVIP, este una dintre cele mai speciale modalit\u0103\u021bi de a descoperi Muntele Teide dup\u0103 apusul soarelui. O agen\u021bie local\u0103 organizeaz\u0103 aceast\u0103 excursie, combin\u00e2nd o oprire pentru a admira apusul soarelui, peisaje vulcanice \u0219i o sesiune relaxant\u0103 de observare a stelelor \u00eentr-unul dintre cele mai limpezi ceruri din Europa. Parcul Na\u021bional Teide este certificat ca destina\u021bie Starlight, ceea ce \u00eenseamn\u0103 c\u0103 cerul s\u0103u este excep\u021bional de curat \u0219i lipsit de poluare luminoas\u0103.<\/p>\n<h3>Puncte de atrac\u021bie ale turului: Teide pe timp de noapte<\/h3>\n<ul>\n<li>\ud83c\udf04 <strong>Oprire la apusul soarelui<\/strong>: Experien\u021ba \u00eencepe cu o oprire pentru a admira apusul de soare dintr-unul dintre punctele de observa\u021bie din Parcul Na\u021bional. Culorile schimb\u0103toare ale cerului creeaz\u0103 un moment calm \u0219i memorabil, ideal pentru fotografii \u00eenainte de partea dedicat\u0103 observ\u0103rii stelelor din seara respectiv\u0103.<\/li>\n<li>\ud83d\udd2d <strong>Experien\u021ba Stargazing Tenerife<\/strong>: Odat\u0103 ce se \u00eentunec\u0103, ghidul explic\u0103 constela\u021biile \u00eentr-un mod clar \u0219i prietenos, folosind un indicator laser. Este disponibil un telescop, astfel \u00eenc\u00e2t oaspe\u021bii s\u0103 poat\u0103 observa stelele, planetele \u0219i obiectele din spa\u021biul cosmic, \u00een timp ce afl\u0103 pove\u0219ti interesante legate de cerul nocturn.<\/li>\n<li>\ud83c\udfd4\ufe0f <strong>Muntele Teide<\/strong>: Cu o \u00een\u0103l\u021bime de 3.715 metri, Muntele Teide este cel mai \u00eenalt v\u00e2rf din Spania \u0219i un <a href=\"https:\/\/whc.unesco.org\/en\/list\/1258\/\" target=\"_blank\" rel=\"noopener\">Patrimoniul mondial UNESCO<\/a> site. Peisajele sale vulcanice par aproape supranaturale \u0219i au fost folosite ca loca\u021bii de filmare pentru mai multe produc\u021bii interna\u021bionale.<\/li>\n<li>\ud83c\udf7d\ufe0f <strong>Cina<\/strong>: Cina este inclus\u0103 \u0219i servit\u0103 de obicei la un restaurant canarian, cum ar fi Casa Sira, de\u0219i restaurantul exact poate varia \u00een func\u021bie de disponibilitate. Masa este simpl\u0103 \u0219i local\u0103, potrivit\u0103 \u00eenainte de a continua cu partea de observare a stelelor din timpul nop\u021bii. Op\u021biunile dietetice sunt disponibile \u00een general.<\/li>\n<\/ul>\n<h3>Vizitarea stelelor \u00een Tenerife include<\/h3>\n<ul>\n<li>\ud83d\ude8c Preluare \u0219i returnare de la hotelul dumneavoastr\u0103.<\/li>\n<li>\ud83d\udde3\ufe0f Ghizi vorbitori de limba englez\u0103 care ofer\u0103 explica\u021bii pe tot parcursul experien\u021bei.<\/li>\n<li>\ud83d\udcf8 Mai multe opriri pentru fotografii, \u00een special la apusul soarelui.<\/li>\n<li>\ud83d\udcdc O sear\u0103 complet\u0103 dedicat\u0103 explor\u0103rii peisajelor \u0219i cerului nocturn din Teide.<\/li>\n<li>\ud83d\udcb0 Garan\u021bia celui mai bun pre\u021b \u0219i o politic\u0103 de anulare flexibil\u0103.<\/li>\n<\/ul>\n<h3>Turul Essential Stargazing Tenerife Detalii<\/h3>\n<ul>\n<li>\ud83c\udf9f\ufe0f Aduce\u021bi biletul digital CanaryVIP.<\/li>\n<li>\ud83d\udeab Autocarul nu are toalet\u0103 la bord \u0219i nu este adaptat pentru accesul cu scaunul cu rotile.<\/li>\n<li>\ud83c\udf7d\ufe0f Cina este inclus\u0103.<\/li>\n<li>\u23f3 Turul dureaz\u0103 aproximativ 6 ore.<\/li>\n<li>\ud83e\udde5 \u00cembr\u0103c\u0103mintea groas\u0103 este esen\u021bial\u0103, deoarece temperaturile scad semnificativ noaptea.<\/li>\n<li>\ud83d\udccc V\u0103 rug\u0103m s\u0103 furniza\u021bi detalii exacte despre hotel pentru a asigura organizarea corect\u0103 a prelu\u0103rii.<\/li>\n<li>\ud83c\udf25\ufe0f <strong>Anun\u021b meteo<\/strong>: Vizibilitatea observ\u0103rii stelelor depinde de condi\u021biile meteorologice \u0219i nu poate fi garantat\u0103 \u00een totalitate. Operatorul va face \u00eentotdeauna tot posibilul pentru a oferi aceast\u0103 experien\u021b\u0103.<\/li>\n<\/ul>\n<h3>Eticheta \u0219i politicile de turism<\/h3>\n<ul>\n<li>\ud83d\udd04 <strong>Anulare flexibil\u0103<\/strong>: Anulare gratuit\u0103 cu p\u00e2n\u0103 la 48 de ore \u00eenainte de experien\u021b\u0103. Grupurile beneficiaz\u0103 de condi\u021bii speciale: grupurile de 5-7 persoane pot anula cu p\u00e2n\u0103 la 72 de ore \u00een avans. Grupurile de 8-14 persoane trebuie s\u0103 anun\u021be cu 4 zile \u00een avans. Grupurile de 15 sau mai multe persoane trebuie s\u0103 anuleze cu cel pu\u021bin 6 zile \u00een avans.<\/li>\n<li>\ud83d\udd52 <strong>Punctualitate<\/strong>: V\u0103 rug\u0103m s\u0103 fi\u021bi preg\u0103ti\u021bi la punctul de \u00eent\u00e2lnire stabilit pentru a evita \u00eent\u00e2rzierile pentru restul grupului.<\/li>\n<li>\ud83d\udce2 <strong>Urma\u021bi programul<\/strong>: Oaspe\u021bii trebuie s\u0103 urmeze instruc\u021biunile ghidului pentru a asigura o experien\u021b\u0103 pl\u0103cut\u0103 \u0219i f\u0103r\u0103 probleme pentru toat\u0103 lumea.<\/li>\n<\/ul>\n<h4>Asisten\u021b\u0103 \u0219i responsabilitate \u00een turneu<\/h4>\n<ul>\n<li>\u2714\ufe0f <strong>Angajamentul privind serviciile<\/strong>: CanaryVIP asigur\u0103 un proces de rezervare f\u0103r\u0103 probleme \u0219i o comunicare clar\u0103 \u00eenainte de tur. Activitatea \u00een sine este desf\u0103\u0219urat\u0103 de un operator local autorizat.<\/li>\n<li>\ud83d\udde3\ufe0f <strong>Asisten\u021b\u0103 \u00een timpul turului<\/strong>: Orice \u00eentreb\u0103ri sau nel\u0103muriri ap\u0103rute \u00een timpul experien\u021bei pot fi adresate direct ghidului, care se afl\u0103 la fa\u021ba locului pentru a v\u0103 ajuta.<\/li>\n<li>\ud83d\udcb0 <strong>Politica de rambursare pentru probleme legate de tururi<\/strong>: Dac\u0103 \u00een timpul activit\u0103\u021bii apare ceva neprev\u0103zut, ramburs\u0103rile se vor face conform politicii stabilite, acord\u00e2nd \u00eentotdeauna prioritate transparen\u021bei \u0219i satisfac\u021biei oaspe\u021bilor.<\/li>\n<\/ul>\n<h3>\ud83c\udf0b\ud83d\ude8c\ud83c\udfde\ufe0f Rezerva\u021bi-v\u0103 acum turul Teide<\/h3>\n<p>Teide by Night este o modalitate lini\u0219tit\u0103 \u0219i memorabil\u0103 de a descoperi unul dintre cele mai emblematice locuri din Tenerife. Privirea apusului de soare din Parcul Na\u021bional \u0219i apoi observarea cerului nocturn fac din acest tur unul dintre preferatele cuplurilor, familiilor \u0219i tuturor celor care doresc s\u0103 experimenteze Teide \u00eentr-o lumin\u0103 diferit\u0103.<\/p>\n<p>Dac\u0103 dori\u021bi s\u0103 explora\u021bi parcul \u0219i \u00een timpul zilei, pute\u021bi consulta <a href=\"https:\/\/canaryvip.com\/ro\/shop\/teide-guided-bus-tour\/\">Teide Half Day Bus Tour<\/a>. Aceast\u0103 op\u021biune de zi acoper\u0103 peisaje vulcanice, puncte de belvedere, satul Vilaflor \u0219i Roques de Garc\u00eda, cu o plimbare op\u021bional\u0103 cu telecabina, disponibil\u0103 c\u00e2nd vremea o permite.<\/p>\n<p>Rezerv\u00e2nd ambele tururi prin CanaryVIP, v\u0103 pute\u021bi bucura de contrastul complet al muntelui Teide, de la culorile str\u0103lucitoare ale zilei p\u00e2n\u0103 la nop\u021bile lini\u0219tite \u0219i \u00eenstelate.<\/p>\n<p>Aventura ta pe Teide este gata c\u00e2nd e\u0219ti \u0219i tu.<\/p>","protected":false},"excerpt":{"rendered":"<p><strong>\ud83d\udd0d Teide pe timp de noapte:<\/strong><br \/>\n\u2705 Plat\u0103 sigur\u0103.<br \/>\n\ud83d\uddfb Vizita\u021bi Parcul Na\u021bional Teide.<br \/>\n\ud83d\udd2d Telescoape profesionale.<br \/>\n\ud83c\udf20 Urm\u0103ri\u021bi Stele \u0219i constela\u021bii.<br \/>\n\ud83c\udf7d\ufe0f Mas\u0103 canarian\u0103 inclus\u0103.<br \/>\n\ud83e\uddc3 B\u0103uturi incluse.<br \/>\n\ud83d\udcc5 Mar\u021bi, Miercuri, Joi, Vineri, Duminic\u0103.<br \/>\n\u23f0 Durata \u00cen jur de 6h.<br \/>\n\ud83d\ude8c Pickup \u0219i drop-off la hotel.<br \/>\n\ud83d\udd04 Anulare gratuit\u0103 \u00een 48 de ore.<br \/>\n\ud83e\udd11 Cel mai bun pre\u021b garantat.<br \/>\n\ud83c\udf81 Reduceri de grup disponibile.<br \/>\n\ud83c\udf0d Ghiduri \u00een limbile dumneavoastr\u0103.<br \/>\n\ud83c\udf1f Rezerva\u021bi acum \u0219i economisi\u021bi!<\/p>","protected":false},"featured_media":11584,"comment_status":"open","ping_status":"closed","template":"","meta":{"_acf_changed":false},"product_brand":[],"product_cat":[52],"product_tag":[],"class_list":{"0":"post-11582","1":"product","2":"type-product","3":"status-publish","4":"has-post-thumbnail","6":"product_cat-bus-tours","7":"wcpa_has_options","9":"first","10":"instock","11":"sale","12":"virtual","13":"purchasable","14":"product-type-simple"},"acf":[],"wcpa_form_fields":{"wcpaData":{"product":{"product_price":79,"price_html":"From&nbsp;<del aria-hidden=\"true\"><span class=\"woocommerce-Price-amount amount\"><bdi>89,00&nbsp;<span class=\"woocommerce-Price-currencySymbol\">&euro;<\/span><\/bdi><\/span><\/del> <span class=\"screen-reader-text\">Pre\u021bul ini\u021bial a fost: 89,00&nbsp;&euro;.<\/span><ins aria-hidden=\"true\"><span class=\"woocommerce-Price-amount amount\"><bdi>79,00&nbsp;<span class=\"woocommerce-Price-currencySymbol\">&euro;<\/span><\/bdi><\/span><\/ins><span class=\"screen-reader-text\">Pre\u021bul curent este: 79,00&nbsp;&euro;.<\/span>","original_product_price":89,"price_including_tax":79,"price_excluding_tax":79,"product_id":{"parent":11582,"variation":false},"is_variable":false,"stock_status":"instock","stock_quantity":null,"parent_sku":"CV11582","product_attributes":[],"custom_fields":[],"is_taxable":false,"product_name":"Star Tour Tenerife:<br\/>Teide by Night + Dinner","hasImage":false},"fields":{"sec_2665e36bde09f4":{"extra":{"key":"sec_2665e36bde09f4","section_id":"sec_2665e36bde09f4","name":"South Tenerife","status":1,"cl_rule":"show","enableCl":false,"relations":[{"operator":false,"rules":[{"operator":"AND","rules":{"cl_field":"radio-group_665df45fcbc30b","cl_relation":"is","cl_val":"Siam Park Regular Tickets"}}]}],"toggle":true,"title_tag":"h4","show_title":false,"showPrice":"default","form_id":11592,"form_rules":{"exclude_from_discount":true,"fee_label":"Fee","disp_hide_options_price":true,"disp_show_section_price":false,"disp_show_field_price":true,"layout_option":"standard","pric_use_as_fee":false,"process_fee_as":"woo_fee"},"layout_option":"standard"},"fields":[[{"label":"\ud83d\udcc5 Date","active":true,"required":true,"elementId":"date_10665e36bde0a12","picker_type":"custom","picker_mode":"single","placeholder":"","description":"","tooltip":"","name":"date_10665e36bde0a12","label_position":"default","desc_position":"default","enablePrice":false,"className":"","enableCl":false,"relations":[{"operator":"and","rules":[{"operator":"AND","rules":{"cl_field":"radio-group_665df45fcbc30b","cl_relation":"is","cl_val":"3 Hour Trip"}}]}],"date_pic_inline":true,"date_pic_inline_hide":true,"min_date":{"type":"days","val":"1"},"max_date":{"type":"days","val":"365"},"date_pic_conf":{"disabledWeeks":[1]},"price":"","cl_rule":"show","col":6,"type":"date","error":false,"enableDesign":false,"LabelColor":"","isWeightTemplate":false,"isTemplate":false,"min_quantity":"1","quantity_decimal":false,"quantity_step":"1","quantity_label":"Quantity","repeater_field_label":"{field_label}","repeater_bind":"","gt_translate_keys":["label","placeholder","description","tooltip","repeater_field_label","quantity_label"],"price_dependency":false,"cl_dependency":false,"value":""}],[{"elementId":"separator_8665e36bde0a21","separatorType":"blank","className":"","height":"10","enableCl":false,"relations":false,"cl_rule":"show","col":6,"type":"separator","gt_translate_keys":[],"price_dependency":false,"cl_dependency":false,"value":""}],[{"active":true,"col":6,"relations":false,"cl_rule":"show","enableCl":false,"price":"","enablePrice":false,"className":"","label_position":"default","desc_position":"default","type":"content","required":false,"elementId":"content_9665e36bde0a2d","label":"People","name":"content_9665e36bde0a2d","contentType":"plain","value":"","error":false,"show_in_checkout":true,"inline":false,"gt_translate_keys":["label","value"],"price_dependency":false,"cl_dependency":false}],[{"active":true,"col":6,"relations":[{"operator":false,"rules":[{"operator":"AND","rules":{"cl_field":"","cl_relation":"","cl_val":""}}]}],"cl_rule":"show","enableCl":true,"price":"79","enablePrice":true,"className":"","label_position":"default","desc_position":"default","type":"radio-group","required":false,"elementId":"radio-group_10665e36bde0a38","label":"","name":"radio-group_10665e36bde0a38","values":[{"label":"\ud83d\udc64 Adult (79\u20ac)","value":"Adult","selected":true,"tempId":"aco_32","tooltip":"+14 Years","description":"","gt_translate_keys":["label","tooltip","description"]}],"layOut":"","error":false,"checkUi":"button","priceOptions":"fixed_for_all","pricingType":"fixed","enable_quantity":true,"quantity_label":"","min_quantity":"0","options_tooltip":true,"options_description":true,"gt_translate_keys":["label","quantity_label"],"price_dependency":false,"cl_dependency":false,"value":""}],[{"label":"","active":true,"required":false,"elementId":"radio-group_10665e36bde0a43","name":"radio-group_10665e36bde0a43","label_position":"default","desc_position":"default","enablePrice":true,"className":"","enableCl":false,"relations":false,"enable_quantity":true,"quantity_label":"","min_quantity":"0","checkUi":"button","layOut":"","values":[{"label":"\ud83d\udc66 Child (49\u20ac)","value":"Child","selected":true,"tempId":"aco_32","tooltip":"4-13 Years","description":"","gt_translate_keys":["label","tooltip","description"]}],"priceOptions":"fixed_for_all","pricingType":"fixed","price":"49","cl_rule":"show","col":6,"type":"radio-group","error":false,"options_tooltip":true,"options_description":true,"gt_translate_keys":["label","quantity_label"],"price_dependency":false,"cl_dependency":false,"value":""}],[{"label":"","active":true,"required":false,"elementId":"radio-group-0497504259","name":"radio-group-0497504259","label_position":"default","desc_position":"default","enablePrice":true,"className":"","enableCl":false,"relations":false,"enable_quantity":true,"quantity_label":"","min_quantity":"0","checkUi":"button","layOut":"","options_tooltip":true,"options_description":true,"values":[{"label":"\ud83d\udc76 Infant (Free)","value":"Infant","selected":true,"tempId":"aco_32","tooltip":"0-3 Years","description":"","gt_translate_keys":["label","tooltip","description"]}],"priceOptions":"fixed_for_all","pricingType":"fixed","price":"0","cl_rule":"show","col":6,"type":"radio-group","error":false,"gt_translate_keys":["label","quantity_label"],"price_dependency":false,"cl_dependency":false,"value":""}],[{"active":true,"col":6,"relations":false,"cl_rule":"show","enableCl":false,"price":"","enablePrice":false,"className":"","label_position":"default","desc_position":"default","type":"select","required":false,"elementId":"select_5665e36bde0a4d","label":"\ud83c\udf0e Language","name":"select_5665e36bde0a4d","values":[{"label":"English","value":"English","selected":false,"tempId":"aco_389","gt_translate_keys":["label"]},{"label":"Spanish","value":"Spanish","selected":false,"tempId":"aco_390","gt_translate_keys":["label"]},{"label":"Deutsch","value":"Deutsch","selected":false,"tempId":"aco_409","gt_translate_keys":["label"]},{"label":"French","value":"French","selected":false,"tempId":"aco_581","gt_translate_keys":["label"]},{"label":"Dutch","value":"Dutch","selected":false,"tempId":"aco_672","gt_translate_keys":["label"]},{"label":"Italian","value":"Italian","selected":false,"tempId":"aco_700","gt_translate_keys":["label"]}],"dropdown_type":"basic","error":false,"isWeightTemplate":false,"isTemplate":false,"min_quantity":"1","quantity_decimal":false,"quantity_step":"1","quantity_label":"Quantity","repeater_field_label":"{field_label}","repeater_bind":"","placeholder":"Select Language","gt_translate_keys":["label","placeholder","repeater_field_label","quantity_label"],"price_dependency":false,"cl_dependency":false,"value":""}],[{"active":true,"col":6,"relations":false,"cl_rule":"show","enableCl":false,"price":"","enablePrice":false,"className":"","label_position":"default","desc_position":"default","type":"separator","required":false,"elementId":"separator_4665e36bde0a57","label":"Separator Field","height":"7","separatorType":"blank","error":false,"gt_translate_keys":["label"],"price_dependency":false,"cl_dependency":false,"value":""}],[{"active":true,"col":6,"relations":false,"cl_rule":"show","enableCl":false,"price":"","enablePrice":false,"className":"","label_position":"default","desc_position":"default","type":"text","subtype":"text","required":false,"elementId":"text_10665e36bde0a60","label":"\ud83d\ude8c Pickup Location","name":"text_10665e36bde0a60","value":"","description":"Included Pick-up service in South Tenerife. Simply provide your address or hotel name.","error":false,"gt_translate_keys":["label","description","value"],"price_dependency":false,"cl_dependency":false}]]}},"config":{"price_override":"always","enable_recaptcha":false,"bind_quantity":false,"quantity_bind_formula":false,"disp_summ_show_option_price":true,"disp_summ_show_product_price":false,"disp_summ_show_total_price":true,"disp_summ_show_fee":true,"disp_summ_show_discount":true,"summary_title":"","options_total_label":"Options Price","total_label":"Total Amount","options_product_label":"Product Price","fee_label":"Fee","discount_label":"Discount","has_price":true,"has_quantity_formula":false},"mc_unit":1,"tax_rate":1,"tax_rate_real":1,"discount":{"percentage":0,"fixed":0},"design":{"conf":{"LabelPosition":"above","DescPosition":"above","UploadField":"custom_1","QuantityFieldStyle":"custom_1"},"css":{"LeftLabelWidth":"120px"}},"formulas":[],"lookuptables":[],"clones":false,"cartKey":false}},"_links":{"self":[{"href":"https:\/\/canaryvip.com\/ro\/wp-json\/wp\/v2\/product\/11582","targetHints":{"allow":["GET"]}}],"collection":[{"href":"https:\/\/canaryvip.com\/ro\/wp-json\/wp\/v2\/product"}],"about":[{"href":"https:\/\/canaryvip.com\/ro\/wp-json\/wp\/v2\/types\/product"}],"replies":[{"embeddable":true,"href":"https:\/\/canaryvip.com\/ro\/wp-json\/wp\/v2\/comments?post=11582"}],"wp:featuredmedia":[{"embeddable":true,"href":"https:\/\/canaryvip.com\/ro\/wp-json\/wp\/v2\/media\/11584"}],"wp:attachment":[{"href":"https:\/\/canaryvip.com\/ro\/wp-json\/wp\/v2\/media?parent=11582"}],"wp:term":[{"taxonomy":"product_brand","embeddable":true,"href":"https:\/\/canaryvip.com\/ro\/wp-json\/wp\/v2\/product_brand?post=11582"},{"taxonomy":"product_cat","embeddable":true,"href":"https:\/\/canaryvip.com\/ro\/wp-json\/wp\/v2\/product_cat?post=11582"},{"taxonomy":"product_tag","embeddable":true,"href":"https:\/\/canaryvip.com\/ro\/wp-json\/wp\/v2\/product_tag?post=11582"}],"curies":[{"name":"wp","href":"https:\/\/api.w.org\/{rel}","templated":true}]}}