{"id":11553,"date":"2024-05-22T11:32:13","date_gmt":"2024-05-22T10:32:13","guid":{"rendered":"https:\/\/canaryvip.com\/?post_type=product&#038;p=11553"},"modified":"2025-08-15T16:26:48","modified_gmt":"2025-08-15T15:26:48","slug":"lala-yacht-charter-tenerife","status":"publish","type":"product","link":"https:\/\/canaryvip.com\/ro\/shop\/lala-yacht-charter-tenerife\/","title":{"rendered":"LaLa Private Yacht Tenerife"},"content":{"rendered":"<h2><strong>\ud83d\udee5\ufe0f LaLa Yacht Charter: Descoperi\u021bi luxul \u00een Tenerife<\/strong><\/h2>\n<p>P\u0103\u0219i\u021bi \u00eentr-o lume a luxului \u0219i aventurii cu LaLa Yacht, prima alegere pentru cei care caut\u0103 o experien\u021b\u0103 de neuitat \u00een Tenerife. Proiectat pentru a oferi cel mai \u00eenalt nivel de confort \u0219i stil, acest iaht ofer\u0103 un amestec perfect de elegan\u021b\u0103 \u0219i facilit\u0103\u021bi moderne.<\/p>\n<p>Fie c\u0103 dori\u021bi s\u0103 v\u0103 bronza\u021bi la soare pe puntea spa\u021bioas\u0103, s\u0103 v\u0103 r\u0103sf\u0103\u021ba\u021bi cu mese gourmet sau s\u0103 v\u0103 scufunda\u021bi \u00een apele cristaline ale insulei, LaLa Yacht v\u0103 asigur\u0103 o c\u0103l\u0103torie plin\u0103 de momente de neuitat. Ideal\u0103 pentru familii, cupluri sau grupuri, aceast\u0103 nav\u0103 luxoas\u0103 promite o modalitate ne\u00eentrerupt\u0103 \u0219i antrenant\u0103 de a explora coasta uimitoare \u0219i via\u021ba marin\u0103 vibrant\u0103 din Tenerife.<\/p>\n<h3>\u2b50\ufe0f <strong>Confort \u0219i distrac\u021bie de neegalat la bord<\/strong><\/h3>\n<p><span style=\"text-decoration: underline;\"><strong>Explora\u021bi caracteristicile excep\u021bionale ale lui LaLa Yacht:<\/strong><\/span><\/p>\n<ul>\n<li>Teras\u0103 spa\u021bioas\u0103 pentru relaxare \u0219i distrac\u021bie maxim\u0103.<\/li>\n<li>Zon\u0103 de plaj\u0103 \u00een partea din fa\u021b\u0103 a vasului pentru a v\u0103 bucura de soare.<\/li>\n<li>Echipament de paddle-board \u0219i snorkeling pentru aventuri pe ap\u0103.<\/li>\n<li>B\u0103uturi nelimitate, inclusiv vin spumant, vin alb \u0219i ros\u00e9, bere, b\u0103uturi r\u0103coritoare \u0219i ap\u0103.<\/li>\n<li>Op\u021biuni de m\u00e2ncare delicioase, cum ar fi nachos cu guacamole \u0219i paella de pui.<\/li>\n<li>Echipaj bilingv pentru a r\u0103spunde nevoilor dumneavoastr\u0103, inclusiv un c\u0103pitan cu experien\u021b\u0103.<\/li>\n<\/ul>\n<h4>\ud83d\udea4 <strong>Porni\u021bi \u00eentr-o c\u0103l\u0103torie de descoperire<\/strong><\/h4>\n<p>Aventura ta \u00eencepe la <a href=\"https:\/\/www.google.com\/maps\/place\/Puerto+Col%C3%B3n\/@28.078002,-16.7394902,17z\/data=!3m2!4b1!5s0xc6a97433884bdf9:0x76d293b7b99db23a!4m6!3m5!1s0xc6a9743509c9ebf:0xd62345524f768247!8m2!3d28.078002!4d-16.7369153!16s%2Fg%2F11c6cqryw_?entry=ttu\" target=\"_blank\" rel=\"noopener\">Puerto Col\u00f3n<\/a>, situat \u00een inima ora\u0219ului Costa Adeje. LaLa Yacht poate g\u0103zdui p\u00e2n\u0103 la 12 persoane, asigur\u00e2nd o experien\u021b\u0103 personal\u0103 \u0219i exclusivist\u0103. Alege\u021bi dintre diferitele op\u021biuni de charter pentru a v\u0103 satisface nevoile de aventur\u0103.<\/p>\n<h4>\ud83c\udf0a <strong>Implic\u0103-te \u00een activit\u0103\u021bi maritime de neuitat<\/strong><\/h4>\n<p>Odat\u0103 urcat la bordul iahtului LaLa Yacht, pute\u021bi explora frumoasele ape din Tenerife. Fie c\u0103 prefera\u021bi s\u0103 face\u021bi snorkeling cu via\u021ba marin\u0103 local\u0103, s\u0103 face\u021bi paddleboarding sau pur \u0219i simplu s\u0103 v\u0103 relaxa\u021bi \u0219i s\u0103 v\u0103 bucura\u021bi de priveli\u0219tile incredibile, exist\u0103 ceva pentru toat\u0103 lumea. Echipajul nostru v\u0103 asigur\u0103 o c\u0103l\u0103torie memorabil\u0103, plin\u0103 de distrac\u021bie \u0219i descoperiri.<\/p>\n<h4>\ud83d\udc2c <strong>Luxul \u00eent\u00e2lne\u0219te valoarea<\/strong><\/h4>\n<p>CanaryVIP ridic\u0103 experien\u021ba dvs. de \u00eenchiriere de iahturi cu LaLa Yacht, care combin\u0103 luxul opulent cu o valoare imbatabil\u0103. Tarifele noastre competitive includ toate facilit\u0103\u021bile \u0219i serviciile necesare pentru o aventur\u0103 extraordinar\u0103 pe mare.<\/p>\n<h3>\ud83d\udd52 <strong>Alege-\u021bi aventura: De la c\u0103l\u0103torii scurte la sejururi prelungite<\/strong><\/h3>\n<ul>\n<li><strong>Descoperire de 3 ore<\/strong>: Perfect pentru familiile care doresc s\u0103 guste din frumuse\u021bea coastei din Tenerife \u0219i din activit\u0103\u021bile de ap\u0103.<\/li>\n<li><strong>6 ore de explorare<\/strong>: O scufundare mai profund\u0103 \u00een minunile din Tenerife, cu timp suficient pentru snorkeling \u0219i relaxare.<\/li>\n<li><strong>Carta extins\u0103<\/strong>: Extinde\u021bi-v\u0103 aventura peste \u0219ase ore pentru doar 150 \u20ac pe or\u0103 suplimentar\u0103, ceea ce v\u0103 permite s\u0103 tr\u0103i\u021bi pe deplin experien\u021ba Insulelor Canare.<\/li>\n<\/ul>\n<h3>\u2705 <strong>Tot ce ave\u021bi nevoie pentru o zi perfect\u0103 pe mare<\/strong><\/h3>\n<ul>\n<li>M\u00e2nc\u0103ruri gourmet gratuite \u0219i b\u0103uturi nelimitate pentru toate v\u00e2rstele.<\/li>\n<li>Un echipaj experimentat \u0219i multilingv care s\u0103 v\u0103 satisfac\u0103 toate nevoile.<\/li>\n<li>Echipament complet de snorkeling pentru aventuri subacvatice.<\/li>\n<li>Tratament VIP cu scaune confortabile \u0219i spa\u021biu amplu.<\/li>\n<\/ul>\n<h3>\ud83c\udf7d\ufe0f <strong>M\u00e2ncare la bord<\/strong><\/h3>\n<p>\u00cen timpul experien\u021bei dvs. LaLa Yacht, v\u0103 ve\u021bi bucura de o varietate atent selectat\u0103 de alimente proaspete \u0219i gustoase, ideale pentru a fi \u00eemp\u0103r\u021bite \u00een timp ce v\u0103 relaxa\u021bi pe mare. Totul este inclus \u0219i servit cu b\u0103uturi nelimitate.<\/p>\n<p>Iat\u0103 la ce v\u0103 pute\u021bi a\u0219tepta:<\/p>\n<ul>\n<li><strong>Plac\u0103 de mezeluri iberice:<\/strong>\u00a0O selec\u021bie de mezeluri de calitate cu arom\u0103 spaniol\u0103 autentic\u0103.<\/li>\n<li><strong>Selec\u021bie de br\u00e2nz\u0103 canarian\u0103:<\/strong>\u00a0Br\u00e2nzeturi locale cu un gust bogat \u0219i unic.<\/li>\n<li><strong>Gran Canaria Almogrote cu pesmet rustic:<\/strong>\u00a0O crem\u0103 cremoas\u0103 de br\u00e2nz\u0103 maturat\u0103 cu o atingere de mojo, servit\u0103 cu p\u00e2ine crocant\u0103.<\/li>\n<li><strong>Nachos cu guacamole:<\/strong>\u00a0O op\u021biune proasp\u0103t\u0103 \u0219i crocant\u0103, perfect\u0103 pentru gust\u0103ri.<\/li>\n<li><strong>Cartofi \u00eencre\u021bi\u021bi canari cu mojo ro\u0219u:<\/strong>\u00a0Un favorit local, simplu \u0219i plin de arom\u0103.<\/li>\n<li><strong>Wraps de pui pr\u0103jit cu salat\u0103 crocant\u0103:<\/strong>\u00a0U\u0219oar\u0103 \u0219i satisf\u0103c\u0103toare, ideal\u0103 dup\u0103 o sesiune de \u00eenot sau de paddleboard.<\/li>\n<li><strong>Fructe de sezon \u0219i produse de patiserie:<\/strong>\u00a0Ceva dulce pentru a \u00eencheia timpul petrecut la bord.<\/li>\n<\/ul>\n<p>Bucura\u021bi-v\u0103 de m\u00e2ncare bun\u0103, b\u0103uturi bune \u0219i priveli\u0219ti chiar mai bune - toate \u00eentr-o excursie de neuitat.<\/p>\n<h3>\ud83d\udccd <strong>\u00cembarcarea din Puerto Col\u00f3n: Poarta ta de intrare spre aventur\u0103<\/strong><\/h3>\n<p>Situat la Poarta 0 \u00een Costa Adeje, Puerto Col\u00f3n este punctul de plecare ideal pentru LaLa <a href=\"https:\/\/canaryvip.com\/ro\/tenerife\/boat-hire-tenerife\/\">Aventura cu iahtul.<\/a> Sositi cu cel pu\u021bin 10 minute \u00eenainte de plecare pentru un start f\u0103r\u0103 probleme. O parcare convenabil\u0103 este disponibil\u0103 \u00een port.<\/p>\n<h4>\ud83d\udcdc <strong>Rezervare f\u0103r\u0103 efort \u0219i politici clare pentru lini\u0219te sufleteasc\u0103<\/strong><\/h4>\n<p>Rezervarea aventurii dumneavoastr\u0103 LaLa Yacht cu CanaryVIP este perfect\u0103 \u0219i sigur\u0103. Politicile noastre sunt concepute pentru a v\u0103 asigura confortul \u0219i lini\u0219tea sufleteasc\u0103.<\/p>\n<ul>\n<li><strong>Garan\u021bia meteo<\/strong>: \u00cen caz de vreme nefavorabil\u0103, alege\u021bi \u00eentre reprogramarea sau rambursarea integral\u0103 pentru siguran\u021ba dumneavoastr\u0103.<\/li>\n<li><strong>Anulare flexibil\u0103<\/strong>: Anula\u021bi sau reprograma\u021bi cu p\u00e2n\u0103 la 5 zile \u00een avans pentru o rambursare complet\u0103. Dup\u0103 aceea, nu se aplic\u0103 nicio rambursare.<\/li>\n<li><strong>Bilete Easy Access<\/strong>: P\u0103stra\u021bi la \u00eendem\u00e2n\u0103 cartea de \u00eembarcare pe telefon sau tip\u0103rit\u0103 pentru mai mult\u0103 comoditate.<\/li>\n<li><strong>\u00cengrijire cuprinz\u0103toare<\/strong>: Dac\u0103 nu v\u0103 sim\u021bi\u021bi bine sau v\u0103 \u00eencheia\u021bi c\u0103l\u0103toria mai devreme, echipa noastr\u0103 v\u0103 va ajuta, de\u0219i nu se ofer\u0103 ramburs\u0103ri \u00een astfel de cazuri.<\/li>\n<li><strong>Flexibilitatea pl\u0103\u021bilor<\/strong>: Alege\u021bi metoda de plat\u0103 care func\u021bioneaz\u0103 cel mai bine pentru dumneavoastr\u0103.<\/li>\n<\/ul>\n<p><strong>\ud83c\udf0a\ud83c\udf1f\ud83d\udee5\ufe0f Rezerva\u021bi-v\u0103 ast\u0103zi experien\u021ba LaLa Yacht cu CanaryVIP \u0219i debloca\u021bi momente de neuitat pe mare.<\/strong><\/p>","protected":false},"excerpt":{"rendered":"<p><strong>\ud83d\udd0d LaLa Yacht:<\/strong><br \/>\n\u2705 Plat\u0103 sigur\u0103.<br \/>\n\ud83d\udd10 Tururi private.<br \/>\n\ud83d\udee5\ufe0f 14m Yacht Confort Yacht.<br \/>\n\u23f3 Tururi zilnice de 2-12h.<br \/>\n\ud83d\udd59 Orele de plecare personalizabile.<br \/>\n\ud83c\udf74 Mese \u0219i b\u0103uturi incluse.<br \/>\n\ud83d\udc65 P\u00e2n\u0103 la 12 persoane.<br \/>\n\ud83c\udfc4\u200d\u2640\ufe0f Pl\u0103ci cu v\u00e2sle incluse.<br \/>\n\ud83e\udd3f Echipament de snorkel furnizat.<br \/>\n\ud83d\udd0a Red\u0103-\u021bi muzica.<br \/>\n\ud83e\udd11 Cel mai bun pre\u021b garantat.<br \/>\n\ud83d\udc6a Reduceri activate.<br \/>\n\ud83d\udd01 Anulare de p\u00e2n\u0103 la 5 zile.<br \/>\n\ud83c\udf0d Multilingual Crew.<br \/>\n\ud83c\udf1f Rezerva\u021bi din timp \u0219i economisi\u021bi!<br \/>\n\ud83d\udccd Plecare din\u00a0<a href=\"https:\/\/www.google.com\/maps\/place\/Puerto+Col%C3%B3n\/@28.0783432,-16.7368735,18.52z\/data=!4m6!3m5!1s0xc6a9743509c9ebf:0xd62345524f768247!8m2!3d28.0789928!4d-16.7359737!16s%2Fg%2F11c6cqryw_?entry=tts\">Puerto Colon<\/a>.<\/p>","protected":false},"featured_media":11556,"comment_status":"open","ping_status":"closed","template":"","meta":{"_acf_changed":false},"product_brand":[],"product_cat":[47],"product_tag":[],"class_list":{"0":"post-11553","1":"product","2":"type-product","3":"status-publish","4":"has-post-thumbnail","6":"product_cat-boat-hire-tenerife","7":"wcpa_has_options","9":"first","10":"instock","11":"virtual","12":"purchasable","13":"product-type-simple"},"acf":[],"wcpa_form_fields":{"wcpaData":{"product":{"product_price":815,"price_html":"From&nbsp;<span class=\"woocommerce-Price-amount amount\"><bdi>815,00&nbsp;<span class=\"woocommerce-Price-currencySymbol\">&euro;<\/span><\/bdi><\/span>","original_product_price":815,"price_including_tax":815,"price_excluding_tax":815,"product_id":{"parent":11553,"variation":false},"is_variable":false,"stock_status":"instock","stock_quantity":null,"parent_sku":"CV11553","product_attributes":[],"custom_fields":[],"is_taxable":false,"product_name":"LaLa Private Yacht Tenerife","hasImage":false},"fields":{"sec_4664dde58b0cc7":{"extra":{"key":"sec_4664dde58b0cc7","section_id":"sec_4664dde58b0cc7","name":"Default","status":1,"cl_rule":"show","enableCl":false,"relations":[],"toggle":true,"title_tag":"h3","show_title":false,"showPrice":"default","form_id":11559,"form_rules":{"exclude_from_discount":true,"fee_label":"Fee","disp_hide_options_price":true,"disp_show_section_price":false,"disp_show_field_price":true,"layout_option":"standard","pric_use_as_fee":false,"process_fee_as":"woo_fee"},"layout_option":"standard"},"fields":[[{"label":"\ud83d\udcc5 Date","active":true,"required":true,"elementId":"date_9664dde58b0ce8","picker_type":"custom","picker_mode":"single","placeholder":"","description":"","tooltip":"","name":"date_9664dde58b0ce8","label_position":"default","desc_position":"default","enablePrice":false,"className":"","enableCl":false,"relations":[{"operator":"and","rules":[{"operator":"AND","rules":{"cl_field":"radio-group_565c78ffa81208","cl_relation":"is","cl_val":"3 Hour Trip"}}]}],"date_pic_inline":true,"date_pic_inline_hide":true,"min_date":{"type":"days","val":"0"},"max_date":{"type":"days","val":"365"},"date_pic_conf":{"disabledWeeks":[]},"price":"","cl_rule":"show","col":6,"type":"date","error":false,"enableDesign":false,"LabelColor":"","date_conf_custom":{"minDate":"let d = new Date();\nif (d.getHours() >= 18) {\n  d.setDate(d.getDate() + 1);\n} else {\n  d.setDate(d.getDate() + 0);\n}\nreturn d;"},"gt_translate_keys":["label","placeholder","description","tooltip"],"price_dependency":false,"cl_dependency":false,"value":""}],[{"elementId":"separator_2664dde58b0d4d","separatorType":"blank","className":"","height":"1","enableCl":false,"relations":false,"cl_rule":"show","col":6,"type":"separator","error":false,"gt_translate_keys":[],"price_dependency":false,"cl_dependency":false,"value":""}],[{"active":true,"col":6,"relations":[{"operator":false,"rules":[{"operator":"AND","rules":{"cl_field":"radio-group_565c78ffa81208","cl_relation":"is","cl_val":"3 Hour Trip"}}]}],"cl_rule":"show","enableCl":false,"price":"","enablePrice":false,"className":"","label_position":"default","desc_position":"default","type":"select","required":false,"elementId":"select_3664dde58b0d57","label":"\u23f0 Departure","name":"select_3664dde58b0d57","values":[{"label":"09:00","value":"09:00","selected":false,"tempId":"aco_1471","gt_translate_keys":["label"]},{"label":"10:00","value":"10:00","selected":false,"tempId":"aco_1472","gt_translate_keys":["label"]},{"label":"11:00","value":"11:00","selected":false,"tempId":"aco_1500","gt_translate_keys":["label"]},{"label":"12:00","value":"12:00","selected":false,"tempId":"aco_1510","gt_translate_keys":["label"]},{"label":"13:30 (1:30 PM)","value":"13:30","selected":false,"tempId":"aco_1520","gt_translate_keys":["label"]},{"label":"14:00 (2:00 PM)","value":"14:00","selected":false,"tempId":"aco_1728","gt_translate_keys":["label"]},{"label":"15:00 (3:00 PM)","value":"15:00","selected":false,"tempId":"aco_1738","gt_translate_keys":["label"]}],"dropdown_type":"basic","error":false,"placeholder":"Whichever Time is Best","isWeightTemplate":false,"isTemplate":false,"min_quantity":"1","quantity_decimal":false,"quantity_step":"1","quantity_label":"Quantity","repeater_field_label":"{field_label}","repeater_bind":"","gt_translate_keys":["label","placeholder","repeater_field_label","quantity_label"],"price_dependency":false,"cl_dependency":false,"value":""}],[{"label":"\u2705 Number of People","active":true,"required":true,"elementId":"select_3664dde58b0d19","dropdown_type":"basic","placeholder":"Select Number of People","name":"select_3664dde58b0d19","label_position":"default","desc_position":"default","enablePrice":false,"className":"","enableCl":false,"relations":[{"operator":false,"rules":[{"operator":"AND","rules":{"cl_field":"radio-group_565c78ffa81208","cl_relation":"is","cl_val":"3 Hour Trip"}}]}],"values":[{"label":"1 person","value":"1","selected":false,"tempId":"aco_1471","price":"0","gt_translate_keys":["label"]},{"label":"2 people","value":"2","selected":false,"tempId":"aco_1472","price":"0","gt_translate_keys":["label"]},{"label":"3 people","value":"3","selected":false,"tempId":"aco_1500","price":"0","gt_translate_keys":["label"]},{"label":"4 people","value":"4","selected":false,"tempId":"aco_1510","price":"0","gt_translate_keys":["label"]},{"label":"5 people","value":"5","selected":false,"tempId":"aco_1520","price":"0","gt_translate_keys":["label"]},{"label":"6 people","value":"6","selected":false,"tempId":"aco_1728","price":"0","gt_translate_keys":["label"]},{"label":"7 people","value":"7","selected":false,"tempId":"aco_1738","price":"20","gt_translate_keys":["label"]},{"label":"8 people","value":"8","selected":false,"tempId":"aco_1748","price":"40","gt_translate_keys":["label"]},{"label":"9 people","value":"9","selected":false,"tempId":"aco_1912","price":"60","gt_translate_keys":["label"]},{"label":"10 people","value":"10","selected":false,"tempId":"aco_1922","price":"80","gt_translate_keys":["label"]},{"label":"11 people","value":"11","selected":false,"tempId":"aco_705","price":"100","gt_translate_keys":["label"]},{"label":"12 People","value":"12","selected":false,"tempId":"aco_85","gt_translate_keys":["label"]}],"price":"","cl_rule":"show","col":6,"type":"select","error":false,"priceOptions":"different_for_all","pricingType":"fixed","is_show_price":true,"gt_translate_keys":["label","placeholder"],"price_dependency":false,"cl_dependency":false,"value":""}],[{"elementId":"separator_1664dde58b0d62","separatorType":"blank","className":"","height":"1","enableCl":false,"relations":false,"cl_rule":"show","col":6,"type":"separator","error":false,"gt_translate_keys":[],"price_dependency":false,"cl_dependency":false,"value":""}],[{"contentType":"rich","active":true,"label":"","elementId":"content_8664dde58b0cf7","value":"<p>\ud83c\udf9f\ufe0f <strong>Reservation<\/strong>: Pay only a deposit now to reserve; the rest is due on the day of the activity upon arrival.<\/p>","inline":false,"name":"content_8664dde58b0cf7","enablePrice":false,"className":"","subtype":"p","enableCl":false,"relations":false,"price":"","cl_rule":"show","col":6,"type":"content","error":false,"pricingType":"custom","isTemplate":false,"is_show_price":true,"show_in_checkout":true,"gt_translate_keys":["label","value"],"price_dependency":false,"cl_dependency":false}],[{"elementId":"separator_3664dde58b0d04","separatorType":"blank","className":"","height":"3","enableCl":false,"relations":false,"cl_rule":"show","col":6,"type":"separator","error":false,"gt_translate_keys":[],"price_dependency":false,"cl_dependency":false,"value":""}],[{"active":true,"col":6,"relations":false,"cl_rule":"show","enableCl":false,"price":"","enablePrice":true,"className":"","label_position":"default","desc_position":"default","type":"select","required":true,"elementId":"select_7664dde58b0d0f","label":"\u23f3 Trip Duration","name":"select_7664dde58b0d0f","values":[{"label":"3 Hours (815\u20ac)","value":"3","selected":false,"tempId":"aco_556","price":"815","gt_translate_keys":["label"]},{"label":"4 Hours (960\u20ac)","value":"4","selected":false,"tempId":"aco_640","price":"960","gt_translate_keys":["label"]},{"label":"5 Hours (1.100\u20ac)","value":"5","selected":false,"tempId":"aco_660","price":"1100","gt_translate_keys":["label"]},{"label":"6 Hours (1.245\u20ac)","value":"6","selected":false,"tempId":"aco_566","price":"1245","gt_translate_keys":["label"]},{"label":"7 Hours (1.390\u20ac)","value":"7","selected":false,"tempId":"aco_19","price":"1390","gt_translate_keys":["label"]},{"label":"8 Hours (1.500\u20ac)","value":"8","selected":false,"tempId":"aco_792","price":"1500","gt_translate_keys":["label"]}],"dropdown_type":"basic","error":false,"placeholder":"Select Trip Duration","priceOptions":"different_for_all","pricingType":"fixed","is_show_price":true,"isTemplate":false,"isWeightTemplate":false,"min_quantity":"1","quantity_decimal":false,"quantity_step":"1","quantity_label":"Quantity","repeater_field_label":"{field_label}","repeater_bind":"","gt_translate_keys":["label","placeholder","repeater_field_label","quantity_label"],"price_dependency":["content_7664dde58b0d2e","content_5664dde58b0d38"],"cl_dependency":false,"value":""}],[{"active":true,"col":6,"relations":false,"cl_rule":"show","enableCl":false,"price":"","enablePrice":true,"className":"","label_position":"default","desc_position":"default","type":"select","required":false,"elementId":"select_6738878861","label":"\ud83d\udca6 Add jet-skis?","name":"select_6738878861","values":[{"label":"1 JetSki for 1 Hour (250\u20ac)","value":"1 JetSki","selected":false,"tempId":"aco_167","price":"250","gt_translate_keys":["label"]},{"label":"2 JetSkis for 1 Hour (500\u20ac)","value":"2 JetSkis","selected":false,"tempId":"aco_168","price":"500","gt_translate_keys":["label"]}],"isWeightTemplate":false,"error":false,"isTemplate":false,"min_quantity":"1","quantity_decimal":false,"quantity_step":"1","quantity_label":"Quantity","repeater_field_label":"{field_label}","repeater_bind":"","dropdown_type":"basic","description":"Private JetSki tour from the boat with a JetSki instructor.","priceOptions":"different_for_all","pricingType":"fixed","is_show_price":true,"placeholder":"None","gt_translate_keys":["label","placeholder","description","repeater_field_label","quantity_label"],"price_dependency":false,"cl_dependency":false,"value":""}],[{"elementId":"separator_4664dde58b0d24","separatorType":"fill","className":"","height":"6","enableCl":false,"relations":false,"cl_rule":"show","col":6,"type":"separator","error":false,"separatorColor":"#66a6b6","gt_translate_keys":[],"price_dependency":false,"cl_dependency":false,"value":""}],[{"active":true,"col":6,"relations":false,"cl_rule":"show","enableCl":false,"price":"({field.select_7664dde58b0d0f.price})*0.20","enablePrice":true,"className":"","label_position":"default","desc_position":"default","type":"content","required":false,"elementId":"content_7664dde58b0d2e","label":"Deposit Payment","name":"content_7664dde58b0d2e","contentType":"plain","value":"","error":false,"pricingType":"custom","isTemplate":true,"is_show_price":false,"enableDesign":true,"scrollBar":false,"use_as_fee":false,"fee_label":"Payment Now","inline":true,"show_in_checkout":true,"subtype":"div","formulaId":"fmla_1716380912562544169","LabelSize":"14px","gt_translate_keys":["label","value"],"price_dependency":["content_8664dde58b0d42"],"cl_dependency":false}],[{"contentType":"plain","active":true,"label":"Payment at Arrival","elementId":"content_5664dde58b0d38","value":"","inline":true,"show_in_checkout":true,"name":"content_5664dde58b0d38","enablePrice":true,"className":"","fee_label":"Payment at Arrival","subtype":"div","enableCl":false,"relations":false,"scrollBar":false,"enableDesign":true,"pricingType":"custom","isTemplate":true,"price":"({field.select_7664dde58b0d0f.price})*0.80","use_as_fee":false,"is_show_price":true,"cl_rule":"show","col":6,"type":"content","error":false,"formulaId":"fmla_1708364241278155361","LabelSize":"14px","gt_translate_keys":["label","value"],"price_dependency":["content_8664dde58b0d42"],"cl_dependency":false}],[{"contentType":"plain","active":true,"label":"Total Price","elementId":"content_8664dde58b0d42","value":"","inline":true,"show_in_checkout":true,"name":"content_8664dde58b0d42","enablePrice":true,"className":"","fee_label":"Payment at Arrival","subtype":"div","enableCl":false,"relations":false,"scrollBar":false,"enableDesign":true,"LabelSize":"14px","pricingType":"custom","isTemplate":false,"price":"({field.content_7664dde58b0d2e.price}) + ({field.content_5664dde58b0d38.price})","formulaId":"fmla_1708360988969136756","use_as_fee":false,"is_show_price":true,"cl_rule":"show","col":6,"type":"content","error":false,"gt_translate_keys":["label","value"],"price_dependency":false,"cl_dependency":false}]]}},"config":{"price_override":"always","enable_recaptcha":false,"bind_quantity":false,"quantity_bind_formula":false,"disp_summ_show_option_price":true,"disp_summ_show_product_price":false,"disp_summ_show_total_price":false,"disp_summ_show_fee":true,"disp_summ_show_discount":true,"summary_title":"","options_total_label":"Options Price","total_label":"Deposit Amount","options_product_label":"Product Price","fee_label":"Fee","discount_label":"Discount","has_price":true,"has_quantity_formula":false},"mc_unit":1,"tax_rate":1,"tax_rate_real":1,"discount":{"percentage":0,"fixed":0},"design":{"conf":{"LabelPosition":"above","DescPosition":"above","UploadField":"custom_1","QuantityFieldStyle":"custom_1"},"css":{"LeftLabelWidth":"120px"}},"formulas":{"fmla_1708364241278155361":"(({field.select_7664dde58b0d0f.value}>=8)?(1170):(({field.select_7664dde58b0d0f.value}>=7)?(1057.50):(({field.select_7664dde58b0d0f.value}>=6)?(945):(({field.select_7664dde58b0d0f.value}>=5)?(840):(({field.select_7664dde58b0d0f.value}>=4)?(727.50):(({field.select_7664dde58b0d0f.value}>=3)?(615):(0)))))))","fmla_1716380912562544169":"(({field.select_7664dde58b0d0f.value}>=8)?(330+{field.select_6738878861.price}):(({field.select_7664dde58b0d0f.value}>=7)?(332.50+{field.select_6738878861.price}):(({field.select_7664dde58b0d0f.value}>=6)?(300+{field.select_6738878861.price}):(({field.select_7664dde58b0d0f.value}>=5)?(260+{field.select_6738878861.price}):(({field.select_7664dde58b0d0f.value}>=4)?(232.50+{field.select_6738878861.price}):(({field.select_7664dde58b0d0f.value}>=3)?(200+{field.select_6738878861.price}):(0)))))))"},"lookuptables":[],"clones":false,"cartKey":false}},"_links":{"self":[{"href":"https:\/\/canaryvip.com\/ro\/wp-json\/wp\/v2\/product\/11553","targetHints":{"allow":["GET"]}}],"collection":[{"href":"https:\/\/canaryvip.com\/ro\/wp-json\/wp\/v2\/product"}],"about":[{"href":"https:\/\/canaryvip.com\/ro\/wp-json\/wp\/v2\/types\/product"}],"replies":[{"embeddable":true,"href":"https:\/\/canaryvip.com\/ro\/wp-json\/wp\/v2\/comments?post=11553"}],"wp:featuredmedia":[{"embeddable":true,"href":"https:\/\/canaryvip.com\/ro\/wp-json\/wp\/v2\/media\/11556"}],"wp:attachment":[{"href":"https:\/\/canaryvip.com\/ro\/wp-json\/wp\/v2\/media?parent=11553"}],"wp:term":[{"taxonomy":"product_brand","embeddable":true,"href":"https:\/\/canaryvip.com\/ro\/wp-json\/wp\/v2\/product_brand?post=11553"},{"taxonomy":"product_cat","embeddable":true,"href":"https:\/\/canaryvip.com\/ro\/wp-json\/wp\/v2\/product_cat?post=11553"},{"taxonomy":"product_tag","embeddable":true,"href":"https:\/\/canaryvip.com\/ro\/wp-json\/wp\/v2\/product_tag?post=11553"}],"curies":[{"name":"wp","href":"https:\/\/api.w.org\/{rel}","templated":true}]}}