{"id":11531,"date":"2024-05-21T11:43:07","date_gmt":"2024-05-21T10:43:07","guid":{"rendered":"https:\/\/canaryvip.com\/?post_type=product&#038;p=11531"},"modified":"2025-06-29T00:06:38","modified_gmt":"2025-06-28T23:06:38","slug":"history-music-tenerife","status":"publish","type":"product","link":"https:\/\/canaryvip.com\/ro\/shop\/history-music-tenerife\/","title":{"rendered":"Istorie, Evolu\u021bia muzicii:<br\/>Tenerife Night Show"},"content":{"rendered":"<h2>\ud83c\udfb6 Descoper\u0103 istoria, evolu\u021bia muzicii \u00een Tenerife<\/h2>\n<p>Cufunda\u021bi-v\u0103 \u00eentr-o c\u0103l\u0103torie muzical\u0103 de neuitat la \"History: The Evolution of Music Show\" din Tenerife, prezentat cu m\u00e2ndrie de Auditorio Pir\u00e1mide de Arona. Acest eveniment spectaculos, disponibil prin CanaryVIP, prezint\u0103 cele mai emblematice momente din istoria muzicii, cu un ansamblu divers de 30 de arti\u0219ti talenta\u021bi din 15 \u021b\u0103ri diferite.<\/p>\n<p>Experimenta\u021bi o sear\u0103 captivant\u0103 de muzic\u0103 live, dans vibrant \u0219i coregrafii uimitoare care aduc un omagiu legendelor muzicale, de la Mozart la Michael Jackson. Acest spectacol de 2 ore, cu o pauz\u0103 de 15 minute, promite o noapte plin\u0103 de ritmuri \u0219i sunete care ne-au modelat lumea.<\/p>\n<h3>\ud83c\udf1f O c\u0103l\u0103torie prin epocile muzicale<\/h3>\n<p><strong>Evolu\u021bia muzicii:<\/strong> Acest spectacol v\u0103 poart\u0103 \u00eentr-o c\u0103l\u0103torie hipnotizant\u0103 \u00een timp, s\u0103rb\u0103torind operele lui Beethoven, Caruso, Elvis, The Beatles, Queen, ABBA, Pink Floyd \u0219i mul\u021bi al\u021bii. Din Evul Mediu p\u00e2n\u0103 la hiturile de ast\u0103zi, fiecare epoc\u0103 este readus\u0103 la via\u021b\u0103 cu ajutorul unor materiale audiovizuale uluitoare \u0219i a unor costume orbitoare.<\/p>\n<p><strong>Performan\u021b\u0103 dinamic\u0103:<\/strong> Combin\u00e2nd muzic\u0103 live, dans, teatru \u0219i acroba\u021bii, spectacolul creeaz\u0103 o experien\u021b\u0103 dinamic\u0103 \u0219i captivant\u0103, potrivit\u0103 pentru toate v\u00e2rstele. Performan\u021bele uimitoare \u0219i interpret\u0103rile live ale unor coloane sonore celebre \u0219i hituri de pe Broadway asigur\u0103 o sear\u0103 memorabil\u0103 pentru fiecare participant.<\/p>\n<h3>\ud83d\udccd Locul de desf\u0103\u0219urare \u0219i programul<\/h3>\n<p><strong>Loca\u021bie:<\/strong> Spectacolul are loc la elegantul <a href=\"https:\/\/www.google.com\/maps\/place\/Pir%C3%A1mide+de+Arona\/@28.05472,-16.7337319,17z\/data=!3m1!4b1!4m6!3m5!1s0xc6a977926d44d3d:0x16c097dc6a370b29!8m2!3d28.05472!4d-16.731157!16s%2Fg%2F1vyxknvw?entry=tts&amp;g_ep=EgoyMDI0MDUxOC4wKgBIAVAD\" target=\"_blank\" rel=\"noopener\">Auditorio Pir\u00e1mide de Arona<\/a>, situat \u00een Playa de las Am\u00e9ricas, Tenerife. O parcare subteran\u0103 ampl\u0103 este disponibil\u0103 la Oasis Shopping Center, chiar \u00een fa\u021ba loca\u021biei.<\/p>\n<p><strong>Program:<\/strong> Spectacolul se joac\u0103 \u00een fiecare s\u00e2mb\u0103t\u0103, u\u0219ile se deschid la ora 20:00, iar spectacolul \u00eencepe la ora 21:00. Locurile nu sunt atribuite, a\u0219a c\u0103 se ocup\u0103 primul venit, primul servit.<\/p>\n<h3>\ud83c\udf9f\ufe0f Op\u021biuni \u0219i pre\u021buri pentru bilete<\/h3>\n<p>La CanaryVIP, oferim bilete pentru \"Istorie: The Evolution of Music Show\" cu o garan\u021bie de cel mai bun pre\u021b. Pre\u021bul biletelor este de 49 de euro de persoan\u0103. Bucura\u021bi-v\u0103 de reduceri de grup pentru o experien\u021b\u0103 mai accesibil\u0103, ceea ce \u00eel face perfect pentru familii, prieteni \u0219i ocazii speciale. Rezerva\u021bi acum pentru a v\u0103 asigura locul pentru o sear\u0103 de neuitat.<\/p>\n<h3>\ud83d\udcc5 Politica flexibil\u0103 de rezervare \u0219i anulare \ud83d\udcc5 Politica de rezervare \u0219i anulare flexibil\u0103<\/h3>\n<p><strong>Anul\u0103ri gratuite:<\/strong> Anula\u021bi cu p\u00e2n\u0103 la 24 de ore \u00eenainte de spectacol pentru o rambursare complet\u0103. Dac\u0103 nu reu\u0219i\u021bi s\u0103 anula\u021bi sau nu v\u0103 prezenta\u021bi, nu ve\u021bi avea dreptul la o rambursare.<\/p>\n<p><strong>Spectacole private:<\/strong> Oferim, de asemenea, op\u021biunea de a rezerva spectacole private pentru ie\u0219irile companiei \u0219i evenimente speciale. <a href=\"https:\/\/canaryvip.com\/ro\/contact\/\">Contacta\u021bi-ne<\/a> pentru mai multe informa\u021bii despre organizarea unui eveniment personalizat.<\/p>\n<h3>\ud83d\udc57 Codul vestimentar \u0219i informa\u021bii suplimentare<\/h3>\n<p><strong>Codul vestimentar:<\/strong> Se recomand\u0103 o \u021binut\u0103 casual elegant\u0103 pentru a completa decorul elegant. Blugii \u0219i un tricou frumos sunt acceptabile, dar \u021binutele sport \u0219i pantalonii scur\u021bi sunt descurajate pentru a men\u021bine ambian\u021ba sofisticat\u0103 a spectacolului.<\/p>\n<p><strong>Intrarea spectacolului:<\/strong> Pentru un acces convenabil la \"History: The Evolution of Music Show\", v\u0103 rug\u0103m s\u0103 folosi\u021bi intrarea desemnat\u0103, situat\u0103 \u00een partea st\u00e2ng\u0103 a intr\u0103rii principale a hotelului. Aceast\u0103 intrare este rezervat\u0103 \u00een mod special pentru participan\u021bii la spectacol, asigur\u00e2nd o intrare u\u0219oar\u0103 \u0219i f\u0103r\u0103 probleme \u00een loca\u021bie.<\/p>\n<h3>\ud83c\udfad Vino al\u0103turi de noi pentru o sear\u0103 de neuitat<\/h3>\n<p>Experimenta\u021bi magia spectacolului \"History: The Evolution of Music Show\" cu CanaryVIP. L\u0103sa\u021bi-ne s\u0103 v\u0103 purt\u0103m \u00eentr-o c\u0103l\u0103torie prin bogata istorie a muzicii, cu spectacole live care v\u0103 vor \u00eenc\u00e2nta \u0219i inspira.<\/p>\n<p>Asigura\u021bi-v\u0103 acum biletele pentru o sear\u0103 de elegan\u021b\u0103, divertisment \u0219i imersiune cultural\u0103 \u00een inima insulei Tenerife.<\/p>\n<p>Rezerva\u021bi-v\u0103 ast\u0103zi biletele pentru acest spectacol de sear\u0103 pe care trebuie s\u0103-l vede\u021bi \u00een Tenerife! \ud83c\udf1f\ud83c\udfb6<\/p>","protected":false},"excerpt":{"rendered":"<p><strong>\ud83d\udd0d \"History\" Music Show:<\/strong><br \/>\n\u2705 Plat\u0103 sigur\u0103.<br \/>\n\ud83c\udfa4 Music Show.<br \/>\n\ud83c\udfb6 +30 de arti\u0219ti talenta\u021bi.<br \/>\n\ud83d\udcc6 \u00cen fiecare s\u00e2mb\u0103t\u0103.<br \/>\n\u23f0 U\u0219a se deschide 20:00.<br \/>\n\ud83d\udd58 Spectacolul \u00eencepe la ora 21:00.<br \/>\n\u23f3 Durata \u2248 2:15h<br \/>\n\ud83c\udf0d Gazd\u0103 \u00een limba englez\u0103.<br \/>\n\ud83d\ude80 Un nou spectacol \u00een Tenerife!<br \/>\n\ud83e\udd11 Cel mai bun pre\u021b garantat.<br \/>\n\ud83d\udc6a Reduceri pentru grupuri.<br \/>\n\ud83d\udd01 Anulare gratuit\u0103 p\u00e2n\u0103 la 24 de ore.<br \/>\n\ud83d\udccd Locul de desf\u0103\u0219urare la <a href=\"https:\/\/www.google.com\/maps\/place\/Pir%C3%A1mide+de+Arona\/@28.05472,-16.7337319,17z\/data=!3m1!4b1!4m6!3m5!1s0xc6a977926d44d3d:0x16c097dc6a370b29!8m2!3d28.05472!4d-16.731157!16s%2Fg%2F1vyxknvw?entry=tts&amp;g_ep=EgoyMDI0MDUxOC4wKgBIAVAD\">Pir\u00e1mide de Arona.<\/a><\/p>","protected":false},"featured_media":11532,"comment_status":"open","ping_status":"closed","template":"","meta":{"_acf_changed":false},"product_brand":[],"product_cat":[59],"product_tag":[],"class_list":{"0":"post-11531","1":"product","2":"type-product","3":"status-publish","4":"has-post-thumbnail","6":"product_cat-evening-shows","7":"wcpa_has_options","9":"first","10":"instock","11":"virtual","12":"purchasable","13":"product-type-simple"},"acf":[],"wcpa_form_fields":{"wcpaData":{"product":{"product_price":49,"price_html":"From&nbsp;<span class=\"woocommerce-Price-amount amount\"><bdi>49,00&nbsp;<span class=\"woocommerce-Price-currencySymbol\">&euro;<\/span><\/bdi><\/span>","original_product_price":49,"price_including_tax":49,"price_excluding_tax":49,"product_id":{"parent":11531,"variation":false},"is_variable":false,"stock_status":"instock","stock_quantity":null,"parent_sku":"CV11531","product_attributes":[],"custom_fields":[],"is_taxable":false,"product_name":"History, The Evolution of Music:<br\/>Tenerife Night Show","hasImage":false},"fields":{"sec_10664c7e1fdf7bf":{"extra":{"key":"sec_10664c7e1fdf7bf","section_id":"sec_10664c7e1fdf7bf","name":"Tickets","status":1,"cl_rule":"show","enableCl":false,"relations":[{"operator":false,"rules":[{"operator":"AND","rules":{"cl_field":"radio-group_5664c7e1fdf7be","cl_relation":"is","cl_val":"Gold Entrance"}}]}],"toggle":true,"title_tag":"h4","show_title":false,"showPrice":"default","form_id":11537,"form_rules":{"exclude_from_discount":true,"fee_label":"Fee","disp_hide_options_price":true,"disp_show_section_price":false,"disp_show_field_price":true,"layout_option":"standard","pric_use_as_fee":false,"process_fee_as":"woo_fee"},"layout_option":"standard"},"fields":[[{"label":"\ud83d\udcc5 Date","active":true,"required":true,"elementId":"date_7664c7e1fdf7ad","picker_type":"custom","picker_mode":"single","placeholder":"","description":"","tooltip":"","name":"date_7664c7e1fdf7ad","label_position":"default","desc_position":"default","enablePrice":false,"className":"","enableCl":false,"relations":[{"operator":"and","rules":[{"operator":"AND","rules":{"cl_field":"radio-group_5664c7e1fdf7be","cl_relation":"is_not_empty","cl_val":"3 Hour Trip"}}]}],"date_pic_inline":true,"date_pic_inline_hide":true,"min_date":{"type":"days","val":"0"},"max_date":{"type":"days","val":"365"},"date_pic_conf":{"disabledWeeks":[0,1,2,3,4,5],"disabledDates":["2025-09-20","2025-09-29","2025-10-04","2025-11-13 to 2025-12-13","2026-09-26","2026-10-10","2026-10-17"]},"price":"","cl_rule":"show","col":6,"type":"date","error":false,"enableDesign":false,"LabelColor":"","date_conf_custom":{"minDate":"let d = new Date();\nif (d.getHours() >= 21) {\n  d.setDate(d.getDate() + 1);\n} else {\n  d.setDate(d.getDate() + 0);\n}\nreturn d;"},"isWeightTemplate":false,"isTemplate":false,"min_quantity":"1","quantity_decimal":false,"quantity_step":"1","quantity_label":"Quantity","repeater_field_label":"{field_label}","repeater_bind":"","gt_translate_keys":["label","placeholder","description","tooltip","repeater_field_label","quantity_label"],"price_dependency":false,"cl_dependency":false,"value":""}],[{"active":true,"col":6,"relations":false,"cl_rule":"show","enableCl":false,"price":"","enablePrice":false,"className":"","label_position":"default","desc_position":"default","type":"separator","required":false,"elementId":"separator_7664c7e1fdf7cc","label":"Separator Field","height":"8","separatorType":"blank","error":false,"gt_translate_keys":["label"],"price_dependency":false,"cl_dependency":false,"value":""}],[{"active":true,"col":6,"relations":false,"cl_rule":"show","enableCl":false,"price":"","enablePrice":false,"className":"","label_position":"default","desc_position":"default","type":"content","required":false,"elementId":"content_1664c7e1fdf7d8","label":"People","name":"content_1664c7e1fdf7d8","contentType":"plain","value":"","error":false,"show_in_checkout":true,"inline":false,"gt_translate_keys":["label","value"],"price_dependency":false,"cl_dependency":false}],[{"active":true,"col":6,"relations":[{"operator":false,"rules":[{"operator":"AND","rules":{"cl_field":"","cl_relation":"","cl_val":""}}]}],"cl_rule":"show","enableCl":true,"price":"49","enablePrice":true,"className":"","label_position":"default","desc_position":"default","type":"radio-group","required":false,"elementId":"radio-group_9664c7e1fdf7e3","label":"","name":"radio-group_9664c7e1fdf7e3","values":[{"label":"\ud83d\udc64 Adult (49\u20ac)","value":"Adult (49\u20ac)","selected":true,"tempId":"aco_32","tooltip":"+16 Years","description":"","gt_translate_keys":["label","tooltip","description"]}],"layOut":"","error":false,"checkUi":"button","priceOptions":"fixed_for_all","pricingType":"fixed","enable_quantity":true,"quantity_label":"","min_quantity":"0","options_tooltip":true,"options_description":true,"gt_translate_keys":["label","quantity_label"],"price_dependency":false,"cl_dependency":false,"value":""}],[{"label":"","active":true,"required":false,"elementId":"radio-group_3664c7e1fdf7ef","name":"radio-group_3664c7e1fdf7ef","label_position":"default","desc_position":"default","enablePrice":true,"className":"","enableCl":true,"relations":[{"operator":false,"rules":[{"operator":"AND","rules":{"cl_field":"","cl_relation":"","cl_val":""}}]}],"enable_quantity":true,"quantity_label":"","min_quantity":"0","checkUi":"button","layOut":"","options_tooltip":true,"options_description":true,"values":[{"label":"\ud83d\udc66 Child (25\u20ac)","value":"Child","selected":true,"tempId":"aco_32","tooltip":"5-15 Years","description":"","gt_translate_keys":["label","tooltip","description"]}],"priceOptions":"fixed_for_all","pricingType":"fixed","price":"25","cl_rule":"show","col":6,"type":"radio-group","error":false,"gt_translate_keys":["label","quantity_label"],"price_dependency":false,"cl_dependency":false,"value":""}],[{"label":"","active":true,"required":false,"elementId":"radio-group-9164063374","name":"radio-group-9164063374","label_position":"default","desc_position":"default","enablePrice":true,"className":"","enableCl":true,"relations":[{"operator":false,"rules":[{"operator":"AND","rules":{"cl_field":"","cl_relation":"","cl_val":""}}]}],"enable_quantity":true,"quantity_label":"","min_quantity":"0","checkUi":"button","layOut":"","options_tooltip":true,"options_description":true,"values":[{"label":"\ud83d\udc76 Toddler (Free)","value":"Toddler","selected":true,"tempId":"aco_32","tooltip":"0-4 Years","description":"","gt_translate_keys":["label","tooltip","description"]}],"priceOptions":"fixed_for_all","pricingType":"fixed","price":"0","cl_rule":"show","col":6,"type":"radio-group","error":false,"gt_translate_keys":["label","quantity_label"],"price_dependency":false,"cl_dependency":false,"value":""}]]}},"config":{"price_override":"always","enable_recaptcha":false,"bind_quantity":false,"quantity_bind_formula":false,"disp_summ_show_option_price":true,"disp_summ_show_product_price":false,"disp_summ_show_total_price":true,"disp_summ_show_fee":true,"disp_summ_show_discount":true,"summary_title":"","options_total_label":"Options Price","total_label":"Total Amount","options_product_label":"Product Price","fee_label":"Fee","discount_label":"Discount","has_price":true,"has_quantity_formula":false},"mc_unit":1,"tax_rate":1,"tax_rate_real":1,"discount":{"percentage":0,"fixed":0},"design":{"conf":{"LabelPosition":"above","DescPosition":"above","UploadField":"custom_1","QuantityFieldStyle":"custom_1"},"css":{"LeftLabelWidth":"120px"}},"formulas":[],"lookuptables":[],"clones":false,"cartKey":false}},"_links":{"self":[{"href":"https:\/\/canaryvip.com\/ro\/wp-json\/wp\/v2\/product\/11531","targetHints":{"allow":["GET"]}}],"collection":[{"href":"https:\/\/canaryvip.com\/ro\/wp-json\/wp\/v2\/product"}],"about":[{"href":"https:\/\/canaryvip.com\/ro\/wp-json\/wp\/v2\/types\/product"}],"replies":[{"embeddable":true,"href":"https:\/\/canaryvip.com\/ro\/wp-json\/wp\/v2\/comments?post=11531"}],"wp:featuredmedia":[{"embeddable":true,"href":"https:\/\/canaryvip.com\/ro\/wp-json\/wp\/v2\/media\/11532"}],"wp:attachment":[{"href":"https:\/\/canaryvip.com\/ro\/wp-json\/wp\/v2\/media?parent=11531"}],"wp:term":[{"taxonomy":"product_brand","embeddable":true,"href":"https:\/\/canaryvip.com\/ro\/wp-json\/wp\/v2\/product_brand?post=11531"},{"taxonomy":"product_cat","embeddable":true,"href":"https:\/\/canaryvip.com\/ro\/wp-json\/wp\/v2\/product_cat?post=11531"},{"taxonomy":"product_tag","embeddable":true,"href":"https:\/\/canaryvip.com\/ro\/wp-json\/wp\/v2\/product_tag?post=11531"}],"curies":[{"name":"wp","href":"https:\/\/api.w.org\/{rel}","templated":true}]}}