{"id":11493,"date":"2024-05-14T14:46:09","date_gmt":"2024-05-14T13:46:09","guid":{"rendered":"https:\/\/canaryvip.com\/?post_type=product&#038;p=11493"},"modified":"2025-08-09T14:10:34","modified_gmt":"2025-08-09T13:10:34","slug":"scuba-diving-open-water-course-tenerife","status":"publish","type":"product","link":"https:\/\/canaryvip.com\/ro\/shop\/scuba-diving-open-water-course-tenerife\/","title":{"rendered":"PADI Scuba Diving: Curs Open Water Tenerife"},"content":{"rendered":"<h2><strong>\ud83e\udd3f PADI Open Water Diving Course Tenerife<\/strong><\/h2>\n<p>Descoperi\u021bi cea mai bun\u0103 experien\u021b\u0103 de scufund\u0103ri cu PADI Scuba Diving Open Water Course \u00een Tenerife. Ob\u021bine\u021bi permisul de scufund\u0103ri \u0219i explora\u021bi minunile lumii subacvatice din Tenerife. Cursurile noastre sunt concepute pentru a v\u0103 preg\u0103ti pentru scufund\u0103ri \u00een orice condi\u021bii, ceea ce face din Tenerife locul perfect pentru a v\u0103 \u00eencepe c\u0103l\u0103toria de scufund\u0103ri.<\/p>\n<h3><strong>\u23f1\ufe0f PADI Open Water Diving Course: Nu este nevoie de experien\u021b\u0103!<\/strong><\/h3>\n<ul>\n<li><strong>Certificare:<\/strong> Ob\u021bine\u021bi certificatul PADI Open Water \u00een Tenerife, ceea ce v\u0103 permite s\u0103 v\u0103 scufunda\u021bi oriunde \u00een lume, inclusiv \u00een alte \u021b\u0103ri.<\/li>\n<li><strong>Loca\u021bie:<\/strong> Cursurile noastre se desf\u0103\u0219oar\u0103 la o \u0219coal\u0103 profesional\u0103 de scufund\u0103ri din Los Cristianos.<\/li>\n<li><strong>Durata:<\/strong> Cursul se \u00eentinde pe parcursul a 2-3 zile, incluz\u00e2nd 4 scufund\u0103ri \u0219i lec\u021bii teoretice complete.<\/li>\n<\/ul>\n<h3><strong>\ud83c\udf0a Lec\u021bii complete de scufund\u0103ri \u00een Tenerife<\/strong><\/h3>\n<ul>\n<li><strong>Instruire:<\/strong> \u00cenv\u0103\u021ba\u021bi s\u0103 v\u0103 scufunda\u021bi cu un instructor PADI cu \u00eenalt\u0103 calificare, la o ad\u00e2ncime maxim\u0103 de 18 metri. Experimenta\u021bi lumea subacvatic\u0103 a\u0219a cum nu a\u021bi mai f\u0103cut-o niciodat\u0103, \u00een\u021beleg\u00e2nd curen\u021bii oceanici, via\u021ba marin\u0103 \u0219i legile subacvatice.<\/li>\n<li><strong>Curs pentru copii:<\/strong> De asemenea, tinerii scafandri cu v\u00e2rste cuprinse \u00eentre 10 \u0219i 14 ani \u00ee\u0219i pot ob\u021bine certificatul Junior PADI Open Water, cu scufund\u0103ri de p\u00e2n\u0103 la 12 metri.<\/li>\n<li>Echipament complet inclus.<\/li>\n<\/ul>\n<h3><strong>\ud83d\udc22 Condi\u021bii de scufundare \u00een Tenerife<\/strong><\/h3>\n<ul>\n<li><strong>Temperatura apei:<\/strong> Bucura\u021bi-v\u0103 de condi\u021bii confortabile de scufundare pe tot parcursul anului, cu temperaturi cuprinse \u00eentre 18-25\u00b0C (64-77\u00b0F).<\/li>\n<li><strong>Vizibilitate:<\/strong> Experimenta\u021bi vizibilitatea subacvatic\u0103 clar\u0103 de la 15-30 de metri, ideal\u0103 pentru observarea diverselor vie\u021buitoare marine precum raze, broa\u0219te \u021bestoase, caracati\u021be \u0219i multe altele.<\/li>\n<li><strong>Loca\u021bie convenabil\u0103:<\/strong> \u0218coala de scufund\u0103ri este situat\u0103 \u00een Los Cristianos, cu acces u\u0219or la locurile de scufund\u0103ri de top \u0219i serviciu de preluare op\u021bional \u00een sudul insulei Tenerife.<\/li>\n<\/ul>\n<h3><strong>\u2705 Ce este inclus \u00een cursul PADI din Tenerife?<\/strong><\/h3>\n<ul>\n<li>Serviciu op\u021bional de preluare \u0219i livrare.<\/li>\n<li>Lec\u021bii ghidate de scufund\u0103ri conduse de instructori cu experien\u021b\u0103.<\/li>\n<li>Dulapuri pentru obiectele personale.<\/li>\n<li>20-45 de minute de scufund\u0103ri pe sesiune.<\/li>\n<li>Ghiduri multilingve pentru instruc\u021biuni clare.<\/li>\n<\/ul>\n<h3><strong>\u2696\ufe0f Politica de rezervare \u0219i anulare pentru Scuba Diving \u00een Tenerife<\/strong><\/h3>\n<ul>\n<li><strong>Anul\u0103ri flexibile:<\/strong> Anula\u021bi cu p\u00e2n\u0103 la 48 de ore \u00eenainte de scufundare pentru o rambursare complet\u0103. \u00cen\u021belegem c\u0103 planurile se pot schimba.<\/li>\n<li><strong>Depinde de vreme:<\/strong> \u00cen caz de vreme nefavorabil\u0103, pute\u021bi reprograma sau primi o rambursare integral\u0103. V\u0103 vom informa cu cel pu\u021bin o or\u0103 \u00eenainte.<\/li>\n<li><strong>Cerin\u021be medicale:<\/strong> \u00cenainte de scufund\u0103ri trebuie completat un formular medical pentru a v\u0103 asigura c\u0103 sunte\u021bi apt pentru scufund\u0103ri.<\/li>\n<\/ul>\n<h3><strong>\ud83c\udf92 Preg\u0103tirea pentru aventura ta de scufundare<\/strong><\/h3>\n<ul>\n<li><strong>Ce trebuie s\u0103 aduce\u021bi:<\/strong> Costum de baie, flip-flops, prosop \u0219i biletul CanaryVIP (fie tip\u0103rit, fie pe telefon).<\/li>\n<li><strong>S\u0103n\u0103tate \u0219i siguran\u021b\u0103:<\/strong> Scufund\u0103rile nu sunt recomandate femeilor \u00eens\u0103rcinate \u00een peste 5 luni. Participan\u021bii trebuie s\u0103 se simt\u0103 bine \u00een ap\u0103 \u0219i s\u0103 \u0219tie s\u0103 \u00eenoate.<\/li>\n<li><strong>Echipament:<\/strong> Se asigur\u0103 tot echipamentul necesar pentru scufund\u0103ri. Aducerea echipamentului personal v\u0103 poate spori confortul.<\/li>\n<\/ul>\n<h3>\u2753 <strong>\u00centreb\u0103ri frecvente: \u00centreb\u0103rile dvs. de scufundare cu r\u0103spuns<\/strong><\/h3>\n<ul>\n<li><strong>Am nevoie de experien\u021b\u0103 anterioar\u0103 \u00een scufund\u0103ri?<\/strong> Nu, cursurile noastre sunt concepute pentru \u00eencep\u0103tori. Preg\u0103ti\u021bi-v\u0103 doar pentru o aventur\u0103 subacvatic\u0103 captivant\u0103.<\/li>\n<li><strong>Ce ar trebui s\u0103 port?<\/strong> Noi asigur\u0103m toate echipamentele de siguran\u021b\u0103 \u0219i de scufundare necesare.<\/li>\n<li><strong>Exist\u0103 restric\u021bii de v\u00e2rst\u0103?<\/strong> Potrivit pentru v\u00e2rste de 10 ani \u0219i mai mari. Copiii \u00eentre 10 \u0219i 14 ani se pot \u00eenscrie la cursul Junior Open Water.<\/li>\n<li><strong>Ce se \u00eent\u00e2mpl\u0103 dac\u0103 nu v\u0103d \u021bestoase sau raze?<\/strong> De\u0219i observ\u0103rile sunt frecvente, nu pot fi garantate, deoarece depind de natur\u0103.<\/li>\n<\/ul>\n<h3><strong>\ud83d\udcc5 Detalii curs<\/strong><\/h3>\n<ul>\n<li><strong>Durata:<\/strong> Cursul dureaz\u0103 2-3 zile, cu 4 scufund\u0103ri \u0219i lec\u021bii teoretice.<\/li>\n<li><strong>V\u00e2rsta minim\u0103:<\/strong> 10 ani. Scafandrii juniori (10-14 ani) sunt certifica\u021bi pentru scufund\u0103ri p\u00e2n\u0103 la 12 metri.<\/li>\n<li><strong>Certificare:<\/strong> La finalizarea cursului, ve\u021bi primi un certificat PADI Open Water Diver, care v\u0103 va permite s\u0103 v\u0103 scufunda\u021bi p\u00e2n\u0103 la 18 metri oriunde \u00een lume, \u00eentotdeauna cu un partener.<\/li>\n<li><strong>Structura cursului:<\/strong>\n<ul>\n<li><strong>Teorie:<\/strong> \u00cenv\u0103\u021ba\u021bi despre echipament, siguran\u021b\u0103 \u0219i naviga\u021bie subacvatic\u0103, care pot fi completate online \u00eenainte de \u00eenceperea cursului.<\/li>\n<li><strong>Exerci\u021bii practice:<\/strong> C\u00e2\u0219tiga\u021bi \u00eencredere \u00een echipamentul dumneavoastr\u0103 prin exerci\u021bii subacvatice \u0219i de suprafa\u021b\u0103.<\/li>\n<li><strong>Scufund\u0103ri:<\/strong> Efectua\u021bi 4 scufund\u0103ri - 2 p\u00e2n\u0103 la 12 metri \u0219i 2 p\u00e2n\u0103 la 18 metri, exers\u00e2nd abilit\u0103\u021bile \u00eenv\u0103\u021bate \u00een cadrul sesiunilor teoretice \u0219i practice.<\/li>\n<\/ul>\n<\/li>\n<li><strong>Echipament:<\/strong> Toate echipamentele necesare sunt incluse \u00een pre\u021bul cursului.<\/li>\n<li><strong>Certificare pentru juniori:<\/strong> Copiii cu v\u00e2rste cuprinse \u00eentre 10 \u0219i 14 ani primesc o certificare Junior Open Water Diver, care permite scufund\u0103ri de p\u00e2n\u0103 la 12 metri.<\/li>\n<\/ul>\n<h4><strong>\ud83c\udf1e E\u0219ti gata s\u0103 te scufunzi?<\/strong><\/h4>\n<p>\u00cembarca\u021bi-v\u0103 \u00eentr-un PADI de neuitat <a href=\"https:\/\/canaryvip.com\/ro\/shop\/scuba-diving-tenerife\/\">Scuba Diving<\/a> Open Water Course \u00een Tenerife. Fie c\u0103 face\u021bi scufund\u0103ri din Los Cristianos, observa\u021bi \u021bestoase sau explora\u021bi via\u021ba marin\u0103 vibrant\u0103, aventura dvs. cu CanaryVIP promite emo\u021bii \u0219i amintiri de durat\u0103.<\/p>\n<p>Rezerv\u0103-\u021bi locul ast\u0103zi \u0219i scufund\u0103-te \u00een minunile oceanului cu CanaryVIP! \ud83e\udd3f\ud83d\udc22\ud83c\udf0a<\/p>","protected":false},"excerpt":{"rendered":"<p><strong>\ud83d\udd0d Curs PADI Tenerife:<\/strong><br \/>\n\u2705 Plat\u0103 sigur\u0103.<br \/>\n\ud83c\udfab Ob\u021bine\u021bi certificatul PADI.<br \/>\n\ud83d\udc20 Observa\u021bii ale vie\u021bii marine.<br \/>\n\ud83d\ude80 2-3 zile Durata cursului.<br \/>\n\ud83e\udd3f Echipament pus la dispozi\u021bie.<br \/>\n\ud83d\udd59 Diminea\u021ba Plecare.<br \/>\n\ud83d\udcc5 Disponibil zilnic.<br \/>\n\ud83d\ude0e Nu este nevoie de experien\u021b\u0103 \u00een scufund\u0103ri.<br \/>\n\ud83c\udfca\ud83c\udffc \u00cenot de baz\u0103 necesar.<br \/>\n\ud83e\udd11 Cel mai bun pre\u021b garantat.<br \/>\n\ud83d\ude8d Serviciu de transfer op\u021bional.<br \/>\n\ud83d\udc6a Reduceri de grup.<br \/>\n\ud83d\udd01 48 Politica de anulare.<br \/>\n\ud83c\udf0d Ghiduri \u00een englez\u0103 \u0219i spaniol\u0103.<br \/>\n\ud83c\udf1f Rezerva\u021bi din timp \u0219i economisi\u021bi.<br \/>\n\ud83d\udccd Plecare din\u00a0<a href=\"https:\/\/maps.app.goo.gl\/g9c9rZaJv7igjr3t8\">Los Cristianos<\/a>.<\/p>","protected":false},"featured_media":11503,"comment_status":"open","ping_status":"closed","template":"","meta":{"_acf_changed":false},"product_brand":[],"product_cat":[53],"product_tag":[],"class_list":{"0":"post-11493","1":"product","2":"type-product","3":"status-publish","4":"has-post-thumbnail","6":"product_cat-water-sports","7":"wcpa_has_options","9":"first","10":"instock","11":"virtual","12":"purchasable","13":"product-type-simple"},"acf":[],"wcpa_form_fields":{"wcpaData":{"product":{"product_price":370,"price_html":"From&nbsp;<span class=\"woocommerce-Price-amount amount\"><bdi>370,00&nbsp;<span class=\"woocommerce-Price-currencySymbol\">&euro;<\/span><\/bdi><\/span>","original_product_price":370,"price_including_tax":370,"price_excluding_tax":370,"product_id":{"parent":11493,"variation":false},"is_variable":false,"stock_status":"instock","stock_quantity":null,"parent_sku":"CV11493","product_attributes":[],"custom_fields":[],"is_taxable":false,"product_name":"PADI Scuba Diving: Open Water Course Tenerife","hasImage":false},"fields":{"sec_46644afc54864b":{"extra":{"key":"sec_46644afc54864b","section_id":"sec_46644afc54864b","name":"Default","status":1,"cl_rule":"show","enableCl":false,"relations":[],"toggle":true,"title_tag":"h3","show_title":false,"showPrice":"default","form_id":11507,"form_rules":{"exclude_from_discount":true,"fee_label":"Fee","disp_hide_options_price":true,"disp_show_section_price":false,"disp_show_field_price":true,"layout_option":"standard","pric_use_as_fee":false,"process_fee_as":"woo_fee"},"layout_option":"standard"},"fields":[[{"label":"\ud83d\udcc5 Date","active":true,"required":true,"elementId":"date_96644afc54866b","picker_type":"custom","picker_mode":"single","placeholder":"","description":"","tooltip":"","name":"date_96644afc54866b","label_position":"default","desc_position":"default","enablePrice":false,"className":"","enableCl":false,"relations":[{"operator":"and","rules":[{"operator":"AND","rules":{"cl_field":"radio-group_4664295c2b9c39","cl_relation":"is","cl_val":"3 Hour Trip"}}]}],"date_pic_inline":true,"date_pic_inline_hide":true,"min_date":{"type":"days","val":"1"},"max_date":{"type":"days","val":"365"},"date_pic_conf":{"disabledWeeks":[]},"price":"","cl_rule":"show","col":6,"type":"date","error":false,"enableDesign":false,"LabelColor":"","gt_translate_keys":["label","placeholder","description","tooltip"],"price_dependency":false,"cl_dependency":false,"value":""}],[{"active":true,"col":6,"relations":false,"cl_rule":"show","enableCl":false,"price":"","enablePrice":false,"className":"","label_position":"default","desc_position":"default","type":"separator","required":false,"elementId":"separator_76644afc54867a","label":"Separator Field","height":"2","separatorType":"blank","error":false,"gt_translate_keys":["label"],"price_dependency":false,"cl_dependency":false,"value":""}]]},"sec_06644afc54875a":{"extra":{"key":"sec_06644afc54875a","section_id":"sec_06644afc54875a","name":"Dive with a License","status":1,"cl_rule":"show","enableCl":false,"relations":[{"operator":false,"rules":[{"operator":"AND","rules":{"cl_field":"radio-group_26644afc548687","cl_relation":"is","cl_val":"Dive with a License"}}]}],"toggle":true,"title_tag":"h4","show_title":false,"showPrice":"default","form_id":11507,"form_rules":{"exclude_from_discount":true,"fee_label":"Fee","disp_hide_options_price":true,"disp_show_section_price":false,"disp_show_field_price":true,"layout_option":"standard","pric_use_as_fee":false,"process_fee_as":"woo_fee"},"layout_option":"standard"},"fields":[[{"contentType":"rich","active":true,"label":"","elementId":"content_46644afc54876d","value":"<p>\ud83c\udf9f\ufe0f <strong>Reservation<\/strong>: Pay only a deposit now to reserve; the rest is due on the day of the activity upon arrival.<\/p>","inline":true,"show_in_checkout":true,"name":"content_46644afc54876d","enablePrice":false,"className":"","subtype":"div","enableCl":false,"relations":false,"price":"","cl_rule":"show","col":6,"type":"content","gt_translate_keys":["label","value"],"price_dependency":false,"cl_dependency":false}],[{"active":true,"col":6,"relations":false,"cl_rule":"show","enableCl":false,"price":"","enablePrice":true,"className":"","label_position":"default","desc_position":"default","type":"select","required":false,"elementId":"select_96644afc548776","label":"\ud83e\udeaa PADI Open Water Course","name":"select_96644afc548776","values":[{"label":"1 Person (370\u20ac)","value":"1","selected":false,"tempId":"aco_6352","price":"370","gt_translate_keys":["label"]},{"label":"2 People (740\u20ac)","value":"2","selected":false,"tempId":"aco_6353","price":"740","gt_translate_keys":["label"]},{"label":"3 People (1.110\u20ac)","value":"3","selected":false,"tempId":"aco_6354","price":"1110","gt_translate_keys":["label"]},{"label":"4 People (1.480\u20ac)","value":"4","selected":false,"tempId":"aco_922","price":"1480","gt_translate_keys":["label"]}],"dropdown_type":"basic","error":false,"priceOptions":"different_for_all","pricingType":"fixed","placeholder":"Select Amount of People","is_show_price":true,"gt_translate_keys":["label","placeholder"],"price_dependency":["content_106644afc548789","content_46644afc548793","content_76644afc54879c"],"cl_dependency":false,"value":""}],[{"elementId":"separator_106644afc548780","separatorType":"fill","separatorColor":"#66a6b6","className":"","height":"6","enableCl":false,"relations":false,"cl_rule":"show","col":6,"type":"separator","gt_translate_keys":[],"price_dependency":false,"cl_dependency":false,"value":""}],[{"contentType":"plain","active":true,"label":"Deposit Now","elementId":"content_106644afc548789","value":"","inline":true,"show_in_checkout":true,"name":"content_106644afc548789","enablePrice":true,"className":"","fee_label":"","subtype":"div","enableCl":false,"relations":false,"scrollBar":false,"enableDesign":true,"LabelColor":"","LabelSize":"14px","pricingType":"custom","isTemplate":false,"price":"{field.select_96644afc548776.price}*0.1581081","use_as_fee":false,"is_show_price":false,"cl_rule":"show","col":6,"type":"content","error":false,"formulaId":"fmla_1715641843927697789","gt_translate_keys":["label","value"],"price_dependency":false,"cl_dependency":false}],[{"contentType":"plain","active":true,"label":"Payment at Arrival","elementId":"content_46644afc548793","value":"","inline":true,"show_in_checkout":true,"name":"content_46644afc548793","enablePrice":true,"className":"","fee_label":"","subtype":"div","enableCl":false,"relations":[{"operator":false,"rules":[{"operator":"AND","rules":{"cl_field":"content_86644afc5486bd","cl_relation":"is_not_empty","cl_val":""}}]}],"scrollBar":false,"enableDesign":true,"LabelColor":"","LabelSize":"14px","pricingType":"custom","isTemplate":false,"price":"{field.select_96644afc548776.price}*0.8418919","use_as_fee":false,"is_show_price":true,"cl_rule":"disable","col":6,"type":"content","error":false,"formulaId":"fmla_1715642020961697970","gt_translate_keys":["label","value"],"price_dependency":false,"cl_dependency":false}],[{"contentType":"plain","active":true,"label":"Total Amount","elementId":"content_76644afc54879c","value":"","inline":true,"show_in_checkout":true,"name":"content_76644afc54879c","enablePrice":true,"className":"","fee_label":"","subtype":"div","enableCl":false,"relations":[{"operator":false,"rules":[{"operator":"AND","rules":{"cl_field":"content_86644afc5486bd","cl_relation":"is_not_empty","cl_val":""}}]}],"scrollBar":false,"enableDesign":true,"LabelColor":"","LabelSize":"14px","pricingType":"custom","isTemplate":false,"price":"{field.select_96644afc548776.price}","use_as_fee":false,"is_show_price":true,"cl_rule":"disable","col":6,"type":"content","error":false,"gt_translate_keys":["label","value"],"price_dependency":false,"cl_dependency":false}]]},"sec_16644afc54879d":{"extra":{"key":"sec_16644afc54879d","section_id":"sec_16644afc54879d","name":"Pickup Location","status":1,"cl_rule":"show","enableCl":false,"relations":[],"toggle":true,"title_tag":"h4","show_title":false,"showPrice":"default","form_id":11507,"form_rules":{"exclude_from_discount":true,"fee_label":"Fee","disp_hide_options_price":true,"disp_show_section_price":false,"disp_show_field_price":true,"layout_option":"standard","pric_use_as_fee":false,"process_fee_as":"woo_fee"},"layout_option":"standard"},"fields":[[{"active":true,"col":6,"relations":[{"operator":false,"rules":[{"operator":"AND","rules":{"cl_field":"radio-group_4664295c2b9c39","cl_relation":"is","cl_val":"3 Hour Trip"}}]}],"cl_rule":"show","enableCl":false,"price":"","enablePrice":false,"className":"","label_position":"default","desc_position":"default","type":"select","required":true,"elementId":"select_106644afc5487a6","label":"\u23f0 Departure Time","name":"select_106644afc5487a6","values":[{"label":"9:00 AM","value":"9:00","selected":true,"tempId":"aco_1450","gt_translate_keys":["label"]}],"dropdown_type":"basic","error":false,"placeholder":"","gt_translate_keys":["label","placeholder"],"price_dependency":false,"cl_dependency":false,"value":""}],[{"active":true,"col":6,"relations":false,"cl_rule":"show","enableCl":false,"price":"","enablePrice":false,"className":"","label_position":"default","desc_position":"default","type":"separator","required":false,"elementId":"separator_46644afc5487b0","label":"Separator Field","height":"1","separatorType":"blank","error":false,"gt_translate_keys":["label"],"price_dependency":false,"cl_dependency":false,"value":""}],[{"active":true,"col":6,"relations":[{"operator":false,"rules":[{"operator":false,"rules":{"cl_field":"radio-group_4664295c2b9c39","cl_relation":"is_not","cl_val":"4.5 Hour Trip from North Tenerife"}}]}],"cl_rule":"show","enableCl":false,"price":"","enablePrice":false,"className":"","label_position":"default","desc_position":"default","type":"text","subtype":"text","required":false,"elementId":"text_66644afc5487b9","label":"\ud83d\ude8c Pickup Location","name":"text_66644afc5487b9","value":"","error":false,"description":"Pick-up service in Tenerife South available for an extra 2\u20ac per person, to be paid on arrival. Please provide your address or hotel name to book the shuttle service; if not needed, leave it blank. | For Callao Salvaje and Palm-Mar, the extra cost is 4\u20ac per person | El M\u00e9dano: 15\u20ac per car | Golf del Sur: 10\u20ac per car.","repeater":false,"repeater_field_label":"{field_label}","repeater_bind":"","gt_translate_keys":["label","description","value","repeater_field_label"],"price_dependency":false,"cl_dependency":false}]]}},"config":{"price_override":"always","enable_recaptcha":false,"bind_quantity":false,"quantity_bind_formula":false,"disp_summ_show_option_price":true,"disp_summ_show_product_price":false,"disp_summ_show_total_price":false,"disp_summ_show_fee":true,"disp_summ_show_discount":true,"summary_title":"","options_total_label":"Options Price","total_label":"Deposit Amount","options_product_label":"Product Price","fee_label":"Fee","discount_label":"Discount","has_price":true,"has_quantity_formula":false},"mc_unit":1,"tax_rate":1,"tax_rate_real":1,"discount":{"percentage":0,"fixed":0},"design":{"conf":{"LabelPosition":"above","DescPosition":"above","UploadField":"custom_1","QuantityFieldStyle":"custom_1"},"css":{"LeftLabelWidth":"120px"}},"formulas":{"fmla_1715641843927697789":"(({field.select_5483136313.value}>=3)?(24):(({field.select_5483136313.value}>=2)?(38):(({field.select_5483136313.value}>=1)?(52):(0))))","fmla_1715642020961697970":"(({field.select_5483136313.value}>=3)?(56):(({field.select_5483136313.value}>=2)?(112):(({field.select_5483136313.value}>=1)?(168):(0))))"},"lookuptables":[],"clones":false,"cartKey":false}},"_links":{"self":[{"href":"https:\/\/canaryvip.com\/ro\/wp-json\/wp\/v2\/product\/11493","targetHints":{"allow":["GET"]}}],"collection":[{"href":"https:\/\/canaryvip.com\/ro\/wp-json\/wp\/v2\/product"}],"about":[{"href":"https:\/\/canaryvip.com\/ro\/wp-json\/wp\/v2\/types\/product"}],"replies":[{"embeddable":true,"href":"https:\/\/canaryvip.com\/ro\/wp-json\/wp\/v2\/comments?post=11493"}],"wp:featuredmedia":[{"embeddable":true,"href":"https:\/\/canaryvip.com\/ro\/wp-json\/wp\/v2\/media\/11503"}],"wp:attachment":[{"href":"https:\/\/canaryvip.com\/ro\/wp-json\/wp\/v2\/media?parent=11493"}],"wp:term":[{"taxonomy":"product_brand","embeddable":true,"href":"https:\/\/canaryvip.com\/ro\/wp-json\/wp\/v2\/product_brand?post=11493"},{"taxonomy":"product_cat","embeddable":true,"href":"https:\/\/canaryvip.com\/ro\/wp-json\/wp\/v2\/product_cat?post=11493"},{"taxonomy":"product_tag","embeddable":true,"href":"https:\/\/canaryvip.com\/ro\/wp-json\/wp\/v2\/product_tag?post=11493"}],"curies":[{"name":"wp","href":"https:\/\/api.w.org\/{rel}","templated":true}]}}