{"id":11456,"date":"2024-05-12T23:05:18","date_gmt":"2024-05-12T22:05:18","guid":{"rendered":"https:\/\/canaryvip.com\/?post_type=product&#038;p=11456"},"modified":"2026-03-05T17:06:36","modified_gmt":"2026-03-05T17:06:36","slug":"party-boat-tenerife","status":"publish","type":"product","link":"https:\/\/canaryvip.com\/ro\/shop\/party-boat-tenerife\/","title":{"rendered":"Utopia Boat Party Tenerife"},"content":{"rendered":"<h2>\ud83c\udf89 Party Boat Tenerife cu CanaryVIP<\/h2>\n<p><strong>Experimenta\u021bi o distrac\u021bie de neuitat cu CanaryVIP:<\/strong> Cufunda\u021bi-v\u0103 \u00eentr-o aventur\u0103 extraordinar\u0103 cu biletele noastre Party Boat Tenerife. Pornind de la Puerto Col\u00f3n, aceast\u0103 c\u0103l\u0103torie antrenant\u0103 prezint\u0103 muzic\u0103 vibrant\u0103, soare uimitor \u0219i o mul\u021bime cosmopolit\u0103.<\/p>\n<p><strong>CanaryVIP<\/strong> CanaryVIP ofer\u0103 bilete la cele mai interesante petreceri cu barca din Tenerife, promi\u021b\u00e2nd o experien\u021b\u0103 unic\u0103 \u0219i de neuitat, care combin\u0103 o petrecere palpitant\u0103 \u00eenainte de petrecere, o plimbare energic\u0103 cu barca \u0219i o petrecere palpitant\u0103 dup\u0103 petrecere.<\/p>\n<p><strong>Ultima experien\u021b\u0103 de petrecere:<\/strong>\u00a0: Vino al\u0103turi de noi la bordul acestei s\u0103rb\u0103tori f\u0103r\u0103 egal. Amestec remarcabil de House, RnB, Hip Hop, DnB, EDM \u0219i Reggaeton, toate alimentate de un sistem de sunet de top. DJ \u0219i MC profesioni\u0219ti asigur\u0103 un divertisment non-stop, ceea ce face ca aceasta s\u0103 fie cea mai bun\u0103 experien\u021b\u0103 de petrecere cu barca \u00een Tenerife.<\/p>\n<h3>\ud83c\udf9f\ufe0f Op\u021biuni de bilete<\/h3>\n<p>Toate biletele includ acces la o petrecere legendar\u0103 de 3 ore pe barc\u0103, cu muzic\u0103 House, RnB, Hip Hop, DnB, EDM \u0219i Reggaeton de la DJ \u0219i MC reziden\u021bi de top, un sistem de sunet Utopia masiv de 15.000 wa\u021bi \u0219i fotografii profesionale gratuite online. Alege\u021bi din urm\u0103toarele op\u021biuni de bilete:<\/p>\n<ul>\n<li><strong>Bilet de baz\u0103:<\/strong> Include 4 b\u0103uturi dintr-o selec\u021bie de b\u0103uturi spirtoase locale (rom, whisky, gin, vodc\u0103, lichior de nuc\u0103 de cocos, amaretto), bere Victoria M\u00e1laga sau b\u0103uturi r\u0103coritoare (cola, portocale, l\u0103m\u00e2ie, sprite).<\/li>\n<li><strong>Bilet standard Open Bar:<\/strong> Include un open bar nelimitat de 3 ore cu bere local\u0103, b\u0103uturi spirtoase \u0219i mixere.<\/li>\n<li><strong>Bilet Premium Drinks:<\/strong> Include b\u0103uturi spirtoase de marc\u0103 premium nelimitate, precum Absolut Vodka, Bacardi, Havana, Beefeater Gin (obi\u0219nuit \u0219i roz), Disaronno, Malibu, Jim Beam, Ballantine's whisky, precum \u0219i Red Bull \u0219i mixere premium.<\/li>\n<li><strong>Bilet VIP:<\/strong> Include toate beneficiile Premium, plus \u00eembarcare prioritar\u0103 \u0219i acces exclusiv la o zon\u0103 VIP privat\u0103 \u0219i un bar dedicat la bord.<\/li>\n<\/ul>\n<h3>\u2728 Petrecere cu barca Tenerife Detalii<\/h3>\n<p><strong>Pachet complet de petrecere:<\/strong> C\u0103l\u0103toria ta \u00eencepe cu o petrecere de dinainte de a \u00eencepe la <a href=\"https:\/\/maps.app.goo.gl\/Vt7HqjMeKHLczpy69\" target=\"_blank\" rel=\"noopener\">Bara Black Pearl,<\/a> unde v\u0103 ve\u021bi bucura de o b\u0103utur\u0103 gratuit\u0103 \u0219i v\u0103 ve\u021bi \u00eent\u00e2lni cu al\u021bi participan\u021bi la petrecere. Evenimentul principal este un <strong>Croazier\u0103 de 3 ore<\/strong> la bordul navei <strong>Barca de petrecere Utopia,<\/strong>\u00a0cu un bar deschis \u0219i o scen\u0103 muzical\u0103 dinamic\u0103, urmat\u0103 de o petrecere ulterioar\u0103 la barul Black Pearl, cu oferte exclusive.<\/p>\n<p><strong>Inclusiv pentru to\u021bi:<\/strong> Aceast\u0103 activitate se adreseaz\u0103 tuturor pasiona\u021bilor de petreceri, asigur\u00e2nd un mix echilibrat de distrac\u021bie, muzic\u0103 \u0219i interac\u021biune social\u0103. Este alegerea de top pentru cei care caut\u0103 o petrecere vibrant\u0103 \u0219i memorabil\u0103 <a href=\"https:\/\/canaryvip.com\/ro\/tenerife\/boat-excursions\/\">experien\u021ba turului cu barca.<\/a><\/p>\n<h3>\ud83c\udf0a La ce s\u0103 v\u0103 a\u0219tepta\u021bi la petrecerea cu barca din Tenerife<\/h3>\n<ul>\n<li><strong>Muzic\u0103 incitant\u0103 \u0219i divertisment:<\/strong>\u00a0: Danseaz\u0103 pe ritmuri de House, RnB, Hip Hop, DnB, EDM \u0219i Reggaeton pe aceast\u0103 barc\u0103 de petrecere complet echipat\u0103 din Tenerife.<\/li>\n<li><strong>Bar deschis:<\/strong>\u00a0: Bucura\u021bi-v\u0103 de un bar deschis de 3 ore cu o selec\u021bie de bere, b\u0103uturi spirtoase locale \u0219i mixere \u00een timpul excursiei cu barca de petrecere din Tenerife.<\/li>\n<li><strong>Confort \u0219i facilit\u0103\u021bi:<\/strong>\u00a0: Relaxa\u021bi-v\u0103 cu scaune confortabile, facilit\u0103\u021bi curate \u0219i o atmosfer\u0103 plin\u0103 de via\u021b\u0103.<\/li>\n<li><strong>Frumuse\u021be peisagistic\u0103: <\/strong>: Captura\u021bi priveli\u0219ti uimitoare ale coastei din Tenerife \u00een timp ce petrece\u021bi pe valuri.<\/li>\n<li><strong>Siguran\u021ba \u00eenainte de toate: <\/strong>: Echipajul acord\u0103 prioritate siguran\u021bei dvs. cu orient\u0103ri clare \u0219i asisten\u021b\u0103 multilingv\u0103.<\/li>\n<\/ul>\n<h3>\ud83d\udee5\ufe0f Preg\u0103tirea pentru aventura ta cu barca de petrecere din Tenerife<\/h3>\n<p>Asigura\u021bi-v\u0103 o experien\u021b\u0103 pl\u0103cut\u0103 aduc\u00e2ndu-v\u0103 costumul de baie, crema de protec\u021bie solar\u0103 \u0219i <strong>CanaryVIP<\/strong> bilet, fie digital, fie tip\u0103rit. V\u0103 recomand\u0103m s\u0103 lua\u021bi o mas\u0103 \u00een prealabil \u0219i s\u0103 evita\u021bi alcoolul pentru a reduce riscul de r\u0103u de mare. Lua\u021bi \u00een considerare administrarea unei tablete \u00eempotriva r\u0103ului de c\u0103l\u0103torie \u00eenainte de plecare pentru o c\u0103l\u0103torie confortabil\u0103.<\/p>\n<h3>\ud83d\udea4 Party Boat Tenerife: S\u0103rb\u0103toarea ta suprem\u0103<\/h3>\n<p>Alege\u021bi CanaryVIP pentru <strong>Petrecere cu barca Tenerife<\/strong> bilete, oferind o valoare imbatabil\u0103 \u0219i servicii excep\u021bionale.<br \/>\nAl\u0103tura\u021bi-v\u0103 nou\u0103 pentru cea mai bun\u0103 experien\u021b\u0103 de petrecere cu barca:<\/p>\n<ul>\n<li><strong>Cele mai bune tarife garantate:<\/strong> Bucura\u021bi-v\u0103 de pre\u021buri competitive pentru o experien\u021b\u0103 de neuitat cu barca de petrecere Tenerife.<\/li>\n<li><strong>Reduceri pentru grupuri:<\/strong> Economisi\u021bi mai mult cu tarifele noastre speciale pentru grupuri pe barca noastr\u0103 de petrecere din Tenerife.<\/li>\n<li><strong>Rezerv\u0103ri \u00een avans:<\/strong> Asigura\u021bi-v\u0103 locul devreme pentru a evita s\u0103 pierde\u021bi aceast\u0103 barc\u0103 de petrecere exclusiv\u0103 \u00een Tenerife!<\/li>\n<li><strong>Politica de anulare flexibil\u0103:<\/strong> Beneficia\u021bi de condi\u021biile noastre de anulare favorabile clien\u021bilor.<\/li>\n<li><strong>Operator de \u00eencredere:<\/strong> \u00cen calitate de furnizor de bilete lider \u00een Insulele Canare, <strong>CanaryVIP<\/strong> este alegerea preferat\u0103 de entuzia\u0219tii petrecerilor cu barca din Tenerife.<\/li>\n<\/ul>\n<h3>\ud83d\ude99 Punct de \u00eent\u00e2lnire \u0219i parcare<\/h3>\n<p><strong>Vino al\u0103turi de noi la Puerto Col\u00f3n:<\/strong> \u00cent\u00e2lne\u0219te-te cu noi la Black Pearl Bar pentru aventura ta cu barca de petrecere din Tenerife. Sosi\u021bi cu cel pu\u021bin 15 minute \u00eenainte de plecare pentru a asigura o \u00eembarcare f\u0103r\u0103 probleme. O parcare ampl\u0103 este disponibil\u0103 \u00een port, ceea ce o face convenabil\u0103 pentru cei care se al\u0103tur\u0103 petrecerii noastre cu barca de petrecere din Tenerife.<\/p>\n<h3>\ud83c\udf1f Termenii \u0219i condi\u021biile de utilizare a CanaryVIP<\/h3>\n<p>Bucur\u0103-te de lini\u0219te cu poli\u021bele noastre complete pentru aventura ta. Iat\u0103 ce trebuie s\u0103 \u0219ti\u021bi:<\/p>\n<ul>\n<li><strong>Planuri de interven\u021bie \u00een caz de urgen\u021b\u0103 \u00een caz de intemperii:<\/strong> \u00cen cazul unor condi\u021bii meteorologice periculoase, se vor oferi op\u021biuni de reprogramare sau de rambursare integral\u0103.<\/li>\n<li><strong>Politica de anulare flexibil\u0103:<\/strong>\n<ul>\n<li>Anularea sau reprogramarea gratuit\u0103 cu p\u00e2n\u0103 la 7 zile \u00eenainte pentru rezerv\u0103rile individuale.<\/li>\n<li>Pentru grupuri de peste 10 persoane, anularea gratuit\u0103 cu p\u00e2n\u0103 la 12 zile \u00eenainte de eveniment.<\/li>\n<li>Pentru grupurile de peste 20 de persoane, anularea gratuit\u0103 cu p\u00e2n\u0103 la 16 zile \u00eenainte de eveniment.<\/li>\n<li>Ar trebui s\u0103... <a href=\"https:\/\/canaryvip.com\/ro\/contact\/\">contacta\u021bi-ne<\/a> pentru cererile de anulare.<\/li>\n<\/ul>\n<\/li>\n<li><strong>No-Show \u0219i sosire t\u00e2rzie:<\/strong> Nu se acord\u0103 ramburs\u0103ri pentru neprezent\u0103ri sau sosiri t\u00e2rzii. Asigura\u021bi-v\u0103 c\u0103 ajunge\u021bi la timp, deoarece petrecerea cu barca este de obicei rezervat\u0103 \u00een totalitate.<\/li>\n<li><strong>Comportamentul la bord:<\/strong> Oaspe\u021bii sunt a\u0219tepta\u021bi s\u0103 men\u021bin\u0103 un mediu distractiv \u0219i sigur. Comportamentul neadecvat poate duce la \u00eendep\u0103rtarea de pe barc\u0103 f\u0103r\u0103 rambursare.<\/li>\n<li><strong>R\u0103u de mare \u0219i modific\u0103ri ale itinerariului:<\/strong> \u00cen cazul \u00een care apare r\u0103ul de mare \u0219i itinerariul trebuie modificat, nu se va acorda nicio rambursare.<\/li>\n<li><strong>Pl\u00e2ngeri:<\/strong> Orice problem\u0103 trebuie abordat\u0103 cu personalul de pe vas \u00een ziua evenimentului, deoarece personalul CanaryVIP nu este prezent pe vas.<\/li>\n<\/ul>\n<p>Rezerva\u021bi acum \u0219i al\u0103tura\u021bi-v\u0103 nou\u0103 pentru o petrecere de neuitat pe valurile din Tenerife!<\/p>","protected":false},"excerpt":{"rendered":"<p><strong>\ud83d\udd0d Petrecere cu barca \u00een Tenerife:<\/strong><br \/>\n\u2705 Plat\u0103 sigur\u0103.<br \/>\n\ud83d\ude80 Excursie cu barca de 3h.<br \/>\n\ud83c\udf7b 3h OPEN BAR Inclus.<br \/>\n\ud83d\udcc6 S\u00e2mb\u0103ta la 12:30.<br \/>\n\ud83c\udfb6 DJ \u0219i muzic\u0103.<br \/>\n\ud83d\udeab NUMAI +18 ani.<br \/>\n\ud83e\udd11 Cel mai bun pre\u021b garantat.<br \/>\n\ud83c\udf1f Rezerva\u021bi acum \u0219i economisi\u021bi!<br \/>\n\ud83d\udccd Plecare din\u00a0<a href=\"https:\/\/www.google.com\/maps\/place\/Puerto+Col%C3%B3n\/@28.0783432,-16.7368735,18.52z\/data=!4m6!3m5!1s0xc6a9743509c9ebf:0xd62345524f768247!8m2!3d28.0789928!4d-16.7359737!16s%2Fg%2F11c6cqryw_?entry=tts\">Puerto Colon<\/a>.<\/p>","protected":false},"featured_media":11461,"comment_status":"open","ping_status":"closed","template":"","meta":{"_acf_changed":false},"product_brand":[],"product_cat":[46],"product_tag":[],"class_list":{"0":"post-11456","1":"product","2":"type-product","3":"status-publish","4":"has-post-thumbnail","6":"product_cat-boat-excursions","7":"wcpa_has_options","9":"first","10":"instock","11":"sale","12":"virtual","13":"purchasable","14":"product-type-simple"},"acf":[],"wcpa_form_fields":{"wcpaData":{"product":{"product_price":70,"price_html":"From&nbsp;<del aria-hidden=\"true\"><span class=\"woocommerce-Price-amount amount\"><bdi>75,00&nbsp;<span class=\"woocommerce-Price-currencySymbol\">&euro;<\/span><\/bdi><\/span><\/del> <span class=\"screen-reader-text\">Pre\u021bul ini\u021bial a fost: 75,00&nbsp;&euro;.<\/span><ins aria-hidden=\"true\"><span class=\"woocommerce-Price-amount amount\"><bdi>70,00&nbsp;<span class=\"woocommerce-Price-currencySymbol\">&euro;<\/span><\/bdi><\/span><\/ins><span class=\"screen-reader-text\">Pre\u021bul curent este: 70,00&nbsp;&euro;.<\/span>","original_product_price":75,"price_including_tax":70,"price_excluding_tax":70,"product_id":{"parent":11456,"variation":false},"is_variable":false,"stock_status":"instock","stock_quantity":null,"parent_sku":"CV11456","product_attributes":[],"custom_fields":[],"is_taxable":false,"product_name":"Utopia Boat Party Tenerife","hasImage":false},"fields":{"sec_06641441f5ff23":{"extra":{"key":"sec_06641441f5ff23","section_id":"sec_06641441f5ff23","name":"Default","status":1,"cl_rule":"show","enableCl":false,"relations":[],"toggle":true,"title_tag":"h3","show_title":false,"showPrice":"default","form_id":11462,"form_rules":{"exclude_from_discount":true,"fee_label":"Fee","disp_hide_options_price":true,"disp_show_section_price":false,"disp_show_field_price":true,"layout_option":"standard","pric_use_as_fee":false,"process_fee_as":"woo_fee"},"layout_option":"standard"},"fields":[[{"active":true,"col":6,"relations":false,"cl_rule":"show","enableCl":false,"price":"","enablePrice":false,"className":"oferta-especial","label_position":"default","desc_position":"default","type":"content","required":false,"elementId":"content_1421636141","label":"","name":"content_1421636141","contentType":"rich","value":"<p><strong>\ud83d\udd25 Utopia Boat Party Limited Time Offer!<br>\n<\/strong>Exclusive 5% discount automatically applied at checkout.<\/p>","error":false,"isTemplate":false,"gt_translate_keys":["label","value"],"price_dependency":false,"cl_dependency":false}],[{"label":"\ud83d\udcc5 Date","active":true,"required":true,"elementId":"date_66641441f5ff41","picker_type":"custom","picker_mode":"single","placeholder":"","description":"","tooltip":"","name":"date_66641441f5ff41","label_position":"default","desc_position":"default","enablePrice":false,"className":"","enableCl":false,"relations":[{"operator":"and","rules":[{"operator":"AND","rules":{"cl_field":"radio-group_56641441f5ff51","cl_relation":"is_not_empty","cl_val":"3 Hour Trip"}}]}],"date_pic_inline":true,"date_pic_inline_hide":true,"min_date":{"type":"days","val":"1"},"max_date":"","date_pic_conf":{"disabledWeeks":[1,2,3,4,5,0],"disabledDates":["2024-05-19","2024-05-26","2025-04-06","2025-04-13","2025-04-16","2025-04-20","2025-04-27","2025-09-01 to 2025-09-30"]},"price":"","cl_rule":"show","col":6,"type":"date","error":false,"enableDesign":false,"LabelColor":"","isWeightTemplate":false,"isTemplate":false,"min_quantity":"1","quantity_decimal":false,"quantity_step":"1","quantity_label":"Quantity","repeater_field_label":"{field_label}","repeater_bind":"","gt_translate_keys":["label","placeholder","description","tooltip","repeater_field_label","quantity_label"],"price_dependency":false,"cl_dependency":false,"value":""}],[{"active":true,"col":6,"relations":[{"operator":false,"rules":[{"operator":"AND","rules":{"cl_field":"","cl_relation":"","cl_val":""}}]}],"cl_rule":"show","enableCl":true,"price":"70","enablePrice":true,"className":"","label_position":"default","desc_position":"below","type":"radio-group","required":false,"elementId":"radio-group_86641441f5ff75","label":"","name":"radio-group_86641441f5ff75","values":[{"label":"\ud83d\udfe2 Basic Ticket (70\u20ac)","value":"Basic Ticket","selected":true,"tempId":"aco_32","tooltip":"","description":"","gt_translate_keys":["label","tooltip","description"]}],"layOut":"","error":false,"checkUi":"button","priceOptions":"fixed_for_all","pricingType":"fixed","enable_quantity":true,"quantity_label":"","min_quantity":"0","options_tooltip":true,"options_description":true,"description":"Ideal for budget-friendly fun. Includes a drinks package with 4 beverages at a discounted price.","enableDesign":false,"gt_translate_keys":["label","description","quantity_label"],"price_dependency":false,"cl_dependency":false,"value":""}],[{"active":true,"col":6,"relations":false,"cl_rule":"show","enableCl":false,"price":"","enablePrice":false,"className":"","label_position":"default","desc_position":"default","type":"separator","required":false,"elementId":"separator_1097273251","label":"Separator Field","height":"3","separatorType":"fill","error":false,"separatorColor":"#4a90e2","gt_translate_keys":["label"],"price_dependency":false,"cl_dependency":false,"value":""}],[{"label":"","active":true,"required":false,"elementId":"radio-group-0169646210","description":"Open bar with unlimited beer, local spirits, and mixers. Perfect for music and drink lovers.","name":"radio-group-0169646210","label_position":"default","desc_position":"below","enablePrice":true,"className":"","enableCl":true,"relations":[{"operator":false,"rules":[{"operator":"AND","rules":{"cl_field":"","cl_relation":"","cl_val":""}}]}],"enableDesign":false,"enable_quantity":true,"quantity_label":"","min_quantity":"0","checkUi":"button","layOut":"","options_tooltip":true,"options_description":true,"values":[{"label":"\ud83c\udf9f\ufe0f Standard Ticket (90\u20ac)","value":"Standard Ticket","selected":true,"tempId":"aco_32","tooltip":"","description":"","gt_translate_keys":["label","tooltip","description"]}],"priceOptions":"fixed_for_all","pricingType":"fixed","price":"90","cl_rule":"show","col":6,"type":"radio-group","error":false,"gt_translate_keys":["label","description","quantity_label"],"price_dependency":false,"cl_dependency":false,"value":""}],[{"elementId":"separator-0973524418","separatorType":"fill","separatorColor":"#4a90e2","className":"","height":"3","enableCl":false,"relations":false,"cl_rule":"show","col":6,"type":"separator","gt_translate_keys":[],"price_dependency":false,"cl_dependency":false,"value":""}],[{"label":"","active":true,"required":false,"elementId":"radio-group_56641441f5ffa1","name":"radio-group_56641441f5ffa1","label_position":"default","desc_position":"below","enablePrice":true,"className":"","enableCl":false,"relations":[{"operator":false,"rules":[{"operator":"AND","rules":{"cl_field":"","cl_relation":"","cl_val":""}}]}],"enable_quantity":true,"quantity_label":"","min_quantity":"0","checkUi":"button","layOut":"","options_tooltip":true,"values":[{"label":"\u2b50\ufe0f Premium Ticket (110\u20ac)","value":"Premium Ticket (95\u20ac)","selected":true,"tempId":"aco_32","tooltip":"","description":"","gt_translate_keys":["label","tooltip","description"]}],"priceOptions":"fixed_for_all","pricingType":"fixed","price":"110","cl_rule":"show","col":6,"type":"radio-group","error":false,"description":"Upgrade your experience with premium spirits like Absolut, Bacardi, Havana, and more, plus Red Bull and premium mixers.","options_description":true,"gt_translate_keys":["label","description","quantity_label"],"price_dependency":false,"cl_dependency":false,"value":""}],[{"elementId":"separator-0973774727","separatorType":"fill","separatorColor":"#4a90e2","className":"","height":"3","enableCl":false,"relations":false,"cl_rule":"show","col":6,"type":"separator","gt_translate_keys":[],"price_dependency":false,"cl_dependency":false,"value":""}],[{"label":"","active":true,"required":false,"elementId":"radio-group-1821003227","description":"The ultimate luxury experience. Access the VIP area with open bar featuring premium spirits, Red Bull, and exclusive vibes.","name":"radio-group-1821003227","label_position":"default","desc_position":"below","enablePrice":true,"className":"","enableCl":false,"relations":[{"operator":false,"rules":[{"operator":"AND","rules":{"cl_field":"","cl_relation":"","cl_val":""}}]}],"enable_quantity":true,"quantity_label":"","min_quantity":"0","checkUi":"button","layOut":"","options_tooltip":true,"options_description":true,"values":[{"label":"\ud83d\udc8e VIP Ticket (130\u20ac)","value":"VIP Ticket","selected":true,"tempId":"aco_32","tooltip":"","description":"","gt_translate_keys":["label","tooltip","description"]}],"priceOptions":"fixed_for_all","pricingType":"fixed","price":"130","cl_rule":"show","col":6,"type":"radio-group","error":false,"gt_translate_keys":["label","description","quantity_label"],"price_dependency":false,"cl_dependency":false,"value":""}],[{"elementId":"separator-0974175336","separatorType":"fill","separatorColor":"#4a90e2","className":"","height":"3","enableCl":false,"relations":false,"cl_rule":"show","col":6,"type":"separator","gt_translate_keys":[],"price_dependency":false,"cl_dependency":false,"value":""}]]}},"config":{"price_override":"always","enable_recaptcha":false,"bind_quantity":false,"quantity_bind_formula":false,"disp_summ_show_option_price":true,"disp_summ_show_product_price":false,"disp_summ_show_total_price":true,"disp_summ_show_fee":true,"disp_summ_show_discount":true,"summary_title":"","options_total_label":"Options Price","total_label":"Total Amount","options_product_label":"Product Price","fee_label":"Fee","discount_label":"Discount","has_price":true,"has_quantity_formula":false},"mc_unit":1,"tax_rate":1,"tax_rate_real":1,"discount":{"percentage":0,"fixed":0},"design":{"conf":{"LabelPosition":"above","DescPosition":"above","UploadField":"custom_1","QuantityFieldStyle":"custom_1"},"css":{"LeftLabelWidth":"120px"}},"formulas":[],"lookuptables":[],"clones":false,"cartKey":false}},"_links":{"self":[{"href":"https:\/\/canaryvip.com\/ro\/wp-json\/wp\/v2\/product\/11456","targetHints":{"allow":["GET"]}}],"collection":[{"href":"https:\/\/canaryvip.com\/ro\/wp-json\/wp\/v2\/product"}],"about":[{"href":"https:\/\/canaryvip.com\/ro\/wp-json\/wp\/v2\/types\/product"}],"replies":[{"embeddable":true,"href":"https:\/\/canaryvip.com\/ro\/wp-json\/wp\/v2\/comments?post=11456"}],"wp:featuredmedia":[{"embeddable":true,"href":"https:\/\/canaryvip.com\/ro\/wp-json\/wp\/v2\/media\/11461"}],"wp:attachment":[{"href":"https:\/\/canaryvip.com\/ro\/wp-json\/wp\/v2\/media?parent=11456"}],"wp:term":[{"taxonomy":"product_brand","embeddable":true,"href":"https:\/\/canaryvip.com\/ro\/wp-json\/wp\/v2\/product_brand?post=11456"},{"taxonomy":"product_cat","embeddable":true,"href":"https:\/\/canaryvip.com\/ro\/wp-json\/wp\/v2\/product_cat?post=11456"},{"taxonomy":"product_tag","embeddable":true,"href":"https:\/\/canaryvip.com\/ro\/wp-json\/wp\/v2\/product_tag?post=11456"}],"curies":[{"name":"wp","href":"https:\/\/api.w.org\/{rel}","templated":true}]}}