{"id":11438,"date":"2024-05-11T22:23:40","date_gmt":"2024-05-11T21:23:40","guid":{"rendered":"https:\/\/canaryvip.com\/?post_type=product&#038;p=11438"},"modified":"2025-11-04T12:52:18","modified_gmt":"2025-11-04T12:52:18","slug":"ole-flamenco-show-tenerife","status":"publish","type":"product","link":"https:\/\/canaryvip.com\/ro\/shop\/ole-flamenco-show-tenerife\/","title":{"rendered":"OL\u00c9 Flamenco Show Tenerife"},"content":{"rendered":"<h2>\ud83c\udfad Descoper\u0103 cel mai bun spectacol de flamenco din Tenerife<\/h2>\n<p>Cufunda\u021bi-v\u0103 \u00een spiritul vibrant al Spaniei la Ol\u00e9 Flamenco Show Tenerife, un spectacol de flamenco de prim\u0103 clas\u0103. <a href=\"https:\/\/canaryvip.com\/ro\/tenerife\/evening-shows\/\">spectacol \u00een Tenerife.<\/a> Experimenta\u021bi o sear\u0103 captivant\u0103 de muzic\u0103 pasional\u0103, dans electrizant \u0219i expresie cultural\u0103 bogat\u0103 sub conducerea expert\u0103 a renumitului Fran Chafino.<\/p>\n<p>Acest spectacol de 90 de minute promite o noapte de neuitat, \u00eembin\u00e2nd stilurile tradi\u021bionale de flamenco cu stilul contemporan, totul pe fundalul luxos al Hotelului GF Victoria.<\/p>\n<p>De la jocul ritmic de picioare p\u00e2n\u0103 la chitara plin\u0103 de suflet \u0219i vocile expresive, fiecare element al spectacolului este conceput pentru a \u00eenc\u00e2nta \u0219i inspira, ceea ce \u00eel face un spectacol pe care trebuie s\u0103-l vad\u0103 at\u00e2t localnicii, c\u00e2t \u0219i vizitatorii care caut\u0103 o experien\u021b\u0103 spaniol\u0103 autentic\u0103.<\/p>\n<h3>\ud83c\udf7d\ufe0f Loc de desf\u0103\u0219urare de lux la GF Victoria Hotel<\/h3>\n<p><strong>Loca\u021bie:<\/strong> Elegantul <a href=\"https:\/\/www.google.com\/maps\/place\/GF+Victoria\/@28.0917871,-16.7412967,17z\/data=!3m1!4b1!4m9!3m8!1s0xc6a974d01c4268f:0x3c0e40669a61bb47!5m2!4m1!1i2!8m2!3d28.0917871!4d-16.7387218!16s%2Fg%2F11bvv59vv2?entry=ttu\" target=\"_new\" rel=\"noreferrer noopener\">Hotel GF Victoria<\/a> din Costa Adeje g\u0103zduie\u0219te acest eveniment \u00eenc\u00e2nt\u0103tor, oferind o atmosfer\u0103 sofisticat\u0103 pentru un spectacol de flamenco memorabil \u00een Tenerife.<\/p>\n<p><strong>Program:<\/strong> Spectacolul \u00eencepe la ora 21:00, iar u\u0219ile se deschid la ora 20:15. Exist\u0103 o pauz\u0103 de 15 minute, iar \u00eentregul spectacol se \u00eencheie la ora 22:30.<\/p>\n<h3>\ud83c\udf9f\ufe0f Alege\u021bi-v\u0103 seara perfect\u0103<\/h3>\n<p><strong>Bilete Gold:<\/strong> La 49 de euro de persoan\u0103, v\u0103 pute\u021bi bucura de intrarea la spectacol. Acest loc ofer\u0103 o priveli\u0219te excelent\u0103 a scenei \u0219i o experien\u021b\u0103 plin\u0103 de via\u021b\u0103 pentru 140 de persoane.<\/p>\n<p><strong>Bilete Platinum:<\/strong> Pentru 59 de euro de persoan\u0103, aceast\u0103 op\u021biune include intrarea, un pahar de vin \u0219i gust\u0103ri u\u0219oare. Zona Platinum, mai aproape de scen\u0103, ofer\u0103 un cadru intim pentru 80 de invita\u021bi.<\/p>\n<h3>\ud83c\udf1f Experimenta\u021bi Flamenco-ul autentic<\/h3>\n<p><strong>Face\u021bi cuno\u0219tin\u021b\u0103 cu Fran Chafino:<\/strong> Vedeta spectacolului, Fran Chafino, este renumit pentru talentul s\u0103u extraordinar \u0219i d\u0103 via\u021b\u0103 flamenco-ului autentic, asigur\u00e2ndu-se c\u0103 fiecare invitat este fascinat de spectacol.<\/p>\n<p><strong>Varietate bogat\u0103 de acte:<\/strong> De la buler\u00edas la alegr\u00edas, spectacolul prezint\u0103 un amestec dinamic de c\u00e2ntec, chitar\u0103 \u0219i dans, captiv\u00e2nd publicul cu fiecare spectacol unic.<\/p>\n<p><strong>Atmosfer\u0103 interactiv\u0103:<\/strong> De\u0219i nu este inclus\u0103 participarea publicului la dans, implicarea arti\u0219tilor creeaz\u0103 o experien\u021b\u0103 intim\u0103 \u0219i energic\u0103.<\/p>\n<h3><a href=\"https:\/\/canaryvip.com\/ro\/contact\/?swcfpc=1\">\ud83d\udd70\ufe0f<\/a> Informa\u021bii esen\u021biale<\/h3>\n<p><strong>Codul vestimentar:<\/strong> Se recomand\u0103 o \u021binut\u0103 casual elegant\u0103 pentru a completa decorul elegant. Blugii \u0219i un tricou frumos sunt acceptabile, dar \u021binutele sport \u0219i pantalonii scur\u021bi sunt descurajate pentru a men\u021bine ambian\u021ba sofisticat\u0103 a spectacolului.<\/p>\n<p><strong>Informa\u021bii privind parcarea:<\/strong> La centrul comercial Plaza del Duque, situat la mic\u0103 distan\u021b\u0103 de mers pe jos de locul de desf\u0103\u0219urare a evenimentului, este disponibil\u0103 o parcare ampl\u0103.<\/p>\n<p><strong>Intrarea spectacolului:<\/strong> Intra\u021bi prin intrarea desemnat\u0103 \u00een partea st\u00e2ng\u0103 a intr\u0103rii principale a hotelului pentru a avea acces u\u0219or la sala de spectacole Las Olas.<\/p>\n<h3>\u2696\ufe0f Politica flexibil\u0103 de rezervare \u0219i anulare \u2696\ufe0f<\/h3>\n<p><strong>Beneficiile rezerv\u0103rii \u00een avans:<\/strong> Asigura\u021bi-v\u0103 cele mai bune tarife \u0219i simplifica\u021bi-v\u0103 planificarea rezerv\u00e2nd din timp.<\/p>\n<p><strong>Anul\u0103ri gratuite:<\/strong> Anula\u021bi cu p\u00e2n\u0103 la 48 de ore \u00eenainte de spectacol pentru o rambursare complet\u0103.<\/p>\n<p><strong>Rezerv\u0103ri de grup:<\/strong> Pentru grupuri mai mari de \u0219ase persoane, pute\u021bi anula cu p\u00e2n\u0103 la patru zile \u00eenainte, f\u0103r\u0103 costuri. Anul\u0103rile f\u0103cute cu 2-4 zile \u00eenainte de eveniment primesc o rambursare 50%.<\/p>\n<p><strong>Politica de neprezentare:<\/strong> Nu se acord\u0103 ramburs\u0103ri \u00een cazul neprezent\u0103rilor sau al anul\u0103rilor \u00een termen de 48 de ore de la eveniment.<\/p>\n<h3>\ud83c\udf89 Evenimente Flamenco private<\/h3>\n<p><strong>S\u0103rb\u0103tori exclusive:<\/strong> CanaryVIP poate organiza spectacole private de flamenco adaptate pentru zile de na\u0219tere, evenimente corporative \u0219i \u00eent\u00e2lniri speciale, asigur\u00e2nd o ocazie personalizat\u0103 \u0219i memorabil\u0103. <a href=\"https:\/\/canaryvip.com\/ro\/contact\/?swcfpc=1\">Contacta\u021bi-ne pentru mai multe informa\u021bii.<\/a><\/p>\n<h3>\ud83c\udfb6 Descoper\u0103 istoria \u0219i pasiunea pentru flamenco<\/h3>\n<p><strong>O c\u0103l\u0103torie prin bogata mo\u0219tenire a flamenco-ului:<\/strong> Ol\u00e9 Flamenco Show Tenerife nu numai c\u0103 distreaz\u0103, dar ofer\u0103 \u0219i o incursiune \u00een istoria \u0219i pasiunea flamenco-ului. Originar din regiunea andaluz\u0103 a Spaniei, flamenco este o form\u0103 de art\u0103 dinamic\u0103 care combin\u0103 c\u00e2ntecul (cante), c\u00e2ntatul la chitar\u0103 (toque) \u0219i dansul (baile). Aceast\u0103 tradi\u021bie veche de secole este cunoscut\u0103 pentru intensitatea sa emo\u021bional\u0103 \u0219i expresivitatea pove\u0219tilor, reflect\u00e2nd tapiseria cultural\u0103 a Spaniei.<\/p>\n<p><strong>Viziunea artistic\u0103 a lui Fran Chafino:<\/strong> Sub \u00eendrumarea m\u0103iestrit\u0103 a lui Fran Chafino, Ol\u00e9 Flamenco Show Tenerife aduce la via\u021b\u0103 aceast\u0103 mo\u0219tenire bogat\u0103, cu o not\u0103 modern\u0103. Coregrafia lui Fran este un amestec de tehnici tradi\u021bionale \u0219i elemente contemporane, cre\u00e2nd un spectacol unic care onoreaz\u0103 r\u0103d\u0103cinile flamenco-ului, captiv\u00e2nd \u00een acela\u0219i timp publicul modern.<\/p>\n<p><strong>Diverse stiluri de flamenco:<\/strong> Spectacolul prezint\u0103 o varietate de stiluri de flamenco, cum ar fi buler\u00edas rapide \u0219i alegr\u00edas vesele, fiecare cu ritmul \u0219i starea de spirit proprii. Aceast\u0103 diversitate asigur\u0103 o experien\u021b\u0103 vibrant\u0103 \u0219i captivant\u0103, prezent\u00e2nd \u00eentregul spectru al gamei emo\u021bionale \u0219i muzicale a flamenco-ului.<\/p>\n<h3>\ud83c\udf1f Vino al\u0103turi de noi pentru o sear\u0103 de neuitat<\/h3>\n<p>Experimenta\u021bi magia spectacolului de flamenco din Tenerife cu CanaryVIP. Cufunda\u021bi-v\u0103 \u00eentr-un amestec hipnotizant de muzic\u0103 pasional\u0103, dans vibrant \u0219i cultur\u0103 spaniol\u0103 bogat\u0103 la luxosul hotel GF Victoria.<\/p>\n<p>Acest spectacol captivant, regizat de aclamatul Fran Chafino, promite o sear\u0103 de neuitat, plin\u0103 de stiluri autentice de flamenco \u0219i fler modern. Asigura\u021bi-v\u0103 acum biletele pentru o sear\u0103 de elegan\u021b\u0103 \u0219i divertisment \u0219i l\u0103sa\u021bi-v\u0103 fermeca\u021bi de ritmurile ritmice \u0219i de interpret\u0103rile expresive. Nu rata\u021bi aceast\u0103 experien\u021b\u0103 cultural\u0103 unic\u0103 \u00een inima insulei Tenerife.<\/p>\n<p>Rezerva\u021bi ast\u0103zi biletele pentru Flamenco Show Tenerife! \ud83c\udf0c\ud83d\udc83<\/p>","protected":false},"excerpt":{"rendered":"<p><strong>\ud83d\udd0d Flamenco Show Tenerife:<\/strong><br \/>\n\u2705 Plat\u0103 sigur\u0103.<br \/>\n\ud83d\udc83 Spectacol autentic de flamenco.<br \/>\n\ud83d\udd59 \u00cen fiecare joi, la ora 20:15.<br \/>\n\u23f3 Durata \u2248 2h<br \/>\n\ud83d\ude80 Foarte popular!<br \/>\n\ud83e\udd11 Cel mai bun pre\u021b garantat.<br \/>\n\ud83d\udc6a Reduceri pentru rezerv\u0103ri de grup.<br \/>\n\ud83d\udd01 Anulare gratuit\u0103 p\u00e2n\u0103 la 48 de ore.<br \/>\n\ud83c\udf1f Rezerva\u021bi devreme, se umple repede!<br \/>\n\ud83d\udccd Locul de desf\u0103\u0219urare la\u00a0<a href=\"https:\/\/maps.app.goo.gl\/boB3JcWYHb8AiGY58\">Hotel GF Victoria<\/a>.<\/p>","protected":false},"featured_media":11440,"comment_status":"open","ping_status":"closed","template":"","meta":{"_acf_changed":false},"product_brand":[],"product_cat":[59],"product_tag":[],"class_list":{"0":"post-11438","1":"product","2":"type-product","3":"status-publish","4":"has-post-thumbnail","6":"product_cat-evening-shows","7":"wcpa_has_options","9":"first","10":"instock","11":"virtual","12":"purchasable","13":"product-type-simple"},"acf":[],"wcpa_form_fields":{"wcpaData":{"product":{"product_price":51,"price_html":"From&nbsp;<span class=\"woocommerce-Price-amount amount\"><bdi>51,00&nbsp;<span class=\"woocommerce-Price-currencySymbol\">&euro;<\/span><\/bdi><\/span>","original_product_price":51,"price_including_tax":51,"price_excluding_tax":51,"product_id":{"parent":11438,"variation":false},"is_variable":false,"stock_status":"instock","stock_quantity":null,"parent_sku":"CV11438","product_attributes":[],"custom_fields":[],"is_taxable":false,"product_name":"OL\u00c9 Flamenco Show Tenerife","hasImage":false},"fields":{"sec_5663fdb09e5296":{"extra":{"key":"sec_5663fdb09e5296","section_id":"sec_5663fdb09e5296","name":"Default","status":1,"cl_rule":"show","enableCl":false,"relations":[],"toggle":true,"title_tag":"h3","show_title":false,"showPrice":"default","form_id":11439,"form_rules":{"exclude_from_discount":true,"fee_label":"Fee","disp_hide_options_price":true,"disp_show_section_price":false,"disp_show_field_price":true,"layout_option":"standard","pric_use_as_fee":false,"process_fee_as":"woo_fee"},"layout_option":"standard"},"fields":[[{"label":"\ud83d\udcc5 Date","active":true,"required":true,"elementId":"date_2663fdb09e52b5","picker_type":"custom","picker_mode":"single","placeholder":"","description":"","tooltip":"","name":"date_2663fdb09e52b5","label_position":"default","desc_position":"default","enablePrice":false,"className":"","enableCl":false,"relations":[{"operator":"and","rules":[{"operator":"AND","rules":{"cl_field":"radio-group_4663fdb09e52c5","cl_relation":"is_not_empty","cl_val":"3 Hour Trip"}}]}],"date_pic_inline":true,"date_pic_inline_hide":true,"min_date":{"type":"days","val":"1"},"max_date":{"type":"days","val":"180"},"date_pic_conf":{"disabledWeeks":[0,1,3,5,6,2],"disabledDates":["2025-02-06","2025-06-27 to 2025-07-01","2026-01-01 to 2026-01-14","2026-03-12","2026-03-19"]},"price":"","cl_rule":"show","col":6,"type":"date","error":false,"enableDesign":false,"LabelColor":"","isWeightTemplate":false,"isTemplate":false,"min_quantity":"1","quantity_decimal":false,"quantity_step":"1","quantity_label":"Quantity","repeater_field_label":"{field_label}","repeater_bind":"","gt_translate_keys":["label","placeholder","description","tooltip","repeater_field_label","quantity_label"],"price_dependency":false,"cl_dependency":["radio-group_4663fdb09e52c5"],"value":""}],[{"active":true,"col":6,"relations":[{"operator":false,"rules":[{"operator":"AND","rules":{"cl_field":"","cl_relation":"","cl_val":""}}]}],"cl_rule":"show","enableCl":false,"price":"","enablePrice":false,"className":"","label_position":"default","desc_position":"default","type":"radio-group","required":true,"elementId":"radio-group_4663fdb09e52c5","label":"\ud83c\udf1f Type of Ticket","name":"radio-group_4663fdb09e52c5","values":[{"label":"Gold Entrance (51\u20ac)","value":"Gold Entrance","selected":false,"tempId":"aco_28","description":"Enjoy the live show.","options_cl":false,"relations":[{"operator":false,"rules":[{"operator":"AND","rules":{"cl_field":"","cl_relation":"","cl_val":""}}]}],"cl_rule":"show","gt_translate_keys":["label","description"]},{"label":"Platinum Entrance (61\u20ac)","value":"Platinum Entrance","selected":false,"tempId":"aco_29","description":"Enjoy the live show, wine, snacks and better seating.","options_cl":true,"relations":[{"operator":false,"rules":[{"operator":"AND","rules":{"cl_field":"date_2663fdb09e52b5","cl_relation":"is","cl_val":"2026-04-16"}}]}],"cl_rule":"hide","gt_translate_keys":["label","description"]}],"layOut":"","error":false,"checkUi":"toggle","enableDesign":false,"scrollBar":false,"description":"","other":false,"options_description":true,"show_selected_option":false,"isWeightTemplate":false,"isTemplate":false,"min_quantity":"1","quantity_decimal":false,"quantity_step":"1","quantity_label":"Quantity","repeater_field_label":"{field_label}","repeater_bind":"","gt_translate_keys":["label","description","repeater_field_label","quantity_label"],"price_dependency":false,"cl_dependency":[false,false],"value":""}]]},"sec_1663fdb09e52c7":{"extra":{"key":"sec_1663fdb09e52c7","section_id":"sec_1663fdb09e52c7","name":"Gold","status":1,"cl_rule":"show","enableCl":true,"relations":[{"operator":false,"rules":[{"operator":"AND","rules":{"cl_field":"radio-group_4663fdb09e52c5","cl_relation":"is","cl_val":"Gold Entrance"}}]}],"toggle":true,"title_tag":"h4","show_title":false,"showPrice":"default","form_id":11439,"form_rules":{"exclude_from_discount":true,"fee_label":"Fee","disp_hide_options_price":true,"disp_show_section_price":false,"disp_show_field_price":true,"layout_option":"standard","pric_use_as_fee":false,"process_fee_as":"woo_fee"},"layout_option":"standard"},"fields":[[{"active":true,"col":6,"relations":false,"cl_rule":"show","enableCl":false,"price":"","enablePrice":false,"className":"","label_position":"default","desc_position":"default","type":"separator","required":false,"elementId":"separator_6663fdb09e52d3","label":"Separator Field","height":"8","separatorType":"blank","error":false,"gt_translate_keys":["label"],"price_dependency":false,"cl_dependency":false,"value":""}],[{"active":true,"col":6,"relations":false,"cl_rule":"show","enableCl":false,"price":"","enablePrice":false,"className":"","label_position":"default","desc_position":"default","type":"content","required":false,"elementId":"content_6663fdb09e5310","label":"People","name":"content_6663fdb09e5310","contentType":"plain","value":"","error":false,"show_in_checkout":true,"inline":false,"gt_translate_keys":["label","value"],"price_dependency":false,"cl_dependency":false}],[{"active":true,"col":6,"relations":[{"operator":false,"rules":[{"operator":"AND","rules":{"cl_field":"","cl_relation":"","cl_val":""}}]}],"cl_rule":"show","enableCl":true,"price":"51","enablePrice":true,"className":"","label_position":"default","desc_position":"default","type":"radio-group","required":false,"elementId":"radio-group_0663fdb09e531c","label":"","name":"radio-group_0663fdb09e531c","values":[{"label":"\ud83d\udc64 Adult (51\u20ac)","value":"Adult","selected":true,"tempId":"aco_32","tooltip":"+13 Years","description":"","gt_translate_keys":["label","tooltip","description"]}],"layOut":"","error":false,"checkUi":"button","priceOptions":"fixed_for_all","pricingType":"fixed","enable_quantity":true,"quantity_label":"","min_quantity":"0","options_tooltip":true,"options_description":true,"gt_translate_keys":["label","quantity_label"],"price_dependency":false,"cl_dependency":false,"value":""}],[{"label":"","active":true,"required":false,"elementId":"radio-group-0980466659","name":"radio-group-0980466659","label_position":"default","desc_position":"default","enablePrice":true,"className":"","enableCl":true,"relations":[{"operator":false,"rules":[{"operator":"AND","rules":{"cl_field":"","cl_relation":"","cl_val":""}}]}],"enable_quantity":true,"quantity_label":"","min_quantity":"0","checkUi":"button","layOut":"","options_tooltip":true,"options_description":true,"values":[{"label":"\ud83d\udc66 Child (25,50\u20ac)","value":"Child","selected":true,"tempId":"aco_32","tooltip":"3-12 Years","description":"","gt_translate_keys":["label","tooltip","description"]}],"priceOptions":"fixed_for_all","pricingType":"fixed","price":"25,50","cl_rule":"show","col":6,"type":"radio-group","error":false,"gt_translate_keys":["label","quantity_label"],"price_dependency":false,"cl_dependency":false,"value":""}]]},"sec_2663fdb09e531d":{"extra":{"key":"sec_2663fdb09e531d","section_id":"sec_2663fdb09e531d","name":"Platinum","status":1,"cl_rule":"show","enableCl":true,"relations":[{"operator":false,"rules":[{"operator":"AND","rules":{"cl_field":"radio-group_4663fdb09e52c5","cl_relation":"is","cl_val":"Platinum Entrance"}}]}],"toggle":true,"title_tag":"h4","show_title":false,"showPrice":"default","form_id":11439,"form_rules":{"exclude_from_discount":true,"fee_label":"Fee","disp_hide_options_price":true,"disp_show_section_price":false,"disp_show_field_price":true,"layout_option":"standard","pric_use_as_fee":false,"process_fee_as":"woo_fee"},"layout_option":"standard"},"fields":[[{"elementId":"separator_6663fdb09e5327","separatorType":"blank","className":"","height":"8","enableCl":false,"relations":false,"cl_rule":"show","col":6,"type":"separator","error":false,"gt_translate_keys":[],"price_dependency":false,"cl_dependency":false,"value":""}],[{"contentType":"plain","active":true,"label":"People","elementId":"content_0663fdb09e5331","value":"","inline":false,"show_in_checkout":true,"name":"content_0663fdb09e5331","enablePrice":false,"className":"","enableCl":false,"relations":false,"price":"","cl_rule":"show","col":6,"type":"content","gt_translate_keys":["label","value"],"price_dependency":false,"cl_dependency":false}],[{"label":"","active":true,"required":false,"elementId":"radio-group_9663fdb09e533c","name":"radio-group_9663fdb09e533c","label_position":"default","desc_position":"default","enablePrice":true,"className":"","enableCl":false,"relations":[{"operator":false,"rules":[{"operator":"AND","rules":{"cl_field":"","cl_relation":"","cl_val":""}}]}],"enable_quantity":true,"quantity_label":"","min_quantity":"0","checkUi":"button","layOut":"","options_tooltip":true,"values":[{"label":"\ud83d\udc64 Adult (61\u20ac)","value":"Adult","selected":true,"tempId":"aco_32","tooltip":"+13 Years","gt_translate_keys":["label","tooltip"]}],"priceOptions":"fixed_for_all","pricingType":"fixed","price":"61","cl_rule":"show","col":6,"type":"radio-group","error":false,"gt_translate_keys":["label","quantity_label"],"price_dependency":false,"cl_dependency":false,"value":""}],[{"label":"","active":true,"required":false,"elementId":"radio-group-1037099900","name":"radio-group-1037099900","label_position":"default","desc_position":"default","enablePrice":true,"className":"","enableCl":true,"relations":[{"operator":false,"rules":[{"operator":"AND","rules":{"cl_field":"","cl_relation":"","cl_val":""}}]}],"enable_quantity":true,"quantity_label":"","min_quantity":"0","checkUi":"button","layOut":"","options_tooltip":true,"options_description":true,"values":[{"label":"\ud83d\udc66 Child (30,50\u20ac)","value":"Child","selected":true,"tempId":"aco_32","tooltip":"3-12 Years","description":"","gt_translate_keys":["label","tooltip","description"]}],"priceOptions":"fixed_for_all","pricingType":"fixed","price":"30,50","cl_rule":"show","col":6,"type":"radio-group","error":false,"gt_translate_keys":["label","quantity_label"],"price_dependency":false,"cl_dependency":false,"value":""}]]}},"config":{"price_override":"always","enable_recaptcha":false,"bind_quantity":false,"quantity_bind_formula":false,"disp_summ_show_option_price":true,"disp_summ_show_product_price":false,"disp_summ_show_total_price":true,"disp_summ_show_fee":true,"disp_summ_show_discount":true,"summary_title":"","options_total_label":"Options Price","total_label":"Total Amount","options_product_label":"Product Price","fee_label":"Fee","discount_label":"Discount","has_price":true,"has_quantity_formula":false},"mc_unit":1,"tax_rate":1,"tax_rate_real":1,"discount":{"percentage":0,"fixed":0},"design":{"conf":{"LabelPosition":"above","DescPosition":"above","UploadField":"custom_1","QuantityFieldStyle":"custom_1"},"css":{"LeftLabelWidth":"120px"}},"formulas":[],"lookuptables":[],"clones":false,"cartKey":false}},"_links":{"self":[{"href":"https:\/\/canaryvip.com\/ro\/wp-json\/wp\/v2\/product\/11438","targetHints":{"allow":["GET"]}}],"collection":[{"href":"https:\/\/canaryvip.com\/ro\/wp-json\/wp\/v2\/product"}],"about":[{"href":"https:\/\/canaryvip.com\/ro\/wp-json\/wp\/v2\/types\/product"}],"replies":[{"embeddable":true,"href":"https:\/\/canaryvip.com\/ro\/wp-json\/wp\/v2\/comments?post=11438"}],"wp:featuredmedia":[{"embeddable":true,"href":"https:\/\/canaryvip.com\/ro\/wp-json\/wp\/v2\/media\/11440"}],"wp:attachment":[{"href":"https:\/\/canaryvip.com\/ro\/wp-json\/wp\/v2\/media?parent=11438"}],"wp:term":[{"taxonomy":"product_brand","embeddable":true,"href":"https:\/\/canaryvip.com\/ro\/wp-json\/wp\/v2\/product_brand?post=11438"},{"taxonomy":"product_cat","embeddable":true,"href":"https:\/\/canaryvip.com\/ro\/wp-json\/wp\/v2\/product_cat?post=11438"},{"taxonomy":"product_tag","embeddable":true,"href":"https:\/\/canaryvip.com\/ro\/wp-json\/wp\/v2\/product_tag?post=11438"}],"curies":[{"name":"wp","href":"https:\/\/api.w.org\/{rel}","templated":true}]}}