{"id":11386,"date":"2024-05-06T14:37:45","date_gmt":"2024-05-06T13:37:45","guid":{"rendered":"https:\/\/canaryvip.com\/?post_type=product&#038;p=11386"},"modified":"2025-08-09T12:38:08","modified_gmt":"2025-08-09T11:38:08","slug":"valkyrie-yacht-hire-tenerife","status":"publish","type":"product","link":"https:\/\/canaryvip.com\/ro\/shop\/valkyrie-yacht-hire-tenerife\/","title":{"rendered":"Valkyrie Boat Hire Tenerife"},"content":{"rendered":"<h2>\ud83d\udee5\ufe0f Valkyrie Valkyrie Yacht Charter Tenerife<\/h2>\n<p>\u00cembarca\u021bi-v\u0103 \u00eentr-o aventur\u0103 pe un iaht privat din Tenerife cu iahtul Valkyrie de la CanaryVIP, care combin\u0103 luxul, relaxarea \u0219i senza\u021biile tari. <a href=\"https:\/\/canaryvip.com\/ro\/tenerife\/boat-hire-tenerife\/\">\u00eenchiriere de b\u0103rci<\/a> de-a lungul coastei uluitoare a insulei Tenerife. Acest rafinat vas de 15 metri <em>Prin\u021besa 45 Fly model<\/em> este proiectat pentru confort \u0219i stil, oferind un yacht charter intim pentru p\u00e2n\u0103 la 10 persoane.<\/p>\n<h3>\u2b50\ufe0f <strong>Lux \u0219i confort de neegalat la bord<\/strong><\/h3>\n<p><span style=\"text-decoration: underline;\"><strong>Explora\u021bi caracteristicile notabile ale modelului Valkyrie:<\/strong><\/span><\/p>\n<ul>\n<li>Teras\u0103 spa\u021bioas\u0103 proiectat\u0103 pentru relaxare \u0219i priveli\u0219ti pitore\u0219ti.<\/li>\n<li>WiFi, difuzoare Bluetooth \u0219i o platform\u0103 de baie convenabil\u0103.<\/li>\n<li>Cabine cu du\u0219 \u0219i toalet\u0103 privat\u0103, ideale pentru a v\u0103 schimba sau a v\u0103 odihni.<\/li>\n<li>Echipamente de snorkeling, aripioare de \u00eenot \u0219i o plac\u0103 de paddleboard pentru activit\u0103\u021bi acvatice.<\/li>\n<\/ul>\n<h3>\ud83d\udea4 <strong>Alege\u021bi turul ideal cu barca \u00een Tenerife<\/strong><\/h3>\n<h4>C\u0103l\u0103torie de 3 ore<\/h4>\n<p>Ideal pentru familiile \u0219i grupurile care doresc un tur privat cu barca rapid, dar memorabil \u00een Tenerife.<\/p>\n<ul>\n<li>Naviga\u021bi de-a lungul coastei uimitoare a insulei Tenerife, cu posibilitatea de a observa delfini \u0219i balene.<\/li>\n<li>Ancor\u0103 pentru \u00eenot, snorkeling \u0219i paddle-boarding \u00een apele limpezi.<\/li>\n<li>Bucura\u021bi-v\u0103 de un bar deschis cu o selec\u021bie de b\u0103uturi alcoolice, inclusiv cava, b\u0103uturi spirtoase, b\u0103uturi mixte \u0219i beri, al\u0103turi de o varietate de b\u0103uturi nealcoolice, at\u00e2t calde, c\u00e2t \u0219i reci.<\/li>\n<li>Gust\u0103 pizza la cuptor, tortilla \u0219i paellas calde la cerere, completate de un sortiment de gust\u0103ri u\u0219oare \u0219i aperitive.<\/li>\n<\/ul>\n<h4>Explorare de 5 ore<\/h4>\n<p>Descoperi\u021bi mai mult din frumuse\u021bea coastei din Tenerife, cu timp suplimentar pentru activit\u0103\u021bi acvatice.<\/p>\n<ul>\n<li>Naviga\u021bi pe remarcabila coast\u0103 a insulei Tenerife, cu ochii \u00een patru pentru via\u021ba marin\u0103.<\/li>\n<li>Ancor\u0103 \u00een apropiere de Golful Arme\u00f1ime pentru snorkeling, \u00eenot sau relaxare pe punte.<\/li>\n<li>R\u0103sf\u0103\u021ba\u021bi-v\u0103 cu gust\u0103ri gourmet, inclusiv pizza, tortilla \u0219i paellas calde personalizate, al\u0103turi de platouri cu aperitive \u0219i gust\u0103ri u\u0219oare.<\/li>\n<li>Savura\u021bi un bar deschis complet cu b\u0103uturi alcoolice \u0219i non-alcoolice, plus cafea cald\u0103 servit\u0103 pe tot parcursul c\u0103l\u0103toriei.<\/li>\n<\/ul>\n<h4>8 ore de Grand Tour<\/h4>\n<p>Descoperi\u021bi minunile de coast\u0103 din Tenerife, c\u0103l\u0103torind spre Los Gigantes \u0219i Masca.<\/p>\n<ul>\n<li>Trece\u021bi pe l\u00e2ng\u0103 st\u00e2nci \u0219i golfule\u021be spectaculoase, cu multiple opriri pentru activit\u0103\u021bi nautice.<\/li>\n<li>Ancora\u021bi \u00een locuri uimitoare pentru a \u00eenota, a lua masa \u0219i a v\u0103 bucura de peisajele incredibile din Tenerife.<\/li>\n<li>Bucura\u021bi-v\u0103 de o experien\u021b\u0103 culinar\u0103 cuprinz\u0103toare cu pizza la cuptor, tortilla, paellas calde la comand\u0103 \u0219i o varietate de t\u0103vi pline cu gust\u0103ri u\u0219oare \u0219i aperitive.<\/li>\n<li>Bucura\u021bi-v\u0103 de o selec\u021bie extins\u0103 de b\u0103uturi de la barul deschis, care v\u0103 asigur\u0103 o experien\u021b\u0103 r\u0103coritoare pe tot parcursul aventurii dumneavoastr\u0103.<\/li>\n<\/ul>\n<h3>\u2705 <strong>Serviciu all-inclusive pentru aventura dvs. privat\u0103 pe iahturi \u00een Tenerife<\/strong><\/h3>\n<ul>\n<li>B\u0103uturi nelimitate \u0219i gust\u0103ri gourmet pentru toate v\u00e2rstele.<\/li>\n<li>Un echipaj prietenos, multilingv, gata s\u0103 v\u0103 ajute, inclusiv un c\u0103pitan \u0219i o chelneri\u021b\u0103.<\/li>\n<li>Echipamente de snorkeling \u0219i pl\u0103ci de paddleboard de calitate superioar\u0103 pentru distrac\u021bie f\u0103r\u0103 sf\u00e2r\u0219it.<\/li>\n<\/ul>\n<h3>\ud83d\udccd <strong>\u00cencepe\u021bi aventura dvs. de \u00eenchiriere de b\u0103rci Tenerife la Las Galletas<\/strong><\/h3>\n<p><a href=\"https:\/\/www.google.com\/maps\/place\/Marina+del+Sur+Tenerife.+Puerto+de+Las+Galletas.\/@28.0069667,-16.6636839,16z\/data=!3m1!4b1!4m6!3m5!1s0xc6aa271048d957b:0x66913daf70f663b3!8m2!3d28.006962!4d-16.661109!16s%2Fg%2F1tfzyr98?entry=tts\" target=\"_blank\" rel=\"noopener\">Las Galletas<\/a> este poarta de acces la cea mai bun\u0103 c\u0103l\u0103torie cu iahturi private din Tenerife, oferind o parcare ampl\u0103 pentru o experien\u021b\u0103 f\u0103r\u0103 stres.<\/p>\n<h4>\ud83d\udcdc <strong>Rezervare f\u0103r\u0103 efort \u0219i politici clare<\/strong><\/h4>\n<p>CanaryVIP asigur\u0103 un proces de rezervare f\u0103r\u0103 probleme, cu politici transparente:<\/p>\n<ul>\n<li><strong>Garan\u021bia meteo:<\/strong> Reprograma\u021bi sau primi\u021bi o rambursare integral\u0103 \u00een cazul \u00een care vremea este nefavorabil\u0103.<\/li>\n<li><strong>Anulare flexibil\u0103:<\/strong> Anula\u021bi cu p\u00e2n\u0103 la 5 zile \u00eenainte de c\u0103l\u0103torie pentru o rambursare integral\u0103, cu 3-5 zile pentru 70% \u0219i \u00een termen de 1-3 zile pentru 35%.<\/li>\n<li><strong>Bilete cu acces u\u0219or:<\/strong> \u021aine\u021bi la \u00eendem\u00e2n\u0103 cartea de \u00eembarcare pe telefon pentru o \u00eembarcare f\u0103r\u0103 probleme.<\/li>\n<li><strong>\u00cengrijire cuprinz\u0103toare:<\/strong> \u00cen cazul \u00een care trebuie s\u0103 \u00eencheia\u021bi c\u0103l\u0103toria mai devreme, echipajul v\u0103 va ajuta (de\u0219i nu exist\u0103 posibilitatea de rambursare).<\/li>\n<li><strong>Flexibilitatea pl\u0103\u021bilor:<\/strong> Alege\u021bi op\u021biunea de plat\u0103 care vi se potrive\u0219te cel mai bine.<\/li>\n<\/ul>\n<p>Rezerva\u021bi-v\u0103 croaziera Valkyrie Yacht cu CanaryVIP ast\u0103zi pentru a \u00eenchiria o barc\u0103 \u00een Tenerife \u0219i experimenta\u021bi un charter privat de iahturi ca niciodat\u0103 \u00eenainte, debloc\u00e2nd momente de neuitat pe mare.<\/p>","protected":false},"excerpt":{"rendered":"<p>\ud83d\udd0d <strong>Valkyrie Yacht Charter:<\/strong><br \/>\n\u2705 Plat\u0103 sigur\u0103.<br \/>\n\ud83d\udd10 Tururi private.<br \/>\n\ud83d\udee5\ufe0f 15 metru Yacht.<br \/>\n\u23f3 Tururi zilnice de 3-8h.<br \/>\n\ud83d\udd59 Orele de plecare personalizabile.<br \/>\n\ud83c\udf74 Mese \u0219i b\u0103uturi incluse.<br \/>\n\ud83d\udc65 P\u00e2n\u0103 la 10 persoane.<br \/>\n\ud83c\udfc4\u200d\u2640\ufe0f Pl\u0103ci cu v\u00e2sle incluse.<br \/>\n\ud83e\udd3f Se ofer\u0103 echipament de snorkel.<br \/>\n\ud83d\udd0a Red\u0103-\u021bi muzica.<br \/>\n\ud83d\ude97 Serviciu de transport inclus.<br \/>\n\ud83e\udd11 Cel mai bun pre\u021b garantat.<br \/>\n\ud83d\udc6a Reduceri activate.<br \/>\n\ud83d\udd01 Anulare de p\u00e2n\u0103 la 5 zile.<br \/>\n\ud83c\udf0d Multilingual Crew.<br \/>\n\ud83c\udf1f Rezerva\u021bi din timp \u0219i economisi\u021bi!<br \/>\n\ud83d\udccd Plecare din <a href=\"https:\/\/www.google.com\/maps\/place\/Marina+del+Sur+Tenerife.+Puerto+de+Las+Galletas.\/@28.0069667,-16.6636839,16z\/data=!3m1!4b1!4m6!3m5!1s0xc6aa271048d957b:0x66913daf70f663b3!8m2!3d28.006962!4d-16.661109!16s%2Fg%2F1tfzyr98?entry=tts\">Las Galletas<\/a>.<\/p>","protected":false},"featured_media":11387,"comment_status":"open","ping_status":"closed","template":"","meta":{"_acf_changed":false},"product_brand":[],"product_cat":[47],"product_tag":[],"class_list":{"0":"post-11386","1":"product","2":"type-product","3":"status-publish","4":"has-post-thumbnail","6":"product_cat-boat-hire-tenerife","7":"wcpa_has_options","9":"first","10":"instock","11":"virtual","12":"purchasable","13":"product-type-simple"},"acf":[],"wcpa_form_fields":{"wcpaData":{"product":{"product_price":750,"price_html":"From&nbsp;<span class=\"woocommerce-Price-amount amount\"><bdi>750,00&nbsp;<span class=\"woocommerce-Price-currencySymbol\">&euro;<\/span><\/bdi><\/span>","original_product_price":750,"price_including_tax":750,"price_excluding_tax":750,"product_id":{"parent":11386,"variation":false},"is_variable":false,"stock_status":"instock","stock_quantity":null,"parent_sku":"CV11386","product_attributes":[],"custom_fields":[],"is_taxable":false,"product_name":"Valkyrie Boat Hire Tenerife","hasImage":false},"fields":{"sec_16638eb5b2356a":{"extra":{"key":"sec_16638eb5b2356a","section_id":"sec_16638eb5b2356a","name":"Default","status":1,"cl_rule":"show","enableCl":false,"relations":[],"toggle":true,"title_tag":"h3","show_title":false,"showPrice":"default","form_id":11397,"form_rules":{"exclude_from_discount":true,"fee_label":"Fee","disp_hide_options_price":true,"disp_show_section_price":false,"disp_show_field_price":true,"layout_option":"standard","pric_use_as_fee":false,"process_fee_as":"woo_fee"},"layout_option":"standard"},"fields":[[{"label":"\ud83d\udcc5 Date","active":true,"required":true,"elementId":"date_06638eb5b2358a","picker_type":"custom","picker_mode":"single","placeholder":"","description":"","tooltip":"","name":"date_06638eb5b2358a","label_position":"default","desc_position":"default","enablePrice":false,"className":"","enableCl":false,"relations":[{"operator":"and","rules":[{"operator":"AND","rules":{"cl_field":"radio-group_565c78ffa81208","cl_relation":"is","cl_val":"3 Hour Trip"}}]}],"date_pic_inline":true,"date_pic_inline_hide":true,"min_date":{"type":"days","val":"2"},"max_date":{"type":"days","val":"365"},"date_pic_conf":{"disabledWeeks":[]},"price":"","cl_rule":"show","col":6,"type":"date","error":false,"enableDesign":false,"LabelColor":"","gt_translate_keys":["label","placeholder","description","tooltip"],"price_dependency":false,"cl_dependency":false,"value":""}],[{"contentType":"rich","active":true,"label":"","elementId":"content_86638eb5b23598","value":"<p>\ud83c\udf9f\ufe0f <strong>Reservation<\/strong>: Pay only a deposit now to reserve; the rest is due on the day of the activity upon arrival.<\/p>","inline":false,"name":"content_86638eb5b23598","enablePrice":false,"className":"","subtype":"p","enableCl":false,"relations":false,"price":"","cl_rule":"show","col":6,"type":"content","error":false,"pricingType":"custom","isTemplate":false,"is_show_price":true,"show_in_checkout":true,"gt_translate_keys":["label","value"],"price_dependency":false,"cl_dependency":false}],[{"elementId":"separator_56638eb5b235a4","separatorType":"blank","className":"","height":"3","enableCl":false,"relations":false,"cl_rule":"show","col":6,"type":"separator","error":false,"gt_translate_keys":[],"price_dependency":false,"cl_dependency":false,"value":""}],[{"active":true,"col":6,"relations":false,"cl_rule":"show","enableCl":false,"price":"","enablePrice":true,"className":"","label_position":"default","desc_position":"default","type":"select","required":true,"elementId":"select_56638eb5b235ae","label":"\u23f3 Trip Duration","name":"select_56638eb5b235ae","values":[{"label":"3 Hours (750\u20ac)","value":"1","selected":false,"tempId":"aco_556","price":"750","gt_translate_keys":["label"]},{"label":"5 Hours (1.150\u20ac)","value":"2","selected":false,"tempId":"aco_640","price":"1150","gt_translate_keys":["label"]},{"label":"8 Hours (1.600\u20ac)","value":"3","selected":false,"tempId":"aco_660","price":"1600","gt_translate_keys":["label"]}],"dropdown_type":"basic","error":false,"placeholder":"Select Trip Duration","priceOptions":"different_for_all","pricingType":"fixed","is_show_price":true,"gt_translate_keys":["label","placeholder"],"price_dependency":["content_86638eb5b235c3"],"cl_dependency":false,"value":""}],[{"elementId":"separator_86638eb5b235b9","separatorType":"fill","className":"","height":"6","enableCl":false,"relations":false,"cl_rule":"show","col":6,"type":"separator","error":false,"separatorColor":"#66a6b6","gt_translate_keys":[],"price_dependency":false,"cl_dependency":false,"value":""}],[{"active":true,"col":6,"relations":false,"cl_rule":"show","enableCl":false,"price":"{field.select_56638eb5b235ae.price}","enablePrice":true,"className":"","label_position":"default","desc_position":"default","type":"content","required":false,"elementId":"content_86638eb5b235c3","label":"Deposit Payment","name":"content_86638eb5b235c3","contentType":"plain","value":"","error":false,"pricingType":"custom","isTemplate":true,"is_show_price":false,"enableDesign":true,"scrollBar":false,"use_as_fee":false,"fee_label":"Payment Now","inline":true,"show_in_checkout":true,"subtype":"div","formulaId":"fmla_1718295979528641619","LabelSize":"14px","gt_translate_keys":["label","value"],"price_dependency":["content_36638eb5b235d5"],"cl_dependency":false}],[{"contentType":"plain","active":true,"label":"Payment at Arrival","elementId":"content_36638eb5b235cc","value":"","inline":true,"show_in_checkout":true,"name":"content_36638eb5b235cc","enablePrice":true,"className":"","fee_label":"Payment at Arrival","subtype":"div","enableCl":false,"relations":false,"scrollBar":false,"enableDesign":true,"pricingType":"custom","isTemplate":true,"price":"({field.radio-group_965c78ffa8129a.quantity}*22) + ({field.radio-group_865c78ffa812a3.quantity}*11)","use_as_fee":false,"is_show_price":true,"cl_rule":"show","col":6,"type":"content","error":false,"formulaId":"fmla_1718296441738487083","LabelSize":"14px","gt_translate_keys":["label","value"],"price_dependency":["content_36638eb5b235d5"],"cl_dependency":false}],[{"contentType":"plain","active":true,"label":"Total Price","elementId":"content_36638eb5b235d5","value":"","inline":true,"show_in_checkout":true,"name":"content_36638eb5b235d5","enablePrice":true,"className":"","fee_label":"Payment at Arrival","subtype":"div","enableCl":false,"relations":false,"scrollBar":false,"enableDesign":true,"LabelSize":"14px","pricingType":"custom","isTemplate":false,"price":"({field.content_86638eb5b235c3.price}) + ({field.content_36638eb5b235cc.price})","formulaId":"fmla_1708360988969136756","use_as_fee":false,"is_show_price":true,"cl_rule":"show","col":6,"type":"content","error":false,"gt_translate_keys":["label","value"],"price_dependency":false,"cl_dependency":false}]]},"sec_26638eb5b235d6":{"extra":{"key":"sec_26638eb5b235d6","section_id":"sec_26638eb5b235d6","name":"Pickup Location","status":1,"cl_rule":"show","enableCl":false,"relations":[],"toggle":true,"title_tag":"h4","show_title":false,"showPrice":"default","form_id":11397,"form_rules":{"exclude_from_discount":true,"fee_label":"Fee","disp_hide_options_price":true,"disp_show_section_price":false,"disp_show_field_price":true,"layout_option":"standard","pric_use_as_fee":false,"process_fee_as":"woo_fee"},"layout_option":"standard"},"fields":[[{"elementId":"separator_36638eb5b235e0","separatorType":"blank","className":"","height":"3","enableCl":false,"relations":false,"cl_rule":"show","col":6,"type":"separator","error":false,"gt_translate_keys":[],"price_dependency":false,"cl_dependency":false,"value":""}],[{"active":true,"col":6,"relations":[{"operator":false,"rules":[{"operator":"AND","rules":{"cl_field":"radio-group_565c78ffa81208","cl_relation":"is","cl_val":"3 Hour Trip"}}]}],"cl_rule":"show","enableCl":false,"price":"","enablePrice":false,"className":"","label_position":"default","desc_position":"default","type":"select","required":false,"elementId":"select_36638eb5b235e9","label":"\u23f0 Departure","name":"select_36638eb5b235e9","values":[{"label":"09:00","value":"09:00","selected":false,"tempId":"aco_1471","gt_translate_keys":["label"]},{"label":"10:00","value":"10:00","selected":false,"tempId":"aco_1472","gt_translate_keys":["label"]},{"label":"11:00","value":"11:00","selected":false,"tempId":"aco_1500","gt_translate_keys":["label"]},{"label":"12:00","value":"12:00","selected":false,"tempId":"aco_1510","gt_translate_keys":["label"]},{"label":"13:00 (1:00 PM)","value":"13:00","selected":false,"tempId":"aco_1520","gt_translate_keys":["label"]},{"label":"14:00 (2:00 PM)","value":"14:00","selected":false,"tempId":"aco_1728","gt_translate_keys":["label"]},{"label":"15:00 (3:00 PM)","value":"15:00","selected":false,"tempId":"aco_1738","gt_translate_keys":["label"]}],"dropdown_type":"basic","error":false,"placeholder":"Whichever Time is Best","gt_translate_keys":["label","placeholder"],"price_dependency":false,"cl_dependency":false,"value":""}],[{"elementId":"separator-9240792349","separatorType":"blank","className":"","height":"1","enableCl":false,"relations":false,"cl_rule":"show","col":6,"type":"separator","gt_translate_keys":[],"price_dependency":false,"cl_dependency":false,"value":""}],[{"label":"\u2705 Number of People","active":true,"required":true,"elementId":"select-6395569238","dropdown_type":"basic","placeholder":"Select Number of People","name":"select-6395569238","label_position":"default","desc_position":"default","enablePrice":false,"className":"","enableCl":false,"relations":[{"operator":false,"rules":[{"operator":"AND","rules":{"cl_field":"radio-group_565c78ffa81208","cl_relation":"is","cl_val":"3 Hour Trip"}}]}],"values":[{"label":"1 person","value":"1","selected":false,"tempId":"aco_1471","gt_translate_keys":["label"]},{"label":"2 people","value":"2","selected":false,"tempId":"aco_1472","gt_translate_keys":["label"]},{"label":"3 people","value":"3","selected":false,"tempId":"aco_1500","gt_translate_keys":["label"]},{"label":"4 people","value":"4","selected":false,"tempId":"aco_1510","gt_translate_keys":["label"]},{"label":"5 people","value":"5","selected":false,"tempId":"aco_1520","gt_translate_keys":["label"]},{"label":"6 people","value":"6","selected":false,"tempId":"aco_1728","gt_translate_keys":["label"]},{"label":"7 people","value":"7","selected":false,"tempId":"aco_1738","gt_translate_keys":["label"]},{"label":"8 people","value":"8","selected":false,"tempId":"aco_1748","gt_translate_keys":["label"]},{"label":"9 people","value":"9","selected":false,"tempId":"aco_1912","gt_translate_keys":["label"]},{"label":"10 people","value":"10","selected":false,"tempId":"aco_1922","gt_translate_keys":["label"]}],"price":"","cl_rule":"show","col":6,"type":"select","error":false,"gt_translate_keys":["label","placeholder"],"price_dependency":false,"cl_dependency":false,"value":""}],[{"elementId":"separator-8246171731","separatorType":"blank","className":"","height":"1","enableCl":false,"relations":false,"cl_rule":"show","col":6,"type":"separator","error":false,"gt_translate_keys":[],"price_dependency":false,"cl_dependency":false,"value":""}],[{"active":true,"col":6,"relations":false,"cl_rule":"show","enableCl":false,"price":"","enablePrice":false,"className":"","label_position":"default","desc_position":"default","type":"text","subtype":"text","required":false,"elementId":"text_1786063067","label":"\ud83d\ude8c Pickup Location","name":"text_1786063067","value":"","error":false,"description":"Free pick-up service in Tenerife South. Simply provide your address or hotel name.","gt_translate_keys":["label","description","value"],"price_dependency":false,"cl_dependency":false}]]}},"config":{"price_override":"always","enable_recaptcha":false,"bind_quantity":false,"quantity_bind_formula":false,"disp_summ_show_option_price":true,"disp_summ_show_product_price":false,"disp_summ_show_total_price":false,"disp_summ_show_fee":true,"disp_summ_show_discount":true,"summary_title":"","options_total_label":"Options Price","total_label":"Deposit Amount","options_product_label":"Product Price","fee_label":"Fee","discount_label":"Discount","has_price":true,"has_quantity_formula":false},"mc_unit":1,"tax_rate":1,"tax_rate_real":1,"discount":{"percentage":0,"fixed":0},"design":{"conf":{"LabelPosition":"above","DescPosition":"above","UploadField":"custom_1","QuantityFieldStyle":"custom_1"},"css":{"LeftLabelWidth":"120px"}},"formulas":{"fmla_1718295979528641619":"(({field.select_56638eb5b235ae.value}>=3)?(400):(({field.select_56638eb5b235ae.value}>=2)?(300):(({field.select_56638eb5b235ae.value}>=1)?(210):(0))))","fmla_1718296441738487083":"(({field.select_56638eb5b235ae.value}>=3)?(1200):(({field.select_56638eb5b235ae.value}>=2)?(850):(({field.select_56638eb5b235ae.value}>=1)?(540):(0))))"},"lookuptables":[],"clones":false,"cartKey":false}},"_links":{"self":[{"href":"https:\/\/canaryvip.com\/ro\/wp-json\/wp\/v2\/product\/11386","targetHints":{"allow":["GET"]}}],"collection":[{"href":"https:\/\/canaryvip.com\/ro\/wp-json\/wp\/v2\/product"}],"about":[{"href":"https:\/\/canaryvip.com\/ro\/wp-json\/wp\/v2\/types\/product"}],"replies":[{"embeddable":true,"href":"https:\/\/canaryvip.com\/ro\/wp-json\/wp\/v2\/comments?post=11386"}],"wp:featuredmedia":[{"embeddable":true,"href":"https:\/\/canaryvip.com\/ro\/wp-json\/wp\/v2\/media\/11387"}],"wp:attachment":[{"href":"https:\/\/canaryvip.com\/ro\/wp-json\/wp\/v2\/media?parent=11386"}],"wp:term":[{"taxonomy":"product_brand","embeddable":true,"href":"https:\/\/canaryvip.com\/ro\/wp-json\/wp\/v2\/product_brand?post=11386"},{"taxonomy":"product_cat","embeddable":true,"href":"https:\/\/canaryvip.com\/ro\/wp-json\/wp\/v2\/product_cat?post=11386"},{"taxonomy":"product_tag","embeddable":true,"href":"https:\/\/canaryvip.com\/ro\/wp-json\/wp\/v2\/product_tag?post=11386"}],"curies":[{"name":"wp","href":"https:\/\/api.w.org\/{rel}","templated":true}]}}