{"id":11308,"date":"2024-04-16T23:45:59","date_gmt":"2024-04-16T22:45:59","guid":{"rendered":"https:\/\/canaryvip.com\/?post_type=product&#038;p=11308"},"modified":"2025-08-09T12:39:52","modified_gmt":"2025-08-09T11:39:52","slug":"banana-boat-tenerife","status":"publish","type":"product","link":"https:\/\/canaryvip.com\/ro\/shop\/banana-boat-tenerife\/","title":{"rendered":"Banana Boat Tenerife"},"content":{"rendered":"<h2><strong>\ud83c\udf4c Banana Boat Tenerife - Valuri \u0219i r\u00e2sete s\u0103lbatice<\/strong><\/h2>\n<p>Preg\u0103ti\u021bi-v\u0103 pentru un strop de distrac\u021bie cu <strong>Banana Boat Tenerife<\/strong> plimb\u0103ri! Ideale pentru familii \u0219i grupuri, aceste plimb\u0103ri combin\u0103 viteza, stropirile \u0219i r\u00e2setele pentru o zi memorabil\u0103 pe ap\u0103. Site-ul nostru <strong>Excursii cu barca cu banane<\/strong> sunt o modalitate atemporal\u0103 de a experimenta emo\u021bia m\u0103rii \u00een Costa Adeje.<\/p>\n<h3><strong>\ud83c\udf0a \u00cencepe-\u021bi aventura la Puerto Col\u00f3n<\/strong><\/h3>\n<ul>\n<li><strong>Lansare incitant\u0103:<\/strong> C\u0103l\u0103toria ta cu barca cu banane \u00eencepe la <a href=\"https:\/\/maps.app.goo.gl\/bkqEhAxsobcjz9wG9\" target=\"_blank\" rel=\"noopener\">Puerto Col\u00f3n,<\/a> unde ghizii no\u0219tri entuzia\u0219ti v\u0103 vor ura bun venit \u0219i v\u0103 vor oferi o scurt\u0103 informare de siguran\u021b\u0103 \u00eenainte de a v\u0103 urca pe emblematica plut\u0103 galben\u0103.<\/li>\n<li><strong>C\u0103l\u0103torie palpitant\u0103:<\/strong> Urca\u021bi-v\u0103 la bordul bananei gonflabile \u0219i \u021bine\u021bi-v\u0103 bine \u00een timp ce ambarca\u021biunea rapid\u0103 v\u0103 trage de-a lungul valurilor. Preg\u0103ti\u021bi-v\u0103 pentru scufund\u0103ri \u0219i lovituri \u00een timp ce r\u00e2de\u021bi \u0219i \u021bipa\u021bi de \u00eenc\u00e2ntare al\u0103turi de prieteni \u0219i familie!<\/li>\n<\/ul>\n<h3><strong>\u2728 Ce face ca plimb\u0103rile noastre cu barca cu banane s\u0103 fie speciale?<\/strong><\/h3>\n<ul>\n<li><strong>Distrac\u021bie accesibil\u0103:<\/strong> Doar 15 \u20ac de persoan\u0103 asigur\u0103 un loc la acest sport nautic popular, perfect \u0219i pentru grupuri. Este o excursie accesibil\u0103 \u0219i interesant\u0103 pentru toat\u0103 lumea!<\/li>\n<li><strong>Laud\u0103 consecvent\u0103:<\/strong> Ne m\u00e2ndrim cu bucuria \u0219i r\u00e2sul pe care le aduc plimb\u0103rile noastre, reflectate \u00een recenziile entuziaste ale c\u0103l\u0103re\u021bilor no\u0219tri. Distrac\u021bia dumneavoastr\u0103 este prioritatea noastr\u0103!<\/li>\n<li><strong>Rezerv\u0103ri flexibile:<\/strong> Schimbare de planuri? Pute\u021bi anula cu p\u00e2n\u0103 la 24 de ore \u00een avans pentru o rambursare complet\u0103 - angajamentul nostru de a v\u0103 satisface nevoile de vacan\u021b\u0103.<\/li>\n<\/ul>\n<h3><strong>\ud83d\ude80 Plimbare cu barca cu banane \u00een Tenerife<\/strong><\/h3>\n<ul>\n<li><strong>Dinamica de grup:<\/strong> Experimenta\u021bi emo\u021biile cu p\u00e2n\u0103 la 12 c\u0103l\u0103re\u021bi. Emo\u021bia colectiv\u0103 \u0219i reac\u021biile comune creeaz\u0103 o aventur\u0103 de neuitat.<\/li>\n<li><strong>\u00cen siguran\u021b\u0103:<\/strong> Echipajul nostru calificat asigur\u0103 o c\u0103l\u0103torie sigur\u0103 de la \u00eenceput p\u00e2n\u0103 la sf\u00e2r\u0219it, gestion\u00e2nd barca cu grij\u0103 de expert pentru a v\u0103 maximiza pl\u0103cerea \u0219i siguran\u021ba.<\/li>\n<\/ul>\n<h3><strong>\ud83c\udf1f Mai mult dec\u00e2t ni\u0219te b\u0103rci cu banane<\/strong><\/h3>\n<ul>\n<li>Extinde\u021bi-v\u0103 aventurile de sporturi nautice cu op\u021biuni precum <a href=\"https:\/\/canaryvip.com\/ro\/shop\/jetski-tenerife\/\">jet ski Tenerife<\/a>, <a href=\"https:\/\/canaryvip.com\/ro\/shop\/parasailing-tenerife\/\">parasailing Tenerife<\/a>, \u0219i chiar <a href=\"https:\/\/canaryvip.com\/ro\/tenerife\/boat-excursions\/\">tururi de observare a balenelor<\/a>, toate din aceea\u0219i loca\u021bie vibrant\u0103 din Puerto Col\u00f3n.<\/li>\n<\/ul>\n<h3>\ud83d\udcc5 <strong>Rezerva\u021bi-v\u0103 ast\u0103zi plimbarea cu barca cu banane \u00een Tenerife<\/strong><\/h3>\n<p>Fie c\u0103 sunte\u021bi \u00een c\u0103utare de emo\u021bie sau de o activitate de grup distractiv\u0103, plimb\u0103rile noastre cu b\u0103rcile cu banane ofer\u0103 combina\u021bia perfect\u0103 de ambele. Asigur\u0103-\u021bi un loc ast\u0103zi \u0219i preg\u0103te\u0219te-te pentru o experien\u021b\u0103 antrenant\u0103 pe ap\u0103.<\/p>\n<h3>\u2705 <strong>Ce este inclus \u00een plimbarea cu barca cu banane?<\/strong><\/h3>\n<ul>\n<li>Instruc\u021biuni complete de siguran\u021b\u0103 \u0219i veste de salvare pentru to\u021bi c\u0103l\u0103re\u021bii.<\/li>\n<li>O c\u0103l\u0103torie palpitant\u0103 de 10 minute.<\/li>\n<li>Fotografii ale aventurii dvs. disponibile pentru achizi\u021bionare, pentru a surprinde momentele pline de distrac\u021bie.<\/li>\n<\/ul>\n<h3><strong>\u2696\ufe0f Rezervare fiabil\u0103 \u0219i anulare u\u0219oar\u0103<\/strong><\/h3>\n<ul>\n<li><strong>Rezervare f\u0103r\u0103 efort:<\/strong> Rezerva\u021bi cu u\u0219urin\u021b\u0103 \u0219i s\u0103 \u0219ti\u021bi c\u0103 pute\u021bi anula cu p\u00e2n\u0103 la 24 de ore \u00eenainte, cu o rambursare integral\u0103 dac\u0103 v\u0103 schimba\u021bi planurile.<\/li>\n<li><strong>Toat\u0103 lumea este invitat\u0103:<\/strong> Adecvat pentru cei care caut\u0103 senza\u021bii tari cu v\u00e2rste cuprinse \u00eentre 10 \u0219i 65 de ani. Cursele noastre sunt concepute pentru a fi incluzive \u0219i pl\u0103cute pentru to\u021bi.<\/li>\n<\/ul>\n<h3><strong>\ud83c\udf92 Preg\u0103tirea pentru plimbare<\/strong><\/h3>\n<ul>\n<li><strong>Purta\u021bi un echipament adecvat:<\/strong> Vino \u00eembr\u0103cat \u00een costum de baie \u0219i fii gata s\u0103 te uzi! Nu uita\u021bi s\u0103 aduce\u021bi un prosop \u0219i crem\u0103 de protec\u021bie solar\u0103 pentru a v\u0103 proteja de soare.<\/li>\n<li><strong>P\u0103stra\u021bi obiectele de valoare \u00een siguran\u021b\u0103:<\/strong> L\u0103sa\u021bi pantofii \u0219i obiectele antiderapante \u00een cutiile noastre de depozitare securizate de la doc. Aduce\u021bi un aparat foto rezistent la ap\u0103 dac\u0103 dori\u021bi s\u0103 face\u021bi fotografii personale.<\/li>\n<li><strong>S\u0103n\u0103tate \u0219i siguran\u021b\u0103:<\/strong> Activitatea noastr\u0103 nu este potrivit\u0103 pentru persoanele \u00eens\u0103rcinate, dar este fantastic\u0103 pentru aproape oricine altcineva! Asigura\u021bi-v\u0103 c\u0103 sunte\u021bi preg\u0103ti\u021bi pentru o plimbare fizic\u0103.<\/li>\n<\/ul>\n<h3>\u2753 <strong>\u00centreb\u0103ri frecvente<\/strong><\/h3>\n<ul>\n<li><strong>Poate oricine s\u0103 participe la o plimbare cu Banana Boat?<\/strong> Da! Plimb\u0103rile noastre cu b\u0103rci cu banane sunt perfecte pentru orice persoan\u0103 cu v\u00e2rsta cuprins\u0103 \u00eentre 10 \u0219i 65 de ani. Nu sunt necesare cuno\u0219tin\u021be anterioare de \u00eenot, deoarece to\u021bi participan\u021bii vor fi echipa\u021bi cu veste de salvare.<\/li>\n<li><strong>La ce ar trebui s\u0103 m\u0103 a\u0219tept \u00een timpul cursei?<\/strong> A\u0219tepta\u021bi-v\u0103 s\u0103 fi\u021bi stropit, stropit \u0219i s\u0103 r\u00e2de\u021bi (\u00een spirit bun)! Este vorba de distrac\u021bie \u0219i de experimentarea emo\u021biei oceanului.<\/li>\n<\/ul>\n<h4><strong>\ud83c\udf1e E\u0219ti gata s\u0103 c\u0103l\u0103re\u0219ti?<\/strong><\/h4>\n<p>Scufund\u0103-te \u00een distrac\u021bie cu plimb\u0103rile noastre cu b\u0103rci cu banane la <strong>CanaryVIP.<\/strong> Rezerva\u021bi acum \u0219i preg\u0103ti\u021bi-v\u0103 s\u0103 face\u021bi valuri \u00een m\u0103rile frumoase din Tenerife!<\/p>","protected":false},"excerpt":{"rendered":"<p>\ud83d\udd0d <strong>Banana Boat Tenerife:<br \/>\n<\/strong>\u2705 Plat\u0103 sigur\u0103.<br \/>\n\ud83d\udc65 P\u00e2n\u0103 la 12 c\u0103l\u0103re\u021bi pe curs\u0103.<br \/>\n\ud83d\ude80 Cursele dureaz\u0103 10 minute.<br \/>\n\ud83c\udfde\ufe0f Curse de mare vitez\u0103.<br \/>\n\ud83d\udd59 Pe parcursul zilei.<br \/>\n\ud83d\udcc5 Disponibil zilnic.<br \/>\n\ud83e\udd11 Cel mai bun pre\u021b garantat.<br \/>\n\ud83d\udc6a Reduceri pentru grupuri.<br \/>\n\ud83d\udd01 Politic\u0103 de anulare \u00een 24 de ore.<br \/>\n\ud83c\udf0d Suport pentru mai multe limbi.<br \/>\n\ud83c\udf1f Rezerva\u021bi \u00een avans pentru a economisi.<br \/>\n\ud83d\udccd Plecare din <a href=\"https:\/\/maps.app.goo.gl\/bkqEhAxsobcjz9wG9\">Puerto Col\u00f3n<\/a>.<\/p>","protected":false},"featured_media":11311,"comment_status":"open","ping_status":"closed","template":"","meta":{"_acf_changed":false},"product_brand":[],"product_cat":[53],"product_tag":[],"class_list":{"0":"post-11308","1":"product","2":"type-product","3":"status-publish","4":"has-post-thumbnail","6":"product_cat-water-sports","7":"wcpa_has_options","9":"first","10":"instock","11":"virtual","12":"purchasable","13":"product-type-simple"},"acf":[],"wcpa_form_fields":{"wcpaData":{"product":{"product_price":18,"price_html":"From&nbsp;<span class=\"woocommerce-Price-amount amount\"><bdi>18,00&nbsp;<span class=\"woocommerce-Price-currencySymbol\">&euro;<\/span><\/bdi><\/span>","original_product_price":18,"price_including_tax":18,"price_excluding_tax":18,"product_id":{"parent":11308,"variation":false},"is_variable":false,"stock_status":"instock","stock_quantity":null,"parent_sku":"CV11308","product_attributes":[],"custom_fields":[],"is_taxable":false,"product_name":"Banana Boat Tenerife","hasImage":false},"fields":{"sec_7661f1665d94fb":{"extra":{"key":"sec_7661f1665d94fb","section_id":"sec_7661f1665d94fb","name":"Default","status":1,"cl_rule":"show","enableCl":false,"relations":[],"toggle":true,"title_tag":"h3","show_title":false,"showPrice":"default","form_id":11314,"form_rules":{"exclude_from_discount":true,"fee_label":"Fee","disp_hide_options_price":true,"disp_show_section_price":false,"disp_show_field_price":true,"layout_option":"standard","pric_use_as_fee":false,"process_fee_as":"woo_fee"},"layout_option":"standard"},"fields":[[{"label":"\ud83d\udcc5 Date","active":true,"required":true,"elementId":"date_3661f1665d951b","picker_type":"custom","picker_mode":"single","placeholder":"","description":"","tooltip":"","name":"date_3661f1665d951b","label_position":"default","desc_position":"default","enablePrice":false,"className":"","enableCl":false,"relations":[{"operator":"and","rules":[{"operator":"AND","rules":{"cl_field":"radio-group_5661bc90f5e8f5","cl_relation":"is_not_empty","cl_val":"3 Hour Trip"}}]}],"date_pic_inline":true,"date_pic_inline_hide":true,"min_date":{"type":"days","val":"1"},"max_date":{"type":"days","val":"365"},"date_pic_conf":{"disabledWeeks":[]},"price":"","cl_rule":"show","col":6,"type":"date","error":false,"enableDesign":false,"LabelColor":"","gt_translate_keys":["label","placeholder","description","tooltip"],"price_dependency":false,"cl_dependency":false,"value":""}],[{"active":true,"col":6,"relations":false,"cl_rule":"show","enableCl":false,"price":"","enablePrice":false,"className":"","label_position":"default","desc_position":"default","type":"select","required":true,"elementId":"select_3477053266","label":"\u23f0 Departure Time","name":"select_3477053266","values":[{"label":"Whichever Time is Best","value":"Whichever Time is Best","selected":false,"tempId":"aco_312","gt_translate_keys":["label"]},{"label":"10:30","value":"10:30","selected":false,"tempId":"aco_313","gt_translate_keys":["label"]},{"label":"11:30","value":"11:30","selected":false,"tempId":"aco_314","gt_translate_keys":["label"]},{"label":"12:30 ","value":"12:30","selected":false,"tempId":"aco_711","gt_translate_keys":["label"]},{"label":"13:30","value":"13:30","selected":false,"tempId":"aco_721","gt_translate_keys":["label"]},{"label":"14:30","value":"14:30","selected":false,"tempId":"aco_983","gt_translate_keys":["label"]},{"label":"15:30","value":"15:30","selected":false,"tempId":"aco_993","gt_translate_keys":["label"]},{"label":"16:30","value":"16:30","selected":false,"tempId":"aco_1183","gt_translate_keys":["label"]}],"dropdown_type":"basic","error":false,"multiple":false,"placeholder":"None","gt_translate_keys":["label","placeholder"],"price_dependency":false,"cl_dependency":false,"value":""}],[{"active":true,"col":6,"relations":[{"operator":false,"rules":[{"operator":"AND","rules":{"cl_field":"","cl_relation":"","cl_val":""}}]}],"cl_rule":"show","enableCl":true,"price":"18","enablePrice":true,"className":"","label_position":"default","desc_position":"default","type":"radio-group","required":false,"elementId":"radio-group_0661f1665d9537","label":"","name":"radio-group_0661f1665d9537","values":[{"label":"\ud83d\udc64 People (18\u20ac)","value":"People","selected":true,"tempId":"aco_32","tooltip":"","description":"","gt_translate_keys":["label","tooltip","description"]}],"layOut":"","error":false,"checkUi":"button","priceOptions":"fixed_for_all","pricingType":"fixed","enable_quantity":true,"quantity_label":"","min_quantity":"0","options_tooltip":true,"options_description":true,"is_show_price":true,"gt_translate_keys":["label","quantity_label"],"price_dependency":["content_2802764779","content-8155931385","content-8167489432"],"cl_dependency":false,"value":""}],[{"active":true,"col":6,"relations":false,"cl_rule":"show","enableCl":false,"price":"","enablePrice":false,"className":"","label_position":"default","desc_position":"default","type":"separator","required":false,"elementId":"separator_2804989181","label":"Separator Field","height":"6","separatorType":"fill","error":false,"separatorColor":"#66a5b6","gt_translate_keys":["label"],"price_dependency":false,"cl_dependency":false,"value":""}],[{"active":true,"col":6,"relations":false,"cl_rule":"show","enableCl":false,"price":"{field.radio-group_0661f1665d9537.price}*0.30","enablePrice":true,"className":"","label_position":"default","desc_position":"default","type":"content","required":false,"elementId":"content_2802764779","label":"Deposit Now","name":"content_2802764779","contentType":"plain","value":"","error":false,"subtype":"div","inline":true,"show_in_checkout":true,"pricingType":"custom","isTemplate":false,"gt_translate_keys":["label","value"],"price_dependency":false,"cl_dependency":false}],[{"contentType":"plain","active":true,"label":"Payment at Arrival","elementId":"content-8155931385","value":"","inline":true,"show_in_checkout":true,"name":"content-8155931385","enablePrice":true,"className":"","subtype":"div","enableCl":false,"relations":false,"pricingType":"custom","isTemplate":false,"price":"{field.radio-group_0661f1665d9537.price}*0.70","is_show_price":true,"cl_rule":"show","col":6,"type":"content","error":false,"gt_translate_keys":["label","value"],"price_dependency":false,"cl_dependency":false}],[{"contentType":"plain","active":true,"label":"Total Price","elementId":"content-8167489432","value":"","inline":true,"show_in_checkout":true,"name":"content-8167489432","enablePrice":true,"className":"","subtype":"div","enableCl":false,"relations":false,"pricingType":"custom","isTemplate":false,"price":"{field.radio-group_0661f1665d9537.price}","is_show_price":true,"cl_rule":"show","col":6,"type":"content","error":false,"gt_translate_keys":["label","value"],"price_dependency":false,"cl_dependency":false}]]}},"config":{"price_override":"always","enable_recaptcha":false,"bind_quantity":false,"quantity_bind_formula":false,"disp_summ_show_option_price":true,"disp_summ_show_product_price":false,"disp_summ_show_total_price":true,"disp_summ_show_fee":true,"disp_summ_show_discount":true,"summary_title":"","options_total_label":"Options Price","total_label":"Total Amount","options_product_label":"Product Price","fee_label":"Fee","discount_label":"Discount","has_price":true,"has_quantity_formula":false},"mc_unit":1,"tax_rate":1,"tax_rate_real":1,"discount":{"percentage":0,"fixed":0},"design":{"conf":{"LabelPosition":"above","DescPosition":"above","UploadField":"custom_1","QuantityFieldStyle":"custom_1"},"css":{"LeftLabelWidth":"120px"}},"formulas":[],"lookuptables":[],"clones":false,"cartKey":false}},"_links":{"self":[{"href":"https:\/\/canaryvip.com\/ro\/wp-json\/wp\/v2\/product\/11308","targetHints":{"allow":["GET"]}}],"collection":[{"href":"https:\/\/canaryvip.com\/ro\/wp-json\/wp\/v2\/product"}],"about":[{"href":"https:\/\/canaryvip.com\/ro\/wp-json\/wp\/v2\/types\/product"}],"replies":[{"embeddable":true,"href":"https:\/\/canaryvip.com\/ro\/wp-json\/wp\/v2\/comments?post=11308"}],"wp:featuredmedia":[{"embeddable":true,"href":"https:\/\/canaryvip.com\/ro\/wp-json\/wp\/v2\/media\/11311"}],"wp:attachment":[{"href":"https:\/\/canaryvip.com\/ro\/wp-json\/wp\/v2\/media?parent=11308"}],"wp:term":[{"taxonomy":"product_brand","embeddable":true,"href":"https:\/\/canaryvip.com\/ro\/wp-json\/wp\/v2\/product_brand?post=11308"},{"taxonomy":"product_cat","embeddable":true,"href":"https:\/\/canaryvip.com\/ro\/wp-json\/wp\/v2\/product_cat?post=11308"},{"taxonomy":"product_tag","embeddable":true,"href":"https:\/\/canaryvip.com\/ro\/wp-json\/wp\/v2\/product_tag?post=11308"}],"curies":[{"name":"wp","href":"https:\/\/api.w.org\/{rel}","templated":true}]}}