{"id":11303,"date":"2024-04-16T23:11:21","date_gmt":"2024-04-16T22:11:21","guid":{"rendered":"https:\/\/canaryvip.com\/?post_type=product&#038;p=11303"},"modified":"2025-08-09T12:40:39","modified_gmt":"2025-08-09T11:40:39","slug":"flyfish-tenerife","status":"publish","type":"product","link":"https:\/\/canaryvip.com\/ro\/shop\/flyfish-tenerife\/","title":{"rendered":"FlyFish Tenerife"},"content":{"rendered":"<h2><strong>\ud83c\udf0a FlyFish Tenerife - Plimbare pe valurile oceanului<\/strong><\/h2>\n<p>Preg\u0103ti\u021bi-v\u0103 pentru o experien\u021b\u0103 plin\u0103 de adrenalin\u0103 cu <strong>FlyFish Tenerife<\/strong> aventur\u0103! Sim\u021bi\u021bi adrenalina de a zbura deasupra m\u0103rii \u00een timp ce v\u0103 ag\u0103\u021ba\u021bi de pluta noastr\u0103 gonflabil\u0103 special conceput\u0103. Site-ul nostru <strong>FlyFish excursii de pescuit<\/strong> promite\u021bi o zi de neuitat de sporturi nautice de mare vitez\u0103 \u00een decorul minunat al Costa Adeje.<\/p>\n<h3><strong>\ud83d\udea4 \u00cencep\u00e2nd cu aventura ta FlyFish<\/strong><\/h3>\n<ul>\n<li><strong>Aventura \u00eencepe:<\/strong> C\u0103l\u0103toria ta \u00eencepe direct la <a href=\"https:\/\/maps.app.goo.gl\/bkqEhAxsobcjz9wG9\" target=\"_blank\" rel=\"noopener\">Puerto Col\u00f3n,<\/a>\u00a0punctul oficial de plecare pentru aventura dumneavoastr\u0103 FlyFish. La sosire, ve\u021bi face cuno\u0219tin\u021b\u0103 cu lumea palpitant\u0103 a FlyFish, ve\u021bi primi o informare complet\u0103 despre siguran\u021b\u0103 \u0219i v\u0103 ve\u021bi echipa pentru cursa palpitant\u0103 care v\u0103 a\u0219teapt\u0103.<\/li>\n<li><strong>Experien\u021ba FlyFish:<\/strong> Pune\u021bi-v\u0103 centura \u0219i \u021bine\u021bi-v\u0103 bine \u00een timp ce barca cu motor v\u0103 poart\u0103 pe valuri. Bucura\u021bi-v\u0103 de stropii de ap\u0103 de mare \u0219i de v\u00e2ntul pe fa\u021b\u0103 \u00een aceast\u0103 plimbare antrenant\u0103.<\/li>\n<\/ul>\n<p>&nbsp;<\/p>\n<h3><strong>\u2728 De ce s\u0103 alegi CanaryVIP pentru experien\u021ba ta de FlyFish?<\/strong><\/h3>\n<ul>\n<li><strong>Pre\u021buri competitive:<\/strong> Urca\u021bi-v\u0103 la bord pentru doar 45 \u20ac de persoan\u0103, cu tarife fantastice pentru grupuri \u0219i spectatori. Calitate \u0219i emo\u021bie la un pre\u021b imbatabil!<\/li>\n<li><strong>Elogiul clien\u021bilor:<\/strong> Renumi\u021bi pentru serviciile noastre excep\u021bionale, suntem m\u00e2ndri de recenziile excelente ale oaspe\u021bilor no\u0219tri. Experien\u021ba dvs. minunat\u0103 este obiectivul nostru!<\/li>\n<li><strong>Flexibilitatea rezerv\u0103rilor:<\/strong> Planurile s-au schimbat? Nu v\u0103 face\u021bi griji - anula\u021bi cu p\u00e2n\u0103 la 24 de ore \u00eenainte de c\u0103l\u0103torie pentru o rambursare integral\u0103 cu politica noastr\u0103 flexibil\u0103 de anulare.<\/li>\n<\/ul>\n<h3><strong>\ud83d\ude80 Zbor mare cu FlyFish Tenerife<\/strong><\/h3>\n<ul>\n<li><strong>Plimb\u0103ri antrenante:<\/strong> FlyFish v\u0103 va duce \u00eentr-o plimbare s\u0103lbatic\u0103 deasupra apelor din Playa de Las Am\u00e9ricas, zbur\u00e2nd \u0219i scufund\u00e2ndu-se cu valurile timp de aproximativ 10 minute palpitante.<\/li>\n<li><strong>\u00cendrumare de specialitate:<\/strong> Instructorii no\u0219tri califica\u021bi v\u0103 asigur\u0103 o experien\u021b\u0103 sigur\u0103 \u0219i memorabil\u0103, ghid\u00e2ndu-v\u0103 f\u0103r\u0103 probleme de la \u00eenceput p\u00e2n\u0103 la sf\u00e2r\u0219it.<\/li>\n<\/ul>\n<h3><strong>\ud83c\udf1f Mai mult dec\u00e2t doar FlyFish<\/strong><\/h3>\n<ul>\n<li>C\u0103uta\u021bi mai mult? Oferim o gam\u0103 larg\u0103 de <a href=\"https:\/\/canaryvip.com\/ro\/tenerife\/water-sports\/\">activit\u0103\u021bi nautice \u00een Tenerife,<\/a>\u00a0de la <a href=\"https:\/\/canaryvip.com\/ro\/shop\/jetski-tenerife\/\">schi cu jet ski<\/a> p\u00e2n\u0103 la parasailing, asigur\u00e2ndu-se c\u0103 exist\u0103 \u00eentotdeauna ceva nou de \u00eencercat.<\/li>\n<li>Aventurile noastre nu se limiteaz\u0103 la Tenerife - consulta\u021bi ofertele noastre din Gran Canaria pentru \u0219i mai mult\u0103 distrac\u021bie \u00een ap\u0103!<\/li>\n<\/ul>\n<h3>\ud83d\udcc5 <strong>Rezerva\u021bi-v\u0103 experien\u021ba FlyFish ast\u0103zi<\/strong><\/h3>\n<p>Nu rata\u021bi aceast\u0103 aventur\u0103 unic\u0103. Perfect\u0103 pentru cei care caut\u0103 adrenalina \u0219i pentru pasiona\u021bii de senza\u021bii tari care vor s\u0103 fac\u0103 o baie de mul\u021bime. Rezerva\u021bi-v\u0103 acum plimbarea cu FlyFish \u0219i ad\u0103uga\u021bi un strop de emo\u021bie vacan\u021bei dvs. \u00een Tenerife.<\/p>\n<h3>\u2705 <strong>Ce este inclus \u00een plimbarea dumneavoastr\u0103 FlyFish?<\/strong><\/h3>\n<ul>\n<li>Toate echipamentele de siguran\u021b\u0103 \u0219i o informare complet\u0103 \u00eenainte de plecare.<\/li>\n<li>O plimbare de 10 minute cu FlyFish care promite s\u0103 v\u0103 ridice adrenalina.<\/li>\n<li>Supervizare profesional\u0103 \u0219i oportunit\u0103\u021bi de fotografiere pentru a v\u0103 surprinde ispr\u0103vile \u00eendr\u0103zne\u021be (fotografiile pot fi achizi\u021bionate).<\/li>\n<\/ul>\n<h3><strong>\u2696\ufe0f Op\u021biuni de rezervare \u0219i anulare de \u00eencredere<\/strong><\/h3>\n<ul>\n<li><strong>Rezervare u\u0219oar\u0103:<\/strong> Rezerva\u021bi-v\u0103 locul cu u\u0219urin\u021b\u0103 \u0219i \u00eencredere, \u0219tiind c\u0103 pute\u021bi anula cu p\u00e2n\u0103 la 24 de ore \u00eenainte pentru o rambursare complet\u0103.<\/li>\n<li><strong>Experien\u021b\u0103 incluziv\u0103:<\/strong> \u00cei primim cu pl\u0103cere pe to\u021bi, de la c\u0103l\u0103torii singuri \u00een c\u0103utare de senza\u021bii tari p\u00e2n\u0103 la grupuri care doresc o excursie interesant\u0103. Spune\u021bi-ne preferin\u021bele dumneavoastr\u0103 \u0219i v\u0103 vom personaliza plimbarea.<\/li>\n<\/ul>\n<h3><strong>\ud83c\udf92 Preg\u0103ti\u021bi-v\u0103 pentru aventura dumneavoastr\u0103 FlyFish<\/strong><\/h3>\n<ul>\n<li><strong>Preg\u0103ti\u021bi-v\u0103 s\u0103 v\u0103 uda\u021bi:<\/strong> Purta\u021bi costum de baie, aduce\u021bi un prosop \u0219i aplica\u021bi crem\u0103 de protec\u021bie solar\u0103. Va fi o plimbare plin\u0103 de stropi!<\/li>\n<li><strong>Aparate foto esen\u021biale:<\/strong> Aduce\u021bi o camer\u0103 foto rezistent\u0103 la ap\u0103 sau un telefon cu o carcas\u0103 de protec\u021bie pentru a surprinde momentele FlyFish. P\u0103stra\u021bi-v\u0103 m\u00e2inile libere pentru a face cu m\u00e2na \u0219i a v\u0103 \u021bine bine!<\/li>\n<li><strong>Accesibilitate:<\/strong> Aceast\u0103 activitate este excelent\u0103 pentru orice persoan\u0103 cu v\u00e2rsta cuprins\u0103 \u00eentre 10 \u0219i 65 de ani. V\u0103 rug\u0103m s\u0103 re\u021bine\u021bi c\u0103 nu este potrivit\u0103 pentru femeile \u00eens\u0103rcinate sau pentru cei care nu se simt bine \u00een ap\u0103.<\/li>\n<\/ul>\n<h3>\u2753 <strong>\u00centreb\u0103ri frecvente<\/strong><\/h3>\n<ul>\n<li><strong>Cine poate participa la FlyFish Tenerife?<\/strong> Aventurierii cu v\u00e2rste cuprinse \u00eentre 10 \u0219i 65 de ani sunt bineveni\u021bi! Pentru siguran\u021b\u0103, este necesar\u0103 o capacitate de \u00eenot de baz\u0103.<\/li>\n<li><strong>C\u00e2t de sigur este FlyFish?<\/strong> Siguran\u021ba este prioritatea noastr\u0103. To\u021bi participan\u021bii sunt echipa\u021bi cu veste de salvare, iar echipa noastr\u0103 experimentat\u0103 este acolo pentru a asigura o experien\u021b\u0103 sigur\u0103 \u0219i pl\u0103cut\u0103.<\/li>\n<\/ul>\n<h4><strong>\ud83c\udf1e E\u0219ti gata s\u0103 faci un Splash?<\/strong><\/h4>\n<p>Experimenta\u021bi emo\u021bia de FlyFish \u00een Tenerife cu <strong>CanaryVIP.<\/strong> Rezerv\u0103-\u021bi aventura ast\u0103zi \u0219i preg\u0103te\u0219te-te pentru o plimbare de neuitat la mare vitez\u0103 pe suprafa\u021ba oceanului!<\/p>","protected":false},"excerpt":{"rendered":"<p>\ud83d\udd0d <strong>FlyFish Tenerife:<\/strong><br \/>\n\u2705 Plat\u0103 sigur\u0103.<br \/>\n\ud83d\udc65 P\u00e2n\u0103 la 3 c\u0103l\u0103re\u021bi pe curs\u0103.<br \/>\n\ud83d\ude80 Plimb\u0103rile dureaz\u0103 aproximativ 10 minute.<br \/>\n\ud83c\udfde\ufe0f Ac\u021biune de mare vitez\u0103 a apei.<br \/>\n\ud83d\udd59 Disponibil pe tot parcursul zilei.<br \/>\n\ud83d\udcc5 Plimb\u0103ri disponibile zilnic.<br \/>\n\ud83e\udd11 Cel mai bun pre\u021b garantat.<br \/>\n\ud83d\udc6a Reduceri pentru grupuri.<br \/>\n\ud83d\udd01 Politic\u0103 de anulare \u00een 24 de ore.<br \/>\n\ud83c\udf0d Suport pentru mai multe limbi.<br \/>\n\ud83c\udf1f Rezerva\u021bi \u00een avans pentru a economisi.<br \/>\n\ud83d\udccd Plecare din <a href=\"https:\/\/maps.app.goo.gl\/bkqEhAxsobcjz9wG9\">Puerto Col\u00f3n.<\/a><\/p>","protected":false},"featured_media":11317,"comment_status":"open","ping_status":"closed","template":"","meta":{"_acf_changed":false},"product_brand":[],"product_cat":[53],"product_tag":[],"class_list":{"0":"post-11303","1":"product","2":"type-product","3":"status-publish","4":"has-post-thumbnail","6":"product_cat-water-sports","7":"wcpa_has_options","9":"first","10":"instock","11":"virtual","12":"purchasable","13":"product-type-simple"},"acf":[],"wcpa_form_fields":{"wcpaData":{"product":{"product_price":18,"price_html":"From&nbsp;<span class=\"woocommerce-Price-amount amount\"><bdi>18,00&nbsp;<span class=\"woocommerce-Price-currencySymbol\">&euro;<\/span><\/bdi><\/span>","original_product_price":18,"price_including_tax":18,"price_excluding_tax":18,"product_id":{"parent":11303,"variation":false},"is_variable":false,"stock_status":"instock","stock_quantity":null,"parent_sku":"CV11303","product_attributes":[],"custom_fields":[],"is_taxable":false,"product_name":"FlyFish Tenerife","hasImage":false},"fields":{"sec_7661f1665d94fb":{"extra":{"key":"sec_7661f1665d94fb","section_id":"sec_7661f1665d94fb","name":"Default","status":1,"cl_rule":"show","enableCl":false,"relations":[],"toggle":true,"title_tag":"h3","show_title":false,"showPrice":"default","form_id":11314,"form_rules":{"exclude_from_discount":true,"fee_label":"Fee","disp_hide_options_price":true,"disp_show_section_price":false,"disp_show_field_price":true,"layout_option":"standard","pric_use_as_fee":false,"process_fee_as":"woo_fee"},"layout_option":"standard"},"fields":[[{"label":"\ud83d\udcc5 Date","active":true,"required":true,"elementId":"date_3661f1665d951b","picker_type":"custom","picker_mode":"single","placeholder":"","description":"","tooltip":"","name":"date_3661f1665d951b","label_position":"default","desc_position":"default","enablePrice":false,"className":"","enableCl":false,"relations":[{"operator":"and","rules":[{"operator":"AND","rules":{"cl_field":"radio-group_5661bc90f5e8f5","cl_relation":"is_not_empty","cl_val":"3 Hour Trip"}}]}],"date_pic_inline":true,"date_pic_inline_hide":true,"min_date":{"type":"days","val":"1"},"max_date":{"type":"days","val":"365"},"date_pic_conf":{"disabledWeeks":[]},"price":"","cl_rule":"show","col":6,"type":"date","error":false,"enableDesign":false,"LabelColor":"","gt_translate_keys":["label","placeholder","description","tooltip"],"price_dependency":false,"cl_dependency":false,"value":""}],[{"active":true,"col":6,"relations":false,"cl_rule":"show","enableCl":false,"price":"","enablePrice":false,"className":"","label_position":"default","desc_position":"default","type":"select","required":true,"elementId":"select_3477053266","label":"\u23f0 Departure Time","name":"select_3477053266","values":[{"label":"Whichever Time is Best","value":"Whichever Time is Best","selected":false,"tempId":"aco_312","gt_translate_keys":["label"]},{"label":"10:30","value":"10:30","selected":false,"tempId":"aco_313","gt_translate_keys":["label"]},{"label":"11:30","value":"11:30","selected":false,"tempId":"aco_314","gt_translate_keys":["label"]},{"label":"12:30 ","value":"12:30","selected":false,"tempId":"aco_711","gt_translate_keys":["label"]},{"label":"13:30","value":"13:30","selected":false,"tempId":"aco_721","gt_translate_keys":["label"]},{"label":"14:30","value":"14:30","selected":false,"tempId":"aco_983","gt_translate_keys":["label"]},{"label":"15:30","value":"15:30","selected":false,"tempId":"aco_993","gt_translate_keys":["label"]},{"label":"16:30","value":"16:30","selected":false,"tempId":"aco_1183","gt_translate_keys":["label"]}],"dropdown_type":"basic","error":false,"multiple":false,"placeholder":"None","gt_translate_keys":["label","placeholder"],"price_dependency":false,"cl_dependency":false,"value":""}],[{"active":true,"col":6,"relations":[{"operator":false,"rules":[{"operator":"AND","rules":{"cl_field":"","cl_relation":"","cl_val":""}}]}],"cl_rule":"show","enableCl":true,"price":"18","enablePrice":true,"className":"","label_position":"default","desc_position":"default","type":"radio-group","required":false,"elementId":"radio-group_0661f1665d9537","label":"","name":"radio-group_0661f1665d9537","values":[{"label":"\ud83d\udc64 People (18\u20ac)","value":"People","selected":true,"tempId":"aco_32","tooltip":"","description":"","gt_translate_keys":["label","tooltip","description"]}],"layOut":"","error":false,"checkUi":"button","priceOptions":"fixed_for_all","pricingType":"fixed","enable_quantity":true,"quantity_label":"","min_quantity":"0","options_tooltip":true,"options_description":true,"is_show_price":true,"gt_translate_keys":["label","quantity_label"],"price_dependency":["content_2802764779","content-8155931385","content-8167489432"],"cl_dependency":false,"value":""}],[{"active":true,"col":6,"relations":false,"cl_rule":"show","enableCl":false,"price":"","enablePrice":false,"className":"","label_position":"default","desc_position":"default","type":"separator","required":false,"elementId":"separator_2804989181","label":"Separator Field","height":"6","separatorType":"fill","error":false,"separatorColor":"#66a5b6","gt_translate_keys":["label"],"price_dependency":false,"cl_dependency":false,"value":""}],[{"active":true,"col":6,"relations":false,"cl_rule":"show","enableCl":false,"price":"{field.radio-group_0661f1665d9537.price}*0.30","enablePrice":true,"className":"","label_position":"default","desc_position":"default","type":"content","required":false,"elementId":"content_2802764779","label":"Deposit Now","name":"content_2802764779","contentType":"plain","value":"","error":false,"subtype":"div","inline":true,"show_in_checkout":true,"pricingType":"custom","isTemplate":false,"gt_translate_keys":["label","value"],"price_dependency":false,"cl_dependency":false}],[{"contentType":"plain","active":true,"label":"Payment at Arrival","elementId":"content-8155931385","value":"","inline":true,"show_in_checkout":true,"name":"content-8155931385","enablePrice":true,"className":"","subtype":"div","enableCl":false,"relations":false,"pricingType":"custom","isTemplate":false,"price":"{field.radio-group_0661f1665d9537.price}*0.70","is_show_price":true,"cl_rule":"show","col":6,"type":"content","error":false,"gt_translate_keys":["label","value"],"price_dependency":false,"cl_dependency":false}],[{"contentType":"plain","active":true,"label":"Total Price","elementId":"content-8167489432","value":"","inline":true,"show_in_checkout":true,"name":"content-8167489432","enablePrice":true,"className":"","subtype":"div","enableCl":false,"relations":false,"pricingType":"custom","isTemplate":false,"price":"{field.radio-group_0661f1665d9537.price}","is_show_price":true,"cl_rule":"show","col":6,"type":"content","error":false,"gt_translate_keys":["label","value"],"price_dependency":false,"cl_dependency":false}]]}},"config":{"price_override":"always","enable_recaptcha":false,"bind_quantity":false,"quantity_bind_formula":false,"disp_summ_show_option_price":true,"disp_summ_show_product_price":false,"disp_summ_show_total_price":true,"disp_summ_show_fee":true,"disp_summ_show_discount":true,"summary_title":"","options_total_label":"Options Price","total_label":"Total Amount","options_product_label":"Product Price","fee_label":"Fee","discount_label":"Discount","has_price":true,"has_quantity_formula":false},"mc_unit":1,"tax_rate":1,"tax_rate_real":1,"discount":{"percentage":0,"fixed":0},"design":{"conf":{"LabelPosition":"above","DescPosition":"above","UploadField":"custom_1","QuantityFieldStyle":"custom_1"},"css":{"LeftLabelWidth":"120px"}},"formulas":[],"lookuptables":[],"clones":false,"cartKey":false}},"_links":{"self":[{"href":"https:\/\/canaryvip.com\/ro\/wp-json\/wp\/v2\/product\/11303","targetHints":{"allow":["GET"]}}],"collection":[{"href":"https:\/\/canaryvip.com\/ro\/wp-json\/wp\/v2\/product"}],"about":[{"href":"https:\/\/canaryvip.com\/ro\/wp-json\/wp\/v2\/types\/product"}],"replies":[{"embeddable":true,"href":"https:\/\/canaryvip.com\/ro\/wp-json\/wp\/v2\/comments?post=11303"}],"wp:featuredmedia":[{"embeddable":true,"href":"https:\/\/canaryvip.com\/ro\/wp-json\/wp\/v2\/media\/11317"}],"wp:attachment":[{"href":"https:\/\/canaryvip.com\/ro\/wp-json\/wp\/v2\/media?parent=11303"}],"wp:term":[{"taxonomy":"product_brand","embeddable":true,"href":"https:\/\/canaryvip.com\/ro\/wp-json\/wp\/v2\/product_brand?post=11303"},{"taxonomy":"product_cat","embeddable":true,"href":"https:\/\/canaryvip.com\/ro\/wp-json\/wp\/v2\/product_cat?post=11303"},{"taxonomy":"product_tag","embeddable":true,"href":"https:\/\/canaryvip.com\/ro\/wp-json\/wp\/v2\/product_tag?post=11303"}],"curies":[{"name":"wp","href":"https:\/\/api.w.org\/{rel}","templated":true}]}}