{"id":11298,"date":"2024-04-16T15:58:27","date_gmt":"2024-04-16T14:58:27","guid":{"rendered":"https:\/\/canaryvip.com\/?post_type=product&#038;p=11298"},"modified":"2025-08-09T12:41:31","modified_gmt":"2025-08-09T11:41:31","slug":"parasailing-tenerife","status":"publish","type":"product","link":"https:\/\/canaryvip.com\/ro\/shop\/parasailing-tenerife\/","title":{"rendered":"Parasailing Tenerife"},"content":{"rendered":"<h2><strong>\ud83e\ude82 Parasailing Tenerife - Plute\u0219te deasupra apelor de cristal<\/strong><\/h2>\n<p>Al\u0103tura\u021bi-v\u0103 nou\u0103 pentru un antrenant <strong>aventur\u0103 de parasailing \u00een Tenerife<\/strong> \u0219i experimenta\u021bi emo\u021bia de a zbura deasupra oceanului! Site-ul nostru <strong>Parasailing Tenerife excursii<\/strong> ofer\u0103 priveli\u0219ti uluitoare ale Costa Adeje dintr-o perspectiv\u0103 unic\u0103. Fie c\u0103 dori\u021bi s\u0103 zbura\u021bi singur sau cu prietenii, v\u0103 garant\u0103m o experien\u021b\u0103 de neuitat la \u00een\u0103l\u021bime.<\/p>\n<h3><strong>\ud83c\udf0a D\u0103 startul aventurii tale la Puerto Col\u00f3n<\/strong><\/h3>\n<ul>\n<li><strong>\u00cenceput binevenit:<\/strong> Aventura ta \u00eencepe la <a href=\"https:\/\/maps.app.goo.gl\/bkqEhAxsobcjz9wG9\" target=\"_blank\" rel=\"noopener\">Puerto Col\u00f3n,<\/a>\u00a0Costa Adeje, unde v\u0103 vor \u00eent\u00e2mpina ghizii no\u0219tri prieteno\u0219i. Ace\u0219tia v\u0103 vor echipa cu tot echipamentul necesar \u0219i v\u0103 vor explica la ce s\u0103 v\u0103 a\u0219tepta\u021bi \u00een timpul zborului.<\/li>\n<li><strong>Preg\u0103tirea zborului:<\/strong> Preg\u0103ti\u021bi-v\u0103 s\u0103 fi\u021bi bine fixa\u021bi de parasail \u00eenainte de a decola de pe platform\u0103. Sta\u021bi pe spate \u0219i bucura\u021bi-v\u0103 de senza\u021bia antrenant\u0103 de a v\u0103 ridica deasupra valurilor.<\/li>\n<\/ul>\n<h3><strong>\u2728 Ce face ca serviciul nostru de Parasailing Tenerife s\u0103 ias\u0103 \u00een eviden\u021b\u0103?<\/strong><\/h3>\n<ul>\n<li><strong>Excelen\u021b\u0103 la pre\u021buri accesibile:<\/strong> Bucura\u021bi-v\u0103 de pre\u021buri competitive \u00eencep\u00e2nd de la doar 45 \u20ac de persoan\u0103, cu tarife speciale pentru grupuri \u0219i spectatori. Experimenta\u021bi o aventur\u0103 de \u00eenalt\u0103 calitate f\u0103r\u0103 a v\u0103 rupe banca!<\/li>\n<li><strong>Satisfac\u021bia clien\u021bilor:<\/strong> Suntem m\u00e2ndri de reputa\u021bia noastr\u0103 stelar\u0103, sus\u021binut\u0103 de recenzii str\u0103lucitoare din partea unor aventurieri ca tine. Angajamentul nostru pentru calitate \u0219i emo\u021bie str\u0103luce\u0219te \u00een fiecare zbor.<\/li>\n<li><strong>Rezervare flexibil\u0103:<\/strong> Schimbare de planuri? Nicio problem\u0103. Anula\u021bi cu p\u00e2n\u0103 la 24 de ore \u00eenainte de aventur\u0103 pentru o rambursare complet\u0103, datorit\u0103 politicii noastre flexibile de anulare.<\/li>\n<li><strong>Expertiza profesional\u0103:<\/strong> Experien\u021ba vast\u0103 a echipei noastre \u00een parasailing asigur\u0103 o experien\u021b\u0103 sigur\u0103 \u0219i palpitant\u0103 de la \u00eenceput p\u00e2n\u0103 la sf\u00e2r\u0219it.<\/li>\n<\/ul>\n<h3><strong>\ud83d\ude80 Experimenta\u021bi emo\u021bia de Parasailing \u00een Tenerife<\/strong><\/h3>\n<ul>\n<li><strong>Zboruri panoramice:<\/strong> Plute\u0219te peste apele uimitoare din Puerto Colon \u0219i Playa de Las Am\u00e9ricas. Ve\u021bi petrece aproximativ 10 minute \u00een aer, bucur\u00e2ndu-v\u0103 de mediul senin \u0219i de priveli\u0219tile pitore\u0219ti.<\/li>\n<li><strong>Ateriz\u0103ri sigure:<\/strong> Profesioni\u0219tii no\u0219tri instrui\u021bi v\u0103 vor ghida la aterizare, eventual vor face o baie \u00een ap\u0103 pentru un strop juc\u0103u\u0219 \u00eenainte de a se \u00eentoarce \u00een siguran\u021b\u0103 la barc\u0103.<\/li>\n<\/ul>\n<h3><strong>\ud83c\udf1f Sporturi \u0219i aventuri nautice suplimentare<\/strong><\/h3>\n<ul>\n<li>Explora\u021bi dincolo de parasailing cu gama noastr\u0103 de <a href=\"https:\/\/canaryvip.com\/ro\/tenerife\/water-sports\/\">activit\u0103\u021bi nautice \u00een Tenerife.<\/a>\u00a0De la <a href=\"https:\/\/canaryvip.com\/ro\/shop\/jetski-tenerife\/\">schi cu jet ski<\/a> p\u00e2n\u0103 la sporturi acvatice mai lini\u0219tite, exist\u0103 ceva pentru toat\u0103 lumea.<\/li>\n<li>Vizita\u021bi Gran Canaria? Nu rata\u021bi aventurile noastre de parasailing \u0219i acolo!<\/li>\n<\/ul>\n<h3>\ud83d\udcc5 <strong>Rezerva\u021bi-v\u0103 ast\u0103zi turul de para\u0219utism \u00een Tenerife<\/strong><\/h3>\n<p>Plonja\u021bi \u00een cer cu aventurile noastre de Parasailing. Perfect pentru cei care caut\u0103 senza\u021bii tari \u0219i pentru cei care doresc s\u0103 se bucure de o priveli\u0219te unic\u0103 asupra coastelor din Tenerife. Asigur\u0103-\u021bi acum locul pentru o c\u0103l\u0103torie special\u0103 deasupra m\u0103rii.<\/p>\n<h3>\u2705 <strong>Ce este inclus \u00een aventura ta de Parasailing?<\/strong><\/h3>\n<ul>\n<li>Instruc\u021biuni complete de siguran\u021b\u0103 \u0219i toate echipamentele necesare.<\/li>\n<li>Durata zborului este de aproximativ 10 minute, iar durata total\u0103 a zborului este de aproximativ 40 de minute, inclusiv c\u0103l\u0103toria cu barca.<\/li>\n<li>Ghid \u0219i fotograf profesionist pentru a v\u0103 surprinde momentele (fotografii disponibile pentru achizi\u021bionare).<\/li>\n<\/ul>\n<h3><strong>\u2696\ufe0f Rezervare fiabil\u0103 \u0219i anulare u\u0219oar\u0103<\/strong><\/h3>\n<ul>\n<li><strong>Rezerv\u0103ri simple:<\/strong> Rezerva\u021bi cu \u00eencredere, \u0219tiind c\u0103 pute\u021bi anula cu p\u00e2n\u0103 la 24 de ore \u00eenainte pentru o rambursare integral\u0103 - perfect pentru cei care \u00ee\u0219i schimb\u0103 planurile de c\u0103l\u0103torie.<\/li>\n<li><strong>Accesibilitate pentru to\u021bi:<\/strong> Tururile noastre sunt concepute pentru a se potrivi tuturor, cu op\u021biuni de zbor solo, \u00een perechi sau \u00een trei. Discuta\u021bi preferin\u021bele dvs. cu ghidul nostru pentru a v\u0103 personaliza experien\u021ba.<\/li>\n<\/ul>\n<h3><strong>\ud83c\udf92 Sfaturi pentru un zbor fantastic<\/strong><\/h3>\n<ul>\n<li><strong>Ce s\u0103 poarte:<\/strong> V\u0103 recomand\u0103m costumele de baie, deoarece s-ar putea s\u0103 v\u0103 uda\u021bi pu\u021bin. Nu uita\u021bi crema de protec\u021bie solar\u0103 \u0219i un prosop!<\/li>\n<li><strong>Preg\u0103ti\u021bi pentru camer\u0103:<\/strong> Adu-\u021bi aparatul de fotografiat sau telefonul pentru a surprinde priveli\u0219tile uimitoare - dar ai grij\u0103 s\u0103 nu-l scapi!<\/li>\n<li><strong>S\u0103n\u0103tate \u0219i siguran\u021b\u0103:<\/strong> De\u0219i parasailingul este o activitate u\u0219oar\u0103, potrivit\u0103 pentru toate v\u00e2rstele, nu este recomandat\u0103 femeilor \u00eens\u0103rcinate.<\/li>\n<\/ul>\n<h3>\u2753 <strong>\u00centreb\u0103ri frecvente<\/strong><\/h3>\n<ul>\n<li><strong>Poate cineva s\u0103 fac\u0103 parasailing?<\/strong> Da, parasailingul \u00een Tenerife este perfect pentru v\u00e2rste de la 3 ani \u00een sus. Nu sunt necesare abilit\u0103\u021bi de \u00eenot, deoarece decola\u021bi \u0219i ateriza\u021bi direct pe barc\u0103.<\/li>\n<li><strong>Care sunt m\u0103surile de siguran\u021b\u0103?<\/strong> Siguran\u021ba este prioritatea noastr\u0103. Ve\u021bi fi echipat cu o vest\u0103 de salvare, iar ghizii no\u0219tri exper\u021bi asigur\u0103 o opera\u021biune f\u0103r\u0103 probleme de la decolare p\u00e2n\u0103 la aterizare.<\/li>\n<\/ul>\n<h4><strong>\ud83c\udf1e Gata de zbor?<\/strong><\/h4>\n<p>Duce\u021bi-v\u0103 vacan\u021ba \u00een Tenerife la noi \u00een\u0103l\u021bimi cu experien\u021bele noastre de Parasailing. Rezerva\u021bi-v\u0103 zborul ast\u0103zi \u0219i bucura\u021bi-v\u0103 de emo\u021bia de a pluti deasupra frumoaselor ape din Insulele Canare.<\/p>","protected":false},"excerpt":{"rendered":"<p>\ud83d\udd0d <strong>Parasailing Tenerife:<br \/>\n<\/strong>\u2705 Plat\u0103 sigur\u0103.<br \/>\n\ud83d\udc65 P\u00e2n\u0103 la 3 pilo\u021bi pe zbor.<br \/>\n\ud83d\ude80 Durata zborului 10 min.<br \/>\n\ud83c\udfde\ufe0f Zbor deasupra oceanului.<br \/>\n\ud83d\udd59 Zboruri pe tot parcursul zilei.<br \/>\n\ud83d\udcc5 Zboruri disponibile zilnic.<br \/>\n\ud83e\udd11 Cel mai bun pre\u021b garantat.<br \/>\n\ud83d\udc6a Reduceri pentru grupuri.<br \/>\n\ud83d\udd01 Politic\u0103 de anulare \u00een 24 de ore.<br \/>\n\ud83c\udf0d Ghiduri \u00een englez\u0103 \u0219i spaniol\u0103.<br \/>\n\ud83c\udf1f Rezerva\u021bi \u00een avans pentru a economisi.<br \/>\n\ud83d\udccd Decolare de la <a href=\"https:\/\/maps.app.goo.gl\/bkqEhAxsobcjz9wG9\">Puerto Col\u00f3n.<\/a><\/p>","protected":false},"featured_media":11302,"comment_status":"open","ping_status":"closed","template":"","meta":{"_acf_changed":false},"product_brand":[],"product_cat":[53],"product_tag":[],"class_list":{"0":"post-11298","1":"product","2":"type-product","3":"status-publish","4":"has-post-thumbnail","6":"product_cat-water-sports","7":"wcpa_has_options","9":"first","10":"instock","11":"virtual","12":"purchasable","13":"product-type-simple"},"acf":[],"wcpa_form_fields":{"wcpaData":{"product":{"product_price":55,"price_html":"From&nbsp;<span class=\"woocommerce-Price-amount amount\"><bdi>55,00&nbsp;<span class=\"woocommerce-Price-currencySymbol\">&euro;<\/span><\/bdi><\/span>","original_product_price":55,"price_including_tax":55,"price_excluding_tax":55,"product_id":{"parent":11298,"variation":false},"is_variable":false,"stock_status":"instock","stock_quantity":null,"parent_sku":"CV11298","product_attributes":[],"custom_fields":[],"is_taxable":false,"product_name":"Parasailing Tenerife","hasImage":false},"fields":{"sec_4661f18b33f9ea":{"extra":{"key":"sec_4661f18b33f9ea","section_id":"sec_4661f18b33f9ea","name":"Default","status":1,"cl_rule":"show","enableCl":false,"relations":[],"toggle":true,"title_tag":"h3","show_title":false,"showPrice":"default","form_id":11316,"form_rules":{"exclude_from_discount":true,"fee_label":"Fee","disp_hide_options_price":true,"disp_show_section_price":false,"disp_show_field_price":true,"layout_option":"standard","pric_use_as_fee":false,"process_fee_as":"woo_fee"},"layout_option":"standard"},"fields":[[{"label":"\ud83d\udcc5 Date","active":true,"required":true,"elementId":"date_9661f18b33fa0a","picker_type":"custom","picker_mode":"single","placeholder":"","description":"","tooltip":"","name":"date_9661f18b33fa0a","label_position":"default","desc_position":"default","enablePrice":false,"className":"","enableCl":false,"relations":[{"operator":"and","rules":[{"operator":"AND","rules":{"cl_field":"radio-group_5661bc90f5e8f5","cl_relation":"is_not_empty","cl_val":"3 Hour Trip"}}]}],"date_pic_inline":true,"date_pic_inline_hide":true,"min_date":{"type":"days","val":"0"},"max_date":{"type":"days","val":"365"},"date_pic_conf":{"disabledWeeks":[],"disabledDates":[]},"price":"","cl_rule":"show","col":6,"type":"date","error":false,"enableDesign":false,"LabelColor":"","gt_translate_keys":["label","placeholder","description","tooltip"],"price_dependency":false,"cl_dependency":false,"value":""}],[{"active":true,"col":6,"relations":false,"cl_rule":"show","enableCl":false,"price":"","enablePrice":false,"className":"","label_position":"default","desc_position":"default","type":"select","required":true,"elementId":"select_2661f18b33fa25","label":"\u23f0 Departure Time","name":"select_2661f18b33fa25","values":[{"label":"Whichever Time is Best","value":"Whichever Time is Best","selected":false,"tempId":"aco_312","gt_translate_keys":["label"]},{"label":"10:00","value":"10:00","selected":false,"tempId":"aco_313","gt_translate_keys":["label"]},{"label":"11:00","value":"11:00","selected":false,"tempId":"aco_314","gt_translate_keys":["label"]},{"label":"12:00","value":"12:00","selected":false,"tempId":"aco_711","gt_translate_keys":["label"]},{"label":"13:00 (1:00 PM)","value":"13:00","selected":false,"tempId":"aco_721","gt_translate_keys":["label"]},{"label":"14:00 (2:00 PM)","value":"14:00","selected":false,"tempId":"aco_983","gt_translate_keys":["label"]},{"label":"15:00 (3:00 PM)","value":"15:00","selected":false,"tempId":"aco_993","gt_translate_keys":["label"]},{"label":"16:00 (4:00 PM)","value":"16:00","selected":false,"tempId":"aco_1183","gt_translate_keys":["label"]}],"dropdown_type":"basic","error":false,"multiple":false,"placeholder":"None","gt_translate_keys":["label","placeholder"],"price_dependency":false,"cl_dependency":false,"value":""}],[{"active":true,"col":6,"relations":false,"cl_rule":"show","enableCl":false,"price":"","enablePrice":false,"className":"","label_position":"default","desc_position":"default","type":"separator","required":false,"elementId":"separator_6164213577","label":"Separator Field","height":"3","separatorType":"fill","error":false,"separatorColor":"#66a5b6","gt_translate_keys":["label"],"price_dependency":false,"cl_dependency":false,"value":""}],[{"active":true,"col":6,"relations":false,"cl_rule":"show","enableCl":false,"price":"","enablePrice":false,"className":"","label_position":"default","desc_position":"default","type":"content","required":false,"elementId":"content_2993137763","label":"","name":"content_2993137763","contentType":"rich","value":"<p>\ud83c\udf9f\ufe0f <strong>Reservation<\/strong>: Pay only a deposit now to reserve; the rest is due on the day of the activity upon arrival.<\/p>","error":false,"gt_translate_keys":["label","value"],"price_dependency":false,"cl_dependency":false}],[{"active":true,"col":6,"relations":[{"operator":false,"rules":[{"operator":"AND","rules":{"cl_field":"","cl_relation":"","cl_val":""}}]}],"cl_rule":"show","enableCl":true,"price":"55","enablePrice":true,"className":"","label_position":"default","desc_position":"default","type":"radio-group","required":false,"elementId":"radio-group_6661f18b33fa1a","label":"","name":"radio-group_6661f18b33fa1a","values":[{"label":"\ud83d\udc64 Participant (55\u20ac)","value":"Participant","selected":true,"tempId":"aco_32","tooltip":"","description":"","gt_translate_keys":["label","tooltip","description"]}],"layOut":"","error":false,"checkUi":"button","priceOptions":"fixed_for_all","pricingType":"fixed","enable_quantity":true,"quantity_label":"","min_quantity":"0","options_tooltip":true,"options_description":true,"is_show_price":true,"gt_translate_keys":["label","quantity_label"],"price_dependency":["content-2927599540"],"cl_dependency":false,"value":""}],[{"label":"","active":true,"required":false,"elementId":"radio-group-9560399481","name":"radio-group-9560399481","label_position":"default","desc_position":"default","enablePrice":true,"className":"","enableCl":true,"relations":[{"operator":false,"rules":[{"operator":"AND","rules":{"cl_field":"","cl_relation":"","cl_val":""}}]}],"enable_quantity":true,"quantity_label":"","min_quantity":"0","checkUi":"button","layOut":"","options_tooltip":true,"options_description":true,"values":[{"label":"\ud83d\udc40 Spectator (45\u20ac)","value":"Spectator","selected":true,"tempId":"aco_32","tooltip":"","description":"","gt_translate_keys":["label","tooltip","description"]}],"priceOptions":"fixed_for_all","pricingType":"fixed","price":"45","is_show_price":true,"cl_rule":"show","col":6,"type":"radio-group","error":false,"gt_translate_keys":["label","quantity_label"],"price_dependency":false,"cl_dependency":false,"value":""}],[{"elementId":"separator-6195229594","separatorType":"fill","separatorColor":"#66a5b6","className":"","height":"3","enableCl":false,"relations":false,"cl_rule":"show","col":6,"type":"separator","error":false,"gt_translate_keys":[],"price_dependency":false,"cl_dependency":false,"value":""}],[{"active":true,"col":6,"relations":false,"cl_rule":"show","enableCl":false,"price":"({field.radio-group_6661f18b33fa1a.quantity}*15)+({field.radio-group-9560399481.quantity}*10)","enablePrice":true,"className":"","label_position":"default","desc_position":"default","type":"content","required":false,"elementId":"content_1028160381","label":"Deposit Payment","name":"content_1028160381","contentType":"plain","value":"","error":false,"subtype":"div","pricingType":"custom","isTemplate":false,"inline":true,"show_in_checkout":true,"gt_translate_keys":["label","value"],"price_dependency":false,"cl_dependency":false}],[{"contentType":"plain","active":true,"label":"Payment at Arrival","elementId":"content-2904205255","value":"","inline":true,"show_in_checkout":true,"name":"content-2904205255","enablePrice":true,"className":"","subtype":"div","enableCl":false,"relations":false,"pricingType":"custom","isTemplate":false,"price":"({field.radio-group_6661f18b33fa1a.quantity}*40)+({field.radio-group-9560399481.quantity}*35)","is_show_price":true,"cl_rule":"show","col":6,"type":"content","error":false,"gt_translate_keys":["label","value"],"price_dependency":false,"cl_dependency":false}],[{"contentType":"plain","active":true,"label":"Total Amount","elementId":"content-2927599540","value":"","inline":true,"show_in_checkout":true,"name":"content-2927599540","enablePrice":true,"className":"","subtype":"div","enableCl":false,"relations":false,"pricingType":"custom","isTemplate":false,"price":"{field.radio-group_6661f18b33fa1a.price}+{field.radio-group-9560399481.quantity}","is_show_price":true,"cl_rule":"show","col":6,"type":"content","error":false,"gt_translate_keys":["label","value"],"price_dependency":false,"cl_dependency":false}]]}},"config":{"price_override":"always","enable_recaptcha":false,"bind_quantity":false,"quantity_bind_formula":false,"disp_summ_show_option_price":true,"disp_summ_show_product_price":false,"disp_summ_show_total_price":false,"disp_summ_show_fee":true,"disp_summ_show_discount":true,"summary_title":"","options_total_label":"Options Price","total_label":"Total Amount","options_product_label":"Product Price","fee_label":"Fee","discount_label":"Discount","has_price":true,"has_quantity_formula":false},"mc_unit":1,"tax_rate":1,"tax_rate_real":1,"discount":{"percentage":0,"fixed":0},"design":{"conf":{"LabelPosition":"above","DescPosition":"above","UploadField":"custom_1","QuantityFieldStyle":"custom_1"},"css":{"LeftLabelWidth":"120px"}},"formulas":[],"lookuptables":[],"clones":false,"cartKey":false}},"_links":{"self":[{"href":"https:\/\/canaryvip.com\/ro\/wp-json\/wp\/v2\/product\/11298","targetHints":{"allow":["GET"]}}],"collection":[{"href":"https:\/\/canaryvip.com\/ro\/wp-json\/wp\/v2\/product"}],"about":[{"href":"https:\/\/canaryvip.com\/ro\/wp-json\/wp\/v2\/types\/product"}],"replies":[{"embeddable":true,"href":"https:\/\/canaryvip.com\/ro\/wp-json\/wp\/v2\/comments?post=11298"}],"wp:featuredmedia":[{"embeddable":true,"href":"https:\/\/canaryvip.com\/ro\/wp-json\/wp\/v2\/media\/11302"}],"wp:attachment":[{"href":"https:\/\/canaryvip.com\/ro\/wp-json\/wp\/v2\/media?parent=11298"}],"wp:term":[{"taxonomy":"product_brand","embeddable":true,"href":"https:\/\/canaryvip.com\/ro\/wp-json\/wp\/v2\/product_brand?post=11298"},{"taxonomy":"product_cat","embeddable":true,"href":"https:\/\/canaryvip.com\/ro\/wp-json\/wp\/v2\/product_cat?post=11298"},{"taxonomy":"product_tag","embeddable":true,"href":"https:\/\/canaryvip.com\/ro\/wp-json\/wp\/v2\/product_tag?post=11298"}],"curies":[{"name":"wp","href":"https:\/\/api.w.org\/{rel}","templated":true}]}}