{"id":11261,"date":"2024-04-14T23:07:38","date_gmt":"2024-04-14T22:07:38","guid":{"rendered":"https:\/\/canaryvip.com\/?post_type=product&#038;p=11261"},"modified":"2025-06-29T14:59:11","modified_gmt":"2025-06-29T13:59:11","slug":"gladiux-show-tenerife","status":"publish","type":"product","link":"https:\/\/canaryvip.com\/ro\/shop\/gladiux-show-tenerife\/","title":{"rendered":"Gladiux Show Tenerife"},"content":{"rendered":"<h2>\ud83d\udee1\ufe0f Experimenta\u021bi emo\u021bia Romei antice: Gladiux Show Tenerife<\/h2>\n<p>\u00cembarca\u021bi-v\u0103 \u00eentr-o c\u0103l\u0103torie palpitant\u0103 \u00eenapoi \u00een Roma Antic\u0103 cu spectacolul nostru Gladiux la maiestuosul <strong>Gladiux Xanadu \u00een Tenerife.<\/strong> Perfect pentru pasiona\u021bii de istorie \u0219i pentru cei care caut\u0103 o sear\u0103 de divertisment unic, acest spectacol combin\u0103 emo\u021bia luptelor de gladiatori cu elegan\u021ba muzicii \u0219i a dansului medieval.<\/p>\n<h3>\ud83c\udfdf\ufe0f O noapte a vitejiei romane: Itinerariu \u0219i puncte de atrac\u021bie<\/h3>\n<ul>\n<li><strong>Program:<\/strong> Vino la noi miercurea la ora 21:00 pentru o demonstra\u021bie plin\u0103 de adrenalin\u0103 sau s\u00e2mb\u0103ta la ora 19:30 pentru cea mai popular\u0103 s\u0103rb\u0103toare a noastr\u0103, care include o cin\u0103 somptuoas\u0103 la gr\u0103tar.<\/li>\n<li><strong>Loca\u021bie:<\/strong> Aflat la numai 20 de minute de Costa Adeje, Gladiux Xanadu ofer\u0103 un cadru pitoresc care v\u0103 transport\u0103 direct \u00een vremurile gladiatorilor \u0219i ale carelor romane.<\/li>\n<li><strong>Buc\u0103t\u0103rie:<\/strong> S\u00e2mb\u0103ta v\u0103 pute\u021bi bucura de o cin\u0103 mixt\u0103 la gr\u0103tar sau miercurea pute\u021bi alege s\u0103 lua\u021bi masa \u00e0 la carte. Completa\u021bi-v\u0103 masa cu o selec\u021bie de sangria, vin \u0219i b\u0103uturi r\u0103coritoare.<\/li>\n<\/ul>\n<h3>\ud83c\udf9f\ufe0f Personalizeaz\u0103-\u021bi experien\u021ba de gladiator<\/h3>\n<ul>\n<li><strong>Bilete:<\/strong> Cufunda\u021bi-v\u0103 \u00een atmosfera palpitant\u0103 de la Gladiux Xanadu cu op\u021biunile noastre flexibile de bilete, concepute pentru a satisface o varietate de preferin\u021be \u0219i dimensiuni de grup.<\/li>\n<li><strong>Rezerv\u0103ri de grup:<\/strong> Perfect pentru evenimente corporative, petreceri private, zile de na\u0219tere \u0219i multe altele. Personaliza\u021bi-v\u0103 evenimentul cu costume tematice de gladiatori, spectacole captivante \u0219i pachete de divertisment personalizate. Vizita\u021bi CanaryVIP <a href=\"https:\/\/canaryvip.com\/ro\/contact\/\">pagina de contact<\/a> pentru informa\u021bii detaliate \u0219i pentru a planifica o experien\u021b\u0103 de neuitat, adaptat\u0103 la nevoile dumneavoastr\u0103 specifice.<\/li>\n<\/ul>\n<h3>\ud83d\udde1\ufe0f Plonja\u021bi \u00een aren\u0103<\/h3>\n<ul>\n<li><strong>B\u0103t\u0103liile:<\/strong> Asista\u021bi la lupte palpitante de gladiatori, purtate de c\u0103l\u0103re\u021bi pricepu\u021bi, concepute pentru a prezenta m\u0103re\u021bia luptelor romane f\u0103r\u0103 a compromite siguran\u021ba.<\/li>\n<li><strong>Divertisment interactiv:<\/strong> Simte pulsul Romei Antice \u00een timp ce \u00ee\u021bi sus\u021bii gladiatorul preferat \u00een mijlocul ciocnirii o\u021belului \u0219i al uralelor.<\/li>\n<\/ul>\n<h3>\ud83c\udf89 G\u0103zduire de evenimente la Gladiux Xanadu<\/h3>\n<ul>\n<li><strong>Evenimente private:<\/strong> Gladiux Xanadu nu este doar un loc de spectacol spectaculos, ci este disponibil \u0219i pentru rezerv\u0103ri private. Ideal pentru petreceri tematice cu costume de gladiatori \u0219i spectacole adaptate la nevoile dumneavoastr\u0103.<\/li>\n<\/ul>\n<h3>\ud83c\udf56 S\u0103rb\u0103tore\u0219te ca un roman<\/h3>\n<p><strong>Op\u021biuni de meniu:<\/strong> R\u0103sf\u0103\u021ba\u021bi-v\u0103 cu mixul nostru special de s\u00e2mb\u0103t\u0103 seara la gr\u0103tar sau alege\u021bi din op\u021biunile noastre vegetariene \u0219i f\u0103r\u0103 gluten \u00een orice sear\u0103. Savura\u021bi m\u00e2nc\u0103ruri tradi\u021bionale romane combinate cu delicatese locale.<\/p>\n<p><strong>CIN\u0102:<\/strong><\/p>\n<ul>\n<li><strong>Bine a\u021bi venit:<\/strong> Pahar de Cava<\/li>\n<li><strong>Starter:<\/strong> P\u00e2ine \u0219i unt<\/li>\n<li><strong>Specialitate:<\/strong>\n<ul>\n<li><strong>Primul curs:<\/strong> Sup\u0103 de legume<\/li>\n<li><strong>Al doilea curs:<\/strong> Gr\u0103tar cu carne la gr\u0103tar: Pui, cotlet de porc \u0219i chorizo la gr\u0103tar, Salat\u0103 de ro\u0219ii \u0219i br\u00e2nz\u0103, Chips, Xanad\u00fa Canarian mojo<\/li>\n<\/ul>\n<\/li>\n<li><strong>Desert:<\/strong> Crem\u0103 \u0219i crem\u0103 tipic\u0103 din Insulele Canare<\/li>\n<li><strong>B\u0103uturi:<\/strong> Vin, sangria, b\u0103uturi r\u0103coritoare, bere \u0219i ap\u0103<\/li>\n<\/ul>\n<p><strong>Op\u021bional:<\/strong> Meniu vegetarian \/ f\u0103r\u0103 gluten<\/p>\n<h3>\u2696\ufe0f Politica de rezervare \u0219i anulare<\/h3>\n<ul>\n<li><strong>Rezervare \u00een avans:<\/strong> Asigura\u021bi-v\u0103 locurile din timp prin <strong>CanaryVIP<\/strong> pentru a beneficia de tarife competitive \u0219i pentru a asigura o vizit\u0103 planificat\u0103 f\u0103r\u0103 probleme.<\/li>\n<li><strong>Anul\u0103ri flexibile:<\/strong> Oferim anul\u0103ri gratuite cu p\u00e2n\u0103 la 24 de ore \u00eenainte de \u0219edin\u021ba rezervat\u0103 pentru rezerv\u0103rile individuale \u0219i op\u021biuni de anulare extins\u0103 pentru grupuri. Consulta\u021bi politica noastr\u0103 detaliat\u0103 pentru anul\u0103ri de grup pe site-ul nostru.<\/li>\n<\/ul>\n<h3>\ud83d\ude97 Planific\u0103-\u021bi vizita<\/h3>\n<ul>\n<li><strong>Accesul la loca\u021bie:<\/strong> Gladiux Xanadu este u\u0219or accesibil prin parcarea gratuit\u0103 de la fa\u021ba locului sau printr-un serviciu de transfer op\u021bional disponibil la un cost nominal din sudul insulei Tenerife.<\/li>\n<li><strong>Nop\u021bi de evenimente:<\/strong> Spectacolele Gladiux sunt disponibile \u00een fiecare miercuri \u0219i s\u00e2mb\u0103t\u0103, iar \u00een celelalte zile se poate lua masa \u00een mod obi\u0219nuit sau se pot face experien\u021be de echita\u021bie la locul de desf\u0103\u0219urare.<\/li>\n<\/ul>\n<h3>\ud83c\udf1f Intr\u0103 \u00een arena istoriei<\/h3>\n<p>Nu rata\u021bi aceast\u0103 ocazie unic\u0103 de a tr\u0103i o noapte de dram\u0103 istoric\u0103 \u0219i spectacol roman la Gladiux Show Tenerife.<\/p>\n<p>Rezerva\u021bi-v\u0103 locul ast\u0103zi \u0219i l\u0103sa\u021bi grandoarea gladiatorilor antici \u0219i festivitatea medieval\u0103 s\u0103 v\u0103 \u00eembog\u0103\u021beasc\u0103 aventura de c\u0103l\u0103torie. Rezerva\u021bi acum \u0219i asigura\u021bi-v\u0103 o sear\u0103 de neuitat de istorie, spectacol \u0219i delicii culinare! \ud83c\udff0\ud83c\udf57<\/p>","protected":false},"excerpt":{"rendered":"<p>\ud83d\udd0d <strong>Gladiux Show Highlights:<\/strong><br \/>\n\u2705 Plat\u0103 sigur\u0103.<br \/>\n\ud83d\udd25 B\u0103t\u0103lii palpitante ale gladiatorilor.<br \/>\n\ud83d\udcc5 Miercurea \u0219i s\u00e2mb\u0103ta.<br \/>\n\u23f0 Show: 19:30 - 21:00.<br \/>\n\ud83c\udf56 Cina la gr\u0103tar inclus\u0103.<br \/>\n\ud83c\udf77 Sangria, vin \u0219i b\u0103uturi r\u0103coritoare.<br \/>\n\ud83c\udf0d Spectacole \u00een limba englez\u0103.<br \/>\n\ud83d\ude97 Parcare gratuit\u0103 \u0219i transfer op\u021bional.<br \/>\n\ud83e\udd11 Cel mai bun pre\u021b garantat.<br \/>\n\ud83d\udc65 Reduceri de grup disponibile.<br \/>\n\ud83d\udd04 Anulare gratuit\u0103 p\u00e2n\u0103 la 24 de ore.<br \/>\n\ud83c\udf1f Rezerva\u021bi devreme, eveniment popular!<br \/>\n\ud83c\udfdb\ufe0f Loc de desf\u0103\u0219urare la <a href=\"https:\/\/maps.app.goo.gl\/R9fiHWAcP4tLy9Mu9\">Xanadu<\/a>, Tenerife.<\/p>","protected":false},"featured_media":11279,"comment_status":"open","ping_status":"closed","template":"","meta":{"_acf_changed":false},"product_brand":[],"product_cat":[59],"product_tag":[],"class_list":{"0":"post-11261","1":"product","2":"type-product","3":"status-publish","4":"has-post-thumbnail","6":"product_cat-evening-shows","7":"wcpa_has_options","9":"first","10":"instock","11":"virtual","12":"purchasable","13":"product-type-simple"},"acf":[],"wcpa_form_fields":{"wcpaData":{"product":{"product_price":35,"price_html":"From&nbsp;<span class=\"woocommerce-Price-amount amount\"><bdi>35,00&nbsp;<span class=\"woocommerce-Price-currencySymbol\">&euro;<\/span><\/bdi><\/span>","original_product_price":35,"price_including_tax":35,"price_excluding_tax":35,"product_id":{"parent":11261,"variation":false},"is_variable":false,"stock_status":"instock","stock_quantity":null,"parent_sku":"CV11261","product_attributes":[],"custom_fields":[],"is_taxable":false,"product_name":"Gladiux Show Tenerife","hasImage":false},"fields":{"sec_h102qb2r1b7":{"extra":{"key":"sec_h102qb2r1b7","section_id":"sec_h102qb2r1b7","name":"Calendar","status":1,"cl_rule":"show","enableCl":false,"relations":[],"toggle":true,"title_tag":"h4","show_title":false,"showPrice":"default","form_id":11474,"form_rules":{"exclude_from_discount":true,"fee_label":"Fee","disp_hide_options_price":true,"disp_show_section_price":false,"disp_show_field_price":true,"layout_option":"standard","pric_use_as_fee":false,"process_fee_as":"woo_fee"},"layout_option":"standard"},"fields":[[{"active":true,"col":6,"relations":false,"cl_rule":"show","enableCl":false,"price":"","enablePrice":false,"className":"","label_position":"default","desc_position":"default","type":"content","required":false,"elementId":"content_8084577962","label":"","name":"content_8084577962","contentType":"rich","value":"<p><strong>Show not available at this moment.<\/strong><\/p>","error":false,"enableDesign":true,"DescColor":"#ff0700","gt_translate_keys":["label","value"],"price_dependency":false,"cl_dependency":false}],[{"label":"\ud83d\udcc5 Date","active":true,"required":true,"elementId":"date_96641647ba4193","picker_type":"custom","picker_mode":"single","placeholder":"","description":"","tooltip":"","name":"date_96641647ba4193","label_position":"default","desc_position":"default","enablePrice":false,"className":"","enableCl":false,"relations":[{"operator":"and","rules":[{"operator":"AND","rules":{"cl_field":"radio-group_96641647ba41a2","cl_relation":"is_not_empty","cl_val":"3 Hour Trip"}}]}],"date_pic_inline":true,"date_pic_inline_hide":true,"min_date":{"type":"days","val":"3"},"max_date":{"type":"days","val":"365"},"date_pic_conf":{"disabledWeeks":[0,1,2,3,4,5,6]},"price":"","cl_rule":"show","col":6,"type":"date","error":false,"enableDesign":false,"LabelColor":"","gt_translate_keys":["label","placeholder","description","tooltip"],"price_dependency":false,"cl_dependency":[false,false],"value":""}]]},"sec_106641647ba41a3":{"extra":{"key":"sec_106641647ba41a3","section_id":"sec_106641647ba41a3","name":"Regular","status":1,"cl_rule":"show","enableCl":true,"relations":[{"operator":false,"rules":[{"operator":"AND","rules":{"cl_field":"date_96641647ba4193","cl_relation":"is_not_empty","cl_val":""}}]}],"toggle":true,"title_tag":"h4","show_title":false,"showPrice":"default","form_id":11474,"form_rules":{"exclude_from_discount":true,"fee_label":"Fee","disp_hide_options_price":true,"disp_show_section_price":false,"disp_show_field_price":true,"layout_option":"standard","pric_use_as_fee":false,"process_fee_as":"woo_fee"},"layout_option":"standard"},"fields":[[{"active":true,"col":6,"relations":false,"cl_rule":"show","enableCl":false,"price":"","enablePrice":false,"className":"","label_position":"default","desc_position":"default","type":"separator","required":false,"elementId":"separator_76641647ba41af","label":"Separator Field","height":"1","separatorType":"blank","error":false,"gt_translate_keys":["label"],"price_dependency":false,"cl_dependency":false,"value":""}],[{"active":true,"col":6,"relations":false,"cl_rule":"show","enableCl":false,"price":"","enablePrice":false,"className":"","label_position":"default","desc_position":"default","type":"content","required":false,"elementId":"content_76641647ba41c3","label":"People","name":"content_76641647ba41c3","contentType":"plain","value":"","error":false,"show_in_checkout":true,"inline":false,"gt_translate_keys":["label","value"],"price_dependency":false,"cl_dependency":false}],[{"active":true,"col":6,"relations":[{"operator":false,"rules":[{"operator":"AND","rules":{"cl_field":"","cl_relation":"","cl_val":""}}]}],"cl_rule":"show","enableCl":true,"price":"45","enablePrice":true,"className":"","label_position":"default","desc_position":"default","type":"radio-group","required":false,"elementId":"radio-group_66641647ba41cd","label":"","name":"radio-group_66641647ba41cd","values":[{"label":"\ud83d\udc64 Adult (45\u20ac)","value":"Adult (45\u20ac)","selected":true,"tempId":"aco_32","tooltip":"+13 Years","description":"","gt_translate_keys":["label","tooltip","description"]}],"layOut":"","error":false,"checkUi":"button","priceOptions":"fixed_for_all","pricingType":"fixed","enable_quantity":true,"quantity_label":"","min_quantity":"0","options_tooltip":true,"options_description":true,"is_show_price":true,"gt_translate_keys":["label","quantity_label"],"price_dependency":["content_3820311617","content-5561342072","content-5624102109"],"cl_dependency":false,"value":""}],[{"label":"","active":true,"required":false,"elementId":"radio-group_46641647ba41d8","name":"radio-group_46641647ba41d8","label_position":"default","desc_position":"default","enablePrice":true,"className":"","enableCl":true,"relations":[{"operator":false,"rules":[{"operator":"AND","rules":{"cl_field":"","cl_relation":"","cl_val":""}}]}],"enable_quantity":true,"quantity_label":"","min_quantity":"0","checkUi":"button","layOut":"","options_tooltip":true,"options_description":true,"values":[{"label":"\ud83d\udc66 Child (22,50\u20ac)","value":"Child (22,50\u20ac)","selected":true,"tempId":"aco_32","tooltip":"4-12 Years","description":"","gt_translate_keys":["label","tooltip","description"]}],"priceOptions":"fixed_for_all","pricingType":"fixed","price":"22.50","cl_rule":"show","col":6,"type":"radio-group","error":false,"is_show_price":true,"gt_translate_keys":["label","quantity_label"],"price_dependency":["content_3820311617","content-5561342072","content-5624102109"],"cl_dependency":false,"value":""}],[{"label":"","active":true,"required":false,"elementId":"radio-group-1941437839","name":"radio-group-1941437839","label_position":"default","desc_position":"default","enablePrice":true,"className":"","enableCl":true,"relations":[{"operator":false,"rules":[{"operator":"AND","rules":{"cl_field":"","cl_relation":"","cl_val":""}}]}],"enable_quantity":true,"quantity_label":"","min_quantity":"0","checkUi":"button","layOut":"","options_tooltip":true,"options_description":true,"values":[{"label":"\ud83d\udc76 Toddle (Free)","value":"Toddle (Free)","selected":true,"tempId":"aco_32","tooltip":"0-3 Years","description":"","gt_translate_keys":["label","tooltip","description"]}],"priceOptions":"fixed_for_all","pricingType":"fixed","price":"0","cl_rule":"show","col":6,"type":"radio-group","error":false,"is_show_price":true,"gt_translate_keys":["label","quantity_label"],"price_dependency":false,"cl_dependency":false,"value":""}],[{"elementId":"separator_96641647ba41b9","separatorType":"fill","className":"","height":"6","enableCl":false,"relations":false,"cl_rule":"show","col":6,"type":"separator","error":false,"separatorColor":"#66a6b6","gt_translate_keys":[],"price_dependency":false,"cl_dependency":false,"value":""}],[{"active":true,"col":6,"relations":false,"cl_rule":"show","enableCl":false,"price":"({field.radio-group_66641647ba41cd.price}*0.3)+({field.radio-group_46641647ba41d8.price}*0.3)","enablePrice":true,"className":"","label_position":"default","desc_position":"default","type":"content","required":false,"elementId":"content_3820311617","label":"Deposit Now","name":"content_3820311617","contentType":"plain","value":"","error":false,"inline":true,"show_in_checkout":true,"subtype":"div","enableDesign":true,"LabelSize":"14px","pricingType":"custom","isTemplate":false,"gt_translate_keys":["label","value"],"price_dependency":false,"cl_dependency":false}],[{"contentType":"plain","active":true,"label":"Payment at Arrival","elementId":"content-5561342072","value":"","inline":true,"show_in_checkout":true,"name":"content-5561342072","enablePrice":true,"className":"","subtype":"div","enableCl":false,"relations":false,"enableDesign":true,"LabelSize":"14px","pricingType":"custom","isTemplate":false,"price":"({field.radio-group_66641647ba41cd.price}*0.7)+({field.radio-group_46641647ba41d8.price}*0.7)","cl_rule":"show","col":6,"type":"content","error":false,"is_show_price":true,"gt_translate_keys":["label","value"],"price_dependency":false,"cl_dependency":false}],[{"contentType":"plain","active":true,"label":"Total Amount","elementId":"content-5624102109","value":"","inline":true,"show_in_checkout":true,"name":"content-5624102109","enablePrice":true,"className":"","subtype":"div","enableCl":false,"relations":false,"enableDesign":true,"LabelSize":"14px","pricingType":"custom","isTemplate":false,"price":"({field.radio-group_66641647ba41cd.price})+({field.radio-group_46641647ba41d8.price})","is_show_price":true,"cl_rule":"show","col":6,"type":"content","error":false,"gt_translate_keys":["label","value"],"price_dependency":false,"cl_dependency":false}]]},"sec_26641647ba4202":{"extra":{"key":"sec_26641647ba4202","section_id":"sec_26641647ba4202","name":"Shuttle Service?","status":1,"cl_rule":"show","enableCl":true,"relations":[{"operator":false,"rules":[{"operator":"AND","rules":{"cl_field":"date_96641647ba4193","cl_relation":"is_not_empty","cl_val":""}}]}],"toggle":true,"title_tag":"h4","show_title":false,"showPrice":"default","form_id":11474,"form_rules":{"exclude_from_discount":true,"fee_label":"Fee","disp_hide_options_price":true,"disp_show_section_price":false,"disp_show_field_price":true,"layout_option":"standard","pric_use_as_fee":false,"process_fee_as":"woo_fee"},"layout_option":"standard"},"fields":[[{"active":true,"col":6,"relations":false,"cl_rule":"show","enableCl":false,"price":"","enablePrice":false,"className":"","label_position":"default","desc_position":"below","type":"checkbox","required":false,"elementId":"checkbox_16641647ba420b","label":"Bus Transfer? (15\u20ac)","name":"checkbox_16641647ba420b","value":"","check_value":"Yes","checkUi":"toggle","error":false,"description":"Pick-up from your hotel in south Tenerife. PAID AT ARRIVAL.","gt_translate_keys":["label","description","value","check_value"],"price_dependency":false,"cl_dependency":["content_106641647ba4214","radio-group_06641647ba421f","radio-group-1726047280","text_16641647ba4231"]}],[{"active":true,"col":6,"relations":false,"cl_rule":"show","enableCl":false,"price":"","enablePrice":false,"className":"","label_position":"default","desc_position":"default","type":"separator","required":false,"elementId":"separator_9863862717","label":"Separator Field","height":"5","separatorType":"blank","error":false,"gt_translate_keys":["label"],"price_dependency":false,"cl_dependency":false,"value":""}],[{"contentType":"plain","active":true,"label":"People for Bus Transfer (Paid at Arrival)","elementId":"content_106641647ba4214","value":"","inline":false,"show_in_checkout":true,"name":"content_106641647ba4214","enablePrice":false,"className":"","enableCl":true,"relations":[{"operator":false,"rules":[{"operator":"AND","rules":{"cl_field":"checkbox_16641647ba420b","cl_relation":"is","cl_val":true}}]}],"price":"","cl_rule":"show","col":6,"type":"content","error":false,"gt_translate_keys":["label","value"],"price_dependency":false,"cl_dependency":false}],[{"label":"","active":true,"required":false,"elementId":"radio-group_06641647ba421f","name":"radio-group_06641647ba421f","label_position":"default","desc_position":"default","enablePrice":true,"className":"","enableCl":true,"relations":[{"operator":false,"rules":[{"operator":"AND","rules":{"cl_field":"checkbox_16641647ba420b","cl_relation":"is","cl_val":true}}]}],"enable_quantity":true,"quantity_label":"","min_quantity":"0","checkUi":"button","layOut":"","options_tooltip":true,"values":[{"label":"\ud83d\udc64 Transport (15\u20ac)","value":"Transport (15\u20ac)","selected":true,"tempId":"aco_32","tooltip":"+4 Years","gt_translate_keys":["label","tooltip"]}],"priceOptions":"fixed_for_all","pricingType":"fixed","price":"15","cl_rule":"show","col":6,"type":"radio-group","error":false,"is_show_price":true,"gt_translate_keys":["label","quantity_label"],"price_dependency":false,"cl_dependency":false,"value":""}],[{"label":"","active":true,"required":false,"elementId":"radio-group-1726047280","name":"radio-group-1726047280","label_position":"default","desc_position":"default","enablePrice":true,"className":"","enableCl":true,"relations":[{"operator":false,"rules":[{"operator":"AND","rules":{"cl_field":"checkbox_16641647ba420b","cl_relation":"is","cl_val":true}}]}],"enable_quantity":true,"quantity_label":"","min_quantity":"0","checkUi":"button","layOut":"","options_tooltip":true,"values":[{"label":"\ud83d\udc76 Toddler Transport (Free)","value":"Toddler Transport (Free)","selected":true,"tempId":"aco_32","tooltip":"0-3 Years","gt_translate_keys":["label","tooltip"]}],"priceOptions":"fixed_for_all","pricingType":"fixed","price":"0","cl_rule":"show","col":6,"type":"radio-group","error":false,"gt_translate_keys":["label","quantity_label"],"price_dependency":false,"cl_dependency":false,"value":""}],[{"active":true,"col":6,"relations":[{"operator":false,"rules":[{"operator":"AND","rules":{"cl_field":"checkbox_16641647ba420b","cl_relation":"is","cl_val":true}}]}],"cl_rule":"show","enableCl":true,"price":"","enablePrice":false,"className":"","label_position":"default","desc_position":"default","type":"text","subtype":"text","required":false,"elementId":"text_16641647ba4231","label":"\ud83d\ude8c Pickup Location","name":"text_16641647ba4231","value":"","error":false,"description":"Pick-up service in Tenerife South. Simply provide your address or hotel name.","gt_translate_keys":["label","description","value"],"price_dependency":false,"cl_dependency":false}]]}},"config":{"price_override":"always","enable_recaptcha":false,"bind_quantity":false,"quantity_bind_formula":false,"disp_summ_show_option_price":false,"disp_summ_show_product_price":false,"disp_summ_show_total_price":false,"disp_summ_show_fee":false,"disp_summ_show_discount":false,"summary_title":"","options_total_label":"Options Price","total_label":"Total Amount","options_product_label":"Product Price","fee_label":"Fee","discount_label":"Discount","has_price":true,"has_quantity_formula":false},"mc_unit":1,"tax_rate":1,"tax_rate_real":1,"discount":{"percentage":0,"fixed":0},"design":{"conf":{"LabelPosition":"above","DescPosition":"above","UploadField":"custom_1","QuantityFieldStyle":"custom_1"},"css":{"LeftLabelWidth":"120px"}},"formulas":[],"lookuptables":[],"clones":false,"cartKey":false}},"_links":{"self":[{"href":"https:\/\/canaryvip.com\/ro\/wp-json\/wp\/v2\/product\/11261","targetHints":{"allow":["GET"]}}],"collection":[{"href":"https:\/\/canaryvip.com\/ro\/wp-json\/wp\/v2\/product"}],"about":[{"href":"https:\/\/canaryvip.com\/ro\/wp-json\/wp\/v2\/types\/product"}],"replies":[{"embeddable":true,"href":"https:\/\/canaryvip.com\/ro\/wp-json\/wp\/v2\/comments?post=11261"}],"wp:featuredmedia":[{"embeddable":true,"href":"https:\/\/canaryvip.com\/ro\/wp-json\/wp\/v2\/media\/11279"}],"wp:attachment":[{"href":"https:\/\/canaryvip.com\/ro\/wp-json\/wp\/v2\/media?parent=11261"}],"wp:term":[{"taxonomy":"product_brand","embeddable":true,"href":"https:\/\/canaryvip.com\/ro\/wp-json\/wp\/v2\/product_brand?post=11261"},{"taxonomy":"product_cat","embeddable":true,"href":"https:\/\/canaryvip.com\/ro\/wp-json\/wp\/v2\/product_cat?post=11261"},{"taxonomy":"product_tag","embeddable":true,"href":"https:\/\/canaryvip.com\/ro\/wp-json\/wp\/v2\/product_tag?post=11261"}],"curies":[{"name":"wp","href":"https:\/\/api.w.org\/{rel}","templated":true}]}}