{"id":11181,"date":"2024-04-11T19:47:34","date_gmt":"2024-04-11T18:47:34","guid":{"rendered":"https:\/\/canaryvip.com\/?post_type=product&#038;p=11181"},"modified":"2026-03-06T15:02:30","modified_gmt":"2026-03-06T15:02:30","slug":"la-gomera-jeep-safari-from-tenerife","status":"publish","type":"product","link":"https:\/\/canaryvip.com\/ro\/shop\/la-gomera-jeep-safari-from-tenerife\/","title":{"rendered":"La Gomera Jeep Safari din Tenerife"},"content":{"rendered":"<h2>\u00cembarca\u021bi-v\u0103 pe <strong>La Gomera Jeep Safari Tour din Tenerife<\/strong><\/h2>\n<p>Al\u0103tura\u021bi-v\u0103 nou\u0103 \u00eentr-o c\u0103l\u0103torie palpitant\u0103 <strong>Jeep Safari \u00een La Gomera,<\/strong> o bijuterie unic\u0103 printre Insulele Canare. Experimenta\u021bi un cadru de grup intim cu excursiile noastre pentru grupuri mici, ideale pentru familii sau prieteni, care pot g\u0103zdui p\u00e2n\u0103 la 8 pasageri pe Jeep.<\/p>\n<p>Plonja\u021bi \u00eentr-o lume \u00eenc\u00e2nt\u0103toare \u00een timp ce traversa\u021bi Atlanticul din Tenerife p\u00e2n\u0103 la \u021b\u0103rmurile din San Sebasti\u00e1n de La Gomera. Feriboturile noastre confortabile v\u0103 vor transporta f\u0103r\u0103 probleme, preg\u0103tindu-v\u0103 pentru o aventur\u0103 care combin\u0103 frumuse\u021bea natural\u0103 cu patrimoniul cultural.<\/p>\n<p><strong>\u26a0\ufe0f <span style=\"text-decoration: underline;\">NOTIFICARE IMPORTANT\u0102:<\/span><\/strong> V\u0103 rug\u0103m s\u0103 nu uita\u021bi s\u0103 ave\u021bi asupra dumneavoastr\u0103 un pa\u0219aport valabil \u00een ziua turului. F\u0103r\u0103 un pa\u0219aport valabil, nu vi se va permite s\u0103 v\u0103 \u00eembarca\u021bi pe feribotul pentru La Gomera, iar rambursarea nu va fi posibil\u0103. Asigura\u021bi-v\u0103 c\u0103 ave\u021bi pa\u0219aportul preg\u0103tit pentru a v\u0103 bucura de o c\u0103l\u0103torie memorabil\u0103, plin\u0103 de frumuse\u021bea natural\u0103 a La Gomera.<\/p>\n<h3><strong>La Gomera Tour Highlights:<\/strong><\/h3>\n<ul>\n<li>\ud83c\udf3f <strong>Parcul Na\u021bional Garajonay:<\/strong> Explora\u021bi p\u0103durile str\u0103vechi de lauri \u0219i verdele luxuriant al acestui sit din Patrimoniul Mondial UNESCO. Este un paradis pentru iubitorii de natur\u0103 \u0219i un spectacol al biodiversit\u0103\u021bii.<\/li>\n<li>\ud83c\udfde\ufe0f <strong>Hermigua:<\/strong> Cunoscut\u0103 pentru planta\u021biile sale de palmieri verzi \u0219i pentru produc\u021bia de suc de guarapo din Insulele Canare. Descoperi\u021bi de ce Hermigua este renumit\u0103 pentru calitatea ridicat\u0103 a vie\u021bii \u0219i frumuse\u021bea peisajului.<\/li>\n<li>\ud83c\udf74 <strong>Buc\u0103t\u0103rie local\u0103 autentic\u0103:<\/strong> R\u0103sf\u0103\u021ba\u021bi-v\u0103 cu m\u00e2nc\u0103ruri tradi\u021bionale din Insulele Canare la un restaurant local, unde pute\u021bi savura aromele care fac buc\u0103t\u0103ria din La Gomera de neuitat.<\/li>\n<li>\ud83c\udf0a <strong>San Sebasti\u00e1n de La Gomera:<\/strong> Plimba\u021bi-v\u0103 pe str\u0103zile colorate ale capitalei insulei, admira\u021bi frumuse\u021bea arhitectural\u0103 \u0219i bucura\u021bi-v\u0103 de timp liber pentru a explora pe cont propriu.<\/li>\n<li>\ud83c\udf04 <strong>Agulo:<\/strong> Trece\u021bi cu un jeep prin acest sat fermec\u0103tor, cunoscut pentru str\u0103zile sale \u00eenguste \u0219i pietruite \u0219i pentru priveli\u0219tile uluitoare asupra Atlanticului.<\/li>\n<li>\ud83c\udfd6\ufe0f <strong>Laguna Grande:<\/strong> Un loc remarcabil \u0219i senin, perfect pentru contemplare, \u00een Garajonay. Cadrul s\u0103u ecologic unic face din acest loc o oprire cheie \u00een turul nostru.<\/li>\n<\/ul>\n<h3><strong>Ce include turul nostru La Gomera Jeep Safari Tour:<\/strong><\/h3>\n<ul>\n<li>\ud83d\ude90 <strong>Transport dus-\u00eentors:<\/strong> Oferim servicii convenabile de preluare \u0219i livrare de la cazare sau de la o loca\u021bie din apropiere, fie \u00een Puerto de la Cruz, fie \u00een Playa de las Am\u00e9ricas.<\/li>\n<li>\u26f4\ufe0f <strong>Transferuri cu feribotul:<\/strong> Bucura\u021bi-v\u0103 de c\u0103l\u0103torii u\u0219oare cu feribotul spre \u0219i dinspre La Gomera, asigur\u00e2nd o c\u0103l\u0103torie confortabil\u0103 peste Atlantic.<\/li>\n<li>\ud83c\udf7d\ufe0f <strong>Pr\u00e2nz \u0219i degust\u0103ri locale:<\/strong> Este inclus\u0103 o mas\u0103 delicioas\u0103, care v\u0103 ofer\u0103 o mostr\u0103 din deliciile culinare locale.<\/li>\n<li>\ud83d\udde3\ufe0f <strong>Suport pentru mai multe limbi:<\/strong> Tururile noastre sunt disponibile \u00een mai multe limbi, inclusiv \u00een spaniol\u0103, englez\u0103, german\u0103, francez\u0103, italian\u0103, olandez\u0103 \u0219i polonez\u0103, pentru a veni \u00een \u00eent\u00e2mpinarea oaspe\u021bilor no\u0219tri diver\u0219i.<\/li>\n<\/ul>\n<h3><b>Politica de rezervare \u0219i flexibilitatea<\/b><\/h3>\n<p><span style=\"font-weight: 400;\">\ud83d\udd01 <\/span><b>Anulare gratuit\u0103 p\u00e2n\u0103 la 48 de ore:<\/b><span style=\"font-weight: 400;\"> Planurile se pot schimba. V\u0103 pute\u021bi anula sau modifica rezervarea p\u00e2n\u0103 la <\/span><b>48 de ore \u00eenainte de activitate<\/b><span style=\"font-weight: 400;\"> \u0219i primi\u021bi o rambursare complet\u0103.<\/span><\/p>\n<p><span style=\"font-weight: 400;\">\ud83d\udeab <\/span><b>Politica de neprezentare:<\/b><span style=\"font-weight: 400;\"> Dac\u0103 nu participa\u021bi la activitate sau ajunge\u021bi prea t\u00e2rziu pentru a participa, rezervarea va fi considerat\u0103 o <\/span><b>nu se prezint\u0103 \u0219i nu este rambursabil<\/b><span style=\"font-weight: 400;\">.<\/span><\/p>\n<p><span style=\"font-weight: 400;\">\ud83c\udf0a <\/span><b>Condi\u021bii meteorologice:<\/b><span style=\"font-weight: 400;\"> \u00cen cazul \u00een care turul nu poate func\u021biona din cauza condi\u021biilor meteorologice nesigure, ve\u021bi avea op\u021biunea de a <\/span><b>reprograma\u021bi pentru o alt\u0103 zi sau primi\u021bi o rambursare complet\u0103<\/b><span style=\"font-weight: 400;\">.<\/span><\/p>\n<h4><strong>Rezerva\u021bi-v\u0103 ast\u0103zi aventura Jeep Safari \u00een La Gomera!<\/strong><\/h4>\n<p>Nu rata\u021bi aceast\u0103 ocazie exclusiv\u0103 de a explora peisajele uimitoare \u0219i bog\u0103\u021bia cultural\u0103 a <a href=\"https:\/\/www.google.com\/maps\/place\/La+Gomera\/@28.1188754,-17.3060924,12z\/data=!3m1!4b1!4m6!3m5!1s0xc6ae33697cbc54d:0x59c58fe23f47d04e!8m2!3d28.1033035!4d-17.2193578!16zL20vMDFnNG1q?entry=ttu\" target=\"_blank\" rel=\"noopener\">La Gomera<\/a> cu <a href=\"https:\/\/canaryvip.com\/ro\/\">CanaryVIP.<\/a><\/p>\n<p>De la p\u0103durile magice din Garajonay la str\u0103zile pitore\u0219ti din Agulo \u0219i nu numai, porni\u021bi \u00eentr-o c\u0103l\u0103torie plin\u0103 de descoperiri \u0219i aventur\u0103. Rezerva\u021bi-v\u0103 locul acum \u0219i experimenta\u021bi tot ce este mai bun din La Gomera!<\/p>","protected":false},"excerpt":{"rendered":"<p>\ud83d\udd0d <strong>Puncte de atrac\u021bie ale turului:<\/strong><br \/>\n\u2705 Plat\u0103 sigur\u0103.<br \/>\n\ud83c\uddee\ud83c\udde8 Explora\u021bi insula La Gomera.<br \/>\n\ud83c\udf33 Vizita\u021bi Parcul Garajonay.<br \/>\n\ud83d\udde3\ufe0f Spectacol de fluierat live.<br \/>\n\ud83c\udf7d\ufe0f Pr\u00e2nz canarian inclus.<br \/>\n\ud83d\udcc5 De luni p\u00e2n\u0103 s\u00e2mb\u0103t\u0103.<br \/>\n\u23f0 Durata \u00cen jur de 9h.<br \/>\n\ud83d\ude8c Pickup \u0219i drop-off la hotel.<br \/>\n\ud83d\udd04 Anulare gratuit\u0103 \u00een 48 de ore.<br \/>\n\ud83c\udf0d Ghid \u00een limba dvs.<br \/>\n\ud83e\udd11 Cel mai bun pre\u021b garantat.<br \/>\n\ud83c\udf1f Rezerva\u021bi acum \u0219i economisi\u021bi!<\/p>","protected":false},"featured_media":11183,"comment_status":"open","ping_status":"closed","template":"","meta":{"_acf_changed":false},"product_brand":[],"product_cat":[67],"product_tag":[],"class_list":{"0":"post-11181","1":"product","2":"type-product","3":"status-publish","4":"has-post-thumbnail","6":"product_cat-jeep-tours","7":"wcpa_has_options","9":"first","10":"instock","11":"virtual","12":"purchasable","13":"product-type-simple"},"acf":[],"wcpa_form_fields":{"wcpaData":{"product":{"product_price":145,"price_html":"From&nbsp;<span class=\"woocommerce-Price-amount amount\"><bdi>145,00&nbsp;<span class=\"woocommerce-Price-currencySymbol\">&euro;<\/span><\/bdi><\/span>","original_product_price":145,"price_including_tax":145,"price_excluding_tax":145,"product_id":{"parent":11181,"variation":false},"is_variable":false,"stock_status":"instock","stock_quantity":null,"parent_sku":"CV11181","product_attributes":[],"custom_fields":[],"is_taxable":false,"product_name":"La Gomera Jeep Safari from Tenerife","hasImage":false},"fields":{"sec_36619078bba64e":{"extra":{"key":"sec_36619078bba64e","section_id":"sec_36619078bba64e","name":"Tickets","status":1,"cl_rule":"show","enableCl":false,"relations":[{"operator":false,"rules":[{"operator":"AND","rules":{"cl_field":"radio-group_665df45fcbc30b","cl_relation":"is","cl_val":"Siam Park Regular Tickets"}}]}],"toggle":true,"title_tag":"h4","show_title":false,"showPrice":"default","form_id":11188,"form_rules":{"exclude_from_discount":true,"fee_label":"Fee","disp_hide_options_price":true,"disp_show_section_price":false,"disp_show_field_price":true,"layout_option":"standard","pric_use_as_fee":false,"process_fee_as":"woo_fee"},"layout_option":"standard"},"fields":[[{"active":true,"col":6,"relations":false,"cl_rule":"show","enableCl":false,"price":"","enablePrice":false,"className":"","label_position":"default","desc_position":"default","type":"select","required":true,"elementId":"select_06619078bba6b6","label":"\ud83c\udf0e Language","name":"select_06619078bba6b6","values":[{"label":"English","value":"English","selected":false,"tempId":"aco_1213","gt_translate_keys":["label"]},{"label":"Dutch","value":"Dutch","selected":false,"tempId":"aco_693","gt_translate_keys":["label"]},{"label":"German","value":"German","selected":false,"tempId":"aco_1567","gt_translate_keys":["label"]},{"label":"French","value":"French","selected":false,"tempId":"aco_1215","gt_translate_keys":["label"]},{"label":"Polish","value":"Polish","selected":false,"tempId":"aco_1212","gt_translate_keys":["label"]},{"label":"Italian","value":"Italian","selected":false,"tempId":"aco_611","gt_translate_keys":["label"]},{"label":"Spanish","value":"Spanish","selected":false,"tempId":"aco_1214","gt_translate_keys":["label"]}],"dropdown_type":"basic","error":false,"placeholder":"None","gt_translate_keys":["label","placeholder"],"price_dependency":false,"cl_dependency":["date_86619078bba66f","date_86619078bba66f","date_86619078bba66f","date-8573541398","date-8573541398","date-0948401647","date-1264231762"],"value":""}],[{"label":"\ud83d\udcc5 Date","active":true,"required":true,"elementId":"date_86619078bba66f","picker_type":"custom","picker_mode":"single","placeholder":"","description":"","tooltip":"","name":"date_86619078bba66f","label_position":"default","desc_position":"default","enablePrice":false,"className":"","enableCl":true,"relations":[{"operator":"and","rules":[{"operator":"or","rules":{"cl_field":"select_06619078bba6b6","cl_relation":"is","cl_val":"Dutch"}},{"operator":"or","rules":{"cl_field":"select_06619078bba6b6","cl_relation":"is","cl_val":"German"}},{"operator":"AND","rules":{"cl_field":"select_06619078bba6b6","cl_relation":"is","cl_val":"French"}}]}],"date_pic_inline":true,"date_pic_inline_hide":true,"min_date":{"type":"days","val":"3"},"max_date":{"type":"days","val":"365"},"date_pic_conf":{"disabledWeeks":[0,6]},"price":"","cl_rule":"show","col":6,"type":"date","error":false,"enableDesign":false,"LabelColor":"","isWeightTemplate":false,"isTemplate":false,"min_quantity":"1","quantity_decimal":false,"quantity_step":"1","quantity_label":"Quantity","repeater_field_label":"{field_label}","repeater_bind":"","gt_translate_keys":["label","placeholder","description","tooltip","repeater_field_label","quantity_label"],"price_dependency":false,"cl_dependency":false,"value":""}],[{"label":"\ud83d\udcc5 Date","active":true,"required":true,"elementId":"date-8573541398","picker_type":"custom","picker_mode":"single","placeholder":"","description":"","tooltip":"","name":"date-8573541398","label_position":"default","desc_position":"default","enablePrice":false,"className":"","enableCl":true,"relations":[{"operator":"and","rules":[{"operator":"or","rules":{"cl_field":"select_06619078bba6b6","cl_relation":"is","cl_val":"English"}},{"operator":false,"rules":{"cl_field":"select_06619078bba6b6","cl_relation":"is","cl_val":"Spanish"}}]}],"enableDesign":false,"LabelColor":"","date_pic_inline":true,"date_pic_inline_hide":true,"min_date":{"type":"days","val":"3"},"max_date":{"type":"days","val":"365"},"date_pic_conf":{"disabledWeeks":[0,2,3,6,4]},"price":"","cl_rule":"show","col":6,"type":"date","error":false,"isWeightTemplate":false,"isTemplate":false,"min_quantity":"1","quantity_decimal":false,"quantity_step":"1","quantity_label":"Quantity","repeater_field_label":"{field_label}","repeater_bind":"","gt_translate_keys":["label","placeholder","description","tooltip","repeater_field_label","quantity_label"],"price_dependency":false,"cl_dependency":false,"value":""}],[{"label":"\ud83d\udcc5 Date","active":true,"required":true,"elementId":"date-0948401647","picker_type":"custom","picker_mode":"single","placeholder":"","description":"","tooltip":"","name":"date-0948401647","label_position":"default","desc_position":"default","enablePrice":false,"className":"","enableCl":true,"relations":[{"operator":"and","rules":[{"operator":false,"rules":{"cl_field":"select_06619078bba6b6","cl_relation":"is","cl_val":"Polish"}}]}],"enableDesign":false,"LabelColor":"","date_pic_inline":true,"date_pic_inline_hide":true,"min_date":{"type":"days","val":"3"},"max_date":{"type":"days","val":"365"},"date_pic_conf":{"disabledWeeks":[0,2,4,5]},"price":"","cl_rule":"show","col":6,"type":"date","error":false,"isWeightTemplate":false,"isTemplate":false,"min_quantity":"1","quantity_decimal":false,"quantity_step":"1","quantity_label":"Quantity","repeater_field_label":"{field_label}","repeater_bind":"","gt_translate_keys":["label","placeholder","description","tooltip","repeater_field_label","quantity_label"],"price_dependency":false,"cl_dependency":false,"value":""}],[{"label":"\ud83d\udcc5 Date","active":true,"required":true,"elementId":"date-1264231762","picker_type":"custom","picker_mode":"single","placeholder":"","description":"","tooltip":"","name":"date-1264231762","label_position":"default","desc_position":"default","enablePrice":false,"className":"","enableCl":true,"relations":[{"operator":"and","rules":[{"operator":false,"rules":{"cl_field":"select_06619078bba6b6","cl_relation":"is","cl_val":"Italian"}}]}],"enableDesign":false,"LabelColor":"","date_pic_inline":true,"date_pic_inline_hide":true,"min_date":{"type":"days","val":"3"},"max_date":{"type":"days","val":"365"},"date_pic_conf":{"disabledWeeks":[0,1,2,3,5,6]},"price":"","cl_rule":"show","col":6,"type":"date","error":false,"isWeightTemplate":false,"isTemplate":false,"min_quantity":"1","quantity_decimal":false,"quantity_step":"1","quantity_label":"Quantity","repeater_field_label":"{field_label}","repeater_bind":"","gt_translate_keys":["label","placeholder","description","tooltip","repeater_field_label","quantity_label"],"price_dependency":false,"cl_dependency":false,"value":""}],[{"elementId":"separator_76619078bba67e","separatorType":"blank","className":"","height":"10","enableCl":false,"relations":false,"cl_rule":"show","col":6,"type":"separator","gt_translate_keys":[],"price_dependency":false,"cl_dependency":false,"value":""}],[{"active":true,"col":6,"relations":false,"cl_rule":"show","enableCl":false,"price":"","enablePrice":false,"className":"","label_position":"default","desc_position":"default","type":"content","required":false,"elementId":"content_106619078bba68a","label":"People","name":"content_106619078bba68a","contentType":"plain","value":"","error":false,"show_in_checkout":true,"inline":false,"gt_translate_keys":["label","value"],"price_dependency":false,"cl_dependency":false}],[{"active":true,"col":6,"relations":[{"operator":false,"rules":[{"operator":"AND","rules":{"cl_field":"","cl_relation":"","cl_val":""}}]}],"cl_rule":"show","enableCl":true,"price":"145","enablePrice":true,"className":"","label_position":"default","desc_position":"default","type":"radio-group","required":false,"elementId":"radio-group_96619078bba696","label":"","name":"radio-group_96619078bba696","values":[{"label":"\ud83d\udc64 Adult (145\u20ac)","value":"Adult","selected":true,"tempId":"aco_32","tooltip":"+12 Years","description":"","gt_translate_keys":["label","tooltip","description"]}],"layOut":"","error":false,"checkUi":"button","priceOptions":"fixed_for_all","pricingType":"fixed","enable_quantity":true,"quantity_label":"","min_quantity":"0","options_tooltip":true,"options_description":true,"gt_translate_keys":["label","quantity_label"],"price_dependency":false,"cl_dependency":false,"value":""}],[{"label":"","active":true,"required":false,"elementId":"radio-group_56619078bba6a2","name":"radio-group_56619078bba6a2","label_position":"default","desc_position":"default","enablePrice":true,"className":"","enableCl":false,"relations":false,"enable_quantity":true,"quantity_label":"","min_quantity":"0","checkUi":"button","layOut":"","values":[{"label":"\ud83d\udc66 Child (118\u20ac)","value":"Child","selected":true,"tempId":"aco_32","tooltip":"3-11 Years","description":"","gt_translate_keys":["label","tooltip","description"]}],"priceOptions":"fixed_for_all","pricingType":"fixed","price":"118","cl_rule":"show","col":6,"type":"radio-group","error":false,"options_tooltip":true,"options_description":true,"gt_translate_keys":["label","quantity_label"],"price_dependency":false,"cl_dependency":false,"value":""}],[{"label":"","active":true,"required":false,"elementId":"radio-group_96619078bba6ad","name":"radio-group_96619078bba6ad","label_position":"default","desc_position":"default","enablePrice":true,"className":"","enableCl":false,"relations":false,"enable_quantity":true,"quantity_label":"","min_quantity":"0","checkUi":"button","layOut":"","options_tooltip":true,"options_description":true,"values":[{"label":"\ud83d\udc76 Toddler (6,25\u20ac)","value":"Toddler","selected":true,"tempId":"aco_32","tooltip":"0-2 Years","description":"","gt_translate_keys":["label","tooltip","description"]}],"priceOptions":"fixed_for_all","pricingType":"fixed","price":"6,25","cl_rule":"show","col":6,"type":"radio-group","error":false,"gt_translate_keys":["label","quantity_label"],"price_dependency":false,"cl_dependency":false,"value":""}],[{"active":true,"col":6,"relations":false,"cl_rule":"show","enableCl":false,"price":"","enablePrice":false,"className":"","label_position":"default","desc_position":"default","type":"separator","required":false,"elementId":"separator_86619078bba6c1","label":"Separator Field","height":"7","separatorType":"blank","error":false,"gt_translate_keys":["label"],"price_dependency":false,"cl_dependency":false,"value":""}],[{"active":true,"col":6,"relations":false,"cl_rule":"show","enableCl":false,"price":"","enablePrice":false,"className":"","label_position":"default","desc_position":"default","type":"text","subtype":"text","required":true,"elementId":"text_76619078bba6ca","label":"\ud83d\ude8c Pickup Location","name":"text_76619078bba6ca","value":"","description":"Free pick-up service in Tenerife South. Simply provide your address or hotel name.","error":false,"isWeightTemplate":false,"isTemplate":false,"min_quantity":"1","quantity_decimal":false,"quantity_step":"1","quantity_label":"Quantity","repeater_field_label":"{field_label}","repeater_bind":"","gt_translate_keys":["label","description","value","repeater_field_label","quantity_label"],"price_dependency":false,"cl_dependency":false}]]}},"config":{"price_override":"always","enable_recaptcha":false,"bind_quantity":false,"quantity_bind_formula":false,"disp_summ_show_option_price":true,"disp_summ_show_product_price":false,"disp_summ_show_total_price":true,"disp_summ_show_fee":true,"disp_summ_show_discount":true,"summary_title":"","options_total_label":"Options Price","total_label":"Total Amount","options_product_label":"Product Price","fee_label":"Fee","discount_label":"Discount","has_price":true,"has_quantity_formula":false},"mc_unit":1,"tax_rate":1,"tax_rate_real":1,"discount":{"percentage":0,"fixed":0},"design":{"conf":{"LabelPosition":"above","DescPosition":"above","UploadField":"custom_1","QuantityFieldStyle":"custom_1"},"css":{"LeftLabelWidth":"120px"}},"formulas":[],"lookuptables":[],"clones":false,"cartKey":false}},"_links":{"self":[{"href":"https:\/\/canaryvip.com\/ro\/wp-json\/wp\/v2\/product\/11181","targetHints":{"allow":["GET"]}}],"collection":[{"href":"https:\/\/canaryvip.com\/ro\/wp-json\/wp\/v2\/product"}],"about":[{"href":"https:\/\/canaryvip.com\/ro\/wp-json\/wp\/v2\/types\/product"}],"replies":[{"embeddable":true,"href":"https:\/\/canaryvip.com\/ro\/wp-json\/wp\/v2\/comments?post=11181"}],"wp:featuredmedia":[{"embeddable":true,"href":"https:\/\/canaryvip.com\/ro\/wp-json\/wp\/v2\/media\/11183"}],"wp:attachment":[{"href":"https:\/\/canaryvip.com\/ro\/wp-json\/wp\/v2\/media?parent=11181"}],"wp:term":[{"taxonomy":"product_brand","embeddable":true,"href":"https:\/\/canaryvip.com\/ro\/wp-json\/wp\/v2\/product_brand?post=11181"},{"taxonomy":"product_cat","embeddable":true,"href":"https:\/\/canaryvip.com\/ro\/wp-json\/wp\/v2\/product_cat?post=11181"},{"taxonomy":"product_tag","embeddable":true,"href":"https:\/\/canaryvip.com\/ro\/wp-json\/wp\/v2\/product_tag?post=11181"}],"curies":[{"name":"wp","href":"https:\/\/api.w.org\/{rel}","templated":true}]}}