{"id":11043,"date":"2024-04-11T00:15:30","date_gmt":"2024-04-10T23:15:30","guid":{"rendered":"https:\/\/canaryvip.com\/?post_type=product&#038;p=11043"},"modified":"2025-08-09T12:45:04","modified_gmt":"2025-08-09T11:45:04","slug":"jeep-teide-masca-guided-tour","status":"publish","type":"product","link":"https:\/\/canaryvip.com\/ro\/shop\/jeep-teide-masca-guided-tour\/","title":{"rendered":"Teide &amp; Masca Jeep Safari Tenerife"},"content":{"rendered":"<h2>\ud83c\udf1f Descoper\u0103 <strong>Teide \u0219i Masca cu turul nostru ghidat de Jeep<\/strong> \ud83d\ude99<\/h2>\n<p>\u00cembarca\u021bi-v\u0103 \u00eentr-o c\u0103l\u0103torie captivant\u0103 cu CanaryVIP, \u00een timp ce v\u0103 ducem \u00eentr-o explorare exclusiv\u0103 a celor mai magnifice peisaje din Tenerife \u0219i a satelor pitore\u0219ti, prin intermediul turului nostru ghidat cu Jeep Teide &amp; Masca. Perfect\u0103 pentru familii, persoane singure sau grupuri mici, aceast\u0103 aventur\u0103 asigur\u0103 o experien\u021b\u0103 intim\u0103 \u0219i de neuitat pentru maximum 8 persoane pe jeep.<\/p>\n<p>Scufund\u0103-te mai ad\u00e2nc \u00een inima insulei Tenerife, experiment\u00e2nd frumuse\u021bea sa natural\u0103 uimitoare \u0219i bogatul s\u0103u patrimoniu cultural, \u00een confortul jeep-urilor noastre robuste, 4\u00d74, ghidate de \u0219oferii no\u0219tri experimenta\u021bi \u0219i multilingvi.<\/p>\n<h3><strong>Puncte de atrac\u021bie ale aventurii extinse: Teide \u0219i Masca<\/strong><\/h3>\n<ul>\n<li>\ud83c\udf0b <strong>Pico Viejo<\/strong>: Experimenta\u021bi frumuse\u021bea impresionant\u0103 a Pico Viejo. Cunoscut pentru craterul s\u0103u multicolor izbitor care se \u00eentinde pe 800 de metri \u00een diametru, acest vulcan emblematic este un spectacol de admirat, oferind priveli\u0219ti de neegalat \u0219i o prezentare vibrant\u0103 a m\u0103iestriei naturii.<\/li>\n<li>\ud83c\udfdc\ufe0f <strong>Roques de Garc\u00eda<\/strong>: Admira\u021bi Roques de Garc\u00eda, forma\u021biuni st\u00e2ncoase impun\u0103toare care puncteaz\u0103 cerul deasupra Parcului Na\u021bional Teide. Aceste structuri ciudate, formate din straturi de materiale diferite, se num\u0103r\u0103 printre cele mai deosebite atrac\u021bii ale turului.<\/li>\n<li>\ud83c\udf04 <strong>Aripe \u0219i Chirche<\/strong>: Plimba\u021bi-v\u0103 pe str\u0103zile fermec\u0103toare din Aripe \u0219i Chirche, c\u0103tune pitore\u0219ti cu o arhitectur\u0103 original\u0103 care dateaz\u0103 din secolele al XVIII-lea \u0219i al XIX-lea. Experimenta\u021bi via\u021ba rural\u0103 autentic\u0103 din Tenerife, \u00eenconjura\u021bi de natur\u0103 \u0219i lini\u0219te.<\/li>\n<li>\ud83c\udfde\ufe0f <strong>Parcul Na\u021bional Teide<\/strong>: Explora\u021bi Parcul Na\u021bional Teide, inclus \u00een Patrimoniul Mondial UNESCO, o minune natural\u0103 dominat\u0103 de maiestuosul Munte Teide. Culorile sale diverse, fauna s\u0103lbatic\u0103 \u0219i peisajele suprarealiste fac din acest parc piesa central\u0103 a excursiei noastre.<\/li>\n<li>\ud83c\udf32 <strong>Vilaflor<\/strong>: Vizita\u021bi Vilaflor, cuib\u0103rit\u0103 printre pini l\u00e2ng\u0103 v\u00e2rful vulcanului. Descoperi\u021bi lini\u0219tea de a tr\u0103i la o asemenea altitudine, bucur\u00e2ndu-v\u0103 de aer curat \u0219i de priveli\u0219tile uimitoare ale parcului na\u021bional.<\/li>\n<li>\ud83c\udfde\ufe0f <strong>Masca<\/strong>: Las\u0103-te fermecat de Masca, unul dintre cele mai pitore\u0219ti sate din Tenerife, care reprezint\u0103 arhitectura natural\u0103 a Canarelor. Turul nostru v\u0103 ofer\u0103 o experien\u021b\u0103 direct\u0103 a acestei localit\u0103\u021bi fermec\u0103toare.<\/li>\n<\/ul>\n<h3><strong>Detalii despre turul \u00eembun\u0103t\u0103\u021bit:<\/strong><\/h3>\n<ul>\n<li>\ud83d\ude99 <strong>Vehicule \u0219i transporturi:<\/strong> Traversa\u021bi terenuri accidentate \u00een Jeep-urile noastre cu trac\u021biune integral\u0103, asigur\u00e2ndu-v\u0103 o aventur\u0103 confortabil\u0103 \u0219i palpitant\u0103. Pentru excursiile care implic\u0103 c\u0103l\u0103torii \u00eentre insule, transferurile cu feribotul sunt incluse, oferind o experien\u021b\u0103 f\u0103r\u0103 cusur.<\/li>\n<li>\ud83d\udc65 <strong>Garan\u021bia pentru grupuri mici:<\/strong> Bucura\u021bi-v\u0103 de o aventur\u0103 mai personalizat\u0103 \u00een grupuri mici, cu maximum 8 pasageri pe Jeep, inclusiv \u0219oferul, ca parte a unui convoi.<\/li>\n<li>\ud83d\udd12 <strong>Op\u021biunea privat\u0103 este disponibil\u0103:<\/strong> Pentru o experien\u021b\u0103 exclusivist\u0103, opta\u021bi pentru turul nostru VIP sau privat, care v\u0103 permite s\u0103 v\u0103 alege\u021bi \u00eenso\u021bitorii pentru c\u0103l\u0103torie.<\/li>\n<li>\ud83d\udd01 <strong>Transport incluziv:<\/strong> Oferim servicii convenabile de preluare \u0219i predare de la locul de cazare sau de la un punct din apropiere, ceea ce face ca experien\u021ba dumneavoastr\u0103 s\u0103 fie lipsit\u0103 de probleme de la \u00eenceput p\u00e2n\u0103 la sf\u00e2r\u0219it.<\/li>\n<\/ul>\n<h3><strong>Informa\u021bii complete despre turism:<\/strong><\/h3>\n<ul>\n<li>\ud83d\udd58 <strong>Durata \u0219i orarul:<\/strong> Turul dureaz\u0103 aproximativ 7 ore, \u00eentre orele 09:00 \u0219i 16:00, permi\u021b\u00e2ndu-v\u0103 s\u0103 v\u0103 cufunda\u021bi pe deplin \u00een frumuse\u021bea insulei Tenerife.<\/li>\n<li>\ud83d\uddd3\ufe0f <strong>Zile disponibile:<\/strong> Porni\u021bi \u00een aceast\u0103 aventur\u0103 de luni p\u00e2n\u0103 s\u00e2mb\u0103t\u0103, oferind op\u021biuni flexibile care s\u0103 se potriveasc\u0103 programului dumneavoastr\u0103.<\/li>\n<li>\ud83c\udf0d <strong>Limbi oferite:<\/strong> Tururile noastre se desf\u0103\u0219oar\u0103 \u00een mai multe limbi, inclusiv \u00een spaniol\u0103, englez\u0103, german\u0103, francez\u0103, italian\u0103, olandez\u0103 \u0219i polonez\u0103, adres\u00e2ndu-se unui public global.<\/li>\n<\/ul>\n<h3><strong>Politica de rezervare \u0219i anulare actualizat\u0103:<\/strong><\/h3>\n<ul>\n<li>\ud83d\udd04 <strong>Anul\u0103ri flexibile:<\/strong> \u00cen\u021belegem c\u0103 planurile se pot schimba, motiv pentru care v\u0103 oferim posibilitatea de a anula sau reprograma turul cu p\u00e2n\u0103 la 24 de ore \u00eenainte, pentru o lini\u0219te maxim\u0103.<\/li>\n<li>\u26c5 <strong>Garan\u021bia meteo:<\/strong> \u00cen cazul \u00een care condi\u021biile meteorologice nefavorabile impun anularea unui tur, ave\u021bi op\u021biunea de a reprograma sau de a primi o rambursare integral\u0103, asigur\u00e2ndu-v\u0103 o experien\u021b\u0103 de rezervare f\u0103r\u0103 griji.<\/li>\n<li>\ud83d\udce9 <strong>Contact u\u0219or:<\/strong> Pentru orice \u00eentreb\u0103ri sau ajust\u0103ri, pur \u0219i simplu <a href=\"https:\/\/canaryvip.com\/ro\/contact\/\">contacta\u021bi-ne<\/a>, iar noi ne vom asigura c\u0103 nevoile dumneavoastr\u0103 sunt \u00eendeplinite.<\/li>\n<\/ul>\n<h4><strong>Rezerva\u021bi-v\u0103 acum aventura Jeep Tenerife!<\/strong><\/h4>\n<p>Nu rata\u021bi aceast\u0103 ocazie unic\u0103 de a explora splendorile din Tenerife cu CanaryVIP. De la m\u0103re\u021bia vulcanic\u0103 a <a href=\"https:\/\/canaryvip.com\/ro\/discover-the-teide-the-ultimate-guide-iconic-volcano\/\">Parcul Na\u021bional Teide<\/a> p\u00e2n\u0103 la atrac\u021bia istoric\u0103 a ora\u0219ului Masca, \u0219i nu numai, porni\u021bi \u00eentr-o c\u0103l\u0103torie plin\u0103 de frumuse\u021be, aventur\u0103 \u0219i pove\u0219ti care a\u0219teapt\u0103 s\u0103 fie descoperite.<\/p>","protected":false},"excerpt":{"rendered":"<p><strong>\ud83d\udd0d Repere ale turului:<\/strong><br \/>\n\u2705 Plat\u0103 sigur\u0103.<br \/>\n\ud83d\uddfb Vizita\u021bi Parcul Na\u021bional Teide.<br \/>\n\ud83d\udee4\ufe0f Vizita\u021bi satul Masca.<br \/>\n\u23f0 Durata \u00cen jur de 7h.<br \/>\n\ud83d\udcc5 De luni p\u00e2n\u0103 s\u00e2mb\u0103t\u0103.<br \/>\n\ud83d\ude8c Pickup \u0219i drop-off la hotel.<br \/>\n\ud83d\udd04 Anulare gratuit\u0103 \u00een 24 de ore.<br \/>\n\ud83e\udd11 Cel mai bun pre\u021b garantat.<br \/>\n\ud83c\udf81 Reduceri de grup disponibile.<br \/>\n\ud83c\udf0d Suport \u00een mai multe limbi.<br \/>\n\ud83c\udf1f Rezerva\u021bi acum \u0219i economisi\u021bi!<\/p>","protected":false},"featured_media":11145,"comment_status":"open","ping_status":"closed","template":"","meta":{"_acf_changed":false},"product_brand":[],"product_cat":[67],"product_tag":[],"class_list":{"0":"post-11043","1":"product","2":"type-product","3":"status-publish","4":"has-post-thumbnail","6":"product_cat-jeep-tours","7":"wcpa_has_options","9":"first","10":"instock","11":"virtual","12":"purchasable","13":"product-type-simple"},"acf":[],"wcpa_form_fields":{"wcpaData":{"product":{"product_price":66,"price_html":"From&nbsp;<span class=\"woocommerce-Price-amount amount\"><bdi>66,00&nbsp;<span class=\"woocommerce-Price-currencySymbol\">&euro;<\/span><\/bdi><\/span>","original_product_price":66,"price_including_tax":66,"price_excluding_tax":66,"product_id":{"parent":11043,"variation":false},"is_variable":false,"stock_status":"instock","stock_quantity":null,"parent_sku":"CV11043","product_attributes":[],"custom_fields":[],"is_taxable":false,"product_name":"Teide & Masca Jeep Safari Tenerife","hasImage":false},"fields":{"sec_2661916538e0c2":{"extra":{"key":"sec_2661916538e0c2","section_id":"sec_2661916538e0c2","name":"Tickets","status":1,"cl_rule":"show","enableCl":false,"relations":[{"operator":false,"rules":[{"operator":"AND","rules":{"cl_field":"radio-group_665df45fcbc30b","cl_relation":"is","cl_val":"Siam Park Regular Tickets"}}]}],"toggle":true,"title_tag":"h4","show_title":false,"showPrice":"default","form_id":11191,"form_rules":{"exclude_from_discount":true,"fee_label":"Fee","disp_hide_options_price":true,"disp_show_section_price":false,"disp_show_field_price":true,"layout_option":"standard","pric_use_as_fee":false,"process_fee_as":"woo_fee"},"layout_option":"standard"},"fields":[[{"active":true,"col":6,"relations":false,"cl_rule":"show","enableCl":false,"price":"","enablePrice":false,"className":"","label_position":"default","desc_position":"default","type":"select","required":true,"elementId":"select_9661916538e0e4","label":"\ud83c\udf0e Language","name":"select_9661916538e0e4","values":[{"label":"English","value":"English","selected":false,"tempId":"aco_1213","gt_translate_keys":["label"]},{"label":"Dutch","value":"Dutch","selected":false,"tempId":"aco_693","gt_translate_keys":["label"]},{"label":"German","value":"German","selected":false,"tempId":"aco_1567","gt_translate_keys":["label"]},{"label":"French","value":"French","selected":false,"tempId":"aco_1215","gt_translate_keys":["label"]},{"label":"Polish","value":"Polish","selected":false,"tempId":"aco_1212","gt_translate_keys":["label"]},{"label":"Italian","value":"Italian","selected":false,"tempId":"aco_611","gt_translate_keys":["label"]},{"label":"Spanish","value":"Spanish","selected":false,"tempId":"aco_1214","gt_translate_keys":["label"]}],"dropdown_type":"basic","error":false,"placeholder":"Select Language","gt_translate_keys":["label","placeholder"],"price_dependency":false,"cl_dependency":["date_8661916538e0f2","date_8661916538e0f2","date_8661916538e0f2","date_8661916538e0f2","date_6661916538e0fc","date_1661916538e106","date_8661916538e10f","radio-group_10661916538e130","radio-group-3329476112","radio-group_2661916538e13c","radio-group-3332331927","radio-group_6661916538e147"],"value":""}],[{"label":"\ud83d\udcc5 Date","active":true,"required":true,"elementId":"date_8661916538e0f2","picker_type":"custom","picker_mode":"single","placeholder":"","description":"","tooltip":"","name":"date_8661916538e0f2","label_position":"default","desc_position":"default","enablePrice":false,"className":"","enableCl":true,"relations":[{"operator":"and","rules":[{"operator":"or","rules":{"cl_field":"select_9661916538e0e4","cl_relation":"is","cl_val":"Dutch"}},{"operator":"or","rules":{"cl_field":"select_9661916538e0e4","cl_relation":"is","cl_val":"German"}},{"operator":"or","rules":{"cl_field":"select_9661916538e0e4","cl_relation":"is","cl_val":"French"}},{"operator":"AND","rules":{"cl_field":"select_9661916538e0e4","cl_relation":"is","cl_val":"English"}}]}],"date_pic_inline":true,"date_pic_inline_hide":true,"min_date":{"type":"days","val":"4"},"max_date":{"type":"days","val":"80"},"date_pic_conf":{"disabledWeeks":[0],"disabledDates":["2025-04-11"]},"price":"","cl_rule":"show","col":6,"type":"date","error":false,"enableDesign":false,"LabelColor":"","isWeightTemplate":false,"isTemplate":false,"min_quantity":"1","quantity_decimal":false,"quantity_step":"1","quantity_label":"Quantity","repeater_field_label":"{field_label}","repeater_bind":"","gt_translate_keys":["label","placeholder","description","tooltip","repeater_field_label","quantity_label"],"price_dependency":false,"cl_dependency":false,"value":""}],[{"label":"\ud83d\udcc5 Date","active":true,"required":true,"elementId":"date_6661916538e0fc","picker_type":"custom","picker_mode":"single","placeholder":"","description":"","tooltip":"","name":"date_6661916538e0fc","label_position":"default","desc_position":"default","enablePrice":false,"className":"","enableCl":true,"relations":[{"operator":"and","rules":[{"operator":false,"rules":{"cl_field":"select_9661916538e0e4","cl_relation":"is","cl_val":"Spanish"}}]}],"enableDesign":false,"LabelColor":"","date_pic_inline":true,"date_pic_inline_hide":true,"min_date":{"type":"days","val":"4"},"max_date":{"type":"days","val":"365"},"date_pic_conf":{"disabledWeeks":[0,1,3,5,6]},"price":"","cl_rule":"show","col":6,"type":"date","error":false,"isWeightTemplate":false,"isTemplate":false,"min_quantity":"1","quantity_decimal":false,"quantity_step":"1","quantity_label":"Quantity","repeater_field_label":"{field_label}","repeater_bind":"","gt_translate_keys":["label","placeholder","description","tooltip","repeater_field_label","quantity_label"],"price_dependency":false,"cl_dependency":false,"value":""}],[{"label":"\ud83d\udcc5 Date","active":true,"required":true,"elementId":"date_1661916538e106","picker_type":"custom","picker_mode":"single","placeholder":"","description":"","tooltip":"","name":"date_1661916538e106","label_position":"default","desc_position":"default","enablePrice":false,"className":"","enableCl":true,"relations":[{"operator":"and","rules":[{"operator":false,"rules":{"cl_field":"select_9661916538e0e4","cl_relation":"is","cl_val":"Polish"}}]}],"enableDesign":false,"LabelColor":"","date_pic_inline":true,"date_pic_inline_hide":true,"min_date":{"type":"days","val":"4"},"max_date":{"type":"days","val":"365"},"date_pic_conf":{"disabledWeeks":[0,1,3,4,5,6]},"price":"","cl_rule":"show","col":6,"type":"date","error":false,"isWeightTemplate":false,"isTemplate":false,"min_quantity":"1","quantity_decimal":false,"quantity_step":"1","quantity_label":"Quantity","repeater_field_label":"{field_label}","repeater_bind":"","gt_translate_keys":["label","placeholder","description","tooltip","repeater_field_label","quantity_label"],"price_dependency":false,"cl_dependency":false,"value":""}],[{"label":"\ud83d\udcc5 Date","active":true,"required":true,"elementId":"date_8661916538e10f","picker_type":"custom","picker_mode":"single","placeholder":"","description":"","tooltip":"","name":"date_8661916538e10f","label_position":"default","desc_position":"default","enablePrice":false,"className":"","enableCl":true,"relations":[{"operator":"and","rules":[{"operator":false,"rules":{"cl_field":"select_9661916538e0e4","cl_relation":"is","cl_val":"Italian"}}]}],"enableDesign":false,"LabelColor":"","date_pic_inline":true,"date_pic_inline_hide":true,"min_date":{"type":"days","val":"4"},"max_date":{"type":"days","val":"365"},"date_pic_conf":{"disabledWeeks":[0,1,2,5,4]},"price":"","cl_rule":"show","col":6,"type":"date","error":false,"isWeightTemplate":false,"isTemplate":false,"min_quantity":"1","quantity_decimal":false,"quantity_step":"1","quantity_label":"Quantity","repeater_field_label":"{field_label}","repeater_bind":"","gt_translate_keys":["label","placeholder","description","tooltip","repeater_field_label","quantity_label"],"price_dependency":false,"cl_dependency":false,"value":""}],[{"elementId":"separator_7661916538e11a","separatorType":"blank","className":"","height":"10","enableCl":false,"relations":false,"cl_rule":"show","col":6,"type":"separator","gt_translate_keys":[],"price_dependency":false,"cl_dependency":false,"value":""}],[{"active":true,"col":6,"relations":[{"operator":false,"rules":[{"operator":"AND","rules":{"cl_field":"select_9661916538e0e4","cl_relation":"is_not","cl_val":"Polish"}}]}],"cl_rule":"show","enableCl":true,"price":"66","enablePrice":true,"className":"","label_position":"default","desc_position":"default","type":"radio-group","required":false,"elementId":"radio-group_10661916538e130","label":"","name":"radio-group_10661916538e130","values":[{"label":"\ud83d\udc64 Adult (66\u20ac)","value":"Adult","selected":true,"tempId":"aco_32","tooltip":"+12 Years","description":"","gt_translate_keys":["label","tooltip","description"]}],"layOut":"","error":false,"checkUi":"button","priceOptions":"fixed_for_all","pricingType":"fixed","enable_quantity":true,"quantity_label":"","min_quantity":"0","options_tooltip":true,"options_description":true,"gt_translate_keys":["label","quantity_label"],"price_dependency":false,"cl_dependency":false,"value":""}],[{"label":"","active":true,"required":false,"elementId":"radio-group-3329476112","name":"radio-group-3329476112","label_position":"default","desc_position":"default","enablePrice":true,"className":"","enableCl":true,"relations":[{"operator":false,"rules":[{"operator":"AND","rules":{"cl_field":"select_9661916538e0e4","cl_relation":"is","cl_val":"Polish"}}]}],"enable_quantity":true,"quantity_label":"","min_quantity":"0","checkUi":"button","layOut":"","options_tooltip":true,"options_description":true,"values":[{"label":"\ud83d\udc64 Adult (70\u20ac)","value":"Adult","selected":true,"tempId":"aco_32","tooltip":"+12 Years","description":"","gt_translate_keys":["label","tooltip","description"]}],"priceOptions":"fixed_for_all","pricingType":"fixed","price":"70","cl_rule":"show","col":6,"type":"radio-group","error":false,"gt_translate_keys":["label","quantity_label"],"price_dependency":false,"cl_dependency":false,"value":""}],[{"label":"","active":true,"required":false,"elementId":"radio-group_2661916538e13c","name":"radio-group_2661916538e13c","label_position":"default","desc_position":"default","enablePrice":true,"className":"","enableCl":true,"relations":[{"operator":false,"rules":[{"operator":"AND","rules":{"cl_field":"select_9661916538e0e4","cl_relation":"is_not","cl_val":"Polish"}}]}],"enable_quantity":true,"quantity_label":"","min_quantity":"0","checkUi":"button","layOut":"","values":[{"label":"\ud83d\udc66 Child (52\u20ac)","value":"Child","selected":true,"tempId":"aco_32","tooltip":"3-11 Years","description":"","gt_translate_keys":["label","tooltip","description"]}],"priceOptions":"fixed_for_all","pricingType":"fixed","price":"52","cl_rule":"show","col":6,"type":"radio-group","error":false,"options_tooltip":true,"options_description":true,"gt_translate_keys":["label","quantity_label"],"price_dependency":false,"cl_dependency":false,"value":""}],[{"label":"","active":true,"required":false,"elementId":"radio-group-3332331927","name":"radio-group-3332331927","label_position":"default","desc_position":"default","enablePrice":true,"className":"","enableCl":true,"relations":[{"operator":false,"rules":[{"operator":"AND","rules":{"cl_field":"select_9661916538e0e4","cl_relation":"is","cl_val":"Polish"}}]}],"enable_quantity":true,"quantity_label":"","min_quantity":"0","checkUi":"button","layOut":"","options_tooltip":true,"options_description":true,"values":[{"label":"\ud83d\udc66 Child (55\u20ac)","value":"Child","selected":true,"tempId":"aco_32","tooltip":"3-11 Years","description":"","gt_translate_keys":["label","tooltip","description"]}],"priceOptions":"fixed_for_all","pricingType":"fixed","price":"55","cl_rule":"show","col":6,"type":"radio-group","error":false,"gt_translate_keys":["label","quantity_label"],"price_dependency":false,"cl_dependency":false,"value":""}],[{"label":"","active":true,"required":false,"elementId":"radio-group_6661916538e147","name":"radio-group_6661916538e147","label_position":"default","desc_position":"default","enablePrice":true,"className":"","enableCl":true,"relations":[{"operator":false,"rules":[{"operator":"AND","rules":{"cl_field":"select_9661916538e0e4","cl_relation":"is_not_empty","cl_val":""}}]}],"enable_quantity":true,"quantity_label":"","min_quantity":"0","checkUi":"button","layOut":"","options_tooltip":true,"options_description":true,"values":[{"label":"\ud83d\udc76 Toddler (Free)","value":"Toddler","selected":true,"tempId":"aco_32","tooltip":"0-2 Years","description":"","gt_translate_keys":["label","tooltip","description"]}],"priceOptions":"fixed_for_all","pricingType":"fixed","price":"0","cl_rule":"show","col":6,"type":"radio-group","error":false,"gt_translate_keys":["label","quantity_label"],"price_dependency":false,"cl_dependency":false,"value":""}],[{"active":true,"col":6,"relations":false,"cl_rule":"show","enableCl":false,"price":"","enablePrice":false,"className":"","label_position":"default","desc_position":"default","type":"separator","required":false,"elementId":"separator_6661916538e151","label":"Separator Field","height":"7","separatorType":"blank","error":false,"gt_translate_keys":["label"],"price_dependency":false,"cl_dependency":false,"value":""}],[{"active":true,"col":6,"relations":false,"cl_rule":"show","enableCl":false,"price":"","enablePrice":false,"className":"","label_position":"default","desc_position":"default","type":"text","subtype":"text","required":false,"elementId":"text_4661916538e15b","label":"\ud83d\ude8c Pickup Location","name":"text_4661916538e15b","value":"","description":"Free pick-up service in Tenerife South. Simply provide your address or hotel name.","error":false,"gt_translate_keys":["label","description","value"],"price_dependency":false,"cl_dependency":false}]]}},"config":{"price_override":"always","enable_recaptcha":false,"bind_quantity":false,"quantity_bind_formula":false,"disp_summ_show_option_price":true,"disp_summ_show_product_price":false,"disp_summ_show_total_price":true,"disp_summ_show_fee":true,"disp_summ_show_discount":true,"summary_title":"","options_total_label":"Options Price","total_label":"Total Amount","options_product_label":"Product Price","fee_label":"Fee","discount_label":"Discount","has_price":true,"has_quantity_formula":false},"mc_unit":1,"tax_rate":1,"tax_rate_real":1,"discount":{"percentage":0,"fixed":0},"design":{"conf":{"LabelPosition":"above","DescPosition":"above","UploadField":"custom_1","QuantityFieldStyle":"custom_1"},"css":{"LeftLabelWidth":"120px"}},"formulas":[],"lookuptables":[],"clones":false,"cartKey":false}},"_links":{"self":[{"href":"https:\/\/canaryvip.com\/ro\/wp-json\/wp\/v2\/product\/11043","targetHints":{"allow":["GET"]}}],"collection":[{"href":"https:\/\/canaryvip.com\/ro\/wp-json\/wp\/v2\/product"}],"about":[{"href":"https:\/\/canaryvip.com\/ro\/wp-json\/wp\/v2\/types\/product"}],"replies":[{"embeddable":true,"href":"https:\/\/canaryvip.com\/ro\/wp-json\/wp\/v2\/comments?post=11043"}],"wp:featuredmedia":[{"embeddable":true,"href":"https:\/\/canaryvip.com\/ro\/wp-json\/wp\/v2\/media\/11145"}],"wp:attachment":[{"href":"https:\/\/canaryvip.com\/ro\/wp-json\/wp\/v2\/media?parent=11043"}],"wp:term":[{"taxonomy":"product_brand","embeddable":true,"href":"https:\/\/canaryvip.com\/ro\/wp-json\/wp\/v2\/product_brand?post=11043"},{"taxonomy":"product_cat","embeddable":true,"href":"https:\/\/canaryvip.com\/ro\/wp-json\/wp\/v2\/product_cat?post=11043"},{"taxonomy":"product_tag","embeddable":true,"href":"https:\/\/canaryvip.com\/ro\/wp-json\/wp\/v2\/product_tag?post=11043"}],"curies":[{"name":"wp","href":"https:\/\/api.w.org\/{rel}","templated":true}]}}