{"id":10522,"date":"2024-03-23T17:19:31","date_gmt":"2024-03-23T17:19:31","guid":{"rendered":"https:\/\/canaryvip.com\/?post_type=product&#038;p=10522"},"modified":"2026-01-01T21:05:33","modified_gmt":"2026-01-01T21:05:33","slug":"submarine-tenerife","status":"publish","type":"product","link":"https:\/\/canaryvip.com\/ro\/shop\/submarine-tenerife\/","title":{"rendered":"Safari subacvatic \u00een Tenerife"},"content":{"rendered":"<h2>\ud83c\udf0a Scufund\u0103-te \u00een ad\u00e2ncuri cu Submarine Safari Tenerife<\/h2>\n<p>Experimenta\u021bi aventura suprem\u0103 cu <strong>safari cu submarinul \u00een Tenerife,<\/strong>\u00a0unde descoperirea palpitant\u0103 se \u00eent\u00e2lne\u0219te cu explorarea educa\u021bional\u0103 sub valuri. Aceast\u0103 c\u0103l\u0103torie unic\u0103 v\u0103 invit\u0103 s\u0103 dezv\u0103lui\u021bi minunile ascunse ale oceanului, ceea ce o face un eveniment obligatoriu pentru orice explorator. \u00cen timp ce observa\u021biile vie\u021bii marine variaz\u0103, esen\u021ba acestei c\u0103l\u0103torii este un motiv conving\u0103tor pentru a v\u0103 \u00eembarca pe un <strong>submarin Tenerife<\/strong> aventur\u0103.<\/p>\n<h4><strong>Explora\u021bi cu emblematicul Yellow Submarine din Tenerife<\/strong><\/h4>\n<p>Submarinul nostru galben emblematic, o minune tehnologic\u0103, se scufund\u0103 \u00eentre 30 \u0219i 60 de metri \u00een ad\u00e2ncurile oceanului. Fi\u021bi martori la frumuse\u021bea hipnotizant\u0103 a lumii subacvatice \u0219i \u00eenv\u0103\u021ba\u021bi despre complexitatea opera\u021bional\u0103 a submarinului de la echipajul nostru experimentat de la bordul acestui <strong>safari cu submarinul \u00een Tenerife.<\/strong><\/p>\n<h4><strong>Submarine Tenerife, o excursie subacvatic\u0103 spectaculoas\u0103<\/strong><\/h4>\n<p>Conceput pentru o explorare subacvatic\u0103 de ultim\u0103 genera\u021bie, submarinul nostru ofer\u0103 vederi intime ale mediului marin. \u00cen timp ce \u00eent\u00e2lnirile cu balene \u0219i delfini sunt mai pu\u021bin frecvente \u00een timpul <strong>safari cu submarinul \u00een Tenerife,<\/strong>\u00a0\u00eencuraj\u0103m oaspe\u021bii s\u0103 exploreze <a href=\"https:\/\/canaryvip.com\/ro\/tenerife\/boat-excursions\/?swcfpc=1\">excursii cu barca pentru observarea balenelor \u0219i delfinilor \u00een Tenerife<\/a> pentru a avea \u0219ansa de a vedea aceste creaturi magnifice dintr-o perspectiv\u0103 unic\u0103.<\/p>\n<h2>\ud83d\udea4 Preg\u0103te\u0219te-te pentru aventura ta cu safari subacvatic \u00een Tenerife<\/h2>\n<p>\u00cencepe\u021bi aventura cu o \u0219edin\u021b\u0103 cuprinz\u0103toare de siguran\u021b\u0103, care v\u0103 va conduce la \u00eembarcare. Pe m\u0103sur\u0103 ce v\u0103 a\u0219eza\u021bi pe scaunele dumneavoastr\u0103, fiecare echipat cu o fereastr\u0103 de vizionare, fi\u021bi gata s\u0103 fi\u021bi captivat de scenele uluitoare din timpul zborului dvs. <strong>safari cu submarinul \u00een Tenerife.<\/strong><\/p>\n<h4><strong>Descoperi\u021bi biodiversitatea marin\u0103 din Insulele Canare<\/strong><\/h4>\n<p>Apele din jurul Insulelor Canare sunt pline de via\u021b\u0103, oferind o vitrin\u0103 uimitoare de pe\u0219ti locali, raze \u0219i, dac\u0103 norocul le este favorabil, delfini sau balene, \u00eembun\u0103t\u0103\u021bind astfel <strong>submarin Tenerife<\/strong> experien\u021b\u0103.<\/p>\n<h4><strong>O experien\u021b\u0103 de vizionare subacvatic\u0103 \u00eembun\u0103t\u0103\u021bit\u0103<\/strong><\/h4>\n<p>Submarinul nostru este echipat cu ecrane TV personale la fiecare port de vizionare, oferind perspective alternative \u0219i informa\u021bii valoroase despre c\u0103l\u0103toria submarinului, inclusiv ad\u00e2ncimea \u0219i temperatura, \u00eembog\u0103\u021bindu-v\u0103. <strong>safari cu submarinul Tenerife<\/strong> aventur\u0103.<\/p>\n<h2>\u2728 Informa\u021bii esen\u021biale pentru Submarine Safari Tenerife<\/h2>\n<p>Submarinul nostru galben de neegalat asigur\u0103 o explorare confortabil\u0103 \u0219i sigur\u0103 pentru toat\u0103 lumea, ceea ce \u00eel face alegerea principal\u0103 pentru un <strong>submarin Tenerife<\/strong> aventur\u0103.<\/p>\n<h4><strong>Submarine Safari Tenerife, ce trebuie s\u0103 \u0219ti\u021bi<\/strong><\/h4>\n<p>Cu o durat\u0103 aproximativ\u0103 de o or\u0103, acord\u0103m prioritate siguran\u021bei \u0219i confortului dumneavoastr\u0103. Rezerv\u0103rile de grup beneficiaz\u0103 de reduceri speciale, ceea ce face din aceast\u0103 activitate o activitate perfect\u0103 pentru grupuri.<\/p>\n<h4><strong>Ce ve\u021bi vedea<\/strong><\/h4>\n<p>Preg\u0103ti\u021bi-v\u0103 pentru \u00eent\u00e2lniri cu diverse forme de via\u021b\u0103 marin\u0103, cu caracteristici speciale pe submarinul nostru pentru a v\u0103 \u00eembun\u0103t\u0103\u021bi experien\u021ba de vizionare, asigur\u00e2ndu-v\u0103 c\u0103 fiecare moment la bord este memorabil.<\/p>\n<h4><strong>\u00cenainte de a v\u0103 \u00eembarca<\/strong><\/h4>\n<p>Ave\u021bi <strong>CanaryVIP<\/strong> Preg\u0103ti\u021bi biletul de c\u0103l\u0103torie \u0219i lua\u021bi \u00een considerare toate m\u0103surile de precau\u021bie necesare pentru a preveni r\u0103ul de mi\u0219care. Aceast\u0103 aventur\u0103 potrivit\u0103 pentru familii prime\u0219te participan\u021bi \u00eencep\u00e2nd cu v\u00e2rsta de 2 ani, cu cerin\u021ba ca copiii sub 16 ani s\u0103 fie \u00eenso\u021bi\u021bi de un adult.<\/p>\n<h3>\ud83d\ude99 Informa\u021bii gratuite privind ridicarea, \u00eent\u00e2lnirea \u0219i politica de c\u0103l\u0103torie<\/h3>\n<p>Your <strong>submarin Tenerife<\/strong> aventura \u00eencepe la <a href=\"https:\/\/maps.app.goo.gl\/NhudtS2DwkDHnEAP8\" target=\"_blank\" rel=\"noopener\">Puerto Amarilla Marina<\/a> \u00een San Miguel de Abona. V\u0103 rug\u0103m s\u0103 v\u0103 asigura\u021bi c\u0103 ajunge\u021bi cu cel pu\u021bin 15 minute \u00eenainte de plecare cu biletul dumneavoastr\u0103 pentru un start f\u0103r\u0103 probleme.<\/p>\n<h4><strong>Servicii de preluare gratuite \u0219i cu plat\u0103<\/strong><\/h4>\n<p>Pentru confortul dumneavoastr\u0103, oferim servicii gratuite de preluare din loca\u021biile din sudul insulei Tenerife, asigur\u00e2nd o modalitate u\u0219oar\u0103 \u0219i confortabil\u0103 de a ajunge la noi. \u00cen plus, pentru oaspe\u021bii no\u0219tri caza\u021bi \u00een Tenerife Nord, este disponibil un serviciu de preluare pl\u0103tit, care ofer\u0103 acces la experien\u021ba noastr\u0103 unic\u0103 de pe \u00eentreaga insul\u0103.<\/p>\n<h4><strong>Anulare f\u0103r\u0103 probleme pentru confortul dumneavoastr\u0103<\/strong><\/h4>\n<p>Oferim flexibilitatea de a anula sau reprograma cu p\u00e2n\u0103 la 24 de ore \u00eenainte de turul dumneavoastr\u0103, f\u0103r\u0103 costuri suplimentare. Anul\u0103rile t\u00e2rzii sau neprezent\u0103rile vor atrage dup\u0103 sine o tax\u0103, ca parte a angajamentului nostru de a fi corec\u021bi fa\u021b\u0103 de to\u021bi oaspe\u021bii no\u0219tri.<\/p>\n<p>Al\u0103tura\u021bi-v\u0103 CanaryVIP pentru o experien\u021b\u0103 de neegalat. <strong>safari cu submarinul \u00een Tenerife,<\/strong>\u00a0unde \u00eembin\u0103m siguran\u021ba, pl\u0103cerea \u0219i respectul pentru mediul marin \u00eentr-o explorare extraordinar\u0103 a ad\u00e2ncurilor oceanului. Sunte\u021bi preg\u0103ti\u021bi pentru aventur\u0103? Scufund\u0103-te cu noi \u0219i descoper\u0103 secretele lumii subacvatice!<\/p>","protected":false},"excerpt":{"rendered":"<p><strong>\ud83d\udd0d Submarin Tenerife:<\/strong><br \/>\n\u2705 Plat\u0103 sigur\u0103.<br \/>\n\ud83d\udc1f Descoper\u0103 via\u021ba marin\u0103.<br \/>\n\ud83d\ude80 1h C\u0103l\u0103torii.<br \/>\n<span>\ud83d\udd59 Cadre temporale multiple.<\/span><br \/>\n\ud83d\udcc5 \u00cen fiecare zi, cu excep\u021bia zilei de s\u00e2mb\u0103t\u0103.<br \/>\n\ud83e\udd11 Cel mai bun pre\u021b garantat.<br \/>\n\ud83d\udc6a Reduceri activate.<br \/>\n\ud83d\udd01 P\u00e2n\u0103 la 24 de ore Anulare.<br \/>\n\ud83c\udf0d Multilingual Crew.<br \/>\n\ud83c\udf1f Rezerva\u021bi acum \u0219i economisi\u021bi!<br \/>\n\ud83d\udccd Plecare din <a href=\"https:\/\/maps.app.goo.gl\/aeD9xSzsoLo9TsdF8\" target=\"_blank\" rel=\"noopener\">Amarilla Golf<\/a>.<\/p>","protected":false},"featured_media":10706,"comment_status":"open","ping_status":"closed","template":"","meta":{"_acf_changed":false},"product_brand":[],"product_cat":[46],"product_tag":[],"class_list":{"0":"post-10522","1":"product","2":"type-product","3":"status-publish","4":"has-post-thumbnail","6":"product_cat-boat-excursions","7":"wcpa_has_options","9":"first","10":"instock","11":"virtual","12":"purchasable","13":"product-type-simple"},"acf":[],"wcpa_form_fields":{"wcpaData":{"product":{"product_price":61,"price_html":"From&nbsp;<span class=\"woocommerce-Price-amount amount\"><bdi>61,00&nbsp;<span class=\"woocommerce-Price-currencySymbol\">&euro;<\/span><\/bdi><\/span>","original_product_price":61,"price_including_tax":61,"price_excluding_tax":61,"product_id":{"parent":10522,"variation":false},"is_variable":false,"stock_status":"instock","stock_quantity":null,"parent_sku":"CV10522","product_attributes":[],"custom_fields":[],"is_taxable":false,"product_name":"Submarine Safari Tenerife","hasImage":false},"fields":{"sec_7661bc90f5e8c6":{"extra":{"key":"sec_7661bc90f5e8c6","section_id":"sec_7661bc90f5e8c6","name":"Default","status":1,"cl_rule":"show","enableCl":false,"relations":[],"toggle":true,"title_tag":"h3","show_title":false,"showPrice":"default","form_id":11259,"form_rules":{"exclude_from_discount":true,"fee_label":"Fee","disp_hide_options_price":true,"disp_show_section_price":false,"disp_show_field_price":true,"layout_option":"standard","pric_use_as_fee":false,"process_fee_as":"woo_fee"},"layout_option":"standard"},"fields":[[{"label":"\ud83d\udcc5 Date","active":true,"required":true,"elementId":"date_9661bc90f5e8e5","picker_type":"custom","picker_mode":"single","placeholder":"","description":"","tooltip":"","name":"date_9661bc90f5e8e5","label_position":"default","desc_position":"default","enablePrice":false,"className":"","enableCl":false,"relations":[{"operator":"and","rules":[{"operator":"AND","rules":{"cl_field":"radio-group_5661bc90f5e8f5","cl_relation":"is_not_empty","cl_val":"3 Hour Trip"}}]}],"date_pic_inline":true,"date_pic_inline_hide":true,"min_date":{"type":"days","val":"2"},"max_date":{"type":"days","val":"365"},"date_pic_conf":{"disabledWeeks":[6],"disabledDates":["2024-05-19 to 2024-05-25"]},"price":"","cl_rule":"show","col":6,"type":"date","error":false,"enableDesign":false,"LabelColor":"","gt_translate_keys":["label","placeholder","description","tooltip"],"price_dependency":false,"cl_dependency":false,"value":""}],[{"active":true,"col":6,"relations":false,"cl_rule":"show","enableCl":false,"price":"","enablePrice":false,"className":"","label_position":"default","desc_position":"default","type":"content","required":false,"elementId":"content_10661bc90f5e917","label":"People","name":"content_10661bc90f5e917","contentType":"plain","value":"","error":false,"show_in_checkout":true,"inline":false,"gt_translate_keys":["label","value"],"price_dependency":false,"cl_dependency":false}],[{"active":true,"col":6,"relations":[{"operator":false,"rules":[{"operator":"AND","rules":{"cl_field":"","cl_relation":"","cl_val":""}}]}],"cl_rule":"show","enableCl":true,"price":"61","enablePrice":true,"className":"","label_position":"default","desc_position":"default","type":"radio-group","required":false,"elementId":"radio-group_5661bc90f5e923","label":"","name":"radio-group_5661bc90f5e923","values":[{"label":"\ud83d\udc64 Adult (61\u20ac)","value":"Adult","selected":true,"tempId":"aco_32","tooltip":"+15 Years","description":"","gt_translate_keys":["label","tooltip","description"]}],"layOut":"","error":false,"checkUi":"button","priceOptions":"fixed_for_all","pricingType":"fixed","enable_quantity":true,"quantity_label":"","min_quantity":"0","options_tooltip":true,"options_description":true,"gt_translate_keys":["label","quantity_label"],"price_dependency":false,"cl_dependency":false,"value":""}],[{"label":"","active":true,"required":false,"elementId":"radio-group_6661bc90f5e92d","name":"radio-group_6661bc90f5e92d","label_position":"default","desc_position":"default","enablePrice":true,"className":"","enableCl":true,"relations":[{"operator":false,"rules":[{"operator":"AND","rules":{"cl_field":"","cl_relation":"","cl_val":""}}]}],"enable_quantity":true,"quantity_label":"","min_quantity":"0","checkUi":"button","layOut":"","options_tooltip":true,"options_description":true,"values":[{"label":"\ud83d\udc66 Child (37\u20ac)","value":"Child","selected":true,"tempId":"aco_32","tooltip":"2-14 Years","description":"","gt_translate_keys":["label","tooltip","description"]}],"priceOptions":"fixed_for_all","pricingType":"fixed","price":"37","cl_rule":"show","col":6,"type":"radio-group","error":false,"gt_translate_keys":["label","quantity_label"],"price_dependency":false,"cl_dependency":false,"value":""}],[{"active":true,"col":6,"relations":false,"cl_rule":"show","enableCl":false,"price":"","enablePrice":false,"className":"","label_position":"default","desc_position":"default","type":"select","required":false,"elementId":"select_2793421639","label":"\ud83c\udf0e Tour Language","name":"select_2793421639","values":[{"label":"\ud83c\uddec\ud83c\udde7 English","value":"English","selected":false,"tempId":"aco_744","gt_translate_keys":["label"]},{"label":"\ud83c\uddea\ud83c\uddf8 Spanish","value":"Spanish","selected":false,"tempId":"aco_754","gt_translate_keys":["label"]},{"label":"\ud83c\udde9\ud83c\uddf0 Danish","value":"Danish","selected":false,"tempId":"aco_354","gt_translate_keys":["label"]},{"label":"\ud83c\udde9\ud83c\uddea Deutsch","value":"Deutsch","selected":false,"tempId":"aco_355","gt_translate_keys":["label"]},{"label":"\ud83c\uddf3\ud83c\uddf1 Dutch","value":"Dutch","selected":false,"tempId":"aco_356","gt_translate_keys":["label"]},{"label":"\ud83c\uddeb\ud83c\uddee Finnish","value":"Finnish","selected":false,"tempId":"aco_1070","gt_translate_keys":["label"]},{"label":"\ud83c\uddeb\ud83c\uddf7 French","value":"French","selected":false,"tempId":"aco_1278","gt_translate_keys":["label"]},{"label":"\ud83c\udded\ud83c\uddfa Hungarian","value":"Hungarian","selected":false,"tempId":"aco_1396","gt_translate_keys":["label"]},{"label":"\ud83c\uddee\ud83c\uddf9 Italian","value":"Italian","selected":false,"tempId":"aco_1568","gt_translate_keys":["label"]},{"label":"\ud83c\uddf5\ud83c\uddf1 Polish","value":"Polish","selected":false,"tempId":"aco_1650","gt_translate_keys":["label"]},{"label":"\ud83c\uddf7\ud83c\uddf4 Romanian","value":"Romanian","selected":false,"tempId":"aco_1660","gt_translate_keys":["label"]},{"label":"\ud83c\uddf8\ud83c\uddea Swedish","value":"Swedish","selected":false,"tempId":"aco_1922","gt_translate_keys":["label"]}],"dropdown_type":"basic","error":false,"placeholder":"Select Preferred Language","gt_translate_keys":["label","placeholder"],"price_dependency":false,"cl_dependency":false,"value":""}]]},"sec_10661bc90f5e958":{"extra":{"key":"sec_10661bc90f5e958","section_id":"sec_10661bc90f5e958","name":"Shuttle Service?","status":1,"cl_rule":"show","enableCl":false,"relations":[{"operator":false,"rules":[{"operator":"AND","rules":{"cl_field":"radio-group_5661bc90f5e8f5","cl_relation":"is_not_empty","cl_val":""}}]}],"toggle":true,"title_tag":"h4","show_title":false,"showPrice":"default","form_id":11259,"form_rules":{"exclude_from_discount":true,"fee_label":"Fee","disp_hide_options_price":true,"disp_show_section_price":false,"disp_show_field_price":true,"layout_option":"standard","pric_use_as_fee":false,"process_fee_as":"woo_fee"},"layout_option":"standard"},"fields":[[{"active":true,"col":6,"relations":false,"cl_rule":"show","enableCl":false,"price":"","enablePrice":false,"className":"","label_position":"default","desc_position":"default","type":"separator","required":false,"elementId":"separator_2797064121","label":"Separator Field","height":"4","separatorType":"blank","error":false,"gt_translate_keys":["label"],"price_dependency":false,"cl_dependency":false,"value":""}],[{"active":true,"col":6,"relations":[{"operator":false,"rules":[{"operator":"or","rules":{"cl_field":"checkbox_9661bc90f5e962","cl_relation":"is_empty","cl_val":"Adult (57\u20ac)"}},{"operator":"AND","rules":{"cl_field":"checkbox_9661bc90f5e962","cl_relation":"is","cl_val":false}}]}],"cl_rule":"show","enableCl":true,"price":"","enablePrice":false,"className":"","label_position":"default","desc_position":"default","type":"text","subtype":"text","required":false,"elementId":"text_4981331526","label":"\ud83d\ude8c South Tenerife Free Pickup","name":"text_4981331526","value":"","description":"Free pick-up service in Tenerife South. Simply provide your address or hotel name.","error":false,"gt_translate_keys":["label","description","value"],"price_dependency":false,"cl_dependency":false}],[{"active":true,"col":6,"relations":false,"cl_rule":"show","enableCl":false,"price":"","enablePrice":false,"className":"","label_position":"default","desc_position":"default","type":"separator","required":false,"elementId":"separator_8316621916","label":"Separator Field","height":"10","separatorType":"blank","gt_translate_keys":["label"],"price_dependency":false,"cl_dependency":false,"value":""}],[{"active":true,"col":6,"relations":false,"cl_rule":"show","enableCl":false,"price":"({field.radio-group_5661bc90f5e923.quantity}*13)+({field.radio-group_6661bc90f5e92d.quantity}*8)","enablePrice":true,"className":"","label_position":"default","desc_position":"below","type":"checkbox","required":false,"elementId":"checkbox_9661bc90f5e962","label":"Pickup from North Tenerife? (13\u20ac)","name":"checkbox_9661bc90f5e962","value":"","check_value":"Yes","checkUi":"toggle","error":false,"description":"Pick-up from your hotel in North Tenerife available for an extra \u20ac13\/adult and \u20ac8\/child.","pricingType":"custom","isTemplate":false,"gt_translate_keys":["label","description","value","check_value"],"price_dependency":false,"cl_dependency":["text_4981331526","text_4981331526","text-6367321769"]}],[{"label":"\ud83d\ude8c North Tenerife Pickup Location","active":true,"required":false,"elementId":"text-6367321769","value":"","description":"Pick-up service in Tenerife North. Simply provide your address or hotel name.","name":"text-6367321769","label_position":"default","desc_position":"default","enablePrice":false,"className":"","enableCl":true,"relations":[{"operator":false,"rules":[{"operator":"AND","rules":{"cl_field":"checkbox_9661bc90f5e962","cl_relation":"is","cl_val":true}}]}],"subtype":"text","price":"","cl_rule":"show","col":6,"type":"text","error":false,"gt_translate_keys":["label","description","value"],"price_dependency":false,"cl_dependency":false}]]}},"config":{"price_override":"always","enable_recaptcha":false,"bind_quantity":false,"quantity_bind_formula":false,"disp_summ_show_option_price":true,"disp_summ_show_product_price":false,"disp_summ_show_total_price":true,"disp_summ_show_fee":true,"disp_summ_show_discount":true,"summary_title":"","options_total_label":"Options Price","total_label":"Total Amount","options_product_label":"Product Price","fee_label":"Fee","discount_label":"Discount","has_price":true,"has_quantity_formula":false},"mc_unit":1,"tax_rate":1,"tax_rate_real":1,"discount":{"percentage":0,"fixed":0},"design":{"conf":{"LabelPosition":"above","DescPosition":"above","UploadField":"custom_1","QuantityFieldStyle":"custom_1"},"css":{"LeftLabelWidth":"120px"}},"formulas":[],"lookuptables":[],"clones":false,"cartKey":false}},"_links":{"self":[{"href":"https:\/\/canaryvip.com\/ro\/wp-json\/wp\/v2\/product\/10522","targetHints":{"allow":["GET"]}}],"collection":[{"href":"https:\/\/canaryvip.com\/ro\/wp-json\/wp\/v2\/product"}],"about":[{"href":"https:\/\/canaryvip.com\/ro\/wp-json\/wp\/v2\/types\/product"}],"replies":[{"embeddable":true,"href":"https:\/\/canaryvip.com\/ro\/wp-json\/wp\/v2\/comments?post=10522"}],"wp:featuredmedia":[{"embeddable":true,"href":"https:\/\/canaryvip.com\/ro\/wp-json\/wp\/v2\/media\/10706"}],"wp:attachment":[{"href":"https:\/\/canaryvip.com\/ro\/wp-json\/wp\/v2\/media?parent=10522"}],"wp:term":[{"taxonomy":"product_brand","embeddable":true,"href":"https:\/\/canaryvip.com\/ro\/wp-json\/wp\/v2\/product_brand?post=10522"},{"taxonomy":"product_cat","embeddable":true,"href":"https:\/\/canaryvip.com\/ro\/wp-json\/wp\/v2\/product_cat?post=10522"},{"taxonomy":"product_tag","embeddable":true,"href":"https:\/\/canaryvip.com\/ro\/wp-json\/wp\/v2\/product_tag?post=10522"}],"curies":[{"name":"wp","href":"https:\/\/api.w.org\/{rel}","templated":true}]}}