{"id":10465,"date":"2024-03-22T00:31:19","date_gmt":"2024-03-22T00:31:19","guid":{"rendered":"https:\/\/canaryvip.com\/?post_type=product&#038;p=10465"},"modified":"2025-08-09T12:48:53","modified_gmt":"2025-08-09T11:48:53","slug":"kayaking-tenerife","status":"publish","type":"product","link":"https:\/\/canaryvip.com\/ro\/shop\/kayaking-tenerife\/","title":{"rendered":"Caiac cu broa\u0219te \u021bestoase Tenerife"},"content":{"rendered":"<h2><strong>\ud83d\udea3 Caiac-canoe \u00een Tenerife - Plimbare prin Paradis<\/strong><\/h2>\n<p>Descoperi\u021bi frumuse\u021bea apelor lini\u0219tite din Tenerife cu ajutorul pachebotului nostru de neegalat. <strong>Aventuri de caiac-canoe.<\/strong>\u00a0. Sim\u021bi\u021bi bucuria de a v\u0103 plimba prin mare, unde entuziasmul sporturilor active se \u00eembin\u0103 cu \u00eembr\u0103\u021bi\u0219area lini\u0219titoare a naturii. Cu <strong>caiac-canoe Tenerife<\/strong> excursii, martor <a href=\"https:\/\/canaryvip.com\/ro\/tenerife\/boat-excursions\/\"><strong>apari\u021bii de delfini<\/strong><\/a> \u0219i <strong>snorkel cu broa\u0219te \u021bestoase<\/strong> \u00eentr-un mod respectuos \u0219i neintruziv, oferind un refugiu ideal pentru iubitorii de natur\u0103.<\/p>\n<h3><strong>\u23f1\ufe0f Explorarea oceanului cu caiac-canoe \u00een Tenerife<\/strong><\/h3>\n<ul>\n<li><strong>Aventur\u0103:<\/strong> Lansa\u021bi-v\u0103 <strong>caiac-canoe Tenerife<\/strong> de pe \u021b\u0103rmurile din Los Cristianos, \u00eembarc\u00e2ndu-se \u00eentr-un amestec de exerci\u021bii acvatice \u0219i de farmecul m\u0103rii deschise. Excursiile noastre promit v\u00e2slituri viguroase \u0219i \u00eent\u00e2lniri personale cu via\u021ba marin\u0103 vibrant\u0103 din Tenerife.<\/li>\n<li><strong>Caracteristici:<\/strong> De\u0219i observa\u021biile de animale s\u0103lbatice pot varia, dedicarea noastr\u0103 de a oferi o experien\u021b\u0103 extraordinar\u0103 <strong>caiac-canoe Tenerife<\/strong> experien\u021ba r\u0103m\u00e2ne constant\u0103.<\/li>\n<li><strong>Avantaje ad\u0103ugate:<\/strong> Dincolo de emo\u021bia caiacului, profita\u021bi de \u0219ansa de a face snorkeling \u00een apele cristaline din Palm Mar, un sanctuar pentru broa\u0219tele \u021bestoase de mare \u0219i o multitudine de specii marine. Acest lucru v\u0103 \u00eembog\u0103\u021be\u0219te aventura, facilit\u00e2nd \u00eent\u00e2lniri apropiate cu minunile oceanului.<\/li>\n<\/ul>\n<h3><strong>\ud83c\udf0a \u00cent\u00e2lnire cu via\u021ba marin\u0103 \u00een timpul unei plimb\u0103ri cu caiacul \u00een Tenerife<\/strong><\/h3>\n<ul>\n<li><strong>Experien\u021b\u0103:<\/strong> V\u00e2sli\u021bi prin apele lini\u0219tite ale insulei Tenerife cu barca noastr\u0103 <strong>excursii cu caiacul<\/strong> pentru a avea \u0219ansa de a observa delfinii \u00een mediul lor natural. De\u0219i nu permitem \u00eenotul cu delfinii, excursiile noastre cultiv\u0103 un sentiment de respect \u0219i admira\u021bie fa\u021b\u0103 de aceste creaturi magnifice.<\/li>\n<li><strong>Puncte de atrac\u021bie:<\/strong> Segmentul de snorkeling v\u0103 ofer\u0103 o scufundare \u00een lumea subacvatic\u0103, cu o mare probabilitate de a \u00eenota al\u0103turi de broa\u0219te \u021bestoase \u0219i raze, prezent\u00e2nd splendoarea \u0219i diversitatea vie\u021bii marine din Tenerife.<\/li>\n<li><strong>Comoditate:<\/strong> Opta\u021bi pentru serviciul nostru de preluare f\u0103r\u0103 stres pentru o mic\u0103 tax\u0103 suplimentar\u0103, garant\u00e2nd un \u00eenceput f\u0103r\u0103 probleme al c\u0103l\u0103toriei dvs. <strong>caiac-canoe Tenerife<\/strong> aventur\u0103. Acord\u0103m prioritate confortului dumneavoastr\u0103, asigur\u00e2ndu-ne c\u0103 fiecare parte a c\u0103l\u0103toriei dumneavoastr\u0103 este perfect\u0103.<\/li>\n<\/ul>\n<h3>\ud83c\udf1f Informa\u021bii esen\u021biale pentru experien\u021ba ta de caiac-canoe \u00een Tenerife<\/h3>\n<ul>\n<li><strong>Asigurarea siguran\u021bei<\/strong>: \u00cen fiecare <strong>caiac-canoe Tenerife<\/strong> este sus\u021binut\u0103 de angajamentul nostru fa\u021b\u0103 de siguran\u021b\u0103. Organiz\u0103m \u0219edin\u021be detaliate de siguran\u021b\u0103 \u00eenainte de fiecare excursie \u0219i echip\u0103m to\u021bi participan\u021bii cu echipamente esen\u021biale, inclusiv veste de salvare \u0219i seturi de snorkeling, pentru o aventur\u0103 sigur\u0103 \u0219i pl\u0103cut\u0103.<\/li>\n<li><strong>Ghiduri multilingve<\/strong>: Ghizii no\u0219tri califica\u021bi sunt cunosc\u0103tori de limba englez\u0103 \u0219i spaniol\u0103, oferind comentarii personalizate \u0219i informative pe tot parcursul c\u0103l\u0103toriei dvs. <strong>caiac-canoe Tenerife<\/strong> excursie. Acest lucru asigur\u0103 o atmosfer\u0103 primitoare pentru aventurierii interna\u021bionali, f\u0103c\u00e2nd ca fiecare moment al excursiei dumneavoastr\u0103 s\u0103 fie at\u00e2t captivant, c\u00e2t \u0219i educativ.<\/li>\n<li><strong>Instruire de specialitate<\/strong>: \u00cenainte de a v\u0103 <strong>caiac-canoe Tenerife<\/strong> \u00cen plus, echipa noastr\u0103 ofer\u0103 sfaturi de specialitate privind tehnicile de caiac-canoe \u0219i practicile de siguran\u021b\u0103. Indiferent dac\u0103 sunte\u021bi \u00eencep\u0103tor sau ave\u021bi experien\u021b\u0103 anterioar\u0103, \u00eendrum\u0103rile noastre au ca scop s\u0103 v\u0103 sporeasc\u0103 \u00eencrederea \u0219i pl\u0103cerea pe ap\u0103.<\/li>\n<\/ul>\n<h3>\ud83d\udcc5 <strong>Asigura\u021bi-v\u0103 aventura dvs. de caiac \u00een Tenerife \u0219i rezerva\u021bi acum<\/strong><\/h3>\n<p>Site-ul nostru <strong>Tenerife excursii cu caiacul<\/strong> au fost atent concepute pentru a v\u0103 cufunda \u00een minunile naturale ale insulei, oferind o experien\u021b\u0103 distinct\u0103 care v\u0103 conecteaz\u0103 intim cu marea.<br \/>\n\u00centruc\u00e2t locurile se ocup\u0103 rapid, v\u0103 recomand\u0103m s\u0103 v\u0103 rezerva\u021bi din timp. Alege\u021bi <strong>CanaryVIP<\/strong> pentru un proces de rezervare f\u0103r\u0103 probleme, asigur\u00e2ndu-v\u0103 un loc \u00een acest paradis acvatic.<\/p>\n<h3>\u2705 <strong>Ce este inclus \u00een c\u0103l\u0103toria dvs. cu caiacul \u00een Tenerife?<\/strong><\/h3>\n<ul>\n<li>Serviciu op\u021bional de preluare \u0219i predare la o tax\u0103 nominal\u0103, pentru a spori confortul aventurii dumneavoastr\u0103.<\/li>\n<li>Un tur ghidat condus de instructori experimenta\u021bi, care \u00eembin\u0103 excursiile cu caiacul \u0219i cele de snorkeling.<\/li>\n<li>Aproximativ 1,5 ore de caiac-canoe, completate de o sesiune de 30 de minute de snorkeling pentru a explora t\u0103r\u00e2mul subacvatic.<\/li>\n<li>Dulapuri pentru a v\u0103 depozita \u00een siguran\u021b\u0103 bunurile \u00een timp ce v\u0103 bucura\u021bi de experien\u021bele acvatice.<\/li>\n<li>Un ghid multilingv care asigur\u0103 o comunicare clar\u0103 \u0219i o experien\u021b\u0103 bogat\u0103.<\/li>\n<\/ul>\n<h3><strong>\u2696\ufe0f Politica de rezervare \u0219i anulare pentru Kayaking \u00een Tenerife:<\/strong><\/h3>\n<ul>\n<li><strong>Planifica\u021bi din timp:<\/strong> Rezerva\u021bi-v\u0103 din timp pentru a v\u0103 asigura un loc \u0219i beneficia\u021bi de o reducere special\u0103 prin CanaryVIP. Nu uita\u021bi, aventurile cu caiacul, \u00een special cele care ofer\u0103 \u00eent\u00e2lniri cu animale s\u0103lbatice, sunt la mare c\u0103utare.<\/li>\n<li><strong>Anul\u0103ri flexibile:<\/strong> Via\u021ba poate fi imprevizibil\u0103. Anula\u021bi cu p\u00e2n\u0103 la 24 de ore \u00eenainte de tur pentru o rambursare complet\u0103. Pentru o experien\u021b\u0103 f\u0103r\u0103 stres, \u00een\u021belegem nevoia de flexibilitate.<\/li>\n<li><strong>Cerin\u021be pentru participan\u021bi:<\/strong> Adecvat pentru persoanele care au o condi\u021bie fizic\u0103 rezonabil\u0103 \u0219i se simt bine \u00een ap\u0103. Nu este nevoie de experien\u021b\u0103 anterioar\u0103 \u00een caiac, dar participan\u021bii trebuie s\u0103 \u0219tie s\u0103 \u00eenoate pentru sesiunea de snorkeling.<\/li>\n<\/ul>\n<h3><strong>\ud83c\udf92 Preg\u0103tirea pentru aventura ta cu caiacul:<\/strong><\/h3>\n<ul>\n<li><strong>Ce trebuie s\u0103 aduce\u021bi:<\/strong> Confortul este esen\u021bial pentru aventura dumneavoastr\u0103. \u00cembr\u0103ca\u021bi-v\u0103 \u00een costum de baie sub un costum de neopren \u00een zilele mai reci. \u00cen timp ce flip-flops nu sunt recomanda\u021bi, pantofii rezisten\u021bi sunt esen\u021biali pentru c\u0103l\u0103torie. Nu uita\u021bi s\u0103 \u00eempacheta\u021bi crem\u0103 de protec\u021bie solar\u0103, o p\u0103l\u0103rie pentru excursiile pe timp de zi \u0219i un prosop pentru post-snorkeling.<\/li>\n<li><strong>Amintiri foto:<\/strong> De\u0219i nu oferim un serviciu foto, v\u0103 invit\u0103m s\u0103 v\u0103 aduce\u021bi aparatul foto sau telefonul pentru a surprinde priveli\u0219tile impresionante. V\u0103 rug\u0103m s\u0103 fi\u021bi con\u0219tien\u021bi de faptul c\u0103 transportul acestor obiecte este pe propriul risc.<\/li>\n<li><strong>S\u0103n\u0103tate \u0219i siguran\u021b\u0103:<\/strong> Pentru a garanta siguran\u021ba \u0219i satisfac\u021bia tuturor participan\u021bilor, activitatea nu este recomandat\u0103 persoanelor care sunt \u00eens\u0103rcinate \u00een peste 5 luni. Este esen\u021bial ca to\u021bi caiaci\u0219tii s\u0103 posede o capacitate de \u00eenot de baz\u0103, \u00een special pentru partea de snorkeling a excursiei.<\/li>\n<\/ul>\n<h3>\u2753 <strong>\u00centreb\u0103ri frecvente: \u00centreb\u0103rile dvs. de caiac r\u0103spuns la \u00eentreb\u0103rile dvs.<\/strong><\/h3>\n<ul>\n<li><strong>Am nevoie de experien\u021b\u0103 anterioar\u0103 \u00een caiac-canoe?<\/strong> Deloc, ghizii no\u0219tri v\u0103 vor preg\u0103ti cu tehnicile de baz\u0103 necesare pentru a v\u00e2sli. Trebuie doar s\u0103 v\u0103 sim\u021bi\u021bi confortabil \u00een ap\u0103 \u0219i s\u0103 fi\u021bi preg\u0103ti\u021bi pentru o zi captivant\u0103.<\/li>\n<li><strong>Ce ar trebui s\u0103 port?<\/strong> Pe l\u00e2ng\u0103 costumul de baie \u0219i crema de protec\u021bie solar\u0103, este recomandabil s\u0103 purta\u021bi un costum de neopren \u00een zilele mai reci. Noi v\u0103 punem la dispozi\u021bie tot echipamentul de siguran\u021b\u0103 \u0219i de snorkeling necesar.<\/li>\n<li><strong>Exist\u0103 restric\u021bii de v\u00e2rst\u0103?<\/strong> Kayakerii trebuie s\u0103 aib\u0103 cel pu\u021bin 6 ani. Copiii \u00eentre 6 \u0219i 11 ani trebuie s\u0103 fie \u00eenso\u021bi\u021bi de un adult.<\/li>\n<li><strong>Pot s\u0103 schimb caiacul?<\/strong> Absolut, pute\u021bi alege s\u0103 face\u021bi caiac solo, cu un partener sau \u00eentr-un grup de trei persoane, f\u0103r\u0103 ca pre\u021bul s\u0103 fie afectat.<\/li>\n<\/ul>\n<h4><strong>\ud83c\udf1e E\u0219ti gata s\u0103 \u00eembr\u0103\u021bi\u0219ezi marea?<\/strong><\/h4>\n<p>Cufunda\u021bi-v\u0103 \u00eentr-o experien\u021b\u0103 de caiac de neuitat \u00een largul coastei din Tenerife. Fie c\u0103 naviga\u021bi pe apele din Los Cristianos, fie c\u0103 admira\u021bi <strong>delfini,<\/strong>\u00a0sau <strong>snorkeling cu broa\u0219te \u021bestoase,<\/strong>\u00a0aventura ta cu <strong>CanaryVIP<\/strong> promite s\u0103 fie un amestec de frumuse\u021be, entuziasm \u0219i amintiri de neuitat.<br \/>\nRezerv\u0103-\u021bi locul ast\u0103zi \u0219i preg\u0103te\u0219te-te s\u0103 fii uimit de minunile oceanului! \ud83d\udea3\u200d\u2640\ufe0f\ud83d\udc2c\ud83d\udc22<\/p>\n<p>Pentru o aventur\u0103 de neegalat pe apele virgine din Tenerife, asigura\u021bi-v\u0103 rezervarea turului de caiac-canoe cu noi ast\u0103zi!<\/p>","protected":false},"excerpt":{"rendered":"<p><strong>\ud83d\udd0d Kayaking Tenerife:<\/strong><br \/>\n\u2705 Plat\u0103 sigur\u0103.<br \/>\n\ud83d\udc0b Observarea de delfini \u0219i broa\u0219te \u021bestoase.<br \/>\n\ud83d\ude80 2h Aventuri.<br \/>\n\ud83e\udd3f Echipament de snorkel furnizat.<br \/>\n\ud83d\udd59 Mai multe ore de plecare.<br \/>\n\ud83d\udcc5 Disponibil \u00een fiecare zi.<br \/>\n\ud83e\udd11 Cel mai bun pre\u021b garantat.<br \/>\n\ud83d\ude8d Serviciu de transfer op\u021bional.<br \/>\n\ud83d\udc6a Reduceri pentru familii \u0219i grupuri.<br \/>\n\ud83d\udd01 Politic\u0103 de anulare \u00een 24 de ore.<br \/>\n\ud83c\udf0d Ghiduri \u00een englez\u0103 \u0219i spaniol\u0103.<br \/>\n\ud83c\udf1f Rezerva\u021bi din timp \u0219i economisi\u021bi.<br \/>\n\ud83d\udccd Plecare din <a href=\"https:\/\/maps.app.goo.gl\/g9c9rZaJv7igjr3t8\">Los Cristianos<\/a>.<\/p>","protected":false},"featured_media":10794,"comment_status":"open","ping_status":"closed","template":"","meta":{"_acf_changed":false},"product_brand":[],"product_cat":[53],"product_tag":[],"class_list":{"0":"post-10465","1":"product","2":"type-product","3":"status-publish","4":"has-post-thumbnail","6":"product_cat-water-sports","7":"wcpa_has_options","9":"first","10":"instock","11":"sale","12":"virtual","13":"purchasable","14":"product-type-simple"},"acf":[],"wcpa_form_fields":{"wcpaData":{"product":{"product_price":35,"price_html":"From&nbsp;<del aria-hidden=\"true\"><span class=\"woocommerce-Price-amount amount\"><bdi>45,00&nbsp;<span class=\"woocommerce-Price-currencySymbol\">&euro;<\/span><\/bdi><\/span><\/del> <span class=\"screen-reader-text\">Pre\u021bul ini\u021bial a fost: 45,00&nbsp;&euro;.<\/span><ins aria-hidden=\"true\"><span class=\"woocommerce-Price-amount amount\"><bdi>35,00&nbsp;<span class=\"woocommerce-Price-currencySymbol\">&euro;<\/span><\/bdi><\/span><\/ins><span class=\"screen-reader-text\">Pre\u021bul curent este: 35,00&nbsp;&euro;.<\/span>","original_product_price":45,"price_including_tax":35,"price_excluding_tax":35,"product_id":{"parent":10465,"variation":false},"is_variable":false,"stock_status":"instock","stock_quantity":null,"parent_sku":"CV10465","product_attributes":[],"custom_fields":[],"is_taxable":false,"product_name":"Kayaking with Turtles Tenerife","hasImage":false},"fields":{"sec_1066337d57eb5e3":{"extra":{"key":"sec_1066337d57eb5e3","section_id":"sec_1066337d57eb5e3","name":"Default","status":1,"cl_rule":"show","enableCl":false,"relations":[],"toggle":true,"title_tag":"h3","show_title":false,"showPrice":"default","form_id":11372,"form_rules":{"exclude_from_discount":true,"fee_label":"Fee","disp_hide_options_price":true,"disp_show_section_price":false,"disp_show_field_price":true,"layout_option":"standard","pric_use_as_fee":false,"process_fee_as":"woo_fee"},"layout_option":"standard"},"fields":[[{"label":"\ud83d\udcc5 Date","active":true,"required":true,"elementId":"date_666337d57eb607","picker_type":"custom","picker_mode":"single","placeholder":"","description":"","tooltip":"","name":"date_666337d57eb607","label_position":"default","desc_position":"default","enablePrice":false,"className":"","enableCl":false,"relations":[{"operator":"and","rules":[{"operator":"AND","rules":{"cl_field":"radio-group_5661bc90f5e8f5","cl_relation":"is_not_empty","cl_val":"3 Hour Trip"}}]}],"date_pic_inline":true,"date_pic_inline_hide":true,"min_date":{"type":"days","val":"0"},"max_date":{"type":"days","val":"365"},"date_pic_conf":{"disabledWeeks":[]},"price":"","cl_rule":"show","col":6,"type":"date","error":false,"enableDesign":false,"LabelColor":"","gt_translate_keys":["label","placeholder","description","tooltip"],"price_dependency":false,"cl_dependency":false,"value":""}],[{"active":true,"col":6,"relations":false,"cl_rule":"show","enableCl":false,"price":"","enablePrice":false,"className":"","label_position":"default","desc_position":"default","type":"select","required":true,"elementId":"select_566337d57eb62f","label":"\u23f0 Departure Time","name":"select_566337d57eb62f","values":[{"label":"Whichever Time is Best","value":"Whichever Time is Best","selected":false,"tempId":"aco_312","gt_translate_keys":["label"]},{"label":"10:00","value":"10:00","selected":false,"tempId":"aco_313","gt_translate_keys":["label"]},{"label":"12:30 (12:30 PM)","value":"12:30","selected":false,"tempId":"aco_314","gt_translate_keys":["label"]},{"label":"14:00 (2:00 PM)","value":"14:00","selected":false,"tempId":"aco_711","gt_translate_keys":["label"]}],"dropdown_type":"basic","error":false,"multiple":false,"placeholder":"None","gt_translate_keys":["label","placeholder"],"price_dependency":false,"cl_dependency":false,"value":""}],[{"active":true,"col":6,"relations":false,"cl_rule":"show","enableCl":false,"price":"","enablePrice":false,"className":"","label_position":"default","desc_position":"default","type":"content","required":false,"elementId":"content_1042762875","label":"","name":"content_1042762875","contentType":"rich","value":"<p>\ud83c\udf9f\ufe0f <strong>Reservation<\/strong>: Pay only a deposit now to reserve; the rest is due on the day of the activity upon arrival.<\/p>","show_in_checkout":true,"error":false,"gt_translate_keys":["label","value"],"price_dependency":false,"cl_dependency":false}],[{"active":true,"col":6,"relations":[{"operator":false,"rules":[{"operator":"AND","rules":{"cl_field":"","cl_relation":"","cl_val":""}}]}],"cl_rule":"show","enableCl":true,"price":"35","enablePrice":true,"className":"","label_position":"default","desc_position":"default","type":"radio-group","required":false,"elementId":"radio-group_166337d57eb617","label":"","name":"radio-group_166337d57eb617","values":[{"label":"\ud83d\udc64 Adult (35\u20ac)","value":"Adult","selected":true,"tempId":"aco_32","tooltip":"+11 Years","description":"","gt_translate_keys":["label","tooltip","description"]}],"layOut":"","error":false,"checkUi":"button","priceOptions":"fixed_for_all","pricingType":"fixed","enable_quantity":true,"quantity_label":"","min_quantity":"0","options_tooltip":true,"options_description":true,"is_show_price":true,"gt_translate_keys":["label","quantity_label"],"price_dependency":false,"cl_dependency":false,"value":""}],[{"label":"","active":true,"required":false,"elementId":"radio-group_166337d57eb624","name":"radio-group_166337d57eb624","label_position":"default","desc_position":"default","enablePrice":true,"className":"","enableCl":true,"relations":[{"operator":false,"rules":[{"operator":"AND","rules":{"cl_field":"","cl_relation":"","cl_val":""}}]}],"enable_quantity":true,"quantity_label":"","min_quantity":"0","checkUi":"button","layOut":"","options_tooltip":true,"options_description":true,"values":[{"label":"\ud83d\udc66 Child (20\u20ac)","value":"Child","selected":true,"tempId":"aco_32","tooltip":"6-10 Years","description":"","gt_translate_keys":["label","tooltip","description"]}],"priceOptions":"fixed_for_all","pricingType":"fixed","price":"20","cl_rule":"show","col":6,"type":"radio-group","error":false,"is_show_price":true,"gt_translate_keys":["label","quantity_label"],"price_dependency":false,"cl_dependency":false,"value":""}],[{"active":true,"col":6,"relations":false,"cl_rule":"show","enableCl":false,"price":"","enablePrice":false,"className":"","label_position":"default","desc_position":"default","type":"separator","required":false,"elementId":"separator_9019492152","label":"Separator Field","height":"6","separatorType":"fill","error":false,"separatorColor":"#66a6b6","gt_translate_keys":["label"],"price_dependency":false,"cl_dependency":false,"value":""}],[{"active":true,"col":6,"relations":false,"cl_rule":"show","enableCl":false,"price":"({field.radio-group_166337d57eb617.quantity}*10)+({field.radio-group_166337d57eb624.quantity}*7.50)","enablePrice":true,"className":"","label_position":"default","desc_position":"default","type":"content","required":false,"elementId":"content_8712621725","label":"Deposit Now","name":"content_8712621725","contentType":"plain","value":"","error":false,"pricingType":"custom","isTemplate":false,"is_show_price":false,"show_in_checkout":true,"enableDesign":true,"LabelSize":"14px","inline":true,"gt_translate_keys":["label","value"],"price_dependency":["content-8850121983"],"cl_dependency":false}],[{"contentType":"plain","active":true,"label":"Payment at Arrival","elementId":"content-8797651822","value":"","name":"content-8797651822","enablePrice":true,"className":"","enableCl":false,"relations":false,"price":"({field.radio-group_166337d57eb617.quantity}*25)+({field.radio-group_166337d57eb624.quantity}*12.50)","cl_rule":"show","col":6,"type":"content","error":false,"is_show_price":true,"pricingType":"custom","isTemplate":false,"show_in_checkout":true,"enableDesign":true,"LabelSize":"14px","inline":true,"gt_translate_keys":["label","value"],"price_dependency":["content-8850121983"],"cl_dependency":false}],[{"contentType":"plain","active":true,"label":"Total Amount","elementId":"content-8850121983","value":"","name":"content-8850121983","enablePrice":true,"className":"","enableCl":false,"relations":false,"price":"{field.content_8712621725.price}+{field.content-8797651822.price}","cl_rule":"show","col":6,"type":"content","error":false,"is_show_price":true,"pricingType":"custom","isTemplate":false,"show_in_checkout":true,"enableDesign":true,"LabelSize":"14px","inline":true,"gt_translate_keys":["label","value"],"price_dependency":false,"cl_dependency":false}]]},"sec_he1t7j115":{"extra":{"key":"sec_he1t7j115","section_id":"sec_he1t7j115","name":"Pickup","status":1,"cl_rule":"show","enableCl":false,"relations":[],"toggle":true,"title_tag":"h4","show_title":false,"showPrice":"default","form_id":11372,"form_rules":{"exclude_from_discount":true,"fee_label":"Fee","disp_hide_options_price":true,"disp_show_section_price":false,"disp_show_field_price":true,"layout_option":"standard","pric_use_as_fee":false,"process_fee_as":"woo_fee"},"layout_option":"standard"},"fields":[[{"active":true,"col":6,"relations":false,"cl_rule":"show","enableCl":false,"price":"","enablePrice":false,"className":"","label_position":"default","desc_position":"default","type":"text","subtype":"text","required":false,"elementId":"text_0736264724","label":"\ud83d\ude8c Pickup Location","name":"text_0736264724","value":"","error":false,"description":"Pick-up service in Tenerife South available for an extra 2\u20ac per person, to be paid on arrival. Please provide your address or hotel name to book the shuttle service; if not needed, leave it blank. | For Callao Salvaje and Palm-Mar, the extra cost is 4\u20ac per person | El M\u00e9dano: 15\u20ac per car | Golf del Sur: 10\u20ac per car.","gt_translate_keys":["label","description","value"],"price_dependency":false,"cl_dependency":false}]]}},"config":{"price_override":"always","enable_recaptcha":false,"bind_quantity":false,"quantity_bind_formula":false,"disp_summ_show_option_price":true,"disp_summ_show_product_price":false,"disp_summ_show_total_price":false,"disp_summ_show_fee":true,"disp_summ_show_discount":true,"summary_title":"","options_total_label":"Options Price","total_label":"Total Amount","options_product_label":"Product Price","fee_label":"Fee","discount_label":"Discount","has_price":true,"has_quantity_formula":false},"mc_unit":1,"tax_rate":1,"tax_rate_real":1,"discount":{"percentage":0,"fixed":0},"design":{"conf":{"LabelPosition":"above","DescPosition":"above","UploadField":"custom_1","QuantityFieldStyle":"custom_1"},"css":{"LeftLabelWidth":"120px"}},"formulas":[],"lookuptables":[],"clones":false,"cartKey":false}},"_links":{"self":[{"href":"https:\/\/canaryvip.com\/ro\/wp-json\/wp\/v2\/product\/10465","targetHints":{"allow":["GET"]}}],"collection":[{"href":"https:\/\/canaryvip.com\/ro\/wp-json\/wp\/v2\/product"}],"about":[{"href":"https:\/\/canaryvip.com\/ro\/wp-json\/wp\/v2\/types\/product"}],"replies":[{"embeddable":true,"href":"https:\/\/canaryvip.com\/ro\/wp-json\/wp\/v2\/comments?post=10465"}],"wp:featuredmedia":[{"embeddable":true,"href":"https:\/\/canaryvip.com\/ro\/wp-json\/wp\/v2\/media\/10794"}],"wp:attachment":[{"href":"https:\/\/canaryvip.com\/ro\/wp-json\/wp\/v2\/media?parent=10465"}],"wp:term":[{"taxonomy":"product_brand","embeddable":true,"href":"https:\/\/canaryvip.com\/ro\/wp-json\/wp\/v2\/product_brand?post=10465"},{"taxonomy":"product_cat","embeddable":true,"href":"https:\/\/canaryvip.com\/ro\/wp-json\/wp\/v2\/product_cat?post=10465"},{"taxonomy":"product_tag","embeddable":true,"href":"https:\/\/canaryvip.com\/ro\/wp-json\/wp\/v2\/product_tag?post=10465"}],"curies":[{"name":"wp","href":"https:\/\/api.w.org\/{rel}","templated":true}]}}