{"id":10186,"date":"2024-03-28T05:27:33","date_gmt":"2024-03-28T05:27:33","guid":{"rendered":"https:\/\/canaryvip.com\/?post_type=product&#038;p=10186"},"modified":"2025-06-28T23:11:45","modified_gmt":"2025-06-28T22:11:45","slug":"rent-a-car-tenerife","status":"publish","type":"product","link":"https:\/\/canaryvip.com\/ro\/shop\/rent-a-car-tenerife\/","title":{"rendered":"Inchiriati o masina Tenerife"},"content":{"rendered":"<h2>\ud83d\ude99 Descoperi\u021bi Tenerife cu serviciul nostru de \u00eenchiriere de ma\u0219ini de lux<\/h2>\n<p>Experimenta\u021bi libertatea suprem\u0103 de a explora peisajele uluitoare din Tenerife \u00een ritmul dumneavoastr\u0103. Site-ul nostru <strong>Inchiriati o masina Tenerife<\/strong> serviciu pe <strong>CanaryVIP<\/strong> ofer\u0103 confort \u0219i flexibilitate de neegalat pentru c\u0103l\u0103toria dumneavoastr\u0103 pe insul\u0103. De la \u00eenmuierea la soare pe plaje imaculate la drume\u021bii prin maiestuoasele <a href=\"https:\/\/canaryvip.com\/ro\/discover-the-teide-the-ultimate-guide-iconic-volcano\/\">Parcul Na\u021bional Teide,<\/a>\u00a0\u0219i descoperirea bijuteriilor ascunse ale insulei, flota noastr\u0103 divers\u0103 este biletul t\u0103u pentru o aventur\u0103 de neuitat.<\/p>\n<h3>\u2b50\ufe0f De ce s\u0103 alege\u021bi Rent a Car Tenerife?<\/h3>\n<p>Aleg\u00e2nd s\u0103 <strong>inchiriati o masina in Tenerife<\/strong> cu CanaryVIP \u00eenseamn\u0103 s\u0103 v\u0103 oferi\u021bi darul libert\u0103\u021bii. Nu mai sunte\u021bi legat de limit\u0103rile transportului public sau de calendarul rigid al excursiilor organizate, ave\u021bi libertatea de a explora aceast\u0103 insul\u0103 uimitoare \u00een ritmul \u0219i \u00een func\u021bie de interesele dumneavoastr\u0103.<\/p>\n<ul>\n<li><strong>Flexibilitate:<\/strong> Site-ul nostru <strong>serviciu de \u00eenchiriere de ma\u0219ini \u00een Tenerife<\/strong> v\u0103 ofer\u0103 posibilitatea de a v\u0103 proiecta itinerariul. De la r\u0103s\u0103ritul la apusul soarelui, dumneavoastr\u0103 decide\u021bi ce s\u0103 vede\u021bi \u0219i c\u00e2nd.<\/li>\n<li><strong>Variet\u0103\u021bi:<\/strong> Flota noastr\u0103 este divers\u0103, r\u0103spunz\u00e2nd tuturor preferin\u021belor \u0219i nevoilor. Fie c\u0103 sunte\u021bi \u00een c\u0103utarea unei ma\u0219ini compacte pentru excursii \u00een ora\u0219 sau a unui SUV spa\u021bios pentru aventuri pe teren accidentat \u00een <strong>Tenerife Sud,<\/strong>\u00a0v\u0103 acoperim noi.<\/li>\n<li><strong>Pre\u021buri competitive:<\/strong> Accesibilitatea f\u0103r\u0103 a sacrifica calitatea este ceea ce ne str\u0103duim s\u0103 facem. Site-ul nostru <strong>\u00eenchiriere de ma\u0219ini<\/strong> op\u021biunile din Tenerife au pre\u021buri care v\u0103 ofer\u0103 cel mai bun raport calitate\/pre\u021b, asigur\u00e2ndu-v\u0103 o explorare a insulei la pre\u021buri accesibile.<\/li>\n<li><strong>Comoditate:<\/strong> Ridica\u021bi ma\u0219ina de \u00eenchiriat din loca\u021bii cheie, cum ar fi <strong><a href=\"https:\/\/maps.app.goo.gl\/YAWX2KPn75tN8YMUA\" target=\"_blank\" rel=\"noopener\">Aeroportul Tenerife Sud<\/a>.<\/strong>\u00a0Din momentul \u00een care ateriza\u021bi, aventura dumneavoastr\u0103 \u00een Tenerife \u00eencepe f\u0103r\u0103 \u00eent\u00e2rziere.<\/li>\n<\/ul>\n<h4>\ud83c\udf0d Explora\u021bi Tenerife ca niciodat\u0103 \u00eenainte<\/h4>\n<p>Farmecul insulei Tenerife nu const\u0103 doar \u00een faimoasele sale plaje \u0219i locuri turistice, ci \u0219i \u00een locurile mai pu\u021bin cunoscute. Cu <strong>\u00eenchiriere de ma\u0219ini Tenerife,<\/strong>\u00a0ve\u021bi fi preg\u0103ti\u021bi s\u0103 explora\u021bi istoria bogat\u0103 a insulei, cultura vibrant\u0103 \u0219i frumuse\u021bea natural\u0103 uimitoare. Trece\u021bi cu ma\u0219ina prin sate pitore\u0219ti, vizita\u021bi pie\u021bele locale \u0219i g\u0103si\u021bi-v\u0103 propria felie de paradis pe plaje izolate.<\/p>\n<h4>\ud83d\udd0d Descoper\u0103 mai multe cu ma\u0219ina de \u00eenchiriat \u00een Tenerife<\/h4>\n<p>Fiecare cotitur\u0103 \u00een Tenerife prezint\u0103 o nou\u0103 descoperire, iar cu <strong>CanaryVIP's rent a car \u00een Tenerife,<\/strong>\u00a0sunte\u021bi liber s\u0103 urm\u0103ri\u021bi fiecare apus de soare, s\u0103 urca\u021bi pe fiecare munte \u0219i s\u0103 v\u0103 bucura\u021bi de fiecare priveli\u0219te. Trece\u021bi dincolo de ghiduri \u0219i face\u021bi din c\u0103l\u0103toria dumneavoastr\u0103 o antologie de experien\u021be personale \u0219i amintiri de neuitat.<\/p>\n<h4>\u2705 Rezervarea a devenit u\u0219oar\u0103<\/h4>\n<p>Procesul nostru de rezervare este simplu \u0219i u\u0219or de utilizat. Selecta\u021bi autovehiculul preferat, alege\u021bi perioada de \u00eenchiriere \u0219i ad\u0103uga\u021bi orice extra de care a\u021bi putea avea nevoie, totul cu doar c\u00e2teva clicuri. Scopul nostru este de a v\u0103 face <strong>\u00eenchiriere de ma\u0219ini \u00een Tenerife<\/strong> experien\u021b\u0103 c\u00e2t mai u\u0219oar\u0103 \u0219i mai lipsit\u0103 de probleme.<\/p>\n<h4>\ud83d\udee1\ufe0f Siguran\u021b\u0103 \u0219i confort<\/h4>\n<p>Siguran\u021ba \u0219i confortul dumneavoastr\u0103 sunt primordiale. Fiecare vehicul din flota noastr\u0103 este \u00eentre\u021binut cu meticulozitate pentru a \u00eendeplini cele mai \u00eenalte standarde de siguran\u021b\u0103 \u0219i performan\u021b\u0103. Atunci c\u00e2nd opta\u021bi pentru <strong>\u00eenchiriere de ma\u0219ini \u00een Tenerife Sud,<\/strong>\u00a0pute\u021bi fi siguri c\u0103 confortul \u0219i bun\u0103starea dumneavoastr\u0103 sunt asigurate.<\/p>\n<h4>\ud83c\udf31 C\u0103l\u0103torii durabile<\/h4>\n<p>Ne-am angajat s\u0103 lu\u0103m ini\u021biative de c\u0103l\u0103torie ecologice. Selec\u021bia noastr\u0103 de vehicule include op\u021biuni care nu afecteaz\u0103 mediul \u00eenconjur\u0103tor, permi\u021b\u00e2ndu-v\u0103 s\u0103 explora\u021bi frumuse\u021bea natural\u0103 a insulei Tenerife, minimiz\u00e2nd \u00een acela\u0219i timp amprenta de carbon.<\/p>\n<h4>\ud83d\udd11 Descoper\u0103 tot ce e mai bun din Tenerife<\/h4>\n<p>Tenerife este o insul\u0103 de o frumuse\u021be \u0219i aventur\u0103 nesf\u00e2r\u0219ite, de la coastele sale \u00eensorite p\u00e2n\u0103 la \u00een\u0103l\u021bimile mistice ale Teidei. Cu ajutorul <strong>servicii de \u00eenchiriere de ma\u0219ini,<\/strong>\u00a0fiecare col\u021b al acestei insule \u00eenc\u00e2nt\u0103toare este la \u00eendem\u00e2na dumneavoastr\u0103. <strong>Rent a car \u00een Tenerife<\/strong> \u0219i porni\u021bi \u00eentr-o c\u0103l\u0103torie de descoperire \u0219i uimire.<\/p>\n<h3>\ud83d\udcd6 Cum s\u0103 v\u0103 rezerva\u021bi ma\u0219ina de \u00eenchiriat<\/h3>\n<p>Ob\u021binerea <strong>inchiriati o masina in Tenerife<\/strong> este la doar c\u00e2teva clicuri distan\u021b\u0103. Sistemul nostru intuitiv de rezerv\u0103ri online este conceput pentru confortul dumneavoastr\u0103, permi\u021b\u00e2ndu-v\u0103 s\u0103 v\u0103 alege\u021bi ma\u0219ina, s\u0103 stabili\u021bi perioada de \u00eenchiriere \u0219i s\u0103 v\u0103 gestiona\u021bi cu u\u0219urin\u021b\u0103 rezervarea. Confirmarea este rapid\u0103, asigur\u00e2ndu-v\u0103 c\u0103 sunte\u021bi gata s\u0103 explora\u021bi imediat ce ajunge\u021bi.<\/p>\n<h4>\ud83d\ude80 Aventura ta te a\u0219teapt\u0103<\/h4>\n<p>Aventura \u00een Tenerife nu se refer\u0103 doar la destina\u021bii, ci \u0219i la c\u0103l\u0103toriile dintre ele. Fiecare traseu pe care \u00eel parcurge\u021bi cu <strong>ma\u0219in\u0103 de \u00eenchiriat \u00een Tenerife<\/strong> dezv\u0103luie ceva nou - un golfule\u021b ascuns, un punct de vedere care \u00ee\u021bi taie respira\u021bia sau un restaurant local care ofer\u0103 arome pe care nu le-ai mai gustat niciodat\u0103. Cu CanaryVIP, cele mai bine p\u0103strate secrete ale insulei devin accesibile, transform\u00e2ndu-v\u0103 c\u0103l\u0103toria \u00eentr-o v\u00e2n\u0103toare de comori de experien\u021be.<\/p>\n<h4>\u23f3 F\u0103 ca fiecare moment s\u0103 conteze<\/h4>\n<p>Atunci c\u00e2nd <strong>\u00eenchiria\u021bi o ma\u0219in\u0103 \u00een Tenerife,<\/strong>\u00a0nu economisi\u021bi doar timp, ci face\u021bi ca fiecare moment al vacan\u021bei s\u0103 conteze. Merge\u021bi cu ma\u0219ina p\u00e2n\u0103 la st\u00e2ncile uimitoare din Los Gigantes pentru a vedea apusul de soare sau g\u0103si\u021bi lini\u0219te pe potecile senine din Parcul Rural Anaga. Timpul petrecut \u00een Tenerife este al t\u0103u, pe care \u00eel po\u021bi petrece a\u0219a cum dore\u0219ti, liber de constr\u00e2ngerile tururilor programate \u0219i ale transportului public.<\/p>\n<h4>\ud83e\uddf3 Adaptat la nevoile dvs.<\/h4>\n<p>\u00cen\u021beleg\u00e2nd faptul c\u0103 fiecare c\u0103l\u0103tor are nevoi unice, serviciile noastre de <strong>\u00eenchiriere de ma\u0219ini Tenerife<\/strong> serviciile ofer\u0103 o gam\u0103 larg\u0103 de op\u021biuni care se potrivesc tuturor preferin\u021belor \u0219i cerin\u021belor. De la decapotabile de lux care v\u0103 permit s\u0103 sim\u021bi\u021bi briza oceanului p\u00e2n\u0103 la minivanuri pentru familii, echipate pentru confort, <strong>CanaryVIP<\/strong> se asigur\u0103 c\u0103 autovehiculul dumneavoastr\u0103 se potrive\u0219te cu c\u0103l\u0103toria pe care v-o imagina\u021bi.<\/p>\n<h3>\ud83c\udf1f Un angajament fa\u021b\u0103 de excelen\u021b\u0103<\/h3>\n<p>La <strong>CanaryVIP<\/strong>, excelen\u021ba se afl\u0103 \u00een centrul a tot ceea ce facem. De la calitatea vehiculelor noastre p\u00e2n\u0103 la serviciile noastre pentru clien\u021bi, ne str\u0103duim s\u0103 v\u0103 dep\u0103\u0219im a\u0219tept\u0103rile. Echipa noastr\u0103 este \u00eentotdeauna gata s\u0103 v\u0103 ofere recomand\u0103ri, s\u0103 v\u0103 ajute cu rutele sau s\u0103 v\u0103 ofere orice sprijin de care ave\u021bi nevoie \u00een timpul <strong>\u00eenchiriere de ma\u0219ini \u00een Tenerife<\/strong> experien\u021b\u0103. Nu suntem doar un serviciu; suntem partenerul dumneavoastr\u0103 de c\u0103l\u0103torie \u00een Tenerife.<\/p>\n<h4>\ud83d\udddd\ufe0f Profita\u021bi de aceast\u0103 oportunitate<\/h4>\n<p>Frumuse\u021bea insulei Tenerife nu a\u0219teapt\u0103 pe nimeni, iar cu CanaryVIP, nu a fost niciodat\u0103 mai u\u0219or s\u0103 profi\u021bi de oportunitatea de a explora aceast\u0103 insul\u0103 paradisiac\u0103. Nu l\u0103sa\u021bi s\u0103 v\u0103 scape printre degete \u0219ansa de a v\u0103 crea propria aventur\u0103. <strong>Rent a car \u00een Tenerife<\/strong> ast\u0103zi \u0219i prelua\u021bi controlul asupra vacan\u021bei dvs., cre\u00e2nd o c\u0103l\u0103torie la fel de unic\u0103 ca \u0219i dvs.<\/p>\n<h4>\u2764\ufe0f Rezerva\u021bi-v\u0103 ast\u0103zi unitatea de vis<\/h4>\n<p>E\u0219ti gata s\u0103 explorezi Tenerife \u00een condi\u021biile tale?<\/p>\n<p>Vizita\u021bi <strong>CanaryVIP<\/strong> acum pentru a v\u0103 rezerva ma\u0219ina de \u00eenchiriat perfect\u0103. Cu doar c\u00e2teva clicuri, ve\u021bi fi pe drumul spre o c\u0103l\u0103torie de neuitat, plin\u0103 de descoperiri, libertate \u0219i bucuria pur\u0103 a explor\u0103rii.<\/p>\n<p>Aventura v\u0103 a\u0219teapt\u0103 cu serviciul de \u00eenchiriere de ma\u0219ini CanaryVIP din Tenerife - rezerva\u021bi acum \u0219i descoperi\u021bi magia insulei Tenerife.<\/p>","protected":false},"excerpt":{"rendered":"<p><strong>\ud83d\udd0d Inchiria\u021bi o ma\u0219in\u0103 \u00een Tenerife:<\/strong><br \/>\n\u2705 Plat\u0103 sigur\u0103.<br \/>\n\ud83d\ude99 Mai multe op\u021biuni pentru ma\u0219ini.<br \/>\n\ud83d\ude80 De la 1 la 30 de zile.<br \/>\n\u2705 Asigurare inclus\u0103.<br \/>\n\ud83c\udfc1 Kilometri nelimitat.<br \/>\n\ud83d\udc64 +25 de ani pot conduce.<br \/>\n\ud83e\udd11 Cel mai bun pre\u021b garantat.<br \/>\n\ud83d\ude8d Livrare gratuit\u0103 la hotelul dumneavoastr\u0103.<br \/>\n\u2708\ufe0f Livrare \u0219i preluare la aeroport.<br \/>\n\ud83d\udc6a Reduceri activate.<br \/>\n\ud83c\udf1f Rezerva\u021bi acum \u0219i economisi\u021bi!<\/p>","protected":false},"featured_media":10916,"comment_status":"open","ping_status":"closed","template":"","meta":{"_acf_changed":false},"product_brand":[],"product_cat":[83],"product_tag":[],"class_list":{"0":"post-10186","1":"product","2":"type-product","3":"status-publish","4":"has-post-thumbnail","6":"product_cat-rentals","7":"wcpa_has_options","9":"first","10":"instock","11":"virtual","12":"purchasable","13":"product-type-simple"},"acf":[],"wcpa_form_fields":{"wcpaData":{"product":{"product_price":50,"price_html":"From&nbsp;<span class=\"woocommerce-Price-amount amount\"><bdi>50,00&nbsp;<span class=\"woocommerce-Price-currencySymbol\">&euro;<\/span><\/bdi><\/span>","original_product_price":50,"price_including_tax":50,"price_excluding_tax":50,"product_id":{"parent":10186,"variation":false},"is_variable":false,"stock_status":"instock","stock_quantity":null,"parent_sku":"CV10186","product_attributes":[],"custom_fields":[],"is_taxable":false,"product_name":"Rent a Car Tenerife","hasImage":false},"fields":{"sec_4668282996d361":{"extra":{"key":"sec_4668282996d361","section_id":"sec_4668282996d361","name":"Contact us","status":1,"cl_rule":"show","enableCl":false,"relations":[],"toggle":true,"title_tag":"h3","show_title":false,"showPrice":"default","form_id":12153,"form_rules":{"exclude_from_discount":true,"fee_label":"Fee","disp_hide_options_price":true,"disp_show_section_price":false,"disp_show_field_price":true,"layout_option":"standard","pric_use_as_fee":false,"process_fee_as":"woo_fee"},"layout_option":"standard"},"fields":[[{"active":true,"col":6,"relations":false,"cl_rule":"show","enableCl":false,"price":"","enablePrice":false,"className":"","label_position":"default","desc_position":"default","type":"content","required":false,"elementId":"content_8291538701","label":"","name":"content_8291538701","contentType":"rich","value":"<p><a href=\"https:\/\/api.whatsapp.com\/send\/?phone=34629670312&amp;text&amp;type=phone_number&amp;app_absent=0\" target=\"_blank\"><strong>Contact us on WhatsApp<\/strong><\/a><strong> to get a personalized price for this activity\/excursion\/rental.<\/strong><\/p>","error":false,"subtype":"div","gt_translate_keys":["label","value"],"price_dependency":false,"cl_dependency":false}]]},"sec_16644ac1d03e64":{"extra":{"key":"sec_16644ac1d03e64","section_id":"sec_16644ac1d03e64","name":"Default","status":1,"cl_rule":"show","enableCl":false,"relations":[],"toggle":true,"title_tag":"h3","show_title":false,"showPrice":"default","form_id":11506,"form_rules":{"exclude_from_discount":true,"fee_label":"Fee","disp_hide_options_price":true,"disp_show_section_price":false,"disp_show_field_price":true,"layout_option":"standard","pric_use_as_fee":false,"process_fee_as":"woo_fee"},"layout_option":"standard"},"fields":[]}},"config":{"price_override":"","enable_recaptcha":false,"bind_quantity":false,"quantity_bind_formula":false,"disp_summ_show_option_price":true,"disp_summ_show_product_price":true,"disp_summ_show_total_price":true,"disp_summ_show_fee":true,"disp_summ_show_discount":true,"summary_title":"","options_total_label":"Options Price","total_label":"Total","options_product_label":"Product Price","fee_label":"Fee","discount_label":"Discount","has_price":true,"has_quantity_formula":false},"mc_unit":1,"tax_rate":1,"tax_rate_real":1,"discount":{"percentage":0,"fixed":0},"design":{"conf":{"LabelPosition":"above","DescPosition":"above","UploadField":"custom_1","QuantityFieldStyle":"custom_1"},"css":{"LeftLabelWidth":"120px"}},"formulas":[],"lookuptables":[],"clones":false,"cartKey":false}},"_links":{"self":[{"href":"https:\/\/canaryvip.com\/ro\/wp-json\/wp\/v2\/product\/10186","targetHints":{"allow":["GET"]}}],"collection":[{"href":"https:\/\/canaryvip.com\/ro\/wp-json\/wp\/v2\/product"}],"about":[{"href":"https:\/\/canaryvip.com\/ro\/wp-json\/wp\/v2\/types\/product"}],"replies":[{"embeddable":true,"href":"https:\/\/canaryvip.com\/ro\/wp-json\/wp\/v2\/comments?post=10186"}],"wp:featuredmedia":[{"embeddable":true,"href":"https:\/\/canaryvip.com\/ro\/wp-json\/wp\/v2\/media\/10916"}],"wp:attachment":[{"href":"https:\/\/canaryvip.com\/ro\/wp-json\/wp\/v2\/media?parent=10186"}],"wp:term":[{"taxonomy":"product_brand","embeddable":true,"href":"https:\/\/canaryvip.com\/ro\/wp-json\/wp\/v2\/product_brand?post=10186"},{"taxonomy":"product_cat","embeddable":true,"href":"https:\/\/canaryvip.com\/ro\/wp-json\/wp\/v2\/product_cat?post=10186"},{"taxonomy":"product_tag","embeddable":true,"href":"https:\/\/canaryvip.com\/ro\/wp-json\/wp\/v2\/product_tag?post=10186"}],"curies":[{"name":"wp","href":"https:\/\/api.w.org\/{rel}","templated":true}]}}