{"id":10109,"date":"2024-02-25T19:09:18","date_gmt":"2024-02-25T19:09:18","guid":{"rendered":"https:\/\/canaryvip.com\/?post_type=product&#038;p=10109"},"modified":"2025-11-25T16:28:10","modified_gmt":"2025-11-25T16:28:10","slug":"gulliver-private-yacht-charter-tenerife","status":"publish","type":"product","link":"https:\/\/canaryvip.com\/ro\/shop\/gulliver-private-yacht-charter-tenerife\/","title":{"rendered":"Gulliver: Yacht Hire Tenerife"},"content":{"rendered":"<h2><strong>\ud83d\udee5\ufe0f Gulliver Yacht = Momente de neuitat<\/strong><\/h2>\n<p>P\u0103\u0219i\u021bi \u00eentr-o lume de \u00eenc\u00e2ntare maritim\u0103 cu iahtul Gulliver, cel mai important iaht pentru familii din Tenerife, conceput pentru a oferi un amestec perfect de senza\u021bii tari, agrement \u0219i experien\u021be memorabile. Aceast\u0103 bijuterie de 20 de metri preg\u0103te\u0219te terenul pentru o aventur\u0103 maritim\u0103 de neegalat, perfect\u0103 pentru familiile \u0219i grupurile care caut\u0103 o por\u021biune exclusiv\u0103 de paradis oceanic.<\/p>\n<h3>\u2b50\ufe0f <strong>Bucurie \u0219i confort f\u0103r\u0103 limite la bord<\/strong><\/h3>\n<p><span style=\"text-decoration: underline;\"><strong>Descoperi\u021bi caracteristicile excep\u021bionale ale lui Gulliver:<\/strong><\/span><\/p>\n<ul>\n<li>O teras\u0103 spa\u021bioas\u0103, proiectat\u0103 pentru o distrac\u021bie maxim\u0103 a familiei.<\/li>\n<li>Perne de soare primitoare pentru a v\u0103 bucura de soare \u00een condi\u021bii de confort.<\/li>\n<li>Juc\u0103rii de ap\u0103 r\u0103coritoare, inclusiv un tobogan gonflabil, pl\u0103ci de paddleboard \u0219i scutere subacvatice pentru toate v\u00e2rstele.<\/li>\n<li>Op\u021biuni de luat masa somptuoase care r\u0103spund la diverse nevoi dietetice, inclusiv op\u021biuni f\u0103r\u0103 gluten.<\/li>\n<li>R\u0103coritoare nelimitate: b\u0103uturi r\u0103coritoare, vin, bere, sangria \u0219i cava pentru a v\u0103 \u00eembun\u0103t\u0103\u021bi c\u0103l\u0103toria pe mare.<\/li>\n<\/ul>\n<h4>\ud83d\udea4 <strong>\u00cembarca\u021bi-v\u0103 \u00eentr-o c\u0103l\u0103torie de descoperire<\/strong><\/h4>\n<p>Aventura ta \u00eencepe la <a href=\"https:\/\/www.google.com\/maps\/place\/Puerto+Col%C3%B3n\/@28.078002,-16.7394902,17z\/data=!3m2!4b1!5s0xc6a97433884bdf9:0x76d293b7b99db23a!4m6!3m5!1s0xc6a9743509c9ebf:0xd62345524f768247!8m2!3d28.078002!4d-16.7369153!16s%2Fg%2F11c6cqryw_?entry=ttu\" target=\"_blank\" rel=\"noopener\">Puerto Col\u00f3n<\/a>, \u00een inima vie\u021bii marine vibrante din Costa Adeje, unde Gulliver v\u0103 a\u0219teapt\u0103 s\u0103 v\u0103 duc\u0103 \u00eentr-o c\u0103l\u0103torie intim\u0103, limitat\u0103 la 12 persoane. Acest lucru asigur\u0103 o experien\u021b\u0103 personal\u0103 \u0219i exclusiv\u0103, fie c\u0103 naviga\u021bi pentru c\u00e2teva ore sau v\u0103 \u00eembarca\u021bi \u00eentr-o explorare grandioas\u0103.<\/p>\n<h4>\ud83c\udf0a <strong>Implic\u0103-te \u00een activit\u0103\u021bi maritime de neegalat<\/strong><\/h4>\n<p>\u00cen momentul \u00een care v\u0103 urca\u021bi la bordul lui Gulliver, aventura v\u0103 cheam\u0103. Apele hipnotizante ale insulei Tenerife devin terenul t\u0103u de joac\u0103, oferindu-\u021bi oportunit\u0103\u021bi nelimitate de distrac\u021bie \u0219i descoperire. Scufunda\u021bi-v\u0103 \u00een \u00eembr\u0103\u021bi\u0219area r\u0103coroas\u0103 a m\u0103rii, plimba\u021bi-v\u0103 pe valuri pe un paddle-board sau explora\u021bi lumea subacvatic\u0103 cu echipamentul nostru de snorkeling de top. Fiecare activitate este conceput\u0103 pentru ca aventura dvs. maritim\u0103 s\u0103 fie cu adev\u0103rat de neuitat, invit\u00e2ndu-v\u0103 s\u0103 v\u0103 crea\u021bi amintiri care vor dura o via\u021b\u0103 \u00eentreag\u0103.<\/p>\n<h4>\ud83d\udc2c <strong>Elegan\u021b\u0103 elevat\u0103 la o valoare excep\u021bional\u0103<\/strong><\/h4>\n<p>CanaryVIP ridic\u0103 <a href=\"https:\/\/canaryvip.com\/ro\/tenerife\/boat-hire-tenerife\/?swcfpc=1\">yacht charter<\/a> experien\u021b\u0103 cu Gulliver, care \u00eembin\u0103 luxul opulent cu o valoare imbatabil\u0103. Descoperi\u021bi o aventur\u0103 \u00een care accesibilitatea \u00eent\u00e2lne\u0219te rafinamentul, cu tarife competitive care cuprind toate facilit\u0103\u021bile \u0219i serviciile necesare pentru o c\u0103l\u0103torie remarcabil\u0103 pe mare.<\/p>\n<h3>\ud83d\udd52 <strong>Alege-\u021bi aventura: De la chartere de o zi la sejururi prelungite<\/strong><\/h3>\n<ul>\n<li><b>Carta de 3,5 ore: <\/b>C\u0103uta\u021bi o modalitate distractiv\u0103 \u0219i u\u0219oar\u0103 de a v\u0103 bucura de ocean? Acest charter privat de 3,5 ore este perfect pentru familii sau grupuri care doresc o introducere relaxat\u0103 \u00een coasta uimitoare din Tenerife. \u00cenota\u021bi, practica\u021bi snorkeling \u0219i bucura\u021bi-v\u0103 de briza m\u0103rii \u00een timp ce profita\u021bi din plin de toboganul nostru acvatic de la bord - un favorit at\u00e2t al copiilor, c\u00e2t \u0219i al adul\u021bilor!<\/li>\n<li><b>Carta de 5 ore: <\/b><span style=\"font-weight: 400;\">Ave\u021bi nevoie de mai mult timp pentru a explora? Carta de 5 ore v\u0103 ofer\u0103 echilibrul perfect \u00eentre aventur\u0103 \u0219i relaxare. Ve\u021bi naviga de-a lungul coastei, ve\u021bi ancora \u00een golfuri ascunse \u0219i v\u0103 ve\u021bi bucura de \u00eenot, snorkeling \u0219i plaj\u0103. Desigur, toboganul de ap\u0103 este \u00eentotdeauna preg\u0103tit pentru un plus de distrac\u021bie pe ap\u0103. Ideal pentru cei care doresc s\u0103 ia lucrurile \u00een propriul lor ritm.<\/span><\/li>\n<li><b>7-Hour Charter - Excursie la Los Gigantes: <\/b><span style=\"font-weight: 400;\">Pentru o zi cu adev\u0103rat de neuitat pe mare, charterul nostru de 7 ore v\u0103 duce p\u00e2n\u0103 la st\u00e2ncile dramatice din Los Gigantes - una dintre cele mai emblematice minuni naturale din Tenerife. Pe drum, ve\u021bi avea suficient timp s\u0103 \u00eenota\u021bi, s\u0103 face\u021bi snorkeling \u0219i s\u0103 v\u0103 bucura\u021bi de fiecare col\u021b al acestei c\u0103l\u0103torii uluitoare. Toboganul de ap\u0103 de la bord adaug\u0103 o not\u0103 juc\u0103u\u0219\u0103, ceea ce \u00eel face un hit pentru grupuri, familii sau cupluri care doresc s\u0103 experimenteze Tenerife dintr-o perspectiv\u0103 cu totul nou\u0103.<\/span><\/li>\n<\/ul>\n<h3>\u2705 <strong>Tot ce ave\u021bi nevoie pentru o zi perfect\u0103 pe mare<\/strong><\/h3>\n<ul>\n<li>M\u00e2nc\u0103ruri gourmet gratuite \u0219i b\u0103uturi nelimitate pentru toate v\u00e2rstele.<\/li>\n<li>Un echipaj experimentat, multilingv, gata s\u0103 v\u0103 satisfac\u0103 toate nevoile, inclusiv o chelneri\u021b\u0103 \u0219i un c\u0103pitan dedicat.<\/li>\n<li>Echipament complet de snorkeling pentru aventuri subacvatice.<\/li>\n<li>Tratament VIP cu scaune confortabile \u0219i spa\u021biu amplu pentru fiecare oaspete.<\/li>\n<\/ul>\n<h3>\ud83d\udccd <strong>\u00cembarcarea din Puerto Col\u00f3n: Poarta ta de intrare spre aventur\u0103<\/strong><\/h3>\n<p>Situat la Poarta 3, \u00een inima plin\u0103 de via\u021b\u0103 a Costa Adeje, Puerto Col\u00f3n este punctul de plecare perfect pentru experien\u021ba Gulliver Yacht. Sosi\u021bi cu doar 15 minute \u00eenainte de plecarea programat\u0103 pentru a v\u0103 asigura un \u00eenceput f\u0103r\u0103 probleme al aventurii dumneavoastr\u0103, cu o parcare convenabil\u0103 disponibil\u0103 \u00een port pentru un acces u\u0219or.<\/p>\n<h4>\ud83d\udcdc <strong>Rezervare f\u0103r\u0103 efort \u0219i politici clare pentru lini\u0219te sufleteasc\u0103<\/strong><\/h4>\n<p>\u00cembarcarea \u00eentr-o aventur\u0103 Gulliver Yacht este conceput\u0103 pentru a fi c\u00e2t mai u\u0219oar\u0103, din momentul \u00een care face\u021bi rezervarea \u0219i p\u00e2n\u0103 c\u00e2nd v\u0103 urca\u021bi la bord. CanaryVIP acord\u0103 prioritate confortului \u0219i securit\u0103\u021bii dumneavoastr\u0103, asigur\u00e2ndu-se c\u0103 fiecare aspect al c\u0103l\u0103toriei dumneavoastr\u0103 este acoperit cu claritate \u0219i grij\u0103.<\/p>\n<ul>\n<li><strong>Garan\u021bia meteo<\/strong>: Monitoriz\u0103m m\u0103rile pentru a naviga f\u0103r\u0103 probleme. \u00cen cazul unor condi\u021bii nefavorabile, alege\u021bi \u00eentre reprogramare sau rambursare integral\u0103, asigur\u00e2ndu-v\u0103 siguran\u021ba \u0219i satisfac\u021bia \u00een primul r\u00e2nd.<\/li>\n<li><strong>Anulare flexibil\u0103<\/strong>: Planurile se schimb\u0103, iar noi \u00een\u021belegem. Anula\u021bi cu p\u00e2n\u0103 la 5 zile \u00eenainte de c\u0103l\u0103toria dvs. pentru o rambursare complet\u0103. Mai pu\u021bin de 5 zile de preaviz sau neprezent\u0103rile, din p\u0103cate, nu pot fi rambursate. V\u0103 rug\u0103m s\u0103 re\u021bine\u021bi c\u0103 taxele de procesare a pl\u0103\u021bii, echivalente cu 3% din plata total\u0103, nu sunt rambursabile \u00een niciun caz.<\/li>\n<li><strong>Bilete Easy Access<\/strong>: P\u0103stra\u021bi la \u00eendem\u00e2n\u0103 cartea de \u00eembarcare pe telefon sau tip\u0103rit\u0103 pentru mai mult\u0103 comoditate. Biletele noastre digitale v\u0103 asigur\u0103 c\u0103 sunte\u021bi gata s\u0103 porni\u021bi la drum f\u0103r\u0103 probleme.<\/li>\n<li><strong>\u00cengrijire cuprinz\u0103toare<\/strong>: Dac\u0103 nu v\u0103 sim\u021bi\u021bi bine sau decide\u021bi s\u0103 v\u0103 \u00eencheia\u021bi c\u0103l\u0103toria mai devreme, echipa noastr\u0103 este aici pentru a v\u0103 ajuta, de\u0219i nu se pot oferi ramburs\u0103ri pentru astfel de cazuri.<\/li>\n<li><strong>Flexibilitatea pl\u0103\u021bilor<\/strong>: Alege\u021bi metoda de plat\u0103 care v\u0103 convine.<\/li>\n<\/ul>\n<p><strong>\ud83c\udf0a\ud83c\udf1f\ud83d\udee5\ufe0f Rezerva\u021bi-v\u0103 experien\u021ba Gulliver Yacht cu CanaryVIP ast\u0103zi \u0219i deschide\u021bi u\u0219a c\u0103tre momente de neuitat pe mare.<\/strong><\/p>","protected":false},"excerpt":{"rendered":"<p><strong>\ud83d\udd0d Gulliver Charter:<\/strong><br \/>\n\u2705 Plat\u0103 sigur\u0103.<br \/>\n\ud83d\udd10 Tururi private disponibile.<br \/>\n<span>\ud83d\udc65 Tururi \u00een comun disponibile.<\/span><br \/>\n\ud83d\udee5\ufe0f 20m Yacht Confort Yacht.<br \/>\n\u23f3 Tururi zilnice de 3-9h.<br \/>\n\ud83d\udd59 Orele de plecare personalizabile.<br \/>\n\ud83c\udf74 Mese \u0219i b\u0103uturi incluse.<br \/>\n\ud83d\udc65 P\u00e2n\u0103 la 12 persoane.<br \/>\n\ud83e\udd29 Gonflabile distractive.<br \/>\n\ud83d\udef6 Caiace incluse.<br \/>\n\ud83d\udeb2 Biciclete cu ap\u0103 de mare.<br \/>\n\ud83d\udedd Ultimate Water Slide.<br \/>\n\ud83c\udfc4\u200d\u2640\ufe0f Pl\u0103ci cu v\u00e2sle incluse.<br \/>\n\ud83e\udd3f Se ofer\u0103 echipament de snorkel.<br \/>\n\ud83d\udd0a Red\u0103-\u021bi muzica.<br \/>\n\ud83e\udd11 Cel mai bun pre\u021b garantat.<br \/>\n\ud83d\udc6a Reduceri activate.<br \/>\n\ud83d\udd01 Anulare de p\u00e2n\u0103 la 5 zile.<br \/>\n\ud83c\udf0d Multilingual Crew.<br \/>\n\ud83c\udf1f Rezerva\u021bi din timp \u0219i economisi\u021bi!<br \/>\n\ud83d\udccd Plecare din\u00a0<a href=\"https:\/\/maps.app.goo.gl\/ocJuu7A8R1JWjPbS9\">Puerto Colon<\/a>.<\/p>","protected":false},"featured_media":10114,"comment_status":"open","ping_status":"closed","template":"","meta":{"_acf_changed":false},"product_brand":[],"product_cat":[47],"product_tag":[],"class_list":{"0":"post-10109","1":"product","2":"type-product","3":"status-publish","4":"has-post-thumbnail","6":"product_cat-boat-hire-tenerife","7":"wcpa_has_options","9":"first","10":"instock","11":"sale","12":"virtual","13":"purchasable","14":"product-type-simple"},"acf":[],"wcpa_form_fields":{"wcpaData":{"product":{"product_price":895,"price_html":"From&nbsp;<del aria-hidden=\"true\"><span class=\"woocommerce-Price-amount amount\"><bdi>950,00&nbsp;<span class=\"woocommerce-Price-currencySymbol\">&euro;<\/span><\/bdi><\/span><\/del> <span class=\"screen-reader-text\">Pre\u021bul ini\u021bial a fost: 950,00&nbsp;&euro;.<\/span><ins aria-hidden=\"true\"><span class=\"woocommerce-Price-amount amount\"><bdi>895,00&nbsp;<span class=\"woocommerce-Price-currencySymbol\">&euro;<\/span><\/bdi><\/span><\/ins><span class=\"screen-reader-text\">Pre\u021bul curent este: 895,00&nbsp;&euro;.<\/span>","original_product_price":950,"price_including_tax":895,"price_excluding_tax":895,"product_id":{"parent":10109,"variation":false},"is_variable":false,"stock_status":"instock","stock_quantity":null,"parent_sku":"CV10109","product_attributes":[],"custom_fields":[],"is_taxable":false,"product_name":"Gulliver: Yacht Hire Tenerife","hasImage":false},"fields":{"sec_96638f078b8951":{"extra":{"key":"sec_96638f078b8951","section_id":"sec_96638f078b8951","name":"Default","status":1,"cl_rule":"show","enableCl":false,"relations":[],"toggle":true,"title_tag":"h3","show_title":false,"showPrice":"default","form_id":11398,"form_rules":{"exclude_from_discount":true,"fee_label":"Fee","disp_hide_options_price":true,"disp_show_section_price":false,"disp_show_field_price":true,"layout_option":"standard","pric_use_as_fee":false,"process_fee_as":"woo_fee"},"layout_option":"standard"},"fields":[[{"label":"\ud83d\udcc5 Date","active":true,"required":true,"elementId":"date_106638f078b8973","picker_type":"custom","picker_mode":"single","placeholder":"","description":"","tooltip":"","name":"date_106638f078b8973","label_position":"default","desc_position":"default","enablePrice":false,"className":"","enableCl":false,"relations":[{"operator":"and","rules":[{"operator":"AND","rules":{"cl_field":"radio-group_565c78ffa81208","cl_relation":"is","cl_val":"3 Hour Trip"}}]}],"date_pic_inline":true,"date_pic_inline_hide":true,"min_date":{"type":"days","val":"1"},"max_date":{"type":"days","val":"365"},"date_pic_conf":{"disabledWeeks":[],"disabledDates":["2024-06-30","2024-07-25","2024-11-28 to 2024-12-04","2025-03-29"]},"price":"","cl_rule":"show","col":6,"type":"date","error":false,"enableDesign":false,"LabelColor":"","gt_translate_keys":["label","placeholder","description","tooltip"],"price_dependency":false,"cl_dependency":false,"value":""}],[{"elementId":"separator_66638f078b898d","separatorType":"blank","className":"","height":"3","enableCl":false,"relations":false,"cl_rule":"show","col":6,"type":"separator","error":false,"gt_translate_keys":[],"price_dependency":false,"cl_dependency":false,"value":""}],[{"active":true,"col":6,"relations":false,"cl_rule":"show","enableCl":false,"price":"","enablePrice":true,"className":"","label_position":"default","desc_position":"default","type":"select","required":true,"elementId":"select_96638f078b8998","label":"\u23f3 Trip Duration","name":"select_96638f078b8998","values":[{"label":"3.5 Hours (895\u20ac)","value":"3","selected":false,"tempId":"aco_556","price":"895","gt_translate_keys":["label"]},{"label":"5 Hours (1.200\u20ac)","value":"5","selected":false,"tempId":"aco_141","price":"1200","gt_translate_keys":["label"]},{"label":"7 Hours (1.750\u20ac)","value":"7","selected":false,"tempId":"aco_151","price":"1750","gt_translate_keys":["label"]}],"dropdown_type":"basic","error":false,"placeholder":"Select Trip Duration","priceOptions":"different_for_all","pricingType":"fixed","is_show_price":false,"gt_translate_keys":["label","placeholder"],"price_dependency":false,"cl_dependency":false,"value":""}],[{"active":true,"col":6,"relations":false,"cl_rule":"show","enableCl":false,"price":"","enablePrice":true,"className":"","label_position":"default","desc_position":"default","type":"select","required":false,"elementId":"select_0041641856","label":"\ud83d\udca6 Add jet-skis?","name":"select_0041641856","values":[{"label":"2 JetSkis for 1 Hour (500\u20ac)","value":"2 x JetSki for 1 Hour","selected":false,"tempId":"aco_2502","price":"500","gt_translate_keys":["label"]},{"label":"1 JetSki for 2 Hours (500\u20ac)","value":"1 x JetSki for 2 Hours","selected":false,"tempId":"aco_2503","price":"500","gt_translate_keys":["label"]},{"label":"2 JetSkis for 2 Hours (800\u20ac)","value":"2 x JetSki for 2 Hours","selected":false,"tempId":"aco_2927","price":"800","gt_translate_keys":["label"]}],"dropdown_type":"basic","error":false,"description":"Private JetSki tour from the boat with a JetSki instructor.","placeholder":"None","priceOptions":"different_for_all","pricingType":"fixed","is_show_price":false,"isWeightTemplate":false,"isTemplate":false,"min_quantity":"1","quantity_decimal":false,"quantity_step":"1","quantity_label":"Quantity","repeater_field_label":"{field_label}","repeater_bind":"","gt_translate_keys":["label","placeholder","description","repeater_field_label","quantity_label"],"price_dependency":false,"cl_dependency":false,"value":""}],[{"elementId":"separator_16638f078b89f1","separatorType":"blank","className":"","height":"1","enableCl":false,"relations":false,"cl_rule":"show","col":6,"type":"separator","error":false,"gt_translate_keys":[],"price_dependency":false,"cl_dependency":false,"value":""}],[{"active":true,"col":6,"relations":[{"operator":false,"rules":[{"operator":"AND","rules":{"cl_field":"radio-group_565c78ffa81208","cl_relation":"is","cl_val":"3 Hour Trip"}}]}],"cl_rule":"show","enableCl":false,"price":"","enablePrice":false,"className":"","label_position":"default","desc_position":"default","type":"select","required":false,"elementId":"select_76638f078b89d4","label":"\u23f0 Departure Time","name":"select_76638f078b89d4","values":[{"label":"10:00","value":"10:00","selected":false,"tempId":"aco_1472","gt_translate_keys":["label"]},{"label":"14:00 (2:00 PM)","value":"14:00","selected":false,"tempId":"aco_1728","gt_translate_keys":["label"]},{"label":"17:30 (5:30 PM)","value":"17:30","selected":false,"tempId":"aco_28","gt_translate_keys":["label"]}],"dropdown_type":"basic","error":false,"placeholder":"Whichever Time is Best","gt_translate_keys":["label","placeholder"],"price_dependency":false,"cl_dependency":false,"value":""}],[{"elementId":"separator-2954713577","separatorType":"blank","className":"","height":"1","enableCl":false,"relations":false,"cl_rule":"show","col":6,"type":"separator","gt_translate_keys":[],"price_dependency":false,"cl_dependency":false,"value":""}],[{"label":"\u2705 Number of People","active":true,"required":true,"elementId":"select_76638f078b89e7","dropdown_type":"basic","placeholder":"Select Number of People","name":"select_76638f078b89e7","label_position":"default","desc_position":"default","enablePrice":true,"className":"","enableCl":false,"relations":[{"operator":false,"rules":[{"operator":"AND","rules":{"cl_field":"radio-group_565c78ffa81208","cl_relation":"is","cl_val":"3 Hour Trip"}}]}],"values":[{"label":"1 person","value":"1","selected":false,"tempId":"aco_1471","gt_translate_keys":["label"]},{"label":"2 people","value":"2","selected":false,"tempId":"aco_1472","gt_translate_keys":["label"]},{"label":"3 people (+10\u20ac)","value":"3","selected":false,"tempId":"aco_1500","price":"10","gt_translate_keys":["label"]},{"label":"4 people (+20\u20ac)","value":"4","selected":false,"tempId":"aco_1510","price":"20","gt_translate_keys":["label"]},{"label":"5 people (+30\u20ac)","value":"5","selected":false,"tempId":"aco_1520","price":"30","gt_translate_keys":["label"]},{"label":"6 people (+40\u20ac)","value":"6","selected":false,"tempId":"aco_1728","price":"40","gt_translate_keys":["label"]},{"label":"7 people (+50\u20ac)","value":"7","selected":false,"tempId":"aco_1738","price":"50","gt_translate_keys":["label"]},{"label":"8 people (+60\u20ac)","value":"8","selected":false,"tempId":"aco_1748","price":"60","gt_translate_keys":["label"]},{"label":"9 people (+70\u20ac)","value":"9","selected":false,"tempId":"aco_1912","price":"70","gt_translate_keys":["label"]},{"label":"10 people (+80\u20ac)","value":"10","selected":false,"tempId":"aco_1922","price":"80","gt_translate_keys":["label"]},{"label":"11 People (+90\u20ac)","value":"11","selected":false,"tempId":"aco_19","price":"90","gt_translate_keys":["label"]},{"label":"12 People (+100\u20ac)","value":"12","selected":false,"tempId":"aco_29","price":"100","gt_translate_keys":["label"]}],"price":"","cl_rule":"show","col":6,"type":"select","error":false,"priceOptions":"different_for_all","pricingType":"fixed","gt_translate_keys":["label","placeholder"],"price_dependency":false,"cl_dependency":false,"value":""}],[{"elementId":"separator_26638f078b89de","separatorType":"blank","className":"","height":"1","enableCl":false,"relations":false,"cl_rule":"show","col":6,"type":"separator","gt_translate_keys":[],"price_dependency":false,"cl_dependency":false,"value":""}]]}},"config":{"price_override":"always","enable_recaptcha":false,"bind_quantity":false,"quantity_bind_formula":false,"disp_summ_show_option_price":true,"disp_summ_show_product_price":false,"disp_summ_show_total_price":true,"disp_summ_show_fee":true,"disp_summ_show_discount":true,"summary_title":"","options_total_label":"Options Price","total_label":"Total Amount","options_product_label":"Product Price","fee_label":"Fee","discount_label":"Discount","has_price":true,"has_quantity_formula":false},"mc_unit":1,"tax_rate":1,"tax_rate_real":1,"discount":{"percentage":0,"fixed":0},"design":{"conf":{"LabelPosition":"above","DescPosition":"above","UploadField":"custom_1","QuantityFieldStyle":"custom_1"},"css":{"LeftLabelWidth":"120px"}},"formulas":{"fmla_1708360988969136756":"(({field.select_56638eb5b235ae.value}>=3)?(1200):(({field.select_56638eb5b235ae.value}>=2)?(850):(({field.select_56638eb5b235ae.value}>=1)?(540):(0))))","fmla_1708364241278155361":"(({field.select_5841412719.value}>=8)?({field.select_5841412719.price}):(({field.select_5841412719.value}>=5)?({field.select_5841412719.price}):(({field.select_5841412719.value}>=3)?({field.select_5841412719.price}):(0))))"},"lookuptables":[],"clones":false,"cartKey":false}},"_links":{"self":[{"href":"https:\/\/canaryvip.com\/ro\/wp-json\/wp\/v2\/product\/10109","targetHints":{"allow":["GET"]}}],"collection":[{"href":"https:\/\/canaryvip.com\/ro\/wp-json\/wp\/v2\/product"}],"about":[{"href":"https:\/\/canaryvip.com\/ro\/wp-json\/wp\/v2\/types\/product"}],"replies":[{"embeddable":true,"href":"https:\/\/canaryvip.com\/ro\/wp-json\/wp\/v2\/comments?post=10109"}],"wp:featuredmedia":[{"embeddable":true,"href":"https:\/\/canaryvip.com\/ro\/wp-json\/wp\/v2\/media\/10114"}],"wp:attachment":[{"href":"https:\/\/canaryvip.com\/ro\/wp-json\/wp\/v2\/media?parent=10109"}],"wp:term":[{"taxonomy":"product_brand","embeddable":true,"href":"https:\/\/canaryvip.com\/ro\/wp-json\/wp\/v2\/product_brand?post=10109"},{"taxonomy":"product_cat","embeddable":true,"href":"https:\/\/canaryvip.com\/ro\/wp-json\/wp\/v2\/product_cat?post=10109"},{"taxonomy":"product_tag","embeddable":true,"href":"https:\/\/canaryvip.com\/ro\/wp-json\/wp\/v2\/product_tag?post=10109"}],"curies":[{"name":"wp","href":"https:\/\/api.w.org\/{rel}","templated":true}]}}