{"id":8956,"date":"2024-01-16T17:06:23","date_gmt":"2024-01-16T17:06:23","guid":{"rendered":"https:\/\/canaryvip.com\/?page_id=8956"},"modified":"2026-03-07T10:37:58","modified_gmt":"2026-03-07T10:37:58","slug":"best-guaranteed-price-policy","status":"publish","type":"page","link":"https:\/\/canaryvip.com\/ro\/best-guaranteed-price-policy\/","title":{"rendered":"Cea mai bun\u0103 politic\u0103 de pre\u021b garantat"},"content":{"rendered":"<section class=\"l-section wpb_row us_custom_4af741be height_auto\"><div class=\"l-section-h i-cf\"><div class=\"g-cols vc_row via_flex valign_top type_default stacking_default\"><div class=\"vc_col-sm-12 wpb_column vc_column_container\"><div class=\"vc_column-inner\"><div class=\"wpb_wrapper\"><div class=\"wpb_text_column\"><div class=\"wpb_wrapper\"><p>La <strong>CanaryVIP<\/strong>, Dorim s\u0103 tr\u0103i\u021bi cele mai bune experien\u021be din Tenerife f\u0103r\u0103 s\u0103 pl\u0103ti\u021bi vreodat\u0103 prea mult. Garan\u021bia noastr\u0103 Price Match reflect\u0103 angajamentul nostru de a oferi cele mai competitive pre\u021buri de pe pia\u021b\u0103.<\/p>\n<h2>1. Cum func\u021bioneaz\u0103<\/h2>\n<p>Dac\u0103 g\u0103si\u021bi aceea\u0219i excursie sau activitate listat\u0103 la un pre\u021b mai mic pe un alt site web, \u00eel vom egala. Procesul este simplu \u0219i se aplic\u0103 at\u00e2t \u00eenainte, c\u00e2t \u0219i dup\u0103 finalizarea rezerv\u0103rii.<\/p>\n<h3>1.1 Ce se calific\u0103<\/h3>\n<p>Pentru ca o ofert\u0103 concurent\u0103 s\u0103 fie eligibil\u0103 pentru un pre\u021b egal, trebuie s\u0103 fie \u00eendeplinite urm\u0103toarele condi\u021bii:<\/p>\n<ul>\n<li>Oferta trebuie s\u0103 se refere exact la acela\u0219i produs sau serviciu disponibil pe CanaryVIP.<\/li>\n<li>Datele rezerv\u0103rii trebuie s\u0103 fie identice.<\/li>\n<li>Politica de anulare \u0219i condi\u021biile generale ale ambelor oferte trebuie s\u0103 coincid\u0103.<\/li>\n<\/ul>\n<h3>1.2 Ce nu se calific\u0103<\/h3>\n<p>Exist\u0103 situa\u021bii specifice \u00een care nu se poate aplica un pre\u021b egal:<\/p>\n<ul>\n<li><strong>Detalii ascunse sau condi\u021bionate:<\/strong> Dac\u0103 oferta concurent\u0103 ascunde informa\u021bii cheie despre produs sau serviciu p\u00e2n\u0103 dup\u0103 ce clientul s-a angajat s\u0103 fac\u0103 o rezervare.<\/li>\n<li><strong>Loialitate, recompense sau pre\u021buri de recomandare:<\/strong> Dac\u0103 pre\u021bul mai mic este rezultatul unui program de aderare, al unei scheme de recomandare, al unei reduceri bazate pe autentificare sau al oric\u0103rui mecanism care modific\u0103 pre\u021bul afi\u0219at public prin ac\u021biuni specifice utilizatorului.<\/li>\n<\/ul>\n<h2>2. Solicitarea unui pre\u021b egal \u00eenainte de rezervare<\/h2>\n<ol>\n<li><strong>\u00cemp\u0103rt\u0103\u0219i\u021bi oferta concurent\u0103.<\/strong> \u00cenainte de a face rezervarea, trimite\u021bi-ne detaliile anun\u021bului cu pre\u021bul mai mic. Include\u021bi un link direct \u0219i asigura\u021bi-v\u0103 c\u0103 oferta r\u0103m\u00e2ne accesibil\u0103 publicului online, astfel \u00eenc\u00e2t s\u0103 o putem verifica.<\/li>\n<li><strong>A\u0219tepta\u021bi confirmarea.<\/strong> Echipa noastr\u0103 va analiza oferta concurent\u0103 \u0219i va confirma dac\u0103 aceasta se calific\u0103. Odat\u0103 ce potrivirea pre\u021bului este aprobat\u0103, v\u0103 vom notifica.<\/li>\n<li><strong>Completa\u021bi rezervarea.<\/strong> Dup\u0103 primirea confirm\u0103rii noastre, rezerva\u021bi activitatea pe CanaryVIP la pre\u021bul corespunz\u0103tor.<\/li>\n<\/ol>\n<h2>3. Solicitarea unui pre\u021b egal dup\u0103 rezervare<\/h2>\n<ol>\n<li><strong>Spot un pre\u021b mai mic.<\/strong> Dac\u0103 g\u0103si\u021bi un pre\u021b mai mic pentru acela\u0219i produs sau serviciu dup\u0103 ce a\u021bi f\u0103cut deja rezervarea la noi, colect\u0103m detaliile respectivei oferte.<\/li>\n<li><strong>Intra\u021bi \u00een contact.<\/strong> Contacta\u021bi echipa noastr\u0103 de asisten\u021b\u0103 prin oricare dintre canalele noastre disponibile \u0219i \u00eemp\u0103rt\u0103\u0219i\u021bi informa\u021biile.<\/li>\n<li><strong>Furniza\u021bi ceea ce trebuie s\u0103 verific\u0103m.<\/strong> Pentru a procesa o potrivire de pre\u021b ulterioar\u0103 rezerv\u0103rii, vom avea nevoie de:\n<ul>\n<li>Un link direct c\u0103tre oferta concurent\u0103.<\/li>\n<li>Confirmarea faptului c\u0103 oferta este \u00eenc\u0103 activ\u0103 \u0219i accesibil\u0103 publicului pentru examinarea noastr\u0103.<\/li>\n<\/ul>\n<\/li>\n<\/ol>\n<p>&nbsp;<\/p>\n<p>Satisfac\u021bia dumneavoastr\u0103 este pe primul loc. Garan\u021bia de potrivire a pre\u021bului exist\u0103 astfel \u00eenc\u00e2t fiecare client s\u0103 poat\u0103 rezerva cu \u00eencredere, \u0219tiind c\u0103 ob\u021bine cel mai bun pre\u021b disponibil pentru experien\u021ba aleas\u0103.<\/p>\n<p><strong>Rezerva\u021bi cu CanaryVIP \u0219i bucura\u021bi-v\u0103 de experien\u021ba VIP f\u0103r\u0103 a face compromisuri \u00een ceea ce prive\u0219te accesibilitatea.<\/strong><\/p>\n<\/div><\/div><\/div><\/div><\/div><\/div><\/div><\/section>","protected":false},"excerpt":{"rendered":"At CanaryVIP, we want you to experience the best of Tenerife without ever overpaying. Our Price Match Guarantee reflects our commitment to offering the most competitive prices on the market. 1. How It Works If you find the same excursion or activity listed at a lower price on another website, we will match it. The...","protected":false},"author":1,"featured_media":0,"parent":0,"menu_order":0,"comment_status":"closed","ping_status":"closed","template":"","meta":{"_acf_changed":false,"footnotes":""},"class_list":["post-8956","page","type-page","status-publish","hentry"],"acf":[],"_links":{"self":[{"href":"https:\/\/canaryvip.com\/ro\/wp-json\/wp\/v2\/pages\/8956","targetHints":{"allow":["GET"]}}],"collection":[{"href":"https:\/\/canaryvip.com\/ro\/wp-json\/wp\/v2\/pages"}],"about":[{"href":"https:\/\/canaryvip.com\/ro\/wp-json\/wp\/v2\/types\/page"}],"author":[{"embeddable":true,"href":"https:\/\/canaryvip.com\/ro\/wp-json\/wp\/v2\/users\/1"}],"replies":[{"embeddable":true,"href":"https:\/\/canaryvip.com\/ro\/wp-json\/wp\/v2\/comments?post=8956"}],"version-history":[{"count":8,"href":"https:\/\/canaryvip.com\/ro\/wp-json\/wp\/v2\/pages\/8956\/revisions"}],"predecessor-version":[{"id":16862,"href":"https:\/\/canaryvip.com\/ro\/wp-json\/wp\/v2\/pages\/8956\/revisions\/16862"}],"wp:attachment":[{"href":"https:\/\/canaryvip.com\/ro\/wp-json\/wp\/v2\/media?parent=8956"}],"curies":[{"name":"wp","href":"https:\/\/api.w.org\/{rel}","templated":true}]}}