{"id":14018,"date":"2025-03-20T01:29:58","date_gmt":"2025-03-20T01:29:58","guid":{"rendered":"https:\/\/canaryvip.com\/?page_id=14018"},"modified":"2026-03-07T10:04:29","modified_gmt":"2026-03-07T10:04:29","slug":"cookie-policy","status":"publish","type":"page","link":"https:\/\/canaryvip.com\/ro\/cookie-policy\/","title":{"rendered":"Politica privind cookie-urile"},"content":{"rendered":"<section class=\"l-section wpb_row us_custom_5cd26a65 height_auto\"><div class=\"l-section-h i-cf\"><div class=\"g-cols vc_row via_flex valign_top type_default stacking_default\"><div class=\"vc_col-sm-12 wpb_column vc_column_container\"><div class=\"vc_column-inner\"><div class=\"wpb_wrapper\"><div class=\"wpb_text_column\"><div class=\"wpb_wrapper\"><h2>1. Ce acoper\u0103 aceast\u0103 poli\u021b\u0103<\/h2>\n<p>Aceast\u0103 politic\u0103 privind modulele cookie explic\u0103 modul \u00een care CanaryVIP.com utilizeaz\u0103 module cookie \u0219i tehnologii de urm\u0103rire similare atunci c\u00e2nd vizita\u021bi site-ul nostru. Continu\u00e2nd s\u0103 naviga\u021bi pe site-ul nostru, sunte\u021bi de acord cu utilizarea modulelor cookie a\u0219a cum sunt descrise \u00een acest document.<\/p>\n<p>Cookie-urile sunt fi\u0219iere text de mici dimensiuni care sunt plasate pe dispozitivul dvs. atunci c\u00e2nd vizita\u021bi un site web. Acestea au diverse scopuri: \u00eembun\u0103t\u0103\u021birea experien\u021bei dvs. de navigare, analizarea modului \u00een care este utilizat site-ul \u0219i ne permit s\u0103 oferim un con\u021binut mai relevant. Unele module cookie sunt strict necesare pentru ca site-ul s\u0103 func\u021bioneze.<\/p>\n<hr \/>\n<h2>2. Tipuri de module cookie pe care le utiliz\u0103m<\/h2>\n<h3>2.1 Cookie-uri esen\u021biale (strict necesare)<\/h3>\n<p>Aceste module cookie sunt indispensabile pentru func\u021bionalitatea de baz\u0103 a site-ului nostru web. Ele permit func\u021bii de baz\u0103 precum navigarea pe pagin\u0103, accesul la zone securizate \u0219i procesarea pl\u0103\u021bilor. Site-ul web nu poate func\u021biona corect f\u0103r\u0103 acestea \u0219i nu pot fi dezactivate.<\/p>\n<h3>2.2 Module cookie de analiz\u0103<\/h3>\n<p>Modulele cookie de analiz\u0103 ne permit s\u0103 \u00een\u021belegem modul \u00een care vizitatorii interac\u021bioneaz\u0103 cu site-ul nostru web. Acestea ne ajut\u0103 s\u0103 m\u0103sur\u0103m performan\u021ba con\u021binutului, s\u0103 identific\u0103m modelele de utilizare \u0219i s\u0103 \u00eembun\u0103t\u0103\u021bim experien\u021ba general\u0103 a utilizatorului. Utiliz\u0103m <strong>Google Analytics<\/strong> \u00een acest scop (<a href=\"https:\/\/policies.google.com\/privacy\" target=\"_blank\" rel=\"noopener\">Politica de confiden\u021bialitate Google<\/a>).<\/p>\n<h3>2.3 Cookie-uri de publicitate \u0219i marketing<\/h3>\n<p>Aceste module cookie sunt plasate pentru a furniza reclame care sunt relevante pentru interesele dvs. pe baza activit\u0103\u021bii dvs. de navigare. Lucr\u0103m cu platforme de publicitate ter\u021be, inclusiv <strong>Anun\u021buri Google<\/strong>, <strong>Meta (Facebook \u0219i Instagram)<\/strong>, \u0219i <strong>Anun\u021buri TikTok<\/strong> pentru a furniza publicitate personalizat\u0103. Pute\u021bi consulta practicile privind datele ale Meta \u00een <a href=\"https:\/\/www.facebook.com\/privacy\/policy\" target=\"_blank\" rel=\"noopener\">Politica de confiden\u021bialitate<\/a>.<\/p>\n<h3>2.4 Cookie-uri de preferin\u021b\u0103<\/h3>\n<p>Cookie-urile de preferin\u021b\u0103 re\u021bin alegerile pe care le-a\u021bi f\u0103cut pe site-ul nostru, cum ar fi limba, moneda, set\u0103rile de loca\u021bie, metoda de plat\u0103 preferat\u0103 sau sesiunea de conectare activ\u0103. Acestea ne permit s\u0103 oferim o experien\u021b\u0103 mai personalizat\u0103 la vizitele ulterioare.<\/p>\n<hr \/>\n<h2>3. Cum ob\u021binem consim\u021b\u0103m\u00e2ntul dumneavoastr\u0103<\/h2>\n<p>La prima vizit\u0103 pe site-ul nostru, este afi\u0219at un banner cookie care v\u0103 ofer\u0103 urm\u0103toarele op\u021biuni:<\/p>\n<ul>\n<li><strong>Accepta\u021bi toate modulele cookie<\/strong> pentru a permite o gam\u0103 complet\u0103 de func\u021bionalit\u0103\u021bi \u0219i personalizare.<\/li>\n<li><strong>Respinge\u021bi modulele cookie neesen\u021biale<\/strong> pentru a limita urm\u0103rirea doar la ceea ce este strict necesar.<\/li>\n<li><strong>Personaliza\u021bi-v\u0103 preferin\u021bele<\/strong> pentru a alege exact categoriile de module cookie pe care le permite\u021bi.<\/li>\n<\/ul>\n<p>Pute\u021bi s\u0103 v\u0103 modifica\u021bi preferin\u021bele privind modulele cookie \u00een orice moment f\u0103c\u00e2nd clic pe <strong>\u201cSet\u0103ri cookie\u201d<\/strong> linkul situat \u00een subsolul paginii noastre web.<\/p>\n<hr \/>\n<h2>4. Gestionarea \u0219i \u0219tergerea modulelor cookie<\/h2>\n<p>Majoritatea browserelor v\u0103 permit s\u0103 controla\u021bi sau s\u0103 bloca\u021bi modulele cookie prin set\u0103rile acestora. Mai jos sunt linkuri directe c\u0103tre instruc\u021biunile de gestionare a modulelor cookie pentru cele mai comune browsere:<\/p>\n<ul>\n<li><strong>Google Chrome:<\/strong> <a href=\"https:\/\/support.google.com\/accounts\/answer\/32050\" target=\"_blank\" rel=\"noopener\">Gestionarea modulelor cookie<\/a><\/li>\n<li><strong>Mozilla Firefox:<\/strong> <a href=\"https:\/\/support.mozilla.org\/en-US\/kb\/enable-and-disable-cookies-website-preferences\" target=\"_blank\" rel=\"noopener\">Gestionarea modulelor cookie<\/a><\/li>\n<li><strong>Safari:<\/strong> <a href=\"https:\/\/support.apple.com\/en-us\/HT201265\" target=\"_blank\" rel=\"noopener\">Gestionarea modulelor cookie<\/a><\/li>\n<li><strong>Microsoft Edge:<\/strong> <a href=\"https:\/\/support.microsoft.com\/en-us\/help\/4027947\/microsoft-edge-delete-cookies\" target=\"_blank\" rel=\"noopener\">Gestionarea modulelor cookie<\/a><\/li>\n<\/ul>\n<p>Dac\u0103 dori\u021bi s\u0103 renun\u021ba\u021bi \u00een mod specific la urm\u0103rirea Google Analytics, pute\u021bi face acest lucru aici: <a href=\"https:\/\/tools.google.com\/dlpage\/gaoptout\" target=\"_blank\" rel=\"noopener\">Add-on pentru browser Google Analytics Opt-Out<\/a>.<\/p>\n<hr \/>\n<h2>5. Module cookie ter\u021b\u0103 parte<\/h2>\n<p>Anumite servicii ter\u021be integrate \u00een site-ul nostru pot plasa propriile module cookie pe dispozitivul dumneavoastr\u0103. Aceste servicii includ:<\/p>\n<ul>\n<li><strong>Google Analytics<\/strong> (<a href=\"https:\/\/policies.google.com\/privacy\" target=\"_blank\" rel=\"noopener\">Politica de confiden\u021bialitate<\/a>)<\/li>\n<li><strong>Meta (Facebook \u0219i Instagram Ads)<\/strong> (<a href=\"https:\/\/www.facebook.com\/privacy\/policy\" target=\"_blank\" rel=\"noopener\">Politica de confiden\u021bialitate<\/a>)<\/li>\n<li><strong>Anun\u021buri TikTok<\/strong> (<a href=\"https:\/\/www.tiktok.com\/legal\/privacy-policy\" target=\"_blank\" rel=\"noopener\">Politica de confiden\u021bialitate<\/a>)<\/li>\n<\/ul>\n<p>Fiecare dintre aceste companii prelucreaz\u0103 datele \u00een conformitate cu propria sa politic\u0103 de confiden\u021bialitate. CanaryVIP nu controleaz\u0103 modul \u00een care aceste ter\u021be p\u0103r\u021bi gestioneaz\u0103 datele colectate prin cookie-urile lor.<\/p>\n<hr \/>\n<h2>6. Actualiz\u0103ri ale prezentei politici<\/h2>\n<p>CanaryVIP poate revizui din c\u00e2nd \u00een c\u00e2nd aceast\u0103 Politic\u0103 privind modulele cookie. Orice actualiz\u0103ri vor fi publicate pe aceast\u0103 pagin\u0103. V\u0103 recomand\u0103m s\u0103 verifica\u021bi periodic aceast\u0103 politic\u0103 pentru a r\u0103m\u00e2ne informa\u021bi cu privire la modul \u00een care utiliz\u0103m modulele cookie.<\/p>\n<hr \/>\n<h2>7. Contact<\/h2>\n<p>Dac\u0103 ave\u021bi \u00eentreb\u0103ri despre aceast\u0103 Politic\u0103 privind modulele cookie sau despre modul \u00een care sunt utilizate modulele cookie pe site-ul nostru, ne pute\u021bi contacta la:<\/p>\n<p>\ud83d\udce7 <strong>Email:<\/strong> <a href=\"mailto:info@canaryvip.com\">info@canaryvip.com<\/a><\/p>\n<\/div><\/div><\/div><\/div><\/div><\/div><\/div><\/section>","protected":false},"excerpt":{"rendered":"1. What This Policy Covers This Cookie Policy explains how CanaryVIP.com uses cookies and similar tracking technologies when you visit our website. By continuing to browse our site, you agree to the use of cookies as described in this document. Cookies are small text files that are placed on your device when you visit a...","protected":false},"author":1,"featured_media":0,"parent":0,"menu_order":0,"comment_status":"closed","ping_status":"closed","template":"","meta":{"_acf_changed":false,"footnotes":""},"class_list":["post-14018","page","type-page","status-publish","hentry"],"acf":[],"_links":{"self":[{"href":"https:\/\/canaryvip.com\/ro\/wp-json\/wp\/v2\/pages\/14018","targetHints":{"allow":["GET"]}}],"collection":[{"href":"https:\/\/canaryvip.com\/ro\/wp-json\/wp\/v2\/pages"}],"about":[{"href":"https:\/\/canaryvip.com\/ro\/wp-json\/wp\/v2\/types\/page"}],"author":[{"embeddable":true,"href":"https:\/\/canaryvip.com\/ro\/wp-json\/wp\/v2\/users\/1"}],"replies":[{"embeddable":true,"href":"https:\/\/canaryvip.com\/ro\/wp-json\/wp\/v2\/comments?post=14018"}],"version-history":[{"count":4,"href":"https:\/\/canaryvip.com\/ro\/wp-json\/wp\/v2\/pages\/14018\/revisions"}],"predecessor-version":[{"id":16858,"href":"https:\/\/canaryvip.com\/ro\/wp-json\/wp\/v2\/pages\/14018\/revisions\/16858"}],"wp:attachment":[{"href":"https:\/\/canaryvip.com\/ro\/wp-json\/wp\/v2\/media?parent=14018"}],"curies":[{"name":"wp","href":"https:\/\/api.w.org\/{rel}","templated":true}]}}