{"id":14002,"date":"2025-03-19T21:07:11","date_gmt":"2025-03-19T21:07:11","guid":{"rendered":"https:\/\/canaryvip.com\/?page_id=14002"},"modified":"2025-07-29T17:08:42","modified_gmt":"2025-07-29T16:08:42","slug":"legal-notice","status":"publish","type":"page","link":"https:\/\/canaryvip.com\/ro\/legal-notice\/","title":{"rendered":"Notificare legal\u0103"},"content":{"rendered":"<h2>1. IDENTIFICAREA FURNIZORULUI DE SERVICII<\/h2>\n<p>\u00cen conformitate cu Legea 34\/2002, din 11 iulie, privind serviciile societ\u0103\u021bii informa\u021bionale \u0219i comer\u021bul electronic (LSSI-CE), se furnizeaz\u0103 urm\u0103toarele informa\u021bii:<\/p>\n<h2><img decoding=\"async\" class=\"alignnone wp-image-15255\" src=\"https:\/\/canaryvip.com\/wp-content\/uploads\/2025\/07\/canaryvipcompany.png\" alt=\"CanaryVIP\" width=\"400\" height=\"145\" title=\"\" srcset=\"https:\/\/canaryvip.com\/wp-content\/uploads\/2025\/07\/canaryvipcompany.png 772w, https:\/\/canaryvip.com\/wp-content\/uploads\/2025\/07\/canaryvipcompany-300x109.png 300w, https:\/\/canaryvip.com\/wp-content\/uploads\/2025\/07\/canaryvipcompany-18x7.png 18w, https:\/\/canaryvip.com\/wp-content\/uploads\/2025\/07\/canaryvipcompany-600x218.png 600w\" sizes=\"(max-width: 400px) 100vw, 400px\" \/><\/h2>\n<h2>2. SCOPUL ACESTUI SITE WEB<\/h2>\n<p>CanaryVIP.com este o platform\u0103 online dedicat\u0103 ofertei de excursii, tururi \u0219i experien\u021be \u00een Insulele Canare. Utilizatorii pot naviga, rezerva \u0219i achizi\u021biona activit\u0103\u021bi prin intermediul site-ului.<\/p>\n<h2>3. TERMENI DE UTILIZARE<\/h2>\n<h3>3.1. Responsabilitatea utilizatorului<\/h3>\n<p>Utilizatorul se angajeaz\u0103 s\u0103 utilizeze \u00een mod corespunz\u0103tor site-ul \u0219i con\u021binutul acestuia. Este interzis\u0103 implicarea \u00een activit\u0103\u021bi ilegale sau ac\u021biuni care ar putea d\u0103una CanaryVIP.com sau ter\u021bilor.<\/p>\n<h3>3.2. Acurate\u021bea informa\u021biilor<\/h3>\n<p>De\u0219i ne str\u0103duim s\u0103 ne asigur\u0103m c\u0103 toate informa\u021biile de pe site-ul nostru sunt exacte \u0219i actualizate, CanaryVIP.com nu garanteaz\u0103 c\u0103 toate descrierile, pre\u021burile \u0219i disponibilitatea serviciilor sunt lipsite de erori. Ne rezerv\u0103m dreptul de a corecta orice inexactitate sau de a actualiza con\u021binutul f\u0103r\u0103 notificare prealabil\u0103.<\/p>\n<h3>3.3. Leg\u0103turi externe<\/h3>\n<p>Acest site poate con\u021bine linkuri c\u0103tre site-uri ter\u021be. CanaryVIP.com nu are niciun control asupra acestor site-uri externe \u0219i nu este responsabil pentru con\u021binutul sau politicile de confiden\u021bialitate ale acestora. Includerea de link-uri nu implic\u0103 aprobarea de c\u0103tre CanaryVIP.com.<\/p>\n<h2>4. PROPRIETATEA INTELECTUAL\u0102<\/h2>\n<p>Tot con\u021binutul de pe CanaryVIP.com, inclusiv, dar f\u0103r\u0103 a se limita la text, imagini, videoclipuri, grafic\u0103, logo-uri \u0219i software, este proprietatea CanaryVIP.com sau a furnizorilor s\u0103i de con\u021binut \u0219i este protejat de legile privind proprietatea intelectual\u0103. Utilizarea, reproducerea sau distribuirea neautorizat\u0103 a oric\u0103rui con\u021binut este strict interzis\u0103 f\u0103r\u0103 acordul prealabil scris al CanaryVIP.com.<\/p>\n<h2>5. LIMITAREA R\u0102SPUNDERII<\/h2>\n<p>CanaryVIP.com nu va fi considerat responsabil pentru:<\/p>\n<ul>\n<li>Orice \u00eentreruperi sau defec\u021biuni tehnice care afecteaz\u0103 accesul la site din cauze externe.<\/li>\n<li>Erori \u00een informa\u021biile furnizate de furnizori ter\u021bi de excursii \u0219i activit\u0103\u021bi.<\/li>\n<li>Nerespectarea de c\u0103tre utilizatori a politicilor de rezervare \u0219i anulare descrise \u00een Termeni \u0219i condi\u021bii.<\/li>\n<li>Orice daune cauzate de utilizarea necorespunz\u0103toare a site-ului de c\u0103tre utilizatori.<\/li>\n<\/ul>\n<h2>6. PROTEC\u021aIA DATELOR<\/h2>\n<p class=\"translation-block\">Colectarea \u0219i prelucrarea datelor cu caracter personal respect\u0103 <strong>Regulamentul general privind protec\u021bia datelor (GDPR)<\/strong> \u0219i <strong>Legea organic\u0103 spaniol\u0103 3\/2018 privind protec\u021bia datelor cu caracter personal \u0219i garantarea drepturilor digitale (LOPDGDD)<\/strong>. Pentru mai multe informa\u021bii, consulta\u021bi <a href=\"https:\/\/canaryvip.com\/ro\/privacy-policy\/\" target=\"_self\">Politica noastr\u0103 de confiden\u021bialitate<\/a>.<\/p>\n<h2>7. MODIFIC\u0102RI ALE PREZENTEI NOTIFIC\u0102RI LEGALE<\/h2>\n<p>CanaryVIP.com \u00ee\u0219i rezerv\u0103 dreptul de a modifica aceast\u0103 Notificare legal\u0103 \u00een orice moment pentru a reflecta modific\u0103rile legislative sau practicile comerciale. Utilizatorii ar trebui s\u0103 revizuiasc\u0103 periodic aceast\u0103 pagin\u0103 pentru a r\u0103m\u00e2ne informa\u021bi cu privire la actualiz\u0103ri.<\/p>\n<h2>8. LEGEA APLICABIL\u0102 \u0218I JURISDIC\u021aIA<\/h2>\n<p class=\"translation-block\">Prezenta not\u0103 juridic\u0103 este reglementat\u0103 de legisla\u021bia spaniol\u0103. Eventualele litigii care decurg din utilizarea acestui site vor fi supuse jurisdic\u021biei <strong>tribunalelor din Santa Cruz de Tenerife, Spania<\/strong>, cu excep\u021bia cazului \u00een care se stabile\u0219te altfel prin reglement\u0103rile aplicabile consumatorilor.<\/p>\n<p>Pentru orice \u00eentreb\u0103ri cu privire la aceast\u0103 notificare legal\u0103, v\u0103 rug\u0103m s\u0103 ne contacta\u021bi la <strong>info@canaryvip.com<\/strong>.<\/p>","protected":false},"excerpt":{"rendered":"<p>1. IDENTIFICAREA PRESTATORULUI DE SERVICII \u00cen conformitate cu Legea 34\/2002, din 11 iulie, privind serviciile societ\u0103\u021bii informa\u021bionale \u0219i comer\u021bul electronic (LSSI-CE), se furnizeaz\u0103 urm\u0103toarele informa\u021bii: 2. SCOPUL ACESTUI SITE CanaryVIP.com este o platform\u0103 online dedicat\u0103 ofertei de excursii, tururi \u0219i experien\u021be \u00een Insulele Canare. Utilizatorii pot naviga, rezerva \u0219i achizi\u021biona activit\u0103\u021bi...<\/p>","protected":false},"author":1,"featured_media":0,"parent":0,"menu_order":0,"comment_status":"closed","ping_status":"closed","template":"","meta":{"_acf_changed":false,"footnotes":""},"class_list":["post-14002","page","type-page","status-publish","hentry"],"acf":[],"_links":{"self":[{"href":"https:\/\/canaryvip.com\/ro\/wp-json\/wp\/v2\/pages\/14002","targetHints":{"allow":["GET"]}}],"collection":[{"href":"https:\/\/canaryvip.com\/ro\/wp-json\/wp\/v2\/pages"}],"about":[{"href":"https:\/\/canaryvip.com\/ro\/wp-json\/wp\/v2\/types\/page"}],"author":[{"embeddable":true,"href":"https:\/\/canaryvip.com\/ro\/wp-json\/wp\/v2\/users\/1"}],"replies":[{"embeddable":true,"href":"https:\/\/canaryvip.com\/ro\/wp-json\/wp\/v2\/comments?post=14002"}],"version-history":[{"count":8,"href":"https:\/\/canaryvip.com\/ro\/wp-json\/wp\/v2\/pages\/14002\/revisions"}],"predecessor-version":[{"id":15258,"href":"https:\/\/canaryvip.com\/ro\/wp-json\/wp\/v2\/pages\/14002\/revisions\/15258"}],"wp:attachment":[{"href":"https:\/\/canaryvip.com\/ro\/wp-json\/wp\/v2\/media?parent=14002"}],"curies":[{"name":"wp","href":"https:\/\/api.w.org\/{rel}","templated":true}]}}