{"id":13824,"date":"2025-02-24T13:59:27","date_gmt":"2025-02-24T13:59:27","guid":{"rendered":"https:\/\/canaryvip.com\/?page_id=13824"},"modified":"2025-02-24T15:06:00","modified_gmt":"2025-02-24T15:06:00","slug":"about-us","status":"publish","type":"page","link":"https:\/\/canaryvip.com\/ro\/about-us\/","title":{"rendered":"Despre noi"},"content":{"rendered":"<section class=\"l-section wpb_row height_medium width_custom\" style=\"--site-content-width:700px;\"><div class=\"l-section-h i-cf\"><div class=\"g-cols vc_row via_flex valign_top type_default stacking_default\"><div class=\"vc_col-sm-12 wpb_column vc_column_container\"><div class=\"vc_column-inner\"><div class=\"wpb_wrapper\"><h1 class=\"w-text\"><span class=\"w-text-h\"><span class=\"w-text-value\">Despre noi - CanaryVIP<\/span><\/span><\/h1><h2 class=\"w-text us_custom_fe162ea1\"><span class=\"w-text-h\"><span class=\"w-text-value\">Cine suntem<\/span><\/span><\/h2><div class=\"wpb_text_column\"><div class=\"wpb_wrapper\"><p>CanaryVIP este o platform\u0103 online de top dedicat\u0103 furniz\u0103rii celor mai bune activit\u0103\u021bi \u0219i excursii din Insulele Canare. Ca parte a Tu Nido Tenerife, una dintre agen\u021biile imobiliare de top din Tenerife, cu peste 20 de ani de experien\u021b\u0103 \u00een domeniul imobiliar \u0219i al construc\u021biilor, oferim experien\u021be de neuitat \u00een Insulele Canare din 2010.<\/p>\n<\/div><\/div><\/div><\/div><\/div><div class=\"vc_col-sm-12 wpb_column vc_column_container\"><div class=\"vc_column-inner\"><div class=\"wpb_wrapper\"><h2 class=\"w-text us_custom_9d8033b1\"><span class=\"w-text-h\"><span class=\"w-text-value\">C\u0103l\u0103toria noastr\u0103<\/span><\/span><\/h2><div class=\"wpb_text_column\"><div class=\"wpb_wrapper\"><p data-pm-slice=\"1 1 &#091;&#093;\"><span>Compania noastr\u0103 se ocup\u0103 de construc\u021bii \u00een Tenerife din 2003, construind o baz\u0103 solid\u0103 \u00een sectorul imobiliar. \u00cen 2010, ne-am extins serviciile sub numele de Tu Nido Tenerife, oper\u00e2nd de la un birou din Playa Fa\u00f1ab\u00e9. Pe m\u0103sur\u0103 ce afacerea noastr\u0103 a crescut, ne-am mutat \u00een Plaza Fa\u00f1ab\u00e9 \u0219i ulterior ne-am extins cu un al doilea birou \u00een Vista Sur. \u00cen prezent, noul nostru sediu central se afl\u0103 \u00een Madro\u00f1al de Fa\u00f1ab\u00e9, unde func\u021bioneaz\u0103 at\u00e2t Tu Nido Tenerife, c\u00e2t \u0219i CanaryVIP, continu\u00e2nd s\u0103 oferim servicii de top clien\u021bilor no\u0219tri.<\/span><\/p>\n<\/div><\/div><\/div><\/div><\/div><div class=\"vc_col-sm-12 wpb_column vc_column_container\"><div class=\"vc_column-inner\"><div class=\"wpb_wrapper\"><div class=\"w-image us_custom_af6a9b6a align_none\"><div class=\"w-image-h\"><img decoding=\"async\" width=\"1024\" height=\"683\" src=\"https:\/\/canaryvip.com\/wp-content\/uploads\/2025\/02\/TuNido-Office_Web-1.webp\" class=\"attachment-large size-large\" alt=\"Birou\" loading=\"lazy\" srcset=\"https:\/\/canaryvip.com\/wp-content\/uploads\/2025\/02\/TuNido-Office_Web-1.webp 1024w, https:\/\/canaryvip.com\/wp-content\/uploads\/2025\/02\/TuNido-Office_Web-1-300x200.webp 300w, https:\/\/canaryvip.com\/wp-content\/uploads\/2025\/02\/TuNido-Office_Web-1-18x12.webp 18w, https:\/\/canaryvip.com\/wp-content\/uploads\/2025\/02\/TuNido-Office_Web-1-600x400.webp 600w\" sizes=\"auto, (max-width: 1024px) 100vw, 1024px\" title=\"\"><\/div><\/div><h2 class=\"w-text us_custom_9d8033b1\"><span class=\"w-text-h\"><span class=\"w-text-value\">Na\u0219terea CanaryVIP<\/span><\/span><\/h2><div class=\"wpb_text_column\"><div class=\"wpb_wrapper\"><p data-pm-slice=\"1 1 &#091;&#093;\"><span>\u00cen 2024, am luat decizia strategic\u0103 de a separa afacerea noastr\u0103 de activit\u0103\u021bi \u0219i excursii de Tu Nido Tenerife, d\u00e2nd na\u0219tere CanaryVIP ca marc\u0103 de sine st\u0103t\u0103toare dedicat\u0103 exclusiv experien\u021belor turistice din Insulele Canare. \u00cen timp ce Tu Nido Tenerife r\u0103m\u00e2ne un nume bine stabilit \u00een <a href=\"https:\/\/www.tunidotenerife.com\/en\/inmobiliaria-tenerife\/\" target=\"_blank\" rel=\"noopener\">imobiliare Tenerife<\/a> sector, <strong>CanaryVIP<\/strong> a devenit rapid un brand online de top, permi\u021b\u00e2nd vizitatorilor s\u0103 rezerve mai u\u0219or ca niciodat\u0103 activit\u0103\u021bi, excursii \u0219i aventuri incredibile pe toate insulele.<\/span><\/p>\n<\/div><\/div><div class=\"w-html us_custom_af6a9b6a\"><iframe src=\"https:\/\/www.google.com\/maps\/embed?pb=!1m18!1m12!1m3!1d5215.387122659485!2d-16.72642792321668!3d28.09472697596261!2m3!1f0!2f0!3f0!3m2!1i1024!2i768!4f13.1!3m3!1m2!1s0xc6a996288a2335b%3A0x6e5358268b00a79!2sCanaryVIP%20-%20Tours%20and%20Excursions!5e1!3m2!1sen!2ses!4v1740406697434!5m2!1sen!2ses\" width=\"700\" height=\"300\" style=\"border:0;\" allowfullscreen=\"\" loading=\"lazy\" referrerpolicy=\"no-referrer-when-downgrade\"><\/iframe><\/div><\/div><\/div><\/div><div class=\"vc_col-sm-12 wpb_column vc_column_container\"><div class=\"vc_column-inner\"><div class=\"wpb_wrapper\"><h2 class=\"w-text us_custom_9d8033b1\"><span class=\"w-text-h\"><span class=\"w-text-value\">Misiunea noastr\u0103<\/span><\/span><\/h2><div class=\"wpb_text_column\"><div class=\"wpb_wrapper\"><p data-pm-slice=\"1 1 &#091;&#093;\"><span>La CanaryVIP, suntem pasiona\u021bi s\u0103 oferim experien\u021be unice, de \u00eenalt\u0103 calitate, care prezint\u0103 cele mai bune caracteristici ale Insulelor Canare. Fie c\u0103 sunte\u021bi \u00een c\u0103utarea unor tururi cu barca, sporturi nautice, aventuri de drume\u021bie sau excursii private exclusive, v\u0103 asigur\u0103m o c\u0103l\u0103torie de neuitat, adaptat\u0103 nevoilor dumneavoastr\u0103.<\/span><\/p>\n<\/div><\/div><div class=\"w-separator size_medium\"><\/div><\/div><\/div><\/div><\/div><\/div><\/section>","protected":false},"excerpt":{"rendered":"Despre noi - CanaryVIPCine suntemCanaryVIP este o platform\u0103 online de top dedicat\u0103 furniz\u0103rii celor mai bune activit\u0103\u021bi \u0219i excursii din Insulele Canare. Ca parte a Tu Nido Tenerife, una dintre agen\u021biile imobiliare de top din Tenerife, cu peste 20 de ani de experien\u021b\u0103 \u00een domeniul imobiliar \u0219i al construc\u021biei de propriet\u0103\u021bi, oferim servicii de neuitat...","protected":false},"author":1,"featured_media":0,"parent":0,"menu_order":0,"comment_status":"closed","ping_status":"closed","template":"","meta":{"_acf_changed":false,"footnotes":""},"class_list":["post-13824","page","type-page","status-publish","hentry"],"acf":[],"_links":{"self":[{"href":"https:\/\/canaryvip.com\/ro\/wp-json\/wp\/v2\/pages\/13824","targetHints":{"allow":["GET"]}}],"collection":[{"href":"https:\/\/canaryvip.com\/ro\/wp-json\/wp\/v2\/pages"}],"about":[{"href":"https:\/\/canaryvip.com\/ro\/wp-json\/wp\/v2\/types\/page"}],"author":[{"embeddable":true,"href":"https:\/\/canaryvip.com\/ro\/wp-json\/wp\/v2\/users\/1"}],"replies":[{"embeddable":true,"href":"https:\/\/canaryvip.com\/ro\/wp-json\/wp\/v2\/comments?post=13824"}],"version-history":[{"count":5,"href":"https:\/\/canaryvip.com\/ro\/wp-json\/wp\/v2\/pages\/13824\/revisions"}],"predecessor-version":[{"id":13832,"href":"https:\/\/canaryvip.com\/ro\/wp-json\/wp\/v2\/pages\/13824\/revisions\/13832"}],"wp:attachment":[{"href":"https:\/\/canaryvip.com\/ro\/wp-json\/wp\/v2\/media?parent=13824"}],"curies":[{"name":"wp","href":"https:\/\/api.w.org\/{rel}","templated":true}]}}