{"id":9834,"date":"2024-02-15T22:11:39","date_gmt":"2024-02-15T22:11:39","guid":{"rendered":"https:\/\/canaryvip.com\/?post_type=product&#038;p=9834"},"modified":"2025-08-09T12:53:55","modified_gmt":"2025-08-09T11:53:55","slug":"forestal-park-tenerife","status":"publish","type":"product","link":"https:\/\/canaryvip.com\/pt\/shop\/forestal-park-tenerife\/","title":{"rendered":"Parque Florestal de Tenerife"},"content":{"rendered":"<h2><strong>Parque Florestal de Tenerife: Mergulhe no parque infantil da natureza!<\/strong><\/h2>\n<p>Embarque numa aventura como nenhuma outra em <strong>Parque Florestal de Tenerife,<\/strong> onde a emo\u00e7\u00e3o do ar livre se encontra com a beleza serena dos pinhais centen\u00e1rios. Experimente a emo\u00e7\u00e3o de navegar pelo maior parque de tirolesa e aventura das Ilhas Can\u00e1rias. Com mais de 90 desafios \u00fanicos a grande altitude, incluindo pontes suspensas, redes, cip\u00f3s e linhas de tirolesa de cortar a respira\u00e7\u00e3o, o seu esp\u00edrito de aventura ir\u00e1 subir a novas alturas.<\/p>\n<h3><strong>Porqu\u00ea escolher a nossa aventura?<\/strong><\/h3>\n<ul>\n<li><strong>Divers\u00e3o garantida:<\/strong> Garanta o seu lugar reservando com anteced\u00eancia e evite a desilus\u00e3o de um parque cheio.<\/li>\n<li><strong>Descontos exclusivos:<\/strong> Aproveite os descontos exclusivos para reservar a sua pr\u00f3xima aventura connosco!<\/li>\n<li><strong>Planos flex\u00edveis:<\/strong> Mudan\u00e7a de planos? A nossa pol\u00edtica de cancelamento \u00e9 flex\u00edvel e cobre-o.<\/li>\n<li><strong>Conselhos de especialistas:<\/strong> Beneficie das nossas experi\u00eancias em primeira m\u00e3o e das nossas recomenda\u00e7\u00f5es para a melhor aventura.<\/li>\n<\/ul>\n<h3><strong>\ud83d\udc65 Team Building e aventuras de grupo<\/strong><\/h3>\n<p>Aumente a camaradagem e forje liga\u00e7\u00f5es duradouras dentro de qualquer grupo atrav\u00e9s das nossas diversas aventuras de team-building. <strong>Parque Florestal de Tenerife<\/strong> oferece um cen\u00e1rio distinto, perfeito para refor\u00e7ar o esp\u00edrito de equipa entre <strong>grupos empresariais,<\/strong>\u00a0celebrar momentos especiais com <strong>amigos,<\/strong>\u00a0marcando marcos como <strong>anivers\u00e1rios,<\/strong>\u00a0ou trazendo <strong>grandes reuni\u00f5es familiares<\/strong> mais pr\u00f3ximos.<\/p>\n<p>mais unidos. Os nossos desafios cuidadosamente elaborados n\u00e3o s\u00f3 entret\u00eam como tamb\u00e9m promovem o trabalho de equipa, a comunica\u00e7\u00e3o e um sentimento comum de triunfo e uni\u00e3o entre todos os tipos de grupos. Quer pretenda refor\u00e7ar as equipas empresariais, criar mem\u00f3rias inesquec\u00edveis de anivers\u00e1rios, unir amigos em aventuras ou reunir fam\u00edlias alargadas para um dia de divers\u00e3o, o nosso parque garante uma experi\u00eancia inclusiva, envolvente e memor\u00e1vel para todos.<\/p>\n<h3><strong>\ud83d\udee0\ufe0f Preparar-se para a sua aventura<\/strong><\/h3>\n<ul>\n<li><strong>Reservar com anteced\u00eancia:<\/strong> Garanta a sua entrada reservando com anteced\u00eancia.<\/li>\n<li><strong>Conselhos para a chegada<\/strong>: Situado em La Esperanza, aconselhamos os h\u00f3spedes alojados em Tenerife Sul a planear meticulosamente a sua visita com anteced\u00eancia, uma vez que a viagem de carro demora pelo menos 1 hora. Por favor, tenha em conta os poss\u00edveis atrasos devido aos ciclistas locais e \u00e0s condi\u00e7\u00f5es das estradas de montanha para garantir uma chegada atempada e sem problemas.<\/li>\n<li><strong>Vestido direito:<\/strong> Usar vestu\u00e1rio adequado para um dia ativo ao ar livre.<\/li>\n<li><strong>Pr\u00e9-visita:<\/strong> Fa\u00e7a o check-in 30 minutos antes da sua reserva para se familiarizar com as comodidades do parque.<\/li>\n<\/ul>\n<h3><strong>\ud83c\udf33 A aventura espera por si em cada esquina<\/strong><\/h3>\n<ul>\n<li><strong>Desafios variados:<\/strong> De passeios serenos a emo\u00e7\u00f5es extremas, o nosso parque \u00e9 adequado para todos os n\u00edveis de aventureiros.<\/li>\n<li><strong>Seguran\u00e7a constante:<\/strong> A nossa equipa de profissionais garante que est\u00e1 sempre ligado de forma segura para uma experi\u00eancia sem preocupa\u00e7\u00f5es.<\/li>\n<li><strong>Mais para explorar:<\/strong> Descubra a vasta gama de aventuras que Tenerife tem para oferecer para al\u00e9m das copas das \u00e1rvores.<\/li>\n<\/ul>\n<h3><strong>\ud83c\udfde\ufe0f Caracter\u00edsticas do nosso parque exterior<\/strong><\/h3>\n<ul>\n<li><strong>Natureza requintada:<\/strong> Mergulhe na biodiversidade exuberante das florestas de Tenerife.<\/li>\n<li><strong>Actividades para todos:<\/strong> Desfrute de uma variedade de desafios nas copas das \u00e1rvores, adequados a todas as idades e n\u00edveis de aptid\u00e3o.<\/li>\n<li><strong>Orienta\u00e7\u00e3o especializada:<\/strong> Os nossos instrutores qualificados garantem uma aventura divertida e segura para todos.<\/li>\n<li><strong>Consci\u00eancia ecol\u00f3gica:<\/strong> O nosso compromisso com a sustentabilidade significa desfrutar da natureza sem a danificar.<\/li>\n<li><strong>Comodidades:<\/strong> Reabaste\u00e7a-se no nosso caf\u00e9 e utilize as nossas instala\u00e7\u00f5es limpas para um dia confort\u00e1vel.<\/li>\n<\/ul>\n<h3><strong>\ud83d\udcc5 Planear a sua visita<\/strong><\/h3>\n<ul>\n<li><strong>Horas de aventura:<\/strong> Aberto diariamente das 10:00 \u00e0s 18:00. Chegar antes das 16:30 para a \u00faltima entrada.<\/li>\n<li><strong>Reservas online f\u00e1ceis:<\/strong> Evite as filas reservando os seus bilhetes online. Verifique as tarifas especiais e os descontos!<\/li>\n<\/ul>\n<h3><strong>\ud83d\udee1\ufe0f Reservar com tranquilidade<\/strong><\/h3>\n<ul>\n<li><strong>Confirma\u00e7\u00e3o imediata:<\/strong> Receber um e-mail de confirma\u00e7\u00e3o com os dados da sua reserva e um n\u00famero de refer\u00eancia \u00fanico.<\/li>\n<li><strong>Ofertas especiais:<\/strong> Todas as reservas incluem um desconto especial para a sua pr\u00f3xima aventura, bem como descontos para grupos.<\/li>\n<li><strong>Compromisso com a seguran\u00e7a:<\/strong> O cumprimento das nossas directrizes de seguran\u00e7a \u00e9 essencial para uma visita divertida e segura.<\/li>\n<li><strong>Cancelamento atencioso:<\/strong> Pol\u00edtica de cancelamento flex\u00edvel que permite altera\u00e7\u00f5es gratuitas at\u00e9 48 horas antes da sua reserva. Os cancelamentos efectuados no prazo de 48 horas est\u00e3o sujeitos a uma taxa de 50% e as n\u00e3o compar\u00eancias n\u00e3o s\u00e3o reembols\u00e1veis.<\/li>\n<\/ul>\n<h4><strong>\ud83c\udf04 Pronto para viver a derradeira aventura ao ar livre?<\/strong><\/h4>\n<p>Junte-se a n\u00f3s para uma viagem atrav\u00e9s das copas das \u00e1rvores e descubra a beleza natural de Tenerife a partir de cima. Reserve j\u00e1 a sua aventura e entre num mundo de emo\u00e7\u00e3o e descoberta! \ud83c\udf32\ud83c\udfde\ufe0f<\/p>","protected":false},"excerpt":{"rendered":"<p>\ud83d\udd0d <strong>Parque Florestal de Tenerife<\/strong>:<br \/>\n\u2705 Pagamento seguro.<br \/>\n\ud83c\udf32 O maior parque de aventura e tirolesa.<br \/>\n\ud83d\udc64 Actividades para todas as idades.<br \/>\n\ud83d\udd56 Aberto das 10:00 \u00e0s 18:00.<br \/>\n\ud83d\udcc5 Sex, S\u00e1b e Dom.<br \/>\n\ud83d\ude97 Estacionamento dispon\u00edvel para visitantes.<br \/>\n\ud83e\udd7e Equipamento de seguran\u00e7a fornecido.<br \/>\n\ud83e\udd11 Melhor pre\u00e7o garantido.<br \/>\n\ud83d\udc68\u200d\ud83d\udc69\u200d\ud83d\udc67\u200d\ud83d\udc66 Descontos para grupos e fam\u00edlias.<br \/>\n\ud83c\udf10 Funcion\u00e1rios multilingues.<br \/>\n\ud83c\udf32 Recomenda-se a reserva antecipada.<br \/>\n\ud83d\udccd Localizado em <a href=\"https:\/\/maps.app.goo.gl\/JbRxgrnnevPucnau9\">La Esperanza, Tenerife<\/a>.<\/p>","protected":false},"featured_media":9837,"comment_status":"open","ping_status":"closed","template":"","meta":{"_acf_changed":false},"product_brand":[],"product_cat":[82],"product_tag":[],"class_list":{"0":"post-9834","1":"product","2":"type-product","3":"status-publish","4":"has-post-thumbnail","6":"product_cat-fun-activities","7":"wcpa_has_options","9":"first","10":"instock","11":"virtual","12":"purchasable","13":"product-type-simple"},"acf":[],"wcpa_form_fields":{"wcpaData":{"product":{"product_price":26,"price_html":"From&nbsp;<span class=\"woocommerce-Price-amount amount\"><bdi>26,00&nbsp;<span class=\"woocommerce-Price-currencySymbol\">&euro;<\/span><\/bdi><\/span>","original_product_price":26,"price_including_tax":26,"price_excluding_tax":26,"product_id":{"parent":9834,"variation":false},"is_variable":false,"stock_status":"instock","stock_quantity":null,"parent_sku":"CV9834","product_attributes":[],"custom_fields":[],"is_taxable":false,"product_name":"Forestal Park Tenerife","hasImage":false},"fields":{"sec_465e50fd642ff4":{"extra":{"key":"sec_465e50fd642ff4","section_id":"sec_465e50fd642ff4","name":"Default","status":1,"cl_rule":"show","enableCl":false,"relations":[],"toggle":true,"title_tag":"h3","show_title":false,"showPrice":"default","form_id":10220,"form_rules":{"exclude_from_discount":true,"fee_label":"Fee","disp_hide_options_price":true,"disp_show_section_price":false,"disp_show_field_price":true,"layout_option":"standard","pric_use_as_fee":false,"process_fee_as":"woo_fee"},"layout_option":"standard"},"fields":[[{"label":"\ud83d\udcc5 Date","active":true,"required":true,"elementId":"date_365e50fd643030","picker_type":"custom","picker_mode":"single","placeholder":"","description":"","tooltip":"","name":"date_365e50fd643030","label_position":"default","desc_position":"default","enablePrice":false,"className":"","enableCl":false,"relations":[{"operator":"and","rules":[{"operator":"AND","rules":{"cl_field":"radio-group_365e50fd643015","cl_relation":"is","cl_val":"3 Hour Trip"}}]}],"date_pic_inline":true,"date_pic_inline_hide":true,"min_date":{"type":"days","val":"2"},"max_date":{"type":"days","val":"365"},"date_pic_conf":{"disabledWeeks":[1,2,3,4]},"price":"","cl_rule":"show","col":6,"type":"date","error":false,"enableDesign":false,"LabelColor":"","gt_translate_keys":["label","placeholder","description","tooltip"],"price_dependency":false,"cl_dependency":false,"value":""}],[{"active":true,"col":6,"relations":[{"operator":false,"rules":[{"operator":"AND","rules":{"cl_field":"","cl_relation":"","cl_val":""}}]}],"cl_rule":"show","enableCl":false,"price":"","enablePrice":false,"className":"","label_position":"default","desc_position":"default","type":"radio-group","required":true,"elementId":"radio-group_365e50fd643015","label":"\ud83c\udf1f Type of Ticket","name":"radio-group_365e50fd643015","values":[{"label":"Regular Tickets (26\u20ac)","value":"Regular Tickets","selected":false,"tempId":"aco_28","description":"Regular Admission Tickets.","gt_translate_keys":["label","description"]},{"label":"Resident Tickets (22\u20ac)","value":"Resident Tickets","selected":false,"tempId":"aco_30","description":"Regular Tickets for Canary Island Residents. You must present a valid document as proof of residency.","gt_translate_keys":["label","description"]}],"layOut":"","error":false,"checkUi":"toggle","enableDesign":false,"scrollBar":false,"description":"","other":false,"options_description":true,"show_selected_option":false,"gt_translate_keys":["label","description"],"price_dependency":false,"cl_dependency":[false,false],"value":""}]]},"sec_665e50fd643017":{"extra":{"key":"sec_665e50fd643017","section_id":"sec_665e50fd643017","name":"Regular Tickets","status":1,"cl_rule":"show","enableCl":true,"relations":[{"operator":false,"rules":[{"operator":"AND","rules":{"cl_field":"radio-group_365e50fd643015","cl_relation":"is","cl_val":"Regular Tickets"}}]}],"toggle":true,"title_tag":"h4","show_title":false,"showPrice":"default","form_id":10220,"form_rules":{"exclude_from_discount":true,"fee_label":"Fee","disp_hide_options_price":true,"disp_show_section_price":false,"disp_show_field_price":true,"layout_option":"standard","pric_use_as_fee":false,"process_fee_as":"woo_fee"},"layout_option":"standard"},"fields":[[{"elementId":"separator_1065e50fd64303b","separatorType":"blank","className":"","height":"10","enableCl":false,"relations":false,"cl_rule":"show","col":6,"type":"separator","gt_translate_keys":[],"price_dependency":false,"cl_dependency":false,"value":""}],[{"active":true,"col":6,"relations":false,"cl_rule":"show","enableCl":false,"price":"","enablePrice":false,"className":"","label_position":"default","desc_position":"default","type":"content","required":false,"elementId":"content_565e50fd643045","label":"People","name":"content_565e50fd643045","contentType":"plain","value":"","error":false,"show_in_checkout":true,"inline":false,"gt_translate_keys":["label","value"],"price_dependency":false,"cl_dependency":false}],[{"active":true,"col":6,"relations":[{"operator":false,"rules":[{"operator":"AND","rules":{"cl_field":"","cl_relation":"","cl_val":""}}]}],"cl_rule":"show","enableCl":true,"price":"26","enablePrice":true,"className":"","label_position":"default","desc_position":"default","type":"radio-group","required":false,"elementId":"radio-group_565e50fd643051","label":"","name":"radio-group_565e50fd643051","values":[{"label":"\ud83d\udc64 Adult (26\u20ac)","value":"Adult (26<\u20ac)","selected":true,"tempId":"aco_32","tooltip":"+13 Years","description":"","gt_translate_keys":["label","tooltip","description"]}],"layOut":"","error":false,"checkUi":"button","priceOptions":"fixed_for_all","pricingType":"fixed","enable_quantity":true,"quantity_label":"","min_quantity":"0","options_tooltip":true,"options_description":true,"gt_translate_keys":["label","quantity_label"],"price_dependency":false,"cl_dependency":false,"value":""}],[{"label":"","active":true,"required":false,"elementId":"radio-group_965e50fd64305c","name":"radio-group_965e50fd64305c","label_position":"default","desc_position":"default","enablePrice":true,"className":"","enableCl":false,"relations":false,"enable_quantity":true,"quantity_label":"","min_quantity":"0","checkUi":"button","layOut":"","values":[{"label":"\ud83d\udc66 Child (21\u20ac)","value":"Child (21\u20ac)","selected":true,"tempId":"aco_32","tooltip":"5-12 Years","description":"","gt_translate_keys":["label","tooltip","description"]}],"priceOptions":"fixed_for_all","pricingType":"fixed","price":"21","cl_rule":"show","col":6,"type":"radio-group","error":false,"options_tooltip":true,"options_description":true,"gt_translate_keys":["label","quantity_label"],"price_dependency":false,"cl_dependency":false,"value":""}]]},"sec_965e50fd6430a4":{"extra":{"key":"sec_965e50fd6430a4","section_id":"sec_965e50fd6430a4","name":"Resident Tickets","status":1,"cl_rule":"show","enableCl":true,"relations":[{"operator":false,"rules":[{"operator":"AND","rules":{"cl_field":"radio-group_365e50fd643015","cl_relation":"is","cl_val":"Resident Tickets"}}]}],"toggle":true,"title_tag":"h4","show_title":false,"showPrice":"default","form_id":10220,"form_rules":{"exclude_from_discount":true,"fee_label":"Fee","disp_hide_options_price":true,"disp_show_section_price":false,"disp_show_field_price":true,"layout_option":"standard","pric_use_as_fee":false,"process_fee_as":"woo_fee"},"layout_option":"standard"},"fields":[[{"elementId":"separator_465e50fd6430c1","separatorType":"blank","className":"","height":"10","enableCl":false,"relations":false,"cl_rule":"show","col":6,"type":"separator","gt_translate_keys":[],"price_dependency":false,"cl_dependency":false,"value":""}],[{"contentType":"plain","active":true,"label":"People","elementId":"content_865e50fd6430cb","value":"","inline":false,"show_in_checkout":true,"name":"content_865e50fd6430cb","enablePrice":false,"className":"","enableCl":false,"relations":false,"price":"","cl_rule":"show","col":6,"type":"content","gt_translate_keys":["label","value"],"price_dependency":false,"cl_dependency":false}],[{"label":"","active":true,"required":false,"elementId":"radio-group_665e50fd6430d6","name":"radio-group_665e50fd6430d6","label_position":"default","desc_position":"default","enablePrice":true,"className":"","enableCl":true,"relations":[{"operator":false,"rules":[{"operator":"AND","rules":{"cl_field":"","cl_relation":"","cl_val":""}}]}],"enable_quantity":true,"quantity_label":"","min_quantity":"0","checkUi":"button","layOut":"","options_tooltip":true,"values":[{"label":"\ud83d\udc64 Adult (22\u20ac)","value":"Adult (22\u20ac)","selected":true,"tempId":"aco_32","tooltip":"+13 Years","gt_translate_keys":["label","tooltip"]}],"priceOptions":"fixed_for_all","pricingType":"fixed","price":"22","cl_rule":"show","col":6,"type":"radio-group","error":false,"gt_translate_keys":["label","quantity_label"],"price_dependency":false,"cl_dependency":false,"value":""}],[{"label":"","active":true,"required":false,"elementId":"radio-group_465e50fd6430e0","name":"radio-group_465e50fd6430e0","label_position":"default","desc_position":"default","enablePrice":true,"className":"","enableCl":false,"relations":false,"enable_quantity":true,"quantity_label":"","min_quantity":"0","checkUi":"button","layOut":"","options_tooltip":true,"values":[{"label":"\ud83d\udc66 Child (15\u20ac)","value":"Children (15\u20ac)","selected":true,"tempId":"aco_32","tooltip":"5-12 Years","gt_translate_keys":["label","tooltip"]}],"priceOptions":"fixed_for_all","pricingType":"fixed","price":"15","cl_rule":"show","col":6,"type":"radio-group","error":false,"gt_translate_keys":["label","quantity_label"],"price_dependency":false,"cl_dependency":false,"value":""}]]}},"config":{"price_override":"always","enable_recaptcha":false,"bind_quantity":false,"quantity_bind_formula":false,"disp_summ_show_option_price":true,"disp_summ_show_product_price":false,"disp_summ_show_total_price":true,"disp_summ_show_fee":true,"disp_summ_show_discount":true,"summary_title":"","options_total_label":"Options Price","total_label":"Total Amount","options_product_label":"Product Price","fee_label":"Fee","discount_label":"Discount","has_price":true,"has_quantity_formula":false},"mc_unit":1,"tax_rate":1,"tax_rate_real":1,"discount":{"percentage":0,"fixed":0},"design":{"conf":{"LabelPosition":"above","DescPosition":"above","UploadField":"custom_1","QuantityFieldStyle":"custom_1"},"css":{"LeftLabelWidth":"120px"}},"formulas":[],"lookuptables":[],"clones":false,"cartKey":false}},"_links":{"self":[{"href":"https:\/\/canaryvip.com\/pt\/wp-json\/wp\/v2\/product\/9834","targetHints":{"allow":["GET"]}}],"collection":[{"href":"https:\/\/canaryvip.com\/pt\/wp-json\/wp\/v2\/product"}],"about":[{"href":"https:\/\/canaryvip.com\/pt\/wp-json\/wp\/v2\/types\/product"}],"replies":[{"embeddable":true,"href":"https:\/\/canaryvip.com\/pt\/wp-json\/wp\/v2\/comments?post=9834"}],"wp:featuredmedia":[{"embeddable":true,"href":"https:\/\/canaryvip.com\/pt\/wp-json\/wp\/v2\/media\/9837"}],"wp:attachment":[{"href":"https:\/\/canaryvip.com\/pt\/wp-json\/wp\/v2\/media?parent=9834"}],"wp:term":[{"taxonomy":"product_brand","embeddable":true,"href":"https:\/\/canaryvip.com\/pt\/wp-json\/wp\/v2\/product_brand?post=9834"},{"taxonomy":"product_cat","embeddable":true,"href":"https:\/\/canaryvip.com\/pt\/wp-json\/wp\/v2\/product_cat?post=9834"},{"taxonomy":"product_tag","embeddable":true,"href":"https:\/\/canaryvip.com\/pt\/wp-json\/wp\/v2\/product_tag?post=9834"}],"curies":[{"name":"wp","href":"https:\/\/api.w.org\/{rel}","templated":true}]}}