{"id":9654,"date":"2024-02-11T16:27:15","date_gmt":"2024-02-11T16:27:15","guid":{"rendered":"https:\/\/canaryvip.com\/?post_type=product&#038;p=9654"},"modified":"2026-03-26T13:04:23","modified_gmt":"2026-03-26T13:04:23","slug":"book-scandal-dinner-show","status":"publish","type":"product","link":"https:\/\/canaryvip.com\/pt\/shop\/book-scandal-dinner-show\/","title":{"rendered":"Scandal Jantar com espet\u00e1culo Tenerife"},"content":{"rendered":"<h2><strong>Scandal Burlesque Dinner Show<\/strong><\/h2>\n<p>Uma noite de luxo, humor e espect\u00e1culos cativantes \u00e9 oferecida no <strong>Scandal Burlesque Dinner Show.<\/strong> Este evento, concebido para aqueles que procuram uma noite elevada, combina o fasc\u00ednio do burlesco com com\u00e9dia, magia e actos musicais envolventes. <strong>CanaryVIP<\/strong> convida os habitantes locais e os visitantes a viverem uma experi\u00eancia memor\u00e1vel.<\/p>\n<h3><strong>\ud83c\udf7d\ufe0f Jantar de luxo no GF Victoria 5*<\/strong><\/h3>\n<ul>\n<li><strong>Localiza\u00e7\u00e3o:<\/strong> O prestigiado <a href=\"https:\/\/www.google.com\/maps\/place\/GF+Victoria\/@28.0917871,-16.7412967,17z\/data=!3m1!4b1!4m9!3m8!1s0xc6a974d01c4268f:0x3c0e40669a61bb47!5m2!4m1!1i2!8m2!3d28.0917871!4d-16.7387218!16s%2Fg%2F11bvv59vv2?entry=tts&amp;g_ep=EgoyMDI0MDUwOC4wKgBIAVAD\" target=\"_blank\" rel=\"noopener\">GF Victoria<\/a> O hotel de 5* na Costa Adeje serve de local, proporcionando uma mistura perfeita de conveni\u00eancia e grandeza para uma noite inesquec\u00edvel.<\/li>\n<li><strong>Cozinha:<\/strong> Os h\u00f3spedes podem desfrutar de uma luxuosa refei\u00e7\u00e3o de 5 pratos, meticulosamente preparada com os melhores ingredientes e servida com eleg\u00e2ncia profissional. Cada prato promete encantar as papilas gustativas com del\u00edcias culin\u00e1rias.<\/li>\n<\/ul>\n<h3><strong>\ud83d\udd70\ufe0f Itiner\u00e1rio noturno<\/strong><\/h3>\n<ul>\n<li><strong>Hor\u00e1rio:<\/strong> A noite come\u00e7a \u00e0s 20:00, com espect\u00e1culos a partir das 20:30 e com uma dura\u00e7\u00e3o aproximada de 3 horas. Ap\u00f3s o espet\u00e1culo, os h\u00f3spedes s\u00e3o convidados para o Skybar do hotel para uma noite prolongada de relaxamento e cocktails num cen\u00e1rio deslumbrante.<\/li>\n<li><strong>Traje:<\/strong> Os convidados s\u00e3o encorajados a abra\u00e7ar a noite em trajes de noite elegantes, reflectindo o ambiente sofisticado do evento. Este encontro destina-se a convidados com idade igual ou superior a 16 anos, garantindo uma experi\u00eancia madura e elegante.<\/li>\n<\/ul>\n<h3><strong>\ud83c\udf9f\ufe0f Escolha a sua noite perfeita<\/strong><\/h3>\n<ul>\n<li><strong>Golden Pass:<\/strong> Mergulhe no espet\u00e1culo com um menu de degusta\u00e7\u00e3o gourmet, acompanhado por uma variedade de bebidas ilimitadas para uma noite verdadeiramente indulgente.<\/li>\n<li><strong>Experi\u00eancia Platinum:<\/strong> Para um n\u00edvel extra de luxo, a Experi\u00eancia Platinum inclui todas as vantagens do Golden Pass mais a privacidade da sua pr\u00f3pria mesa, elevando o car\u00e1cter especial da noite.<\/li>\n<\/ul>\n<h3><strong>O seu lugar no espet\u00e1culo<\/strong><\/h3>\n<ul>\n<li>O local foi cuidadosamente organizado para garantir que todos os convidados tenham uma vis\u00e3o clara do palco, tornando cada espet\u00e1culo intimamente agrad\u00e1vel a partir de qualquer \u00e2ngulo.<\/li>\n<\/ul>\n<h3><strong>\ud83c\udf89 Celebra\u00e7\u00f5es \u00e0 medida<\/strong><\/h3>\n<ul>\n<li>Podem ser marcadas ocasi\u00f5es especiais, desde anivers\u00e1rios a reuni\u00f5es de empresas, acomodando grupos de 30 a 150 pessoas. A equipa de eventos est\u00e1 pronta para personalizar as noites na perfei\u00e7\u00e3o.<\/li>\n<\/ul>\n<h3><strong>A ess\u00eancia do espet\u00e1culo burlesco:<\/strong><\/h3>\n<ul>\n<li><strong>Entretenimento interativo:<\/strong> Os artistas interagem diretamente com o p\u00fablico, criando uma atmosfera \u00edntima e animada que cativa e encanta.<\/li>\n<li><strong>Uma grande variedade de actos:<\/strong> O espet\u00e1culo oferece uma experi\u00eancia diversificada e emocionante em cada ato, desde o burlesco cl\u00e1ssico a interpreta\u00e7\u00f5es contempor\u00e2neas.<\/li>\n<\/ul>\n<h3><strong>Um menu para todos os paladares:<\/strong><\/h3>\n<p>\u00c9 explorada uma sele\u00e7\u00e3o de menu diversificada, concebida para satisfazer todos os gostos, incluindo op\u00e7\u00f5es vegetarianas e veganas, mediante pedido. As ofertas requintadas incluem:<\/p>\n<ul>\n<li>Del\u00edcias crocantes acompanhadas de raita, creme de milho fumado com um toque de coentros e suculenta papada de porco ib\u00e9rico.<\/li>\n<li>Massa paccheri delicadamente preparada com um rico ragu de cogumelos, real\u00e7ado com toques de pickles.<\/li>\n<li>Porco preto tenramente cozinhado com molho satay, juntamente com um risoto falso apresentado de forma criativa.<\/li>\n<li>Um final de sobremesa com macarons de frutos vermelhos e chocolate branco.<\/li>\n<\/ul>\n<h3><strong>\u2696\ufe0f Pol\u00edtica de reserva e cancelamento:<\/strong><\/h3>\n<ul>\n<li><strong>Reserve com anteced\u00eancia para obter benef\u00edcios:<\/strong> A reserva antecipada garante as melhores tarifas dispon\u00edveis e simplifica o processo de planeamento.<\/li>\n<li><strong>Cancelamentos flex\u00edveis:<\/strong> Os cancelamentos gratuitos s\u00e3o oferecidos at\u00e9 48 horas antes da hora marcada para o espet\u00e1culo, permitindo flexibilidade nos planos.<\/li>\n<li><strong>Reservas de grupo simplificadas:<\/strong> Para festas com mais de 6 pessoas, \u00e9 aplicada uma pol\u00edtica de cancelamento simples at\u00e9 4 dias antes do evento. Os cancelamentos efectuados 2 a 4 dias antes do evento d\u00e3o direito a um reembolso 50%.<\/li>\n<\/ul>\n<h3><strong>Preparar-se para a noite:<\/strong><\/h3>\n<ul>\n<li><strong>C\u00f3digo de vestu\u00e1rio:<\/strong> Os convidados s\u00e3o aconselhados a usar o seu melhor traje de noite para combinar com o ambiente elegante do evento. Embora as cal\u00e7as de ganga e uma t-shirt bonita sejam aceit\u00e1veis, o vestu\u00e1rio desportivo e os cal\u00e7\u00f5es para homem s\u00e3o desaconselhados para manter a atmosfera de luxo.<\/li>\n<li><strong>Informa\u00e7\u00f5es sobre estacionamento:<\/strong> Est\u00e1 dispon\u00edvel estacionamento conveniente perto do Centro Comercial Plaza del Duque, a uma curta caminhada do local, garantindo um f\u00e1cil acesso para todos os h\u00f3spedes.<\/li>\n<\/ul>\n<h4><strong>\ud83c\udf1f Uma noite inesquec\u00edvel espera por si<\/strong><\/h4>\n<p>O Scandal Burlesco <a href=\"https:\/\/canaryvip.com\/pt\/tenerife\/evening-shows\/\">Jantar com espet\u00e1culo<\/a> promete ser o ponto alto da sua visita a Tenerife com <strong>CanaryVIP.<\/strong>\u00a0Garanta j\u00e1 os seus bilhetes para uma mistura inigual\u00e1vel de entretenimento, refei\u00e7\u00f5es e vistas panor\u00e2micas. \ud83c\udf0c\ud83c\udf78<\/p>","protected":false},"excerpt":{"rendered":"<p><strong>\ud83d\udd0d Destaques do programa Scandal:<\/strong><br \/>\n\u2705 Pagamento seguro.<br \/>\n\ud83d\udc83 Espet\u00e1culo de estilo burlesco.<br \/>\n\ud83d\udd59 Todos os s\u00e1bados \u00e0s 20:30.<br \/>\n\ud83c\udf5b Jantar inclu\u00eddo.<br \/>\n\ud83c\udf77 Vinho e refrigerantes inclu\u00eddos.<br \/>\n\ud83c\udf0d Ingl\u00eas e espanhol Anfitri\u00e3o.<br \/>\n\u2705 +16 S\u00f3 para adultos.<br \/>\n\ud83d\ude80 Muito popular!<br \/>\n\ud83e\udd11 Melhor pre\u00e7o garantido.<br \/>\n\ud83d\udc6a Descontos para reservas de grupos.<br \/>\n\ud83d\udd01 Cancelamento gratuito at\u00e9 48h.<br \/>\n\ud83c\udf1f Reservar cedo, enche depressa!<br \/>\n\ud83d\udccd Local em <a href=\"https:\/\/maps.app.goo.gl\/boB3JcWYHb8AiGY58\">Hotel GF Victoria<\/a>.<\/p>","protected":false},"featured_media":9659,"comment_status":"open","ping_status":"closed","template":"","meta":{"_acf_changed":false},"product_brand":[],"product_cat":[59],"product_tag":[],"class_list":{"0":"post-9654","1":"product","2":"type-product","3":"status-publish","4":"has-post-thumbnail","6":"product_cat-evening-shows","7":"wcpa_has_options","9":"first","10":"instock","11":"virtual","12":"purchasable","13":"product-type-simple"},"acf":[],"wcpa_form_fields":{"wcpaData":{"product":{"product_price":94,"price_html":"From&nbsp;<span class=\"woocommerce-Price-amount amount\"><bdi>94,00&nbsp;<span class=\"woocommerce-Price-currencySymbol\">&euro;<\/span><\/bdi><\/span>","original_product_price":94,"price_including_tax":94,"price_excluding_tax":94,"product_id":{"parent":9654,"variation":false},"is_variable":false,"stock_status":"instock","stock_quantity":null,"parent_sku":"CV9654","product_attributes":[],"custom_fields":[],"is_taxable":false,"product_name":"Scandal Dinner Show Tenerife","hasImage":false},"fields":{"sec_165e506ca90d2c":{"extra":{"key":"sec_165e506ca90d2c","section_id":"sec_165e506ca90d2c","name":"Default","status":1,"cl_rule":"show","enableCl":false,"relations":[],"toggle":true,"title_tag":"h3","show_title":false,"showPrice":"default","form_id":10217,"form_rules":{"exclude_from_discount":true,"fee_label":"Fee","disp_hide_options_price":true,"disp_show_section_price":false,"disp_show_field_price":true,"layout_option":"standard","pric_use_as_fee":false,"process_fee_as":"woo_fee"},"layout_option":"standard"},"fields":[[{"label":"\ud83d\udcc5 Date","active":true,"required":true,"elementId":"date_265e506ca90d6a","picker_type":"custom","picker_mode":"single","placeholder":"","description":"","tooltip":"","name":"date_265e506ca90d6a","label_position":"default","desc_position":"default","enablePrice":false,"className":"","enableCl":false,"relations":[{"operator":"and","rules":[{"operator":"AND","rules":{"cl_field":"radio-group_765e506ca90d4e","cl_relation":"is_not_empty","cl_val":"3 Hour Trip"}}]}],"date_pic_inline":true,"date_pic_inline_hide":true,"min_date":{"type":"days","val":"1"},"max_date":{"type":"days","val":"180"},"date_pic_conf":{"disabledWeeks":[0,1,2,3,4,5],"disabledDates":["2024-05-25","2024-08-10","2024-11-02","2024-12-14","2024-12-27 to 2024-12-28"]},"price":"","cl_rule":"show","col":6,"type":"date","error":false,"enableDesign":false,"LabelColor":"","date_conf_custom":{"minDate":"let d = new Date();\nif (d.getHours() >= 18) {\n  d.setDate(d.getDate() + 3);\n} else if (d.getHours() >= 12) {\n  d.setDate(d.getDate() + 1);\n} else {\nd.setDate(d.getDate());\n}\nreturn d;"},"isWeightTemplate":false,"isTemplate":false,"min_quantity":"1","quantity_decimal":false,"quantity_step":"1","quantity_label":"Quantity","repeater_field_label":"{field_label}","repeater_bind":"","gt_translate_keys":["label","placeholder","description","tooltip","repeater_field_label","quantity_label"],"price_dependency":false,"cl_dependency":["radio-group_765e506ca90d4e","radio-group_765e506ca90d4e"],"value":""}],[{"active":true,"col":6,"relations":[{"operator":false,"rules":[{"operator":"AND","rules":{"cl_field":"","cl_relation":"","cl_val":""}}]}],"cl_rule":"show","enableCl":false,"price":"","enablePrice":false,"className":"","label_position":"default","desc_position":"default","type":"radio-group","required":true,"elementId":"radio-group_765e506ca90d4e","label":"\ud83c\udf1f Type of Ticket","name":"radio-group_765e506ca90d4e","values":[{"label":"Gold Entrance (94\u20ac)","value":"Gold Entrance","selected":false,"tempId":"aco_28","description":"Enjoy the live show, tasting menu, and unlimited drinks.","gt_translate_keys":["label","description"]},{"label":"Platinum Entrance (114\u20ac)","value":"Platinum Entrance","selected":false,"tempId":"aco_29","description":"Enjoy the live show, tasting menu, unlimited drinks, and a private table.","options_cl":true,"relations":[{"operator":false,"rules":[{"operator":"or","rules":{"cl_field":"date_265e506ca90d6a","cl_relation":"is","cl_val":"2026-04-02"}},{"operator":false,"rules":{"cl_field":"date_265e506ca90d6a","cl_relation":"is","cl_val":"2026-03-26"}}]}],"cl_rule":"hide","gt_translate_keys":["label","description"]}],"layOut":"","error":false,"checkUi":"toggle","enableDesign":false,"scrollBar":false,"description":"","other":false,"options_description":true,"show_selected_option":false,"isWeightTemplate":false,"isTemplate":false,"min_quantity":"1","quantity_decimal":false,"quantity_step":"1","quantity_label":"Quantity","repeater_field_label":"{field_label}","repeater_bind":"","gt_translate_keys":["label","description","repeater_field_label","quantity_label"],"price_dependency":false,"cl_dependency":[false,false],"value":""}]]},"sec_965e506ca90d50":{"extra":{"key":"sec_965e506ca90d50","section_id":"sec_965e506ca90d50","name":"Gold","status":1,"cl_rule":"show","enableCl":true,"relations":[{"operator":false,"rules":[{"operator":"AND","rules":{"cl_field":"radio-group_765e506ca90d4e","cl_relation":"is","cl_val":"Gold Entrance"}}]}],"toggle":true,"title_tag":"h4","show_title":false,"showPrice":"default","form_id":10217,"form_rules":{"exclude_from_discount":true,"fee_label":"Fee","disp_hide_options_price":true,"disp_show_section_price":false,"disp_show_field_price":true,"layout_option":"standard","pric_use_as_fee":false,"process_fee_as":"woo_fee"},"layout_option":"standard"},"fields":[[{"elementId":"separator_765e506ca90d74","separatorType":"blank","className":"","height":"10","enableCl":false,"relations":false,"cl_rule":"show","col":6,"type":"separator","gt_translate_keys":[],"price_dependency":false,"cl_dependency":false,"value":""}],[{"active":true,"col":6,"relations":false,"cl_rule":"show","enableCl":false,"price":"","enablePrice":false,"className":"","label_position":"default","desc_position":"default","type":"content","required":false,"elementId":"content_365e506ca90d7f","label":"People","name":"content_365e506ca90d7f","contentType":"plain","value":"","error":false,"show_in_checkout":true,"inline":false,"gt_translate_keys":["label","value"],"price_dependency":false,"cl_dependency":false}],[{"active":true,"col":6,"relations":[{"operator":false,"rules":[{"operator":"AND","rules":{"cl_field":"","cl_relation":"","cl_val":""}}]}],"cl_rule":"show","enableCl":true,"price":"94","enablePrice":true,"className":"","label_position":"default","desc_position":"default","type":"radio-group","required":false,"elementId":"radio-group_265e506ca90d8a","label":"","name":"radio-group_265e506ca90d8a","values":[{"label":"\ud83d\udc64 Adult (94\u20ac)","value":"Adult","selected":true,"tempId":"aco_32","tooltip":"+16 Years","description":"","gt_translate_keys":["label","tooltip","description"]}],"layOut":"","error":false,"checkUi":"button","priceOptions":"fixed_for_all","pricingType":"fixed","enable_quantity":true,"quantity_label":"","min_quantity":"0","options_tooltip":true,"options_description":true,"gt_translate_keys":["label","quantity_label"],"price_dependency":false,"cl_dependency":false,"value":""}]]},"sec_365e506ca90da0":{"extra":{"key":"sec_365e506ca90da0","section_id":"sec_365e506ca90da0","name":"Platinum","status":1,"cl_rule":"show","enableCl":true,"relations":[{"operator":false,"rules":[{"operator":"AND","rules":{"cl_field":"radio-group_765e506ca90d4e","cl_relation":"is","cl_val":"Platinum Entrance"}}]}],"toggle":true,"title_tag":"h4","show_title":false,"showPrice":"default","form_id":10217,"form_rules":{"exclude_from_discount":true,"fee_label":"Fee","disp_hide_options_price":true,"disp_show_section_price":false,"disp_show_field_price":true,"layout_option":"standard","pric_use_as_fee":false,"process_fee_as":"woo_fee"},"layout_option":"standard"},"fields":[[{"elementId":"separator_565e506ca90daa","separatorType":"blank","className":"","height":"8","enableCl":false,"relations":false,"cl_rule":"show","col":6,"type":"separator","error":false,"gt_translate_keys":[],"price_dependency":false,"cl_dependency":false,"value":""}],[{"contentType":"plain","active":true,"label":"People","elementId":"content_365e506ca90dc6","value":"","inline":false,"show_in_checkout":true,"name":"content_365e506ca90dc6","enablePrice":false,"className":"","enableCl":false,"relations":false,"price":"","cl_rule":"show","col":6,"type":"content","gt_translate_keys":["label","value"],"price_dependency":false,"cl_dependency":false}],[{"label":"","active":true,"required":false,"elementId":"radio-group_365e506ca90dd1","name":"radio-group_365e506ca90dd1","label_position":"default","desc_position":"default","enablePrice":true,"className":"","enableCl":false,"relations":[{"operator":false,"rules":[{"operator":"AND","rules":{"cl_field":"","cl_relation":"","cl_val":""}}]}],"enable_quantity":true,"quantity_label":"","min_quantity":"0","checkUi":"button","layOut":"","options_tooltip":true,"values":[{"label":"\ud83d\udc64 Adult (114\u20ac)","value":"Adult","selected":true,"tempId":"aco_32","tooltip":"+16 Years","gt_translate_keys":["label","tooltip"]}],"priceOptions":"fixed_for_all","pricingType":"fixed","price":"114","cl_rule":"show","col":6,"type":"radio-group","error":false,"isWeightTemplate":false,"isTemplate":false,"quantity_decimal":false,"quantity_step":"1","repeater_field_label":"{field_label}","repeater_bind":"","gt_translate_keys":["label","repeater_field_label","quantity_label"],"price_dependency":false,"cl_dependency":false,"value":""}]]}},"config":{"price_override":"always","enable_recaptcha":false,"bind_quantity":false,"quantity_bind_formula":false,"disp_summ_show_option_price":true,"disp_summ_show_product_price":false,"disp_summ_show_total_price":true,"disp_summ_show_fee":true,"disp_summ_show_discount":true,"summary_title":"","options_total_label":"Options Price","total_label":"Total Amount","options_product_label":"Product Price","fee_label":"Fee","discount_label":"Discount","has_price":true,"has_quantity_formula":false},"mc_unit":1,"tax_rate":1,"tax_rate_real":1,"discount":{"percentage":0,"fixed":0},"design":{"conf":{"LabelPosition":"above","DescPosition":"above","UploadField":"custom_1","QuantityFieldStyle":"custom_1"},"css":{"LeftLabelWidth":"120px"}},"formulas":[],"lookuptables":[],"clones":false,"cartKey":false}},"_links":{"self":[{"href":"https:\/\/canaryvip.com\/pt\/wp-json\/wp\/v2\/product\/9654","targetHints":{"allow":["GET"]}}],"collection":[{"href":"https:\/\/canaryvip.com\/pt\/wp-json\/wp\/v2\/product"}],"about":[{"href":"https:\/\/canaryvip.com\/pt\/wp-json\/wp\/v2\/types\/product"}],"replies":[{"embeddable":true,"href":"https:\/\/canaryvip.com\/pt\/wp-json\/wp\/v2\/comments?post=9654"}],"wp:featuredmedia":[{"embeddable":true,"href":"https:\/\/canaryvip.com\/pt\/wp-json\/wp\/v2\/media\/9659"}],"wp:attachment":[{"href":"https:\/\/canaryvip.com\/pt\/wp-json\/wp\/v2\/media?parent=9654"}],"wp:term":[{"taxonomy":"product_brand","embeddable":true,"href":"https:\/\/canaryvip.com\/pt\/wp-json\/wp\/v2\/product_brand?post=9654"},{"taxonomy":"product_cat","embeddable":true,"href":"https:\/\/canaryvip.com\/pt\/wp-json\/wp\/v2\/product_cat?post=9654"},{"taxonomy":"product_tag","embeddable":true,"href":"https:\/\/canaryvip.com\/pt\/wp-json\/wp\/v2\/product_tag?post=9654"}],"curies":[{"name":"wp","href":"https:\/\/api.w.org\/{rel}","templated":true}]}}