{"id":9623,"date":"2024-02-11T01:34:38","date_gmt":"2024-02-11T01:34:38","guid":{"rendered":"https:\/\/canaryvip.com\/?post_type=product&#038;p=9623"},"modified":"2025-08-09T12:57:36","modified_gmt":"2025-08-09T11:57:36","slug":"tenerife-island-guided-bus-tour","status":"publish","type":"product","link":"https:\/\/canaryvip.com\/pt\/shop\/tenerife-island-guided-bus-tour\/","title":{"rendered":"Excurs\u00e3o \u00e0 ilha de Tenerife: Viagem guiada de autocarro"},"content":{"rendered":"<h2>\ud83d\ude8c <strong>Visita guiada de autocarro \u00e0 ilha de Tenerife<\/strong><\/h2>\n<p>Descubra o cora\u00e7\u00e3o de Tenerife com <strong>CanaryVIP<\/strong> numa imersiva excurs\u00e3o de autocarro guiada de dia inteiro que abrange toda a ilha. Desde a imponente <a href=\"https:\/\/www.google.com\/maps\/place\/Acantilados+de+Los+Gigantes,+Santa+Cruz+de+Tenerife\/@28.244027,-16.8456497,15z\/data=!3m1!4b1!4m6!3m5!1s0xc6a8c153fdc6811:0xa0340f674cf6610!8m2!3d28.2408828!4d-16.8377834!16s%2Fm%2F026dqlb?entry=ttu\" target=\"_blank\" rel=\"noopener\">Fal\u00e9sias de Los Gigantes<\/a> para as ruas hist\u00f3ricas de <a href=\"https:\/\/www.google.com\/maps\/place\/La+Orotava,+Santa+Cruz+de+Tenerife\/@28.3929248,-16.5287568,15z\/data=!3m1!4b1!4m6!3m5!1s0xc402aae32ddf575:0x27206a076b427988!8m2!3d28.3892926!4d-16.525264!16zL20vMDdrcmx5?entry=ttu\" target=\"_blank\" rel=\"noopener\">La Orotava<\/a>A viagem promete uma rica tape\u00e7aria das diversas paisagens e tesouros culturais de Tenerife.<\/p>\n<h3><strong>Destaques da excurs\u00e3o: Uma explora\u00e7\u00e3o de toda a ilha<\/strong><\/h3>\n<ul>\n<li>\ud83c\udf04 <strong>Fal\u00e9sias de Los Gigantes<\/strong>: Comece a sua aventura com uma visita \u00e0s fal\u00e9sias de Los Gigantes, onde a grandeza da natureza est\u00e1 em plena exibi\u00e7\u00e3o.<\/li>\n<li>\ud83d\udc40 <strong>Mirador de Garachico<\/strong>: Continue at\u00e9 ao Mirador de Garachico, que oferece vistas deslumbrantes que encapsulam a beleza da costa norte de Tenerife.<\/li>\n<li>\ud83c\udf33 <strong>Icod de los Vinos<\/strong>: Explore Icod de los Vinos e maravilhe-se com o Dragoeiro Milenar, um monumento natural repleto de hist\u00f3ria.<\/li>\n<li>\ud83c\udfd8\ufe0f <strong>La Orotava<\/strong>: Mergulhe nos encantos de La Orotava, visitando a famosa Casa de los Balcones, um s\u00edmbolo da arquitetura e da tradi\u00e7\u00e3o das Can\u00e1rias.<\/li>\n<li>\ud83d\udecd\ufe0f <strong>Puerto de la Cruz<\/strong>: Tempo livre em Puerto de la Cruz para compras, visitas tur\u00edsticas e almo\u00e7o (comida n\u00e3o inclu\u00edda na excurs\u00e3o).<\/li>\n<li>\ud83d\ude4f <strong>Candel\u00e1ria<\/strong>: Uma \u00faltima paragem na Candel\u00e1ria para homenagear o Santo Padroeiro das Can\u00e1rias, terminando um dia de explora\u00e7\u00e3o e descoberta.<\/li>\n<\/ul>\n<h3><strong>A sua viagem com o CanaryVIP inclui:<\/strong><\/h3>\n<ul>\n<li>\ud83d\ude8c A <strong>viagem de autocarro confort\u00e1vel e panor\u00e2mica<\/strong> em Tenerife, assegurando uma viagem t\u00e3o agrad\u00e1vel como os pr\u00f3prios destinos.<\/li>\n<li>\ud83c\udfe8 <strong>Servi\u00e7o c\u00f3modo de recolha e entrega<\/strong> no seu hotel, para uma experi\u00eancia de viagem sem stress do in\u00edcio ao fim.<\/li>\n<li>\ud83d\udde3\ufe0f <strong>Orienta\u00e7\u00e3o cativante de guias tur\u00edsticos multilingues<\/strong>enriquecendo a sua experi\u00eancia com informa\u00e7\u00f5es fascinantes sobre cada local.<\/li>\n<li>\ud83d\udd52 An <strong>excurs\u00e3o de aproximadamente 8 horas<\/strong>concebido para maximizar a sua explora\u00e7\u00e3o das paisagens deslumbrantes e do patrim\u00f3nio cultural de Tenerife.<\/li>\n<li>\ud83d\udcf8 Incont\u00e1veis <strong>oportunidades de fotografia<\/strong> em terrenos variados, assegurando mem\u00f3rias que durar\u00e3o uma vida inteira.<\/li>\n<li>\ud83d\udcb0 A promessa CanaryVIP do <strong>melhor pre\u00e7o<\/strong>complementado por uma pol\u00edtica de cancelamento flex\u00edvel para sua conveni\u00eancia.<\/li>\n<\/ul>\n<h3><strong>Detalhes essenciais da visita:<\/strong><\/h3>\n<ul>\n<li>\ud83c\udf9f\ufe0f Guarde o seu bilhete CanaryVIP em formato digital ou impresso para uma experi\u00eancia de visita sem problemas.<\/li>\n<li>Vista-se confortavelmente e considere o uso de camadas, uma vez que ir\u00e1 encontrar uma variedade de climas em toda a ilha.<\/li>\n<li>\ud83c\udf7d\ufe0f Fa\u00e7a uma pausa para o almo\u00e7o em Puerto de la Cruz, com uma variedade de op\u00e7\u00f5es de restaurantes para escolher. (O almo\u00e7o n\u00e3o est\u00e1 inclu\u00eddo no pre\u00e7o)<\/li>\n<li>Os hor\u00e1rios e locais de recolha ser\u00e3o confirmados ap\u00f3s a reserva. Certifique-se de que os detalhes da sua acomoda\u00e7\u00e3o s\u00e3o precisos para facilitar a organiza\u00e7\u00e3o da viagem.<\/li>\n<\/ul>\n<h3><strong>Pol\u00edtica de cancelamento:<\/strong><\/h3>\n<ul>\n<li>\ud83d\udd04 <strong>Cancelamento adapt\u00e1vel para pessoas singulares:<\/strong> A nossa pol\u00edtica adapta-se \u00e0 imprevisibilidade da vida, permitindo cancelamentos at\u00e9 24 horas antes da sua excurs\u00e3o programada para um reembolso total. Esta flexibilidade garante-lhe a possibilidade de modificar o seu itiner\u00e1rio conforme necess\u00e1rio, sem qualquer inc\u00f3modo.<\/li>\n<li>\ud83d\udd52 <strong>Op\u00e7\u00f5es de cancelamento de grupos:<\/strong> Para quem viaja em grupo, oferecemos condi\u00e7\u00f5es de cancelamento adaptadas. Os pequenos grupos de 5-7 pessoas podem cancelar sem quaisquer custos at\u00e9 48 horas antes da excurs\u00e3o. Os grupos m\u00e9dios de 8-14 t\u00eam uma janela de cancelamento at\u00e9 4 dias antes da excurs\u00e3o para um reembolso total, enquanto os grupos maiores de 15 ou mais s\u00e3o convidados a cancelar com pelo menos 6 dias de anteced\u00eancia para evitar quaisquer taxas de cancelamento. Estas directrizes foram definidas para facilitar o planeamento de grupos de todas as dimens\u00f5es.<\/li>\n<li>\ud83d\udca1 <strong>Procedimento de cancelamento sem esfor\u00e7o:<\/strong> O cancelamento da sua viagem, quer seja a solo ou em grupo, \u00e9 simples. Basta contactar-nos atrav\u00e9s do nosso s\u00edtio Web, por correio eletr\u00f3nico ou por telefone. Asseguramos um processo de reembolso r\u00e1pido, tornando a experi\u00eancia de cancelamento tranquila e sem preocupa\u00e7\u00f5es.<\/li>\n<li>\ud83d\udd0d <strong>Verifica\u00e7\u00e3o de reserva:<\/strong> \u00c9 aconselh\u00e1vel verificar os detalhes da sua reserva muito antes da data da digress\u00e3o. Deste modo, \u00e9 poss\u00edvel efetuar quaisquer ajustes ou cancelamentos necess\u00e1rios dentro dos per\u00edodos especificados, ajudando a evitar eventuais taxas.<\/li>\n<\/ul>\n<h4><strong>Assist\u00eancia e responsabilidade durante a viagem:<\/strong><\/h4>\n<ul>\n<li>\u2714\ufe0f CanaryVIP dedica-se a assegurar uma experi\u00eancia tur\u00edstica memor\u00e1vel e sem falhas, desde a reserva at\u00e9 \u00e0 explora\u00e7\u00e3o.<\/li>\n<li>\ud83d\udde3\ufe0f <strong>Comunica\u00e7\u00e3o direta:<\/strong> Os nossos guias est\u00e3o \u00e0 disposi\u00e7\u00e3o para responder a quaisquer perguntas ou necessidades durante a sua visita.<\/li>\n<li>\ud83d\udcb0 <strong>Pol\u00edtica de reembolso transparente:<\/strong> Estamos empenhados numa abordagem que coloca o cliente em primeiro lugar, resolvendo quaisquer problemas de forma r\u00e1pida e justa.<\/li>\n<\/ul>\n<h4><strong>\ud83d\ude8c\ud83c\udf04\ud83c\udfdb\ufe0f Reserve j\u00e1 a sua aventura em toda a ilha!<\/strong><\/h4>\n<p>Aproveite esta oportunidade \u00fanica de explorar a vasta beleza e a rica cultura de Tenerife com o CanaryVIP. Reserve o seu lugar na ilha de Tenerife <a href=\"https:\/\/canaryvip.com\/pt\/tenerife\/guided-tours\/bus-tours\/\">Visita guiada de autocarro<\/a> hoje, e embarque numa viagem inesquec\u00edvel pelos locais mais emblem\u00e1ticos e j\u00f3ias escondidas da ilha.<\/p>\n<p>A sua aventura est\u00e1 \u00e0 sua espera!<\/p>","protected":false},"excerpt":{"rendered":"<p><strong>Excurs\u00e3o \u00e0 ilha de Tenerife:<\/strong><br \/>\n\u2705 Pagamento seguro.<br \/>\n\u26f0\ufe0f Visita \u00e0 fal\u00e9sia de Los Gigantes.<br \/>\nExplorar a \u00c1rvore do Drag\u00e3o de Icod.<br \/>\n\ud83d\udca6 Descobrir Garachico.<br \/>\n\ud83d\udee4\ufe0f Visitar La Orotava.<br \/>\n\ud83d\udecd\ufe0f Desfrutar de Puerto de la Cruz.<br \/>\n\u26ea\ufe0f Visitar a Candel\u00e1ria.<br \/>\n\ud83d\udcc5 Ter\u00e7as-feiras e s\u00e1bados.<br \/>\n\u23f0 Dura\u00e7\u00e3o Cerca de 8h.<br \/>\n\ud83d\ude8c Recolha e entrega no hotel.<br \/>\n\ud83d\udd04 Cancelamento gratuito de 24 horas.<br \/>\n\ud83e\udd11 Melhor pre\u00e7o garantido.<br \/>\n\ud83c\udf81 Descontos para grupos dispon\u00edveis.<br \/>\nGuia na sua l\u00edngua.<br \/>\n\ud83c\udf1f Reserve agora e poupe!<\/p>","protected":false},"featured_media":9624,"comment_status":"open","ping_status":"closed","template":"","meta":{"_acf_changed":false},"product_brand":[],"product_cat":[68,52],"product_tag":[],"class_list":{"0":"post-9623","1":"product","2":"type-product","3":"status-publish","4":"has-post-thumbnail","6":"product_cat-guided-tours","7":"product_cat-bus-tours","8":"wcpa_has_options","10":"first","11":"instock","12":"virtual","13":"purchasable","14":"product-type-simple"},"acf":[],"wcpa_form_fields":{"wcpaData":{"product":{"product_price":48,"price_html":"From&nbsp;<span class=\"woocommerce-Price-amount amount\"><bdi>48,00&nbsp;<span class=\"woocommerce-Price-currencySymbol\">&euro;<\/span><\/bdi><\/span>","original_product_price":48,"price_including_tax":48,"price_excluding_tax":48,"product_id":{"parent":9623,"variation":false},"is_variable":false,"stock_status":"instock","stock_quantity":null,"parent_sku":"CV9623","product_attributes":[],"custom_fields":[],"is_taxable":false,"product_name":"Tenerife Island Tour: Guided Bus Trip","hasImage":false},"fields":{"sec_265e50550df885":{"extra":{"key":"sec_265e50550df885","section_id":"sec_265e50550df885","name":"South Tenerife","status":1,"cl_rule":"show","enableCl":false,"relations":[{"operator":false,"rules":[{"operator":"AND","rules":{"cl_field":"radio-group_665df45fcbc30b","cl_relation":"is","cl_val":"Siam Park Regular Tickets"}}]}],"toggle":true,"title_tag":"h4","show_title":false,"showPrice":"default","form_id":10216,"form_rules":{"exclude_from_discount":true,"fee_label":"Fee","disp_hide_options_price":true,"disp_show_section_price":false,"disp_show_field_price":true,"layout_option":"standard","pric_use_as_fee":false,"process_fee_as":"woo_fee"},"layout_option":"standard"},"fields":[[{"label":"\ud83d\udcc5 Date","active":true,"required":true,"elementId":"date_365e50550df8bb","picker_type":"custom","picker_mode":"single","placeholder":"","description":"","tooltip":"","name":"date_365e50550df8bb","label_position":"default","desc_position":"default","enablePrice":false,"className":"","enableCl":false,"relations":[{"operator":"and","rules":[{"operator":"AND","rules":{"cl_field":"radio-group_665df45fcbc30b","cl_relation":"is","cl_val":"3 Hour Trip"}}]}],"date_pic_inline":true,"date_pic_inline_hide":true,"min_date":{"type":"days","val":"1"},"max_date":{"type":"days","val":"365"},"date_pic_conf":{"disabledWeeks":[0,1,3,4,5,6]},"price":"","cl_rule":"show","col":6,"type":"date","error":false,"enableDesign":false,"LabelColor":"","gt_translate_keys":["label","placeholder","description","tooltip"],"price_dependency":false,"cl_dependency":false,"value":""}],[{"elementId":"separator_665e50550df8cb","separatorType":"blank","className":"","height":"10","enableCl":false,"relations":false,"cl_rule":"show","col":6,"type":"separator","gt_translate_keys":[],"price_dependency":false,"cl_dependency":false,"value":""}],[{"active":true,"col":6,"relations":false,"cl_rule":"show","enableCl":false,"price":"","enablePrice":false,"className":"","label_position":"default","desc_position":"default","type":"content","required":false,"elementId":"content_565e50550df8e4","label":"People","name":"content_565e50550df8e4","contentType":"plain","value":"","error":false,"show_in_checkout":true,"inline":false,"gt_translate_keys":["label","value"],"price_dependency":false,"cl_dependency":false}],[{"active":true,"col":6,"relations":[{"operator":false,"rules":[{"operator":"AND","rules":{"cl_field":"","cl_relation":"","cl_val":""}}]}],"cl_rule":"show","enableCl":false,"price":"50","enablePrice":true,"className":"","label_position":"default","desc_position":"default","type":"radio-group","required":false,"elementId":"radio-group_665e50550df8f0","label":"","name":"radio-group_665e50550df8f0","values":[{"label":"\ud83d\udc64 Adult (50\u20ac)","value":"Adult","selected":true,"tempId":"aco_32","tooltip":"+12 Years","description":"","gt_translate_keys":["label","tooltip","description"]}],"layOut":"","error":false,"checkUi":"button","priceOptions":"fixed_for_all","pricingType":"fixed","enable_quantity":true,"quantity_label":"","min_quantity":"0","options_tooltip":true,"options_description":true,"isWeightTemplate":false,"isTemplate":false,"quantity_decimal":false,"quantity_step":"1","repeater_field_label":"{field_label}","repeater_bind":"","gt_translate_keys":["label","repeater_field_label","quantity_label"],"price_dependency":false,"cl_dependency":false,"value":""}],[{"label":"","active":true,"required":false,"elementId":"radio-group_665e50550df8fb","name":"radio-group_665e50550df8fb","label_position":"default","desc_position":"default","enablePrice":true,"className":"","enableCl":false,"relations":false,"enable_quantity":true,"quantity_label":"","min_quantity":"0","checkUi":"button","layOut":"","values":[{"label":"\ud83d\udc66 Child (31\u20ac)","value":"Child","selected":true,"tempId":"aco_32","tooltip":"2-11 Years","description":"","gt_translate_keys":["label","tooltip","description"]}],"priceOptions":"fixed_for_all","pricingType":"fixed","price":"31","cl_rule":"show","col":6,"type":"radio-group","error":false,"options_tooltip":true,"options_description":true,"gt_translate_keys":["label","quantity_label"],"price_dependency":false,"cl_dependency":false,"value":""}],[{"active":true,"col":6,"relations":false,"cl_rule":"show","enableCl":false,"price":"","enablePrice":false,"className":"","label_position":"default","desc_position":"default","type":"select","required":false,"elementId":"select_265e50550df905","label":"\ud83c\udf0e Language","name":"select_265e50550df905","values":[{"label":"English","value":"English","selected":false,"tempId":"aco_310","gt_translate_keys":["label"]},{"label":"Spanish","value":"Spanish","selected":false,"tempId":"aco_311","gt_translate_keys":["label"]},{"label":"French","value":"French","selected":false,"tempId":"aco_312","gt_translate_keys":["label"]}],"dropdown_type":"basic","error":false,"gt_translate_keys":["label"],"price_dependency":false,"cl_dependency":false,"value":""}],[{"active":true,"col":6,"relations":false,"cl_rule":"show","enableCl":false,"price":"","enablePrice":false,"className":"","label_position":"default","desc_position":"default","type":"separator","required":false,"elementId":"separator_665e50550df90f","label":"Separator Field","height":"7","separatorType":"blank","error":false,"gt_translate_keys":["label"],"price_dependency":false,"cl_dependency":false,"value":""}],[{"active":true,"col":6,"relations":false,"cl_rule":"show","enableCl":false,"price":"","enablePrice":false,"className":"","label_position":"default","desc_position":"default","type":"text","subtype":"text","required":false,"elementId":"text_565e50550df918","label":"\ud83d\ude8c Pickup Location","name":"text_565e50550df918","value":"","description":"Pick-up service in South Tenerife. Simply provide your address or hotel name.","error":false,"gt_translate_keys":["label","description","value"],"price_dependency":false,"cl_dependency":false}]]}},"config":{"price_override":"always","enable_recaptcha":false,"bind_quantity":false,"quantity_bind_formula":false,"disp_summ_show_option_price":true,"disp_summ_show_product_price":false,"disp_summ_show_total_price":true,"disp_summ_show_fee":true,"disp_summ_show_discount":true,"summary_title":"","options_total_label":"Options Price","total_label":"Total Amount","options_product_label":"Product Price","fee_label":"Fee","discount_label":"Discount","has_price":true,"has_quantity_formula":false},"mc_unit":1,"tax_rate":1,"tax_rate_real":1,"discount":{"percentage":0,"fixed":0},"design":{"conf":{"LabelPosition":"above","DescPosition":"above","UploadField":"custom_1","QuantityFieldStyle":"custom_1"},"css":{"LeftLabelWidth":"120px"}},"formulas":[],"lookuptables":[],"clones":false,"cartKey":false}},"_links":{"self":[{"href":"https:\/\/canaryvip.com\/pt\/wp-json\/wp\/v2\/product\/9623","targetHints":{"allow":["GET"]}}],"collection":[{"href":"https:\/\/canaryvip.com\/pt\/wp-json\/wp\/v2\/product"}],"about":[{"href":"https:\/\/canaryvip.com\/pt\/wp-json\/wp\/v2\/types\/product"}],"replies":[{"embeddable":true,"href":"https:\/\/canaryvip.com\/pt\/wp-json\/wp\/v2\/comments?post=9623"}],"wp:featuredmedia":[{"embeddable":true,"href":"https:\/\/canaryvip.com\/pt\/wp-json\/wp\/v2\/media\/9624"}],"wp:attachment":[{"href":"https:\/\/canaryvip.com\/pt\/wp-json\/wp\/v2\/media?parent=9623"}],"wp:term":[{"taxonomy":"product_brand","embeddable":true,"href":"https:\/\/canaryvip.com\/pt\/wp-json\/wp\/v2\/product_brand?post=9623"},{"taxonomy":"product_cat","embeddable":true,"href":"https:\/\/canaryvip.com\/pt\/wp-json\/wp\/v2\/product_cat?post=9623"},{"taxonomy":"product_tag","embeddable":true,"href":"https:\/\/canaryvip.com\/pt\/wp-json\/wp\/v2\/product_tag?post=9623"}],"curies":[{"name":"wp","href":"https:\/\/api.w.org\/{rel}","templated":true}]}}