{"id":9493,"date":"2024-02-05T22:56:26","date_gmt":"2024-02-05T22:56:26","guid":{"rendered":"https:\/\/canaryvip.com\/?post_type=product&#038;p=9493"},"modified":"2025-08-09T12:59:18","modified_gmt":"2025-08-09T11:59:18","slug":"jungle-park-tickets","status":"publish","type":"product","link":"https:\/\/canaryvip.com\/pt\/shop\/jungle-park-tickets\/","title":{"rendered":"Comprar bilhetes para o Jungle Park"},"content":{"rendered":"<h2>\ud83e\udd85 <strong>Jungle Park Tenerife: Uma aventura de safari e um ref\u00fagio de vida selvagem<\/strong><\/h2>\n<p><strong>\u23f0 Explorar todos os dias:<\/strong> A aventura espera-o das 10h00 \u00e0s 17h30, oferecendo um dia inteiro de explora\u00e7\u00e3o e descoberta.<\/p>\n<p>\ud83d\udccd <strong>O seu Safari est\u00e1 \u00e0 espera:<\/strong> Descubra o lado selvagem de Tenerife no Chayofa's Jungle Park, uma experi\u00eancia imersiva que mistura um jardim zool\u00f3gico e um jardim bot\u00e2nico numa vasta paisagem de selva. Planeie a sua visita <a href=\"https:\/\/maps.app.goo.gl\/K7g47iUPFiKyfYdU9\" target=\"_blank\" rel=\"noopener\">encontrar o parque no Google Maps<\/a>.<\/p>\n<p>\ud83c\udf92 <strong>Fundamentos da aventura:<\/strong> Prepare-se para um dia na selva com protetor solar, sapatos confort\u00e1veis para caminhar e n\u00e3o se esque\u00e7a da sua m\u00e1quina fotogr\u00e1fica para as muitas oportunidades de tirar fotografias entre animais ex\u00f3ticos e paisagens exuberantes.<\/p>\n<p>\ud83d\udca7 <strong>Refrescar e reabastecer:<\/strong> No interior do parque, encontrar\u00e1 v\u00e1rias op\u00e7\u00f5es para se hidratar e tomar uma refei\u00e7\u00e3o, garantindo um dia confort\u00e1vel e agrad\u00e1vel para todos.<\/p>\n<p>\ud83c\udfab <strong>Acesso r\u00e1pido:<\/strong> Evite as esperas com os bilhetes CanaryVIP pr\u00e9-adquiridos, que permitem uma entrada mais r\u00e1pida para quem vem preparado, em compara\u00e7\u00e3o com os visitantes que compram os bilhetes \u00e0 chegada.<\/p>\n<p>\ud83d\ude8c <strong>Vaiv\u00e9m para a selva:<\/strong> Beneficie do servi\u00e7o de transporte gratuito que faz a ronda a partir do sul de Tenerife, garantindo uma rota direta e conveniente para o Jungle Park.<\/p>\n<p>\ud83c\udf1f <strong>CanaryVIP Exclusivos:<\/strong> Reservar com o CanaryVIP n\u00e3o s\u00f3 assegura a sua entrada, como tamb\u00e9m lhe d\u00e1 acesso a descontos especiais, entrada priorit\u00e1ria e muito mais, melhorando a sua visita ao Jungle Park.<\/p>\n<ul>\n<li><strong>Poupan\u00e7a imediata:<\/strong> Desbloqueie descontos exclusivos imediatamente ap\u00f3s a reserva connosco.<\/li>\n<li><strong>Mais por menos:<\/strong> Consulte as nossas ofertas de bilhetes combinados para obter poupan\u00e7as ainda maiores e o dobro da divers\u00e3o.<\/li>\n<li><strong>Planeamento sem preocupa\u00e7\u00f5es:<\/strong> Desfrute de paz de esp\u00edrito com a op\u00e7\u00e3o de cancelar at\u00e9 72 horas antes da sua visita agendada.<\/li>\n<\/ul>\n<p>\ud83d\udc3e <strong>Conhe\u00e7a as nossas estrelas animais:<\/strong> O Jungle Park \u00e9 o lar de uma grande variedade de vida selvagem, desde as brincadeiras dos orangotangos, gib\u00f5es e capuchinhos no nosso ref\u00fagio de primatas at\u00e9 aos majestosos leopardos e jaguares no nosso santu\u00e1rio de grandes felinos. N\u00e3o perca os pinguins, le\u00f5es marinhos, suricatas, guaxinins e a nossa impressionante cole\u00e7\u00e3o de r\u00e9pteis com cobras, tartarugas, crocodilos e jacar\u00e9s.<\/p>\n<p>\ud83e\udd9c <strong>Destaques do Showtime:<\/strong> O nosso espet\u00e1culo di\u00e1rio de le\u00f5es-marinhos, \u00e0s 13h30, \u00e9 muito divertido, enquanto o espet\u00e1culo de aves de rapina, \u00e0s 12h30, mostra a incr\u00edvel agilidade dos nossos amigos de penas, incluindo a magn\u00edfica \u00e1guia careca. Estes espect\u00e1culos n\u00e3o s\u00e3o apenas divertidos, mas tamb\u00e9m educativos, oferecendo uma vis\u00e3o da vida destas criaturas espantosas.<\/p>\n<p>\ud83d\udc68\u200d\ud83d\udc69\u200d\ud83d\udc67\u200d\ud83d\udc66 <strong>Uma aventura em fam\u00edlia:<\/strong> O Jungle Park oferece safaris emocionantes, passeios serenos pela natureza e encontros interactivos com animais, perfeitos para visitantes de todas as idades. Participe em excurs\u00f5es especiais dentro do parque, ou para uma pitada extra de emo\u00e7\u00e3o, experimente a nossa corrida de bobsled que atravessa a selva.<\/p>\n<h3>Servi\u00e7o de recolha gratuito<\/h3>\n<p><strong>Liga\u00e7\u00e3o do vaiv\u00e9m sem costuras:<\/strong> Utilize o nosso servi\u00e7o de transporte gratuito para uma viagem sem stress do Sul de Tenerife at\u00e9 ao Jungle Park. Garanta que a sua aventura come\u00e7a e termina sem problemas.<\/p>\n<p><strong>Hor\u00e1rio e regresso do transporte:<\/strong> Desfrute de recolhas convenientes na Costa Adeje, Playa de Las Am\u00e9ricas e Los Cristianos, facilitando a sua visita ao Jungle Park. O nosso servi\u00e7o de autocarro di\u00e1rio gratuito liga-o sem esfor\u00e7o:<\/p>\n<ul>\n<li><a href=\"https:\/\/canaryvip.com\/pt\/shop\/aqualand-tickets\/\">Aqualand<\/a> Costa Adeje: 9:30 | 10:45<\/li>\n<li>H. Labranda Suites Costa Adeje: 9:35 | 10:50<\/li>\n<li>Centro Comercial The Duke Shops: 9:35 | 10:55<\/li>\n<li>Hotel Sunwing Fa\u00f1ab\u00e9: 9:40 | 11:00<\/li>\n<li>Hotel Allsun Hibiscos: 9:45 | 11:05<\/li>\n<li>Calle Llanos De Troya: 9:50 | 11:35<\/li>\n<li>Bar Leonardo's: 9:55 | 11:40<\/li>\n<li>Hotel Best Tenerife: 10:00 | 11:45<\/li>\n<li>Centro Comercial Pasarela \"La Pepa\": 10:10 | 11:50<\/li>\n<li>Hotel Sol Arona Tenerife: 10:15 | 11:55<\/li>\n<\/ul>\n<p><strong>Tempos de regresso<\/strong>: 16:30 | 17:30.<\/p>\n<p>Aten\u00e7\u00e3o: os lugares no vaiv\u00e9m s\u00e3o limitados e est\u00e3o dispon\u00edveis por ordem de chegada, sem reserva pr\u00e9via.<\/p>\n<h3>\ud83d\udd25 <strong>Reserve agora para obter ofertas exclusivas do Jungle Park<\/strong><\/h3>\n<p>Mergulhe na beleza selvagem do Parque Selvagem de Tenerife com o CanaryVIP. Garanta as melhores ofertas, desfrute de um acesso sem complica\u00e7\u00f5es e crie mem\u00f3rias inesquec\u00edveis no cen\u00e1rio exuberante de Chayofa.<\/p>\n<p>Mergulhe num mundo onde a vida selvagem e a aventura convergem no Parque Selvagem de Tenerife, onde cada caminho leva \u00e0 descoberta e cada encontro \u00e9 uma hist\u00f3ria \u00e0 espera de ser contada. Reserve a sua viagem hoje e liberte o explorador que h\u00e1 em si!<\/p>","protected":false},"excerpt":{"rendered":"<p><strong>\ud83d\udd0d Jungle Park Highligts:<\/strong><br \/>\n\u2705 Pagamento seguro.<br \/>\n\ud83d\ude80 Entrada r\u00e1pida para titulares de passes.<br \/>\n\ud83e\udd85 Entrada para todos os espect\u00e1culos.<br \/>\nAberto das 10:00 \u00e0s 17:30.<br \/>\n\ud83e\udd11 Melhor pre\u00e7o garantido.<br \/>\n\ud83d\ude8d Autocarro de transporte gratuito.<br \/>\n\ud83d\udc6a Descontos para reservas de grupos.<br \/>\n\ud83d\udd01 At\u00e9 72h Cancelamento.<br \/>\n\ud83c\udf0d Suporte em v\u00e1rias l\u00ednguas.<br \/>\n\ud83c\udf1f Reserve agora e poupe!<br \/>\n\ud83d\udccd Encontrar <a href=\"https:\/\/maps.app.goo.gl\/K7g47iUPFiKyfYdU9\">Parque da Selva no mapa<\/a>.<\/p>","protected":false},"featured_media":9501,"comment_status":"open","ping_status":"closed","template":"","meta":{"_acf_changed":false},"product_brand":[],"product_cat":[54],"product_tag":[],"class_list":{"0":"post-9493","1":"product","2":"type-product","3":"status-publish","4":"has-post-thumbnail","6":"product_cat-theme-parks","7":"wcpa_has_options","9":"first","10":"instock","11":"virtual","12":"purchasable","13":"product-type-simple"},"acf":[],"wcpa_form_fields":{"wcpaData":{"product":{"product_price":35,"price_html":"From&nbsp;<span class=\"woocommerce-Price-amount amount\"><bdi>35,00&nbsp;<span class=\"woocommerce-Price-currencySymbol\">&euro;<\/span><\/bdi><\/span>","original_product_price":35,"price_including_tax":35,"price_excluding_tax":35,"product_id":{"parent":9493,"variation":false},"is_variable":false,"stock_status":"instock","stock_quantity":null,"parent_sku":"CV9493","product_attributes":[],"custom_fields":[],"is_taxable":false,"product_name":"Buy Jungle Park Tickets","hasImage":false},"fields":{"sec_065df48f68f816":{"extra":{"key":"sec_065df48f68f816","section_id":"sec_065df48f68f816","name":"Jungle Park Tickets","status":1,"cl_rule":"show","enableCl":false,"relations":[{"operator":false,"rules":[{"operator":"AND","rules":{"cl_field":"radio-group_665df45fcbc30b","cl_relation":"is","cl_val":"Siam Park Regular Tickets"}}]}],"toggle":true,"title_tag":"h4","show_title":false,"showPrice":"default","form_id":10144,"form_rules":{"exclude_from_discount":true,"fee_label":"Fee","disp_hide_options_price":true,"disp_show_section_price":false,"disp_show_field_price":true,"layout_option":"standard","pric_use_as_fee":false,"process_fee_as":"woo_fee"},"layout_option":"standard"},"fields":[[{"label":"\ud83d\udcc5 Date","active":true,"required":true,"elementId":"date_365df48f68f836","picker_type":"custom","picker_mode":"single","placeholder":"","description":"","tooltip":"","name":"date_365df48f68f836","label_position":"default","desc_position":"default","enablePrice":false,"className":"","enableCl":false,"relations":[{"operator":"and","rules":[{"operator":"AND","rules":{"cl_field":"radio-group_665df45fcbc30b","cl_relation":"is","cl_val":"3 Hour Trip"}}]}],"date_pic_inline":true,"date_pic_inline_hide":true,"min_date":{"type":"days","val":"0"},"max_date":{"type":"days","val":"365"},"date_pic_conf":{"disabledWeeks":[]},"price":"","cl_rule":"show","col":6,"type":"date","error":false,"enableDesign":false,"LabelColor":"","gt_translate_keys":["label","placeholder","description","tooltip"],"price_dependency":false,"cl_dependency":false,"value":""}],[{"elementId":"separator_765df48f68f845","separatorType":"blank","className":"","height":"10","enableCl":false,"relations":false,"cl_rule":"show","col":6,"type":"separator","gt_translate_keys":[],"price_dependency":false,"cl_dependency":false,"value":""}],[{"active":true,"col":6,"relations":false,"cl_rule":"show","enableCl":false,"price":"","enablePrice":false,"className":"","label_position":"default","desc_position":"default","type":"content","required":false,"elementId":"content_265df48f68f851","label":"People","name":"content_265df48f68f851","contentType":"plain","value":"","error":false,"show_in_checkout":true,"inline":false,"gt_translate_keys":["label","value"],"price_dependency":false,"cl_dependency":false}],[{"active":true,"col":6,"relations":[{"operator":false,"rules":[{"operator":"AND","rules":{"cl_field":"","cl_relation":"","cl_val":""}}]}],"cl_rule":"show","enableCl":true,"price":"35","enablePrice":true,"className":"","label_position":"default","desc_position":"default","type":"radio-group","required":false,"elementId":"radio-group_165df48f68f85d","label":"","name":"radio-group_165df48f68f85d","values":[{"label":"\ud83d\udc64 Adult (35\u20ac)","value":"Adult","selected":true,"tempId":"aco_32","tooltip":"+11 Years","description":"","gt_translate_keys":["label","tooltip","description"]}],"layOut":"","error":false,"checkUi":"button","priceOptions":"fixed_for_all","pricingType":"fixed","enable_quantity":true,"quantity_label":"","min_quantity":"0","options_tooltip":true,"options_description":true,"gt_translate_keys":["label","quantity_label"],"price_dependency":false,"cl_dependency":false,"value":""}],[{"label":"","active":true,"required":false,"elementId":"radio-group_265df48f68f868","name":"radio-group_265df48f68f868","label_position":"default","desc_position":"default","enablePrice":true,"className":"","enableCl":false,"relations":false,"enable_quantity":true,"quantity_label":"","min_quantity":"0","checkUi":"button","layOut":"","values":[{"label":"\ud83d\udc66 Child (29\u20ac)","value":"Child","selected":true,"tempId":"aco_32","tooltip":"5-10 Years","description":"","gt_translate_keys":["label","tooltip","description"]}],"priceOptions":"fixed_for_all","pricingType":"fixed","price":"29","cl_rule":"show","col":6,"type":"radio-group","error":false,"options_tooltip":true,"options_description":true,"gt_translate_keys":["label","quantity_label"],"price_dependency":false,"cl_dependency":false,"value":""}],[{"label":"","active":true,"required":false,"elementId":"radio-group_1065df48f68f873","name":"radio-group_1065df48f68f873","label_position":"default","desc_position":"default","enablePrice":true,"className":"","enableCl":false,"relations":false,"enable_quantity":true,"quantity_label":"","min_quantity":"0","checkUi":"button","layOut":"","values":[{"label":"\ud83d\udc76 Toddler (16\u20ac)","value":"Toddler","selected":true,"tempId":"aco_32","tooltip":"3-4 Years","gt_translate_keys":["label","tooltip"]}],"priceOptions":"fixed_for_all","pricingType":"fixed","price":"16","cl_rule":"show","col":6,"type":"radio-group","error":false,"options_tooltip":true,"gt_translate_keys":["label","quantity_label"],"price_dependency":false,"cl_dependency":false,"value":""}]]}},"config":{"price_override":"always","enable_recaptcha":false,"bind_quantity":false,"quantity_bind_formula":false,"disp_summ_show_option_price":true,"disp_summ_show_product_price":false,"disp_summ_show_total_price":true,"disp_summ_show_fee":true,"disp_summ_show_discount":true,"summary_title":"","options_total_label":"Options Price","total_label":"Total Amount","options_product_label":"Product Price","fee_label":"Fee","discount_label":"Discount","has_price":true,"has_quantity_formula":false},"mc_unit":1,"tax_rate":1,"tax_rate_real":1,"discount":{"percentage":0,"fixed":0},"design":{"conf":{"LabelPosition":"above","DescPosition":"above","UploadField":"custom_1","QuantityFieldStyle":"custom_1"},"css":{"LeftLabelWidth":"120px"}},"formulas":[],"lookuptables":[],"clones":false,"cartKey":false}},"_links":{"self":[{"href":"https:\/\/canaryvip.com\/pt\/wp-json\/wp\/v2\/product\/9493","targetHints":{"allow":["GET"]}}],"collection":[{"href":"https:\/\/canaryvip.com\/pt\/wp-json\/wp\/v2\/product"}],"about":[{"href":"https:\/\/canaryvip.com\/pt\/wp-json\/wp\/v2\/types\/product"}],"replies":[{"embeddable":true,"href":"https:\/\/canaryvip.com\/pt\/wp-json\/wp\/v2\/comments?post=9493"}],"wp:featuredmedia":[{"embeddable":true,"href":"https:\/\/canaryvip.com\/pt\/wp-json\/wp\/v2\/media\/9501"}],"wp:attachment":[{"href":"https:\/\/canaryvip.com\/pt\/wp-json\/wp\/v2\/media?parent=9493"}],"wp:term":[{"taxonomy":"product_brand","embeddable":true,"href":"https:\/\/canaryvip.com\/pt\/wp-json\/wp\/v2\/product_brand?post=9493"},{"taxonomy":"product_cat","embeddable":true,"href":"https:\/\/canaryvip.com\/pt\/wp-json\/wp\/v2\/product_cat?post=9493"},{"taxonomy":"product_tag","embeddable":true,"href":"https:\/\/canaryvip.com\/pt\/wp-json\/wp\/v2\/product_tag?post=9493"}],"curies":[{"name":"wp","href":"https:\/\/api.w.org\/{rel}","templated":true}]}}