{"id":9488,"date":"2024-02-05T21:54:37","date_gmt":"2024-02-05T21:54:37","guid":{"rendered":"https:\/\/canaryvip.com\/?post_type=product&#038;p=9488"},"modified":"2025-08-09T13:00:03","modified_gmt":"2025-08-09T12:00:03","slug":"aqualand-tickets","status":"publish","type":"product","link":"https:\/\/canaryvip.com\/pt\/shop\/aqualand-tickets\/","title":{"rendered":"Comprar bilhetes para Aqualand"},"content":{"rendered":"<h2>\ud83c\udf0a <strong>Aqualand Costa Adeje: Mergulhe na divers\u00e3o e na aventura!<\/strong><\/h2>\n<ul>\n<li><strong>Aberto diariamente:<\/strong> Entre as 10h00 e as 17h00, os salpicos e as brincadeiras garantem um dia cheio de divers\u00e3o e emo\u00e7\u00e3o.<\/li>\n<li><strong>Convenientemente localizado:<\/strong> Situado na vibrante zona da Costa Adeje, o Aqualand promete um dia de f\u00e1cil acesso para todos.<\/li>\n<li><strong>Flexibilidade dos bilhetes:<\/strong> A sua aventura espera-o com bilhetes v\u00e1lidos durante 90 dias a partir da data de compra, dando-lhe a liberdade de escolher o dia perfeito para a sua visita.<\/li>\n<\/ul>\n<p>\ud83d\udccd <strong>Local privilegiado:<\/strong> O Aqualand est\u00e1 situado na movimentada \u00e1rea de resorts da Costa Adeje, um destino chave para os entusiastas de parques aqu\u00e1ticos.<br \/>\nPara obter direc\u00e7\u00f5es, sem esfor\u00e7o <a href=\"https:\/\/maps.app.goo.gl\/A5TcFcUtHUGD1ykJ7\" target=\"_blank\" rel=\"noopener\">encontrar o Aqualand no Google Maps<\/a> e planear o seu dia de mergulho com anteced\u00eancia.<\/p>\n<p>\ud83c\udf92 <strong>Preparar para a aventura:<\/strong> N\u00e3o se esque\u00e7a do seu protetor solar, fato de banho e toalha para um dia de divers\u00e3o ao sol. Aluguer de cacifos dispon\u00edveis para manter os seus pertences seguros.<\/p>\n<p>\ud83d\udca7 <strong>Esta\u00e7\u00e3o de hidrata\u00e7\u00e3o:<\/strong> Traga \u00e1gua para se manter hidratado sob o sol, com op\u00e7\u00f5es de comida e bebida dispon\u00edveis dentro do parque para sua conveni\u00eancia.<\/p>\n<p>\ud83c\udfab <strong>Entrada sem costuras:<\/strong> Com os bilhetes CanaryVIP, evite as filas para comprar bilhetes no local e desfrute de um acesso mais r\u00e1pido. Os bilhetes pr\u00e9-comprados permitem-lhe come\u00e7ar a sua aventura no Aqualand com toda a facilidade.<\/p>\n<p>\ud83d\ude8c <strong>Transporte gratuito para o Aqualand:<\/strong> Tire partido do servi\u00e7o de transporte gratuito exclusivo do Aqualand para um transporte f\u00e1cil a partir de v\u00e1rios pontos no sul de Tenerife.<\/p>\n<p>\ud83c\udf1f <strong>Vantagens exclusivas do CanaryVIP:<\/strong> Desfrute de descontos especiais e vantagens quando reservar os seus bilhetes para o Aqualand connosco! Adultos e crian\u00e7as podem esperar um dia de divers\u00e3o sem igual a pre\u00e7os competitivos.<\/p>\n<ul>\n<li><strong>Descontos imediatos:<\/strong> Garanta os seus bilhetes atrav\u00e9s do CanaryVIP e beneficie de poupan\u00e7as imediatas.<\/li>\n<li><strong>Acesso priorit\u00e1rio:<\/strong> Evite as filas e mergulhe diretamente na a\u00e7\u00e3o.<\/li>\n<li><strong>Ofertas de valor:<\/strong> Esteja atento \u00e0s nossas ofertas combinadas com <a href=\"https:\/\/canaryvip.com\/pt\/shop\/aqualand-jungle-park-2park\/\">Aqualand e Jungle Park<\/a>, maximizando a sua divers\u00e3o e poupando-lhe dinheiro.<\/li>\n<li><strong>Cancelamento flex\u00edvel:<\/strong> Planos alterados? Cancele at\u00e9 72 horas antes da sua visita para obter um reembolso total.<\/li>\n<\/ul>\n<p>\ud83d\udc2c <strong>Espet\u00e1culo de golfinhos imperd\u00edvel:<\/strong> N\u00e3o perca as espectaculares actua\u00e7\u00f5es dos golfinhos \u00e0s 15:30 diariamente, inclu\u00eddas gratuitamente na sua entrada no parque.<\/p>\n<p>\ud83d\udc6a <strong>Divers\u00e3o para toda a fam\u00edlia:<\/strong> O Aqualand oferece uma mistura perfeita de escorregas emocionantes para os amantes da adrenalina e \u00e1reas de lazer suaves para os mais pequenos, garantindo um dia memor\u00e1vel para toda a fam\u00edlia.<\/p>\n<h2>Servi\u00e7o de transporte exclusivo para o Aqualand<\/h2>\n<p><strong>Experi\u00eancia de transporte sem falhas:<\/strong> Eleve a sua visita ao Aqualand com o nosso servi\u00e7o de transporte gratuito, oferecendo uma viagem sem stress at\u00e9 ao parque. Delicie-se com a facilidade do nosso Servi\u00e7o de Autocarro Gratuito, que liga Los Cristianos, Playa De las Am\u00e9ricas e Costa Adeje, para um dia agrad\u00e1vel e sem esfor\u00e7o.<\/p>\n<p><span style=\"text-decoration: underline;\"><strong>Hor\u00e1rio do transporte gratuito:<\/strong><\/span><\/p>\n<ul>\n<li><strong>Rotas:<\/strong> Los Cristianos - Playa De las Am\u00e9ricas - Costa Adeje<\/li>\n<li><strong>Paragens e hor\u00e1rios dos autocarros:<\/strong>\n<ul>\n<li>Centro Comercial Pasarela: 9:30 | 10:30 | 11:30<\/li>\n<li>Hotel Sol Arona Tenerife: 9:35 | 10:35 | 11:35<\/li>\n<li>Hotel Best Tenerife: 9:40 | 10:40 | 11:40<\/li>\n<li>Bar Leonardo's: 9:45 | 10:45 | 11:45<\/li>\n<li>Rua Llanos de Troya: 9:50 | 10:50 | 11:50<\/li>\n<li>H. Labranda Suites Costa Adeje: 10:05 | 11:05 | 12:05<\/li>\n<li>Centro Comercial The Duke Shops: 10:05 | 11:05 | 12:05<\/li>\n<li>Hotel Sunwing Fa\u00f1ab\u00e9: 10:10 | 11:10 | 12:10<\/li>\n<\/ul>\n<\/li>\n<\/ul>\n<p><strong>Hor\u00e1rios de regresso:<\/strong> 16:30h e 17:15h.<\/p>\n<p>Tenha em aten\u00e7\u00e3o que os lugares em cada servi\u00e7o de transporte s\u00e3o limitados e s\u00e3o preenchidos por ordem de chegada sem reserva pr\u00e9via. Para garantir um in\u00edcio e um fim sem problemas da sua aventura no Aqualand, chegue cedo ao ponto de recolha designado.<\/p>\n<h3>\ud83d\udd25 <strong>N\u00e3o perca: Ofertas exclusivas em CanaryVIP.com<\/strong><\/h3>\n<p>Preparado para um dia de emo\u00e7\u00e3o no Aqualand Costa Adeje?<\/p>\n<p>Livro com <strong>CanaryVIP<\/strong> para obter os melhores pre\u00e7os e uma experi\u00eancia sem complica\u00e7\u00f5es, completa com ofertas especiais e uma pol\u00edtica de cancelamento amig\u00e1vel. Fa\u00e7a um mergulho e crie mem\u00f3rias inesquec\u00edveis!<\/p>","protected":false},"excerpt":{"rendered":"<p><strong>\ud83d\udd0d Passes de entrada para o Aqualand:<\/strong><br \/>\n\u2705 Pagamento seguro.<br \/>\n\ud83d\ude80 Entrada r\u00e1pida para titulares de passes.<br \/>\n\ud83c\udf0a Acesso a todos os passeios emocionantes.<br \/>\n\ud83d\udc2c Inclui o espet\u00e1culo dos golfinhos.<br \/>\n\ud83d\udd59 Aberto das 10:00 \u00e0s 17:00.<br \/>\n\ud83e\udd11 Melhor pre\u00e7o garantido.<br \/>\n\ud83d\ude8d Autocarro de transporte gratuito.<br \/>\n\ud83d\udc6a Descontos para reservas de grupos.<br \/>\n\ud83d\udd01 At\u00e9 72h Cancelamento.<br \/>\n\ud83c\udf0d Suporte em v\u00e1rias l\u00ednguas.<br \/>\n\ud83c\udf1f Reserve agora e poupe!<br \/>\n\ud83d\udccd Encontrar <a href=\"https:\/\/maps.app.goo.gl\/A5TcFcUtHUGD1ykJ7\">Aqualand no mapa<\/a>.<\/p>","protected":false},"featured_media":9492,"comment_status":"open","ping_status":"closed","template":"","meta":{"_acf_changed":false},"product_brand":[],"product_cat":[54],"product_tag":[],"class_list":{"0":"post-9488","1":"product","2":"type-product","3":"status-publish","4":"has-post-thumbnail","6":"product_cat-theme-parks","7":"wcpa_has_options","9":"first","10":"instock","11":"virtual","12":"purchasable","13":"product-type-simple"},"acf":[],"wcpa_form_fields":{"wcpaData":{"product":{"product_price":36,"price_html":"From&nbsp;<span class=\"woocommerce-Price-amount amount\"><bdi>36,00&nbsp;<span class=\"woocommerce-Price-currencySymbol\">&euro;<\/span><\/bdi><\/span>","original_product_price":36,"price_including_tax":36,"price_excluding_tax":36,"product_id":{"parent":9488,"variation":false},"is_variable":false,"stock_status":"instock","stock_quantity":null,"parent_sku":"CV9488","product_attributes":[],"custom_fields":[],"is_taxable":false,"product_name":"Buy Aqualand Tickets","hasImage":false},"fields":{"sec_665df45fcbc30e":{"extra":{"key":"sec_665df45fcbc30e","section_id":"sec_665df45fcbc30e","name":"Aqualand Tickets","status":1,"cl_rule":"show","enableCl":false,"relations":[{"operator":false,"rules":[{"operator":"AND","rules":{"cl_field":"radio-group_665df45fcbc30b","cl_relation":"is","cl_val":"Siam Park Regular Tickets"}}]}],"toggle":true,"title_tag":"h4","show_title":false,"showPrice":"default","form_id":10143,"form_rules":{"exclude_from_discount":true,"fee_label":"Fee","disp_hide_options_price":true,"disp_show_section_price":false,"disp_show_field_price":true,"layout_option":"standard","pric_use_as_fee":false,"process_fee_as":"woo_fee"},"layout_option":"standard"},"fields":[[{"label":"\ud83d\udcc5 Date","active":true,"required":true,"elementId":"date_365df45fcbc347","picker_type":"custom","picker_mode":"single","placeholder":"","description":"","tooltip":"","name":"date_365df45fcbc347","label_position":"default","desc_position":"default","enablePrice":false,"className":"","enableCl":false,"relations":[{"operator":"and","rules":[{"operator":"AND","rules":{"cl_field":"radio-group_665df45fcbc30b","cl_relation":"is","cl_val":"3 Hour Trip"}}]}],"date_pic_inline":true,"date_pic_inline_hide":true,"min_date":{"type":"days","val":"0"},"max_date":{"type":"days","val":"365"},"date_pic_conf":{"disabledWeeks":[]},"price":"","cl_rule":"show","col":6,"type":"date","error":false,"enableDesign":false,"LabelColor":"","gt_translate_keys":["label","placeholder","description","tooltip"],"price_dependency":false,"cl_dependency":false,"value":""}],[{"elementId":"separator_865df45fcbc360","separatorType":"blank","className":"","height":"10","enableCl":false,"relations":false,"cl_rule":"show","col":6,"type":"separator","gt_translate_keys":[],"price_dependency":false,"cl_dependency":false,"value":""}],[{"active":true,"col":6,"relations":false,"cl_rule":"show","enableCl":false,"price":"","enablePrice":false,"className":"","label_position":"default","desc_position":"default","type":"content","required":false,"elementId":"content_265df45fcbc377","label":"People","name":"content_265df45fcbc377","contentType":"plain","value":"","error":false,"show_in_checkout":true,"inline":false,"gt_translate_keys":["label","value"],"price_dependency":false,"cl_dependency":false}],[{"active":true,"col":6,"relations":[{"operator":false,"rules":[{"operator":"AND","rules":{"cl_field":"","cl_relation":"","cl_val":""}}]}],"cl_rule":"show","enableCl":true,"price":"36","enablePrice":true,"className":"","label_position":"default","desc_position":"default","type":"radio-group","required":false,"elementId":"radio-group_365df45fcbc390","label":"","name":"radio-group_365df45fcbc390","values":[{"label":"\ud83d\udc64 Adult (36\u20ac)","value":"Adult","selected":true,"tempId":"aco_32","tooltip":"+11 Years","description":"","gt_translate_keys":["label","tooltip","description"]}],"layOut":"","error":false,"checkUi":"button","priceOptions":"fixed_for_all","pricingType":"fixed","enable_quantity":true,"quantity_label":"","min_quantity":"0","options_tooltip":true,"options_description":true,"gt_translate_keys":["label","quantity_label"],"price_dependency":false,"cl_dependency":false,"value":""}],[{"label":"","active":true,"required":false,"elementId":"radio-group_565df45fcbc3a8","name":"radio-group_565df45fcbc3a8","label_position":"default","desc_position":"default","enablePrice":true,"className":"","enableCl":false,"relations":false,"enable_quantity":true,"quantity_label":"","min_quantity":"0","checkUi":"button","layOut":"","values":[{"label":"\ud83d\udc66 Child (29\u20ac)","value":"Child","selected":true,"tempId":"aco_32","tooltip":"5-10 Years","description":"","gt_translate_keys":["label","tooltip","description"]}],"priceOptions":"fixed_for_all","pricingType":"fixed","price":"29","cl_rule":"show","col":6,"type":"radio-group","error":false,"options_tooltip":true,"options_description":true,"gt_translate_keys":["label","quantity_label"],"price_dependency":false,"cl_dependency":false,"value":""}],[{"label":"","active":true,"required":false,"elementId":"radio-group_865df45fcbc3bf","name":"radio-group_865df45fcbc3bf","label_position":"default","desc_position":"default","enablePrice":true,"className":"","enableCl":false,"relations":false,"enable_quantity":true,"quantity_label":"","min_quantity":"0","checkUi":"button","layOut":"","values":[{"label":"\ud83d\udc76 Toddler (16\u20ac)","value":"Toddler","selected":true,"tempId":"aco_32","tooltip":"3-4 Years","gt_translate_keys":["label","tooltip"]}],"priceOptions":"fixed_for_all","pricingType":"fixed","price":"16","cl_rule":"show","col":6,"type":"radio-group","error":false,"options_tooltip":true,"gt_translate_keys":["label","quantity_label"],"price_dependency":false,"cl_dependency":false,"value":""}]]}},"config":{"price_override":"always","enable_recaptcha":false,"bind_quantity":false,"quantity_bind_formula":false,"disp_summ_show_option_price":true,"disp_summ_show_product_price":false,"disp_summ_show_total_price":true,"disp_summ_show_fee":true,"disp_summ_show_discount":true,"summary_title":"","options_total_label":"Options Price","total_label":"Total Amount","options_product_label":"Product Price","fee_label":"Fee","discount_label":"Discount","has_price":true,"has_quantity_formula":false},"mc_unit":1,"tax_rate":1,"tax_rate_real":1,"discount":{"percentage":0,"fixed":0},"design":{"conf":{"LabelPosition":"above","DescPosition":"above","UploadField":"custom_1","QuantityFieldStyle":"custom_1"},"css":{"LeftLabelWidth":"120px"}},"formulas":[],"lookuptables":[],"clones":false,"cartKey":false}},"_links":{"self":[{"href":"https:\/\/canaryvip.com\/pt\/wp-json\/wp\/v2\/product\/9488","targetHints":{"allow":["GET"]}}],"collection":[{"href":"https:\/\/canaryvip.com\/pt\/wp-json\/wp\/v2\/product"}],"about":[{"href":"https:\/\/canaryvip.com\/pt\/wp-json\/wp\/v2\/types\/product"}],"replies":[{"embeddable":true,"href":"https:\/\/canaryvip.com\/pt\/wp-json\/wp\/v2\/comments?post=9488"}],"wp:featuredmedia":[{"embeddable":true,"href":"https:\/\/canaryvip.com\/pt\/wp-json\/wp\/v2\/media\/9492"}],"wp:attachment":[{"href":"https:\/\/canaryvip.com\/pt\/wp-json\/wp\/v2\/media?parent=9488"}],"wp:term":[{"taxonomy":"product_brand","embeddable":true,"href":"https:\/\/canaryvip.com\/pt\/wp-json\/wp\/v2\/product_brand?post=9488"},{"taxonomy":"product_cat","embeddable":true,"href":"https:\/\/canaryvip.com\/pt\/wp-json\/wp\/v2\/product_cat?post=9488"},{"taxonomy":"product_tag","embeddable":true,"href":"https:\/\/canaryvip.com\/pt\/wp-json\/wp\/v2\/product_tag?post=9488"}],"curies":[{"name":"wp","href":"https:\/\/api.w.org\/{rel}","templated":true}]}}