{"id":9324,"date":"2024-01-31T15:11:45","date_gmt":"2024-01-31T15:11:45","guid":{"rendered":"https:\/\/canaryvip.com\/?post_type=product&#038;p=9324"},"modified":"2025-08-09T13:07:49","modified_gmt":"2025-08-09T12:07:49","slug":"tigresa-luxury-yacht-tenerife","status":"publish","type":"product","link":"https:\/\/canaryvip.com\/pt\/shop\/tigresa-luxury-yacht-tenerife\/","title":{"rendered":"Alugar o iate #1 mais luxuoso de Tenerife: Barco Tigresa"},"content":{"rendered":"<h2><strong>\ud83d\udee5\ufe0f Tigresa Iate de Tenerife: Luxo supremo<\/strong><\/h2>\n<p>Bem-vindo a bordo do Tigresa, o z\u00e9nite das experi\u00eancias de iate em Tenerife. Este <strong>Azimut 60 Flybridge,<\/strong>\u00a0uma maravilha de 19,5 metros, oferece mais do que apenas uma embarca\u00e7\u00e3o - \u00e9 o seu bilhete exclusivo para os segredos do mar.<\/p>\n<p>Equipado com potentes motores de 800 CV, promete uma velocidade emocionante e uma navega\u00e7\u00e3o suave enquanto embarca na sua viagem \u00fanica <strong>passeio de barco em Tenerife.<\/strong><\/p>\n<p>Descubra o que significa desfrutar de um <strong>passeio de barco privado<\/strong> com Tigresa nas \u00e1guas cristalinas de Tenerife.<\/p>\n<h3>\u2b50\ufe0f <strong>Opul\u00eancia a bordo sem paralelo<\/strong><\/h3>\n<p><span style=\"text-decoration: underline;\"><strong>Delicie-se com as luxuosas comodidades do Tigresa:<\/strong><\/span><\/p>\n<ul>\n<li>Dois luxuosos quartos duplos e um acolhedor quarto twin, perfeitos para uma experi\u00eancia \u00edntima de aluguer de iates em Tenerife.<\/li>\n<li>Duas casas de banho elegantes e um pr\u00e1tico WC, dando um toque de exclusividade \u00e0s suas aventuras.<\/li>\n<li>Uma sala de estar sumptuosa, concebida para o m\u00e1ximo relaxamento durante o cruzeiro.<\/li>\n<li>Uma cozinha totalmente equipada, preparada para melhorar as suas experi\u00eancias culin\u00e1rias enquanto aluga um barco em Tenerife.<\/li>\n<li>Televisores de plasma de 50 polegadas, combinando entretenimento com luxo no seu passeio de barco pessoal em Tenerife.<\/li>\n<li>Dois decks ensolarados, ideais para apanhar sol durante a sua viagem de iate.<\/li>\n<li>Uma plataforma de nata\u00e7\u00e3o hidr\u00e1ulica de vanguarda, que eleva as suas sess\u00f5es de nata\u00e7\u00e3o.<\/li>\n<\/ul>\n<h3>\ud83d\udea4 <strong>O ep\u00edtome do tratamento VIP com uma tripula\u00e7\u00e3o multilingue<\/strong><\/h3>\n<p>Experimente o servi\u00e7o personalizado da nossa experiente tripula\u00e7\u00e3o de duas pessoas, que est\u00e1 bem familiarizada com os esplendores das Ilhas Can\u00e1rias, garantindo uma viagem culturalmente rica durante o seu aluguer de iate de luxo em Tenerife.<\/p>\n<p>A experi\u00eancia da nossa tripula\u00e7\u00e3o n\u00e3o s\u00f3 aumenta o seu conforto como tamb\u00e9m enriquece a sua compreens\u00e3o da cultura e hist\u00f3ria locais, fazendo com que cada <strong>passeio de barco Tenerife<\/strong> uma explora\u00e7\u00e3o memor\u00e1vel.<\/p>\n<p>Enquanto desliza ao longo da deslumbrante linha costeira, a nossa tripula\u00e7\u00e3o assinala locais hist\u00f3ricos, explica a ecologia marinha local e ajuda-o a experimentar o melhor que um <strong>passeio de barco em Tenerife<\/strong> tem para oferecer.<\/p>\n<p>Esta aten\u00e7\u00e3o aos detalhes garante que o seu tempo a bordo transcenda o comum, transformando um simples aluguer de iate numa profunda viagem cultural pelas \u00e1guas serenas de Tenerife.<\/p>\n<h3>\ud83c\udf0a <strong>Navega\u00e7\u00e3o suave com tecnologia avan\u00e7ada<\/strong><\/h3>\n<p>Aprecie a tranquilidade do oceano a bordo do Tigresa, onde o nosso Estabilizador Girosc\u00f3pico Seakeeper garante que cada momento do seu passeio seja perfeito. <a href=\"https:\/\/canaryvip.com\/pt\/tenerife\/boat-excursions\/\"><strong>passeio de barco Tenerife<\/strong><\/a> \u00e9 ao mesmo tempo memor\u00e1vel e sereno.<\/p>\n<p>Sinta a paz enquanto esta tecnologia de ponta suaviza as ondas, permitindo-lhe descontrair totalmente e desfrutar das deslumbrantes vistas para o mar sem preocupa\u00e7\u00f5es.<\/p>\n<p>Quer esteja a apanhar sol no conv\u00e9s ou a jantar com vista, o Tigresa oferece uma experi\u00eancia calma e est\u00e1vel que torna o seu tempo no mar verdadeiramente inesquec\u00edvel.<\/p>\n<h3>\ud83d\udd52 <strong>Escolha a sua aventura exclusiva<\/strong><\/h3>\n<ul>\n<li><strong>Viagem de 3 horas:<\/strong>\u00a0Descubra a bela costa sudoeste de Tenerife, perfeita para uma experi\u00eancia de aluguer de barco r\u00e1pida e deslumbrante.<\/li>\n<li><strong>Viagem de 5 horas:<\/strong>\u00a0Explore o majestoso Los Gigantes e a encantadora ba\u00eda de Masca, ideal para uma experi\u00eancia completa num iate de luxo em Tenerife.<\/li>\n<li><strong>Experi\u00eancia definitiva de 8 horas:<\/strong>\u00a0Parta para a derradeira aventura, visitando locais exclusivos sob a majestosa <a href=\"https:\/\/canaryvip.com\/pt\/discover-the-teide-the-ultimate-guide-iconic-volcano\/\">Monte Teide<\/a>, apenas acess\u00edvel por um iate privado.<\/li>\n<\/ul>\n<h3>\ud83d\udc2c <strong>Observa\u00e7\u00e3o de baleias \u00e9tica e luxuosa<\/strong><\/h3>\n<p>Junte-se a n\u00f3s no Tigresa, equipado com todas as licen\u00e7as necess\u00e1rias, para um encontro respeitoso e luxuoso com os gigantes do oceano, melhorando a sua experi\u00eancia de aluguer de iates em Tenerife.<\/p>\n<h3>\u2705 <strong>Luxo, redefinido: O que est\u00e1 inclu\u00eddo<\/strong><\/h3>\n<ul>\n<li>Amenidades de topo, incluindo uma plataforma de nata\u00e7\u00e3o e confortos luxuosos, estabelecendo um novo padr\u00e3o para o seu aluguer de iate em Tenerife.<\/li>\n<li>Guloseimas gourmet com champanhe, vinhos finos e refei\u00e7\u00f5es requintadas, que s\u00e3o o ep\u00edtome das viagens de barco de luxo.<\/li>\n<li>Transporte VIP a partir do seu hotel no sul de Tenerife, acrescentando uma camada extra de luxo ao seu passeio de barco.<\/li>\n<\/ul>\n<h3>\ud83d\udd53 <strong>Ponto de encontro e acesso exclusivo<\/strong><\/h3>\n<ul>\n<li><strong>Localiza\u00e7\u00e3o:<\/strong>\u00a0Costa Adeje, Puerto Col\u00f3n. O in\u00edcio da sua experi\u00eancia inigual\u00e1vel num iate em Tenerife.<\/li>\n<li><strong>Estacionamento:<\/strong>\u00a0Muito espa\u00e7o dispon\u00edvel a pre\u00e7os competitivos, o que facilita o in\u00edcio da sua viagem de luxo.<\/li>\n<\/ul>\n<h3>\ud83d\udccd <strong>Partida de Puerto Col\u00f3n em Costa Adeje<\/strong><\/h3>\n<p>Comece a sua aventura de luxo em Puerto Col\u00f3n, o animado centro da cena mar\u00edtima da Costa Adeje. Conhecida pela sua eleg\u00e2ncia e sofistica\u00e7\u00e3o moderna, esta prestigiada marina \u00e9 o cen\u00e1rio perfeito para o seu passeio de barco privado.<\/p>\n<p>Sinta a energia vibrante da zona ao entrar a bordo. Aqui em <a href=\"https:\/\/maps.app.goo.gl\/ocJuu7A8R1JWjPbS9\" target=\"_blank\" rel=\"noopener\">Puerto Col\u00f3n<\/a>Cada partida \u00e9 uma promessa emocionante de experi\u00eancias inesquec\u00edveis e vistas de cortar a respira\u00e7\u00e3o ao longo das \u00e1guas serenas de Tenerife.<\/p>\n<h4>\ud83d\udcdc <strong>Pol\u00edtica clara e concisa<\/strong><\/h4>\n<ul>\n<li><strong>Garantia meteorol\u00f3gica:<\/strong>\u00a0Escolha uma data alternativa ou obtenha um reembolso total se o tempo n\u00e3o colaborar, garantindo que a sua experi\u00eancia no iate \u00e9 impec\u00e1vel.<\/li>\n<li><strong>Flexibilidade de cancelamento:<\/strong>\u00a0Cancelamento ou reagendamento gratuito at\u00e9 6 dias de anteced\u00eancia, adaptando-se \u00e0s suas necessidades de agendamento.<\/li>\n<\/ul>\n<p>Mergulhe no reino do luxo exclusivo com Tigresa.<br \/>\nReserve agora e desbloqueie uma experi\u00eancia onde a grandeza encontra o mar. \ud83c\udf0a\ud83c\udf1f\ud83d\udee5\ufe0f<\/p>","protected":false},"excerpt":{"rendered":"<p><strong>\ud83d\udd0d Tigresa Yacht Tours:<\/strong><br \/>\n\u2705 Pagamento seguro.<br \/>\n\ud83d\udee5\ufe0f Iate de luxo de 18 metros.<br \/>\n\ud83d\udc0b Avistamento de baleias e golfinhos.<br \/>\n\u23f3 Passeios di\u00e1rios de 3-8h.<br \/>\n\ud83d\udd59 Hor\u00e1rios de partida personaliz\u00e1veis.<br \/>\n\ud83c\udf7e Refrescos e champanhe.<br \/>\n\ud83c\udf74 Refei\u00e7\u00f5es e bebidas gourmet.<br \/>\n\ud83d\udc65 At\u00e9 12 pessoas.<br \/>\n\ud83e\udd3f O equipamento de snorkel \u00e9 fornecido.<br \/>\n\ud83d\ude97 Servi\u00e7o de transporte inclu\u00eddo.<br \/>\n\ud83e\udd11 Melhor pre\u00e7o garantido.<br \/>\n\ud83d\udc6a  Descontos activados.<br \/>\n\ud83d\udd01 Cancelamento at\u00e9 8 dias.<br \/>\n\ud83c\udf0d Tripula\u00e7\u00e3o multilingue.<br \/>\n\ud83c\udf1f Reserve agora e poupe!<br \/>\n\ud83d\udccd Partida de <a href=\"https:\/\/maps.app.goo.gl\/ocJuu7A8R1JWjPbS9\">Porto Colon<\/a>.<\/p>","protected":false},"featured_media":9328,"comment_status":"open","ping_status":"closed","template":"","meta":{"_acf_changed":false},"product_brand":[],"product_cat":[47],"product_tag":[],"class_list":{"0":"post-9324","1":"product","2":"type-product","3":"status-publish","4":"has-post-thumbnail","6":"product_cat-boat-hire-tenerife","7":"wcpa_has_options","9":"first","10":"instock","11":"virtual","12":"purchasable","13":"product-type-simple"},"acf":[],"wcpa_form_fields":{"wcpaData":{"product":{"product_price":2000,"price_html":"From&nbsp;<span class=\"woocommerce-Price-amount amount\"><bdi>2.000,00&nbsp;<span class=\"woocommerce-Price-currencySymbol\">&euro;<\/span><\/bdi><\/span>","original_product_price":2000,"price_including_tax":2000,"price_excluding_tax":2000,"product_id":{"parent":9324,"variation":false},"is_variable":false,"stock_status":"instock","stock_quantity":null,"parent_sku":"CV9324","product_attributes":[],"custom_fields":[],"is_taxable":false,"product_name":"Rent the #1 Luxurious Yacht in Tenerife: Tigresa Boat","hasImage":false},"fields":{"sec_365c78ffa811e8":{"extra":{"key":"sec_365c78ffa811e8","section_id":"sec_365c78ffa811e8","name":"Default","status":1,"cl_rule":"show","enableCl":false,"relations":[],"toggle":true,"title_tag":"h3","show_title":false,"showPrice":"default","form_id":9607,"form_rules":{"exclude_from_discount":true,"fee_label":"Fee","disp_hide_options_price":true,"disp_show_section_price":false,"disp_show_field_price":true,"layout_option":"standard","pric_use_as_fee":false,"process_fee_as":"woo_fee"},"layout_option":"standard"},"fields":[[{"label":"\ud83d\udcc5 Date","active":true,"required":true,"elementId":"date_465c78ffa81217","picker_type":"custom","picker_mode":"single","placeholder":"","description":"","tooltip":"","name":"date_465c78ffa81217","label_position":"default","desc_position":"default","enablePrice":false,"className":"","enableCl":false,"relations":[{"operator":"and","rules":[{"operator":"AND","rules":{"cl_field":"radio-group_565c78ffa81208","cl_relation":"is","cl_val":"3 Hour Trip"}}]}],"date_pic_inline":true,"date_pic_inline_hide":true,"min_date":{"type":"days","val":"2"},"max_date":{"type":"days","val":"365"},"date_pic_conf":{"disabledWeeks":[]},"price":"","cl_rule":"show","col":6,"type":"date","error":false,"enableDesign":false,"LabelColor":"","gt_translate_keys":["label","placeholder","description","tooltip"],"price_dependency":false,"cl_dependency":false,"value":""}],[{"contentType":"rich","active":true,"label":"","elementId":"content_765c78ffa81286","value":"<p>\ud83c\udf9f\ufe0f <strong>Reservation<\/strong>: Pay only a deposit now to reserve; the rest is due on the day of the activity upon arrival.<\/p>","inline":false,"name":"content_765c78ffa81286","enablePrice":false,"className":"","subtype":"p","enableCl":false,"relations":false,"price":"","cl_rule":"show","col":6,"type":"content","error":false,"pricingType":"custom","isTemplate":false,"is_show_price":true,"show_in_checkout":true,"gt_translate_keys":["label","value"],"price_dependency":false,"cl_dependency":false}],[{"elementId":"separator-2189502245","separatorType":"blank","className":"","height":"3","enableCl":false,"relations":false,"cl_rule":"show","col":6,"type":"separator","error":false,"gt_translate_keys":[],"price_dependency":false,"cl_dependency":false,"value":""}],[{"active":true,"col":6,"relations":false,"cl_rule":"show","enableCl":false,"price":"","enablePrice":true,"className":"","label_position":"default","desc_position":"default","type":"select","required":true,"elementId":"select_5841412719","label":"\u23f3 Trip Duration","name":"select_5841412719","values":[{"label":"3 Hours (2.000\u20ac)","value":"3","selected":false,"tempId":"aco_556","price":"300","gt_translate_keys":["label"]},{"label":"4 Hours (2.500\u20ac)","value":"4","selected":false,"tempId":"aco_557","price":"375","gt_translate_keys":["label"]},{"label":"5 Hours (3.000\u20ac)","value":"5","selected":false,"tempId":"aco_558","price":"450","gt_translate_keys":["label"]},{"label":"6 Hours (3.500\u20ac)","value":"6","selected":false,"tempId":"aco_640","price":"525","gt_translate_keys":["label"]},{"label":"7 Hours (4.000\u20ac)","value":"7","selected":false,"tempId":"aco_650","price":"600","gt_translate_keys":["label"]},{"label":"8 Hours (4.500\u20ac)","value":"8","selected":false,"tempId":"aco_660","price":"675","gt_translate_keys":["label"]}],"dropdown_type":"basic","error":false,"placeholder":"Select Trip Duration","priceOptions":"different_for_all","pricingType":"fixed","gt_translate_keys":["label","placeholder"],"price_dependency":false,"cl_dependency":false,"value":""}],[{"elementId":"separator_665c78ffa8127b","separatorType":"fill","className":"","height":"6","enableCl":false,"relations":false,"cl_rule":"show","col":6,"type":"separator","error":false,"separatorColor":"#66a6b6","gt_translate_keys":[],"price_dependency":false,"cl_dependency":false,"value":""}],[{"active":true,"col":6,"relations":false,"cl_rule":"show","enableCl":false,"price":"({field.select_5841412719.","enablePrice":true,"className":"","label_position":"default","desc_position":"default","type":"content","required":false,"elementId":"content_865c78ffa812c0","label":"Deposit Payment","name":"content_865c78ffa812c0","contentType":"plain","value":"","error":false,"pricingType":"custom","isTemplate":true,"is_show_price":true,"enableDesign":true,"scrollBar":false,"use_as_fee":false,"fee_label":"Payment Now","inline":true,"show_in_checkout":true,"subtype":"div","formulaId":"fmla_1708364241278155361","LabelSize":"14px","gt_translate_keys":["label","value"],"price_dependency":["content-0022143174"],"cl_dependency":false}],[{"contentType":"plain","active":true,"label":"Payment at Arrival","elementId":"content_465c78ffa812c9","value":"","inline":true,"show_in_checkout":true,"name":"content_465c78ffa812c9","enablePrice":true,"className":"","fee_label":"Payment at Arrival","subtype":"div","enableCl":false,"relations":false,"scrollBar":false,"enableDesign":true,"pricingType":"custom","isTemplate":true,"price":"({field.radio-group_965c78ffa8129a.quantity}*22) + ({field.radio-group_865c78ffa812a3.quantity}*11)","use_as_fee":false,"is_show_price":true,"cl_rule":"show","col":6,"type":"content","error":false,"formulaId":"fmla_1708360988969136756","LabelSize":"14px","gt_translate_keys":["label","value"],"price_dependency":["content-0022143174"],"cl_dependency":false}],[{"contentType":"plain","active":true,"label":"Total Price","elementId":"content-0022143174","value":"","inline":true,"show_in_checkout":true,"name":"content-0022143174","enablePrice":true,"className":"","fee_label":"Payment at Arrival","subtype":"div","enableCl":false,"relations":false,"scrollBar":false,"enableDesign":true,"LabelSize":"14px","pricingType":"custom","isTemplate":false,"price":"({field.content_865c78ffa812c0.price}) + ({field.content_465c78ffa812c9.price})","formulaId":"fmla_1708360988969136756","use_as_fee":false,"is_show_price":true,"cl_rule":"show","col":6,"type":"content","error":false,"gt_translate_keys":["label","value"],"price_dependency":false,"cl_dependency":false}]]},"sec_165c78ffa81315":{"extra":{"key":"sec_165c78ffa81315","section_id":"sec_165c78ffa81315","name":"Pickup Location","status":1,"cl_rule":"show","enableCl":false,"relations":[],"toggle":true,"title_tag":"h4","show_title":false,"showPrice":"default","form_id":9607,"form_rules":{"exclude_from_discount":true,"fee_label":"Fee","disp_hide_options_price":true,"disp_show_section_price":false,"disp_show_field_price":true,"layout_option":"standard","pric_use_as_fee":false,"process_fee_as":"woo_fee"},"layout_option":"standard"},"fields":[[{"elementId":"separator_965c78ffa8131e","separatorType":"blank","className":"","height":"3","enableCl":false,"relations":false,"cl_rule":"show","col":6,"type":"separator","error":false,"gt_translate_keys":[],"price_dependency":false,"cl_dependency":false,"value":""}],[{"active":true,"col":6,"relations":[{"operator":false,"rules":[{"operator":"AND","rules":{"cl_field":"radio-group_565c78ffa81208","cl_relation":"is","cl_val":"3 Hour Trip"}}]}],"cl_rule":"show","enableCl":false,"price":"","enablePrice":false,"className":"","label_position":"default","desc_position":"default","type":"select","required":false,"elementId":"select_165c78ffa81221","label":"\u23f0 Departure","name":"select_165c78ffa81221","values":[{"label":"09:00","value":"09:00","selected":false,"tempId":"aco_1471","gt_translate_keys":["label"]},{"label":"10:00","value":"10:00","selected":false,"tempId":"aco_1472","gt_translate_keys":["label"]},{"label":"11:00","value":"11:00","selected":false,"tempId":"aco_1500","gt_translate_keys":["label"]},{"label":"12:00","value":"12:00","selected":false,"tempId":"aco_1510","gt_translate_keys":["label"]},{"label":"13:00 (1:00 PM)","value":"13:00","selected":false,"tempId":"aco_1520","gt_translate_keys":["label"]},{"label":"14:00 (2:00 PM)","value":"14:00","selected":false,"tempId":"aco_1728","gt_translate_keys":["label"]},{"label":"15:00 (3:00 PM)","value":"15:00","selected":false,"tempId":"aco_1738","gt_translate_keys":["label"]},{"label":"16:00 (4:00 PM)","value":"16:00","selected":false,"tempId":"aco_1748","gt_translate_keys":["label"]},{"label":"17:00 (5:00 PM)","value":"17:00","selected":false,"tempId":"aco_1912","gt_translate_keys":["label"]},{"label":"18:00 (6:00 PM)","value":"18:00","selected":false,"tempId":"aco_1922","gt_translate_keys":["label"]}],"dropdown_type":"basic","error":false,"placeholder":"Whichever Time is Best","gt_translate_keys":["label","placeholder"],"price_dependency":false,"cl_dependency":false,"value":""}],[{"elementId":"separator-6457332782","separatorType":"blank","className":"","height":"3","enableCl":false,"relations":false,"cl_rule":"show","col":6,"type":"separator","error":false,"gt_translate_keys":[],"price_dependency":false,"cl_dependency":false,"value":""}],[{"active":true,"col":6,"relations":[{"operator":false,"rules":[{"operator":false,"rules":{"cl_field":"radio-group_565c78ffa81208","cl_relation":"is_not","cl_val":"4.5 Hour Trip from North Tenerife"}}]}],"cl_rule":"show","enableCl":false,"price":"","enablePrice":false,"className":"","label_position":"default","desc_position":"default","type":"text","subtype":"text","required":false,"elementId":"text_565c78ffa81326","label":"\ud83d\ude8c Pickup Location","name":"text_565c78ffa81326","value":"","error":false,"description":"Free pick-up service in Tenerife South. Simply provide your address or hotel name.","repeater":false,"repeater_field_label":"{field_label}","repeater_bind":"","gt_translate_keys":["label","description","value","repeater_field_label"],"price_dependency":false,"cl_dependency":false}]]}},"config":{"price_override":"always","enable_recaptcha":false,"bind_quantity":false,"quantity_bind_formula":false,"disp_summ_show_option_price":true,"disp_summ_show_product_price":false,"disp_summ_show_total_price":false,"disp_summ_show_fee":true,"disp_summ_show_discount":true,"summary_title":"","options_total_label":"Options Price","total_label":"Deposit Amount","options_product_label":"Product Price","fee_label":"Fee","discount_label":"Discount","has_price":true,"has_quantity_formula":false},"mc_unit":1,"tax_rate":1,"tax_rate_real":1,"discount":{"percentage":0,"fixed":0},"design":{"conf":{"LabelPosition":"above","DescPosition":"above","UploadField":"custom_1","QuantityFieldStyle":"custom_1"},"css":{"LeftLabelWidth":"120px"}},"formulas":{"fmla_1708360988969136756":"(({field.select_5841412719.value}>=8)?(3825):(({field.select_5841412719.value}>=7)?(3400):(({field.select_5841412719.value}>=6)?(2975):(({field.select_5841412719.value}>=5)?(2550):(({field.select_5841412719.value}>=4)?(2125):(({field.select_5841412719.value}>=3)?(1700):(0)))))))","fmla_1708364241278155361":"(({field.select_5841412719.value}>=8)?({field.select_5841412719.price}):(({field.select_5841412719.value}>=7)?({field.select_5841412719.price}):(({field.select_5841412719.value}>=6)?({field.select_5841412719.price}):(({field.select_5841412719.value}>=5)?({field.select_5841412719.price}):(({field.select_5841412719.value}>=4)?({field.select_5841412719.price}):(({field.select_5841412719.value}>=3)?({field.select_5841412719.price}):(0)))))))"},"lookuptables":[],"clones":false,"cartKey":false}},"_links":{"self":[{"href":"https:\/\/canaryvip.com\/pt\/wp-json\/wp\/v2\/product\/9324","targetHints":{"allow":["GET"]}}],"collection":[{"href":"https:\/\/canaryvip.com\/pt\/wp-json\/wp\/v2\/product"}],"about":[{"href":"https:\/\/canaryvip.com\/pt\/wp-json\/wp\/v2\/types\/product"}],"replies":[{"embeddable":true,"href":"https:\/\/canaryvip.com\/pt\/wp-json\/wp\/v2\/comments?post=9324"}],"wp:featuredmedia":[{"embeddable":true,"href":"https:\/\/canaryvip.com\/pt\/wp-json\/wp\/v2\/media\/9328"}],"wp:attachment":[{"href":"https:\/\/canaryvip.com\/pt\/wp-json\/wp\/v2\/media?parent=9324"}],"wp:term":[{"taxonomy":"product_brand","embeddable":true,"href":"https:\/\/canaryvip.com\/pt\/wp-json\/wp\/v2\/product_brand?post=9324"},{"taxonomy":"product_cat","embeddable":true,"href":"https:\/\/canaryvip.com\/pt\/wp-json\/wp\/v2\/product_cat?post=9324"},{"taxonomy":"product_tag","embeddable":true,"href":"https:\/\/canaryvip.com\/pt\/wp-json\/wp\/v2\/product_tag?post=9324"}],"curies":[{"name":"wp","href":"https:\/\/api.w.org\/{rel}","templated":true}]}}